{"id":76521,"date":"2026-04-26T09:18:53","date_gmt":"2026-04-26T09:18:53","guid":{"rendered":""},"modified":"2026-04-26T09:18:53","modified_gmt":"2026-04-26T09:18:53","slug":"be-drat-napinaci-2-6mm-x-26m-pzn-pvc-zeleny-kup-ted-76521","status":"publish","type":"product","link":"https:\/\/www.koupelnapro.com\/index.php\/produkt\/be-drat-napinaci-2-6mm-x-26m-pzn-pvc-zeleny-kup-ted-76521\/","title":{"rendered":"BE dr\u00e1t nap\u00ednac\u00ed 2,6mm x 26m PZn+PVC zelen\u00fd Kup Te\u010f"},"content":{"rendered":"<p>BE dr\u00e1t nap\u00ednac\u00ed 2,6mm x 26m PZn+PVC zelen\u00fd<\/p>\n","protected":false},"excerpt":{"rendered":"<p>BE dr\u00e1t nap\u00ednac\u00ed 2,6mm x 26m PZn+PVC zelen\u00fd<\/p>\n","protected":false},"featured_media":76621,"comment_status":"open","ping_status":"open","template":"","meta":[],"product_brand":[],"product_cat":[199],"product_tag":[],"class_list":{"0":"post-76521","1":"product","2":"type-product","3":"status-publish","4":"has-post-thumbnail","6":"product_cat-zahrady-pletiva","8":"first","9":"instock","10":"sale","11":"shipping-taxable","12":"purchasable","13":"product-type-simple"},"yoast_head":"<!-- This site is optimized with the Yoast SEO plugin v26.8 - https:\/\/yoast.com\/product\/yoast-seo-wordpress\/ -->\n<title>BE dr\u00e1t nap\u00ednac\u00ed 2,6mm x 26m PZn+PVC zelen\u00fd Kup Te\u010f -<\/title>\n<meta name=\"robots\" content=\"index, follow, max-snippet:-1, max-image-preview:large, max-video-preview:-1\" \/>\n<link rel=\"canonical\" href=\"https:\/\/www.koupelnapro.com\/index.php\/produkt\/be-drat-napinaci-2-6mm-x-26m-pzn-pvc-zeleny-kup-ted-76521\/\" \/>\n<meta property=\"og:locale\" content=\"cs_CZ\" \/>\n<meta property=\"og:type\" content=\"article\" \/>\n<meta property=\"og:title\" content=\"BE dr\u00e1t nap\u00ednac\u00ed 2,6mm x 26m PZn+PVC zelen\u00fd Kup Te\u010f -\" \/>\n<meta property=\"og:description\" content=\"BE dr\u00e1t nap\u00ednac\u00ed 2,6mm x 26m PZn+PVC zelen\u00fd\" \/>\n<meta property=\"og:url\" content=\"https:\/\/www.koupelnapro.com\/index.php\/produkt\/be-drat-napinaci-2-6mm-x-26m-pzn-pvc-zeleny-kup-ted-76521\/\" \/>\n<meta property=\"og:image\" content=\"https:\/\/www.koupelnapro.com\/wp-content\/uploads\/2026\/SK0004217-CZ20260425-092044-0-1777080044-ezgif-550dec9b22727f0a.webp\" \/>\n\t<meta property=\"og:image:width\" content=\"400\" \/>\n\t<meta property=\"og:image:height\" content=\"300\" \/>\n\t<meta property=\"og:image:type\" content=\"image\/webp\" \/>\n<meta name=\"twitter:card\" content=\"summary_large_image\" \/>\n<script type=\"application\/ld+json\" class=\"yoast-schema-graph\">{\"@context\":\"https:\/\/schema.org\",\"@graph\":[{\"@type\":\"WebPage\",\"@id\":\"https:\/\/www.koupelnapro.com\/index.php\/produkt\/be-drat-napinaci-2-6mm-x-26m-pzn-pvc-zeleny-kup-ted-76521\/\",\"url\":\"https:\/\/www.koupelnapro.com\/index.php\/produkt\/be-drat-napinaci-2-6mm-x-26m-pzn-pvc-zeleny-kup-ted-76521\/\",\"name\":\"BE dr\u00e1t nap\u00ednac\u00ed 2,6mm x 26m PZn+PVC zelen\u00fd Kup Te\u010f -\",\"isPartOf\":{\"@id\":\"https:\/\/www.koupelnapro.com\/#website\"},\"primaryImageOfPage\":{\"@id\":\"https:\/\/www.koupelnapro.com\/index.php\/produkt\/be-drat-napinaci-2-6mm-x-26m-pzn-pvc-zeleny-kup-ted-76521\/#primaryimage\"},\"image\":{\"@id\":\"https:\/\/www.koupelnapro.com\/index.php\/produkt\/be-drat-napinaci-2-6mm-x-26m-pzn-pvc-zeleny-kup-ted-76521\/#primaryimage\"},\"thumbnailUrl\":\"https:\/\/www.koupelnapro.com\/wp-content\/uploads\/2026\/SK0004217-CZ20260425-092044-0-1777080044-ezgif-550dec9b22727f0a.webp\",\"datePublished\":\"2026-04-26T09:18:53+00:00\",\"breadcrumb\":{\"@id\":\"https:\/\/www.koupelnapro.com\/index.php\/produkt\/be-drat-napinaci-2-6mm-x-26m-pzn-pvc-zeleny-kup-ted-76521\/#breadcrumb\"},\"inLanguage\":\"cs\",\"potentialAction\":[{\"@type\":\"ReadAction\",\"target\":[\"https:\/\/www.koupelnapro.com\/index.php\/produkt\/be-drat-napinaci-2-6mm-x-26m-pzn-pvc-zeleny-kup-ted-76521\/\"]}]},{\"@type\":\"ImageObject\",\"inLanguage\":\"cs\",\"@id\":\"https:\/\/www.koupelnapro.com\/index.php\/produkt\/be-drat-napinaci-2-6mm-x-26m-pzn-pvc-zeleny-kup-ted-76521\/#primaryimage\",\"url\":\"https:\/\/www.koupelnapro.com\/wp-content\/uploads\/2026\/SK0004217-CZ20260425-092044-0-1777080044-ezgif-550dec9b22727f0a.webp\",\"contentUrl\":\"https:\/\/www.koupelnapro.com\/wp-content\/uploads\/2026\/SK0004217-CZ20260425-092044-0-1777080044-ezgif-550dec9b22727f0a.webp\",\"width\":400,\"height\":300},{\"@type\":\"BreadcrumbList\",\"@id\":\"https:\/\/www.koupelnapro.com\/index.php\/produkt\/be-drat-napinaci-2-6mm-x-26m-pzn-pvc-zeleny-kup-ted-76521\/#breadcrumb\",\"itemListElement\":[{\"@type\":\"ListItem\",\"position\":1,\"name\":\"Home\",\"item\":\"https:\/\/www.koupelnapro.com\/\"},{\"@type\":\"ListItem\",\"position\":2,\"name\":\"Products\",\"item\":\"https:\/\/www.koupelnapro.com\/index.php\/products\/\"},{\"@type\":\"ListItem\",\"position\":3,\"name\":\"BE dr\u00e1t nap\u00ednac\u00ed 2,6mm x 26m PZn+PVC zelen\u00fd Kup Te\u010f\"}]},{\"@type\":\"WebSite\",\"@id\":\"https:\/\/www.koupelnapro.com\/#website\",\"url\":\"https:\/\/www.koupelnapro.com\/\",\"name\":\"\",\"description\":\"\",\"potentialAction\":[{\"@type\":\"SearchAction\",\"target\":{\"@type\":\"EntryPoint\",\"urlTemplate\":\"https:\/\/www.koupelnapro.com\/?s={search_term_string}\"},\"query-input\":{\"@type\":\"PropertyValueSpecification\",\"valueRequired\":true,\"valueName\":\"search_term_string\"}}],\"inLanguage\":\"cs\"}]}<\/script>\n<!-- \/ Yoast SEO plugin. -->","yoast_head_json":{"title":"BE dr\u00e1t nap\u00ednac\u00ed 2,6mm x 26m PZn+PVC zelen\u00fd Kup Te\u010f -","robots":{"index":"index","follow":"follow","max-snippet":"max-snippet:-1","max-image-preview":"max-image-preview:large","max-video-preview":"max-video-preview:-1"},"canonical":"https:\/\/www.koupelnapro.com\/index.php\/produkt\/be-drat-napinaci-2-6mm-x-26m-pzn-pvc-zeleny-kup-ted-76521\/","og_locale":"cs_CZ","og_type":"article","og_title":"BE dr\u00e1t nap\u00ednac\u00ed 2,6mm x 26m PZn+PVC zelen\u00fd Kup Te\u010f -","og_description":"BE dr\u00e1t nap\u00ednac\u00ed 2,6mm x 26m PZn+PVC zelen\u00fd","og_url":"https:\/\/www.koupelnapro.com\/index.php\/produkt\/be-drat-napinaci-2-6mm-x-26m-pzn-pvc-zeleny-kup-ted-76521\/","og_image":[{"width":400,"height":300,"url":"https:\/\/www.koupelnapro.com\/wp-content\/uploads\/2026\/SK0004217-CZ20260425-092044-0-1777080044-ezgif-550dec9b22727f0a.webp","type":"image\/webp"}],"twitter_card":"summary_large_image","schema":{"@context":"https:\/\/schema.org","@graph":[{"@type":"WebPage","@id":"https:\/\/www.koupelnapro.com\/index.php\/produkt\/be-drat-napinaci-2-6mm-x-26m-pzn-pvc-zeleny-kup-ted-76521\/","url":"https:\/\/www.koupelnapro.com\/index.php\/produkt\/be-drat-napinaci-2-6mm-x-26m-pzn-pvc-zeleny-kup-ted-76521\/","name":"BE dr\u00e1t nap\u00ednac\u00ed 2,6mm x 26m PZn+PVC zelen\u00fd Kup Te\u010f -","isPartOf":{"@id":"https:\/\/www.koupelnapro.com\/#website"},"primaryImageOfPage":{"@id":"https:\/\/www.koupelnapro.com\/index.php\/produkt\/be-drat-napinaci-2-6mm-x-26m-pzn-pvc-zeleny-kup-ted-76521\/#primaryimage"},"image":{"@id":"https:\/\/www.koupelnapro.com\/index.php\/produkt\/be-drat-napinaci-2-6mm-x-26m-pzn-pvc-zeleny-kup-ted-76521\/#primaryimage"},"thumbnailUrl":"https:\/\/www.koupelnapro.com\/wp-content\/uploads\/2026\/SK0004217-CZ20260425-092044-0-1777080044-ezgif-550dec9b22727f0a.webp","datePublished":"2026-04-26T09:18:53+00:00","breadcrumb":{"@id":"https:\/\/www.koupelnapro.com\/index.php\/produkt\/be-drat-napinaci-2-6mm-x-26m-pzn-pvc-zeleny-kup-ted-76521\/#breadcrumb"},"inLanguage":"cs","potentialAction":[{"@type":"ReadAction","target":["https:\/\/www.koupelnapro.com\/index.php\/produkt\/be-drat-napinaci-2-6mm-x-26m-pzn-pvc-zeleny-kup-ted-76521\/"]}]},{"@type":"ImageObject","inLanguage":"cs","@id":"https:\/\/www.koupelnapro.com\/index.php\/produkt\/be-drat-napinaci-2-6mm-x-26m-pzn-pvc-zeleny-kup-ted-76521\/#primaryimage","url":"https:\/\/www.koupelnapro.com\/wp-content\/uploads\/2026\/SK0004217-CZ20260425-092044-0-1777080044-ezgif-550dec9b22727f0a.webp","contentUrl":"https:\/\/www.koupelnapro.com\/wp-content\/uploads\/2026\/SK0004217-CZ20260425-092044-0-1777080044-ezgif-550dec9b22727f0a.webp","width":400,"height":300},{"@type":"BreadcrumbList","@id":"https:\/\/www.koupelnapro.com\/index.php\/produkt\/be-drat-napinaci-2-6mm-x-26m-pzn-pvc-zeleny-kup-ted-76521\/#breadcrumb","itemListElement":[{"@type":"ListItem","position":1,"name":"Home","item":"https:\/\/www.koupelnapro.com\/"},{"@type":"ListItem","position":2,"name":"Products","item":"https:\/\/www.koupelnapro.com\/index.php\/products\/"},{"@type":"ListItem","position":3,"name":"BE dr\u00e1t nap\u00ednac\u00ed 2,6mm x 26m PZn+PVC zelen\u00fd Kup Te\u010f"}]},{"@type":"WebSite","@id":"https:\/\/www.koupelnapro.com\/#website","url":"https:\/\/www.koupelnapro.com\/","name":"","description":"","potentialAction":[{"@type":"SearchAction","target":{"@type":"EntryPoint","urlTemplate":"https:\/\/www.koupelnapro.com\/?s={search_term_string}"},"query-input":{"@type":"PropertyValueSpecification","valueRequired":true,"valueName":"search_term_string"}}],"inLanguage":"cs"}]}},"_links":{"self":[{"href":"https:\/\/www.koupelnapro.com\/index.php\/wp-json\/wp\/v2\/product\/76521","targetHints":{"allow":["GET"]}}],"collection":[{"href":"https:\/\/www.koupelnapro.com\/index.php\/wp-json\/wp\/v2\/product"}],"about":[{"href":"https:\/\/www.koupelnapro.com\/index.php\/wp-json\/wp\/v2\/types\/product"}],"replies":[{"embeddable":true,"href":"https:\/\/www.koupelnapro.com\/index.php\/wp-json\/wp\/v2\/comments?post=76521"}],"wp:featuredmedia":[{"embeddable":true,"href":"https:\/\/www.koupelnapro.com\/index.php\/wp-json\/wp\/v2\/media\/76621"}],"wp:attachment":[{"href":"https:\/\/www.koupelnapro.com\/index.php\/wp-json\/wp\/v2\/media?parent=76521"}],"wp:term":[{"taxonomy":"product_brand","embeddable":true,"href":"https:\/\/www.koupelnapro.com\/index.php\/wp-json\/wp\/v2\/product_brand?post=76521"},{"taxonomy":"product_cat","embeddable":true,"href":"https:\/\/www.koupelnapro.com\/index.php\/wp-json\/wp\/v2\/product_cat?post=76521"},{"taxonomy":"product_tag","embeddable":true,"href":"https:\/\/www.koupelnapro.com\/index.php\/wp-json\/wp\/v2\/product_tag?post=76521"}],"curies":[{"name":"wp","href":"https:\/\/api.w.org\/{rel}","templated":true}]}}