{"id":76499,"date":"2026-04-26T09:18:53","date_gmt":"2026-04-26T09:18:53","guid":{"rendered":""},"modified":"2026-04-26T09:18:53","modified_gmt":"2026-04-26T09:18:53","slug":"finalni-vyprodej-retic-vzpera-bocni-bpl-38-1500mm-zn-pvc7016-antracit-76499","status":"publish","type":"product","link":"https:\/\/www.koupelnapro.com\/index.php\/produkt\/finalni-vyprodej-retic-vzpera-bocni-bpl-38-1500mm-zn-pvc7016-antracit-76499\/","title":{"rendered":"Fin\u00e1ln\u00ed V\u00fdprodej RETIC vzp\u011bra bo\u010dn\u00ed BPL 38\/1500mm ZN+PVC7016 antracit"},"content":{"rendered":"<p>RETIC vzp\u011bra bo\u010dn\u00ed BPL 38\/1500mm ZN+PVC7016 antracit<\/p>\n","protected":false},"excerpt":{"rendered":"<p>RETIC vzp\u011bra bo\u010dn\u00ed BPL 38\/1500mm ZN+PVC7016 antracit<\/p>\n","protected":false},"featured_media":76599,"comment_status":"open","ping_status":"open","template":"","meta":[],"product_brand":[],"product_cat":[199],"product_tag":[],"class_list":{"0":"post-76499","1":"product","2":"type-product","3":"status-publish","4":"has-post-thumbnail","6":"product_cat-zahrady-pletiva","8":"first","9":"instock","10":"sale","11":"shipping-taxable","12":"purchasable","13":"product-type-simple"},"yoast_head":"<!-- This site is optimized with the Yoast SEO plugin v26.8 - https:\/\/yoast.com\/product\/yoast-seo-wordpress\/ -->\n<title>Fin\u00e1ln\u00ed V\u00fdprodej RETIC vzp\u011bra bo\u010dn\u00ed BPL 38\/1500mm ZN+PVC7016 antracit -<\/title>\n<meta name=\"robots\" content=\"index, follow, max-snippet:-1, max-image-preview:large, max-video-preview:-1\" \/>\n<link rel=\"canonical\" href=\"https:\/\/www.koupelnapro.com\/index.php\/produkt\/finalni-vyprodej-retic-vzpera-bocni-bpl-38-1500mm-zn-pvc7016-antracit-76499\/\" \/>\n<meta property=\"og:locale\" content=\"cs_CZ\" \/>\n<meta property=\"og:type\" content=\"article\" \/>\n<meta property=\"og:title\" content=\"Fin\u00e1ln\u00ed V\u00fdprodej RETIC vzp\u011bra bo\u010dn\u00ed BPL 38\/1500mm ZN+PVC7016 antracit -\" \/>\n<meta property=\"og:description\" content=\"RETIC vzp\u011bra bo\u010dn\u00ed BPL 38\/1500mm ZN+PVC7016 antracit\" \/>\n<meta property=\"og:url\" content=\"https:\/\/www.koupelnapro.com\/index.php\/produkt\/finalni-vyprodej-retic-vzpera-bocni-bpl-38-1500mm-zn-pvc7016-antracit-76499\/\" \/>\n<meta property=\"og:image\" content=\"https:\/\/www.koupelnapro.com\/wp-content\/uploads\/2026\/SK0004193-CZ20260425-092044-0-1777080044-VZPERA-38-PVC.webp\" \/>\n\t<meta property=\"og:image:width\" content=\"500\" \/>\n\t<meta property=\"og:image:height\" content=\"750\" \/>\n\t<meta property=\"og:image:type\" content=\"image\/webp\" \/>\n<meta name=\"twitter:card\" content=\"summary_large_image\" \/>\n<script type=\"application\/ld+json\" class=\"yoast-schema-graph\">{\"@context\":\"https:\/\/schema.org\",\"@graph\":[{\"@type\":\"WebPage\",\"@id\":\"https:\/\/www.koupelnapro.com\/index.php\/produkt\/finalni-vyprodej-retic-vzpera-bocni-bpl-38-1500mm-zn-pvc7016-antracit-76499\/\",\"url\":\"https:\/\/www.koupelnapro.com\/index.php\/produkt\/finalni-vyprodej-retic-vzpera-bocni-bpl-38-1500mm-zn-pvc7016-antracit-76499\/\",\"name\":\"Fin\u00e1ln\u00ed V\u00fdprodej RETIC vzp\u011bra bo\u010dn\u00ed BPL 38\/1500mm ZN+PVC7016 antracit -\",\"isPartOf\":{\"@id\":\"https:\/\/www.koupelnapro.com\/#website\"},\"primaryImageOfPage\":{\"@id\":\"https:\/\/www.koupelnapro.com\/index.php\/produkt\/finalni-vyprodej-retic-vzpera-bocni-bpl-38-1500mm-zn-pvc7016-antracit-76499\/#primaryimage\"},\"image\":{\"@id\":\"https:\/\/www.koupelnapro.com\/index.php\/produkt\/finalni-vyprodej-retic-vzpera-bocni-bpl-38-1500mm-zn-pvc7016-antracit-76499\/#primaryimage\"},\"thumbnailUrl\":\"https:\/\/www.koupelnapro.com\/wp-content\/uploads\/2026\/SK0004193-CZ20260425-092044-0-1777080044-VZPERA-38-PVC.webp\",\"datePublished\":\"2026-04-26T09:18:53+00:00\",\"breadcrumb\":{\"@id\":\"https:\/\/www.koupelnapro.com\/index.php\/produkt\/finalni-vyprodej-retic-vzpera-bocni-bpl-38-1500mm-zn-pvc7016-antracit-76499\/#breadcrumb\"},\"inLanguage\":\"cs\",\"potentialAction\":[{\"@type\":\"ReadAction\",\"target\":[\"https:\/\/www.koupelnapro.com\/index.php\/produkt\/finalni-vyprodej-retic-vzpera-bocni-bpl-38-1500mm-zn-pvc7016-antracit-76499\/\"]}]},{\"@type\":\"ImageObject\",\"inLanguage\":\"cs\",\"@id\":\"https:\/\/www.koupelnapro.com\/index.php\/produkt\/finalni-vyprodej-retic-vzpera-bocni-bpl-38-1500mm-zn-pvc7016-antracit-76499\/#primaryimage\",\"url\":\"https:\/\/www.koupelnapro.com\/wp-content\/uploads\/2026\/SK0004193-CZ20260425-092044-0-1777080044-VZPERA-38-PVC.webp\",\"contentUrl\":\"https:\/\/www.koupelnapro.com\/wp-content\/uploads\/2026\/SK0004193-CZ20260425-092044-0-1777080044-VZPERA-38-PVC.webp\",\"width\":500,\"height\":750},{\"@type\":\"BreadcrumbList\",\"@id\":\"https:\/\/www.koupelnapro.com\/index.php\/produkt\/finalni-vyprodej-retic-vzpera-bocni-bpl-38-1500mm-zn-pvc7016-antracit-76499\/#breadcrumb\",\"itemListElement\":[{\"@type\":\"ListItem\",\"position\":1,\"name\":\"Home\",\"item\":\"https:\/\/www.koupelnapro.com\/\"},{\"@type\":\"ListItem\",\"position\":2,\"name\":\"Products\",\"item\":\"https:\/\/www.koupelnapro.com\/index.php\/products\/\"},{\"@type\":\"ListItem\",\"position\":3,\"name\":\"Fin\u00e1ln\u00ed V\u00fdprodej RETIC vzp\u011bra bo\u010dn\u00ed BPL 38\/1500mm ZN+PVC7016 antracit\"}]},{\"@type\":\"WebSite\",\"@id\":\"https:\/\/www.koupelnapro.com\/#website\",\"url\":\"https:\/\/www.koupelnapro.com\/\",\"name\":\"\",\"description\":\"\",\"potentialAction\":[{\"@type\":\"SearchAction\",\"target\":{\"@type\":\"EntryPoint\",\"urlTemplate\":\"https:\/\/www.koupelnapro.com\/?s={search_term_string}\"},\"query-input\":{\"@type\":\"PropertyValueSpecification\",\"valueRequired\":true,\"valueName\":\"search_term_string\"}}],\"inLanguage\":\"cs\"}]}<\/script>\n<!-- \/ Yoast SEO plugin. -->","yoast_head_json":{"title":"Fin\u00e1ln\u00ed V\u00fdprodej RETIC vzp\u011bra bo\u010dn\u00ed BPL 38\/1500mm ZN+PVC7016 antracit -","robots":{"index":"index","follow":"follow","max-snippet":"max-snippet:-1","max-image-preview":"max-image-preview:large","max-video-preview":"max-video-preview:-1"},"canonical":"https:\/\/www.koupelnapro.com\/index.php\/produkt\/finalni-vyprodej-retic-vzpera-bocni-bpl-38-1500mm-zn-pvc7016-antracit-76499\/","og_locale":"cs_CZ","og_type":"article","og_title":"Fin\u00e1ln\u00ed V\u00fdprodej RETIC vzp\u011bra bo\u010dn\u00ed BPL 38\/1500mm ZN+PVC7016 antracit -","og_description":"RETIC vzp\u011bra bo\u010dn\u00ed BPL 38\/1500mm ZN+PVC7016 antracit","og_url":"https:\/\/www.koupelnapro.com\/index.php\/produkt\/finalni-vyprodej-retic-vzpera-bocni-bpl-38-1500mm-zn-pvc7016-antracit-76499\/","og_image":[{"width":500,"height":750,"url":"https:\/\/www.koupelnapro.com\/wp-content\/uploads\/2026\/SK0004193-CZ20260425-092044-0-1777080044-VZPERA-38-PVC.webp","type":"image\/webp"}],"twitter_card":"summary_large_image","schema":{"@context":"https:\/\/schema.org","@graph":[{"@type":"WebPage","@id":"https:\/\/www.koupelnapro.com\/index.php\/produkt\/finalni-vyprodej-retic-vzpera-bocni-bpl-38-1500mm-zn-pvc7016-antracit-76499\/","url":"https:\/\/www.koupelnapro.com\/index.php\/produkt\/finalni-vyprodej-retic-vzpera-bocni-bpl-38-1500mm-zn-pvc7016-antracit-76499\/","name":"Fin\u00e1ln\u00ed V\u00fdprodej RETIC vzp\u011bra bo\u010dn\u00ed BPL 38\/1500mm ZN+PVC7016 antracit -","isPartOf":{"@id":"https:\/\/www.koupelnapro.com\/#website"},"primaryImageOfPage":{"@id":"https:\/\/www.koupelnapro.com\/index.php\/produkt\/finalni-vyprodej-retic-vzpera-bocni-bpl-38-1500mm-zn-pvc7016-antracit-76499\/#primaryimage"},"image":{"@id":"https:\/\/www.koupelnapro.com\/index.php\/produkt\/finalni-vyprodej-retic-vzpera-bocni-bpl-38-1500mm-zn-pvc7016-antracit-76499\/#primaryimage"},"thumbnailUrl":"https:\/\/www.koupelnapro.com\/wp-content\/uploads\/2026\/SK0004193-CZ20260425-092044-0-1777080044-VZPERA-38-PVC.webp","datePublished":"2026-04-26T09:18:53+00:00","breadcrumb":{"@id":"https:\/\/www.koupelnapro.com\/index.php\/produkt\/finalni-vyprodej-retic-vzpera-bocni-bpl-38-1500mm-zn-pvc7016-antracit-76499\/#breadcrumb"},"inLanguage":"cs","potentialAction":[{"@type":"ReadAction","target":["https:\/\/www.koupelnapro.com\/index.php\/produkt\/finalni-vyprodej-retic-vzpera-bocni-bpl-38-1500mm-zn-pvc7016-antracit-76499\/"]}]},{"@type":"ImageObject","inLanguage":"cs","@id":"https:\/\/www.koupelnapro.com\/index.php\/produkt\/finalni-vyprodej-retic-vzpera-bocni-bpl-38-1500mm-zn-pvc7016-antracit-76499\/#primaryimage","url":"https:\/\/www.koupelnapro.com\/wp-content\/uploads\/2026\/SK0004193-CZ20260425-092044-0-1777080044-VZPERA-38-PVC.webp","contentUrl":"https:\/\/www.koupelnapro.com\/wp-content\/uploads\/2026\/SK0004193-CZ20260425-092044-0-1777080044-VZPERA-38-PVC.webp","width":500,"height":750},{"@type":"BreadcrumbList","@id":"https:\/\/www.koupelnapro.com\/index.php\/produkt\/finalni-vyprodej-retic-vzpera-bocni-bpl-38-1500mm-zn-pvc7016-antracit-76499\/#breadcrumb","itemListElement":[{"@type":"ListItem","position":1,"name":"Home","item":"https:\/\/www.koupelnapro.com\/"},{"@type":"ListItem","position":2,"name":"Products","item":"https:\/\/www.koupelnapro.com\/index.php\/products\/"},{"@type":"ListItem","position":3,"name":"Fin\u00e1ln\u00ed V\u00fdprodej RETIC vzp\u011bra bo\u010dn\u00ed BPL 38\/1500mm ZN+PVC7016 antracit"}]},{"@type":"WebSite","@id":"https:\/\/www.koupelnapro.com\/#website","url":"https:\/\/www.koupelnapro.com\/","name":"","description":"","potentialAction":[{"@type":"SearchAction","target":{"@type":"EntryPoint","urlTemplate":"https:\/\/www.koupelnapro.com\/?s={search_term_string}"},"query-input":{"@type":"PropertyValueSpecification","valueRequired":true,"valueName":"search_term_string"}}],"inLanguage":"cs"}]}},"_links":{"self":[{"href":"https:\/\/www.koupelnapro.com\/index.php\/wp-json\/wp\/v2\/product\/76499","targetHints":{"allow":["GET"]}}],"collection":[{"href":"https:\/\/www.koupelnapro.com\/index.php\/wp-json\/wp\/v2\/product"}],"about":[{"href":"https:\/\/www.koupelnapro.com\/index.php\/wp-json\/wp\/v2\/types\/product"}],"replies":[{"embeddable":true,"href":"https:\/\/www.koupelnapro.com\/index.php\/wp-json\/wp\/v2\/comments?post=76499"}],"wp:featuredmedia":[{"embeddable":true,"href":"https:\/\/www.koupelnapro.com\/index.php\/wp-json\/wp\/v2\/media\/76599"}],"wp:attachment":[{"href":"https:\/\/www.koupelnapro.com\/index.php\/wp-json\/wp\/v2\/media?parent=76499"}],"wp:term":[{"taxonomy":"product_brand","embeddable":true,"href":"https:\/\/www.koupelnapro.com\/index.php\/wp-json\/wp\/v2\/product_brand?post=76499"},{"taxonomy":"product_cat","embeddable":true,"href":"https:\/\/www.koupelnapro.com\/index.php\/wp-json\/wp\/v2\/product_cat?post=76499"},{"taxonomy":"product_tag","embeddable":true,"href":"https:\/\/www.koupelnapro.com\/index.php\/wp-json\/wp\/v2\/product_tag?post=76499"}],"curies":[{"name":"wp","href":"https:\/\/api.w.org\/{rel}","templated":true}]}}