{"id":7388,"date":"2026-04-26T09:13:17","date_gmt":"2026-04-26T09:13:17","guid":{"rendered":""},"modified":"2026-04-26T09:13:17","modified_gmt":"2026-04-26T09:13:17","slug":"znackovy-odvetrani-okapni-hrany-pas-proti-ptakum-pvc-5000x100-bila-7388","status":"publish","type":"product","link":"https:\/\/www.koupelnapro.com\/index.php\/produkt\/znackovy-odvetrani-okapni-hrany-pas-proti-ptakum-pvc-5000x100-bila-7388\/","title":{"rendered":"Zna\u010dkov\u00fd Odv\u011btr\u00e1n\u00ed okapn\u00ed hrany &#8211; P\u00e1s proti pt\u00e1k\u016fm PVC 5000&#215;100 &#8211; B\u00edl\u00e1"},"content":{"rendered":"<div class=\"ResponseTabButton\">Popis produktu<\/div>\n<div class=\"TabContent\">\n<div><font color=\"#000000\">P\u00e1s proti pt\u00e1k\u016fm PVC zabra\u0148uje vniknut\u00ed hmyzu a drobn\u00fdch \u017eivo\u010dich\u016f do prostoru st\u0159e\u0161n\u00ed konstrukce a p\u0159itom umo\u017e\u0148uje v\u011btr\u00e1n\u00ed t\u011bchto prostor.<\/font><\/div>\n<div><font color=\"#000000\">&nbsp;<\/font><\/div>\n<div><font color=\"#000000\"><strong>Technick\u00e9 \u00fadaje<\/strong><\/font><\/div>\n<div><font color=\"#000000\">D\u00e9lka: 5000 mm<\/font><\/div>\n<div><font color=\"#000000\">\u0160\u00ed\u0159ka: 100 mm<\/font><\/div>\n<div><font color=\"#000000\">Materi\u00e1l: PVC<\/font><\/div>\n<div><font color=\"#000000\">V\u011btrac\u00ed pr\u016f\u0159ez: 60%<\/font><\/div>\n<\/p><\/div>\n<\/p><\/div>\n<\/p><\/div>\n<\/p><\/div>\n<\/div>\n","protected":false},"excerpt":{"rendered":"<p>Popis produktu P\u00e1s proti pt\u00e1k\u016fm PVC zabra\u0148uje vniknut\u00ed hmyzu a drobn\u00fdch \u017eivo\u010dich\u016f do prostoru st\u0159e\u0161n\u00ed konstrukce a p\u0159itom umo\u017e\u0148uje v\u011btr\u00e1n\u00ed t\u011bchto prostor. &nbsp; Technick\u00e9 \u00fadaje D\u00e9lka: 5000 mm \u0160\u00ed\u0159ka: 100 mm Materi\u00e1l: PVC V\u011btrac\u00ed pr\u016f\u0159ez: 60%<\/p>\n","protected":false},"featured_media":7488,"comment_status":"open","ping_status":"open","template":"","meta":[],"product_brand":[],"product_cat":[56],"product_tag":[],"class_list":{"0":"post-7388","1":"product","2":"type-product","3":"status-publish","4":"has-post-thumbnail","6":"product_cat-doplnky-strech","8":"first","9":"instock","10":"sale","11":"shipping-taxable","12":"purchasable","13":"product-type-simple"},"yoast_head":"<!-- This site is optimized with the Yoast SEO plugin v26.8 - https:\/\/yoast.com\/product\/yoast-seo-wordpress\/ -->\n<title>Zna\u010dkov\u00fd Odv\u011btr\u00e1n\u00ed okapn\u00ed hrany - P\u00e1s proti pt\u00e1k\u016fm PVC 5000x100 - B\u00edl\u00e1 -<\/title>\n<meta name=\"robots\" content=\"index, follow, max-snippet:-1, max-image-preview:large, max-video-preview:-1\" \/>\n<link rel=\"canonical\" href=\"https:\/\/www.koupelnapro.com\/index.php\/produkt\/znackovy-odvetrani-okapni-hrany-pas-proti-ptakum-pvc-5000x100-bila-7388\/\" \/>\n<meta property=\"og:locale\" content=\"cs_CZ\" \/>\n<meta property=\"og:type\" content=\"article\" \/>\n<meta property=\"og:title\" content=\"Zna\u010dkov\u00fd Odv\u011btr\u00e1n\u00ed okapn\u00ed hrany - P\u00e1s proti pt\u00e1k\u016fm PVC 5000x100 - B\u00edl\u00e1 -\" \/>\n<meta property=\"og:description\" content=\"Popis produktu P\u00e1s proti pt\u00e1k\u016fm PVC zabra\u0148uje vniknut\u00ed hmyzu a drobn\u00fdch \u017eivo\u010dich\u016f do prostoru st\u0159e\u0161n\u00ed konstrukce a p\u0159itom umo\u017e\u0148uje v\u011btr\u00e1n\u00ed t\u011bchto prostor. &nbsp; Technick\u00e9 \u00fadaje D\u00e9lka: 5000 mm \u0160\u00ed\u0159ka: 100 mm Materi\u00e1l: PVC V\u011btrac\u00ed pr\u016f\u0159ez: 60%\" \/>\n<meta property=\"og:url\" content=\"https:\/\/www.koupelnapro.com\/index.php\/produkt\/znackovy-odvetrani-okapni-hrany-pas-proti-ptakum-pvc-5000x100-bila-7388\/\" \/>\n<meta property=\"og:image\" content=\"https:\/\/www.koupelnapro.com\/wp-content\/uploads\/2026\/SK0003245-CZ20260425-091742-0-1777079863-P-007768-00.webp\" \/>\n\t<meta property=\"og:image:width\" content=\"250\" \/>\n\t<meta property=\"og:image:height\" content=\"246\" \/>\n\t<meta property=\"og:image:type\" content=\"image\/webp\" \/>\n<meta name=\"twitter:card\" content=\"summary_large_image\" \/>\n<script type=\"application\/ld+json\" class=\"yoast-schema-graph\">{\"@context\":\"https:\/\/schema.org\",\"@graph\":[{\"@type\":\"WebPage\",\"@id\":\"https:\/\/www.koupelnapro.com\/index.php\/produkt\/znackovy-odvetrani-okapni-hrany-pas-proti-ptakum-pvc-5000x100-bila-7388\/\",\"url\":\"https:\/\/www.koupelnapro.com\/index.php\/produkt\/znackovy-odvetrani-okapni-hrany-pas-proti-ptakum-pvc-5000x100-bila-7388\/\",\"name\":\"Zna\u010dkov\u00fd Odv\u011btr\u00e1n\u00ed okapn\u00ed hrany - P\u00e1s proti pt\u00e1k\u016fm PVC 5000x100 - B\u00edl\u00e1 -\",\"isPartOf\":{\"@id\":\"https:\/\/www.koupelnapro.com\/#website\"},\"primaryImageOfPage\":{\"@id\":\"https:\/\/www.koupelnapro.com\/index.php\/produkt\/znackovy-odvetrani-okapni-hrany-pas-proti-ptakum-pvc-5000x100-bila-7388\/#primaryimage\"},\"image\":{\"@id\":\"https:\/\/www.koupelnapro.com\/index.php\/produkt\/znackovy-odvetrani-okapni-hrany-pas-proti-ptakum-pvc-5000x100-bila-7388\/#primaryimage\"},\"thumbnailUrl\":\"https:\/\/www.koupelnapro.com\/wp-content\/uploads\/2026\/SK0003245-CZ20260425-091742-0-1777079863-P-007768-00.webp\",\"datePublished\":\"2026-04-26T09:13:17+00:00\",\"breadcrumb\":{\"@id\":\"https:\/\/www.koupelnapro.com\/index.php\/produkt\/znackovy-odvetrani-okapni-hrany-pas-proti-ptakum-pvc-5000x100-bila-7388\/#breadcrumb\"},\"inLanguage\":\"cs\",\"potentialAction\":[{\"@type\":\"ReadAction\",\"target\":[\"https:\/\/www.koupelnapro.com\/index.php\/produkt\/znackovy-odvetrani-okapni-hrany-pas-proti-ptakum-pvc-5000x100-bila-7388\/\"]}]},{\"@type\":\"ImageObject\",\"inLanguage\":\"cs\",\"@id\":\"https:\/\/www.koupelnapro.com\/index.php\/produkt\/znackovy-odvetrani-okapni-hrany-pas-proti-ptakum-pvc-5000x100-bila-7388\/#primaryimage\",\"url\":\"https:\/\/www.koupelnapro.com\/wp-content\/uploads\/2026\/SK0003245-CZ20260425-091742-0-1777079863-P-007768-00.webp\",\"contentUrl\":\"https:\/\/www.koupelnapro.com\/wp-content\/uploads\/2026\/SK0003245-CZ20260425-091742-0-1777079863-P-007768-00.webp\",\"width\":250,\"height\":246},{\"@type\":\"BreadcrumbList\",\"@id\":\"https:\/\/www.koupelnapro.com\/index.php\/produkt\/znackovy-odvetrani-okapni-hrany-pas-proti-ptakum-pvc-5000x100-bila-7388\/#breadcrumb\",\"itemListElement\":[{\"@type\":\"ListItem\",\"position\":1,\"name\":\"Home\",\"item\":\"https:\/\/www.koupelnapro.com\/\"},{\"@type\":\"ListItem\",\"position\":2,\"name\":\"Products\",\"item\":\"https:\/\/www.koupelnapro.com\/index.php\/products\/\"},{\"@type\":\"ListItem\",\"position\":3,\"name\":\"Zna\u010dkov\u00fd Odv\u011btr\u00e1n\u00ed okapn\u00ed hrany &#8211; P\u00e1s proti pt\u00e1k\u016fm PVC 5000&#215;100 &#8211; B\u00edl\u00e1\"}]},{\"@type\":\"WebSite\",\"@id\":\"https:\/\/www.koupelnapro.com\/#website\",\"url\":\"https:\/\/www.koupelnapro.com\/\",\"name\":\"\",\"description\":\"\",\"potentialAction\":[{\"@type\":\"SearchAction\",\"target\":{\"@type\":\"EntryPoint\",\"urlTemplate\":\"https:\/\/www.koupelnapro.com\/?s={search_term_string}\"},\"query-input\":{\"@type\":\"PropertyValueSpecification\",\"valueRequired\":true,\"valueName\":\"search_term_string\"}}],\"inLanguage\":\"cs\"}]}<\/script>\n<!-- \/ Yoast SEO plugin. -->","yoast_head_json":{"title":"Zna\u010dkov\u00fd Odv\u011btr\u00e1n\u00ed okapn\u00ed hrany - P\u00e1s proti pt\u00e1k\u016fm PVC 5000x100 - B\u00edl\u00e1 -","robots":{"index":"index","follow":"follow","max-snippet":"max-snippet:-1","max-image-preview":"max-image-preview:large","max-video-preview":"max-video-preview:-1"},"canonical":"https:\/\/www.koupelnapro.com\/index.php\/produkt\/znackovy-odvetrani-okapni-hrany-pas-proti-ptakum-pvc-5000x100-bila-7388\/","og_locale":"cs_CZ","og_type":"article","og_title":"Zna\u010dkov\u00fd Odv\u011btr\u00e1n\u00ed okapn\u00ed hrany - P\u00e1s proti pt\u00e1k\u016fm PVC 5000x100 - B\u00edl\u00e1 -","og_description":"Popis produktu P\u00e1s proti pt\u00e1k\u016fm PVC zabra\u0148uje vniknut\u00ed hmyzu a drobn\u00fdch \u017eivo\u010dich\u016f do prostoru st\u0159e\u0161n\u00ed konstrukce a p\u0159itom umo\u017e\u0148uje v\u011btr\u00e1n\u00ed t\u011bchto prostor. &nbsp; Technick\u00e9 \u00fadaje D\u00e9lka: 5000 mm \u0160\u00ed\u0159ka: 100 mm Materi\u00e1l: PVC V\u011btrac\u00ed pr\u016f\u0159ez: 60%","og_url":"https:\/\/www.koupelnapro.com\/index.php\/produkt\/znackovy-odvetrani-okapni-hrany-pas-proti-ptakum-pvc-5000x100-bila-7388\/","og_image":[{"width":250,"height":246,"url":"https:\/\/www.koupelnapro.com\/wp-content\/uploads\/2026\/SK0003245-CZ20260425-091742-0-1777079863-P-007768-00.webp","type":"image\/webp"}],"twitter_card":"summary_large_image","schema":{"@context":"https:\/\/schema.org","@graph":[{"@type":"WebPage","@id":"https:\/\/www.koupelnapro.com\/index.php\/produkt\/znackovy-odvetrani-okapni-hrany-pas-proti-ptakum-pvc-5000x100-bila-7388\/","url":"https:\/\/www.koupelnapro.com\/index.php\/produkt\/znackovy-odvetrani-okapni-hrany-pas-proti-ptakum-pvc-5000x100-bila-7388\/","name":"Zna\u010dkov\u00fd Odv\u011btr\u00e1n\u00ed okapn\u00ed hrany - P\u00e1s proti pt\u00e1k\u016fm PVC 5000x100 - B\u00edl\u00e1 -","isPartOf":{"@id":"https:\/\/www.koupelnapro.com\/#website"},"primaryImageOfPage":{"@id":"https:\/\/www.koupelnapro.com\/index.php\/produkt\/znackovy-odvetrani-okapni-hrany-pas-proti-ptakum-pvc-5000x100-bila-7388\/#primaryimage"},"image":{"@id":"https:\/\/www.koupelnapro.com\/index.php\/produkt\/znackovy-odvetrani-okapni-hrany-pas-proti-ptakum-pvc-5000x100-bila-7388\/#primaryimage"},"thumbnailUrl":"https:\/\/www.koupelnapro.com\/wp-content\/uploads\/2026\/SK0003245-CZ20260425-091742-0-1777079863-P-007768-00.webp","datePublished":"2026-04-26T09:13:17+00:00","breadcrumb":{"@id":"https:\/\/www.koupelnapro.com\/index.php\/produkt\/znackovy-odvetrani-okapni-hrany-pas-proti-ptakum-pvc-5000x100-bila-7388\/#breadcrumb"},"inLanguage":"cs","potentialAction":[{"@type":"ReadAction","target":["https:\/\/www.koupelnapro.com\/index.php\/produkt\/znackovy-odvetrani-okapni-hrany-pas-proti-ptakum-pvc-5000x100-bila-7388\/"]}]},{"@type":"ImageObject","inLanguage":"cs","@id":"https:\/\/www.koupelnapro.com\/index.php\/produkt\/znackovy-odvetrani-okapni-hrany-pas-proti-ptakum-pvc-5000x100-bila-7388\/#primaryimage","url":"https:\/\/www.koupelnapro.com\/wp-content\/uploads\/2026\/SK0003245-CZ20260425-091742-0-1777079863-P-007768-00.webp","contentUrl":"https:\/\/www.koupelnapro.com\/wp-content\/uploads\/2026\/SK0003245-CZ20260425-091742-0-1777079863-P-007768-00.webp","width":250,"height":246},{"@type":"BreadcrumbList","@id":"https:\/\/www.koupelnapro.com\/index.php\/produkt\/znackovy-odvetrani-okapni-hrany-pas-proti-ptakum-pvc-5000x100-bila-7388\/#breadcrumb","itemListElement":[{"@type":"ListItem","position":1,"name":"Home","item":"https:\/\/www.koupelnapro.com\/"},{"@type":"ListItem","position":2,"name":"Products","item":"https:\/\/www.koupelnapro.com\/index.php\/products\/"},{"@type":"ListItem","position":3,"name":"Zna\u010dkov\u00fd Odv\u011btr\u00e1n\u00ed okapn\u00ed hrany &#8211; P\u00e1s proti pt\u00e1k\u016fm PVC 5000&#215;100 &#8211; B\u00edl\u00e1"}]},{"@type":"WebSite","@id":"https:\/\/www.koupelnapro.com\/#website","url":"https:\/\/www.koupelnapro.com\/","name":"","description":"","potentialAction":[{"@type":"SearchAction","target":{"@type":"EntryPoint","urlTemplate":"https:\/\/www.koupelnapro.com\/?s={search_term_string}"},"query-input":{"@type":"PropertyValueSpecification","valueRequired":true,"valueName":"search_term_string"}}],"inLanguage":"cs"}]}},"_links":{"self":[{"href":"https:\/\/www.koupelnapro.com\/index.php\/wp-json\/wp\/v2\/product\/7388","targetHints":{"allow":["GET"]}}],"collection":[{"href":"https:\/\/www.koupelnapro.com\/index.php\/wp-json\/wp\/v2\/product"}],"about":[{"href":"https:\/\/www.koupelnapro.com\/index.php\/wp-json\/wp\/v2\/types\/product"}],"replies":[{"embeddable":true,"href":"https:\/\/www.koupelnapro.com\/index.php\/wp-json\/wp\/v2\/comments?post=7388"}],"wp:featuredmedia":[{"embeddable":true,"href":"https:\/\/www.koupelnapro.com\/index.php\/wp-json\/wp\/v2\/media\/7488"}],"wp:attachment":[{"href":"https:\/\/www.koupelnapro.com\/index.php\/wp-json\/wp\/v2\/media?parent=7388"}],"wp:term":[{"taxonomy":"product_brand","embeddable":true,"href":"https:\/\/www.koupelnapro.com\/index.php\/wp-json\/wp\/v2\/product_brand?post=7388"},{"taxonomy":"product_cat","embeddable":true,"href":"https:\/\/www.koupelnapro.com\/index.php\/wp-json\/wp\/v2\/product_cat?post=7388"},{"taxonomy":"product_tag","embeddable":true,"href":"https:\/\/www.koupelnapro.com\/index.php\/wp-json\/wp\/v2\/product_tag?post=7388"}],"curies":[{"name":"wp","href":"https:\/\/api.w.org\/{rel}","templated":true}]}}