{"id":73734,"date":"2026-04-26T09:18:37","date_gmt":"2026-04-26T09:18:37","guid":{"rendered":""},"modified":"2026-04-26T09:18:37","modified_gmt":"2026-04-26T09:18:37","slug":"zlevneny-lepidlo-cementove-stegu-multielastik-pro-c2te-s1-25-kg-73734","status":"publish","type":"product","link":"https:\/\/www.koupelnapro.com\/index.php\/produkt\/zlevneny-lepidlo-cementove-stegu-multielastik-pro-c2te-s1-25-kg-73734\/","title":{"rendered":"Zlevn\u011bn\u00fd Lepidlo cementov\u00e9 STEGU MULTIELASTIK\u00a0PRO\u00a0C2TE\u00a0S1 25\u00a0kg"},"content":{"rendered":"<div class=\"content-actual\">\n<p>Lepidlo MULTIELASTIK PRO je pr\u016fmyslov\u011b p\u0159ipravovan\u00e1 such\u00e1 sm\u011bs anorganick\u00e9ho a organick\u00e9ho pojiva, anorganick\u00fdch plniv a modifikuj\u00edc\u00edch p\u0159\u00edm\u011bs\u00ed. Po sm\u00edsen\u00ed s vodou tvo\u0159\u00ed sourodou hmotu, kter\u00e1 se aplikuje v tenk\u00e9 vrstv\u011b na podklad a vyzna\u010duje se rychl\u00fdm dosa\u017een\u00edm maxim\u00e1ln\u00ed p\u0159ilnavosti, po\u010d\u00e1te\u010dn\u00ed pevnosti a po zatvrdnut\u00ed je mrazuvzdorn\u00e1 a vodovzdorn\u00e1. V\u00fdrobek je ur\u010den k lepen\u00ed betonov\u00fdch obklad\u016f STEGU, exteri\u00e9rov\u00fdch i interi\u00e9rov\u00fdch glazovan\u00fdch i terakotov\u00fdch keramick\u00fdch n\u00e1st\u011bnn\u00fdch a podlahov\u00fdch obklad\u016f na podklady z betonu standardn\u00edho, lehk\u00e9ho betonu, p\u00f3robetonu, cementov\u00e9 a cementovo-v\u00e1penn\u00e9 om\u00edtky, cementovo-v\u00e1penn\u00e9 om\u00edtky na nosn\u00e9m podkladu, s\u00e1drov\u00e9 om\u00edtky a na s\u00e1drokartonov\u00e9 a s\u00e1drovl\u00e1knit\u00e9 desky. P\u0158\u00cdPRAVA PODKLADU Ve\u0161ker\u00e9 podklady mus\u00ed b\u00fdt n\u00e1le\u017eit\u011b osu\u0161eny, m\u00edt spr\u00e1vnou nosnost, st\u00e1lou a sourodou strukturu, mus\u00ed b\u00fdt rovn\u00e9 a o\u010di\u0161t\u011bn\u00e9 od prachu, tuk\u016f, maziva, antiadhezn\u00edch p\u0159\u00edpravk\u016f, zbytk\u016f barev apod. Odstra\u0148te tak\u00e9 n\u00e1nosy lepidla a n\u00e1t\u011br\u016f s nedostate\u010dnou p\u0159ilnavost\u00ed nebo stabilitou. V\u00fdrobek lze aplikovat na interi\u00e9rov\u00e9 betonov\u00e9 podklady nejm\u00e9n\u011b 3 m\u011bs\u00edce od pokl\u00e1dky, na zdivo a cementov\u00e9 mazaniny po minim\u00e1ln\u011b 4 m\u011bs\u00edc\u00edch od pokl\u00e1dky. Povrchy z anhydritov\u00e9 mazaniny je nutn\u00e9 p\u0159ebrousit a vys\u00e1t prach a ne\u010distoty. Nerovn\u00fd poklad je t\u0159eba vyrovnat prost\u0159ednictv\u00edm vyrovn\u00e1vac\u00ed hmoty. Podklady absorbuj\u00edc\u00ed siln\u011b a nerovnom\u011brn\u011b vlhkost (nap\u0159. p\u00f3robetony, s\u00e1drokartonov\u00e9 desky) a pra\u0161n\u00e9 povrchy je nutn\u00e9 zpevnit penetrac\u00ed STEGU GRUNT. ZP\u016eSOB P\u0158\u00cdPRAVY V\u00ddROBKU Suchou sm\u011bs sypejte postupn\u011b za st\u00e1l\u00e9ho n\u00edzkoobr\u00e1tkov\u00e9ho m\u00edch\u00e1n\u00ed do n\u00e1doby s \u010distou studenou vodou (7 l na 25 kg such\u00e9 sm\u011bsi), dokud se nevytvo\u0159\u00ed sourod\u00e1 hmota bez hrudek. Po prom\u00edch\u00e1n\u00ed na 5 minut odstavte a n\u00e1sledn\u011b znovu prom\u00edchejte. Pot\u0159ebujete-li pou\u017e\u00edt pouze \u010d\u00e1st such\u00e9 sm\u011bsi, p\u0159ed pou\u017eit\u00edm pe\u010dliv\u011b prom\u00edchejte cel\u00fd obsah balen\u00ed, proto\u017ee p\u0159i p\u0159eprav\u011b v\u00fdrobku mohlo doj\u00edt k rozd\u011blen\u00ed jednotliv\u00fdch komponent sm\u011bsi. Ztvrdlou sm\u011bs nelze \u0159edit vodou ani m\u00edsit s \u010derstv\u011b p\u0159ipraven\u00fdm lepidlem. APLIKACE V\u00ddROBKU Rozd\u011blanou sm\u011bs rozet\u0159ete v tenk\u00e9 vrstv\u011b ocelovou zubovou st\u011brkou. Pot\u00e9 naneste siln\u011bj\u0161\u00ed vrstvu sm\u011bsi a po cel\u00e9 plo\u0161e p\u0159eje\u010fte zoubkovan\u00fdm okrajem st\u011brky v \u00fahlu 45 &#8211; 60\u00b0 k podkladu. Plocha podkladu, na kter\u00e9m bude rozet\u0159ena sm\u011bs a polo\u017eeny obklady, mus\u00ed b\u00fdt p\u0159izp\u016fsobeny do otev\u0159en\u00e9ho schnut\u00ed lepidla. M\u00edru zaschnut\u00ed sm\u011bsi lze kontrolovat dotykem dlan\u00ed &#8211; pokud se sm\u011bs na dla\u0148 nelep\u00ed, \u010das otev\u0159en\u00e9ho schnut\u00ed byl p\u0159ekro\u010den, nanesenou sm\u011bs je nutn\u00e9 z povrchu odstranit a nan\u00e9st novou. Obklady p\u0159ipev\u0148ujeme na podklad podle n\u00e1vodu v\u00fdrobce uveden\u00e9ho na obalu. Obklady p\u0159ed nalepen\u00edm nevlh\u010dete! Obklady po um\u00edst\u011bn\u00ed na plochu rovnom\u011brn\u011b p\u0159im\u00e1\u010dkn\u011bte, aby lepidlo p\u0159ilnulo k cel\u00e9mu povrchu obkladu. Stejnom\u011brnou tenkou vrstvu lep\u00edc\u00ed sm\u011bsi nan\u00e1\u0161ejte tak\u00e9 na celou rubovou stranu obkladu tak, aby byly pokryty ve\u0161ker\u00e9 nerovnosti na povrchu. \u0160\u00ed\u0159e sp\u00e1r mezi obklady z\u00e1vis\u00ed na typu obklad\u016f. P\u0159ed zatvrdnut\u00edm o\u010dist\u011bte p\u0159\u00edpadn\u00e9 zbytky sm\u011bsi ve sp\u00e1r\u00e1ch. Plochy vystaven\u00e9 p\u016fsoben\u00edm atmosf\u00e9rick\u00fdch vliv\u016f je nutn\u00e9 p\u0159ed impregnac\u00ed nebo p\u0159\u00edpadn\u00fdm vysp\u00e1rov\u00e1n\u00edm obklad\u016f chr\u00e1nit p\u0159ed p\u016fsoben\u00edm de\u0161t\u011b. SPOT\u0158EBA Spot\u0159eba je ovlivn\u011bna kvalitou podkladu (rovinou, drsnost\u00ed, atd.), typem pou\u017eit\u00e9ho ocelov\u00e9ho zubov\u00e9ho hlad\u00edtka, druhem a form\u00e1tem lepen\u00fdch obklad\u016f. Orienta\u010dn\u00ed spot\u0159eba pro 1 mm tlou\u0161\u0165ky nanesen\u00e9 vrstvy je cca 1,3 kg such\u00e9 sm\u011bsi na 1 m2. SKLADOV\u00c1N\u00cd A BALEN\u00cd Skladovat v suchu, odpov\u00eddaj\u00edc\u00edm zp\u016fsobem. Skladovatelnost 12 m\u011bs\u00edc\u016f od data v\u00fdroby uveden\u00e9ho na obalu v\u00fdrobku. Dod\u00e1v\u00e1 se v pap\u00edrov\u00fdch pytlech (s PE vlo\u017ekou) o hmotnosti 25 kg, na d\u0159ev\u011bn\u00fdch EUR palet\u00e1ch kryt\u00fdch foli\u00ed (48 ks\/paleta). OCHRANA ZDRAV\u00cd A PRVN\u00cd POMOC V\u00fdrobek obsahuje cement a s vlhkost\u00ed reaguje alkalicky. Maltov\u00e1 sm\u011bs dr\u00e1\u017ed\u00ed k\u016f\u017ei a o\u010di. Zamezte kontaktu s k\u016f\u017e\u00ed a s o\u010dima. Nevdechujte prach. Pou\u017e\u00edvejte vhodn\u00e9 osobn\u00ed pracovn\u00ed ochrann\u00e9 prost\u0159edky. P\u0159i pr\u00e1ci nejezte, nepijte a neku\u0159te. Po pr\u00e1ci si omyjte ruce vodou a m\u00fddlem. Poko\u017eku o\u0161et\u0159ete regenera\u010dn\u00edm kr\u00e9mem. P\u0159i pot\u0159\u00edsn\u011bn\u00ed odlo\u017ete kontaminovan\u00fd od\u011bv a k\u016f\u017ei omyjte velk\u00fdm mno\u017estv\u00edm vody a m\u00fddlem. P\u0159i zasa\u017een\u00ed o\u010d\u00ed je vym\u00fdvejte velk\u00fdm mno\u017estv\u00edm vody, p\u0159i n\u00e1hodn\u00e9m po\u017eit\u00ed vypl\u00e1chn\u011bte \u00fasta a vypijte asi p\u016fl litru vody. Ve v\u0161ech p\u0159\u00edpadech po\u0161kozen\u00ed zdrav\u00ed, p\u0159i zasa\u017een\u00ed o\u010d\u00ed a po\u017eit\u00ed vyhledejte l\u00e9ka\u0159sk\u00e9 o\u0161et\u0159en\u00ed a l\u00e9ka\u0159i p\u0159edlo\u017ete k nahl\u00e9dnut\u00ed bezpe\u010dnostn\u00ed list a tento produktov\u00fd list. Uchov\u00e1vejte mimo dosah d\u011bt\u00ed.<\/p>\n<\/p><\/div>\n<\/p><\/div>\n","protected":false},"excerpt":{"rendered":"<p>Lepidlo MULTIELASTIK PRO je pr\u016fmyslov\u011b p\u0159ipravovan\u00e1 such\u00e1 sm\u011bs anorganick\u00e9ho a organick\u00e9ho pojiva, anorganick\u00fdch plniv a modifikuj\u00edc\u00edch p\u0159\u00edm\u011bs\u00ed. Po sm\u00edsen\u00ed s vodou tvo\u0159\u00ed sourodou hmotu, kter\u00e1 se aplikuje v tenk\u00e9 vrstv\u011b na podklad a vyzna\u010duje se rychl\u00fdm dosa\u017een\u00edm maxim\u00e1ln\u00ed p\u0159ilnavosti, po\u010d\u00e1te\u010dn\u00ed pevnosti a po zatvrdnut\u00ed je mrazuvzdorn\u00e1 a vodovzdorn\u00e1. V\u00fdrobek je ur\u010den k lepen\u00ed betonov\u00fdch obklad\u016f [&hellip;]<\/p>\n","protected":false},"featured_media":73834,"comment_status":"open","ping_status":"open","template":"","meta":[],"product_brand":[],"product_cat":[73],"product_tag":[],"class_list":{"0":"post-73734","1":"product","2":"type-product","3":"status-publish","4":"has-post-thumbnail","6":"product_cat-sypke-smesi-omitky-a-malty","8":"first","9":"instock","10":"sale","11":"shipping-taxable","12":"purchasable","13":"product-type-simple"},"yoast_head":"<!-- This site is optimized with the Yoast SEO plugin v26.8 - https:\/\/yoast.com\/product\/yoast-seo-wordpress\/ -->\n<title>Zlevn\u011bn\u00fd Lepidlo cementov\u00e9 STEGU MULTIELASTIK\u00a0PRO\u00a0C2TE\u00a0S1 25\u00a0kg -<\/title>\n<meta name=\"robots\" content=\"index, follow, max-snippet:-1, max-image-preview:large, max-video-preview:-1\" \/>\n<link rel=\"canonical\" href=\"https:\/\/www.koupelnapro.com\/index.php\/produkt\/zlevneny-lepidlo-cementove-stegu-multielastik-pro-c2te-s1-25-kg-73734\/\" \/>\n<meta property=\"og:locale\" content=\"cs_CZ\" \/>\n<meta property=\"og:type\" content=\"article\" \/>\n<meta property=\"og:title\" content=\"Zlevn\u011bn\u00fd Lepidlo cementov\u00e9 STEGU MULTIELASTIK\u00a0PRO\u00a0C2TE\u00a0S1 25\u00a0kg -\" \/>\n<meta property=\"og:description\" content=\"Lepidlo MULTIELASTIK PRO je pr\u016fmyslov\u011b p\u0159ipravovan\u00e1 such\u00e1 sm\u011bs anorganick\u00e9ho a organick\u00e9ho pojiva, anorganick\u00fdch plniv a modifikuj\u00edc\u00edch p\u0159\u00edm\u011bs\u00ed. Po sm\u00edsen\u00ed s vodou tvo\u0159\u00ed sourodou hmotu, kter\u00e1 se aplikuje v tenk\u00e9 vrstv\u011b na podklad a vyzna\u010duje se rychl\u00fdm dosa\u017een\u00edm maxim\u00e1ln\u00ed p\u0159ilnavosti, po\u010d\u00e1te\u010dn\u00ed pevnosti a po zatvrdnut\u00ed je mrazuvzdorn\u00e1 a vodovzdorn\u00e1. V\u00fdrobek je ur\u010den k lepen\u00ed betonov\u00fdch obklad\u016f [&hellip;]\" \/>\n<meta property=\"og:url\" content=\"https:\/\/www.koupelnapro.com\/index.php\/produkt\/zlevneny-lepidlo-cementove-stegu-multielastik-pro-c2te-s1-25-kg-73734\/\" \/>\n<meta property=\"og:image\" content=\"https:\/\/www.koupelnapro.com\/wp-content\/uploads\/2026\/SK0004234-CZ20260425-091842-0-1777079922-tablet-file.webp\" \/>\n\t<meta property=\"og:image:width\" content=\"800\" \/>\n\t<meta property=\"og:image:height\" content=\"800\" \/>\n\t<meta property=\"og:image:type\" content=\"image\/webp\" \/>\n<meta name=\"twitter:card\" content=\"summary_large_image\" \/>\n<meta name=\"twitter:label1\" content=\"Odhadovan\u00e1 doba \u010dten\u00ed\" \/>\n\t<meta name=\"twitter:data1\" content=\"4 minuty\" \/>\n<script type=\"application\/ld+json\" class=\"yoast-schema-graph\">{\"@context\":\"https:\/\/schema.org\",\"@graph\":[{\"@type\":\"WebPage\",\"@id\":\"https:\/\/www.koupelnapro.com\/index.php\/produkt\/zlevneny-lepidlo-cementove-stegu-multielastik-pro-c2te-s1-25-kg-73734\/\",\"url\":\"https:\/\/www.koupelnapro.com\/index.php\/produkt\/zlevneny-lepidlo-cementove-stegu-multielastik-pro-c2te-s1-25-kg-73734\/\",\"name\":\"Zlevn\u011bn\u00fd Lepidlo cementov\u00e9 STEGU MULTIELASTIK\u00a0PRO\u00a0C2TE\u00a0S1 25\u00a0kg -\",\"isPartOf\":{\"@id\":\"https:\/\/www.koupelnapro.com\/#website\"},\"primaryImageOfPage\":{\"@id\":\"https:\/\/www.koupelnapro.com\/index.php\/produkt\/zlevneny-lepidlo-cementove-stegu-multielastik-pro-c2te-s1-25-kg-73734\/#primaryimage\"},\"image\":{\"@id\":\"https:\/\/www.koupelnapro.com\/index.php\/produkt\/zlevneny-lepidlo-cementove-stegu-multielastik-pro-c2te-s1-25-kg-73734\/#primaryimage\"},\"thumbnailUrl\":\"https:\/\/www.koupelnapro.com\/wp-content\/uploads\/2026\/SK0004234-CZ20260425-091842-0-1777079922-tablet-file.webp\",\"datePublished\":\"2026-04-26T09:18:37+00:00\",\"breadcrumb\":{\"@id\":\"https:\/\/www.koupelnapro.com\/index.php\/produkt\/zlevneny-lepidlo-cementove-stegu-multielastik-pro-c2te-s1-25-kg-73734\/#breadcrumb\"},\"inLanguage\":\"cs\",\"potentialAction\":[{\"@type\":\"ReadAction\",\"target\":[\"https:\/\/www.koupelnapro.com\/index.php\/produkt\/zlevneny-lepidlo-cementove-stegu-multielastik-pro-c2te-s1-25-kg-73734\/\"]}]},{\"@type\":\"ImageObject\",\"inLanguage\":\"cs\",\"@id\":\"https:\/\/www.koupelnapro.com\/index.php\/produkt\/zlevneny-lepidlo-cementove-stegu-multielastik-pro-c2te-s1-25-kg-73734\/#primaryimage\",\"url\":\"https:\/\/www.koupelnapro.com\/wp-content\/uploads\/2026\/SK0004234-CZ20260425-091842-0-1777079922-tablet-file.webp\",\"contentUrl\":\"https:\/\/www.koupelnapro.com\/wp-content\/uploads\/2026\/SK0004234-CZ20260425-091842-0-1777079922-tablet-file.webp\",\"width\":800,\"height\":800},{\"@type\":\"BreadcrumbList\",\"@id\":\"https:\/\/www.koupelnapro.com\/index.php\/produkt\/zlevneny-lepidlo-cementove-stegu-multielastik-pro-c2te-s1-25-kg-73734\/#breadcrumb\",\"itemListElement\":[{\"@type\":\"ListItem\",\"position\":1,\"name\":\"Home\",\"item\":\"https:\/\/www.koupelnapro.com\/\"},{\"@type\":\"ListItem\",\"position\":2,\"name\":\"Products\",\"item\":\"https:\/\/www.koupelnapro.com\/index.php\/products\/\"},{\"@type\":\"ListItem\",\"position\":3,\"name\":\"Zlevn\u011bn\u00fd Lepidlo cementov\u00e9 STEGU MULTIELASTIK\u00a0PRO\u00a0C2TE\u00a0S1 25\u00a0kg\"}]},{\"@type\":\"WebSite\",\"@id\":\"https:\/\/www.koupelnapro.com\/#website\",\"url\":\"https:\/\/www.koupelnapro.com\/\",\"name\":\"\",\"description\":\"\",\"potentialAction\":[{\"@type\":\"SearchAction\",\"target\":{\"@type\":\"EntryPoint\",\"urlTemplate\":\"https:\/\/www.koupelnapro.com\/?s={search_term_string}\"},\"query-input\":{\"@type\":\"PropertyValueSpecification\",\"valueRequired\":true,\"valueName\":\"search_term_string\"}}],\"inLanguage\":\"cs\"}]}<\/script>\n<!-- \/ Yoast SEO plugin. -->","yoast_head_json":{"title":"Zlevn\u011bn\u00fd Lepidlo cementov\u00e9 STEGU MULTIELASTIK\u00a0PRO\u00a0C2TE\u00a0S1 25\u00a0kg -","robots":{"index":"index","follow":"follow","max-snippet":"max-snippet:-1","max-image-preview":"max-image-preview:large","max-video-preview":"max-video-preview:-1"},"canonical":"https:\/\/www.koupelnapro.com\/index.php\/produkt\/zlevneny-lepidlo-cementove-stegu-multielastik-pro-c2te-s1-25-kg-73734\/","og_locale":"cs_CZ","og_type":"article","og_title":"Zlevn\u011bn\u00fd Lepidlo cementov\u00e9 STEGU MULTIELASTIK\u00a0PRO\u00a0C2TE\u00a0S1 25\u00a0kg -","og_description":"Lepidlo MULTIELASTIK PRO je pr\u016fmyslov\u011b p\u0159ipravovan\u00e1 such\u00e1 sm\u011bs anorganick\u00e9ho a organick\u00e9ho pojiva, anorganick\u00fdch plniv a modifikuj\u00edc\u00edch p\u0159\u00edm\u011bs\u00ed. Po sm\u00edsen\u00ed s vodou tvo\u0159\u00ed sourodou hmotu, kter\u00e1 se aplikuje v tenk\u00e9 vrstv\u011b na podklad a vyzna\u010duje se rychl\u00fdm dosa\u017een\u00edm maxim\u00e1ln\u00ed p\u0159ilnavosti, po\u010d\u00e1te\u010dn\u00ed pevnosti a po zatvrdnut\u00ed je mrazuvzdorn\u00e1 a vodovzdorn\u00e1. V\u00fdrobek je ur\u010den k lepen\u00ed betonov\u00fdch obklad\u016f [&hellip;]","og_url":"https:\/\/www.koupelnapro.com\/index.php\/produkt\/zlevneny-lepidlo-cementove-stegu-multielastik-pro-c2te-s1-25-kg-73734\/","og_image":[{"width":800,"height":800,"url":"https:\/\/www.koupelnapro.com\/wp-content\/uploads\/2026\/SK0004234-CZ20260425-091842-0-1777079922-tablet-file.webp","type":"image\/webp"}],"twitter_card":"summary_large_image","twitter_misc":{"Odhadovan\u00e1 doba \u010dten\u00ed":"4 minuty"},"schema":{"@context":"https:\/\/schema.org","@graph":[{"@type":"WebPage","@id":"https:\/\/www.koupelnapro.com\/index.php\/produkt\/zlevneny-lepidlo-cementove-stegu-multielastik-pro-c2te-s1-25-kg-73734\/","url":"https:\/\/www.koupelnapro.com\/index.php\/produkt\/zlevneny-lepidlo-cementove-stegu-multielastik-pro-c2te-s1-25-kg-73734\/","name":"Zlevn\u011bn\u00fd Lepidlo cementov\u00e9 STEGU MULTIELASTIK\u00a0PRO\u00a0C2TE\u00a0S1 25\u00a0kg -","isPartOf":{"@id":"https:\/\/www.koupelnapro.com\/#website"},"primaryImageOfPage":{"@id":"https:\/\/www.koupelnapro.com\/index.php\/produkt\/zlevneny-lepidlo-cementove-stegu-multielastik-pro-c2te-s1-25-kg-73734\/#primaryimage"},"image":{"@id":"https:\/\/www.koupelnapro.com\/index.php\/produkt\/zlevneny-lepidlo-cementove-stegu-multielastik-pro-c2te-s1-25-kg-73734\/#primaryimage"},"thumbnailUrl":"https:\/\/www.koupelnapro.com\/wp-content\/uploads\/2026\/SK0004234-CZ20260425-091842-0-1777079922-tablet-file.webp","datePublished":"2026-04-26T09:18:37+00:00","breadcrumb":{"@id":"https:\/\/www.koupelnapro.com\/index.php\/produkt\/zlevneny-lepidlo-cementove-stegu-multielastik-pro-c2te-s1-25-kg-73734\/#breadcrumb"},"inLanguage":"cs","potentialAction":[{"@type":"ReadAction","target":["https:\/\/www.koupelnapro.com\/index.php\/produkt\/zlevneny-lepidlo-cementove-stegu-multielastik-pro-c2te-s1-25-kg-73734\/"]}]},{"@type":"ImageObject","inLanguage":"cs","@id":"https:\/\/www.koupelnapro.com\/index.php\/produkt\/zlevneny-lepidlo-cementove-stegu-multielastik-pro-c2te-s1-25-kg-73734\/#primaryimage","url":"https:\/\/www.koupelnapro.com\/wp-content\/uploads\/2026\/SK0004234-CZ20260425-091842-0-1777079922-tablet-file.webp","contentUrl":"https:\/\/www.koupelnapro.com\/wp-content\/uploads\/2026\/SK0004234-CZ20260425-091842-0-1777079922-tablet-file.webp","width":800,"height":800},{"@type":"BreadcrumbList","@id":"https:\/\/www.koupelnapro.com\/index.php\/produkt\/zlevneny-lepidlo-cementove-stegu-multielastik-pro-c2te-s1-25-kg-73734\/#breadcrumb","itemListElement":[{"@type":"ListItem","position":1,"name":"Home","item":"https:\/\/www.koupelnapro.com\/"},{"@type":"ListItem","position":2,"name":"Products","item":"https:\/\/www.koupelnapro.com\/index.php\/products\/"},{"@type":"ListItem","position":3,"name":"Zlevn\u011bn\u00fd Lepidlo cementov\u00e9 STEGU MULTIELASTIK\u00a0PRO\u00a0C2TE\u00a0S1 25\u00a0kg"}]},{"@type":"WebSite","@id":"https:\/\/www.koupelnapro.com\/#website","url":"https:\/\/www.koupelnapro.com\/","name":"","description":"","potentialAction":[{"@type":"SearchAction","target":{"@type":"EntryPoint","urlTemplate":"https:\/\/www.koupelnapro.com\/?s={search_term_string}"},"query-input":{"@type":"PropertyValueSpecification","valueRequired":true,"valueName":"search_term_string"}}],"inLanguage":"cs"}]}},"_links":{"self":[{"href":"https:\/\/www.koupelnapro.com\/index.php\/wp-json\/wp\/v2\/product\/73734","targetHints":{"allow":["GET"]}}],"collection":[{"href":"https:\/\/www.koupelnapro.com\/index.php\/wp-json\/wp\/v2\/product"}],"about":[{"href":"https:\/\/www.koupelnapro.com\/index.php\/wp-json\/wp\/v2\/types\/product"}],"replies":[{"embeddable":true,"href":"https:\/\/www.koupelnapro.com\/index.php\/wp-json\/wp\/v2\/comments?post=73734"}],"wp:featuredmedia":[{"embeddable":true,"href":"https:\/\/www.koupelnapro.com\/index.php\/wp-json\/wp\/v2\/media\/73834"}],"wp:attachment":[{"href":"https:\/\/www.koupelnapro.com\/index.php\/wp-json\/wp\/v2\/media?parent=73734"}],"wp:term":[{"taxonomy":"product_brand","embeddable":true,"href":"https:\/\/www.koupelnapro.com\/index.php\/wp-json\/wp\/v2\/product_brand?post=73734"},{"taxonomy":"product_cat","embeddable":true,"href":"https:\/\/www.koupelnapro.com\/index.php\/wp-json\/wp\/v2\/product_cat?post=73734"},{"taxonomy":"product_tag","embeddable":true,"href":"https:\/\/www.koupelnapro.com\/index.php\/wp-json\/wp\/v2\/product_tag?post=73734"}],"curies":[{"name":"wp","href":"https:\/\/api.w.org\/{rel}","templated":true}]}}