{"id":73731,"date":"2026-04-26T09:18:37","date_gmt":"2026-04-26T09:18:37","guid":{"rendered":""},"modified":"2026-04-26T09:18:37","modified_gmt":"2026-04-26T09:18:37","slug":"znackovy-malta-sparovaci-stegu-classic-7-kg-jemna-kremova-73731","status":"publish","type":"product","link":"https:\/\/www.koupelnapro.com\/index.php\/produkt\/znackovy-malta-sparovaci-stegu-classic-7-kg-jemna-kremova-73731\/","title":{"rendered":"Zna\u010dkov\u00fd Malta sp\u00e1rovac\u00ed STEGU CLASSIC\u00a07\u00a0kg jemn\u00e1,\u00a0kr\u00e9mov\u00e1"},"content":{"rendered":"<div class=\"content-actual\">\n<p>Univerz\u00e1ln\u00ed sp\u00e1rovac\u00ed malta Sp\u00e1rovac\u00ed malta CLASSIC\u00a0se pou\u017e\u00edv\u00e1 p\u0159edev\u0161\u00edm pro sp\u00e1rov\u00e1n\u00ed cihlov\u00fdch obklad\u016f STEGU. Balen\u00ed je vyr\u00e1b\u011bno ve \u010dty\u0159ech barevn\u00fdch odst\u00ednech: b\u00edl\u00e9, b\u00e9\u017eov\u00e9, \u0161ed\u00e9 a grafitov\u00e9. Hmota se vyzna\u010duje zv\u00fd\u0161enou plasticitou, p\u0159ilnavost\u00ed k podkladu a odolnost\u00ed v\u016f\u010di pov\u011btrnostn\u00edm podm\u00ednk\u00e1m. M\u016f\u017ee b\u00fdt pou\u017eita v interi\u00e9ru i na vn\u011bj\u0161\u00ed fas\u00e1dy budov a staveb. Pou\u017eit\u00ed tmelu fas\u00e1dn\u00ed obklady p\u0159\u00edrodn\u00ed k\u00e1men betonov\u00e9 dla\u017edice imituj\u00edc\u00ed cihly dekorativn\u00ed obklady STEGU P\u0159\u00edprava podkladu P\u0159ed sp\u00e1rov\u00e1n\u00edm obklad\u016f mus\u00ed b\u00fdt povrch such\u00fd, \u010dist\u00fd a zbaven ne\u010distot. P\u0159\u00edprava tmelu P\u0159ipravte 2 kg such\u00e9 sm\u011bsi tmelu do \u010dist\u00e9 n\u00e1doby a p\u0159idejte 0,33 l vody. Za intenzivn\u00edho m\u00edch\u00e1n\u00ed vznikne homogenn\u00ed sm\u011bs, kterou nechte odst\u00e1t a po 3 minut\u00e1ch ji op\u011bt prom\u00edchejte. Hmotu aplikujte sp\u00e1rovac\u00ed l\u017eic\u00ed nebo sp\u00e1rovac\u00edm pytlem, kter\u00fd m\u00e1 otvor o pr\u016fm\u011bru cca 8 mm. Po asi 2 minut\u00e1ch se tmel ve sp\u00e1r\u00e1ch usad\u00ed. P\u0159ebytek tmelu odstra\u0148te \u0161pachtl\u00ed a sp\u00e1ru za\u010dist\u011bte vlhk\u00fdm \u0161t\u011btcem. Doba tuhnut\u00ed tmelu je cca 15 minut dle teplotn\u00edch podm\u00ednek p\u0159i sp\u00e1rov\u00e1n\u00ed. Skladov\u00e1n\u00ed Sp\u00e1rovac\u00ed tmel je t\u0159eba skladovat v chladn\u00e9m a such\u00e9m m\u00edst\u011b v p\u016fvodn\u00edm neporu\u0161en\u00e9m obalu. Doporu\u010den\u00ed Sp\u00e1rov\u00e1n\u00ed se prov\u00e1d\u00ed v suchu a p\u0159i teplot\u00e1ch vzduchu 5 &#8211; 20 \u00b0C. \u010cerstv\u00e9 sp\u00e1ry chra\u0148te p\u0159ed de\u0161t\u011bm, sluncem a poklesem teploty pod 5 \u00b0C alespo\u0148 24 hodin po ukon\u010den\u00ed pr\u00e1ce. Vzhledem k r\u016fznorodosti stavebn\u00edch materi\u00e1l\u016f dostupn\u00fdch na trhu, mus\u00ed b\u00fdt p\u0159ed sp\u00e1rov\u00e1n\u00edm provedeny zkou\u0161ky za \u00fa\u010delem vylou\u010den\u00ed jak\u00e9hokoliv nep\u0159edv\u00eddateln\u00e9ho probl\u00e9mu, kter\u00fd m\u016f\u017ee nastat b\u011bhem sp\u00e1rov\u00e1n\u00ed.<\/p>\n<\/p><\/div>\n<\/p><\/div>\n","protected":false},"excerpt":{"rendered":"<p>Univerz\u00e1ln\u00ed sp\u00e1rovac\u00ed malta Sp\u00e1rovac\u00ed malta CLASSIC\u00a0se pou\u017e\u00edv\u00e1 p\u0159edev\u0161\u00edm pro sp\u00e1rov\u00e1n\u00ed cihlov\u00fdch obklad\u016f STEGU. Balen\u00ed je vyr\u00e1b\u011bno ve \u010dty\u0159ech barevn\u00fdch odst\u00ednech: b\u00edl\u00e9, b\u00e9\u017eov\u00e9, \u0161ed\u00e9 a grafitov\u00e9. Hmota se vyzna\u010duje zv\u00fd\u0161enou plasticitou, p\u0159ilnavost\u00ed k podkladu a odolnost\u00ed v\u016f\u010di pov\u011btrnostn\u00edm podm\u00ednk\u00e1m. M\u016f\u017ee b\u00fdt pou\u017eita v interi\u00e9ru i na vn\u011bj\u0161\u00ed fas\u00e1dy budov a staveb. Pou\u017eit\u00ed tmelu fas\u00e1dn\u00ed obklady p\u0159\u00edrodn\u00ed [&hellip;]<\/p>\n","protected":false},"featured_media":73831,"comment_status":"open","ping_status":"open","template":"","meta":[],"product_brand":[],"product_cat":[73],"product_tag":[],"class_list":{"0":"post-73731","1":"product","2":"type-product","3":"status-publish","4":"has-post-thumbnail","6":"product_cat-sypke-smesi-omitky-a-malty","8":"first","9":"instock","10":"sale","11":"shipping-taxable","12":"purchasable","13":"product-type-simple"},"yoast_head":"<!-- This site is optimized with the Yoast SEO plugin v26.8 - https:\/\/yoast.com\/product\/yoast-seo-wordpress\/ -->\n<title>Zna\u010dkov\u00fd Malta sp\u00e1rovac\u00ed STEGU CLASSIC\u00a07\u00a0kg jemn\u00e1,\u00a0kr\u00e9mov\u00e1 -<\/title>\n<meta name=\"robots\" content=\"index, follow, max-snippet:-1, max-image-preview:large, max-video-preview:-1\" \/>\n<link rel=\"canonical\" href=\"https:\/\/www.koupelnapro.com\/index.php\/produkt\/znackovy-malta-sparovaci-stegu-classic-7-kg-jemna-kremova-73731\/\" \/>\n<meta property=\"og:locale\" content=\"cs_CZ\" \/>\n<meta property=\"og:type\" content=\"article\" \/>\n<meta property=\"og:title\" content=\"Zna\u010dkov\u00fd Malta sp\u00e1rovac\u00ed STEGU CLASSIC\u00a07\u00a0kg jemn\u00e1,\u00a0kr\u00e9mov\u00e1 -\" \/>\n<meta property=\"og:description\" content=\"Univerz\u00e1ln\u00ed sp\u00e1rovac\u00ed malta Sp\u00e1rovac\u00ed malta CLASSIC\u00a0se pou\u017e\u00edv\u00e1 p\u0159edev\u0161\u00edm pro sp\u00e1rov\u00e1n\u00ed cihlov\u00fdch obklad\u016f STEGU. Balen\u00ed je vyr\u00e1b\u011bno ve \u010dty\u0159ech barevn\u00fdch odst\u00ednech: b\u00edl\u00e9, b\u00e9\u017eov\u00e9, \u0161ed\u00e9 a grafitov\u00e9. Hmota se vyzna\u010duje zv\u00fd\u0161enou plasticitou, p\u0159ilnavost\u00ed k podkladu a odolnost\u00ed v\u016f\u010di pov\u011btrnostn\u00edm podm\u00ednk\u00e1m. M\u016f\u017ee b\u00fdt pou\u017eita v interi\u00e9ru i na vn\u011bj\u0161\u00ed fas\u00e1dy budov a staveb. Pou\u017eit\u00ed tmelu fas\u00e1dn\u00ed obklady p\u0159\u00edrodn\u00ed [&hellip;]\" \/>\n<meta property=\"og:url\" content=\"https:\/\/www.koupelnapro.com\/index.php\/produkt\/znackovy-malta-sparovaci-stegu-classic-7-kg-jemna-kremova-73731\/\" \/>\n<meta property=\"og:image\" content=\"https:\/\/www.koupelnapro.com\/wp-content\/uploads\/2026\/SK0004231-CZ20260425-091842-0-1777079922-tablet-file.webp\" \/>\n\t<meta property=\"og:image:width\" content=\"800\" \/>\n\t<meta property=\"og:image:height\" content=\"800\" \/>\n\t<meta property=\"og:image:type\" content=\"image\/webp\" \/>\n<meta name=\"twitter:card\" content=\"summary_large_image\" \/>\n<meta name=\"twitter:label1\" content=\"Odhadovan\u00e1 doba \u010dten\u00ed\" \/>\n\t<meta name=\"twitter:data1\" content=\"2 minuty\" \/>\n<script type=\"application\/ld+json\" class=\"yoast-schema-graph\">{\"@context\":\"https:\/\/schema.org\",\"@graph\":[{\"@type\":\"WebPage\",\"@id\":\"https:\/\/www.koupelnapro.com\/index.php\/produkt\/znackovy-malta-sparovaci-stegu-classic-7-kg-jemna-kremova-73731\/\",\"url\":\"https:\/\/www.koupelnapro.com\/index.php\/produkt\/znackovy-malta-sparovaci-stegu-classic-7-kg-jemna-kremova-73731\/\",\"name\":\"Zna\u010dkov\u00fd Malta sp\u00e1rovac\u00ed STEGU CLASSIC\u00a07\u00a0kg jemn\u00e1,\u00a0kr\u00e9mov\u00e1 -\",\"isPartOf\":{\"@id\":\"https:\/\/www.koupelnapro.com\/#website\"},\"primaryImageOfPage\":{\"@id\":\"https:\/\/www.koupelnapro.com\/index.php\/produkt\/znackovy-malta-sparovaci-stegu-classic-7-kg-jemna-kremova-73731\/#primaryimage\"},\"image\":{\"@id\":\"https:\/\/www.koupelnapro.com\/index.php\/produkt\/znackovy-malta-sparovaci-stegu-classic-7-kg-jemna-kremova-73731\/#primaryimage\"},\"thumbnailUrl\":\"https:\/\/www.koupelnapro.com\/wp-content\/uploads\/2026\/SK0004231-CZ20260425-091842-0-1777079922-tablet-file.webp\",\"datePublished\":\"2026-04-26T09:18:37+00:00\",\"breadcrumb\":{\"@id\":\"https:\/\/www.koupelnapro.com\/index.php\/produkt\/znackovy-malta-sparovaci-stegu-classic-7-kg-jemna-kremova-73731\/#breadcrumb\"},\"inLanguage\":\"cs\",\"potentialAction\":[{\"@type\":\"ReadAction\",\"target\":[\"https:\/\/www.koupelnapro.com\/index.php\/produkt\/znackovy-malta-sparovaci-stegu-classic-7-kg-jemna-kremova-73731\/\"]}]},{\"@type\":\"ImageObject\",\"inLanguage\":\"cs\",\"@id\":\"https:\/\/www.koupelnapro.com\/index.php\/produkt\/znackovy-malta-sparovaci-stegu-classic-7-kg-jemna-kremova-73731\/#primaryimage\",\"url\":\"https:\/\/www.koupelnapro.com\/wp-content\/uploads\/2026\/SK0004231-CZ20260425-091842-0-1777079922-tablet-file.webp\",\"contentUrl\":\"https:\/\/www.koupelnapro.com\/wp-content\/uploads\/2026\/SK0004231-CZ20260425-091842-0-1777079922-tablet-file.webp\",\"width\":800,\"height\":800},{\"@type\":\"BreadcrumbList\",\"@id\":\"https:\/\/www.koupelnapro.com\/index.php\/produkt\/znackovy-malta-sparovaci-stegu-classic-7-kg-jemna-kremova-73731\/#breadcrumb\",\"itemListElement\":[{\"@type\":\"ListItem\",\"position\":1,\"name\":\"Home\",\"item\":\"https:\/\/www.koupelnapro.com\/\"},{\"@type\":\"ListItem\",\"position\":2,\"name\":\"Products\",\"item\":\"https:\/\/www.koupelnapro.com\/index.php\/products\/\"},{\"@type\":\"ListItem\",\"position\":3,\"name\":\"Zna\u010dkov\u00fd Malta sp\u00e1rovac\u00ed STEGU CLASSIC\u00a07\u00a0kg jemn\u00e1,\u00a0kr\u00e9mov\u00e1\"}]},{\"@type\":\"WebSite\",\"@id\":\"https:\/\/www.koupelnapro.com\/#website\",\"url\":\"https:\/\/www.koupelnapro.com\/\",\"name\":\"\",\"description\":\"\",\"potentialAction\":[{\"@type\":\"SearchAction\",\"target\":{\"@type\":\"EntryPoint\",\"urlTemplate\":\"https:\/\/www.koupelnapro.com\/?s={search_term_string}\"},\"query-input\":{\"@type\":\"PropertyValueSpecification\",\"valueRequired\":true,\"valueName\":\"search_term_string\"}}],\"inLanguage\":\"cs\"}]}<\/script>\n<!-- \/ Yoast SEO plugin. -->","yoast_head_json":{"title":"Zna\u010dkov\u00fd Malta sp\u00e1rovac\u00ed STEGU CLASSIC\u00a07\u00a0kg jemn\u00e1,\u00a0kr\u00e9mov\u00e1 -","robots":{"index":"index","follow":"follow","max-snippet":"max-snippet:-1","max-image-preview":"max-image-preview:large","max-video-preview":"max-video-preview:-1"},"canonical":"https:\/\/www.koupelnapro.com\/index.php\/produkt\/znackovy-malta-sparovaci-stegu-classic-7-kg-jemna-kremova-73731\/","og_locale":"cs_CZ","og_type":"article","og_title":"Zna\u010dkov\u00fd Malta sp\u00e1rovac\u00ed STEGU CLASSIC\u00a07\u00a0kg jemn\u00e1,\u00a0kr\u00e9mov\u00e1 -","og_description":"Univerz\u00e1ln\u00ed sp\u00e1rovac\u00ed malta Sp\u00e1rovac\u00ed malta CLASSIC\u00a0se pou\u017e\u00edv\u00e1 p\u0159edev\u0161\u00edm pro sp\u00e1rov\u00e1n\u00ed cihlov\u00fdch obklad\u016f STEGU. Balen\u00ed je vyr\u00e1b\u011bno ve \u010dty\u0159ech barevn\u00fdch odst\u00ednech: b\u00edl\u00e9, b\u00e9\u017eov\u00e9, \u0161ed\u00e9 a grafitov\u00e9. Hmota se vyzna\u010duje zv\u00fd\u0161enou plasticitou, p\u0159ilnavost\u00ed k podkladu a odolnost\u00ed v\u016f\u010di pov\u011btrnostn\u00edm podm\u00ednk\u00e1m. M\u016f\u017ee b\u00fdt pou\u017eita v interi\u00e9ru i na vn\u011bj\u0161\u00ed fas\u00e1dy budov a staveb. Pou\u017eit\u00ed tmelu fas\u00e1dn\u00ed obklady p\u0159\u00edrodn\u00ed [&hellip;]","og_url":"https:\/\/www.koupelnapro.com\/index.php\/produkt\/znackovy-malta-sparovaci-stegu-classic-7-kg-jemna-kremova-73731\/","og_image":[{"width":800,"height":800,"url":"https:\/\/www.koupelnapro.com\/wp-content\/uploads\/2026\/SK0004231-CZ20260425-091842-0-1777079922-tablet-file.webp","type":"image\/webp"}],"twitter_card":"summary_large_image","twitter_misc":{"Odhadovan\u00e1 doba \u010dten\u00ed":"2 minuty"},"schema":{"@context":"https:\/\/schema.org","@graph":[{"@type":"WebPage","@id":"https:\/\/www.koupelnapro.com\/index.php\/produkt\/znackovy-malta-sparovaci-stegu-classic-7-kg-jemna-kremova-73731\/","url":"https:\/\/www.koupelnapro.com\/index.php\/produkt\/znackovy-malta-sparovaci-stegu-classic-7-kg-jemna-kremova-73731\/","name":"Zna\u010dkov\u00fd Malta sp\u00e1rovac\u00ed STEGU CLASSIC\u00a07\u00a0kg jemn\u00e1,\u00a0kr\u00e9mov\u00e1 -","isPartOf":{"@id":"https:\/\/www.koupelnapro.com\/#website"},"primaryImageOfPage":{"@id":"https:\/\/www.koupelnapro.com\/index.php\/produkt\/znackovy-malta-sparovaci-stegu-classic-7-kg-jemna-kremova-73731\/#primaryimage"},"image":{"@id":"https:\/\/www.koupelnapro.com\/index.php\/produkt\/znackovy-malta-sparovaci-stegu-classic-7-kg-jemna-kremova-73731\/#primaryimage"},"thumbnailUrl":"https:\/\/www.koupelnapro.com\/wp-content\/uploads\/2026\/SK0004231-CZ20260425-091842-0-1777079922-tablet-file.webp","datePublished":"2026-04-26T09:18:37+00:00","breadcrumb":{"@id":"https:\/\/www.koupelnapro.com\/index.php\/produkt\/znackovy-malta-sparovaci-stegu-classic-7-kg-jemna-kremova-73731\/#breadcrumb"},"inLanguage":"cs","potentialAction":[{"@type":"ReadAction","target":["https:\/\/www.koupelnapro.com\/index.php\/produkt\/znackovy-malta-sparovaci-stegu-classic-7-kg-jemna-kremova-73731\/"]}]},{"@type":"ImageObject","inLanguage":"cs","@id":"https:\/\/www.koupelnapro.com\/index.php\/produkt\/znackovy-malta-sparovaci-stegu-classic-7-kg-jemna-kremova-73731\/#primaryimage","url":"https:\/\/www.koupelnapro.com\/wp-content\/uploads\/2026\/SK0004231-CZ20260425-091842-0-1777079922-tablet-file.webp","contentUrl":"https:\/\/www.koupelnapro.com\/wp-content\/uploads\/2026\/SK0004231-CZ20260425-091842-0-1777079922-tablet-file.webp","width":800,"height":800},{"@type":"BreadcrumbList","@id":"https:\/\/www.koupelnapro.com\/index.php\/produkt\/znackovy-malta-sparovaci-stegu-classic-7-kg-jemna-kremova-73731\/#breadcrumb","itemListElement":[{"@type":"ListItem","position":1,"name":"Home","item":"https:\/\/www.koupelnapro.com\/"},{"@type":"ListItem","position":2,"name":"Products","item":"https:\/\/www.koupelnapro.com\/index.php\/products\/"},{"@type":"ListItem","position":3,"name":"Zna\u010dkov\u00fd Malta sp\u00e1rovac\u00ed STEGU CLASSIC\u00a07\u00a0kg jemn\u00e1,\u00a0kr\u00e9mov\u00e1"}]},{"@type":"WebSite","@id":"https:\/\/www.koupelnapro.com\/#website","url":"https:\/\/www.koupelnapro.com\/","name":"","description":"","potentialAction":[{"@type":"SearchAction","target":{"@type":"EntryPoint","urlTemplate":"https:\/\/www.koupelnapro.com\/?s={search_term_string}"},"query-input":{"@type":"PropertyValueSpecification","valueRequired":true,"valueName":"search_term_string"}}],"inLanguage":"cs"}]}},"_links":{"self":[{"href":"https:\/\/www.koupelnapro.com\/index.php\/wp-json\/wp\/v2\/product\/73731","targetHints":{"allow":["GET"]}}],"collection":[{"href":"https:\/\/www.koupelnapro.com\/index.php\/wp-json\/wp\/v2\/product"}],"about":[{"href":"https:\/\/www.koupelnapro.com\/index.php\/wp-json\/wp\/v2\/types\/product"}],"replies":[{"embeddable":true,"href":"https:\/\/www.koupelnapro.com\/index.php\/wp-json\/wp\/v2\/comments?post=73731"}],"wp:featuredmedia":[{"embeddable":true,"href":"https:\/\/www.koupelnapro.com\/index.php\/wp-json\/wp\/v2\/media\/73831"}],"wp:attachment":[{"href":"https:\/\/www.koupelnapro.com\/index.php\/wp-json\/wp\/v2\/media?parent=73731"}],"wp:term":[{"taxonomy":"product_brand","embeddable":true,"href":"https:\/\/www.koupelnapro.com\/index.php\/wp-json\/wp\/v2\/product_brand?post=73731"},{"taxonomy":"product_cat","embeddable":true,"href":"https:\/\/www.koupelnapro.com\/index.php\/wp-json\/wp\/v2\/product_cat?post=73731"},{"taxonomy":"product_tag","embeddable":true,"href":"https:\/\/www.koupelnapro.com\/index.php\/wp-json\/wp\/v2\/product_tag?post=73731"}],"curies":[{"name":"wp","href":"https:\/\/api.w.org\/{rel}","templated":true}]}}