{"id":7126,"date":"2026-04-26T09:13:16","date_gmt":"2026-04-26T09:13:16","guid":{"rendered":""},"modified":"2026-04-26T09:13:16","modified_gmt":"2026-04-26T09:13:16","slug":"novinka-nizkoexpanzni-peny-den-braven-pistolova-zimni-nizkoexp-750ml-7126","status":"publish","type":"product","link":"https:\/\/www.koupelnapro.com\/index.php\/produkt\/novinka-nizkoexpanzni-peny-den-braven-pistolova-zimni-nizkoexp-750ml-7126\/","title":{"rendered":"Novinka N\u00edzkoexpanzn\u00ed p\u011bny DEN BRAVEN &#8211; Pistolov\u00e1 zimn\u00ed n\u00edzkoexp.750ml"},"content":{"rendered":"<div class=\"ResponseTabButton\">Popis produktu<\/div>\n<div class=\"TabContent\">\n<p align=\"justify\">Jednoslo\u017ekov\u00e1, speci\u00e1ln\u00ed izola\u010dn\u00ed a konstruk\u010dn\u00ed p\u011bna na b\u00e1zi vlhkem vytvrzuj\u00edc\u00edho polyuretanu. Speci\u00e1ln\u011b vyvinut\u00e1 pro po\u017eadavky n\u00edzk\u00e9 rozta\u017enosti a zv\u00fd\u0161en\u00e9 pevnosti a p\u0159edev\u0161\u00edm pro pr\u00e1ci v teplot\u00e1ch pod bodem mrazu.<\/p>\n<p><strong>Vlastnosti:<\/strong><\/p>\n<ul>\n<li>Kvalitn\u00ed rovnom\u011brn\u00e1 struktura i p\u0159i -15&deg;C<\/li>\n<li>Snadn\u00e1 a rychl\u00e1 aplikace<\/li>\n<li>N\u00edzkoexpanzn\u00ed<\/li>\n<li>Extra vysok\u00e1 v\u00fdt\u011b\u017enost<\/li>\n<li>Rychle vytvrzuje i p\u0159i n\u00edzk\u00fdch teplot\u00e1ch<\/li>\n<li>Vysok\u00e1 p\u0159ilnavost a lepivost k r\u016fzn\u00fdm stavebn\u00edm podklad\u016fm &#8211; beton, zdivo, k\u00e1men, d\u0159evo, polystyren, nem\u011bk\u010den\u00e9 PVC apod.<\/li>\n<li>Dobr\u00e1 zvukov\u00e1 a tepeln\u00e1 izolace<\/li>\n<li>Bez nutri\u010dn\u00ed hodnoty pro hmyz nebo hlodavce<\/li>\n<\/ul>\n<p><strong>Pou\u017eit\u00ed:<\/strong><\/p>\n<ul>\n<li>Mont\u00e1\u017ee v chladn\u00e9m po\u010das\u00ed a\u017e do -15&deg;C<\/li>\n<li>Vypl\u0148ov\u00e1n\u00ed sp\u00e1r p\u0159i mont\u00e1\u017ei okenn\u00edch r\u00e1m\u016f a dve\u0159n\u00edch z\u00e1rubn\u00ed v\u010detn\u011b oblo\u017ekov\u00fdch<\/li>\n<li>Izolace potrubn\u00edch syst\u00e9m\u016f<\/li>\n<li>V\u00fdpln\u011b d\u0159ev\u011bn\u00fdch obklad\u016f st\u011bn, izolace a zateplov\u00e1n\u00ed st\u0159e\u0161n\u00edch konstrukc\u00ed<\/li>\n<li>Vhodn\u00e1 p\u0159i vypl\u0148ov\u00e1n\u00ed sp\u00e1r mezi tepeln\u011b izola\u010dn\u00edmi deskami z materi\u00e1l\u016f EPS, XPS a z miner\u00e1ln\u00edch vl\u00e1ken<\/li>\n<\/ul>\n<p>&nbsp;<\/p>\n<p><strong>Technick\u00e9 \u00fadaje:<\/strong><\/p>\n<table>\n<tbody>\n<tr>\n<td>Tepeln\u00e1 odolnost<\/td>\n<td>&ndash;40 \/ +90&deg;C (po vytvrzen\u00ed)<\/td>\n<\/tr>\n<tr>\n<td>Teplota d\u00f3zy pro aplikaci<\/td>\n<td>nad +5&deg;C (optim\u00e1ln\u00ed +10 a\u017e +20)<\/td>\n<\/tr>\n<tr>\n<td>Aplika\u010dn\u00ed teplota<\/td>\n<td>-15 \/ +25&deg;C (optim\u00e1ln\u00ed +15 a\u017e +20)<\/td>\n<\/tr>\n<tr>\n<td>Doba vytvo\u0159en\u00ed nelepiv\u00e9 vrstvy<\/td>\n<td>&asymp; 10 &#8211; 15 minut<\/td>\n<\/tr>\n<tr>\n<td>\u0158ezatelnost<br \/>\t\t\t(v z\u00e1vislosti na rozm\u011brech sp\u00e1ry nebo dutiny)<\/td>\n<td>45 &#8211; 90 minut&nbsp; (p\u0159i -15&deg;C)<\/td>\n<\/tr>\n<tr>\n<td>\u00dapln\u00e9 vytvrzen\u00ed<br \/>\t\t\t(v z\u00e1vislosti na rozm\u011brech sp\u00e1ry nebo dutiny)<\/td>\n<td>5 &#8211; 48 hod. (v z\u00e1vislosti na teplot\u011b a rel.vlhkosti)<\/td>\n<\/tr>\n<\/tbody>\n<\/table><\/div>\n<\/p><\/div>\n<div id=\"ke-stazeni\" class=\"TabContentWrap\">\n<div class=\"ResponseTabButton\">Ke sta\u017een\u00ed<\/div>\n<div class=\"TabContent\">\n<div class=\"Table Downloads\">\n<div class=\"THead\">\n<div class=\"TableRow\">\n<div class=\"TableCell\">                    N\u00e1zev                <\/div>\n<div class=\"TableCell\">                    Jazyk                <\/div>\n<div class=\"TableCell\">                    Velikost                <\/div>\n<div class=\"TableCell\">                    Form\u00e1t                <\/div>\n<div class=\"TableCell\">&nbsp;<\/div>\n<\/p><\/div>\n<\/p><\/div>\n<div class=\"TBody\">\n<div class=\"TableRow\">\n<div class=\"TableCell\">Ekologicka-likvidace-odpadu<\/div>\n<div class=\"TableCell\"><\/div>\n<div class=\"TableCell\">160 kB<\/div>\n<div class=\"TableCell\">.pdf<\/div>\n<div class=\"TableCell ContentRight\">st\u00e1hnout<\/div>\n<\/div>\n<div class=\"TableRow\">\n<div class=\"TableCell\">Prohlaseni-o-shode<\/div>\n<div class=\"TableCell\"><\/div>\n<div class=\"TableCell\">344 kB<\/div>\n<div class=\"TableCell\">.pdf<\/div>\n<div class=\"TableCell ContentRight\">st\u00e1hnout<\/div>\n<\/div><\/div>\n<\/p><\/div>\n<\/p><\/div>\n<\/p><\/div>\n<\/p><\/div>\n<\/p><\/div>\n<\/div>\n","protected":false},"excerpt":{"rendered":"<p>Popis produktu Jednoslo\u017ekov\u00e1, speci\u00e1ln\u00ed izola\u010dn\u00ed a konstruk\u010dn\u00ed p\u011bna na b\u00e1zi vlhkem vytvrzuj\u00edc\u00edho polyuretanu. Speci\u00e1ln\u011b vyvinut\u00e1 pro po\u017eadavky n\u00edzk\u00e9 rozta\u017enosti a zv\u00fd\u0161en\u00e9 pevnosti a p\u0159edev\u0161\u00edm pro pr\u00e1ci v teplot\u00e1ch pod bodem mrazu. Vlastnosti: Kvalitn\u00ed rovnom\u011brn\u00e1 struktura i p\u0159i -15&deg;C Snadn\u00e1 a rychl\u00e1 aplikace N\u00edzkoexpanzn\u00ed Extra vysok\u00e1 v\u00fdt\u011b\u017enost Rychle vytvrzuje i p\u0159i n\u00edzk\u00fdch teplot\u00e1ch Vysok\u00e1 p\u0159ilnavost a [&hellip;]<\/p>\n","protected":false},"featured_media":7226,"comment_status":"open","ping_status":"open","template":"","meta":[],"product_brand":[],"product_cat":[51],"product_tag":[],"class_list":{"0":"post-7126","1":"product","2":"type-product","3":"status-publish","4":"has-post-thumbnail","6":"product_cat-spojovaci-material","8":"first","9":"instock","10":"sale","11":"shipping-taxable","12":"purchasable","13":"product-type-simple"},"yoast_head":"<!-- This site is optimized with the Yoast SEO plugin v26.8 - https:\/\/yoast.com\/product\/yoast-seo-wordpress\/ -->\n<title>Novinka N\u00edzkoexpanzn\u00ed p\u011bny DEN BRAVEN - Pistolov\u00e1 zimn\u00ed n\u00edzkoexp.750ml -<\/title>\n<meta name=\"robots\" content=\"index, follow, max-snippet:-1, max-image-preview:large, max-video-preview:-1\" \/>\n<link rel=\"canonical\" href=\"https:\/\/www.koupelnapro.com\/index.php\/produkt\/novinka-nizkoexpanzni-peny-den-braven-pistolova-zimni-nizkoexp-750ml-7126\/\" \/>\n<meta property=\"og:locale\" content=\"cs_CZ\" \/>\n<meta property=\"og:type\" content=\"article\" \/>\n<meta property=\"og:title\" content=\"Novinka N\u00edzkoexpanzn\u00ed p\u011bny DEN BRAVEN - Pistolov\u00e1 zimn\u00ed n\u00edzkoexp.750ml -\" \/>\n<meta property=\"og:description\" content=\"Popis produktu Jednoslo\u017ekov\u00e1, speci\u00e1ln\u00ed izola\u010dn\u00ed a konstruk\u010dn\u00ed p\u011bna na b\u00e1zi vlhkem vytvrzuj\u00edc\u00edho polyuretanu. Speci\u00e1ln\u011b vyvinut\u00e1 pro po\u017eadavky n\u00edzk\u00e9 rozta\u017enosti a zv\u00fd\u0161en\u00e9 pevnosti a p\u0159edev\u0161\u00edm pro pr\u00e1ci v teplot\u00e1ch pod bodem mrazu. Vlastnosti: Kvalitn\u00ed rovnom\u011brn\u00e1 struktura i p\u0159i -15&deg;C Snadn\u00e1 a rychl\u00e1 aplikace N\u00edzkoexpanzn\u00ed Extra vysok\u00e1 v\u00fdt\u011b\u017enost Rychle vytvrzuje i p\u0159i n\u00edzk\u00fdch teplot\u00e1ch Vysok\u00e1 p\u0159ilnavost a [&hellip;]\" \/>\n<meta property=\"og:url\" content=\"https:\/\/www.koupelnapro.com\/index.php\/produkt\/novinka-nizkoexpanzni-peny-den-braven-pistolova-zimni-nizkoexp-750ml-7126\/\" \/>\n<meta property=\"og:image\" content=\"https:\/\/www.koupelnapro.com\/wp-content\/uploads\/2026\/SK0003081-CZ20260425-091742-0-1777079863-P-043704-00.webp\" \/>\n\t<meta property=\"og:image:width\" content=\"312\" \/>\n\t<meta property=\"og:image:height\" content=\"500\" \/>\n\t<meta property=\"og:image:type\" content=\"image\/webp\" \/>\n<meta name=\"twitter:card\" content=\"summary_large_image\" \/>\n<meta name=\"twitter:label1\" content=\"Odhadovan\u00e1 doba \u010dten\u00ed\" \/>\n\t<meta name=\"twitter:data1\" content=\"2 minuty\" \/>\n<script type=\"application\/ld+json\" class=\"yoast-schema-graph\">{\"@context\":\"https:\/\/schema.org\",\"@graph\":[{\"@type\":\"WebPage\",\"@id\":\"https:\/\/www.koupelnapro.com\/index.php\/produkt\/novinka-nizkoexpanzni-peny-den-braven-pistolova-zimni-nizkoexp-750ml-7126\/\",\"url\":\"https:\/\/www.koupelnapro.com\/index.php\/produkt\/novinka-nizkoexpanzni-peny-den-braven-pistolova-zimni-nizkoexp-750ml-7126\/\",\"name\":\"Novinka N\u00edzkoexpanzn\u00ed p\u011bny DEN BRAVEN - Pistolov\u00e1 zimn\u00ed n\u00edzkoexp.750ml -\",\"isPartOf\":{\"@id\":\"https:\/\/www.koupelnapro.com\/#website\"},\"primaryImageOfPage\":{\"@id\":\"https:\/\/www.koupelnapro.com\/index.php\/produkt\/novinka-nizkoexpanzni-peny-den-braven-pistolova-zimni-nizkoexp-750ml-7126\/#primaryimage\"},\"image\":{\"@id\":\"https:\/\/www.koupelnapro.com\/index.php\/produkt\/novinka-nizkoexpanzni-peny-den-braven-pistolova-zimni-nizkoexp-750ml-7126\/#primaryimage\"},\"thumbnailUrl\":\"https:\/\/www.koupelnapro.com\/wp-content\/uploads\/2026\/SK0003081-CZ20260425-091742-0-1777079863-P-043704-00.webp\",\"datePublished\":\"2026-04-26T09:13:16+00:00\",\"breadcrumb\":{\"@id\":\"https:\/\/www.koupelnapro.com\/index.php\/produkt\/novinka-nizkoexpanzni-peny-den-braven-pistolova-zimni-nizkoexp-750ml-7126\/#breadcrumb\"},\"inLanguage\":\"cs\",\"potentialAction\":[{\"@type\":\"ReadAction\",\"target\":[\"https:\/\/www.koupelnapro.com\/index.php\/produkt\/novinka-nizkoexpanzni-peny-den-braven-pistolova-zimni-nizkoexp-750ml-7126\/\"]}]},{\"@type\":\"ImageObject\",\"inLanguage\":\"cs\",\"@id\":\"https:\/\/www.koupelnapro.com\/index.php\/produkt\/novinka-nizkoexpanzni-peny-den-braven-pistolova-zimni-nizkoexp-750ml-7126\/#primaryimage\",\"url\":\"https:\/\/www.koupelnapro.com\/wp-content\/uploads\/2026\/SK0003081-CZ20260425-091742-0-1777079863-P-043704-00.webp\",\"contentUrl\":\"https:\/\/www.koupelnapro.com\/wp-content\/uploads\/2026\/SK0003081-CZ20260425-091742-0-1777079863-P-043704-00.webp\",\"width\":312,\"height\":500},{\"@type\":\"BreadcrumbList\",\"@id\":\"https:\/\/www.koupelnapro.com\/index.php\/produkt\/novinka-nizkoexpanzni-peny-den-braven-pistolova-zimni-nizkoexp-750ml-7126\/#breadcrumb\",\"itemListElement\":[{\"@type\":\"ListItem\",\"position\":1,\"name\":\"Home\",\"item\":\"https:\/\/www.koupelnapro.com\/\"},{\"@type\":\"ListItem\",\"position\":2,\"name\":\"Products\",\"item\":\"https:\/\/www.koupelnapro.com\/index.php\/products\/\"},{\"@type\":\"ListItem\",\"position\":3,\"name\":\"Novinka N\u00edzkoexpanzn\u00ed p\u011bny DEN BRAVEN &#8211; Pistolov\u00e1 zimn\u00ed n\u00edzkoexp.750ml\"}]},{\"@type\":\"WebSite\",\"@id\":\"https:\/\/www.koupelnapro.com\/#website\",\"url\":\"https:\/\/www.koupelnapro.com\/\",\"name\":\"\",\"description\":\"\",\"potentialAction\":[{\"@type\":\"SearchAction\",\"target\":{\"@type\":\"EntryPoint\",\"urlTemplate\":\"https:\/\/www.koupelnapro.com\/?s={search_term_string}\"},\"query-input\":{\"@type\":\"PropertyValueSpecification\",\"valueRequired\":true,\"valueName\":\"search_term_string\"}}],\"inLanguage\":\"cs\"}]}<\/script>\n<!-- \/ Yoast SEO plugin. -->","yoast_head_json":{"title":"Novinka N\u00edzkoexpanzn\u00ed p\u011bny DEN BRAVEN - Pistolov\u00e1 zimn\u00ed n\u00edzkoexp.750ml -","robots":{"index":"index","follow":"follow","max-snippet":"max-snippet:-1","max-image-preview":"max-image-preview:large","max-video-preview":"max-video-preview:-1"},"canonical":"https:\/\/www.koupelnapro.com\/index.php\/produkt\/novinka-nizkoexpanzni-peny-den-braven-pistolova-zimni-nizkoexp-750ml-7126\/","og_locale":"cs_CZ","og_type":"article","og_title":"Novinka N\u00edzkoexpanzn\u00ed p\u011bny DEN BRAVEN - Pistolov\u00e1 zimn\u00ed n\u00edzkoexp.750ml -","og_description":"Popis produktu Jednoslo\u017ekov\u00e1, speci\u00e1ln\u00ed izola\u010dn\u00ed a konstruk\u010dn\u00ed p\u011bna na b\u00e1zi vlhkem vytvrzuj\u00edc\u00edho polyuretanu. Speci\u00e1ln\u011b vyvinut\u00e1 pro po\u017eadavky n\u00edzk\u00e9 rozta\u017enosti a zv\u00fd\u0161en\u00e9 pevnosti a p\u0159edev\u0161\u00edm pro pr\u00e1ci v teplot\u00e1ch pod bodem mrazu. Vlastnosti: Kvalitn\u00ed rovnom\u011brn\u00e1 struktura i p\u0159i -15&deg;C Snadn\u00e1 a rychl\u00e1 aplikace N\u00edzkoexpanzn\u00ed Extra vysok\u00e1 v\u00fdt\u011b\u017enost Rychle vytvrzuje i p\u0159i n\u00edzk\u00fdch teplot\u00e1ch Vysok\u00e1 p\u0159ilnavost a [&hellip;]","og_url":"https:\/\/www.koupelnapro.com\/index.php\/produkt\/novinka-nizkoexpanzni-peny-den-braven-pistolova-zimni-nizkoexp-750ml-7126\/","og_image":[{"width":312,"height":500,"url":"https:\/\/www.koupelnapro.com\/wp-content\/uploads\/2026\/SK0003081-CZ20260425-091742-0-1777079863-P-043704-00.webp","type":"image\/webp"}],"twitter_card":"summary_large_image","twitter_misc":{"Odhadovan\u00e1 doba \u010dten\u00ed":"2 minuty"},"schema":{"@context":"https:\/\/schema.org","@graph":[{"@type":"WebPage","@id":"https:\/\/www.koupelnapro.com\/index.php\/produkt\/novinka-nizkoexpanzni-peny-den-braven-pistolova-zimni-nizkoexp-750ml-7126\/","url":"https:\/\/www.koupelnapro.com\/index.php\/produkt\/novinka-nizkoexpanzni-peny-den-braven-pistolova-zimni-nizkoexp-750ml-7126\/","name":"Novinka N\u00edzkoexpanzn\u00ed p\u011bny DEN BRAVEN - Pistolov\u00e1 zimn\u00ed n\u00edzkoexp.750ml -","isPartOf":{"@id":"https:\/\/www.koupelnapro.com\/#website"},"primaryImageOfPage":{"@id":"https:\/\/www.koupelnapro.com\/index.php\/produkt\/novinka-nizkoexpanzni-peny-den-braven-pistolova-zimni-nizkoexp-750ml-7126\/#primaryimage"},"image":{"@id":"https:\/\/www.koupelnapro.com\/index.php\/produkt\/novinka-nizkoexpanzni-peny-den-braven-pistolova-zimni-nizkoexp-750ml-7126\/#primaryimage"},"thumbnailUrl":"https:\/\/www.koupelnapro.com\/wp-content\/uploads\/2026\/SK0003081-CZ20260425-091742-0-1777079863-P-043704-00.webp","datePublished":"2026-04-26T09:13:16+00:00","breadcrumb":{"@id":"https:\/\/www.koupelnapro.com\/index.php\/produkt\/novinka-nizkoexpanzni-peny-den-braven-pistolova-zimni-nizkoexp-750ml-7126\/#breadcrumb"},"inLanguage":"cs","potentialAction":[{"@type":"ReadAction","target":["https:\/\/www.koupelnapro.com\/index.php\/produkt\/novinka-nizkoexpanzni-peny-den-braven-pistolova-zimni-nizkoexp-750ml-7126\/"]}]},{"@type":"ImageObject","inLanguage":"cs","@id":"https:\/\/www.koupelnapro.com\/index.php\/produkt\/novinka-nizkoexpanzni-peny-den-braven-pistolova-zimni-nizkoexp-750ml-7126\/#primaryimage","url":"https:\/\/www.koupelnapro.com\/wp-content\/uploads\/2026\/SK0003081-CZ20260425-091742-0-1777079863-P-043704-00.webp","contentUrl":"https:\/\/www.koupelnapro.com\/wp-content\/uploads\/2026\/SK0003081-CZ20260425-091742-0-1777079863-P-043704-00.webp","width":312,"height":500},{"@type":"BreadcrumbList","@id":"https:\/\/www.koupelnapro.com\/index.php\/produkt\/novinka-nizkoexpanzni-peny-den-braven-pistolova-zimni-nizkoexp-750ml-7126\/#breadcrumb","itemListElement":[{"@type":"ListItem","position":1,"name":"Home","item":"https:\/\/www.koupelnapro.com\/"},{"@type":"ListItem","position":2,"name":"Products","item":"https:\/\/www.koupelnapro.com\/index.php\/products\/"},{"@type":"ListItem","position":3,"name":"Novinka N\u00edzkoexpanzn\u00ed p\u011bny DEN BRAVEN &#8211; Pistolov\u00e1 zimn\u00ed n\u00edzkoexp.750ml"}]},{"@type":"WebSite","@id":"https:\/\/www.koupelnapro.com\/#website","url":"https:\/\/www.koupelnapro.com\/","name":"","description":"","potentialAction":[{"@type":"SearchAction","target":{"@type":"EntryPoint","urlTemplate":"https:\/\/www.koupelnapro.com\/?s={search_term_string}"},"query-input":{"@type":"PropertyValueSpecification","valueRequired":true,"valueName":"search_term_string"}}],"inLanguage":"cs"}]}},"_links":{"self":[{"href":"https:\/\/www.koupelnapro.com\/index.php\/wp-json\/wp\/v2\/product\/7126","targetHints":{"allow":["GET"]}}],"collection":[{"href":"https:\/\/www.koupelnapro.com\/index.php\/wp-json\/wp\/v2\/product"}],"about":[{"href":"https:\/\/www.koupelnapro.com\/index.php\/wp-json\/wp\/v2\/types\/product"}],"replies":[{"embeddable":true,"href":"https:\/\/www.koupelnapro.com\/index.php\/wp-json\/wp\/v2\/comments?post=7126"}],"wp:featuredmedia":[{"embeddable":true,"href":"https:\/\/www.koupelnapro.com\/index.php\/wp-json\/wp\/v2\/media\/7226"}],"wp:attachment":[{"href":"https:\/\/www.koupelnapro.com\/index.php\/wp-json\/wp\/v2\/media?parent=7126"}],"wp:term":[{"taxonomy":"product_brand","embeddable":true,"href":"https:\/\/www.koupelnapro.com\/index.php\/wp-json\/wp\/v2\/product_brand?post=7126"},{"taxonomy":"product_cat","embeddable":true,"href":"https:\/\/www.koupelnapro.com\/index.php\/wp-json\/wp\/v2\/product_cat?post=7126"},{"taxonomy":"product_tag","embeddable":true,"href":"https:\/\/www.koupelnapro.com\/index.php\/wp-json\/wp\/v2\/product_tag?post=7126"}],"curies":[{"name":"wp","href":"https:\/\/api.w.org\/{rel}","templated":true}]}}