{"id":7125,"date":"2026-04-26T09:13:16","date_gmt":"2026-04-26T09:13:16","guid":{"rendered":""},"modified":"2026-04-26T09:13:16","modified_gmt":"2026-04-26T09:13:16","slug":"nizkoexpanzni-peny-den-braven-maxi-trub-nizkoexpanzni-pena-825ml-gd-cenova-bomba-7125","status":"publish","type":"product","link":"https:\/\/www.koupelnapro.com\/index.php\/produkt\/nizkoexpanzni-peny-den-braven-maxi-trub-nizkoexpanzni-pena-825ml-gd-cenova-bomba-7125\/","title":{"rendered":"N\u00edzkoexpanzn\u00ed p\u011bny DEN BRAVEN &#8211; Maxi trub. n\u00edzkoexpanzn\u00ed p\u011bna 825ml GD Cenov\u00e1 Bomba"},"content":{"rendered":"<div class=\"ResponseTabButton\">Popis produktu<\/div>\n<div class=\"TabContent\">                Pohlcuje vibrace a zvy\u0161uje nepr\u016fzvu\u010dnost. Pro vypl\u0148ov\u00e1n\u00ed sp\u00e1r p\u0159i mont\u00e1\u017ei okenn\u00edch r\u00e1m\u016f a dve\u0159n\u00edch z\u00e1rubn\u00ed, izolace potrubn\u00edch syst\u00e9m\u016f a k ut\u011bs\u0148ov\u00e1n\u00ed pr\u016fchod\u016f ve st\u011bn\u00e1ch. V\u00fdpln\u011b d\u0159ev\u011bn\u00fdch obklad\u016f st\u011bn, izolace a zateplov\u00e1n\u00ed st\u0159e\u0161n\u00edch konstrukc\u00ed. Pro izolaci koupelnov\u00fdch van, vani\u010dek sprchov\u00fdch kout\u016f, potrubn\u00edch syst\u00e9m\u016f a dutin. Ut\u011bs\u0148ov\u00e1n\u00ed pr\u016fchodek a chr\u00e1ni\u010dek ve st\u011bn\u00e1ch apod.<\/p>\n<p>Detailn\u00ed informace k v\u00fdrobku, postupy, hodnoty atd. jsou uvedeny v technick\u00e9m listu.            <\/p><\/div>\n<\/p><\/div>\n<div id=\"ke-stazeni\" class=\"TabContentWrap\">\n<div class=\"ResponseTabButton\">Ke sta\u017een\u00ed<\/div>\n<div class=\"TabContent\">\n<div class=\"Table Downloads\">\n<div class=\"THead\">\n<div class=\"TableRow\">\n<div class=\"TableCell\">                    N\u00e1zev                <\/div>\n<div class=\"TableCell\">                    Jazyk                <\/div>\n<div class=\"TableCell\">                    Velikost                <\/div>\n<div class=\"TableCell\">                    Form\u00e1t                <\/div>\n<div class=\"TableCell\">&nbsp;<\/div>\n<\/p><\/div>\n<\/p><\/div>\n<div class=\"TBody\">\n<div class=\"TableRow\">\n<div class=\"TableCell\">Ekologicka-likvidace-odpadu<\/div>\n<div class=\"TableCell\"><\/div>\n<div class=\"TableCell\">160 kB<\/div>\n<div class=\"TableCell\">.pdf<\/div>\n<div class=\"TableCell ContentRight\">st\u00e1hnout<\/div>\n<\/div>\n<div class=\"TableRow\">\n<div class=\"TableCell\">Prohlaseni-o-shode<\/div>\n<div class=\"TableCell\"><\/div>\n<div class=\"TableCell\">344 kB<\/div>\n<div class=\"TableCell\">.pdf<\/div>\n<div class=\"TableCell ContentRight\">st\u00e1hnout<\/div>\n<\/div><\/div>\n<\/p><\/div>\n<\/p><\/div>\n<\/p><\/div>\n<\/p><\/div>\n<\/p><\/div>\n<\/div>\n","protected":false},"excerpt":{"rendered":"<p>Popis produktu Pohlcuje vibrace a zvy\u0161uje nepr\u016fzvu\u010dnost. Pro vypl\u0148ov\u00e1n\u00ed sp\u00e1r p\u0159i mont\u00e1\u017ei okenn\u00edch r\u00e1m\u016f a dve\u0159n\u00edch z\u00e1rubn\u00ed, izolace potrubn\u00edch syst\u00e9m\u016f a k ut\u011bs\u0148ov\u00e1n\u00ed pr\u016fchod\u016f ve st\u011bn\u00e1ch. V\u00fdpln\u011b d\u0159ev\u011bn\u00fdch obklad\u016f st\u011bn, izolace a zateplov\u00e1n\u00ed st\u0159e\u0161n\u00edch konstrukc\u00ed. Pro izolaci koupelnov\u00fdch van, vani\u010dek sprchov\u00fdch kout\u016f, potrubn\u00edch syst\u00e9m\u016f a dutin. Ut\u011bs\u0148ov\u00e1n\u00ed pr\u016fchodek a chr\u00e1ni\u010dek ve st\u011bn\u00e1ch apod. Detailn\u00ed informace [&hellip;]<\/p>\n","protected":false},"featured_media":7225,"comment_status":"open","ping_status":"open","template":"","meta":[],"product_brand":[],"product_cat":[51],"product_tag":[],"class_list":{"0":"post-7125","1":"product","2":"type-product","3":"status-publish","4":"has-post-thumbnail","6":"product_cat-spojovaci-material","8":"first","9":"instock","10":"sale","11":"shipping-taxable","12":"purchasable","13":"product-type-simple"},"yoast_head":"<!-- This site is optimized with the Yoast SEO plugin v26.8 - https:\/\/yoast.com\/product\/yoast-seo-wordpress\/ -->\n<title>N\u00edzkoexpanzn\u00ed p\u011bny DEN BRAVEN - Maxi trub. n\u00edzkoexpanzn\u00ed p\u011bna 825ml GD Cenov\u00e1 Bomba -<\/title>\n<meta name=\"robots\" content=\"index, follow, max-snippet:-1, max-image-preview:large, max-video-preview:-1\" \/>\n<link rel=\"canonical\" href=\"https:\/\/www.koupelnapro.com\/index.php\/produkt\/nizkoexpanzni-peny-den-braven-maxi-trub-nizkoexpanzni-pena-825ml-gd-cenova-bomba-7125\/\" \/>\n<meta property=\"og:locale\" content=\"cs_CZ\" \/>\n<meta property=\"og:type\" content=\"article\" \/>\n<meta property=\"og:title\" content=\"N\u00edzkoexpanzn\u00ed p\u011bny DEN BRAVEN - Maxi trub. n\u00edzkoexpanzn\u00ed p\u011bna 825ml GD Cenov\u00e1 Bomba -\" \/>\n<meta property=\"og:description\" content=\"Popis produktu Pohlcuje vibrace a zvy\u0161uje nepr\u016fzvu\u010dnost. Pro vypl\u0148ov\u00e1n\u00ed sp\u00e1r p\u0159i mont\u00e1\u017ei okenn\u00edch r\u00e1m\u016f a dve\u0159n\u00edch z\u00e1rubn\u00ed, izolace potrubn\u00edch syst\u00e9m\u016f a k ut\u011bs\u0148ov\u00e1n\u00ed pr\u016fchod\u016f ve st\u011bn\u00e1ch. V\u00fdpln\u011b d\u0159ev\u011bn\u00fdch obklad\u016f st\u011bn, izolace a zateplov\u00e1n\u00ed st\u0159e\u0161n\u00edch konstrukc\u00ed. Pro izolaci koupelnov\u00fdch van, vani\u010dek sprchov\u00fdch kout\u016f, potrubn\u00edch syst\u00e9m\u016f a dutin. Ut\u011bs\u0148ov\u00e1n\u00ed pr\u016fchodek a chr\u00e1ni\u010dek ve st\u011bn\u00e1ch apod. Detailn\u00ed informace [&hellip;]\" \/>\n<meta property=\"og:url\" content=\"https:\/\/www.koupelnapro.com\/index.php\/produkt\/nizkoexpanzni-peny-den-braven-maxi-trub-nizkoexpanzni-pena-825ml-gd-cenova-bomba-7125\/\" \/>\n<meta property=\"og:image\" content=\"https:\/\/www.koupelnapro.com\/wp-content\/uploads\/2026\/SK0003080-CZ20260425-091742-0-1777079863-P-022445-00.webp\" \/>\n\t<meta property=\"og:image:width\" content=\"302\" \/>\n\t<meta property=\"og:image:height\" content=\"500\" \/>\n\t<meta property=\"og:image:type\" content=\"image\/webp\" \/>\n<meta name=\"twitter:card\" content=\"summary_large_image\" \/>\n<meta name=\"twitter:label1\" content=\"Odhadovan\u00e1 doba \u010dten\u00ed\" \/>\n\t<meta name=\"twitter:data1\" content=\"1 minuta\" \/>\n<script type=\"application\/ld+json\" class=\"yoast-schema-graph\">{\"@context\":\"https:\/\/schema.org\",\"@graph\":[{\"@type\":\"WebPage\",\"@id\":\"https:\/\/www.koupelnapro.com\/index.php\/produkt\/nizkoexpanzni-peny-den-braven-maxi-trub-nizkoexpanzni-pena-825ml-gd-cenova-bomba-7125\/\",\"url\":\"https:\/\/www.koupelnapro.com\/index.php\/produkt\/nizkoexpanzni-peny-den-braven-maxi-trub-nizkoexpanzni-pena-825ml-gd-cenova-bomba-7125\/\",\"name\":\"N\u00edzkoexpanzn\u00ed p\u011bny DEN BRAVEN - Maxi trub. n\u00edzkoexpanzn\u00ed p\u011bna 825ml GD Cenov\u00e1 Bomba -\",\"isPartOf\":{\"@id\":\"https:\/\/www.koupelnapro.com\/#website\"},\"primaryImageOfPage\":{\"@id\":\"https:\/\/www.koupelnapro.com\/index.php\/produkt\/nizkoexpanzni-peny-den-braven-maxi-trub-nizkoexpanzni-pena-825ml-gd-cenova-bomba-7125\/#primaryimage\"},\"image\":{\"@id\":\"https:\/\/www.koupelnapro.com\/index.php\/produkt\/nizkoexpanzni-peny-den-braven-maxi-trub-nizkoexpanzni-pena-825ml-gd-cenova-bomba-7125\/#primaryimage\"},\"thumbnailUrl\":\"https:\/\/www.koupelnapro.com\/wp-content\/uploads\/2026\/SK0003080-CZ20260425-091742-0-1777079863-P-022445-00.webp\",\"datePublished\":\"2026-04-26T09:13:16+00:00\",\"breadcrumb\":{\"@id\":\"https:\/\/www.koupelnapro.com\/index.php\/produkt\/nizkoexpanzni-peny-den-braven-maxi-trub-nizkoexpanzni-pena-825ml-gd-cenova-bomba-7125\/#breadcrumb\"},\"inLanguage\":\"cs\",\"potentialAction\":[{\"@type\":\"ReadAction\",\"target\":[\"https:\/\/www.koupelnapro.com\/index.php\/produkt\/nizkoexpanzni-peny-den-braven-maxi-trub-nizkoexpanzni-pena-825ml-gd-cenova-bomba-7125\/\"]}]},{\"@type\":\"ImageObject\",\"inLanguage\":\"cs\",\"@id\":\"https:\/\/www.koupelnapro.com\/index.php\/produkt\/nizkoexpanzni-peny-den-braven-maxi-trub-nizkoexpanzni-pena-825ml-gd-cenova-bomba-7125\/#primaryimage\",\"url\":\"https:\/\/www.koupelnapro.com\/wp-content\/uploads\/2026\/SK0003080-CZ20260425-091742-0-1777079863-P-022445-00.webp\",\"contentUrl\":\"https:\/\/www.koupelnapro.com\/wp-content\/uploads\/2026\/SK0003080-CZ20260425-091742-0-1777079863-P-022445-00.webp\",\"width\":302,\"height\":500},{\"@type\":\"BreadcrumbList\",\"@id\":\"https:\/\/www.koupelnapro.com\/index.php\/produkt\/nizkoexpanzni-peny-den-braven-maxi-trub-nizkoexpanzni-pena-825ml-gd-cenova-bomba-7125\/#breadcrumb\",\"itemListElement\":[{\"@type\":\"ListItem\",\"position\":1,\"name\":\"Home\",\"item\":\"https:\/\/www.koupelnapro.com\/\"},{\"@type\":\"ListItem\",\"position\":2,\"name\":\"Products\",\"item\":\"https:\/\/www.koupelnapro.com\/index.php\/products\/\"},{\"@type\":\"ListItem\",\"position\":3,\"name\":\"N\u00edzkoexpanzn\u00ed p\u011bny DEN BRAVEN &#8211; Maxi trub. n\u00edzkoexpanzn\u00ed p\u011bna 825ml GD Cenov\u00e1 Bomba\"}]},{\"@type\":\"WebSite\",\"@id\":\"https:\/\/www.koupelnapro.com\/#website\",\"url\":\"https:\/\/www.koupelnapro.com\/\",\"name\":\"\",\"description\":\"\",\"potentialAction\":[{\"@type\":\"SearchAction\",\"target\":{\"@type\":\"EntryPoint\",\"urlTemplate\":\"https:\/\/www.koupelnapro.com\/?s={search_term_string}\"},\"query-input\":{\"@type\":\"PropertyValueSpecification\",\"valueRequired\":true,\"valueName\":\"search_term_string\"}}],\"inLanguage\":\"cs\"}]}<\/script>\n<!-- \/ Yoast SEO plugin. -->","yoast_head_json":{"title":"N\u00edzkoexpanzn\u00ed p\u011bny DEN BRAVEN - Maxi trub. n\u00edzkoexpanzn\u00ed p\u011bna 825ml GD Cenov\u00e1 Bomba -","robots":{"index":"index","follow":"follow","max-snippet":"max-snippet:-1","max-image-preview":"max-image-preview:large","max-video-preview":"max-video-preview:-1"},"canonical":"https:\/\/www.koupelnapro.com\/index.php\/produkt\/nizkoexpanzni-peny-den-braven-maxi-trub-nizkoexpanzni-pena-825ml-gd-cenova-bomba-7125\/","og_locale":"cs_CZ","og_type":"article","og_title":"N\u00edzkoexpanzn\u00ed p\u011bny DEN BRAVEN - Maxi trub. n\u00edzkoexpanzn\u00ed p\u011bna 825ml GD Cenov\u00e1 Bomba -","og_description":"Popis produktu Pohlcuje vibrace a zvy\u0161uje nepr\u016fzvu\u010dnost. Pro vypl\u0148ov\u00e1n\u00ed sp\u00e1r p\u0159i mont\u00e1\u017ei okenn\u00edch r\u00e1m\u016f a dve\u0159n\u00edch z\u00e1rubn\u00ed, izolace potrubn\u00edch syst\u00e9m\u016f a k ut\u011bs\u0148ov\u00e1n\u00ed pr\u016fchod\u016f ve st\u011bn\u00e1ch. V\u00fdpln\u011b d\u0159ev\u011bn\u00fdch obklad\u016f st\u011bn, izolace a zateplov\u00e1n\u00ed st\u0159e\u0161n\u00edch konstrukc\u00ed. Pro izolaci koupelnov\u00fdch van, vani\u010dek sprchov\u00fdch kout\u016f, potrubn\u00edch syst\u00e9m\u016f a dutin. Ut\u011bs\u0148ov\u00e1n\u00ed pr\u016fchodek a chr\u00e1ni\u010dek ve st\u011bn\u00e1ch apod. Detailn\u00ed informace [&hellip;]","og_url":"https:\/\/www.koupelnapro.com\/index.php\/produkt\/nizkoexpanzni-peny-den-braven-maxi-trub-nizkoexpanzni-pena-825ml-gd-cenova-bomba-7125\/","og_image":[{"width":302,"height":500,"url":"https:\/\/www.koupelnapro.com\/wp-content\/uploads\/2026\/SK0003080-CZ20260425-091742-0-1777079863-P-022445-00.webp","type":"image\/webp"}],"twitter_card":"summary_large_image","twitter_misc":{"Odhadovan\u00e1 doba \u010dten\u00ed":"1 minuta"},"schema":{"@context":"https:\/\/schema.org","@graph":[{"@type":"WebPage","@id":"https:\/\/www.koupelnapro.com\/index.php\/produkt\/nizkoexpanzni-peny-den-braven-maxi-trub-nizkoexpanzni-pena-825ml-gd-cenova-bomba-7125\/","url":"https:\/\/www.koupelnapro.com\/index.php\/produkt\/nizkoexpanzni-peny-den-braven-maxi-trub-nizkoexpanzni-pena-825ml-gd-cenova-bomba-7125\/","name":"N\u00edzkoexpanzn\u00ed p\u011bny DEN BRAVEN - Maxi trub. n\u00edzkoexpanzn\u00ed p\u011bna 825ml GD Cenov\u00e1 Bomba -","isPartOf":{"@id":"https:\/\/www.koupelnapro.com\/#website"},"primaryImageOfPage":{"@id":"https:\/\/www.koupelnapro.com\/index.php\/produkt\/nizkoexpanzni-peny-den-braven-maxi-trub-nizkoexpanzni-pena-825ml-gd-cenova-bomba-7125\/#primaryimage"},"image":{"@id":"https:\/\/www.koupelnapro.com\/index.php\/produkt\/nizkoexpanzni-peny-den-braven-maxi-trub-nizkoexpanzni-pena-825ml-gd-cenova-bomba-7125\/#primaryimage"},"thumbnailUrl":"https:\/\/www.koupelnapro.com\/wp-content\/uploads\/2026\/SK0003080-CZ20260425-091742-0-1777079863-P-022445-00.webp","datePublished":"2026-04-26T09:13:16+00:00","breadcrumb":{"@id":"https:\/\/www.koupelnapro.com\/index.php\/produkt\/nizkoexpanzni-peny-den-braven-maxi-trub-nizkoexpanzni-pena-825ml-gd-cenova-bomba-7125\/#breadcrumb"},"inLanguage":"cs","potentialAction":[{"@type":"ReadAction","target":["https:\/\/www.koupelnapro.com\/index.php\/produkt\/nizkoexpanzni-peny-den-braven-maxi-trub-nizkoexpanzni-pena-825ml-gd-cenova-bomba-7125\/"]}]},{"@type":"ImageObject","inLanguage":"cs","@id":"https:\/\/www.koupelnapro.com\/index.php\/produkt\/nizkoexpanzni-peny-den-braven-maxi-trub-nizkoexpanzni-pena-825ml-gd-cenova-bomba-7125\/#primaryimage","url":"https:\/\/www.koupelnapro.com\/wp-content\/uploads\/2026\/SK0003080-CZ20260425-091742-0-1777079863-P-022445-00.webp","contentUrl":"https:\/\/www.koupelnapro.com\/wp-content\/uploads\/2026\/SK0003080-CZ20260425-091742-0-1777079863-P-022445-00.webp","width":302,"height":500},{"@type":"BreadcrumbList","@id":"https:\/\/www.koupelnapro.com\/index.php\/produkt\/nizkoexpanzni-peny-den-braven-maxi-trub-nizkoexpanzni-pena-825ml-gd-cenova-bomba-7125\/#breadcrumb","itemListElement":[{"@type":"ListItem","position":1,"name":"Home","item":"https:\/\/www.koupelnapro.com\/"},{"@type":"ListItem","position":2,"name":"Products","item":"https:\/\/www.koupelnapro.com\/index.php\/products\/"},{"@type":"ListItem","position":3,"name":"N\u00edzkoexpanzn\u00ed p\u011bny DEN BRAVEN &#8211; Maxi trub. n\u00edzkoexpanzn\u00ed p\u011bna 825ml GD Cenov\u00e1 Bomba"}]},{"@type":"WebSite","@id":"https:\/\/www.koupelnapro.com\/#website","url":"https:\/\/www.koupelnapro.com\/","name":"","description":"","potentialAction":[{"@type":"SearchAction","target":{"@type":"EntryPoint","urlTemplate":"https:\/\/www.koupelnapro.com\/?s={search_term_string}"},"query-input":{"@type":"PropertyValueSpecification","valueRequired":true,"valueName":"search_term_string"}}],"inLanguage":"cs"}]}},"_links":{"self":[{"href":"https:\/\/www.koupelnapro.com\/index.php\/wp-json\/wp\/v2\/product\/7125","targetHints":{"allow":["GET"]}}],"collection":[{"href":"https:\/\/www.koupelnapro.com\/index.php\/wp-json\/wp\/v2\/product"}],"about":[{"href":"https:\/\/www.koupelnapro.com\/index.php\/wp-json\/wp\/v2\/types\/product"}],"replies":[{"embeddable":true,"href":"https:\/\/www.koupelnapro.com\/index.php\/wp-json\/wp\/v2\/comments?post=7125"}],"wp:featuredmedia":[{"embeddable":true,"href":"https:\/\/www.koupelnapro.com\/index.php\/wp-json\/wp\/v2\/media\/7225"}],"wp:attachment":[{"href":"https:\/\/www.koupelnapro.com\/index.php\/wp-json\/wp\/v2\/media?parent=7125"}],"wp:term":[{"taxonomy":"product_brand","embeddable":true,"href":"https:\/\/www.koupelnapro.com\/index.php\/wp-json\/wp\/v2\/product_brand?post=7125"},{"taxonomy":"product_cat","embeddable":true,"href":"https:\/\/www.koupelnapro.com\/index.php\/wp-json\/wp\/v2\/product_cat?post=7125"},{"taxonomy":"product_tag","embeddable":true,"href":"https:\/\/www.koupelnapro.com\/index.php\/wp-json\/wp\/v2\/product_tag?post=7125"}],"curies":[{"name":"wp","href":"https:\/\/api.w.org\/{rel}","templated":true}]}}