{"id":7122,"date":"2026-04-26T09:13:16","date_gmt":"2026-04-26T09:13:16","guid":{"rendered":""},"modified":"2026-04-26T09:13:16","modified_gmt":"2026-04-26T09:13:16","slug":"overeny-neutralni-silikony-den-braven-silikon-n74-alkoxy-600ml-prusvitna-7122","status":"publish","type":"product","link":"https:\/\/www.koupelnapro.com\/index.php\/produkt\/overeny-neutralni-silikony-den-braven-silikon-n74-alkoxy-600ml-prusvitna-7122\/","title":{"rendered":"Ov\u011b\u0159en\u00fd Neutr\u00e1ln\u00ed silikony DEN BRAVEN &#8211; Silikon N74 ALKOXY 600ml &#8211; Pr\u016fsvitn\u00e1"},"content":{"rendered":"<div class=\"ResponseTabButton\">Popis produktu<\/div>\n<div class=\"TabContent\">\n<p>V\u00edce\u00fa\u010delov\u00fd silikonov\u00fd tmel s&nbsp;n\u00edzk\u00fdm modulem pro ut\u011bsn\u011bn\u00ed stavebn\u00edch a&nbsp;zaskl\u00edvac\u00edch sp\u00e1r. V\u00fdrobek je neutr\u00e1ln\u00ed a&nbsp;t\u00e9m\u011b\u0159 bez z\u00e1pachu. Silikon vytvrzuje p\u0159i&nbsp;styku se vzdu\u0161nou vlhkost\u00ed. Po&nbsp;jeho vyzr\u00e1n\u00ed vznik\u00e1 odoln\u00fd elastick\u00fd spoj.<\/p>\n<p><strong>Vlastnosti<\/strong><\/p>\n<ul>\n<li>neutr\u00e1ln\u00ed zr\u00e1n\u00ed, t\u00e9m\u011b\u0159 bez z\u00e1pachu<\/li>\n<li>perfektn\u00ed lepen\u00ed bez primeru na v\u011bt\u0161in\u011b podklad\u016f<\/li>\n<li>odolnost v\u016f\u010di UV z\u00e1\u0159en\u00ed, vod\u011b a&nbsp;pov\u011btrnostn\u00edm podm\u00ednk\u00e1m<\/li>\n<\/ul>\n<p><strong>Pou\u017eit\u00ed<\/strong><\/p>\n<ul>\n<li>silikon je vhodn\u00fd pro sp\u00e1rov\u00e1n\u00ed a&nbsp;t\u011bsn\u011bn\u00ed v&nbsp;zaskl\u00edvac\u00edm syst\u00e9mu;<\/li>\n<li>pro spojovac\u00ed sp\u00e1ry v&nbsp;interi\u00e9rech i&nbsp;exteri\u00e9rech budov<\/li>\n<li>pro aplikace na PMMA (plexi) a&nbsp;PC&nbsp;(polykarbon\u00e1t)<\/li>\n<\/ul>\n<p><strong>Objem:<\/strong> 600 ml<br \/><strong>Barva tmelu:<\/strong> transparentn\u00ed            <\/div>\n<\/p><\/div>\n<div id=\"ke-stazeni\" class=\"TabContentWrap\">\n<div class=\"ResponseTabButton\">Ke sta\u017een\u00ed<\/div>\n<div class=\"TabContent\">\n<div class=\"Table Downloads\">\n<div class=\"THead\">\n<div class=\"TableRow\">\n<div class=\"TableCell\">                    N\u00e1zev                <\/div>\n<div class=\"TableCell\">                    Jazyk                <\/div>\n<div class=\"TableCell\">                    Velikost                <\/div>\n<div class=\"TableCell\">                    Form\u00e1t                <\/div>\n<div class=\"TableCell\">&nbsp;<\/div>\n<\/p><\/div>\n<\/p><\/div>\n<div class=\"TBody\">\n<div class=\"TableRow\">\n<div class=\"TableCell\">Ekologicka-likvidace-odpadu<\/div>\n<div class=\"TableCell\"><\/div>\n<div class=\"TableCell\">160 kB<\/div>\n<div class=\"TableCell\">.pdf<\/div>\n<div class=\"TableCell ContentRight\">st\u00e1hnout<\/div>\n<\/div>\n<div class=\"TableRow\">\n<div class=\"TableCell\">Aplikace-TMELU<\/div>\n<div class=\"TableCell\"><\/div>\n<div class=\"TableCell\">83 kB<\/div>\n<div class=\"TableCell\">.pdf<\/div>\n<div class=\"TableCell ContentRight\">st\u00e1hnout<\/div>\n<\/div>\n<div class=\"TableRow\">\n<div class=\"TableCell\">Tabulka-tech-udaju<\/div>\n<div class=\"TableCell\"><\/div>\n<div class=\"TableCell\">81 kB<\/div>\n<div class=\"TableCell\">.pdf<\/div>\n<div class=\"TableCell ContentRight\">st\u00e1hnout<\/div>\n<\/div><\/div>\n<\/p><\/div>\n<\/p><\/div>\n<\/p><\/div>\n<\/p><\/div>\n<\/p><\/div>\n<\/div>\n","protected":false},"excerpt":{"rendered":"<p>Popis produktu V\u00edce\u00fa\u010delov\u00fd silikonov\u00fd tmel s&nbsp;n\u00edzk\u00fdm modulem pro ut\u011bsn\u011bn\u00ed stavebn\u00edch a&nbsp;zaskl\u00edvac\u00edch sp\u00e1r. V\u00fdrobek je neutr\u00e1ln\u00ed a&nbsp;t\u00e9m\u011b\u0159 bez z\u00e1pachu. Silikon vytvrzuje p\u0159i&nbsp;styku se vzdu\u0161nou vlhkost\u00ed. Po&nbsp;jeho vyzr\u00e1n\u00ed vznik\u00e1 odoln\u00fd elastick\u00fd spoj. Vlastnosti neutr\u00e1ln\u00ed zr\u00e1n\u00ed, t\u00e9m\u011b\u0159 bez z\u00e1pachu perfektn\u00ed lepen\u00ed bez primeru na v\u011bt\u0161in\u011b podklad\u016f odolnost v\u016f\u010di UV z\u00e1\u0159en\u00ed, vod\u011b a&nbsp;pov\u011btrnostn\u00edm podm\u00ednk\u00e1m Pou\u017eit\u00ed silikon je vhodn\u00fd pro [&hellip;]<\/p>\n","protected":false},"featured_media":7222,"comment_status":"open","ping_status":"open","template":"","meta":[],"product_brand":[],"product_cat":[51],"product_tag":[],"class_list":{"0":"post-7122","1":"product","2":"type-product","3":"status-publish","4":"has-post-thumbnail","6":"product_cat-spojovaci-material","8":"first","9":"instock","10":"sale","11":"shipping-taxable","12":"purchasable","13":"product-type-simple"},"yoast_head":"<!-- This site is optimized with the Yoast SEO plugin v26.8 - https:\/\/yoast.com\/product\/yoast-seo-wordpress\/ -->\n<title>Ov\u011b\u0159en\u00fd Neutr\u00e1ln\u00ed silikony DEN BRAVEN - Silikon N74 ALKOXY 600ml - Pr\u016fsvitn\u00e1 -<\/title>\n<meta name=\"robots\" content=\"index, follow, max-snippet:-1, max-image-preview:large, max-video-preview:-1\" \/>\n<link rel=\"canonical\" href=\"https:\/\/www.koupelnapro.com\/index.php\/produkt\/overeny-neutralni-silikony-den-braven-silikon-n74-alkoxy-600ml-prusvitna-7122\/\" \/>\n<meta property=\"og:locale\" content=\"cs_CZ\" \/>\n<meta property=\"og:type\" content=\"article\" \/>\n<meta property=\"og:title\" content=\"Ov\u011b\u0159en\u00fd Neutr\u00e1ln\u00ed silikony DEN BRAVEN - Silikon N74 ALKOXY 600ml - Pr\u016fsvitn\u00e1 -\" \/>\n<meta property=\"og:description\" content=\"Popis produktu V\u00edce\u00fa\u010delov\u00fd silikonov\u00fd tmel s&nbsp;n\u00edzk\u00fdm modulem pro ut\u011bsn\u011bn\u00ed stavebn\u00edch a&nbsp;zaskl\u00edvac\u00edch sp\u00e1r. V\u00fdrobek je neutr\u00e1ln\u00ed a&nbsp;t\u00e9m\u011b\u0159 bez z\u00e1pachu. Silikon vytvrzuje p\u0159i&nbsp;styku se vzdu\u0161nou vlhkost\u00ed. Po&nbsp;jeho vyzr\u00e1n\u00ed vznik\u00e1 odoln\u00fd elastick\u00fd spoj. Vlastnosti neutr\u00e1ln\u00ed zr\u00e1n\u00ed, t\u00e9m\u011b\u0159 bez z\u00e1pachu perfektn\u00ed lepen\u00ed bez primeru na v\u011bt\u0161in\u011b podklad\u016f odolnost v\u016f\u010di UV z\u00e1\u0159en\u00ed, vod\u011b a&nbsp;pov\u011btrnostn\u00edm podm\u00ednk\u00e1m Pou\u017eit\u00ed silikon je vhodn\u00fd pro [&hellip;]\" \/>\n<meta property=\"og:url\" content=\"https:\/\/www.koupelnapro.com\/index.php\/produkt\/overeny-neutralni-silikony-den-braven-silikon-n74-alkoxy-600ml-prusvitna-7122\/\" \/>\n<meta property=\"og:image\" content=\"https:\/\/www.koupelnapro.com\/wp-content\/uploads\/2026\/SK0003077-CZ20260425-091742-0-1777079863-P-048965-00.webp\" \/>\n\t<meta property=\"og:image:width\" content=\"500\" \/>\n\t<meta property=\"og:image:height\" content=\"416\" \/>\n\t<meta property=\"og:image:type\" content=\"image\/webp\" \/>\n<meta name=\"twitter:card\" content=\"summary_large_image\" \/>\n<meta name=\"twitter:label1\" content=\"Odhadovan\u00e1 doba \u010dten\u00ed\" \/>\n\t<meta name=\"twitter:data1\" content=\"1 minuta\" \/>\n<script type=\"application\/ld+json\" class=\"yoast-schema-graph\">{\"@context\":\"https:\/\/schema.org\",\"@graph\":[{\"@type\":\"WebPage\",\"@id\":\"https:\/\/www.koupelnapro.com\/index.php\/produkt\/overeny-neutralni-silikony-den-braven-silikon-n74-alkoxy-600ml-prusvitna-7122\/\",\"url\":\"https:\/\/www.koupelnapro.com\/index.php\/produkt\/overeny-neutralni-silikony-den-braven-silikon-n74-alkoxy-600ml-prusvitna-7122\/\",\"name\":\"Ov\u011b\u0159en\u00fd Neutr\u00e1ln\u00ed silikony DEN BRAVEN - Silikon N74 ALKOXY 600ml - Pr\u016fsvitn\u00e1 -\",\"isPartOf\":{\"@id\":\"https:\/\/www.koupelnapro.com\/#website\"},\"primaryImageOfPage\":{\"@id\":\"https:\/\/www.koupelnapro.com\/index.php\/produkt\/overeny-neutralni-silikony-den-braven-silikon-n74-alkoxy-600ml-prusvitna-7122\/#primaryimage\"},\"image\":{\"@id\":\"https:\/\/www.koupelnapro.com\/index.php\/produkt\/overeny-neutralni-silikony-den-braven-silikon-n74-alkoxy-600ml-prusvitna-7122\/#primaryimage\"},\"thumbnailUrl\":\"https:\/\/www.koupelnapro.com\/wp-content\/uploads\/2026\/SK0003077-CZ20260425-091742-0-1777079863-P-048965-00.webp\",\"datePublished\":\"2026-04-26T09:13:16+00:00\",\"breadcrumb\":{\"@id\":\"https:\/\/www.koupelnapro.com\/index.php\/produkt\/overeny-neutralni-silikony-den-braven-silikon-n74-alkoxy-600ml-prusvitna-7122\/#breadcrumb\"},\"inLanguage\":\"cs\",\"potentialAction\":[{\"@type\":\"ReadAction\",\"target\":[\"https:\/\/www.koupelnapro.com\/index.php\/produkt\/overeny-neutralni-silikony-den-braven-silikon-n74-alkoxy-600ml-prusvitna-7122\/\"]}]},{\"@type\":\"ImageObject\",\"inLanguage\":\"cs\",\"@id\":\"https:\/\/www.koupelnapro.com\/index.php\/produkt\/overeny-neutralni-silikony-den-braven-silikon-n74-alkoxy-600ml-prusvitna-7122\/#primaryimage\",\"url\":\"https:\/\/www.koupelnapro.com\/wp-content\/uploads\/2026\/SK0003077-CZ20260425-091742-0-1777079863-P-048965-00.webp\",\"contentUrl\":\"https:\/\/www.koupelnapro.com\/wp-content\/uploads\/2026\/SK0003077-CZ20260425-091742-0-1777079863-P-048965-00.webp\",\"width\":500,\"height\":416},{\"@type\":\"BreadcrumbList\",\"@id\":\"https:\/\/www.koupelnapro.com\/index.php\/produkt\/overeny-neutralni-silikony-den-braven-silikon-n74-alkoxy-600ml-prusvitna-7122\/#breadcrumb\",\"itemListElement\":[{\"@type\":\"ListItem\",\"position\":1,\"name\":\"Home\",\"item\":\"https:\/\/www.koupelnapro.com\/\"},{\"@type\":\"ListItem\",\"position\":2,\"name\":\"Products\",\"item\":\"https:\/\/www.koupelnapro.com\/index.php\/products\/\"},{\"@type\":\"ListItem\",\"position\":3,\"name\":\"Ov\u011b\u0159en\u00fd Neutr\u00e1ln\u00ed silikony DEN BRAVEN &#8211; Silikon N74 ALKOXY 600ml &#8211; Pr\u016fsvitn\u00e1\"}]},{\"@type\":\"WebSite\",\"@id\":\"https:\/\/www.koupelnapro.com\/#website\",\"url\":\"https:\/\/www.koupelnapro.com\/\",\"name\":\"\",\"description\":\"\",\"potentialAction\":[{\"@type\":\"SearchAction\",\"target\":{\"@type\":\"EntryPoint\",\"urlTemplate\":\"https:\/\/www.koupelnapro.com\/?s={search_term_string}\"},\"query-input\":{\"@type\":\"PropertyValueSpecification\",\"valueRequired\":true,\"valueName\":\"search_term_string\"}}],\"inLanguage\":\"cs\"}]}<\/script>\n<!-- \/ Yoast SEO plugin. -->","yoast_head_json":{"title":"Ov\u011b\u0159en\u00fd Neutr\u00e1ln\u00ed silikony DEN BRAVEN - Silikon N74 ALKOXY 600ml - Pr\u016fsvitn\u00e1 -","robots":{"index":"index","follow":"follow","max-snippet":"max-snippet:-1","max-image-preview":"max-image-preview:large","max-video-preview":"max-video-preview:-1"},"canonical":"https:\/\/www.koupelnapro.com\/index.php\/produkt\/overeny-neutralni-silikony-den-braven-silikon-n74-alkoxy-600ml-prusvitna-7122\/","og_locale":"cs_CZ","og_type":"article","og_title":"Ov\u011b\u0159en\u00fd Neutr\u00e1ln\u00ed silikony DEN BRAVEN - Silikon N74 ALKOXY 600ml - Pr\u016fsvitn\u00e1 -","og_description":"Popis produktu V\u00edce\u00fa\u010delov\u00fd silikonov\u00fd tmel s&nbsp;n\u00edzk\u00fdm modulem pro ut\u011bsn\u011bn\u00ed stavebn\u00edch a&nbsp;zaskl\u00edvac\u00edch sp\u00e1r. V\u00fdrobek je neutr\u00e1ln\u00ed a&nbsp;t\u00e9m\u011b\u0159 bez z\u00e1pachu. Silikon vytvrzuje p\u0159i&nbsp;styku se vzdu\u0161nou vlhkost\u00ed. Po&nbsp;jeho vyzr\u00e1n\u00ed vznik\u00e1 odoln\u00fd elastick\u00fd spoj. Vlastnosti neutr\u00e1ln\u00ed zr\u00e1n\u00ed, t\u00e9m\u011b\u0159 bez z\u00e1pachu perfektn\u00ed lepen\u00ed bez primeru na v\u011bt\u0161in\u011b podklad\u016f odolnost v\u016f\u010di UV z\u00e1\u0159en\u00ed, vod\u011b a&nbsp;pov\u011btrnostn\u00edm podm\u00ednk\u00e1m Pou\u017eit\u00ed silikon je vhodn\u00fd pro [&hellip;]","og_url":"https:\/\/www.koupelnapro.com\/index.php\/produkt\/overeny-neutralni-silikony-den-braven-silikon-n74-alkoxy-600ml-prusvitna-7122\/","og_image":[{"width":500,"height":416,"url":"https:\/\/www.koupelnapro.com\/wp-content\/uploads\/2026\/SK0003077-CZ20260425-091742-0-1777079863-P-048965-00.webp","type":"image\/webp"}],"twitter_card":"summary_large_image","twitter_misc":{"Odhadovan\u00e1 doba \u010dten\u00ed":"1 minuta"},"schema":{"@context":"https:\/\/schema.org","@graph":[{"@type":"WebPage","@id":"https:\/\/www.koupelnapro.com\/index.php\/produkt\/overeny-neutralni-silikony-den-braven-silikon-n74-alkoxy-600ml-prusvitna-7122\/","url":"https:\/\/www.koupelnapro.com\/index.php\/produkt\/overeny-neutralni-silikony-den-braven-silikon-n74-alkoxy-600ml-prusvitna-7122\/","name":"Ov\u011b\u0159en\u00fd Neutr\u00e1ln\u00ed silikony DEN BRAVEN - Silikon N74 ALKOXY 600ml - Pr\u016fsvitn\u00e1 -","isPartOf":{"@id":"https:\/\/www.koupelnapro.com\/#website"},"primaryImageOfPage":{"@id":"https:\/\/www.koupelnapro.com\/index.php\/produkt\/overeny-neutralni-silikony-den-braven-silikon-n74-alkoxy-600ml-prusvitna-7122\/#primaryimage"},"image":{"@id":"https:\/\/www.koupelnapro.com\/index.php\/produkt\/overeny-neutralni-silikony-den-braven-silikon-n74-alkoxy-600ml-prusvitna-7122\/#primaryimage"},"thumbnailUrl":"https:\/\/www.koupelnapro.com\/wp-content\/uploads\/2026\/SK0003077-CZ20260425-091742-0-1777079863-P-048965-00.webp","datePublished":"2026-04-26T09:13:16+00:00","breadcrumb":{"@id":"https:\/\/www.koupelnapro.com\/index.php\/produkt\/overeny-neutralni-silikony-den-braven-silikon-n74-alkoxy-600ml-prusvitna-7122\/#breadcrumb"},"inLanguage":"cs","potentialAction":[{"@type":"ReadAction","target":["https:\/\/www.koupelnapro.com\/index.php\/produkt\/overeny-neutralni-silikony-den-braven-silikon-n74-alkoxy-600ml-prusvitna-7122\/"]}]},{"@type":"ImageObject","inLanguage":"cs","@id":"https:\/\/www.koupelnapro.com\/index.php\/produkt\/overeny-neutralni-silikony-den-braven-silikon-n74-alkoxy-600ml-prusvitna-7122\/#primaryimage","url":"https:\/\/www.koupelnapro.com\/wp-content\/uploads\/2026\/SK0003077-CZ20260425-091742-0-1777079863-P-048965-00.webp","contentUrl":"https:\/\/www.koupelnapro.com\/wp-content\/uploads\/2026\/SK0003077-CZ20260425-091742-0-1777079863-P-048965-00.webp","width":500,"height":416},{"@type":"BreadcrumbList","@id":"https:\/\/www.koupelnapro.com\/index.php\/produkt\/overeny-neutralni-silikony-den-braven-silikon-n74-alkoxy-600ml-prusvitna-7122\/#breadcrumb","itemListElement":[{"@type":"ListItem","position":1,"name":"Home","item":"https:\/\/www.koupelnapro.com\/"},{"@type":"ListItem","position":2,"name":"Products","item":"https:\/\/www.koupelnapro.com\/index.php\/products\/"},{"@type":"ListItem","position":3,"name":"Ov\u011b\u0159en\u00fd Neutr\u00e1ln\u00ed silikony DEN BRAVEN &#8211; Silikon N74 ALKOXY 600ml &#8211; Pr\u016fsvitn\u00e1"}]},{"@type":"WebSite","@id":"https:\/\/www.koupelnapro.com\/#website","url":"https:\/\/www.koupelnapro.com\/","name":"","description":"","potentialAction":[{"@type":"SearchAction","target":{"@type":"EntryPoint","urlTemplate":"https:\/\/www.koupelnapro.com\/?s={search_term_string}"},"query-input":{"@type":"PropertyValueSpecification","valueRequired":true,"valueName":"search_term_string"}}],"inLanguage":"cs"}]}},"_links":{"self":[{"href":"https:\/\/www.koupelnapro.com\/index.php\/wp-json\/wp\/v2\/product\/7122","targetHints":{"allow":["GET"]}}],"collection":[{"href":"https:\/\/www.koupelnapro.com\/index.php\/wp-json\/wp\/v2\/product"}],"about":[{"href":"https:\/\/www.koupelnapro.com\/index.php\/wp-json\/wp\/v2\/types\/product"}],"replies":[{"embeddable":true,"href":"https:\/\/www.koupelnapro.com\/index.php\/wp-json\/wp\/v2\/comments?post=7122"}],"wp:featuredmedia":[{"embeddable":true,"href":"https:\/\/www.koupelnapro.com\/index.php\/wp-json\/wp\/v2\/media\/7222"}],"wp:attachment":[{"href":"https:\/\/www.koupelnapro.com\/index.php\/wp-json\/wp\/v2\/media?parent=7122"}],"wp:term":[{"taxonomy":"product_brand","embeddable":true,"href":"https:\/\/www.koupelnapro.com\/index.php\/wp-json\/wp\/v2\/product_brand?post=7122"},{"taxonomy":"product_cat","embeddable":true,"href":"https:\/\/www.koupelnapro.com\/index.php\/wp-json\/wp\/v2\/product_cat?post=7122"},{"taxonomy":"product_tag","embeddable":true,"href":"https:\/\/www.koupelnapro.com\/index.php\/wp-json\/wp\/v2\/product_tag?post=7122"}],"curies":[{"name":"wp","href":"https:\/\/api.w.org\/{rel}","templated":true}]}}