{"id":70928,"date":"2026-04-26T09:18:24","date_gmt":"2026-04-26T09:18:24","guid":{"rendered":""},"modified":"2026-04-26T09:18:24","modified_gmt":"2026-04-26T09:18:24","slug":"znackovy-rapi-tec-sk-plus-5-0x80-talir-hlava-t25-70928","status":"publish","type":"product","link":"https:\/\/www.koupelnapro.com\/index.php\/produkt\/znackovy-rapi-tec-sk-plus-5-0x80-talir-hlava-t25-70928\/","title":{"rendered":"Zna\u010dkov\u00fd RAPI-TEC SK plus &#8211; 5,0&#215;80, tal\u00ed\u0159.hlava T25"},"content":{"rendered":"<div class=\"ResponseTabButton\">Popis produktu<\/div>\n<div class=\"TabContent\">                Hlubok\u00e1 dr\u00e1\u017eka pro bit usnad\u0148uje a urychluje bezpe\u010dnou pr\u00e1ci. Tal\u00ed\u0159ov\u00e1 hlava vrutu s vylisovanou podlo\u017ekou zvy\u0161uje s\u00edlu p\u0159ita\u017een\u00ed p\u0159ipojovan\u00e9ho d\u00edlu. Velmi ostr\u00e1 \u0161pi\u010dka zajist\u00ed rychl\u00e9 zakousnut\u00ed vrutu do materi\u00e1lu. Z\u00e1\u0159ez ve \u0161pi\u010dce redukuje mno\u017estv\u00ed zvednut\u00fdch vl\u00e1ken p\u0159i rychl\u00e9m zakousnut\u00ed vrutu. Dvouchod\u00fd z\u00e1vit d\u00e1v\u00e1 vrut\u016fm mnohem vy\u0161\u0161\u00ed rychlost za\u0161roubov\u00e1n\u00ed, co\u017e p\u0159in\u00e1\u0161\u00ed velkou \u00fasporu pracovn\u00edho \u010dasu. Dvojn\u00e1sobn\u00e1 vrstva zinku zvy\u0161uj odolnost proti korozi. Speci\u00e1ln\u00ed kluzn\u00fd povlak sni\u017euje odpor proti za\u0161roubov\u00e1n\u00ed a umo\u017en\u00ed pou\u017eit\u00ed bez p\u0159edvrt\u00e1n\u00ed do v\u0161eho konstruk\u010dn\u00edho \u0159eziva, OSB a MDF desek, d\u0159evot\u0159\u00edsek, p\u0159ekli\u017eek a dal\u0161\u00edch.            <\/div>\n<\/p><\/div>\n<\/p><\/div>\n<\/p><\/div>\n<\/div>\n","protected":false},"excerpt":{"rendered":"<p>Popis produktu Hlubok\u00e1 dr\u00e1\u017eka pro bit usnad\u0148uje a urychluje bezpe\u010dnou pr\u00e1ci. Tal\u00ed\u0159ov\u00e1 hlava vrutu s vylisovanou podlo\u017ekou zvy\u0161uje s\u00edlu p\u0159ita\u017een\u00ed p\u0159ipojovan\u00e9ho d\u00edlu. Velmi ostr\u00e1 \u0161pi\u010dka zajist\u00ed rychl\u00e9 zakousnut\u00ed vrutu do materi\u00e1lu. Z\u00e1\u0159ez ve \u0161pi\u010dce redukuje mno\u017estv\u00ed zvednut\u00fdch vl\u00e1ken p\u0159i rychl\u00e9m zakousnut\u00ed vrutu. Dvouchod\u00fd z\u00e1vit d\u00e1v\u00e1 vrut\u016fm mnohem vy\u0161\u0161\u00ed rychlost za\u0161roubov\u00e1n\u00ed, co\u017e p\u0159in\u00e1\u0161\u00ed velkou \u00fasporu pracovn\u00edho [&hellip;]<\/p>\n","protected":false},"featured_media":71028,"comment_status":"open","ping_status":"open","template":"","meta":[],"product_brand":[],"product_cat":[51],"product_tag":[],"class_list":{"0":"post-70928","1":"product","2":"type-product","3":"status-publish","4":"has-post-thumbnail","6":"product_cat-spojovaci-material","8":"first","9":"instock","10":"sale","11":"shipping-taxable","12":"purchasable","13":"product-type-simple"},"yoast_head":"<!-- This site is optimized with the Yoast SEO plugin v26.8 - https:\/\/yoast.com\/product\/yoast-seo-wordpress\/ -->\n<title>Zna\u010dkov\u00fd RAPI-TEC SK plus - 5,0x80, tal\u00ed\u0159.hlava T25 -<\/title>\n<meta name=\"robots\" content=\"index, follow, max-snippet:-1, max-image-preview:large, max-video-preview:-1\" \/>\n<link rel=\"canonical\" href=\"https:\/\/www.koupelnapro.com\/index.php\/produkt\/znackovy-rapi-tec-sk-plus-5-0x80-talir-hlava-t25-70928\/\" \/>\n<meta property=\"og:locale\" content=\"cs_CZ\" \/>\n<meta property=\"og:type\" content=\"article\" \/>\n<meta property=\"og:title\" content=\"Zna\u010dkov\u00fd RAPI-TEC SK plus - 5,0x80, tal\u00ed\u0159.hlava T25 -\" \/>\n<meta property=\"og:description\" content=\"Popis produktu Hlubok\u00e1 dr\u00e1\u017eka pro bit usnad\u0148uje a urychluje bezpe\u010dnou pr\u00e1ci. Tal\u00ed\u0159ov\u00e1 hlava vrutu s vylisovanou podlo\u017ekou zvy\u0161uje s\u00edlu p\u0159ita\u017een\u00ed p\u0159ipojovan\u00e9ho d\u00edlu. Velmi ostr\u00e1 \u0161pi\u010dka zajist\u00ed rychl\u00e9 zakousnut\u00ed vrutu do materi\u00e1lu. Z\u00e1\u0159ez ve \u0161pi\u010dce redukuje mno\u017estv\u00ed zvednut\u00fdch vl\u00e1ken p\u0159i rychl\u00e9m zakousnut\u00ed vrutu. Dvouchod\u00fd z\u00e1vit d\u00e1v\u00e1 vrut\u016fm mnohem vy\u0161\u0161\u00ed rychlost za\u0161roubov\u00e1n\u00ed, co\u017e p\u0159in\u00e1\u0161\u00ed velkou \u00fasporu pracovn\u00edho [&hellip;]\" \/>\n<meta property=\"og:url\" content=\"https:\/\/www.koupelnapro.com\/index.php\/produkt\/znackovy-rapi-tec-sk-plus-5-0x80-talir-hlava-t25-70928\/\" \/>\n<meta property=\"og:image\" content=\"https:\/\/www.koupelnapro.com\/wp-content\/uploads\/2026\/SK0005169-CZ20260425-091742-0-1777079863-P-043289-00.webp\" \/>\n\t<meta property=\"og:image:width\" content=\"860\" \/>\n\t<meta property=\"og:image:height\" content=\"800\" \/>\n\t<meta property=\"og:image:type\" content=\"image\/webp\" \/>\n<meta name=\"twitter:card\" content=\"summary_large_image\" \/>\n<meta name=\"twitter:label1\" content=\"Odhadovan\u00e1 doba \u010dten\u00ed\" \/>\n\t<meta name=\"twitter:data1\" content=\"1 minuta\" \/>\n<script type=\"application\/ld+json\" class=\"yoast-schema-graph\">{\"@context\":\"https:\/\/schema.org\",\"@graph\":[{\"@type\":\"WebPage\",\"@id\":\"https:\/\/www.koupelnapro.com\/index.php\/produkt\/znackovy-rapi-tec-sk-plus-5-0x80-talir-hlava-t25-70928\/\",\"url\":\"https:\/\/www.koupelnapro.com\/index.php\/produkt\/znackovy-rapi-tec-sk-plus-5-0x80-talir-hlava-t25-70928\/\",\"name\":\"Zna\u010dkov\u00fd RAPI-TEC SK plus - 5,0x80, tal\u00ed\u0159.hlava T25 -\",\"isPartOf\":{\"@id\":\"https:\/\/www.koupelnapro.com\/#website\"},\"primaryImageOfPage\":{\"@id\":\"https:\/\/www.koupelnapro.com\/index.php\/produkt\/znackovy-rapi-tec-sk-plus-5-0x80-talir-hlava-t25-70928\/#primaryimage\"},\"image\":{\"@id\":\"https:\/\/www.koupelnapro.com\/index.php\/produkt\/znackovy-rapi-tec-sk-plus-5-0x80-talir-hlava-t25-70928\/#primaryimage\"},\"thumbnailUrl\":\"https:\/\/www.koupelnapro.com\/wp-content\/uploads\/2026\/SK0005169-CZ20260425-091742-0-1777079863-P-043289-00.webp\",\"datePublished\":\"2026-04-26T09:18:24+00:00\",\"breadcrumb\":{\"@id\":\"https:\/\/www.koupelnapro.com\/index.php\/produkt\/znackovy-rapi-tec-sk-plus-5-0x80-talir-hlava-t25-70928\/#breadcrumb\"},\"inLanguage\":\"cs\",\"potentialAction\":[{\"@type\":\"ReadAction\",\"target\":[\"https:\/\/www.koupelnapro.com\/index.php\/produkt\/znackovy-rapi-tec-sk-plus-5-0x80-talir-hlava-t25-70928\/\"]}]},{\"@type\":\"ImageObject\",\"inLanguage\":\"cs\",\"@id\":\"https:\/\/www.koupelnapro.com\/index.php\/produkt\/znackovy-rapi-tec-sk-plus-5-0x80-talir-hlava-t25-70928\/#primaryimage\",\"url\":\"https:\/\/www.koupelnapro.com\/wp-content\/uploads\/2026\/SK0005169-CZ20260425-091742-0-1777079863-P-043289-00.webp\",\"contentUrl\":\"https:\/\/www.koupelnapro.com\/wp-content\/uploads\/2026\/SK0005169-CZ20260425-091742-0-1777079863-P-043289-00.webp\",\"width\":860,\"height\":800},{\"@type\":\"BreadcrumbList\",\"@id\":\"https:\/\/www.koupelnapro.com\/index.php\/produkt\/znackovy-rapi-tec-sk-plus-5-0x80-talir-hlava-t25-70928\/#breadcrumb\",\"itemListElement\":[{\"@type\":\"ListItem\",\"position\":1,\"name\":\"Home\",\"item\":\"https:\/\/www.koupelnapro.com\/\"},{\"@type\":\"ListItem\",\"position\":2,\"name\":\"Products\",\"item\":\"https:\/\/www.koupelnapro.com\/index.php\/products\/\"},{\"@type\":\"ListItem\",\"position\":3,\"name\":\"Zna\u010dkov\u00fd RAPI-TEC SK plus &#8211; 5,0&#215;80, tal\u00ed\u0159.hlava T25\"}]},{\"@type\":\"WebSite\",\"@id\":\"https:\/\/www.koupelnapro.com\/#website\",\"url\":\"https:\/\/www.koupelnapro.com\/\",\"name\":\"\",\"description\":\"\",\"potentialAction\":[{\"@type\":\"SearchAction\",\"target\":{\"@type\":\"EntryPoint\",\"urlTemplate\":\"https:\/\/www.koupelnapro.com\/?s={search_term_string}\"},\"query-input\":{\"@type\":\"PropertyValueSpecification\",\"valueRequired\":true,\"valueName\":\"search_term_string\"}}],\"inLanguage\":\"cs\"}]}<\/script>\n<!-- \/ Yoast SEO plugin. -->","yoast_head_json":{"title":"Zna\u010dkov\u00fd RAPI-TEC SK plus - 5,0x80, tal\u00ed\u0159.hlava T25 -","robots":{"index":"index","follow":"follow","max-snippet":"max-snippet:-1","max-image-preview":"max-image-preview:large","max-video-preview":"max-video-preview:-1"},"canonical":"https:\/\/www.koupelnapro.com\/index.php\/produkt\/znackovy-rapi-tec-sk-plus-5-0x80-talir-hlava-t25-70928\/","og_locale":"cs_CZ","og_type":"article","og_title":"Zna\u010dkov\u00fd RAPI-TEC SK plus - 5,0x80, tal\u00ed\u0159.hlava T25 -","og_description":"Popis produktu Hlubok\u00e1 dr\u00e1\u017eka pro bit usnad\u0148uje a urychluje bezpe\u010dnou pr\u00e1ci. Tal\u00ed\u0159ov\u00e1 hlava vrutu s vylisovanou podlo\u017ekou zvy\u0161uje s\u00edlu p\u0159ita\u017een\u00ed p\u0159ipojovan\u00e9ho d\u00edlu. Velmi ostr\u00e1 \u0161pi\u010dka zajist\u00ed rychl\u00e9 zakousnut\u00ed vrutu do materi\u00e1lu. Z\u00e1\u0159ez ve \u0161pi\u010dce redukuje mno\u017estv\u00ed zvednut\u00fdch vl\u00e1ken p\u0159i rychl\u00e9m zakousnut\u00ed vrutu. Dvouchod\u00fd z\u00e1vit d\u00e1v\u00e1 vrut\u016fm mnohem vy\u0161\u0161\u00ed rychlost za\u0161roubov\u00e1n\u00ed, co\u017e p\u0159in\u00e1\u0161\u00ed velkou \u00fasporu pracovn\u00edho [&hellip;]","og_url":"https:\/\/www.koupelnapro.com\/index.php\/produkt\/znackovy-rapi-tec-sk-plus-5-0x80-talir-hlava-t25-70928\/","og_image":[{"width":860,"height":800,"url":"https:\/\/www.koupelnapro.com\/wp-content\/uploads\/2026\/SK0005169-CZ20260425-091742-0-1777079863-P-043289-00.webp","type":"image\/webp"}],"twitter_card":"summary_large_image","twitter_misc":{"Odhadovan\u00e1 doba \u010dten\u00ed":"1 minuta"},"schema":{"@context":"https:\/\/schema.org","@graph":[{"@type":"WebPage","@id":"https:\/\/www.koupelnapro.com\/index.php\/produkt\/znackovy-rapi-tec-sk-plus-5-0x80-talir-hlava-t25-70928\/","url":"https:\/\/www.koupelnapro.com\/index.php\/produkt\/znackovy-rapi-tec-sk-plus-5-0x80-talir-hlava-t25-70928\/","name":"Zna\u010dkov\u00fd RAPI-TEC SK plus - 5,0x80, tal\u00ed\u0159.hlava T25 -","isPartOf":{"@id":"https:\/\/www.koupelnapro.com\/#website"},"primaryImageOfPage":{"@id":"https:\/\/www.koupelnapro.com\/index.php\/produkt\/znackovy-rapi-tec-sk-plus-5-0x80-talir-hlava-t25-70928\/#primaryimage"},"image":{"@id":"https:\/\/www.koupelnapro.com\/index.php\/produkt\/znackovy-rapi-tec-sk-plus-5-0x80-talir-hlava-t25-70928\/#primaryimage"},"thumbnailUrl":"https:\/\/www.koupelnapro.com\/wp-content\/uploads\/2026\/SK0005169-CZ20260425-091742-0-1777079863-P-043289-00.webp","datePublished":"2026-04-26T09:18:24+00:00","breadcrumb":{"@id":"https:\/\/www.koupelnapro.com\/index.php\/produkt\/znackovy-rapi-tec-sk-plus-5-0x80-talir-hlava-t25-70928\/#breadcrumb"},"inLanguage":"cs","potentialAction":[{"@type":"ReadAction","target":["https:\/\/www.koupelnapro.com\/index.php\/produkt\/znackovy-rapi-tec-sk-plus-5-0x80-talir-hlava-t25-70928\/"]}]},{"@type":"ImageObject","inLanguage":"cs","@id":"https:\/\/www.koupelnapro.com\/index.php\/produkt\/znackovy-rapi-tec-sk-plus-5-0x80-talir-hlava-t25-70928\/#primaryimage","url":"https:\/\/www.koupelnapro.com\/wp-content\/uploads\/2026\/SK0005169-CZ20260425-091742-0-1777079863-P-043289-00.webp","contentUrl":"https:\/\/www.koupelnapro.com\/wp-content\/uploads\/2026\/SK0005169-CZ20260425-091742-0-1777079863-P-043289-00.webp","width":860,"height":800},{"@type":"BreadcrumbList","@id":"https:\/\/www.koupelnapro.com\/index.php\/produkt\/znackovy-rapi-tec-sk-plus-5-0x80-talir-hlava-t25-70928\/#breadcrumb","itemListElement":[{"@type":"ListItem","position":1,"name":"Home","item":"https:\/\/www.koupelnapro.com\/"},{"@type":"ListItem","position":2,"name":"Products","item":"https:\/\/www.koupelnapro.com\/index.php\/products\/"},{"@type":"ListItem","position":3,"name":"Zna\u010dkov\u00fd RAPI-TEC SK plus &#8211; 5,0&#215;80, tal\u00ed\u0159.hlava T25"}]},{"@type":"WebSite","@id":"https:\/\/www.koupelnapro.com\/#website","url":"https:\/\/www.koupelnapro.com\/","name":"","description":"","potentialAction":[{"@type":"SearchAction","target":{"@type":"EntryPoint","urlTemplate":"https:\/\/www.koupelnapro.com\/?s={search_term_string}"},"query-input":{"@type":"PropertyValueSpecification","valueRequired":true,"valueName":"search_term_string"}}],"inLanguage":"cs"}]}},"_links":{"self":[{"href":"https:\/\/www.koupelnapro.com\/index.php\/wp-json\/wp\/v2\/product\/70928","targetHints":{"allow":["GET"]}}],"collection":[{"href":"https:\/\/www.koupelnapro.com\/index.php\/wp-json\/wp\/v2\/product"}],"about":[{"href":"https:\/\/www.koupelnapro.com\/index.php\/wp-json\/wp\/v2\/types\/product"}],"replies":[{"embeddable":true,"href":"https:\/\/www.koupelnapro.com\/index.php\/wp-json\/wp\/v2\/comments?post=70928"}],"wp:featuredmedia":[{"embeddable":true,"href":"https:\/\/www.koupelnapro.com\/index.php\/wp-json\/wp\/v2\/media\/71028"}],"wp:attachment":[{"href":"https:\/\/www.koupelnapro.com\/index.php\/wp-json\/wp\/v2\/media?parent=70928"}],"wp:term":[{"taxonomy":"product_brand","embeddable":true,"href":"https:\/\/www.koupelnapro.com\/index.php\/wp-json\/wp\/v2\/product_brand?post=70928"},{"taxonomy":"product_cat","embeddable":true,"href":"https:\/\/www.koupelnapro.com\/index.php\/wp-json\/wp\/v2\/product_cat?post=70928"},{"taxonomy":"product_tag","embeddable":true,"href":"https:\/\/www.koupelnapro.com\/index.php\/wp-json\/wp\/v2\/product_tag?post=70928"}],"curies":[{"name":"wp","href":"https:\/\/api.w.org\/{rel}","templated":true}]}}