{"id":70913,"date":"2026-04-26T09:18:24","date_gmt":"2026-04-26T09:18:24","guid":{"rendered":""},"modified":"2026-04-26T09:18:24","modified_gmt":"2026-04-26T09:18:24","slug":"znackovy-rapi-tec-sk-8-0x180-t40-70913","status":"publish","type":"product","link":"https:\/\/www.koupelnapro.com\/index.php\/produkt\/znackovy-rapi-tec-sk-8-0x180-t40-70913\/","title":{"rendered":"Zna\u010dkov\u00fd RAPI-TEC SK &#8211; 8,0&#215;180 T40"},"content":{"rendered":"<div class=\"ResponseTabButton\">Popis produktu<\/div>\n<div class=\"TabContent\">                U\u017eivatelsky komfortn\u00ed varianta stavebn\u00edch vrut\u016f s vysok\u00fdmi u\u017eitn\u00fdmi vlastnostmi. Nejv\u011bt\u0161\u00ed sv\u011brn\u00e1 s\u00edla ve spoji.<br \/>Vyrobeno z jakostn\u00ed oceli se speci\u00e1ln\u00edm po\u017eadavkem na tepeln\u00e9 zpracov\u00e1n\u00ed. Vysok\u00e1 elasticita p\u0159i pevnosti 1.000 N\/mm2.<br \/>Povrchov\u00e1 \u00faprava neobsahuje \u0161kodliv\u00fd \u0161estimocn\u00fd chrom.<br \/>Oblast pou\u017eit\u00ed: Pro spoje d\u0159evo-d\u0159evo a kov-d\u0159evo.            <\/div>\n<\/p><\/div>\n<\/p><\/div>\n<\/p><\/div>\n<\/div>\n","protected":false},"excerpt":{"rendered":"<p>Popis produktu U\u017eivatelsky komfortn\u00ed varianta stavebn\u00edch vrut\u016f s vysok\u00fdmi u\u017eitn\u00fdmi vlastnostmi. Nejv\u011bt\u0161\u00ed sv\u011brn\u00e1 s\u00edla ve spoji.Vyrobeno z jakostn\u00ed oceli se speci\u00e1ln\u00edm po\u017eadavkem na tepeln\u00e9 zpracov\u00e1n\u00ed. Vysok\u00e1 elasticita p\u0159i pevnosti 1.000 N\/mm2.Povrchov\u00e1 \u00faprava neobsahuje \u0161kodliv\u00fd \u0161estimocn\u00fd chrom.Oblast pou\u017eit\u00ed: Pro spoje d\u0159evo-d\u0159evo a kov-d\u0159evo.<\/p>\n","protected":false},"featured_media":71013,"comment_status":"open","ping_status":"open","template":"","meta":[],"product_brand":[],"product_cat":[51],"product_tag":[],"class_list":{"0":"post-70913","1":"product","2":"type-product","3":"status-publish","4":"has-post-thumbnail","6":"product_cat-spojovaci-material","8":"first","9":"instock","10":"sale","11":"shipping-taxable","12":"purchasable","13":"product-type-simple"},"yoast_head":"<!-- This site is optimized with the Yoast SEO plugin v26.8 - https:\/\/yoast.com\/product\/yoast-seo-wordpress\/ -->\n<title>Zna\u010dkov\u00fd RAPI-TEC SK - 8,0x180 T40 -<\/title>\n<meta name=\"robots\" content=\"index, follow, max-snippet:-1, max-image-preview:large, max-video-preview:-1\" \/>\n<link rel=\"canonical\" href=\"https:\/\/www.koupelnapro.com\/index.php\/produkt\/znackovy-rapi-tec-sk-8-0x180-t40-70913\/\" \/>\n<meta property=\"og:locale\" content=\"cs_CZ\" \/>\n<meta property=\"og:type\" content=\"article\" \/>\n<meta property=\"og:title\" content=\"Zna\u010dkov\u00fd RAPI-TEC SK - 8,0x180 T40 -\" \/>\n<meta property=\"og:description\" content=\"Popis produktu U\u017eivatelsky komfortn\u00ed varianta stavebn\u00edch vrut\u016f s vysok\u00fdmi u\u017eitn\u00fdmi vlastnostmi. Nejv\u011bt\u0161\u00ed sv\u011brn\u00e1 s\u00edla ve spoji.Vyrobeno z jakostn\u00ed oceli se speci\u00e1ln\u00edm po\u017eadavkem na tepeln\u00e9 zpracov\u00e1n\u00ed. Vysok\u00e1 elasticita p\u0159i pevnosti 1.000 N\/mm2.Povrchov\u00e1 \u00faprava neobsahuje \u0161kodliv\u00fd \u0161estimocn\u00fd chrom.Oblast pou\u017eit\u00ed: Pro spoje d\u0159evo-d\u0159evo a kov-d\u0159evo.\" \/>\n<meta property=\"og:url\" content=\"https:\/\/www.koupelnapro.com\/index.php\/produkt\/znackovy-rapi-tec-sk-8-0x180-t40-70913\/\" \/>\n<meta property=\"og:image\" content=\"https:\/\/www.koupelnapro.com\/wp-content\/uploads\/2026\/SK0005153-CZ20260425-091742-0-1777079863-P-028493-00.webp\" \/>\n\t<meta property=\"og:image:width\" content=\"766\" \/>\n\t<meta property=\"og:image:height\" content=\"643\" \/>\n\t<meta property=\"og:image:type\" content=\"image\/webp\" \/>\n<meta name=\"twitter:card\" content=\"summary_large_image\" \/>\n<script type=\"application\/ld+json\" class=\"yoast-schema-graph\">{\"@context\":\"https:\/\/schema.org\",\"@graph\":[{\"@type\":\"WebPage\",\"@id\":\"https:\/\/www.koupelnapro.com\/index.php\/produkt\/znackovy-rapi-tec-sk-8-0x180-t40-70913\/\",\"url\":\"https:\/\/www.koupelnapro.com\/index.php\/produkt\/znackovy-rapi-tec-sk-8-0x180-t40-70913\/\",\"name\":\"Zna\u010dkov\u00fd RAPI-TEC SK - 8,0x180 T40 -\",\"isPartOf\":{\"@id\":\"https:\/\/www.koupelnapro.com\/#website\"},\"primaryImageOfPage\":{\"@id\":\"https:\/\/www.koupelnapro.com\/index.php\/produkt\/znackovy-rapi-tec-sk-8-0x180-t40-70913\/#primaryimage\"},\"image\":{\"@id\":\"https:\/\/www.koupelnapro.com\/index.php\/produkt\/znackovy-rapi-tec-sk-8-0x180-t40-70913\/#primaryimage\"},\"thumbnailUrl\":\"https:\/\/www.koupelnapro.com\/wp-content\/uploads\/2026\/SK0005153-CZ20260425-091742-0-1777079863-P-028493-00.webp\",\"datePublished\":\"2026-04-26T09:18:24+00:00\",\"breadcrumb\":{\"@id\":\"https:\/\/www.koupelnapro.com\/index.php\/produkt\/znackovy-rapi-tec-sk-8-0x180-t40-70913\/#breadcrumb\"},\"inLanguage\":\"cs\",\"potentialAction\":[{\"@type\":\"ReadAction\",\"target\":[\"https:\/\/www.koupelnapro.com\/index.php\/produkt\/znackovy-rapi-tec-sk-8-0x180-t40-70913\/\"]}]},{\"@type\":\"ImageObject\",\"inLanguage\":\"cs\",\"@id\":\"https:\/\/www.koupelnapro.com\/index.php\/produkt\/znackovy-rapi-tec-sk-8-0x180-t40-70913\/#primaryimage\",\"url\":\"https:\/\/www.koupelnapro.com\/wp-content\/uploads\/2026\/SK0005153-CZ20260425-091742-0-1777079863-P-028493-00.webp\",\"contentUrl\":\"https:\/\/www.koupelnapro.com\/wp-content\/uploads\/2026\/SK0005153-CZ20260425-091742-0-1777079863-P-028493-00.webp\",\"width\":766,\"height\":643},{\"@type\":\"BreadcrumbList\",\"@id\":\"https:\/\/www.koupelnapro.com\/index.php\/produkt\/znackovy-rapi-tec-sk-8-0x180-t40-70913\/#breadcrumb\",\"itemListElement\":[{\"@type\":\"ListItem\",\"position\":1,\"name\":\"Home\",\"item\":\"https:\/\/www.koupelnapro.com\/\"},{\"@type\":\"ListItem\",\"position\":2,\"name\":\"Products\",\"item\":\"https:\/\/www.koupelnapro.com\/index.php\/products\/\"},{\"@type\":\"ListItem\",\"position\":3,\"name\":\"Zna\u010dkov\u00fd RAPI-TEC SK &#8211; 8,0&#215;180 T40\"}]},{\"@type\":\"WebSite\",\"@id\":\"https:\/\/www.koupelnapro.com\/#website\",\"url\":\"https:\/\/www.koupelnapro.com\/\",\"name\":\"\",\"description\":\"\",\"potentialAction\":[{\"@type\":\"SearchAction\",\"target\":{\"@type\":\"EntryPoint\",\"urlTemplate\":\"https:\/\/www.koupelnapro.com\/?s={search_term_string}\"},\"query-input\":{\"@type\":\"PropertyValueSpecification\",\"valueRequired\":true,\"valueName\":\"search_term_string\"}}],\"inLanguage\":\"cs\"}]}<\/script>\n<!-- \/ Yoast SEO plugin. -->","yoast_head_json":{"title":"Zna\u010dkov\u00fd RAPI-TEC SK - 8,0x180 T40 -","robots":{"index":"index","follow":"follow","max-snippet":"max-snippet:-1","max-image-preview":"max-image-preview:large","max-video-preview":"max-video-preview:-1"},"canonical":"https:\/\/www.koupelnapro.com\/index.php\/produkt\/znackovy-rapi-tec-sk-8-0x180-t40-70913\/","og_locale":"cs_CZ","og_type":"article","og_title":"Zna\u010dkov\u00fd RAPI-TEC SK - 8,0x180 T40 -","og_description":"Popis produktu U\u017eivatelsky komfortn\u00ed varianta stavebn\u00edch vrut\u016f s vysok\u00fdmi u\u017eitn\u00fdmi vlastnostmi. Nejv\u011bt\u0161\u00ed sv\u011brn\u00e1 s\u00edla ve spoji.Vyrobeno z jakostn\u00ed oceli se speci\u00e1ln\u00edm po\u017eadavkem na tepeln\u00e9 zpracov\u00e1n\u00ed. Vysok\u00e1 elasticita p\u0159i pevnosti 1.000 N\/mm2.Povrchov\u00e1 \u00faprava neobsahuje \u0161kodliv\u00fd \u0161estimocn\u00fd chrom.Oblast pou\u017eit\u00ed: Pro spoje d\u0159evo-d\u0159evo a kov-d\u0159evo.","og_url":"https:\/\/www.koupelnapro.com\/index.php\/produkt\/znackovy-rapi-tec-sk-8-0x180-t40-70913\/","og_image":[{"width":766,"height":643,"url":"https:\/\/www.koupelnapro.com\/wp-content\/uploads\/2026\/SK0005153-CZ20260425-091742-0-1777079863-P-028493-00.webp","type":"image\/webp"}],"twitter_card":"summary_large_image","schema":{"@context":"https:\/\/schema.org","@graph":[{"@type":"WebPage","@id":"https:\/\/www.koupelnapro.com\/index.php\/produkt\/znackovy-rapi-tec-sk-8-0x180-t40-70913\/","url":"https:\/\/www.koupelnapro.com\/index.php\/produkt\/znackovy-rapi-tec-sk-8-0x180-t40-70913\/","name":"Zna\u010dkov\u00fd RAPI-TEC SK - 8,0x180 T40 -","isPartOf":{"@id":"https:\/\/www.koupelnapro.com\/#website"},"primaryImageOfPage":{"@id":"https:\/\/www.koupelnapro.com\/index.php\/produkt\/znackovy-rapi-tec-sk-8-0x180-t40-70913\/#primaryimage"},"image":{"@id":"https:\/\/www.koupelnapro.com\/index.php\/produkt\/znackovy-rapi-tec-sk-8-0x180-t40-70913\/#primaryimage"},"thumbnailUrl":"https:\/\/www.koupelnapro.com\/wp-content\/uploads\/2026\/SK0005153-CZ20260425-091742-0-1777079863-P-028493-00.webp","datePublished":"2026-04-26T09:18:24+00:00","breadcrumb":{"@id":"https:\/\/www.koupelnapro.com\/index.php\/produkt\/znackovy-rapi-tec-sk-8-0x180-t40-70913\/#breadcrumb"},"inLanguage":"cs","potentialAction":[{"@type":"ReadAction","target":["https:\/\/www.koupelnapro.com\/index.php\/produkt\/znackovy-rapi-tec-sk-8-0x180-t40-70913\/"]}]},{"@type":"ImageObject","inLanguage":"cs","@id":"https:\/\/www.koupelnapro.com\/index.php\/produkt\/znackovy-rapi-tec-sk-8-0x180-t40-70913\/#primaryimage","url":"https:\/\/www.koupelnapro.com\/wp-content\/uploads\/2026\/SK0005153-CZ20260425-091742-0-1777079863-P-028493-00.webp","contentUrl":"https:\/\/www.koupelnapro.com\/wp-content\/uploads\/2026\/SK0005153-CZ20260425-091742-0-1777079863-P-028493-00.webp","width":766,"height":643},{"@type":"BreadcrumbList","@id":"https:\/\/www.koupelnapro.com\/index.php\/produkt\/znackovy-rapi-tec-sk-8-0x180-t40-70913\/#breadcrumb","itemListElement":[{"@type":"ListItem","position":1,"name":"Home","item":"https:\/\/www.koupelnapro.com\/"},{"@type":"ListItem","position":2,"name":"Products","item":"https:\/\/www.koupelnapro.com\/index.php\/products\/"},{"@type":"ListItem","position":3,"name":"Zna\u010dkov\u00fd RAPI-TEC SK &#8211; 8,0&#215;180 T40"}]},{"@type":"WebSite","@id":"https:\/\/www.koupelnapro.com\/#website","url":"https:\/\/www.koupelnapro.com\/","name":"","description":"","potentialAction":[{"@type":"SearchAction","target":{"@type":"EntryPoint","urlTemplate":"https:\/\/www.koupelnapro.com\/?s={search_term_string}"},"query-input":{"@type":"PropertyValueSpecification","valueRequired":true,"valueName":"search_term_string"}}],"inLanguage":"cs"}]}},"_links":{"self":[{"href":"https:\/\/www.koupelnapro.com\/index.php\/wp-json\/wp\/v2\/product\/70913","targetHints":{"allow":["GET"]}}],"collection":[{"href":"https:\/\/www.koupelnapro.com\/index.php\/wp-json\/wp\/v2\/product"}],"about":[{"href":"https:\/\/www.koupelnapro.com\/index.php\/wp-json\/wp\/v2\/types\/product"}],"replies":[{"embeddable":true,"href":"https:\/\/www.koupelnapro.com\/index.php\/wp-json\/wp\/v2\/comments?post=70913"}],"wp:featuredmedia":[{"embeddable":true,"href":"https:\/\/www.koupelnapro.com\/index.php\/wp-json\/wp\/v2\/media\/71013"}],"wp:attachment":[{"href":"https:\/\/www.koupelnapro.com\/index.php\/wp-json\/wp\/v2\/media?parent=70913"}],"wp:term":[{"taxonomy":"product_brand","embeddable":true,"href":"https:\/\/www.koupelnapro.com\/index.php\/wp-json\/wp\/v2\/product_brand?post=70913"},{"taxonomy":"product_cat","embeddable":true,"href":"https:\/\/www.koupelnapro.com\/index.php\/wp-json\/wp\/v2\/product_cat?post=70913"},{"taxonomy":"product_tag","embeddable":true,"href":"https:\/\/www.koupelnapro.com\/index.php\/wp-json\/wp\/v2\/product_tag?post=70913"}],"curies":[{"name":"wp","href":"https:\/\/api.w.org\/{rel}","templated":true}]}}