{"id":70343,"date":"2026-04-26T09:18:21","date_gmt":"2026-04-26T09:18:21","guid":{"rendered":""},"modified":"2026-04-26T09:18:21","modified_gmt":"2026-04-26T09:18:21","slug":"znackovy-pruchody-strechou-renoton-11-traditon-12-antenni-komplet-novy-engoba-grafen-70343","status":"publish","type":"product","link":"https:\/\/www.koupelnapro.com\/index.php\/produkt\/znackovy-pruchody-strechou-renoton-11-traditon-12-antenni-komplet-novy-engoba-grafen-70343\/","title":{"rendered":"Zna\u010dkov\u00fd Pr\u016fchody st\u0159echou Renoton 11\/Traditon 12 &#8211; Ant\u00e9nn\u00ed komplet NOV\u00dd &#8211; Engoba Grafen"},"content":{"rendered":"<div class=\"ResponseTabButton\">Popis produktu<\/div>\n<div class=\"TabContent\">\n<h4>Ant\u00e9nn\u00ed&nbsp; komplet pro ta\u0161ku Tondach Renoton&nbsp;11 (d\u0159\u00edve Hranice 11) a Traditon 12 (d\u0159\u00edve Francouzsk\u00e1 12).<\/h4>\n<p>Syst\u00e9mov\u00e9 keramick\u00e9 \u0159e\u0161en\u00ed pro ant\u00e9nn\u00ed prostup<br \/>Ant\u00e9nn\u00ed komplet nab\u00edz\u00ed efektivn\u00ed \u0159e\u0161en\u00ed pr\u016fchodu konstrukce ant\u00e9ny nad rovinou st\u0159echy, p\u0159i\u010dem\u017e si st\u0159echa zachov\u00e1 estetick\u00fd r\u00e1z keramick\u00e9 krytiny.<\/p>\n<h4>V\u00fdhody:<\/h4>\n<p>Jednoduch\u00e1, rychl\u00e1 a&nbsp;bezpe\u010dn\u00e1 mont\u00e1\u017e<br \/>Pou\u017eit\u00ed od 13&deg; do 48&deg; sklonu st\u0159echy<br \/>Snadn\u00e9 ut\u011bsn\u011bn\u00ed pomoc\u00ed gumov\u00e9 man\u017eety<br \/>Odoln\u00fd v\u016f\u010di UV z\u00e1\u0159en\u00ed a pov\u011btrnostn\u00edm vliv\u016fm<\/p>\n<h4>Komplet obsahuje:<\/h4>\n<p>keramickou prostupovou ta\u0161ku<br \/>n\u00e1stavec pro ant\u00e9nu<br \/>t\u011bsn\u00edc\u00ed pry\u017eovou samolep\u00edc\u00ed man\u017eeta 150 &times; 150 mm s&nbsp;otvorem pro instalace kabel\u016f o&nbsp;pr\u016fm\u011bru 5&ndash;30&nbsp;mm.<\/p>\n<h4>Dod\u00e1vka<\/h4>\n<p>Ant\u00e9nn\u00ed komplet se&nbsp;dod\u00e1v\u00e1 sestaven ve speci\u00e1ln\u00ed krabici, aby nedo\u0161lo k po\u0161kozen\u00ed.<\/p>\n<\/p><\/div>\n<\/p><\/div>\n<\/p><\/div>\n<\/p><\/div>\n<\/div>\n","protected":false},"excerpt":{"rendered":"<p>Popis produktu Ant\u00e9nn\u00ed&nbsp; komplet pro ta\u0161ku Tondach Renoton&nbsp;11 (d\u0159\u00edve Hranice 11) a Traditon 12 (d\u0159\u00edve Francouzsk\u00e1 12). Syst\u00e9mov\u00e9 keramick\u00e9 \u0159e\u0161en\u00ed pro ant\u00e9nn\u00ed prostupAnt\u00e9nn\u00ed komplet nab\u00edz\u00ed efektivn\u00ed \u0159e\u0161en\u00ed pr\u016fchodu konstrukce ant\u00e9ny nad rovinou st\u0159echy, p\u0159i\u010dem\u017e si st\u0159echa zachov\u00e1 estetick\u00fd r\u00e1z keramick\u00e9 krytiny. V\u00fdhody: Jednoduch\u00e1, rychl\u00e1 a&nbsp;bezpe\u010dn\u00e1 mont\u00e1\u017ePou\u017eit\u00ed od 13&deg; do 48&deg; sklonu st\u0159echySnadn\u00e9 ut\u011bsn\u011bn\u00ed pomoc\u00ed gumov\u00e9 [&hellip;]<\/p>\n","protected":false},"featured_media":70443,"comment_status":"open","ping_status":"open","template":"","meta":[],"product_brand":[],"product_cat":[56],"product_tag":[],"class_list":{"0":"post-70343","1":"product","2":"type-product","3":"status-publish","4":"has-post-thumbnail","6":"product_cat-doplnky-strech","8":"first","9":"instock","10":"sale","11":"shipping-taxable","12":"purchasable","13":"product-type-simple"},"yoast_head":"<!-- This site is optimized with the Yoast SEO plugin v26.8 - https:\/\/yoast.com\/product\/yoast-seo-wordpress\/ -->\n<title>Zna\u010dkov\u00fd Pr\u016fchody st\u0159echou Renoton 11\/Traditon 12 - Ant\u00e9nn\u00ed komplet NOV\u00dd - Engoba Grafen -<\/title>\n<meta name=\"robots\" content=\"index, follow, max-snippet:-1, max-image-preview:large, max-video-preview:-1\" \/>\n<link rel=\"canonical\" href=\"https:\/\/www.koupelnapro.com\/index.php\/produkt\/znackovy-pruchody-strechou-renoton-11-traditon-12-antenni-komplet-novy-engoba-grafen-70343\/\" \/>\n<meta property=\"og:locale\" content=\"cs_CZ\" \/>\n<meta property=\"og:type\" content=\"article\" \/>\n<meta property=\"og:title\" content=\"Zna\u010dkov\u00fd Pr\u016fchody st\u0159echou Renoton 11\/Traditon 12 - Ant\u00e9nn\u00ed komplet NOV\u00dd - Engoba Grafen -\" \/>\n<meta property=\"og:description\" content=\"Popis produktu Ant\u00e9nn\u00ed&nbsp; komplet pro ta\u0161ku Tondach Renoton&nbsp;11 (d\u0159\u00edve Hranice 11) a Traditon 12 (d\u0159\u00edve Francouzsk\u00e1 12). Syst\u00e9mov\u00e9 keramick\u00e9 \u0159e\u0161en\u00ed pro ant\u00e9nn\u00ed prostupAnt\u00e9nn\u00ed komplet nab\u00edz\u00ed efektivn\u00ed \u0159e\u0161en\u00ed pr\u016fchodu konstrukce ant\u00e9ny nad rovinou st\u0159echy, p\u0159i\u010dem\u017e si st\u0159echa zachov\u00e1 estetick\u00fd r\u00e1z keramick\u00e9 krytiny. V\u00fdhody: Jednoduch\u00e1, rychl\u00e1 a&nbsp;bezpe\u010dn\u00e1 mont\u00e1\u017ePou\u017eit\u00ed od 13&deg; do 48&deg; sklonu st\u0159echySnadn\u00e9 ut\u011bsn\u011bn\u00ed pomoc\u00ed gumov\u00e9 [&hellip;]\" \/>\n<meta property=\"og:url\" content=\"https:\/\/www.koupelnapro.com\/index.php\/produkt\/znackovy-pruchody-strechou-renoton-11-traditon-12-antenni-komplet-novy-engoba-grafen-70343\/\" \/>\n<meta property=\"og:image\" content=\"https:\/\/www.koupelnapro.com\/wp-content\/uploads\/2026\/SK0004855-CZ20260425-091742-0-1777079863-emptyimage.webp\" \/>\n\t<meta property=\"og:image:width\" content=\"800\" \/>\n\t<meta property=\"og:image:height\" content=\"800\" \/>\n\t<meta property=\"og:image:type\" content=\"image\/webp\" \/>\n<meta name=\"twitter:card\" content=\"summary_large_image\" \/>\n<meta name=\"twitter:label1\" content=\"Odhadovan\u00e1 doba \u010dten\u00ed\" \/>\n\t<meta name=\"twitter:data1\" content=\"1 minuta\" \/>\n<script type=\"application\/ld+json\" class=\"yoast-schema-graph\">{\"@context\":\"https:\/\/schema.org\",\"@graph\":[{\"@type\":\"WebPage\",\"@id\":\"https:\/\/www.koupelnapro.com\/index.php\/produkt\/znackovy-pruchody-strechou-renoton-11-traditon-12-antenni-komplet-novy-engoba-grafen-70343\/\",\"url\":\"https:\/\/www.koupelnapro.com\/index.php\/produkt\/znackovy-pruchody-strechou-renoton-11-traditon-12-antenni-komplet-novy-engoba-grafen-70343\/\",\"name\":\"Zna\u010dkov\u00fd Pr\u016fchody st\u0159echou Renoton 11\/Traditon 12 - Ant\u00e9nn\u00ed komplet NOV\u00dd - Engoba Grafen -\",\"isPartOf\":{\"@id\":\"https:\/\/www.koupelnapro.com\/#website\"},\"primaryImageOfPage\":{\"@id\":\"https:\/\/www.koupelnapro.com\/index.php\/produkt\/znackovy-pruchody-strechou-renoton-11-traditon-12-antenni-komplet-novy-engoba-grafen-70343\/#primaryimage\"},\"image\":{\"@id\":\"https:\/\/www.koupelnapro.com\/index.php\/produkt\/znackovy-pruchody-strechou-renoton-11-traditon-12-antenni-komplet-novy-engoba-grafen-70343\/#primaryimage\"},\"thumbnailUrl\":\"https:\/\/www.koupelnapro.com\/wp-content\/uploads\/2026\/SK0004855-CZ20260425-091742-0-1777079863-emptyimage.webp\",\"datePublished\":\"2026-04-26T09:18:21+00:00\",\"breadcrumb\":{\"@id\":\"https:\/\/www.koupelnapro.com\/index.php\/produkt\/znackovy-pruchody-strechou-renoton-11-traditon-12-antenni-komplet-novy-engoba-grafen-70343\/#breadcrumb\"},\"inLanguage\":\"cs\",\"potentialAction\":[{\"@type\":\"ReadAction\",\"target\":[\"https:\/\/www.koupelnapro.com\/index.php\/produkt\/znackovy-pruchody-strechou-renoton-11-traditon-12-antenni-komplet-novy-engoba-grafen-70343\/\"]}]},{\"@type\":\"ImageObject\",\"inLanguage\":\"cs\",\"@id\":\"https:\/\/www.koupelnapro.com\/index.php\/produkt\/znackovy-pruchody-strechou-renoton-11-traditon-12-antenni-komplet-novy-engoba-grafen-70343\/#primaryimage\",\"url\":\"https:\/\/www.koupelnapro.com\/wp-content\/uploads\/2026\/SK0004855-CZ20260425-091742-0-1777079863-emptyimage.webp\",\"contentUrl\":\"https:\/\/www.koupelnapro.com\/wp-content\/uploads\/2026\/SK0004855-CZ20260425-091742-0-1777079863-emptyimage.webp\",\"width\":800,\"height\":800},{\"@type\":\"BreadcrumbList\",\"@id\":\"https:\/\/www.koupelnapro.com\/index.php\/produkt\/znackovy-pruchody-strechou-renoton-11-traditon-12-antenni-komplet-novy-engoba-grafen-70343\/#breadcrumb\",\"itemListElement\":[{\"@type\":\"ListItem\",\"position\":1,\"name\":\"Home\",\"item\":\"https:\/\/www.koupelnapro.com\/\"},{\"@type\":\"ListItem\",\"position\":2,\"name\":\"Products\",\"item\":\"https:\/\/www.koupelnapro.com\/index.php\/products\/\"},{\"@type\":\"ListItem\",\"position\":3,\"name\":\"Zna\u010dkov\u00fd Pr\u016fchody st\u0159echou Renoton 11\/Traditon 12 &#8211; Ant\u00e9nn\u00ed komplet NOV\u00dd &#8211; Engoba Grafen\"}]},{\"@type\":\"WebSite\",\"@id\":\"https:\/\/www.koupelnapro.com\/#website\",\"url\":\"https:\/\/www.koupelnapro.com\/\",\"name\":\"\",\"description\":\"\",\"potentialAction\":[{\"@type\":\"SearchAction\",\"target\":{\"@type\":\"EntryPoint\",\"urlTemplate\":\"https:\/\/www.koupelnapro.com\/?s={search_term_string}\"},\"query-input\":{\"@type\":\"PropertyValueSpecification\",\"valueRequired\":true,\"valueName\":\"search_term_string\"}}],\"inLanguage\":\"cs\"}]}<\/script>\n<!-- \/ Yoast SEO plugin. -->","yoast_head_json":{"title":"Zna\u010dkov\u00fd Pr\u016fchody st\u0159echou Renoton 11\/Traditon 12 - Ant\u00e9nn\u00ed komplet NOV\u00dd - Engoba Grafen -","robots":{"index":"index","follow":"follow","max-snippet":"max-snippet:-1","max-image-preview":"max-image-preview:large","max-video-preview":"max-video-preview:-1"},"canonical":"https:\/\/www.koupelnapro.com\/index.php\/produkt\/znackovy-pruchody-strechou-renoton-11-traditon-12-antenni-komplet-novy-engoba-grafen-70343\/","og_locale":"cs_CZ","og_type":"article","og_title":"Zna\u010dkov\u00fd Pr\u016fchody st\u0159echou Renoton 11\/Traditon 12 - Ant\u00e9nn\u00ed komplet NOV\u00dd - Engoba Grafen -","og_description":"Popis produktu Ant\u00e9nn\u00ed&nbsp; komplet pro ta\u0161ku Tondach Renoton&nbsp;11 (d\u0159\u00edve Hranice 11) a Traditon 12 (d\u0159\u00edve Francouzsk\u00e1 12). Syst\u00e9mov\u00e9 keramick\u00e9 \u0159e\u0161en\u00ed pro ant\u00e9nn\u00ed prostupAnt\u00e9nn\u00ed komplet nab\u00edz\u00ed efektivn\u00ed \u0159e\u0161en\u00ed pr\u016fchodu konstrukce ant\u00e9ny nad rovinou st\u0159echy, p\u0159i\u010dem\u017e si st\u0159echa zachov\u00e1 estetick\u00fd r\u00e1z keramick\u00e9 krytiny. V\u00fdhody: Jednoduch\u00e1, rychl\u00e1 a&nbsp;bezpe\u010dn\u00e1 mont\u00e1\u017ePou\u017eit\u00ed od 13&deg; do 48&deg; sklonu st\u0159echySnadn\u00e9 ut\u011bsn\u011bn\u00ed pomoc\u00ed gumov\u00e9 [&hellip;]","og_url":"https:\/\/www.koupelnapro.com\/index.php\/produkt\/znackovy-pruchody-strechou-renoton-11-traditon-12-antenni-komplet-novy-engoba-grafen-70343\/","og_image":[{"width":800,"height":800,"url":"https:\/\/www.koupelnapro.com\/wp-content\/uploads\/2026\/SK0004855-CZ20260425-091742-0-1777079863-emptyimage.webp","type":"image\/webp"}],"twitter_card":"summary_large_image","twitter_misc":{"Odhadovan\u00e1 doba \u010dten\u00ed":"1 minuta"},"schema":{"@context":"https:\/\/schema.org","@graph":[{"@type":"WebPage","@id":"https:\/\/www.koupelnapro.com\/index.php\/produkt\/znackovy-pruchody-strechou-renoton-11-traditon-12-antenni-komplet-novy-engoba-grafen-70343\/","url":"https:\/\/www.koupelnapro.com\/index.php\/produkt\/znackovy-pruchody-strechou-renoton-11-traditon-12-antenni-komplet-novy-engoba-grafen-70343\/","name":"Zna\u010dkov\u00fd Pr\u016fchody st\u0159echou Renoton 11\/Traditon 12 - Ant\u00e9nn\u00ed komplet NOV\u00dd - Engoba Grafen -","isPartOf":{"@id":"https:\/\/www.koupelnapro.com\/#website"},"primaryImageOfPage":{"@id":"https:\/\/www.koupelnapro.com\/index.php\/produkt\/znackovy-pruchody-strechou-renoton-11-traditon-12-antenni-komplet-novy-engoba-grafen-70343\/#primaryimage"},"image":{"@id":"https:\/\/www.koupelnapro.com\/index.php\/produkt\/znackovy-pruchody-strechou-renoton-11-traditon-12-antenni-komplet-novy-engoba-grafen-70343\/#primaryimage"},"thumbnailUrl":"https:\/\/www.koupelnapro.com\/wp-content\/uploads\/2026\/SK0004855-CZ20260425-091742-0-1777079863-emptyimage.webp","datePublished":"2026-04-26T09:18:21+00:00","breadcrumb":{"@id":"https:\/\/www.koupelnapro.com\/index.php\/produkt\/znackovy-pruchody-strechou-renoton-11-traditon-12-antenni-komplet-novy-engoba-grafen-70343\/#breadcrumb"},"inLanguage":"cs","potentialAction":[{"@type":"ReadAction","target":["https:\/\/www.koupelnapro.com\/index.php\/produkt\/znackovy-pruchody-strechou-renoton-11-traditon-12-antenni-komplet-novy-engoba-grafen-70343\/"]}]},{"@type":"ImageObject","inLanguage":"cs","@id":"https:\/\/www.koupelnapro.com\/index.php\/produkt\/znackovy-pruchody-strechou-renoton-11-traditon-12-antenni-komplet-novy-engoba-grafen-70343\/#primaryimage","url":"https:\/\/www.koupelnapro.com\/wp-content\/uploads\/2026\/SK0004855-CZ20260425-091742-0-1777079863-emptyimage.webp","contentUrl":"https:\/\/www.koupelnapro.com\/wp-content\/uploads\/2026\/SK0004855-CZ20260425-091742-0-1777079863-emptyimage.webp","width":800,"height":800},{"@type":"BreadcrumbList","@id":"https:\/\/www.koupelnapro.com\/index.php\/produkt\/znackovy-pruchody-strechou-renoton-11-traditon-12-antenni-komplet-novy-engoba-grafen-70343\/#breadcrumb","itemListElement":[{"@type":"ListItem","position":1,"name":"Home","item":"https:\/\/www.koupelnapro.com\/"},{"@type":"ListItem","position":2,"name":"Products","item":"https:\/\/www.koupelnapro.com\/index.php\/products\/"},{"@type":"ListItem","position":3,"name":"Zna\u010dkov\u00fd Pr\u016fchody st\u0159echou Renoton 11\/Traditon 12 &#8211; Ant\u00e9nn\u00ed komplet NOV\u00dd &#8211; Engoba Grafen"}]},{"@type":"WebSite","@id":"https:\/\/www.koupelnapro.com\/#website","url":"https:\/\/www.koupelnapro.com\/","name":"","description":"","potentialAction":[{"@type":"SearchAction","target":{"@type":"EntryPoint","urlTemplate":"https:\/\/www.koupelnapro.com\/?s={search_term_string}"},"query-input":{"@type":"PropertyValueSpecification","valueRequired":true,"valueName":"search_term_string"}}],"inLanguage":"cs"}]}},"_links":{"self":[{"href":"https:\/\/www.koupelnapro.com\/index.php\/wp-json\/wp\/v2\/product\/70343","targetHints":{"allow":["GET"]}}],"collection":[{"href":"https:\/\/www.koupelnapro.com\/index.php\/wp-json\/wp\/v2\/product"}],"about":[{"href":"https:\/\/www.koupelnapro.com\/index.php\/wp-json\/wp\/v2\/types\/product"}],"replies":[{"embeddable":true,"href":"https:\/\/www.koupelnapro.com\/index.php\/wp-json\/wp\/v2\/comments?post=70343"}],"wp:featuredmedia":[{"embeddable":true,"href":"https:\/\/www.koupelnapro.com\/index.php\/wp-json\/wp\/v2\/media\/70443"}],"wp:attachment":[{"href":"https:\/\/www.koupelnapro.com\/index.php\/wp-json\/wp\/v2\/media?parent=70343"}],"wp:term":[{"taxonomy":"product_brand","embeddable":true,"href":"https:\/\/www.koupelnapro.com\/index.php\/wp-json\/wp\/v2\/product_brand?post=70343"},{"taxonomy":"product_cat","embeddable":true,"href":"https:\/\/www.koupelnapro.com\/index.php\/wp-json\/wp\/v2\/product_cat?post=70343"},{"taxonomy":"product_tag","embeddable":true,"href":"https:\/\/www.koupelnapro.com\/index.php\/wp-json\/wp\/v2\/product_tag?post=70343"}],"curies":[{"name":"wp","href":"https:\/\/api.w.org\/{rel}","templated":true}]}}