{"id":69588,"date":"2026-04-26T09:18:18","date_gmt":"2026-04-26T09:18:18","guid":{"rendered":""},"modified":"2026-04-26T09:18:18","modified_gmt":"2026-04-26T09:18:18","slug":"dokud-zasoby-vydrzi-prislusenstvi-k-foliim-vetraci-vsuvka-69588","status":"publish","type":"product","link":"https:\/\/www.koupelnapro.com\/index.php\/produkt\/dokud-zasoby-vydrzi-prislusenstvi-k-foliim-vetraci-vsuvka-69588\/","title":{"rendered":"Dokud Z\u00e1soby Vydr\u017e\u00ed P\u0159\u00edslu\u0161enstv\u00ed k foli\u00edm &#8211; V\u011btrac\u00ed vsuvka"},"content":{"rendered":"<div class=\"ResponseTabButton\">Popis produktu<\/div>\n<div class=\"TabContent\">\n<div><font color=\"#000000\">Zav\u011b\u0161en\u00edm v\u011btrac\u00ed vsuvky na horn\u00ed okraj spodn\u00edho p\u00e1su f\u00f3lie a polo\u017een\u00edm spodn\u00edho okraje horn\u00edho p\u00e1su f\u00f3lie na v\u011btrac\u00ed vsuvku dojde k propojen\u00ed obou vzduchov\u00fdch vrstev t\u0159\u00edpl\u00e1\u0161\u0165ov\u00e9 st\u0159echy a zajist\u00ed se tak v\u011btr\u00e1n\u00ed ve spodn\u00ed vzduchov\u00e9 vrstv\u011b t\u0159\u00edpl\u00e1\u0161\u0165ov\u00e9 st\u0159echy. <\/font><\/div>\n<div><font color=\"#000000\">&nbsp;<\/font><\/div>\n<div><font color=\"#000000\">Pou\u017eit\u00ed: vhodn\u00e9 zejm\u00e9na u prostup\u016f a n\u00e1staveb, kdy by jinak tyto tvo\u0159ily p\u0159ek\u00e1\u017eku funk\u010dn\u00edho odv\u011btr\u00e1n\u00ed spodn\u00ed vzduchov\u00e9 vrstvy. Jedn\u00e1 se zejm\u00e9na o tyto detaily: st\u0159e\u0161n\u00ed okna, kom\u00edny, vik\u00fd\u0159e, n\u00e1ro\u017e\u00ed, \u00fa\u017elab\u00ed. Pou\u017eit\u00ed v\u011btrac\u00ed vsuvky je d\u00e1le vhodn\u00e9 u st\u0159ech s d\u00e9lkou krokv\u00ed v\u011bt\u0161\u00ed ne\u017e 10 m, kdy se umis\u0165uje p\u0159ibli\u017en\u011b v polovin\u011b d\u00e9lky krokv\u00ed a z\u00e1rove\u0148 nad um\u00edst\u011bn\u00edm v\u011btrac\u00ed vsuvky se do krytiny vkl\u00e1d\u00e1 odv\u011btr\u00e1vac\u00ed ta\u0161ka. <\/font><\/div>\n<div><font color=\"#000000\">&nbsp;<\/font><\/div>\n<div><font color=\"#000000\">&nbsp;Technick\u00e9 \u00fadaje&nbsp;&nbsp;&nbsp; <\/font><\/div>\n<div><font color=\"#000000\">Pou\u017eit\u00ed: pro v\u0161echny modely <\/font><\/div>\n<div><font color=\"#000000\">Spot\u0159eba: dle doporu\u010den\u00ed <\/font><\/div>\n<div><font color=\"#000000\">Rozm\u011bry: 360 x 120 x 20 mm <\/font><\/div>\n<div><font color=\"#000000\">Pr\u016f\u0159ez odv\u011btr\u00e1v\u00e1n\u00ed: cca 60 cm&sup2;<\/font><\/div>\n<\/p><\/div>\n<\/p><\/div>\n<\/p><\/div>\n<\/p><\/div>\n<\/div>\n","protected":false},"excerpt":{"rendered":"<p>Popis produktu Zav\u011b\u0161en\u00edm v\u011btrac\u00ed vsuvky na horn\u00ed okraj spodn\u00edho p\u00e1su f\u00f3lie a polo\u017een\u00edm spodn\u00edho okraje horn\u00edho p\u00e1su f\u00f3lie na v\u011btrac\u00ed vsuvku dojde k propojen\u00ed obou vzduchov\u00fdch vrstev t\u0159\u00edpl\u00e1\u0161\u0165ov\u00e9 st\u0159echy a zajist\u00ed se tak v\u011btr\u00e1n\u00ed ve spodn\u00ed vzduchov\u00e9 vrstv\u011b t\u0159\u00edpl\u00e1\u0161\u0165ov\u00e9 st\u0159echy. &nbsp; Pou\u017eit\u00ed: vhodn\u00e9 zejm\u00e9na u prostup\u016f a n\u00e1staveb, kdy by jinak tyto tvo\u0159ily p\u0159ek\u00e1\u017eku funk\u010dn\u00edho [&hellip;]<\/p>\n","protected":false},"featured_media":69688,"comment_status":"open","ping_status":"open","template":"","meta":[],"product_brand":[],"product_cat":[57],"product_tag":[],"class_list":{"0":"post-69588","1":"product","2":"type-product","3":"status-publish","4":"has-post-thumbnail","6":"product_cat-stresni-folie","8":"first","9":"instock","10":"sale","11":"shipping-taxable","12":"purchasable","13":"product-type-simple"},"yoast_head":"<!-- This site is optimized with the Yoast SEO plugin v26.8 - https:\/\/yoast.com\/product\/yoast-seo-wordpress\/ -->\n<title>Dokud Z\u00e1soby Vydr\u017e\u00ed P\u0159\u00edslu\u0161enstv\u00ed k foli\u00edm - V\u011btrac\u00ed vsuvka -<\/title>\n<meta name=\"robots\" content=\"index, follow, max-snippet:-1, max-image-preview:large, max-video-preview:-1\" \/>\n<link rel=\"canonical\" href=\"https:\/\/www.koupelnapro.com\/index.php\/produkt\/dokud-zasoby-vydrzi-prislusenstvi-k-foliim-vetraci-vsuvka-69588\/\" \/>\n<meta property=\"og:locale\" content=\"cs_CZ\" \/>\n<meta property=\"og:type\" content=\"article\" \/>\n<meta property=\"og:title\" content=\"Dokud Z\u00e1soby Vydr\u017e\u00ed P\u0159\u00edslu\u0161enstv\u00ed k foli\u00edm - V\u011btrac\u00ed vsuvka -\" \/>\n<meta property=\"og:description\" content=\"Popis produktu Zav\u011b\u0161en\u00edm v\u011btrac\u00ed vsuvky na horn\u00ed okraj spodn\u00edho p\u00e1su f\u00f3lie a polo\u017een\u00edm spodn\u00edho okraje horn\u00edho p\u00e1su f\u00f3lie na v\u011btrac\u00ed vsuvku dojde k propojen\u00ed obou vzduchov\u00fdch vrstev t\u0159\u00edpl\u00e1\u0161\u0165ov\u00e9 st\u0159echy a zajist\u00ed se tak v\u011btr\u00e1n\u00ed ve spodn\u00ed vzduchov\u00e9 vrstv\u011b t\u0159\u00edpl\u00e1\u0161\u0165ov\u00e9 st\u0159echy. &nbsp; Pou\u017eit\u00ed: vhodn\u00e9 zejm\u00e9na u prostup\u016f a n\u00e1staveb, kdy by jinak tyto tvo\u0159ily p\u0159ek\u00e1\u017eku funk\u010dn\u00edho [&hellip;]\" \/>\n<meta property=\"og:url\" content=\"https:\/\/www.koupelnapro.com\/index.php\/produkt\/dokud-zasoby-vydrzi-prislusenstvi-k-foliim-vetraci-vsuvka-69588\/\" \/>\n<meta property=\"og:image\" content=\"https:\/\/www.koupelnapro.com\/wp-content\/uploads\/2026\/SK0004498-CZ20260425-091742-0-1777079863-P-001959-00.webp\" \/>\n\t<meta property=\"og:image:width\" content=\"343\" \/>\n\t<meta property=\"og:image:height\" content=\"306\" \/>\n\t<meta property=\"og:image:type\" content=\"image\/webp\" \/>\n<meta name=\"twitter:card\" content=\"summary_large_image\" \/>\n<meta name=\"twitter:label1\" content=\"Odhadovan\u00e1 doba \u010dten\u00ed\" \/>\n\t<meta name=\"twitter:data1\" content=\"1 minuta\" \/>\n<script type=\"application\/ld+json\" class=\"yoast-schema-graph\">{\"@context\":\"https:\/\/schema.org\",\"@graph\":[{\"@type\":\"WebPage\",\"@id\":\"https:\/\/www.koupelnapro.com\/index.php\/produkt\/dokud-zasoby-vydrzi-prislusenstvi-k-foliim-vetraci-vsuvka-69588\/\",\"url\":\"https:\/\/www.koupelnapro.com\/index.php\/produkt\/dokud-zasoby-vydrzi-prislusenstvi-k-foliim-vetraci-vsuvka-69588\/\",\"name\":\"Dokud Z\u00e1soby Vydr\u017e\u00ed P\u0159\u00edslu\u0161enstv\u00ed k foli\u00edm - V\u011btrac\u00ed vsuvka -\",\"isPartOf\":{\"@id\":\"https:\/\/www.koupelnapro.com\/#website\"},\"primaryImageOfPage\":{\"@id\":\"https:\/\/www.koupelnapro.com\/index.php\/produkt\/dokud-zasoby-vydrzi-prislusenstvi-k-foliim-vetraci-vsuvka-69588\/#primaryimage\"},\"image\":{\"@id\":\"https:\/\/www.koupelnapro.com\/index.php\/produkt\/dokud-zasoby-vydrzi-prislusenstvi-k-foliim-vetraci-vsuvka-69588\/#primaryimage\"},\"thumbnailUrl\":\"https:\/\/www.koupelnapro.com\/wp-content\/uploads\/2026\/SK0004498-CZ20260425-091742-0-1777079863-P-001959-00.webp\",\"datePublished\":\"2026-04-26T09:18:18+00:00\",\"breadcrumb\":{\"@id\":\"https:\/\/www.koupelnapro.com\/index.php\/produkt\/dokud-zasoby-vydrzi-prislusenstvi-k-foliim-vetraci-vsuvka-69588\/#breadcrumb\"},\"inLanguage\":\"cs\",\"potentialAction\":[{\"@type\":\"ReadAction\",\"target\":[\"https:\/\/www.koupelnapro.com\/index.php\/produkt\/dokud-zasoby-vydrzi-prislusenstvi-k-foliim-vetraci-vsuvka-69588\/\"]}]},{\"@type\":\"ImageObject\",\"inLanguage\":\"cs\",\"@id\":\"https:\/\/www.koupelnapro.com\/index.php\/produkt\/dokud-zasoby-vydrzi-prislusenstvi-k-foliim-vetraci-vsuvka-69588\/#primaryimage\",\"url\":\"https:\/\/www.koupelnapro.com\/wp-content\/uploads\/2026\/SK0004498-CZ20260425-091742-0-1777079863-P-001959-00.webp\",\"contentUrl\":\"https:\/\/www.koupelnapro.com\/wp-content\/uploads\/2026\/SK0004498-CZ20260425-091742-0-1777079863-P-001959-00.webp\",\"width\":343,\"height\":306},{\"@type\":\"BreadcrumbList\",\"@id\":\"https:\/\/www.koupelnapro.com\/index.php\/produkt\/dokud-zasoby-vydrzi-prislusenstvi-k-foliim-vetraci-vsuvka-69588\/#breadcrumb\",\"itemListElement\":[{\"@type\":\"ListItem\",\"position\":1,\"name\":\"Home\",\"item\":\"https:\/\/www.koupelnapro.com\/\"},{\"@type\":\"ListItem\",\"position\":2,\"name\":\"Products\",\"item\":\"https:\/\/www.koupelnapro.com\/index.php\/products\/\"},{\"@type\":\"ListItem\",\"position\":3,\"name\":\"Dokud Z\u00e1soby Vydr\u017e\u00ed P\u0159\u00edslu\u0161enstv\u00ed k foli\u00edm &#8211; V\u011btrac\u00ed vsuvka\"}]},{\"@type\":\"WebSite\",\"@id\":\"https:\/\/www.koupelnapro.com\/#website\",\"url\":\"https:\/\/www.koupelnapro.com\/\",\"name\":\"\",\"description\":\"\",\"potentialAction\":[{\"@type\":\"SearchAction\",\"target\":{\"@type\":\"EntryPoint\",\"urlTemplate\":\"https:\/\/www.koupelnapro.com\/?s={search_term_string}\"},\"query-input\":{\"@type\":\"PropertyValueSpecification\",\"valueRequired\":true,\"valueName\":\"search_term_string\"}}],\"inLanguage\":\"cs\"}]}<\/script>\n<!-- \/ Yoast SEO plugin. -->","yoast_head_json":{"title":"Dokud Z\u00e1soby Vydr\u017e\u00ed P\u0159\u00edslu\u0161enstv\u00ed k foli\u00edm - V\u011btrac\u00ed vsuvka -","robots":{"index":"index","follow":"follow","max-snippet":"max-snippet:-1","max-image-preview":"max-image-preview:large","max-video-preview":"max-video-preview:-1"},"canonical":"https:\/\/www.koupelnapro.com\/index.php\/produkt\/dokud-zasoby-vydrzi-prislusenstvi-k-foliim-vetraci-vsuvka-69588\/","og_locale":"cs_CZ","og_type":"article","og_title":"Dokud Z\u00e1soby Vydr\u017e\u00ed P\u0159\u00edslu\u0161enstv\u00ed k foli\u00edm - V\u011btrac\u00ed vsuvka -","og_description":"Popis produktu Zav\u011b\u0161en\u00edm v\u011btrac\u00ed vsuvky na horn\u00ed okraj spodn\u00edho p\u00e1su f\u00f3lie a polo\u017een\u00edm spodn\u00edho okraje horn\u00edho p\u00e1su f\u00f3lie na v\u011btrac\u00ed vsuvku dojde k propojen\u00ed obou vzduchov\u00fdch vrstev t\u0159\u00edpl\u00e1\u0161\u0165ov\u00e9 st\u0159echy a zajist\u00ed se tak v\u011btr\u00e1n\u00ed ve spodn\u00ed vzduchov\u00e9 vrstv\u011b t\u0159\u00edpl\u00e1\u0161\u0165ov\u00e9 st\u0159echy. &nbsp; Pou\u017eit\u00ed: vhodn\u00e9 zejm\u00e9na u prostup\u016f a n\u00e1staveb, kdy by jinak tyto tvo\u0159ily p\u0159ek\u00e1\u017eku funk\u010dn\u00edho [&hellip;]","og_url":"https:\/\/www.koupelnapro.com\/index.php\/produkt\/dokud-zasoby-vydrzi-prislusenstvi-k-foliim-vetraci-vsuvka-69588\/","og_image":[{"width":343,"height":306,"url":"https:\/\/www.koupelnapro.com\/wp-content\/uploads\/2026\/SK0004498-CZ20260425-091742-0-1777079863-P-001959-00.webp","type":"image\/webp"}],"twitter_card":"summary_large_image","twitter_misc":{"Odhadovan\u00e1 doba \u010dten\u00ed":"1 minuta"},"schema":{"@context":"https:\/\/schema.org","@graph":[{"@type":"WebPage","@id":"https:\/\/www.koupelnapro.com\/index.php\/produkt\/dokud-zasoby-vydrzi-prislusenstvi-k-foliim-vetraci-vsuvka-69588\/","url":"https:\/\/www.koupelnapro.com\/index.php\/produkt\/dokud-zasoby-vydrzi-prislusenstvi-k-foliim-vetraci-vsuvka-69588\/","name":"Dokud Z\u00e1soby Vydr\u017e\u00ed P\u0159\u00edslu\u0161enstv\u00ed k foli\u00edm - V\u011btrac\u00ed vsuvka -","isPartOf":{"@id":"https:\/\/www.koupelnapro.com\/#website"},"primaryImageOfPage":{"@id":"https:\/\/www.koupelnapro.com\/index.php\/produkt\/dokud-zasoby-vydrzi-prislusenstvi-k-foliim-vetraci-vsuvka-69588\/#primaryimage"},"image":{"@id":"https:\/\/www.koupelnapro.com\/index.php\/produkt\/dokud-zasoby-vydrzi-prislusenstvi-k-foliim-vetraci-vsuvka-69588\/#primaryimage"},"thumbnailUrl":"https:\/\/www.koupelnapro.com\/wp-content\/uploads\/2026\/SK0004498-CZ20260425-091742-0-1777079863-P-001959-00.webp","datePublished":"2026-04-26T09:18:18+00:00","breadcrumb":{"@id":"https:\/\/www.koupelnapro.com\/index.php\/produkt\/dokud-zasoby-vydrzi-prislusenstvi-k-foliim-vetraci-vsuvka-69588\/#breadcrumb"},"inLanguage":"cs","potentialAction":[{"@type":"ReadAction","target":["https:\/\/www.koupelnapro.com\/index.php\/produkt\/dokud-zasoby-vydrzi-prislusenstvi-k-foliim-vetraci-vsuvka-69588\/"]}]},{"@type":"ImageObject","inLanguage":"cs","@id":"https:\/\/www.koupelnapro.com\/index.php\/produkt\/dokud-zasoby-vydrzi-prislusenstvi-k-foliim-vetraci-vsuvka-69588\/#primaryimage","url":"https:\/\/www.koupelnapro.com\/wp-content\/uploads\/2026\/SK0004498-CZ20260425-091742-0-1777079863-P-001959-00.webp","contentUrl":"https:\/\/www.koupelnapro.com\/wp-content\/uploads\/2026\/SK0004498-CZ20260425-091742-0-1777079863-P-001959-00.webp","width":343,"height":306},{"@type":"BreadcrumbList","@id":"https:\/\/www.koupelnapro.com\/index.php\/produkt\/dokud-zasoby-vydrzi-prislusenstvi-k-foliim-vetraci-vsuvka-69588\/#breadcrumb","itemListElement":[{"@type":"ListItem","position":1,"name":"Home","item":"https:\/\/www.koupelnapro.com\/"},{"@type":"ListItem","position":2,"name":"Products","item":"https:\/\/www.koupelnapro.com\/index.php\/products\/"},{"@type":"ListItem","position":3,"name":"Dokud Z\u00e1soby Vydr\u017e\u00ed P\u0159\u00edslu\u0161enstv\u00ed k foli\u00edm &#8211; V\u011btrac\u00ed vsuvka"}]},{"@type":"WebSite","@id":"https:\/\/www.koupelnapro.com\/#website","url":"https:\/\/www.koupelnapro.com\/","name":"","description":"","potentialAction":[{"@type":"SearchAction","target":{"@type":"EntryPoint","urlTemplate":"https:\/\/www.koupelnapro.com\/?s={search_term_string}"},"query-input":{"@type":"PropertyValueSpecification","valueRequired":true,"valueName":"search_term_string"}}],"inLanguage":"cs"}]}},"_links":{"self":[{"href":"https:\/\/www.koupelnapro.com\/index.php\/wp-json\/wp\/v2\/product\/69588","targetHints":{"allow":["GET"]}}],"collection":[{"href":"https:\/\/www.koupelnapro.com\/index.php\/wp-json\/wp\/v2\/product"}],"about":[{"href":"https:\/\/www.koupelnapro.com\/index.php\/wp-json\/wp\/v2\/types\/product"}],"replies":[{"embeddable":true,"href":"https:\/\/www.koupelnapro.com\/index.php\/wp-json\/wp\/v2\/comments?post=69588"}],"wp:featuredmedia":[{"embeddable":true,"href":"https:\/\/www.koupelnapro.com\/index.php\/wp-json\/wp\/v2\/media\/69688"}],"wp:attachment":[{"href":"https:\/\/www.koupelnapro.com\/index.php\/wp-json\/wp\/v2\/media?parent=69588"}],"wp:term":[{"taxonomy":"product_brand","embeddable":true,"href":"https:\/\/www.koupelnapro.com\/index.php\/wp-json\/wp\/v2\/product_brand?post=69588"},{"taxonomy":"product_cat","embeddable":true,"href":"https:\/\/www.koupelnapro.com\/index.php\/wp-json\/wp\/v2\/product_cat?post=69588"},{"taxonomy":"product_tag","embeddable":true,"href":"https:\/\/www.koupelnapro.com\/index.php\/wp-json\/wp\/v2\/product_tag?post=69588"}],"curies":[{"name":"wp","href":"https:\/\/api.w.org\/{rel}","templated":true}]}}