{"id":6894,"date":"2026-04-26T09:13:15","date_gmt":"2026-04-26T09:13:15","guid":{"rendered":""},"modified":"2026-04-26T09:13:15","modified_gmt":"2026-04-26T09:13:15","slug":"mrizove-snehove-zabrany-snehova-zabrana-1080-mm-antracitova-matna-cenovy-hit-6894","status":"publish","type":"product","link":"https:\/\/www.koupelnapro.com\/index.php\/produkt\/mrizove-snehove-zabrany-snehova-zabrana-1080-mm-antracitova-matna-cenovy-hit-6894\/","title":{"rendered":"M\u0159\u00ed\u017eov\u00e9 sn\u011bhov\u00e9 z\u00e1brany &#8211; Sn\u011bhov\u00e1 z\u00e1brana 1080 mm &#8211; Antracitov\u00e1 matn\u00e1 Cenov\u00fd Hit"},"content":{"rendered":"<div class=\"ResponseTabButton\">Popis produktu<\/div>\n<div class=\"TabContent\">                Sn\u011bhov\u00e1 z\u00e1brana se montuje spolu s dr\u017e\u00e1ky sn\u011bhov\u00e9 z\u00e1brany, jejich\u017e mont\u00e1\u017en\u00ed vzd\u00e1lenosti z\u00e1vis\u00ed na r\u016fzn\u00fdch faktorech, jako je oblast sn\u011bhov\u00e9ho zat\u00ed\u017een\u00ed, sklon st\u0159echy a d\u00e9lka krokv\u00ed. Sn\u011bhovou z\u00e1branu lze tak\u00e9 doplnit zachyt\u00e1va\u010di ledu, kter\u00e9 zabra\u0148uj\u00ed prokluzov\u00e1n\u00ed kousk\u016f ledu pod sn\u011bhovou z\u00e1branou.            <\/div>\n<\/p><\/div>\n<\/p><\/div>\n<\/p><\/div>\n<\/div>\n","protected":false},"excerpt":{"rendered":"<p>Popis produktu Sn\u011bhov\u00e1 z\u00e1brana se montuje spolu s dr\u017e\u00e1ky sn\u011bhov\u00e9 z\u00e1brany, jejich\u017e mont\u00e1\u017en\u00ed vzd\u00e1lenosti z\u00e1vis\u00ed na r\u016fzn\u00fdch faktorech, jako je oblast sn\u011bhov\u00e9ho zat\u00ed\u017een\u00ed, sklon st\u0159echy a d\u00e9lka krokv\u00ed. Sn\u011bhovou z\u00e1branu lze tak\u00e9 doplnit zachyt\u00e1va\u010di ledu, kter\u00e9 zabra\u0148uj\u00ed prokluzov\u00e1n\u00ed kousk\u016f ledu pod sn\u011bhovou z\u00e1branou.<\/p>\n","protected":false},"featured_media":6994,"comment_status":"open","ping_status":"open","template":"","meta":[],"product_brand":[],"product_cat":[56],"product_tag":[],"class_list":{"0":"post-6894","1":"product","2":"type-product","3":"status-publish","4":"has-post-thumbnail","6":"product_cat-doplnky-strech","8":"first","9":"instock","10":"sale","11":"shipping-taxable","12":"purchasable","13":"product-type-simple"},"yoast_head":"<!-- This site is optimized with the Yoast SEO plugin v26.8 - https:\/\/yoast.com\/product\/yoast-seo-wordpress\/ -->\n<title>M\u0159\u00ed\u017eov\u00e9 sn\u011bhov\u00e9 z\u00e1brany - Sn\u011bhov\u00e1 z\u00e1brana 1080 mm - Antracitov\u00e1 matn\u00e1 Cenov\u00fd Hit -<\/title>\n<meta name=\"robots\" content=\"index, follow, max-snippet:-1, max-image-preview:large, max-video-preview:-1\" \/>\n<link rel=\"canonical\" href=\"https:\/\/www.koupelnapro.com\/index.php\/produkt\/mrizove-snehove-zabrany-snehova-zabrana-1080-mm-antracitova-matna-cenovy-hit-6894\/\" \/>\n<meta property=\"og:locale\" content=\"cs_CZ\" \/>\n<meta property=\"og:type\" content=\"article\" \/>\n<meta property=\"og:title\" content=\"M\u0159\u00ed\u017eov\u00e9 sn\u011bhov\u00e9 z\u00e1brany - Sn\u011bhov\u00e1 z\u00e1brana 1080 mm - Antracitov\u00e1 matn\u00e1 Cenov\u00fd Hit -\" \/>\n<meta property=\"og:description\" content=\"Popis produktu Sn\u011bhov\u00e1 z\u00e1brana se montuje spolu s dr\u017e\u00e1ky sn\u011bhov\u00e9 z\u00e1brany, jejich\u017e mont\u00e1\u017en\u00ed vzd\u00e1lenosti z\u00e1vis\u00ed na r\u016fzn\u00fdch faktorech, jako je oblast sn\u011bhov\u00e9ho zat\u00ed\u017een\u00ed, sklon st\u0159echy a d\u00e9lka krokv\u00ed. Sn\u011bhovou z\u00e1branu lze tak\u00e9 doplnit zachyt\u00e1va\u010di ledu, kter\u00e9 zabra\u0148uj\u00ed prokluzov\u00e1n\u00ed kousk\u016f ledu pod sn\u011bhovou z\u00e1branou.\" \/>\n<meta property=\"og:url\" content=\"https:\/\/www.koupelnapro.com\/index.php\/produkt\/mrizove-snehove-zabrany-snehova-zabrana-1080-mm-antracitova-matna-cenovy-hit-6894\/\" \/>\n<meta property=\"og:image\" content=\"https:\/\/www.koupelnapro.com\/wp-content\/uploads\/2026\/SK0002949-CZ20260425-091742-0-1777079863-P-044308-00.webp\" \/>\n\t<meta property=\"og:image:width\" content=\"323\" \/>\n\t<meta property=\"og:image:height\" content=\"222\" \/>\n\t<meta property=\"og:image:type\" content=\"image\/webp\" \/>\n<meta name=\"twitter:card\" content=\"summary_large_image\" \/>\n<script type=\"application\/ld+json\" class=\"yoast-schema-graph\">{\"@context\":\"https:\/\/schema.org\",\"@graph\":[{\"@type\":\"WebPage\",\"@id\":\"https:\/\/www.koupelnapro.com\/index.php\/produkt\/mrizove-snehove-zabrany-snehova-zabrana-1080-mm-antracitova-matna-cenovy-hit-6894\/\",\"url\":\"https:\/\/www.koupelnapro.com\/index.php\/produkt\/mrizove-snehove-zabrany-snehova-zabrana-1080-mm-antracitova-matna-cenovy-hit-6894\/\",\"name\":\"M\u0159\u00ed\u017eov\u00e9 sn\u011bhov\u00e9 z\u00e1brany - Sn\u011bhov\u00e1 z\u00e1brana 1080 mm - Antracitov\u00e1 matn\u00e1 Cenov\u00fd Hit -\",\"isPartOf\":{\"@id\":\"https:\/\/www.koupelnapro.com\/#website\"},\"primaryImageOfPage\":{\"@id\":\"https:\/\/www.koupelnapro.com\/index.php\/produkt\/mrizove-snehove-zabrany-snehova-zabrana-1080-mm-antracitova-matna-cenovy-hit-6894\/#primaryimage\"},\"image\":{\"@id\":\"https:\/\/www.koupelnapro.com\/index.php\/produkt\/mrizove-snehove-zabrany-snehova-zabrana-1080-mm-antracitova-matna-cenovy-hit-6894\/#primaryimage\"},\"thumbnailUrl\":\"https:\/\/www.koupelnapro.com\/wp-content\/uploads\/2026\/SK0002949-CZ20260425-091742-0-1777079863-P-044308-00.webp\",\"datePublished\":\"2026-04-26T09:13:15+00:00\",\"breadcrumb\":{\"@id\":\"https:\/\/www.koupelnapro.com\/index.php\/produkt\/mrizove-snehove-zabrany-snehova-zabrana-1080-mm-antracitova-matna-cenovy-hit-6894\/#breadcrumb\"},\"inLanguage\":\"cs\",\"potentialAction\":[{\"@type\":\"ReadAction\",\"target\":[\"https:\/\/www.koupelnapro.com\/index.php\/produkt\/mrizove-snehove-zabrany-snehova-zabrana-1080-mm-antracitova-matna-cenovy-hit-6894\/\"]}]},{\"@type\":\"ImageObject\",\"inLanguage\":\"cs\",\"@id\":\"https:\/\/www.koupelnapro.com\/index.php\/produkt\/mrizove-snehove-zabrany-snehova-zabrana-1080-mm-antracitova-matna-cenovy-hit-6894\/#primaryimage\",\"url\":\"https:\/\/www.koupelnapro.com\/wp-content\/uploads\/2026\/SK0002949-CZ20260425-091742-0-1777079863-P-044308-00.webp\",\"contentUrl\":\"https:\/\/www.koupelnapro.com\/wp-content\/uploads\/2026\/SK0002949-CZ20260425-091742-0-1777079863-P-044308-00.webp\",\"width\":323,\"height\":222},{\"@type\":\"BreadcrumbList\",\"@id\":\"https:\/\/www.koupelnapro.com\/index.php\/produkt\/mrizove-snehove-zabrany-snehova-zabrana-1080-mm-antracitova-matna-cenovy-hit-6894\/#breadcrumb\",\"itemListElement\":[{\"@type\":\"ListItem\",\"position\":1,\"name\":\"Home\",\"item\":\"https:\/\/www.koupelnapro.com\/\"},{\"@type\":\"ListItem\",\"position\":2,\"name\":\"Products\",\"item\":\"https:\/\/www.koupelnapro.com\/index.php\/products\/\"},{\"@type\":\"ListItem\",\"position\":3,\"name\":\"M\u0159\u00ed\u017eov\u00e9 sn\u011bhov\u00e9 z\u00e1brany &#8211; Sn\u011bhov\u00e1 z\u00e1brana 1080 mm &#8211; Antracitov\u00e1 matn\u00e1 Cenov\u00fd Hit\"}]},{\"@type\":\"WebSite\",\"@id\":\"https:\/\/www.koupelnapro.com\/#website\",\"url\":\"https:\/\/www.koupelnapro.com\/\",\"name\":\"\",\"description\":\"\",\"potentialAction\":[{\"@type\":\"SearchAction\",\"target\":{\"@type\":\"EntryPoint\",\"urlTemplate\":\"https:\/\/www.koupelnapro.com\/?s={search_term_string}\"},\"query-input\":{\"@type\":\"PropertyValueSpecification\",\"valueRequired\":true,\"valueName\":\"search_term_string\"}}],\"inLanguage\":\"cs\"}]}<\/script>\n<!-- \/ Yoast SEO plugin. -->","yoast_head_json":{"title":"M\u0159\u00ed\u017eov\u00e9 sn\u011bhov\u00e9 z\u00e1brany - Sn\u011bhov\u00e1 z\u00e1brana 1080 mm - Antracitov\u00e1 matn\u00e1 Cenov\u00fd Hit -","robots":{"index":"index","follow":"follow","max-snippet":"max-snippet:-1","max-image-preview":"max-image-preview:large","max-video-preview":"max-video-preview:-1"},"canonical":"https:\/\/www.koupelnapro.com\/index.php\/produkt\/mrizove-snehove-zabrany-snehova-zabrana-1080-mm-antracitova-matna-cenovy-hit-6894\/","og_locale":"cs_CZ","og_type":"article","og_title":"M\u0159\u00ed\u017eov\u00e9 sn\u011bhov\u00e9 z\u00e1brany - Sn\u011bhov\u00e1 z\u00e1brana 1080 mm - Antracitov\u00e1 matn\u00e1 Cenov\u00fd Hit -","og_description":"Popis produktu Sn\u011bhov\u00e1 z\u00e1brana se montuje spolu s dr\u017e\u00e1ky sn\u011bhov\u00e9 z\u00e1brany, jejich\u017e mont\u00e1\u017en\u00ed vzd\u00e1lenosti z\u00e1vis\u00ed na r\u016fzn\u00fdch faktorech, jako je oblast sn\u011bhov\u00e9ho zat\u00ed\u017een\u00ed, sklon st\u0159echy a d\u00e9lka krokv\u00ed. Sn\u011bhovou z\u00e1branu lze tak\u00e9 doplnit zachyt\u00e1va\u010di ledu, kter\u00e9 zabra\u0148uj\u00ed prokluzov\u00e1n\u00ed kousk\u016f ledu pod sn\u011bhovou z\u00e1branou.","og_url":"https:\/\/www.koupelnapro.com\/index.php\/produkt\/mrizove-snehove-zabrany-snehova-zabrana-1080-mm-antracitova-matna-cenovy-hit-6894\/","og_image":[{"width":323,"height":222,"url":"https:\/\/www.koupelnapro.com\/wp-content\/uploads\/2026\/SK0002949-CZ20260425-091742-0-1777079863-P-044308-00.webp","type":"image\/webp"}],"twitter_card":"summary_large_image","schema":{"@context":"https:\/\/schema.org","@graph":[{"@type":"WebPage","@id":"https:\/\/www.koupelnapro.com\/index.php\/produkt\/mrizove-snehove-zabrany-snehova-zabrana-1080-mm-antracitova-matna-cenovy-hit-6894\/","url":"https:\/\/www.koupelnapro.com\/index.php\/produkt\/mrizove-snehove-zabrany-snehova-zabrana-1080-mm-antracitova-matna-cenovy-hit-6894\/","name":"M\u0159\u00ed\u017eov\u00e9 sn\u011bhov\u00e9 z\u00e1brany - Sn\u011bhov\u00e1 z\u00e1brana 1080 mm - Antracitov\u00e1 matn\u00e1 Cenov\u00fd Hit -","isPartOf":{"@id":"https:\/\/www.koupelnapro.com\/#website"},"primaryImageOfPage":{"@id":"https:\/\/www.koupelnapro.com\/index.php\/produkt\/mrizove-snehove-zabrany-snehova-zabrana-1080-mm-antracitova-matna-cenovy-hit-6894\/#primaryimage"},"image":{"@id":"https:\/\/www.koupelnapro.com\/index.php\/produkt\/mrizove-snehove-zabrany-snehova-zabrana-1080-mm-antracitova-matna-cenovy-hit-6894\/#primaryimage"},"thumbnailUrl":"https:\/\/www.koupelnapro.com\/wp-content\/uploads\/2026\/SK0002949-CZ20260425-091742-0-1777079863-P-044308-00.webp","datePublished":"2026-04-26T09:13:15+00:00","breadcrumb":{"@id":"https:\/\/www.koupelnapro.com\/index.php\/produkt\/mrizove-snehove-zabrany-snehova-zabrana-1080-mm-antracitova-matna-cenovy-hit-6894\/#breadcrumb"},"inLanguage":"cs","potentialAction":[{"@type":"ReadAction","target":["https:\/\/www.koupelnapro.com\/index.php\/produkt\/mrizove-snehove-zabrany-snehova-zabrana-1080-mm-antracitova-matna-cenovy-hit-6894\/"]}]},{"@type":"ImageObject","inLanguage":"cs","@id":"https:\/\/www.koupelnapro.com\/index.php\/produkt\/mrizove-snehove-zabrany-snehova-zabrana-1080-mm-antracitova-matna-cenovy-hit-6894\/#primaryimage","url":"https:\/\/www.koupelnapro.com\/wp-content\/uploads\/2026\/SK0002949-CZ20260425-091742-0-1777079863-P-044308-00.webp","contentUrl":"https:\/\/www.koupelnapro.com\/wp-content\/uploads\/2026\/SK0002949-CZ20260425-091742-0-1777079863-P-044308-00.webp","width":323,"height":222},{"@type":"BreadcrumbList","@id":"https:\/\/www.koupelnapro.com\/index.php\/produkt\/mrizove-snehove-zabrany-snehova-zabrana-1080-mm-antracitova-matna-cenovy-hit-6894\/#breadcrumb","itemListElement":[{"@type":"ListItem","position":1,"name":"Home","item":"https:\/\/www.koupelnapro.com\/"},{"@type":"ListItem","position":2,"name":"Products","item":"https:\/\/www.koupelnapro.com\/index.php\/products\/"},{"@type":"ListItem","position":3,"name":"M\u0159\u00ed\u017eov\u00e9 sn\u011bhov\u00e9 z\u00e1brany &#8211; Sn\u011bhov\u00e1 z\u00e1brana 1080 mm &#8211; Antracitov\u00e1 matn\u00e1 Cenov\u00fd Hit"}]},{"@type":"WebSite","@id":"https:\/\/www.koupelnapro.com\/#website","url":"https:\/\/www.koupelnapro.com\/","name":"","description":"","potentialAction":[{"@type":"SearchAction","target":{"@type":"EntryPoint","urlTemplate":"https:\/\/www.koupelnapro.com\/?s={search_term_string}"},"query-input":{"@type":"PropertyValueSpecification","valueRequired":true,"valueName":"search_term_string"}}],"inLanguage":"cs"}]}},"_links":{"self":[{"href":"https:\/\/www.koupelnapro.com\/index.php\/wp-json\/wp\/v2\/product\/6894","targetHints":{"allow":["GET"]}}],"collection":[{"href":"https:\/\/www.koupelnapro.com\/index.php\/wp-json\/wp\/v2\/product"}],"about":[{"href":"https:\/\/www.koupelnapro.com\/index.php\/wp-json\/wp\/v2\/types\/product"}],"replies":[{"embeddable":true,"href":"https:\/\/www.koupelnapro.com\/index.php\/wp-json\/wp\/v2\/comments?post=6894"}],"wp:featuredmedia":[{"embeddable":true,"href":"https:\/\/www.koupelnapro.com\/index.php\/wp-json\/wp\/v2\/media\/6994"}],"wp:attachment":[{"href":"https:\/\/www.koupelnapro.com\/index.php\/wp-json\/wp\/v2\/media?parent=6894"}],"wp:term":[{"taxonomy":"product_brand","embeddable":true,"href":"https:\/\/www.koupelnapro.com\/index.php\/wp-json\/wp\/v2\/product_brand?post=6894"},{"taxonomy":"product_cat","embeddable":true,"href":"https:\/\/www.koupelnapro.com\/index.php\/wp-json\/wp\/v2\/product_cat?post=6894"},{"taxonomy":"product_tag","embeddable":true,"href":"https:\/\/www.koupelnapro.com\/index.php\/wp-json\/wp\/v2\/product_tag?post=6894"}],"curies":[{"name":"wp","href":"https:\/\/api.w.org\/{rel}","templated":true}]}}