{"id":6893,"date":"2026-04-26T09:13:15","date_gmt":"2026-04-26T09:13:15","guid":{"rendered":""},"modified":"2026-04-26T09:13:15","modified_gmt":"2026-04-26T09:13:15","slug":"vysoce-kvalitni-mrizove-snehove-zabrany-snehova-mriz-150-x-20-cm-tmave-hneda-engoba-6893","status":"publish","type":"product","link":"https:\/\/www.koupelnapro.com\/index.php\/produkt\/vysoce-kvalitni-mrizove-snehove-zabrany-snehova-mriz-150-x-20-cm-tmave-hneda-engoba-6893\/","title":{"rendered":"Vysoce Kvalitn\u00ed M\u0159\u00ed\u017eov\u00e9 sn\u011bhov\u00e9 z\u00e1brany &#8211; Sn\u011bhov\u00e1 m\u0159\u00ed\u017e 150 x 20 cm &#8211; Tmav\u011b hn\u011bd\u00e1 engoba"},"content":{"rendered":"<div class=\"ResponseTabButton\">Popis produktu<\/div>\n<div class=\"TabContent\">\n<div><font color=\"#000000\">Sn\u011bhov\u00e1 m\u0159\u00ed\u017e 300&#215;20 cm se osazuje na dr\u017e\u00e1ky a slou\u017e\u00ed jako ochrana p\u0159ed sesouvaj\u00edc\u00edm se sn\u011bhem a ledem.<\/font><\/div>\n<div><font color=\"#000000\">&nbsp;<\/font><\/div>\n<div><strong><font color=\"#000000\">Technick\u00e9 \u00fadaje<\/font><\/strong><\/div>\n<div><font color=\"#000000\">D\u00e9lka: 3m<\/font><\/div>\n<div><font color=\"#000000\">\u0160\u00ed\u0159ka: 20cm<\/font><\/div>\n<div><font color=\"#000000\">Pou\u017eit\u00ed: 1 sn\u011bhov\u00e1 m\u0159\u00ed\u017e\/2 dr\u017e\u00e1ky<\/font><\/div>\n<\/p><\/div>\n<\/p><\/div>\n<div id=\"ke-stazeni\" class=\"TabContentWrap\">\n<div class=\"ResponseTabButton\">Ke sta\u017een\u00ed<\/div>\n<div class=\"TabContent\">\n<div class=\"Table Downloads\">\n<div class=\"THead\">\n<div class=\"TableRow\">\n<div class=\"TableCell\">                    N\u00e1zev                <\/div>\n<div class=\"TableCell\">                    Jazyk                <\/div>\n<div class=\"TableCell\">                    Velikost                <\/div>\n<div class=\"TableCell\">                    Form\u00e1t                <\/div>\n<div class=\"TableCell\">&nbsp;<\/div>\n<\/p><\/div>\n<\/p><\/div>\n<div class=\"TBody\">\n<div class=\"TableRow\">\n<div class=\"TableCell\">Certifikat-010172<\/div>\n<div class=\"TableCell\"><\/div>\n<div class=\"TableCell\">378 kB<\/div>\n<div class=\"TableCell\">.pdf<\/div>\n<div class=\"TableCell ContentRight\">st\u00e1hnout<\/div>\n<\/div>\n<div class=\"TableRow\">\n<div class=\"TableCell\">Certifikat-010173<\/div>\n<div class=\"TableCell\"><\/div>\n<div class=\"TableCell\">414 kB<\/div>\n<div class=\"TableCell\">.pdf<\/div>\n<div class=\"TableCell ContentRight\">st\u00e1hnout<\/div>\n<\/div>\n<div class=\"TableRow\">\n<div class=\"TableCell\">Priloha-certifikatu-010172<\/div>\n<div class=\"TableCell\"><\/div>\n<div class=\"TableCell\">295 kB<\/div>\n<div class=\"TableCell\">.pdf<\/div>\n<div class=\"TableCell ContentRight\">st\u00e1hnout<\/div>\n<\/div>\n<div class=\"TableRow\">\n<div class=\"TableCell\">Priloha-certifikatu-010173<\/div>\n<div class=\"TableCell\"><\/div>\n<div class=\"TableCell\">291 kB<\/div>\n<div class=\"TableCell\">.pdf<\/div>\n<div class=\"TableCell ContentRight\">st\u00e1hnout<\/div>\n<\/div><\/div>\n<\/p><\/div>\n<\/p><\/div>\n<\/p><\/div>\n<\/p><\/div>\n<\/p><\/div>\n<\/div>\n","protected":false},"excerpt":{"rendered":"<p>Popis produktu Sn\u011bhov\u00e1 m\u0159\u00ed\u017e 300&#215;20 cm se osazuje na dr\u017e\u00e1ky a slou\u017e\u00ed jako ochrana p\u0159ed sesouvaj\u00edc\u00edm se sn\u011bhem a ledem. &nbsp; Technick\u00e9 \u00fadaje D\u00e9lka: 3m \u0160\u00ed\u0159ka: 20cm Pou\u017eit\u00ed: 1 sn\u011bhov\u00e1 m\u0159\u00ed\u017e\/2 dr\u017e\u00e1ky Ke sta\u017een\u00ed N\u00e1zev Jazyk Velikost Form\u00e1t &nbsp; Certifikat-010172 378 kB .pdf st\u00e1hnout Certifikat-010173 414 kB .pdf st\u00e1hnout Priloha-certifikatu-010172 295 kB .pdf st\u00e1hnout Priloha-certifikatu-010173 [&hellip;]<\/p>\n","protected":false},"featured_media":6993,"comment_status":"open","ping_status":"open","template":"","meta":[],"product_brand":[],"product_cat":[56],"product_tag":[],"class_list":{"0":"post-6893","1":"product","2":"type-product","3":"status-publish","4":"has-post-thumbnail","6":"product_cat-doplnky-strech","8":"first","9":"instock","10":"sale","11":"shipping-taxable","12":"purchasable","13":"product-type-simple"},"yoast_head":"<!-- This site is optimized with the Yoast SEO plugin v26.8 - https:\/\/yoast.com\/product\/yoast-seo-wordpress\/ -->\n<title>Vysoce Kvalitn\u00ed M\u0159\u00ed\u017eov\u00e9 sn\u011bhov\u00e9 z\u00e1brany - Sn\u011bhov\u00e1 m\u0159\u00ed\u017e 150 x 20 cm - Tmav\u011b hn\u011bd\u00e1 engoba -<\/title>\n<meta name=\"robots\" content=\"index, follow, max-snippet:-1, max-image-preview:large, max-video-preview:-1\" \/>\n<link rel=\"canonical\" href=\"https:\/\/www.koupelnapro.com\/index.php\/produkt\/vysoce-kvalitni-mrizove-snehove-zabrany-snehova-mriz-150-x-20-cm-tmave-hneda-engoba-6893\/\" \/>\n<meta property=\"og:locale\" content=\"cs_CZ\" \/>\n<meta property=\"og:type\" content=\"article\" \/>\n<meta property=\"og:title\" content=\"Vysoce Kvalitn\u00ed M\u0159\u00ed\u017eov\u00e9 sn\u011bhov\u00e9 z\u00e1brany - Sn\u011bhov\u00e1 m\u0159\u00ed\u017e 150 x 20 cm - Tmav\u011b hn\u011bd\u00e1 engoba -\" \/>\n<meta property=\"og:description\" content=\"Popis produktu Sn\u011bhov\u00e1 m\u0159\u00ed\u017e 300&#215;20 cm se osazuje na dr\u017e\u00e1ky a slou\u017e\u00ed jako ochrana p\u0159ed sesouvaj\u00edc\u00edm se sn\u011bhem a ledem. &nbsp; Technick\u00e9 \u00fadaje D\u00e9lka: 3m \u0160\u00ed\u0159ka: 20cm Pou\u017eit\u00ed: 1 sn\u011bhov\u00e1 m\u0159\u00ed\u017e\/2 dr\u017e\u00e1ky Ke sta\u017een\u00ed N\u00e1zev Jazyk Velikost Form\u00e1t &nbsp; Certifikat-010172 378 kB .pdf st\u00e1hnout Certifikat-010173 414 kB .pdf st\u00e1hnout Priloha-certifikatu-010172 295 kB .pdf st\u00e1hnout Priloha-certifikatu-010173 [&hellip;]\" \/>\n<meta property=\"og:url\" content=\"https:\/\/www.koupelnapro.com\/index.php\/produkt\/vysoce-kvalitni-mrizove-snehove-zabrany-snehova-mriz-150-x-20-cm-tmave-hneda-engoba-6893\/\" \/>\n<meta property=\"og:image\" content=\"https:\/\/www.koupelnapro.com\/wp-content\/uploads\/2026\/SK0002948-CZ20260425-091742-0-1777079863-p-026175-00.webp\" \/>\n\t<meta property=\"og:image:width\" content=\"225\" \/>\n\t<meta property=\"og:image:height\" content=\"158\" \/>\n\t<meta property=\"og:image:type\" content=\"image\/webp\" \/>\n<meta name=\"twitter:card\" content=\"summary_large_image\" \/>\n<script type=\"application\/ld+json\" class=\"yoast-schema-graph\">{\"@context\":\"https:\/\/schema.org\",\"@graph\":[{\"@type\":\"WebPage\",\"@id\":\"https:\/\/www.koupelnapro.com\/index.php\/produkt\/vysoce-kvalitni-mrizove-snehove-zabrany-snehova-mriz-150-x-20-cm-tmave-hneda-engoba-6893\/\",\"url\":\"https:\/\/www.koupelnapro.com\/index.php\/produkt\/vysoce-kvalitni-mrizove-snehove-zabrany-snehova-mriz-150-x-20-cm-tmave-hneda-engoba-6893\/\",\"name\":\"Vysoce Kvalitn\u00ed M\u0159\u00ed\u017eov\u00e9 sn\u011bhov\u00e9 z\u00e1brany - Sn\u011bhov\u00e1 m\u0159\u00ed\u017e 150 x 20 cm - Tmav\u011b hn\u011bd\u00e1 engoba -\",\"isPartOf\":{\"@id\":\"https:\/\/www.koupelnapro.com\/#website\"},\"primaryImageOfPage\":{\"@id\":\"https:\/\/www.koupelnapro.com\/index.php\/produkt\/vysoce-kvalitni-mrizove-snehove-zabrany-snehova-mriz-150-x-20-cm-tmave-hneda-engoba-6893\/#primaryimage\"},\"image\":{\"@id\":\"https:\/\/www.koupelnapro.com\/index.php\/produkt\/vysoce-kvalitni-mrizove-snehove-zabrany-snehova-mriz-150-x-20-cm-tmave-hneda-engoba-6893\/#primaryimage\"},\"thumbnailUrl\":\"https:\/\/www.koupelnapro.com\/wp-content\/uploads\/2026\/SK0002948-CZ20260425-091742-0-1777079863-p-026175-00.webp\",\"datePublished\":\"2026-04-26T09:13:15+00:00\",\"breadcrumb\":{\"@id\":\"https:\/\/www.koupelnapro.com\/index.php\/produkt\/vysoce-kvalitni-mrizove-snehove-zabrany-snehova-mriz-150-x-20-cm-tmave-hneda-engoba-6893\/#breadcrumb\"},\"inLanguage\":\"cs\",\"potentialAction\":[{\"@type\":\"ReadAction\",\"target\":[\"https:\/\/www.koupelnapro.com\/index.php\/produkt\/vysoce-kvalitni-mrizove-snehove-zabrany-snehova-mriz-150-x-20-cm-tmave-hneda-engoba-6893\/\"]}]},{\"@type\":\"ImageObject\",\"inLanguage\":\"cs\",\"@id\":\"https:\/\/www.koupelnapro.com\/index.php\/produkt\/vysoce-kvalitni-mrizove-snehove-zabrany-snehova-mriz-150-x-20-cm-tmave-hneda-engoba-6893\/#primaryimage\",\"url\":\"https:\/\/www.koupelnapro.com\/wp-content\/uploads\/2026\/SK0002948-CZ20260425-091742-0-1777079863-p-026175-00.webp\",\"contentUrl\":\"https:\/\/www.koupelnapro.com\/wp-content\/uploads\/2026\/SK0002948-CZ20260425-091742-0-1777079863-p-026175-00.webp\",\"width\":225,\"height\":158},{\"@type\":\"BreadcrumbList\",\"@id\":\"https:\/\/www.koupelnapro.com\/index.php\/produkt\/vysoce-kvalitni-mrizove-snehove-zabrany-snehova-mriz-150-x-20-cm-tmave-hneda-engoba-6893\/#breadcrumb\",\"itemListElement\":[{\"@type\":\"ListItem\",\"position\":1,\"name\":\"Home\",\"item\":\"https:\/\/www.koupelnapro.com\/\"},{\"@type\":\"ListItem\",\"position\":2,\"name\":\"Products\",\"item\":\"https:\/\/www.koupelnapro.com\/index.php\/products\/\"},{\"@type\":\"ListItem\",\"position\":3,\"name\":\"Vysoce Kvalitn\u00ed M\u0159\u00ed\u017eov\u00e9 sn\u011bhov\u00e9 z\u00e1brany &#8211; Sn\u011bhov\u00e1 m\u0159\u00ed\u017e 150 x 20 cm &#8211; Tmav\u011b hn\u011bd\u00e1 engoba\"}]},{\"@type\":\"WebSite\",\"@id\":\"https:\/\/www.koupelnapro.com\/#website\",\"url\":\"https:\/\/www.koupelnapro.com\/\",\"name\":\"\",\"description\":\"\",\"potentialAction\":[{\"@type\":\"SearchAction\",\"target\":{\"@type\":\"EntryPoint\",\"urlTemplate\":\"https:\/\/www.koupelnapro.com\/?s={search_term_string}\"},\"query-input\":{\"@type\":\"PropertyValueSpecification\",\"valueRequired\":true,\"valueName\":\"search_term_string\"}}],\"inLanguage\":\"cs\"}]}<\/script>\n<!-- \/ Yoast SEO plugin. -->","yoast_head_json":{"title":"Vysoce Kvalitn\u00ed M\u0159\u00ed\u017eov\u00e9 sn\u011bhov\u00e9 z\u00e1brany - Sn\u011bhov\u00e1 m\u0159\u00ed\u017e 150 x 20 cm - Tmav\u011b hn\u011bd\u00e1 engoba -","robots":{"index":"index","follow":"follow","max-snippet":"max-snippet:-1","max-image-preview":"max-image-preview:large","max-video-preview":"max-video-preview:-1"},"canonical":"https:\/\/www.koupelnapro.com\/index.php\/produkt\/vysoce-kvalitni-mrizove-snehove-zabrany-snehova-mriz-150-x-20-cm-tmave-hneda-engoba-6893\/","og_locale":"cs_CZ","og_type":"article","og_title":"Vysoce Kvalitn\u00ed M\u0159\u00ed\u017eov\u00e9 sn\u011bhov\u00e9 z\u00e1brany - Sn\u011bhov\u00e1 m\u0159\u00ed\u017e 150 x 20 cm - Tmav\u011b hn\u011bd\u00e1 engoba -","og_description":"Popis produktu Sn\u011bhov\u00e1 m\u0159\u00ed\u017e 300&#215;20 cm se osazuje na dr\u017e\u00e1ky a slou\u017e\u00ed jako ochrana p\u0159ed sesouvaj\u00edc\u00edm se sn\u011bhem a ledem. &nbsp; Technick\u00e9 \u00fadaje D\u00e9lka: 3m \u0160\u00ed\u0159ka: 20cm Pou\u017eit\u00ed: 1 sn\u011bhov\u00e1 m\u0159\u00ed\u017e\/2 dr\u017e\u00e1ky Ke sta\u017een\u00ed N\u00e1zev Jazyk Velikost Form\u00e1t &nbsp; Certifikat-010172 378 kB .pdf st\u00e1hnout Certifikat-010173 414 kB .pdf st\u00e1hnout Priloha-certifikatu-010172 295 kB .pdf st\u00e1hnout Priloha-certifikatu-010173 [&hellip;]","og_url":"https:\/\/www.koupelnapro.com\/index.php\/produkt\/vysoce-kvalitni-mrizove-snehove-zabrany-snehova-mriz-150-x-20-cm-tmave-hneda-engoba-6893\/","og_image":[{"width":225,"height":158,"url":"https:\/\/www.koupelnapro.com\/wp-content\/uploads\/2026\/SK0002948-CZ20260425-091742-0-1777079863-p-026175-00.webp","type":"image\/webp"}],"twitter_card":"summary_large_image","schema":{"@context":"https:\/\/schema.org","@graph":[{"@type":"WebPage","@id":"https:\/\/www.koupelnapro.com\/index.php\/produkt\/vysoce-kvalitni-mrizove-snehove-zabrany-snehova-mriz-150-x-20-cm-tmave-hneda-engoba-6893\/","url":"https:\/\/www.koupelnapro.com\/index.php\/produkt\/vysoce-kvalitni-mrizove-snehove-zabrany-snehova-mriz-150-x-20-cm-tmave-hneda-engoba-6893\/","name":"Vysoce Kvalitn\u00ed M\u0159\u00ed\u017eov\u00e9 sn\u011bhov\u00e9 z\u00e1brany - Sn\u011bhov\u00e1 m\u0159\u00ed\u017e 150 x 20 cm - Tmav\u011b hn\u011bd\u00e1 engoba -","isPartOf":{"@id":"https:\/\/www.koupelnapro.com\/#website"},"primaryImageOfPage":{"@id":"https:\/\/www.koupelnapro.com\/index.php\/produkt\/vysoce-kvalitni-mrizove-snehove-zabrany-snehova-mriz-150-x-20-cm-tmave-hneda-engoba-6893\/#primaryimage"},"image":{"@id":"https:\/\/www.koupelnapro.com\/index.php\/produkt\/vysoce-kvalitni-mrizove-snehove-zabrany-snehova-mriz-150-x-20-cm-tmave-hneda-engoba-6893\/#primaryimage"},"thumbnailUrl":"https:\/\/www.koupelnapro.com\/wp-content\/uploads\/2026\/SK0002948-CZ20260425-091742-0-1777079863-p-026175-00.webp","datePublished":"2026-04-26T09:13:15+00:00","breadcrumb":{"@id":"https:\/\/www.koupelnapro.com\/index.php\/produkt\/vysoce-kvalitni-mrizove-snehove-zabrany-snehova-mriz-150-x-20-cm-tmave-hneda-engoba-6893\/#breadcrumb"},"inLanguage":"cs","potentialAction":[{"@type":"ReadAction","target":["https:\/\/www.koupelnapro.com\/index.php\/produkt\/vysoce-kvalitni-mrizove-snehove-zabrany-snehova-mriz-150-x-20-cm-tmave-hneda-engoba-6893\/"]}]},{"@type":"ImageObject","inLanguage":"cs","@id":"https:\/\/www.koupelnapro.com\/index.php\/produkt\/vysoce-kvalitni-mrizove-snehove-zabrany-snehova-mriz-150-x-20-cm-tmave-hneda-engoba-6893\/#primaryimage","url":"https:\/\/www.koupelnapro.com\/wp-content\/uploads\/2026\/SK0002948-CZ20260425-091742-0-1777079863-p-026175-00.webp","contentUrl":"https:\/\/www.koupelnapro.com\/wp-content\/uploads\/2026\/SK0002948-CZ20260425-091742-0-1777079863-p-026175-00.webp","width":225,"height":158},{"@type":"BreadcrumbList","@id":"https:\/\/www.koupelnapro.com\/index.php\/produkt\/vysoce-kvalitni-mrizove-snehove-zabrany-snehova-mriz-150-x-20-cm-tmave-hneda-engoba-6893\/#breadcrumb","itemListElement":[{"@type":"ListItem","position":1,"name":"Home","item":"https:\/\/www.koupelnapro.com\/"},{"@type":"ListItem","position":2,"name":"Products","item":"https:\/\/www.koupelnapro.com\/index.php\/products\/"},{"@type":"ListItem","position":3,"name":"Vysoce Kvalitn\u00ed M\u0159\u00ed\u017eov\u00e9 sn\u011bhov\u00e9 z\u00e1brany &#8211; Sn\u011bhov\u00e1 m\u0159\u00ed\u017e 150 x 20 cm &#8211; Tmav\u011b hn\u011bd\u00e1 engoba"}]},{"@type":"WebSite","@id":"https:\/\/www.koupelnapro.com\/#website","url":"https:\/\/www.koupelnapro.com\/","name":"","description":"","potentialAction":[{"@type":"SearchAction","target":{"@type":"EntryPoint","urlTemplate":"https:\/\/www.koupelnapro.com\/?s={search_term_string}"},"query-input":{"@type":"PropertyValueSpecification","valueRequired":true,"valueName":"search_term_string"}}],"inLanguage":"cs"}]}},"_links":{"self":[{"href":"https:\/\/www.koupelnapro.com\/index.php\/wp-json\/wp\/v2\/product\/6893","targetHints":{"allow":["GET"]}}],"collection":[{"href":"https:\/\/www.koupelnapro.com\/index.php\/wp-json\/wp\/v2\/product"}],"about":[{"href":"https:\/\/www.koupelnapro.com\/index.php\/wp-json\/wp\/v2\/types\/product"}],"replies":[{"embeddable":true,"href":"https:\/\/www.koupelnapro.com\/index.php\/wp-json\/wp\/v2\/comments?post=6893"}],"wp:featuredmedia":[{"embeddable":true,"href":"https:\/\/www.koupelnapro.com\/index.php\/wp-json\/wp\/v2\/media\/6993"}],"wp:attachment":[{"href":"https:\/\/www.koupelnapro.com\/index.php\/wp-json\/wp\/v2\/media?parent=6893"}],"wp:term":[{"taxonomy":"product_brand","embeddable":true,"href":"https:\/\/www.koupelnapro.com\/index.php\/wp-json\/wp\/v2\/product_brand?post=6893"},{"taxonomy":"product_cat","embeddable":true,"href":"https:\/\/www.koupelnapro.com\/index.php\/wp-json\/wp\/v2\/product_cat?post=6893"},{"taxonomy":"product_tag","embeddable":true,"href":"https:\/\/www.koupelnapro.com\/index.php\/wp-json\/wp\/v2\/product_tag?post=6893"}],"curies":[{"name":"wp","href":"https:\/\/api.w.org\/{rel}","templated":true}]}}