{"id":6891,"date":"2026-04-26T09:13:15","date_gmt":"2026-04-26T09:13:15","guid":{"rendered":""},"modified":"2026-04-26T09:13:15","modified_gmt":"2026-04-26T09:13:15","slug":"jen-po-omezenou-doba-mrizove-snehove-zabrany-mriz-sneholamu-uni-cihlove-cervena-rezna-6891","status":"publish","type":"product","link":"https:\/\/www.koupelnapro.com\/index.php\/produkt\/jen-po-omezenou-doba-mrizove-snehove-zabrany-mriz-sneholamu-uni-cihlove-cervena-rezna-6891\/","title":{"rendered":"Jen Po Omezenou Doba M\u0159\u00ed\u017eov\u00e9 sn\u011bhov\u00e9 z\u00e1brany &#8211; M\u0159\u00ed\u017e sn\u011bholamu UNI &#8211; Cihlov\u011b \u010derven\u00e1 &#8211; re\u017en\u00e1"},"content":{"rendered":"<div class=\"ResponseTabButton\">Popis produktu<\/div>\n<div class=\"TabContent\">\n<div><font color=\"#000000\">M\u0159\u00ed\u017eov\u00fd sn\u011bholam je jedn\u00edm z mo\u017en\u00fdch \u0159e\u0161en\u00ed zabr\u00e1n\u011bn\u00ed skluzu sn\u011bhu pod st\u0159echu. M\u0159\u00ed\u017e sn\u011bholamu je jeho sou\u010d\u00e1st\u00ed. Pozinkovan\u00e1 m\u0159\u00ed\u017e o d\u00e9lce 300 cm je vysok\u00e1 20 cm.&nbsp; Jednodu\u0161e se &bdquo;zacvakne&ldquo; do dr\u017e\u00e1ku sn\u011bholamu. <\/font><\/div>\n<\/p><\/div>\n<\/p><\/div>\n<div id=\"ke-stazeni\" class=\"TabContentWrap\">\n<div class=\"ResponseTabButton\">Ke sta\u017een\u00ed<\/div>\n<div class=\"TabContent\">\n<div class=\"Table Downloads\">\n<div class=\"THead\">\n<div class=\"TableRow\">\n<div class=\"TableCell\">                    N\u00e1zev                <\/div>\n<div class=\"TableCell\">                    Jazyk                <\/div>\n<div class=\"TableCell\">                    Velikost                <\/div>\n<div class=\"TableCell\">                    Form\u00e1t                <\/div>\n<div class=\"TableCell\">&nbsp;<\/div>\n<\/p><\/div>\n<\/p><\/div>\n<div class=\"TBody\">\n<div class=\"TableRow\">\n<div class=\"TableCell\">Technicka-prirucka-Bramac<\/div>\n<div class=\"TableCell\"><\/div>\n<div class=\"TableCell\">2914 kB<\/div>\n<div class=\"TableCell\">.pdf<\/div>\n<div class=\"TableCell ContentRight\">st\u00e1hnout<\/div>\n<\/div>\n<div class=\"TableRow\">\n<div class=\"TableCell\">Zaruka-BMI-Bramac_Effra<\/div>\n<div class=\"TableCell\"><\/div>\n<div class=\"TableCell\">1630 kB<\/div>\n<div class=\"TableCell\">.pdf<\/div>\n<div class=\"TableCell ContentRight\">st\u00e1hnout<\/div>\n<\/div><\/div>\n<\/p><\/div>\n<\/p><\/div>\n<\/p><\/div>\n<\/p><\/div>\n<\/p><\/div>\n<\/div>\n","protected":false},"excerpt":{"rendered":"<p>Popis produktu M\u0159\u00ed\u017eov\u00fd sn\u011bholam je jedn\u00edm z mo\u017en\u00fdch \u0159e\u0161en\u00ed zabr\u00e1n\u011bn\u00ed skluzu sn\u011bhu pod st\u0159echu. M\u0159\u00ed\u017e sn\u011bholamu je jeho sou\u010d\u00e1st\u00ed. Pozinkovan\u00e1 m\u0159\u00ed\u017e o d\u00e9lce 300 cm je vysok\u00e1 20 cm.&nbsp; Jednodu\u0161e se &bdquo;zacvakne&ldquo; do dr\u017e\u00e1ku sn\u011bholamu. Ke sta\u017een\u00ed N\u00e1zev Jazyk Velikost Form\u00e1t &nbsp; Technicka-prirucka-Bramac 2914 kB .pdf st\u00e1hnout Zaruka-BMI-Bramac_Effra 1630 kB .pdf st\u00e1hnout<\/p>\n","protected":false},"featured_media":6991,"comment_status":"open","ping_status":"open","template":"","meta":[],"product_brand":[],"product_cat":[56],"product_tag":[],"class_list":{"0":"post-6891","1":"product","2":"type-product","3":"status-publish","4":"has-post-thumbnail","6":"product_cat-doplnky-strech","8":"first","9":"instock","10":"sale","11":"shipping-taxable","12":"purchasable","13":"product-type-simple"},"yoast_head":"<!-- This site is optimized with the Yoast SEO plugin v26.8 - https:\/\/yoast.com\/product\/yoast-seo-wordpress\/ -->\n<title>Jen Po Omezenou Doba M\u0159\u00ed\u017eov\u00e9 sn\u011bhov\u00e9 z\u00e1brany - M\u0159\u00ed\u017e sn\u011bholamu UNI - Cihlov\u011b \u010derven\u00e1 - re\u017en\u00e1 -<\/title>\n<meta name=\"robots\" content=\"index, follow, max-snippet:-1, max-image-preview:large, max-video-preview:-1\" \/>\n<link rel=\"canonical\" href=\"https:\/\/www.koupelnapro.com\/index.php\/produkt\/jen-po-omezenou-doba-mrizove-snehove-zabrany-mriz-sneholamu-uni-cihlove-cervena-rezna-6891\/\" \/>\n<meta property=\"og:locale\" content=\"cs_CZ\" \/>\n<meta property=\"og:type\" content=\"article\" \/>\n<meta property=\"og:title\" content=\"Jen Po Omezenou Doba M\u0159\u00ed\u017eov\u00e9 sn\u011bhov\u00e9 z\u00e1brany - M\u0159\u00ed\u017e sn\u011bholamu UNI - Cihlov\u011b \u010derven\u00e1 - re\u017en\u00e1 -\" \/>\n<meta property=\"og:description\" content=\"Popis produktu M\u0159\u00ed\u017eov\u00fd sn\u011bholam je jedn\u00edm z mo\u017en\u00fdch \u0159e\u0161en\u00ed zabr\u00e1n\u011bn\u00ed skluzu sn\u011bhu pod st\u0159echu. M\u0159\u00ed\u017e sn\u011bholamu je jeho sou\u010d\u00e1st\u00ed. Pozinkovan\u00e1 m\u0159\u00ed\u017e o d\u00e9lce 300 cm je vysok\u00e1 20 cm.&nbsp; Jednodu\u0161e se &bdquo;zacvakne&ldquo; do dr\u017e\u00e1ku sn\u011bholamu. Ke sta\u017een\u00ed N\u00e1zev Jazyk Velikost Form\u00e1t &nbsp; Technicka-prirucka-Bramac 2914 kB .pdf st\u00e1hnout Zaruka-BMI-Bramac_Effra 1630 kB .pdf st\u00e1hnout\" \/>\n<meta property=\"og:url\" content=\"https:\/\/www.koupelnapro.com\/index.php\/produkt\/jen-po-omezenou-doba-mrizove-snehove-zabrany-mriz-sneholamu-uni-cihlove-cervena-rezna-6891\/\" \/>\n<meta property=\"og:image\" content=\"https:\/\/www.koupelnapro.com\/wp-content\/uploads\/2026\/SK0002946-CZ20260425-091742-0-1777079863-P-040400-00.webp\" \/>\n\t<meta property=\"og:image:width\" content=\"1000\" \/>\n\t<meta property=\"og:image:height\" content=\"466\" \/>\n\t<meta property=\"og:image:type\" content=\"image\/webp\" \/>\n<meta name=\"twitter:card\" content=\"summary_large_image\" \/>\n<script type=\"application\/ld+json\" class=\"yoast-schema-graph\">{\"@context\":\"https:\/\/schema.org\",\"@graph\":[{\"@type\":\"WebPage\",\"@id\":\"https:\/\/www.koupelnapro.com\/index.php\/produkt\/jen-po-omezenou-doba-mrizove-snehove-zabrany-mriz-sneholamu-uni-cihlove-cervena-rezna-6891\/\",\"url\":\"https:\/\/www.koupelnapro.com\/index.php\/produkt\/jen-po-omezenou-doba-mrizove-snehove-zabrany-mriz-sneholamu-uni-cihlove-cervena-rezna-6891\/\",\"name\":\"Jen Po Omezenou Doba M\u0159\u00ed\u017eov\u00e9 sn\u011bhov\u00e9 z\u00e1brany - M\u0159\u00ed\u017e sn\u011bholamu UNI - Cihlov\u011b \u010derven\u00e1 - re\u017en\u00e1 -\",\"isPartOf\":{\"@id\":\"https:\/\/www.koupelnapro.com\/#website\"},\"primaryImageOfPage\":{\"@id\":\"https:\/\/www.koupelnapro.com\/index.php\/produkt\/jen-po-omezenou-doba-mrizove-snehove-zabrany-mriz-sneholamu-uni-cihlove-cervena-rezna-6891\/#primaryimage\"},\"image\":{\"@id\":\"https:\/\/www.koupelnapro.com\/index.php\/produkt\/jen-po-omezenou-doba-mrizove-snehove-zabrany-mriz-sneholamu-uni-cihlove-cervena-rezna-6891\/#primaryimage\"},\"thumbnailUrl\":\"https:\/\/www.koupelnapro.com\/wp-content\/uploads\/2026\/SK0002946-CZ20260425-091742-0-1777079863-P-040400-00.webp\",\"datePublished\":\"2026-04-26T09:13:15+00:00\",\"breadcrumb\":{\"@id\":\"https:\/\/www.koupelnapro.com\/index.php\/produkt\/jen-po-omezenou-doba-mrizove-snehove-zabrany-mriz-sneholamu-uni-cihlove-cervena-rezna-6891\/#breadcrumb\"},\"inLanguage\":\"cs\",\"potentialAction\":[{\"@type\":\"ReadAction\",\"target\":[\"https:\/\/www.koupelnapro.com\/index.php\/produkt\/jen-po-omezenou-doba-mrizove-snehove-zabrany-mriz-sneholamu-uni-cihlove-cervena-rezna-6891\/\"]}]},{\"@type\":\"ImageObject\",\"inLanguage\":\"cs\",\"@id\":\"https:\/\/www.koupelnapro.com\/index.php\/produkt\/jen-po-omezenou-doba-mrizove-snehove-zabrany-mriz-sneholamu-uni-cihlove-cervena-rezna-6891\/#primaryimage\",\"url\":\"https:\/\/www.koupelnapro.com\/wp-content\/uploads\/2026\/SK0002946-CZ20260425-091742-0-1777079863-P-040400-00.webp\",\"contentUrl\":\"https:\/\/www.koupelnapro.com\/wp-content\/uploads\/2026\/SK0002946-CZ20260425-091742-0-1777079863-P-040400-00.webp\",\"width\":1000,\"height\":466},{\"@type\":\"BreadcrumbList\",\"@id\":\"https:\/\/www.koupelnapro.com\/index.php\/produkt\/jen-po-omezenou-doba-mrizove-snehove-zabrany-mriz-sneholamu-uni-cihlove-cervena-rezna-6891\/#breadcrumb\",\"itemListElement\":[{\"@type\":\"ListItem\",\"position\":1,\"name\":\"Home\",\"item\":\"https:\/\/www.koupelnapro.com\/\"},{\"@type\":\"ListItem\",\"position\":2,\"name\":\"Products\",\"item\":\"https:\/\/www.koupelnapro.com\/index.php\/products\/\"},{\"@type\":\"ListItem\",\"position\":3,\"name\":\"Jen Po Omezenou Doba M\u0159\u00ed\u017eov\u00e9 sn\u011bhov\u00e9 z\u00e1brany &#8211; M\u0159\u00ed\u017e sn\u011bholamu UNI &#8211; Cihlov\u011b \u010derven\u00e1 &#8211; re\u017en\u00e1\"}]},{\"@type\":\"WebSite\",\"@id\":\"https:\/\/www.koupelnapro.com\/#website\",\"url\":\"https:\/\/www.koupelnapro.com\/\",\"name\":\"\",\"description\":\"\",\"potentialAction\":[{\"@type\":\"SearchAction\",\"target\":{\"@type\":\"EntryPoint\",\"urlTemplate\":\"https:\/\/www.koupelnapro.com\/?s={search_term_string}\"},\"query-input\":{\"@type\":\"PropertyValueSpecification\",\"valueRequired\":true,\"valueName\":\"search_term_string\"}}],\"inLanguage\":\"cs\"}]}<\/script>\n<!-- \/ Yoast SEO plugin. -->","yoast_head_json":{"title":"Jen Po Omezenou Doba M\u0159\u00ed\u017eov\u00e9 sn\u011bhov\u00e9 z\u00e1brany - M\u0159\u00ed\u017e sn\u011bholamu UNI - Cihlov\u011b \u010derven\u00e1 - re\u017en\u00e1 -","robots":{"index":"index","follow":"follow","max-snippet":"max-snippet:-1","max-image-preview":"max-image-preview:large","max-video-preview":"max-video-preview:-1"},"canonical":"https:\/\/www.koupelnapro.com\/index.php\/produkt\/jen-po-omezenou-doba-mrizove-snehove-zabrany-mriz-sneholamu-uni-cihlove-cervena-rezna-6891\/","og_locale":"cs_CZ","og_type":"article","og_title":"Jen Po Omezenou Doba M\u0159\u00ed\u017eov\u00e9 sn\u011bhov\u00e9 z\u00e1brany - M\u0159\u00ed\u017e sn\u011bholamu UNI - Cihlov\u011b \u010derven\u00e1 - re\u017en\u00e1 -","og_description":"Popis produktu M\u0159\u00ed\u017eov\u00fd sn\u011bholam je jedn\u00edm z mo\u017en\u00fdch \u0159e\u0161en\u00ed zabr\u00e1n\u011bn\u00ed skluzu sn\u011bhu pod st\u0159echu. M\u0159\u00ed\u017e sn\u011bholamu je jeho sou\u010d\u00e1st\u00ed. Pozinkovan\u00e1 m\u0159\u00ed\u017e o d\u00e9lce 300 cm je vysok\u00e1 20 cm.&nbsp; Jednodu\u0161e se &bdquo;zacvakne&ldquo; do dr\u017e\u00e1ku sn\u011bholamu. Ke sta\u017een\u00ed N\u00e1zev Jazyk Velikost Form\u00e1t &nbsp; Technicka-prirucka-Bramac 2914 kB .pdf st\u00e1hnout Zaruka-BMI-Bramac_Effra 1630 kB .pdf st\u00e1hnout","og_url":"https:\/\/www.koupelnapro.com\/index.php\/produkt\/jen-po-omezenou-doba-mrizove-snehove-zabrany-mriz-sneholamu-uni-cihlove-cervena-rezna-6891\/","og_image":[{"width":1000,"height":466,"url":"https:\/\/www.koupelnapro.com\/wp-content\/uploads\/2026\/SK0002946-CZ20260425-091742-0-1777079863-P-040400-00.webp","type":"image\/webp"}],"twitter_card":"summary_large_image","schema":{"@context":"https:\/\/schema.org","@graph":[{"@type":"WebPage","@id":"https:\/\/www.koupelnapro.com\/index.php\/produkt\/jen-po-omezenou-doba-mrizove-snehove-zabrany-mriz-sneholamu-uni-cihlove-cervena-rezna-6891\/","url":"https:\/\/www.koupelnapro.com\/index.php\/produkt\/jen-po-omezenou-doba-mrizove-snehove-zabrany-mriz-sneholamu-uni-cihlove-cervena-rezna-6891\/","name":"Jen Po Omezenou Doba M\u0159\u00ed\u017eov\u00e9 sn\u011bhov\u00e9 z\u00e1brany - M\u0159\u00ed\u017e sn\u011bholamu UNI - Cihlov\u011b \u010derven\u00e1 - re\u017en\u00e1 -","isPartOf":{"@id":"https:\/\/www.koupelnapro.com\/#website"},"primaryImageOfPage":{"@id":"https:\/\/www.koupelnapro.com\/index.php\/produkt\/jen-po-omezenou-doba-mrizove-snehove-zabrany-mriz-sneholamu-uni-cihlove-cervena-rezna-6891\/#primaryimage"},"image":{"@id":"https:\/\/www.koupelnapro.com\/index.php\/produkt\/jen-po-omezenou-doba-mrizove-snehove-zabrany-mriz-sneholamu-uni-cihlove-cervena-rezna-6891\/#primaryimage"},"thumbnailUrl":"https:\/\/www.koupelnapro.com\/wp-content\/uploads\/2026\/SK0002946-CZ20260425-091742-0-1777079863-P-040400-00.webp","datePublished":"2026-04-26T09:13:15+00:00","breadcrumb":{"@id":"https:\/\/www.koupelnapro.com\/index.php\/produkt\/jen-po-omezenou-doba-mrizove-snehove-zabrany-mriz-sneholamu-uni-cihlove-cervena-rezna-6891\/#breadcrumb"},"inLanguage":"cs","potentialAction":[{"@type":"ReadAction","target":["https:\/\/www.koupelnapro.com\/index.php\/produkt\/jen-po-omezenou-doba-mrizove-snehove-zabrany-mriz-sneholamu-uni-cihlove-cervena-rezna-6891\/"]}]},{"@type":"ImageObject","inLanguage":"cs","@id":"https:\/\/www.koupelnapro.com\/index.php\/produkt\/jen-po-omezenou-doba-mrizove-snehove-zabrany-mriz-sneholamu-uni-cihlove-cervena-rezna-6891\/#primaryimage","url":"https:\/\/www.koupelnapro.com\/wp-content\/uploads\/2026\/SK0002946-CZ20260425-091742-0-1777079863-P-040400-00.webp","contentUrl":"https:\/\/www.koupelnapro.com\/wp-content\/uploads\/2026\/SK0002946-CZ20260425-091742-0-1777079863-P-040400-00.webp","width":1000,"height":466},{"@type":"BreadcrumbList","@id":"https:\/\/www.koupelnapro.com\/index.php\/produkt\/jen-po-omezenou-doba-mrizove-snehove-zabrany-mriz-sneholamu-uni-cihlove-cervena-rezna-6891\/#breadcrumb","itemListElement":[{"@type":"ListItem","position":1,"name":"Home","item":"https:\/\/www.koupelnapro.com\/"},{"@type":"ListItem","position":2,"name":"Products","item":"https:\/\/www.koupelnapro.com\/index.php\/products\/"},{"@type":"ListItem","position":3,"name":"Jen Po Omezenou Doba M\u0159\u00ed\u017eov\u00e9 sn\u011bhov\u00e9 z\u00e1brany &#8211; M\u0159\u00ed\u017e sn\u011bholamu UNI &#8211; Cihlov\u011b \u010derven\u00e1 &#8211; re\u017en\u00e1"}]},{"@type":"WebSite","@id":"https:\/\/www.koupelnapro.com\/#website","url":"https:\/\/www.koupelnapro.com\/","name":"","description":"","potentialAction":[{"@type":"SearchAction","target":{"@type":"EntryPoint","urlTemplate":"https:\/\/www.koupelnapro.com\/?s={search_term_string}"},"query-input":{"@type":"PropertyValueSpecification","valueRequired":true,"valueName":"search_term_string"}}],"inLanguage":"cs"}]}},"_links":{"self":[{"href":"https:\/\/www.koupelnapro.com\/index.php\/wp-json\/wp\/v2\/product\/6891","targetHints":{"allow":["GET"]}}],"collection":[{"href":"https:\/\/www.koupelnapro.com\/index.php\/wp-json\/wp\/v2\/product"}],"about":[{"href":"https:\/\/www.koupelnapro.com\/index.php\/wp-json\/wp\/v2\/types\/product"}],"replies":[{"embeddable":true,"href":"https:\/\/www.koupelnapro.com\/index.php\/wp-json\/wp\/v2\/comments?post=6891"}],"wp:featuredmedia":[{"embeddable":true,"href":"https:\/\/www.koupelnapro.com\/index.php\/wp-json\/wp\/v2\/media\/6991"}],"wp:attachment":[{"href":"https:\/\/www.koupelnapro.com\/index.php\/wp-json\/wp\/v2\/media?parent=6891"}],"wp:term":[{"taxonomy":"product_brand","embeddable":true,"href":"https:\/\/www.koupelnapro.com\/index.php\/wp-json\/wp\/v2\/product_brand?post=6891"},{"taxonomy":"product_cat","embeddable":true,"href":"https:\/\/www.koupelnapro.com\/index.php\/wp-json\/wp\/v2\/product_cat?post=6891"},{"taxonomy":"product_tag","embeddable":true,"href":"https:\/\/www.koupelnapro.com\/index.php\/wp-json\/wp\/v2\/product_tag?post=6891"}],"curies":[{"name":"wp","href":"https:\/\/api.w.org\/{rel}","templated":true}]}}