{"id":68158,"date":"2026-04-26T09:18:12","date_gmt":"2026-04-26T09:18:12","guid":{"rendered":""},"modified":"2026-04-26T09:18:12","modified_gmt":"2026-04-26T09:18:12","slug":"abb-3557g-a80940-c1-swing-r-l-ip44-ovladac-zapinaci-tlacitko-s-krytem-razeni-c-1-0-upevneni-drapky-kremova-hit-sezony-68158","status":"publish","type":"product","link":"https:\/\/www.koupelnapro.com\/index.php\/produkt\/abb-3557g-a80940-c1-swing-r-l-ip44-ovladac-zapinaci-tlacitko-s-krytem-razeni-c-1-0-upevneni-drapky-kremova-hit-sezony-68158\/","title":{"rendered":"ABB 3557G-A80940 C1 Swing\u00aeL IP44 Ovlada\u010d zap\u00ednac\u00ed \/tla\u010d\u00edtko s krytem, \u0159azen\u00ed \u010d.1\/0 , upevn\u011bn\u00ed dr\u00e1pky, kr\u00e9mov\u00e1 Hit Sez\u00f3ny"},"content":{"rendered":"<div id=\"e9468901\" class=\"pages\">\n<div id=\"PDDescription\" class=\"UserContentView userContent v1a v1 bs-view dcon dc150 PDDescription\" >\n<h2><span style=\"color: #007980;\">ABB 3557G-A80940 C1 Swing\u00aeL IP44 Ovlada\u010d zap\u00ednac\u00ed \/tla\u010d\u00edtko s krytem, \u0159azen\u00ed \u010d.1\/0 , upevn\u011bn\u00ed dr\u00e1pky, kr\u00e9mov\u00e1<\/span><\/h2>\n<p>\u00a0<\/p>\n<p><span style=\"color: #007980;\"><span style=\"color: #353535; text-transform: none; text-indent: 0px; letter-spacing: normal; font-family: Roboto, Helvetica, sans-serif; font-size: 16px; font-style: normal; font-weight: 400; word-spacing: 0px; float: none; display: inline !important; white-space: normal; orphans: 2; widows: 2; background-color: #ffffff; font-variant-ligatures: normal; font-variant-caps: normal; -webkit-text-stroke-width: 0px; text-decoration-thickness: initial; text-decoration-style: initial; text-decoration-color: initial;\">Pro kompletaci se pou\u017e\u00edvaj\u00ed standardn\u00ed r\u00e1me\u010dky (3901J-A000.0 ..).<\/span><br style=\"color: #353535; text-transform: none; text-indent: 0px; letter-spacing: normal; font-family: Roboto, Helvetica, sans-serif; font-size: 16px; font-style: normal; font-weight: 400; word-spacing: 0px; white-space: normal; box-sizing: border-box; orphans: 2; widows: 2; background-color: #ffffff; font-variant-ligatures: normal; font-variant-caps: normal; -webkit-text-stroke-width: 0px; text-decoration-thickness: initial; text-decoration-style: initial; text-decoration-color: initial;\"><span style=\"color: #353535; text-transform: none; text-indent: 0px; letter-spacing: normal; font-family: Roboto, Helvetica, sans-serif; font-size: 16px; font-style: normal; font-weight: 400; word-spacing: 0px; float: none; display: inline !important; white-space: normal; orphans: 2; widows: 2; background-color: #ffffff; font-variant-ligatures: normal; font-variant-caps: normal; -webkit-text-stroke-width: 0px; text-decoration-thickness: initial; text-decoration-style: initial; text-decoration-color: initial;\">Pro zaji\u0161t\u011bn\u00ed uveden\u00e9ho stupn\u011b kryt\u00ed je dovolena mont\u00e1\u017e do v\u00edcen\u00e1sobn\u00fdch r\u00e1me\u010dk\u016f pouze ve vodorovn\u00e9 orientaci.\u00a0Aby byl dodr\u017een stupe\u0148 kryt\u00ed IP44, je nutn\u00e9 p\u0159\u00edstroj instalovat maxim\u00e1ln\u011b do trojr\u00e1me\u010dku.<\/span><\/span><\/p>\n<p>\u00a0<\/p>\n<p>\u00a0<\/p>\n<p style=\"color: #353535; text-transform: none; text-indent: 0px; letter-spacing: normal; font-family: Roboto, Helvetica, sans-serif; font-size: 16px; font-style: normal; font-weight: 400; margin-top: 1rem; margin-bottom: 1rem; word-spacing: 0px; white-space: normal; box-sizing: border-box; orphans: 2; widows: 2; background-color: #ffffff; font-variant-ligatures: normal; font-variant-caps: normal; -webkit-text-stroke-width: 0px; text-decoration-thickness: initial; text-decoration-style: initial; text-decoration-color: initial;\">Upevn\u011bn\u00ed \u0161rouby nebo dr\u00e1pky.\u0160roubov\u00e9 svorky (pro vodi\u010de 1-2,5 mm\u00b2). P\u0159\u00edstroj spl\u0148uje stupe\u0148 kryt\u00ed IP 44 p\u0159i mont\u00e1\u017ei na svislou, hladkou a\u00a0nepor\u00e9zn\u00ed st\u011bnu.<\/p>\n<p>\u00a0<\/p>\n<p style=\"color: #353535; text-transform: none; text-indent: 0px; letter-spacing: normal; font-family: Roboto, Helvetica, sans-serif; font-size: 16px; font-style: normal; font-weight: 400; margin-top: 1rem; margin-bottom: 1rem; word-spacing: 0px; white-space: normal; box-sizing: border-box; orphans: 2; widows: 2; background-color: #ffffff; font-variant-ligatures: normal; font-variant-caps: normal; -webkit-text-stroke-width: 0px; text-decoration-thickness: initial; text-decoration-style: initial; text-decoration-color: initial;\">ABB Swing a\u00a0ABB Swing L pat\u0159\u00ed dlouhodob\u011b mezi nejobl\u00edben\u011bj\u0161\u00ed \u0159ady domovn\u00edch p\u0159\u00edstroj\u016f\u00a0ABB.<span style=\"color: #353535; text-transform: none; text-indent: 0px; letter-spacing: normal; font-family: Roboto, Helvetica, sans-serif; font-size: 16px; font-style: normal; font-weight: 400; word-spacing: 0px; float: none; display: inline !important; white-space: normal; orphans: 2; widows: 2; background-color: #ffffff; font-variant-ligatures: normal; font-variant-caps: normal; -webkit-text-stroke-width: 0px; text-decoration-thickness: initial; text-decoration-style: initial; text-decoration-color: initial;\">Svou oblibu si z\u00edskal d\u00edky\u00a0<\/span><strong style=\"color: #353535; text-transform: none; text-indent: 0px; letter-spacing: normal; font-family: Roboto, Helvetica, sans-serif; font-size: 16px; font-style: normal; word-spacing: 0px; white-space: normal; box-sizing: border-box; orphans: 2; widows: 2; background-color: #ffffff; font-variant-ligatures: normal; font-variant-caps: normal; -webkit-text-stroke-width: 0px; text-decoration-thickness: initial; text-decoration-style: initial; text-decoration-color: initial;\">kvalitn\u00edmu zpracov\u00e1n\u00ed<\/strong><span style=\"color: #353535; text-transform: none; text-indent: 0px; letter-spacing: normal; font-family: Roboto, Helvetica, sans-serif; font-size: 16px; font-style: normal; font-weight: 400; word-spacing: 0px; float: none; display: inline !important; white-space: normal; orphans: 2; widows: 2; background-color: #ffffff; font-variant-ligatures: normal; font-variant-caps: normal; -webkit-text-stroke-width: 0px; text-decoration-thickness: initial; text-decoration-style: initial; text-decoration-color: initial;\">,\u00a0<\/span><strong style=\"color: #353535; text-transform: none; text-indent: 0px; letter-spacing: normal; font-family: Roboto, Helvetica, sans-serif; font-size: 16px; font-style: normal; word-spacing: 0px; white-space: normal; box-sizing: border-box; orphans: 2; widows: 2; background-color: #ffffff; font-variant-ligatures: normal; font-variant-caps: normal; -webkit-text-stroke-width: 0px; text-decoration-thickness: initial; text-decoration-style: initial; text-decoration-color: initial;\">jednoduch\u00e9mu a\u00a0vkusn\u00e9mu designu<\/strong><span style=\"color: #353535; text-transform: none; text-indent: 0px; letter-spacing: normal; font-family: Roboto, Helvetica, sans-serif; font-size: 16px; font-style: normal; font-weight: 400; word-spacing: 0px; float: none; display: inline !important; white-space: normal; orphans: 2; widows: 2; background-color: #ffffff; font-variant-ligatures: normal; font-variant-caps: normal; -webkit-text-stroke-width: 0px; text-decoration-thickness: initial; text-decoration-style: initial; text-decoration-color: initial;\">, kter\u00fd se hod\u00ed do v\u011bt\u0161iny interi\u00e9ru i\u00a0<\/span><strong style=\"color: #353535; text-transform: none; text-indent: 0px; letter-spacing: normal; font-family: Roboto, Helvetica, sans-serif; font-size: 16px; font-style: normal; word-spacing: 0px; white-space: normal; box-sizing: border-box; orphans: 2; widows: 2; background-color: #ffffff; font-variant-ligatures: normal; font-variant-caps: normal; -webkit-text-stroke-width: 0px; text-decoration-thickness: initial; text-decoration-style: initial; text-decoration-color: initial;\">velmi p\u0159\u00edzniv\u00e9 cen\u011b<\/strong><span style=\"color: #353535; text-transform: none; text-indent: 0px; letter-spacing: normal; font-family: Roboto, Helvetica, sans-serif; font-size: 16px; font-style: normal; font-weight: 400; word-spacing: 0px; float: none; display: inline !important; white-space: normal; orphans: 2; widows: 2; background-color: #ffffff; font-variant-ligatures: normal; font-variant-caps: normal; -webkit-text-stroke-width: 0px; text-decoration-thickness: initial; text-decoration-style: initial; text-decoration-color: initial;\">. P\u0159\u00edstroje Swing a\u00a0Swing L m\u016f\u017eete po\u0159\u00eddit v\u00a0<\/span><strong style=\"color: #353535; text-transform: none; text-indent: 0px; letter-spacing: normal; font-family: Roboto, Helvetica, sans-serif; font-size: 16px; font-style: normal; word-spacing: 0px; white-space: normal; box-sizing: border-box; orphans: 2; widows: 2; background-color: #ffffff; font-variant-ligatures: normal; font-variant-caps: normal; -webkit-text-stroke-width: 0px; text-decoration-thickness: initial; text-decoration-style: initial; text-decoration-color: initial;\">n\u011bkolika barevn\u00fdch variant\u00e1ch<\/strong><span style=\"color: #353535; text-transform: none; text-indent: 0px; letter-spacing: normal; font-family: Roboto, Helvetica, sans-serif; font-size: 16px; font-style: normal; font-weight: 400; word-spacing: 0px; float: none; display: inline !important; white-space: normal; orphans: 2; widows: 2; background-color: #ffffff; font-variant-ligatures: normal; font-variant-caps: normal; -webkit-text-stroke-width: 0px; text-decoration-thickness: initial; text-decoration-style: initial; text-decoration-color: initial;\">: krom\u011b tradi\u010dn\u00ed b\u00edl\u00e9 tak\u00e9 b\u00e9\u017eov\u00e9, kr\u00e9mov\u00e9, \u0161ed\u00e9, cihlov\u00e9 a\u00a0hn\u011bd\u00e9.<\/span><\/p>\n<p style=\"color: #353535; text-transform: none; text-indent: 0px; letter-spacing: normal; font-family: Roboto, Helvetica, sans-serif; font-size: 16px; font-style: normal; font-weight: 400; margin-top: 1rem; margin-bottom: 1rem; word-spacing: 0px; white-space: normal; box-sizing: border-box; orphans: 2; widows: 2; background-color: #ffffff; font-variant-ligatures: normal; font-variant-caps: normal; -webkit-text-stroke-width: 0px; text-decoration-thickness: initial; text-decoration-style: initial; text-decoration-color: initial;\"><span style=\"color: #353535; text-transform: none; text-indent: 0px; letter-spacing: normal; font-family: Roboto, Helvetica, sans-serif; font-size: 16px; font-style: normal; font-weight: 400; word-spacing: 0px; float: none; display: inline !important; white-space: normal; orphans: 2; widows: 2; background-color: #ffffff; font-variant-ligatures: normal; font-variant-caps: normal; -webkit-text-stroke-width: 0px; text-decoration-thickness: initial; text-decoration-style: initial; text-decoration-color: initial;\"><span style=\"color: #353535; text-transform: none; text-indent: 0px; letter-spacing: normal; font-family: Roboto, Helvetica, sans-serif; font-size: 16px; font-style: normal; font-weight: 400; word-spacing: 0px; float: none; display: inline !important; white-space: normal; orphans: 2; widows: 2; background-color: #ffffff; font-variant-ligatures: normal; font-variant-caps: normal; -webkit-text-stroke-width: 0px; text-decoration-thickness: initial; text-decoration-style: initial; text-decoration-color: initial;\">Vyb\u00edrejte z\u00a0nab\u00eddky ABB Swing: nab\u00edz\u00edme z\u00e1suvky ABB Swing v\u010detn\u011b dvojz\u00e1suvek Swing (L) a\u00a0z\u00e1suvek s\u00a0p\u0159ep\u011b\u0165ovou ochranou, d\u00e1le pak vyp\u00edna\u010de Swing, pohybov\u00e1 \u010didla, termostaty a\u00a0venkovn\u00ed z\u00e1suvky a\u00a0vyp\u00edna\u010de Swing. P\u0159\u00edstroje dopl\u0148te klasick\u00fdm r\u00e1me\u010dkem Swing nebo siln\u011bj\u0161\u00edm r\u00e1me\u010dkem ABB Swing L s\u00a0ostr\u00fdmi hranami. Pod\u00edvejte se na dal\u0161\u00ed \u0159ady domovn\u00edch p\u0159\u00edstroj\u016f ABB.<\/span><\/span><\/p>\n<p>\u00a0<\/p>\n<div id=\"PDTable3\" class=\"ProductDetailTableView v3a v3 bs-view dcon dc175 PDTable3\" >\n<table>\n<thead><\/thead>\n<tbody>\n<tr class=\"attribute attr_bsshop_maker\">\n<td class=\"caption\">V\u00fdrobce<\/td>\n<td class=\"value\">ABB<\/td>\n<\/tr>\n<tr class=\"attribute attr_Barva\">\n<td class=\"caption\">Barva<\/td>\n<td class=\"value\">kr\u00e9mov\u00e1<\/td>\n<\/tr>\n<\/tbody>\n<\/table><\/div>\n<\/div>\n<\/div>\n<div id=\"e9468902\" class=\"tabs\">\n","protected":false},"excerpt":{"rendered":"<p>ABB 3557G-A80940 C1 Swing\u00aeL IP44 Ovlada\u010d zap\u00ednac\u00ed \/tla\u010d\u00edtko s krytem, \u0159azen\u00ed \u010d.1\/0 , upevn\u011bn\u00ed dr\u00e1pky, kr\u00e9mov\u00e1 \u00a0 Pro kompletaci se pou\u017e\u00edvaj\u00ed standardn\u00ed r\u00e1me\u010dky (3901J-A000.0 ..).Pro zaji\u0161t\u011bn\u00ed uveden\u00e9ho stupn\u011b kryt\u00ed je dovolena mont\u00e1\u017e do v\u00edcen\u00e1sobn\u00fdch r\u00e1me\u010dk\u016f pouze ve vodorovn\u00e9 orientaci.\u00a0Aby byl dodr\u017een stupe\u0148 kryt\u00ed IP44, je nutn\u00e9 p\u0159\u00edstroj instalovat maxim\u00e1ln\u011b do trojr\u00e1me\u010dku. \u00a0 \u00a0 Upevn\u011bn\u00ed \u0161rouby [&hellip;]<\/p>\n","protected":false},"featured_media":68258,"comment_status":"open","ping_status":"open","template":"","meta":[],"product_brand":[],"product_cat":[40],"product_tag":[],"class_list":{"0":"post-68158","1":"product","2":"type-product","3":"status-publish","4":"has-post-thumbnail","6":"product_cat-vyp-237-nace-a-z-225-suvky","8":"first","9":"instock","10":"sale","11":"shipping-taxable","12":"purchasable","13":"product-type-simple"},"yoast_head":"<!-- This site is optimized with the Yoast SEO plugin v26.8 - https:\/\/yoast.com\/product\/yoast-seo-wordpress\/ -->\n<title>ABB 3557G-A80940 C1 Swing\u00aeL IP44 Ovlada\u010d zap\u00ednac\u00ed \/tla\u010d\u00edtko s krytem, \u0159azen\u00ed \u010d.1\/0 , upevn\u011bn\u00ed dr\u00e1pky, kr\u00e9mov\u00e1 Hit Sez\u00f3ny -<\/title>\n<meta name=\"robots\" content=\"index, follow, max-snippet:-1, max-image-preview:large, max-video-preview:-1\" \/>\n<link rel=\"canonical\" href=\"https:\/\/www.koupelnapro.com\/index.php\/produkt\/abb-3557g-a80940-c1-swing-r-l-ip44-ovladac-zapinaci-tlacitko-s-krytem-razeni-c-1-0-upevneni-drapky-kremova-hit-sezony-68158\/\" \/>\n<meta property=\"og:locale\" content=\"cs_CZ\" \/>\n<meta property=\"og:type\" content=\"article\" \/>\n<meta property=\"og:title\" content=\"ABB 3557G-A80940 C1 Swing\u00aeL IP44 Ovlada\u010d zap\u00ednac\u00ed \/tla\u010d\u00edtko s krytem, \u0159azen\u00ed \u010d.1\/0 , upevn\u011bn\u00ed dr\u00e1pky, kr\u00e9mov\u00e1 Hit Sez\u00f3ny -\" \/>\n<meta property=\"og:description\" content=\"ABB 3557G-A80940 C1 Swing\u00aeL IP44 Ovlada\u010d zap\u00ednac\u00ed \/tla\u010d\u00edtko s krytem, \u0159azen\u00ed \u010d.1\/0 , upevn\u011bn\u00ed dr\u00e1pky, kr\u00e9mov\u00e1 \u00a0 Pro kompletaci se pou\u017e\u00edvaj\u00ed standardn\u00ed r\u00e1me\u010dky (3901J-A000.0 ..).Pro zaji\u0161t\u011bn\u00ed uveden\u00e9ho stupn\u011b kryt\u00ed je dovolena mont\u00e1\u017e do v\u00edcen\u00e1sobn\u00fdch r\u00e1me\u010dk\u016f pouze ve vodorovn\u00e9 orientaci.\u00a0Aby byl dodr\u017een stupe\u0148 kryt\u00ed IP44, je nutn\u00e9 p\u0159\u00edstroj instalovat maxim\u00e1ln\u011b do trojr\u00e1me\u010dku. \u00a0 \u00a0 Upevn\u011bn\u00ed \u0161rouby [&hellip;]\" \/>\n<meta property=\"og:url\" content=\"https:\/\/www.koupelnapro.com\/index.php\/produkt\/abb-3557g-a80940-c1-swing-r-l-ip44-ovladac-zapinaci-tlacitko-s-krytem-razeni-c-1-0-upevneni-drapky-kremova-hit-sezony-68158\/\" \/>\n<meta property=\"og:image\" content=\"https:\/\/www.koupelnapro.com\/wp-content\/uploads\/2026\/SK0005492-CZ20260425-091623-0-1777079785-abb-3557g-a80940-c1-swing-l-ip44-ovladac-zapinaci-tlacitko-.webp\" \/>\n\t<meta property=\"og:image:width\" content=\"1000\" \/>\n\t<meta property=\"og:image:height\" content=\"525\" \/>\n\t<meta property=\"og:image:type\" content=\"image\/webp\" \/>\n<meta name=\"twitter:card\" content=\"summary_large_image\" \/>\n<meta name=\"twitter:label1\" content=\"Odhadovan\u00e1 doba \u010dten\u00ed\" \/>\n\t<meta name=\"twitter:data1\" content=\"1 minuta\" \/>\n<script type=\"application\/ld+json\" class=\"yoast-schema-graph\">{\"@context\":\"https:\/\/schema.org\",\"@graph\":[{\"@type\":\"WebPage\",\"@id\":\"https:\/\/www.koupelnapro.com\/index.php\/produkt\/abb-3557g-a80940-c1-swing-r-l-ip44-ovladac-zapinaci-tlacitko-s-krytem-razeni-c-1-0-upevneni-drapky-kremova-hit-sezony-68158\/\",\"url\":\"https:\/\/www.koupelnapro.com\/index.php\/produkt\/abb-3557g-a80940-c1-swing-r-l-ip44-ovladac-zapinaci-tlacitko-s-krytem-razeni-c-1-0-upevneni-drapky-kremova-hit-sezony-68158\/\",\"name\":\"ABB 3557G-A80940 C1 Swing\u00aeL IP44 Ovlada\u010d zap\u00ednac\u00ed \/tla\u010d\u00edtko s krytem, \u0159azen\u00ed \u010d.1\/0 , upevn\u011bn\u00ed dr\u00e1pky, kr\u00e9mov\u00e1 Hit Sez\u00f3ny -\",\"isPartOf\":{\"@id\":\"https:\/\/www.koupelnapro.com\/#website\"},\"primaryImageOfPage\":{\"@id\":\"https:\/\/www.koupelnapro.com\/index.php\/produkt\/abb-3557g-a80940-c1-swing-r-l-ip44-ovladac-zapinaci-tlacitko-s-krytem-razeni-c-1-0-upevneni-drapky-kremova-hit-sezony-68158\/#primaryimage\"},\"image\":{\"@id\":\"https:\/\/www.koupelnapro.com\/index.php\/produkt\/abb-3557g-a80940-c1-swing-r-l-ip44-ovladac-zapinaci-tlacitko-s-krytem-razeni-c-1-0-upevneni-drapky-kremova-hit-sezony-68158\/#primaryimage\"},\"thumbnailUrl\":\"https:\/\/www.koupelnapro.com\/wp-content\/uploads\/2026\/SK0005492-CZ20260425-091623-0-1777079785-abb-3557g-a80940-c1-swing-l-ip44-ovladac-zapinaci-tlacitko-.webp\",\"datePublished\":\"2026-04-26T09:18:12+00:00\",\"breadcrumb\":{\"@id\":\"https:\/\/www.koupelnapro.com\/index.php\/produkt\/abb-3557g-a80940-c1-swing-r-l-ip44-ovladac-zapinaci-tlacitko-s-krytem-razeni-c-1-0-upevneni-drapky-kremova-hit-sezony-68158\/#breadcrumb\"},\"inLanguage\":\"cs\",\"potentialAction\":[{\"@type\":\"ReadAction\",\"target\":[\"https:\/\/www.koupelnapro.com\/index.php\/produkt\/abb-3557g-a80940-c1-swing-r-l-ip44-ovladac-zapinaci-tlacitko-s-krytem-razeni-c-1-0-upevneni-drapky-kremova-hit-sezony-68158\/\"]}]},{\"@type\":\"ImageObject\",\"inLanguage\":\"cs\",\"@id\":\"https:\/\/www.koupelnapro.com\/index.php\/produkt\/abb-3557g-a80940-c1-swing-r-l-ip44-ovladac-zapinaci-tlacitko-s-krytem-razeni-c-1-0-upevneni-drapky-kremova-hit-sezony-68158\/#primaryimage\",\"url\":\"https:\/\/www.koupelnapro.com\/wp-content\/uploads\/2026\/SK0005492-CZ20260425-091623-0-1777079785-abb-3557g-a80940-c1-swing-l-ip44-ovladac-zapinaci-tlacitko-.webp\",\"contentUrl\":\"https:\/\/www.koupelnapro.com\/wp-content\/uploads\/2026\/SK0005492-CZ20260425-091623-0-1777079785-abb-3557g-a80940-c1-swing-l-ip44-ovladac-zapinaci-tlacitko-.webp\",\"width\":1000,\"height\":525},{\"@type\":\"BreadcrumbList\",\"@id\":\"https:\/\/www.koupelnapro.com\/index.php\/produkt\/abb-3557g-a80940-c1-swing-r-l-ip44-ovladac-zapinaci-tlacitko-s-krytem-razeni-c-1-0-upevneni-drapky-kremova-hit-sezony-68158\/#breadcrumb\",\"itemListElement\":[{\"@type\":\"ListItem\",\"position\":1,\"name\":\"Home\",\"item\":\"https:\/\/www.koupelnapro.com\/\"},{\"@type\":\"ListItem\",\"position\":2,\"name\":\"Products\",\"item\":\"https:\/\/www.koupelnapro.com\/index.php\/products\/\"},{\"@type\":\"ListItem\",\"position\":3,\"name\":\"ABB 3557G-A80940 C1 Swing\u00aeL IP44 Ovlada\u010d zap\u00ednac\u00ed \/tla\u010d\u00edtko s krytem, \u0159azen\u00ed \u010d.1\/0 , upevn\u011bn\u00ed dr\u00e1pky, kr\u00e9mov\u00e1 Hit Sez\u00f3ny\"}]},{\"@type\":\"WebSite\",\"@id\":\"https:\/\/www.koupelnapro.com\/#website\",\"url\":\"https:\/\/www.koupelnapro.com\/\",\"name\":\"\",\"description\":\"\",\"potentialAction\":[{\"@type\":\"SearchAction\",\"target\":{\"@type\":\"EntryPoint\",\"urlTemplate\":\"https:\/\/www.koupelnapro.com\/?s={search_term_string}\"},\"query-input\":{\"@type\":\"PropertyValueSpecification\",\"valueRequired\":true,\"valueName\":\"search_term_string\"}}],\"inLanguage\":\"cs\"}]}<\/script>\n<!-- \/ Yoast SEO plugin. -->","yoast_head_json":{"title":"ABB 3557G-A80940 C1 Swing\u00aeL IP44 Ovlada\u010d zap\u00ednac\u00ed \/tla\u010d\u00edtko s krytem, \u0159azen\u00ed \u010d.1\/0 , upevn\u011bn\u00ed dr\u00e1pky, kr\u00e9mov\u00e1 Hit Sez\u00f3ny -","robots":{"index":"index","follow":"follow","max-snippet":"max-snippet:-1","max-image-preview":"max-image-preview:large","max-video-preview":"max-video-preview:-1"},"canonical":"https:\/\/www.koupelnapro.com\/index.php\/produkt\/abb-3557g-a80940-c1-swing-r-l-ip44-ovladac-zapinaci-tlacitko-s-krytem-razeni-c-1-0-upevneni-drapky-kremova-hit-sezony-68158\/","og_locale":"cs_CZ","og_type":"article","og_title":"ABB 3557G-A80940 C1 Swing\u00aeL IP44 Ovlada\u010d zap\u00ednac\u00ed \/tla\u010d\u00edtko s krytem, \u0159azen\u00ed \u010d.1\/0 , upevn\u011bn\u00ed dr\u00e1pky, kr\u00e9mov\u00e1 Hit Sez\u00f3ny -","og_description":"ABB 3557G-A80940 C1 Swing\u00aeL IP44 Ovlada\u010d zap\u00ednac\u00ed \/tla\u010d\u00edtko s krytem, \u0159azen\u00ed \u010d.1\/0 , upevn\u011bn\u00ed dr\u00e1pky, kr\u00e9mov\u00e1 \u00a0 Pro kompletaci se pou\u017e\u00edvaj\u00ed standardn\u00ed r\u00e1me\u010dky (3901J-A000.0 ..).Pro zaji\u0161t\u011bn\u00ed uveden\u00e9ho stupn\u011b kryt\u00ed je dovolena mont\u00e1\u017e do v\u00edcen\u00e1sobn\u00fdch r\u00e1me\u010dk\u016f pouze ve vodorovn\u00e9 orientaci.\u00a0Aby byl dodr\u017een stupe\u0148 kryt\u00ed IP44, je nutn\u00e9 p\u0159\u00edstroj instalovat maxim\u00e1ln\u011b do trojr\u00e1me\u010dku. \u00a0 \u00a0 Upevn\u011bn\u00ed \u0161rouby [&hellip;]","og_url":"https:\/\/www.koupelnapro.com\/index.php\/produkt\/abb-3557g-a80940-c1-swing-r-l-ip44-ovladac-zapinaci-tlacitko-s-krytem-razeni-c-1-0-upevneni-drapky-kremova-hit-sezony-68158\/","og_image":[{"width":1000,"height":525,"url":"https:\/\/www.koupelnapro.com\/wp-content\/uploads\/2026\/SK0005492-CZ20260425-091623-0-1777079785-abb-3557g-a80940-c1-swing-l-ip44-ovladac-zapinaci-tlacitko-.webp","type":"image\/webp"}],"twitter_card":"summary_large_image","twitter_misc":{"Odhadovan\u00e1 doba \u010dten\u00ed":"1 minuta"},"schema":{"@context":"https:\/\/schema.org","@graph":[{"@type":"WebPage","@id":"https:\/\/www.koupelnapro.com\/index.php\/produkt\/abb-3557g-a80940-c1-swing-r-l-ip44-ovladac-zapinaci-tlacitko-s-krytem-razeni-c-1-0-upevneni-drapky-kremova-hit-sezony-68158\/","url":"https:\/\/www.koupelnapro.com\/index.php\/produkt\/abb-3557g-a80940-c1-swing-r-l-ip44-ovladac-zapinaci-tlacitko-s-krytem-razeni-c-1-0-upevneni-drapky-kremova-hit-sezony-68158\/","name":"ABB 3557G-A80940 C1 Swing\u00aeL IP44 Ovlada\u010d zap\u00ednac\u00ed \/tla\u010d\u00edtko s krytem, \u0159azen\u00ed \u010d.1\/0 , upevn\u011bn\u00ed dr\u00e1pky, kr\u00e9mov\u00e1 Hit Sez\u00f3ny -","isPartOf":{"@id":"https:\/\/www.koupelnapro.com\/#website"},"primaryImageOfPage":{"@id":"https:\/\/www.koupelnapro.com\/index.php\/produkt\/abb-3557g-a80940-c1-swing-r-l-ip44-ovladac-zapinaci-tlacitko-s-krytem-razeni-c-1-0-upevneni-drapky-kremova-hit-sezony-68158\/#primaryimage"},"image":{"@id":"https:\/\/www.koupelnapro.com\/index.php\/produkt\/abb-3557g-a80940-c1-swing-r-l-ip44-ovladac-zapinaci-tlacitko-s-krytem-razeni-c-1-0-upevneni-drapky-kremova-hit-sezony-68158\/#primaryimage"},"thumbnailUrl":"https:\/\/www.koupelnapro.com\/wp-content\/uploads\/2026\/SK0005492-CZ20260425-091623-0-1777079785-abb-3557g-a80940-c1-swing-l-ip44-ovladac-zapinaci-tlacitko-.webp","datePublished":"2026-04-26T09:18:12+00:00","breadcrumb":{"@id":"https:\/\/www.koupelnapro.com\/index.php\/produkt\/abb-3557g-a80940-c1-swing-r-l-ip44-ovladac-zapinaci-tlacitko-s-krytem-razeni-c-1-0-upevneni-drapky-kremova-hit-sezony-68158\/#breadcrumb"},"inLanguage":"cs","potentialAction":[{"@type":"ReadAction","target":["https:\/\/www.koupelnapro.com\/index.php\/produkt\/abb-3557g-a80940-c1-swing-r-l-ip44-ovladac-zapinaci-tlacitko-s-krytem-razeni-c-1-0-upevneni-drapky-kremova-hit-sezony-68158\/"]}]},{"@type":"ImageObject","inLanguage":"cs","@id":"https:\/\/www.koupelnapro.com\/index.php\/produkt\/abb-3557g-a80940-c1-swing-r-l-ip44-ovladac-zapinaci-tlacitko-s-krytem-razeni-c-1-0-upevneni-drapky-kremova-hit-sezony-68158\/#primaryimage","url":"https:\/\/www.koupelnapro.com\/wp-content\/uploads\/2026\/SK0005492-CZ20260425-091623-0-1777079785-abb-3557g-a80940-c1-swing-l-ip44-ovladac-zapinaci-tlacitko-.webp","contentUrl":"https:\/\/www.koupelnapro.com\/wp-content\/uploads\/2026\/SK0005492-CZ20260425-091623-0-1777079785-abb-3557g-a80940-c1-swing-l-ip44-ovladac-zapinaci-tlacitko-.webp","width":1000,"height":525},{"@type":"BreadcrumbList","@id":"https:\/\/www.koupelnapro.com\/index.php\/produkt\/abb-3557g-a80940-c1-swing-r-l-ip44-ovladac-zapinaci-tlacitko-s-krytem-razeni-c-1-0-upevneni-drapky-kremova-hit-sezony-68158\/#breadcrumb","itemListElement":[{"@type":"ListItem","position":1,"name":"Home","item":"https:\/\/www.koupelnapro.com\/"},{"@type":"ListItem","position":2,"name":"Products","item":"https:\/\/www.koupelnapro.com\/index.php\/products\/"},{"@type":"ListItem","position":3,"name":"ABB 3557G-A80940 C1 Swing\u00aeL IP44 Ovlada\u010d zap\u00ednac\u00ed \/tla\u010d\u00edtko s krytem, \u0159azen\u00ed \u010d.1\/0 , upevn\u011bn\u00ed dr\u00e1pky, kr\u00e9mov\u00e1 Hit Sez\u00f3ny"}]},{"@type":"WebSite","@id":"https:\/\/www.koupelnapro.com\/#website","url":"https:\/\/www.koupelnapro.com\/","name":"","description":"","potentialAction":[{"@type":"SearchAction","target":{"@type":"EntryPoint","urlTemplate":"https:\/\/www.koupelnapro.com\/?s={search_term_string}"},"query-input":{"@type":"PropertyValueSpecification","valueRequired":true,"valueName":"search_term_string"}}],"inLanguage":"cs"}]}},"_links":{"self":[{"href":"https:\/\/www.koupelnapro.com\/index.php\/wp-json\/wp\/v2\/product\/68158","targetHints":{"allow":["GET"]}}],"collection":[{"href":"https:\/\/www.koupelnapro.com\/index.php\/wp-json\/wp\/v2\/product"}],"about":[{"href":"https:\/\/www.koupelnapro.com\/index.php\/wp-json\/wp\/v2\/types\/product"}],"replies":[{"embeddable":true,"href":"https:\/\/www.koupelnapro.com\/index.php\/wp-json\/wp\/v2\/comments?post=68158"}],"wp:featuredmedia":[{"embeddable":true,"href":"https:\/\/www.koupelnapro.com\/index.php\/wp-json\/wp\/v2\/media\/68258"}],"wp:attachment":[{"href":"https:\/\/www.koupelnapro.com\/index.php\/wp-json\/wp\/v2\/media?parent=68158"}],"wp:term":[{"taxonomy":"product_brand","embeddable":true,"href":"https:\/\/www.koupelnapro.com\/index.php\/wp-json\/wp\/v2\/product_brand?post=68158"},{"taxonomy":"product_cat","embeddable":true,"href":"https:\/\/www.koupelnapro.com\/index.php\/wp-json\/wp\/v2\/product_cat?post=68158"},{"taxonomy":"product_tag","embeddable":true,"href":"https:\/\/www.koupelnapro.com\/index.php\/wp-json\/wp\/v2\/product_tag?post=68158"}],"curies":[{"name":"wp","href":"https:\/\/api.w.org\/{rel}","templated":true}]}}