{"id":6779,"date":"2026-04-26T09:13:14","date_gmt":"2026-04-26T09:13:14","guid":{"rendered":""},"modified":"2026-04-26T09:13:14","modified_gmt":"2026-04-26T09:13:14","slug":"vysoce-kvalitni-mrizove-snehove-zabrany-drzak-mrize-sneholamu-uni-tmave-hneda-6779","status":"publish","type":"product","link":"https:\/\/www.koupelnapro.com\/index.php\/produkt\/vysoce-kvalitni-mrizove-snehove-zabrany-drzak-mrize-sneholamu-uni-tmave-hneda-6779\/","title":{"rendered":"Vysoce Kvalitn\u00ed M\u0159\u00ed\u017eov\u00e9 sn\u011bhov\u00e9 z\u00e1brany &#8211; Dr\u017e\u00e1k m\u0159\u00ed\u017ee sn\u011bholamu UNI &#8211; Tmav\u011b hn\u011bd\u00e1"},"content":{"rendered":"<div class=\"ResponseTabButton\">Popis produktu<\/div>\n<div class=\"TabContent\">\n<div><font color=\"#000000\">Spole\u010dn\u011b s ta\u0161kou sn\u011bholamu kovovou tvo\u0159\u00ed nosn\u00fd prvek m\u0159\u00ed\u017eov\u00e9ho sn\u011bholamu. Dr\u017e\u00e1k se nasazuje na ta\u0161ku sn\u011bholamu. Dr\u017e\u00e1k m\u0159\u00ed\u017ee sn\u011bholamu se nasad\u00ed na ta\u0161ku sn\u011bholamu. P\u0159i spr\u00e1vn\u00e9m nasazen\u00ed je z\u0159eteln\u011b sly\u0161et &bdquo;zacvaknut\u00ed&ldquo;. <\/font><\/div>\n<div><font color=\"#000000\">Sn\u011bholamy je vhodn\u00e9 umis\u0165ovat i v n\u011bkolika \u0159ad\u00e1ch nad sebou a nad sn\u011bholamem mus\u00ed b\u00fdt rovnom\u011brn\u011b rozm\u00edst\u011bny protisn\u011bhov\u00e9 ta\u0161ky.<\/font><\/div>\n<div><font color=\"#000000\">&nbsp;<\/font><\/div>\n<div><strong><font color=\"#000000\">Technick\u00e9 \u00fadaje<\/font><\/strong><\/div>\n<div><font color=\"#000000\">Materi\u00e1l: pozinkovan\u00e1 ocel s povrchovou \u00fapravou<\/font><\/div>\n<div><font color=\"#000000\">Osov\u00e1 vzd\u00e1lenost: st\u0159echy o sklonu do 20<sup>o<\/sup> max 80 cm<\/font><\/div>\n<div><font color=\"#000000\">&nbsp;&nbsp;&nbsp;&nbsp;&nbsp;&nbsp;&nbsp;&nbsp;&nbsp;&nbsp;&nbsp;&nbsp;&nbsp;&nbsp;&nbsp;&nbsp;&nbsp;&nbsp;&nbsp;&nbsp;&nbsp;&nbsp;&nbsp;&nbsp;&nbsp;&nbsp;&nbsp;&nbsp;&nbsp;&nbsp;&nbsp;&nbsp;&nbsp;&nbsp;&nbsp;&nbsp;&nbsp;&nbsp;&nbsp;&nbsp;&nbsp;&nbsp;&nbsp;&nbsp;&nbsp;&nbsp;&nbsp;&nbsp;&nbsp;&nbsp;&nbsp;&nbsp;&nbsp;&nbsp;&nbsp;&nbsp;&nbsp;&nbsp;&nbsp;&nbsp;&nbsp;&nbsp;&nbsp;&nbsp; od 20 <sup>o <\/sup>do 40<sup>o<\/sup> max 60 cm<\/font><\/div>\n<div><font color=\"#000000\">&nbsp;&nbsp;&nbsp;&nbsp;&nbsp;&nbsp;&nbsp;&nbsp;&nbsp;&nbsp;&nbsp;&nbsp;&nbsp;&nbsp;&nbsp;&nbsp;&nbsp;&nbsp;&nbsp;&nbsp;&nbsp;&nbsp;&nbsp;&nbsp;&nbsp;&nbsp;&nbsp;&nbsp;&nbsp;&nbsp;&nbsp;&nbsp;&nbsp;&nbsp;&nbsp;&nbsp;&nbsp;&nbsp;&nbsp;&nbsp;&nbsp;&nbsp;&nbsp;&nbsp;&nbsp;&nbsp;&nbsp;&nbsp;&nbsp;&nbsp;&nbsp;&nbsp;&nbsp;&nbsp;&nbsp;&nbsp;&nbsp;&nbsp;&nbsp;&nbsp;&nbsp;&nbsp;&nbsp;&nbsp; nad 40<sup>o<\/sup>&nbsp; max 50 cm<\/font><\/div>\n<div><font color=\"#000000\">&nbsp;<\/font><\/div>\n<\/p><\/div>\n<\/p><\/div>\n<div id=\"ke-stazeni\" class=\"TabContentWrap\">\n<div class=\"ResponseTabButton\">Ke sta\u017een\u00ed<\/div>\n<div class=\"TabContent\">\n<div class=\"Table Downloads\">\n<div class=\"THead\">\n<div class=\"TableRow\">\n<div class=\"TableCell\">                    N\u00e1zev                <\/div>\n<div class=\"TableCell\">                    Jazyk                <\/div>\n<div class=\"TableCell\">                    Velikost                <\/div>\n<div class=\"TableCell\">                    Form\u00e1t                <\/div>\n<div class=\"TableCell\">&nbsp;<\/div>\n<\/p><\/div>\n<\/p><\/div>\n<div class=\"TBody\">\n<div class=\"TableRow\">\n<div class=\"TableCell\">Technicka-prirucka-Bramac<\/div>\n<div class=\"TableCell\"><\/div>\n<div class=\"TableCell\">2914 kB<\/div>\n<div class=\"TableCell\">.pdf<\/div>\n<div class=\"TableCell ContentRight\">st\u00e1hnout<\/div>\n<\/div>\n<div class=\"TableRow\">\n<div class=\"TableCell\">Zaruka-BMI-Bramac_Effra<\/div>\n<div class=\"TableCell\"><\/div>\n<div class=\"TableCell\">1630 kB<\/div>\n<div class=\"TableCell\">.pdf<\/div>\n<div class=\"TableCell ContentRight\">st\u00e1hnout<\/div>\n<\/div><\/div>\n<\/p><\/div>\n<\/p><\/div>\n<\/p><\/div>\n<\/p><\/div>\n<\/p><\/div>\n<\/div>\n","protected":false},"excerpt":{"rendered":"<p>Popis produktu Spole\u010dn\u011b s ta\u0161kou sn\u011bholamu kovovou tvo\u0159\u00ed nosn\u00fd prvek m\u0159\u00ed\u017eov\u00e9ho sn\u011bholamu. Dr\u017e\u00e1k se nasazuje na ta\u0161ku sn\u011bholamu. Dr\u017e\u00e1k m\u0159\u00ed\u017ee sn\u011bholamu se nasad\u00ed na ta\u0161ku sn\u011bholamu. P\u0159i spr\u00e1vn\u00e9m nasazen\u00ed je z\u0159eteln\u011b sly\u0161et &bdquo;zacvaknut\u00ed&ldquo;. Sn\u011bholamy je vhodn\u00e9 umis\u0165ovat i v n\u011bkolika \u0159ad\u00e1ch nad sebou a nad sn\u011bholamem mus\u00ed b\u00fdt rovnom\u011brn\u011b rozm\u00edst\u011bny protisn\u011bhov\u00e9 ta\u0161ky. &nbsp; Technick\u00e9 \u00fadaje [&hellip;]<\/p>\n","protected":false},"featured_media":6879,"comment_status":"open","ping_status":"open","template":"","meta":[],"product_brand":[],"product_cat":[56],"product_tag":[],"class_list":{"0":"post-6779","1":"product","2":"type-product","3":"status-publish","4":"has-post-thumbnail","6":"product_cat-doplnky-strech","8":"first","9":"instock","10":"sale","11":"shipping-taxable","12":"purchasable","13":"product-type-simple"},"yoast_head":"<!-- This site is optimized with the Yoast SEO plugin v26.8 - https:\/\/yoast.com\/product\/yoast-seo-wordpress\/ -->\n<title>Vysoce Kvalitn\u00ed M\u0159\u00ed\u017eov\u00e9 sn\u011bhov\u00e9 z\u00e1brany - Dr\u017e\u00e1k m\u0159\u00ed\u017ee sn\u011bholamu UNI - Tmav\u011b hn\u011bd\u00e1 -<\/title>\n<meta name=\"robots\" content=\"index, follow, max-snippet:-1, max-image-preview:large, max-video-preview:-1\" \/>\n<link rel=\"canonical\" href=\"https:\/\/www.koupelnapro.com\/index.php\/produkt\/vysoce-kvalitni-mrizove-snehove-zabrany-drzak-mrize-sneholamu-uni-tmave-hneda-6779\/\" \/>\n<meta property=\"og:locale\" content=\"cs_CZ\" \/>\n<meta property=\"og:type\" content=\"article\" \/>\n<meta property=\"og:title\" content=\"Vysoce Kvalitn\u00ed M\u0159\u00ed\u017eov\u00e9 sn\u011bhov\u00e9 z\u00e1brany - Dr\u017e\u00e1k m\u0159\u00ed\u017ee sn\u011bholamu UNI - Tmav\u011b hn\u011bd\u00e1 -\" \/>\n<meta property=\"og:description\" content=\"Popis produktu Spole\u010dn\u011b s ta\u0161kou sn\u011bholamu kovovou tvo\u0159\u00ed nosn\u00fd prvek m\u0159\u00ed\u017eov\u00e9ho sn\u011bholamu. Dr\u017e\u00e1k se nasazuje na ta\u0161ku sn\u011bholamu. Dr\u017e\u00e1k m\u0159\u00ed\u017ee sn\u011bholamu se nasad\u00ed na ta\u0161ku sn\u011bholamu. P\u0159i spr\u00e1vn\u00e9m nasazen\u00ed je z\u0159eteln\u011b sly\u0161et &bdquo;zacvaknut\u00ed&ldquo;. Sn\u011bholamy je vhodn\u00e9 umis\u0165ovat i v n\u011bkolika \u0159ad\u00e1ch nad sebou a nad sn\u011bholamem mus\u00ed b\u00fdt rovnom\u011brn\u011b rozm\u00edst\u011bny protisn\u011bhov\u00e9 ta\u0161ky. &nbsp; Technick\u00e9 \u00fadaje [&hellip;]\" \/>\n<meta property=\"og:url\" content=\"https:\/\/www.koupelnapro.com\/index.php\/produkt\/vysoce-kvalitni-mrizove-snehove-zabrany-drzak-mrize-sneholamu-uni-tmave-hneda-6779\/\" \/>\n<meta property=\"og:image\" content=\"https:\/\/www.koupelnapro.com\/wp-content\/uploads\/2026\/SK0002934-CZ20260425-091742-0-1777079863-P-001706-00.webp\" \/>\n\t<meta property=\"og:image:width\" content=\"1000\" \/>\n\t<meta property=\"og:image:height\" content=\"466\" \/>\n\t<meta property=\"og:image:type\" content=\"image\/webp\" \/>\n<meta name=\"twitter:card\" content=\"summary_large_image\" \/>\n<meta name=\"twitter:label1\" content=\"Odhadovan\u00e1 doba \u010dten\u00ed\" \/>\n\t<meta name=\"twitter:data1\" content=\"1 minuta\" \/>\n<script type=\"application\/ld+json\" class=\"yoast-schema-graph\">{\"@context\":\"https:\/\/schema.org\",\"@graph\":[{\"@type\":\"WebPage\",\"@id\":\"https:\/\/www.koupelnapro.com\/index.php\/produkt\/vysoce-kvalitni-mrizove-snehove-zabrany-drzak-mrize-sneholamu-uni-tmave-hneda-6779\/\",\"url\":\"https:\/\/www.koupelnapro.com\/index.php\/produkt\/vysoce-kvalitni-mrizove-snehove-zabrany-drzak-mrize-sneholamu-uni-tmave-hneda-6779\/\",\"name\":\"Vysoce Kvalitn\u00ed M\u0159\u00ed\u017eov\u00e9 sn\u011bhov\u00e9 z\u00e1brany - Dr\u017e\u00e1k m\u0159\u00ed\u017ee sn\u011bholamu UNI - Tmav\u011b hn\u011bd\u00e1 -\",\"isPartOf\":{\"@id\":\"https:\/\/www.koupelnapro.com\/#website\"},\"primaryImageOfPage\":{\"@id\":\"https:\/\/www.koupelnapro.com\/index.php\/produkt\/vysoce-kvalitni-mrizove-snehove-zabrany-drzak-mrize-sneholamu-uni-tmave-hneda-6779\/#primaryimage\"},\"image\":{\"@id\":\"https:\/\/www.koupelnapro.com\/index.php\/produkt\/vysoce-kvalitni-mrizove-snehove-zabrany-drzak-mrize-sneholamu-uni-tmave-hneda-6779\/#primaryimage\"},\"thumbnailUrl\":\"https:\/\/www.koupelnapro.com\/wp-content\/uploads\/2026\/SK0002934-CZ20260425-091742-0-1777079863-P-001706-00.webp\",\"datePublished\":\"2026-04-26T09:13:14+00:00\",\"breadcrumb\":{\"@id\":\"https:\/\/www.koupelnapro.com\/index.php\/produkt\/vysoce-kvalitni-mrizove-snehove-zabrany-drzak-mrize-sneholamu-uni-tmave-hneda-6779\/#breadcrumb\"},\"inLanguage\":\"cs\",\"potentialAction\":[{\"@type\":\"ReadAction\",\"target\":[\"https:\/\/www.koupelnapro.com\/index.php\/produkt\/vysoce-kvalitni-mrizove-snehove-zabrany-drzak-mrize-sneholamu-uni-tmave-hneda-6779\/\"]}]},{\"@type\":\"ImageObject\",\"inLanguage\":\"cs\",\"@id\":\"https:\/\/www.koupelnapro.com\/index.php\/produkt\/vysoce-kvalitni-mrizove-snehove-zabrany-drzak-mrize-sneholamu-uni-tmave-hneda-6779\/#primaryimage\",\"url\":\"https:\/\/www.koupelnapro.com\/wp-content\/uploads\/2026\/SK0002934-CZ20260425-091742-0-1777079863-P-001706-00.webp\",\"contentUrl\":\"https:\/\/www.koupelnapro.com\/wp-content\/uploads\/2026\/SK0002934-CZ20260425-091742-0-1777079863-P-001706-00.webp\",\"width\":1000,\"height\":466},{\"@type\":\"BreadcrumbList\",\"@id\":\"https:\/\/www.koupelnapro.com\/index.php\/produkt\/vysoce-kvalitni-mrizove-snehove-zabrany-drzak-mrize-sneholamu-uni-tmave-hneda-6779\/#breadcrumb\",\"itemListElement\":[{\"@type\":\"ListItem\",\"position\":1,\"name\":\"Home\",\"item\":\"https:\/\/www.koupelnapro.com\/\"},{\"@type\":\"ListItem\",\"position\":2,\"name\":\"Products\",\"item\":\"https:\/\/www.koupelnapro.com\/index.php\/products\/\"},{\"@type\":\"ListItem\",\"position\":3,\"name\":\"Vysoce Kvalitn\u00ed M\u0159\u00ed\u017eov\u00e9 sn\u011bhov\u00e9 z\u00e1brany &#8211; Dr\u017e\u00e1k m\u0159\u00ed\u017ee sn\u011bholamu UNI &#8211; Tmav\u011b hn\u011bd\u00e1\"}]},{\"@type\":\"WebSite\",\"@id\":\"https:\/\/www.koupelnapro.com\/#website\",\"url\":\"https:\/\/www.koupelnapro.com\/\",\"name\":\"\",\"description\":\"\",\"potentialAction\":[{\"@type\":\"SearchAction\",\"target\":{\"@type\":\"EntryPoint\",\"urlTemplate\":\"https:\/\/www.koupelnapro.com\/?s={search_term_string}\"},\"query-input\":{\"@type\":\"PropertyValueSpecification\",\"valueRequired\":true,\"valueName\":\"search_term_string\"}}],\"inLanguage\":\"cs\"}]}<\/script>\n<!-- \/ Yoast SEO plugin. -->","yoast_head_json":{"title":"Vysoce Kvalitn\u00ed M\u0159\u00ed\u017eov\u00e9 sn\u011bhov\u00e9 z\u00e1brany - Dr\u017e\u00e1k m\u0159\u00ed\u017ee sn\u011bholamu UNI - Tmav\u011b hn\u011bd\u00e1 -","robots":{"index":"index","follow":"follow","max-snippet":"max-snippet:-1","max-image-preview":"max-image-preview:large","max-video-preview":"max-video-preview:-1"},"canonical":"https:\/\/www.koupelnapro.com\/index.php\/produkt\/vysoce-kvalitni-mrizove-snehove-zabrany-drzak-mrize-sneholamu-uni-tmave-hneda-6779\/","og_locale":"cs_CZ","og_type":"article","og_title":"Vysoce Kvalitn\u00ed M\u0159\u00ed\u017eov\u00e9 sn\u011bhov\u00e9 z\u00e1brany - Dr\u017e\u00e1k m\u0159\u00ed\u017ee sn\u011bholamu UNI - Tmav\u011b hn\u011bd\u00e1 -","og_description":"Popis produktu Spole\u010dn\u011b s ta\u0161kou sn\u011bholamu kovovou tvo\u0159\u00ed nosn\u00fd prvek m\u0159\u00ed\u017eov\u00e9ho sn\u011bholamu. Dr\u017e\u00e1k se nasazuje na ta\u0161ku sn\u011bholamu. Dr\u017e\u00e1k m\u0159\u00ed\u017ee sn\u011bholamu se nasad\u00ed na ta\u0161ku sn\u011bholamu. P\u0159i spr\u00e1vn\u00e9m nasazen\u00ed je z\u0159eteln\u011b sly\u0161et &bdquo;zacvaknut\u00ed&ldquo;. Sn\u011bholamy je vhodn\u00e9 umis\u0165ovat i v n\u011bkolika \u0159ad\u00e1ch nad sebou a nad sn\u011bholamem mus\u00ed b\u00fdt rovnom\u011brn\u011b rozm\u00edst\u011bny protisn\u011bhov\u00e9 ta\u0161ky. &nbsp; Technick\u00e9 \u00fadaje [&hellip;]","og_url":"https:\/\/www.koupelnapro.com\/index.php\/produkt\/vysoce-kvalitni-mrizove-snehove-zabrany-drzak-mrize-sneholamu-uni-tmave-hneda-6779\/","og_image":[{"width":1000,"height":466,"url":"https:\/\/www.koupelnapro.com\/wp-content\/uploads\/2026\/SK0002934-CZ20260425-091742-0-1777079863-P-001706-00.webp","type":"image\/webp"}],"twitter_card":"summary_large_image","twitter_misc":{"Odhadovan\u00e1 doba \u010dten\u00ed":"1 minuta"},"schema":{"@context":"https:\/\/schema.org","@graph":[{"@type":"WebPage","@id":"https:\/\/www.koupelnapro.com\/index.php\/produkt\/vysoce-kvalitni-mrizove-snehove-zabrany-drzak-mrize-sneholamu-uni-tmave-hneda-6779\/","url":"https:\/\/www.koupelnapro.com\/index.php\/produkt\/vysoce-kvalitni-mrizove-snehove-zabrany-drzak-mrize-sneholamu-uni-tmave-hneda-6779\/","name":"Vysoce Kvalitn\u00ed M\u0159\u00ed\u017eov\u00e9 sn\u011bhov\u00e9 z\u00e1brany - Dr\u017e\u00e1k m\u0159\u00ed\u017ee sn\u011bholamu UNI - Tmav\u011b hn\u011bd\u00e1 -","isPartOf":{"@id":"https:\/\/www.koupelnapro.com\/#website"},"primaryImageOfPage":{"@id":"https:\/\/www.koupelnapro.com\/index.php\/produkt\/vysoce-kvalitni-mrizove-snehove-zabrany-drzak-mrize-sneholamu-uni-tmave-hneda-6779\/#primaryimage"},"image":{"@id":"https:\/\/www.koupelnapro.com\/index.php\/produkt\/vysoce-kvalitni-mrizove-snehove-zabrany-drzak-mrize-sneholamu-uni-tmave-hneda-6779\/#primaryimage"},"thumbnailUrl":"https:\/\/www.koupelnapro.com\/wp-content\/uploads\/2026\/SK0002934-CZ20260425-091742-0-1777079863-P-001706-00.webp","datePublished":"2026-04-26T09:13:14+00:00","breadcrumb":{"@id":"https:\/\/www.koupelnapro.com\/index.php\/produkt\/vysoce-kvalitni-mrizove-snehove-zabrany-drzak-mrize-sneholamu-uni-tmave-hneda-6779\/#breadcrumb"},"inLanguage":"cs","potentialAction":[{"@type":"ReadAction","target":["https:\/\/www.koupelnapro.com\/index.php\/produkt\/vysoce-kvalitni-mrizove-snehove-zabrany-drzak-mrize-sneholamu-uni-tmave-hneda-6779\/"]}]},{"@type":"ImageObject","inLanguage":"cs","@id":"https:\/\/www.koupelnapro.com\/index.php\/produkt\/vysoce-kvalitni-mrizove-snehove-zabrany-drzak-mrize-sneholamu-uni-tmave-hneda-6779\/#primaryimage","url":"https:\/\/www.koupelnapro.com\/wp-content\/uploads\/2026\/SK0002934-CZ20260425-091742-0-1777079863-P-001706-00.webp","contentUrl":"https:\/\/www.koupelnapro.com\/wp-content\/uploads\/2026\/SK0002934-CZ20260425-091742-0-1777079863-P-001706-00.webp","width":1000,"height":466},{"@type":"BreadcrumbList","@id":"https:\/\/www.koupelnapro.com\/index.php\/produkt\/vysoce-kvalitni-mrizove-snehove-zabrany-drzak-mrize-sneholamu-uni-tmave-hneda-6779\/#breadcrumb","itemListElement":[{"@type":"ListItem","position":1,"name":"Home","item":"https:\/\/www.koupelnapro.com\/"},{"@type":"ListItem","position":2,"name":"Products","item":"https:\/\/www.koupelnapro.com\/index.php\/products\/"},{"@type":"ListItem","position":3,"name":"Vysoce Kvalitn\u00ed M\u0159\u00ed\u017eov\u00e9 sn\u011bhov\u00e9 z\u00e1brany &#8211; Dr\u017e\u00e1k m\u0159\u00ed\u017ee sn\u011bholamu UNI &#8211; Tmav\u011b hn\u011bd\u00e1"}]},{"@type":"WebSite","@id":"https:\/\/www.koupelnapro.com\/#website","url":"https:\/\/www.koupelnapro.com\/","name":"","description":"","potentialAction":[{"@type":"SearchAction","target":{"@type":"EntryPoint","urlTemplate":"https:\/\/www.koupelnapro.com\/?s={search_term_string}"},"query-input":{"@type":"PropertyValueSpecification","valueRequired":true,"valueName":"search_term_string"}}],"inLanguage":"cs"}]}},"_links":{"self":[{"href":"https:\/\/www.koupelnapro.com\/index.php\/wp-json\/wp\/v2\/product\/6779","targetHints":{"allow":["GET"]}}],"collection":[{"href":"https:\/\/www.koupelnapro.com\/index.php\/wp-json\/wp\/v2\/product"}],"about":[{"href":"https:\/\/www.koupelnapro.com\/index.php\/wp-json\/wp\/v2\/types\/product"}],"replies":[{"embeddable":true,"href":"https:\/\/www.koupelnapro.com\/index.php\/wp-json\/wp\/v2\/comments?post=6779"}],"wp:featuredmedia":[{"embeddable":true,"href":"https:\/\/www.koupelnapro.com\/index.php\/wp-json\/wp\/v2\/media\/6879"}],"wp:attachment":[{"href":"https:\/\/www.koupelnapro.com\/index.php\/wp-json\/wp\/v2\/media?parent=6779"}],"wp:term":[{"taxonomy":"product_brand","embeddable":true,"href":"https:\/\/www.koupelnapro.com\/index.php\/wp-json\/wp\/v2\/product_brand?post=6779"},{"taxonomy":"product_cat","embeddable":true,"href":"https:\/\/www.koupelnapro.com\/index.php\/wp-json\/wp\/v2\/product_cat?post=6779"},{"taxonomy":"product_tag","embeddable":true,"href":"https:\/\/www.koupelnapro.com\/index.php\/wp-json\/wp\/v2\/product_tag?post=6779"}],"curies":[{"name":"wp","href":"https:\/\/api.w.org\/{rel}","templated":true}]}}