{"id":67764,"date":"2026-04-26T09:18:10","date_gmt":"2026-04-26T09:18:10","guid":{"rendered":""},"modified":"2026-04-26T09:18:10","modified_gmt":"2026-04-26T09:18:10","slug":"abb-3292h-a10101-62-levit-termostat-univerzalni-mechanicke-otocne-ovladani-bila-kourova-cerna-nova-kolekce-67764","status":"publish","type":"product","link":"https:\/\/www.koupelnapro.com\/index.php\/produkt\/abb-3292h-a10101-62-levit-termostat-univerzalni-mechanicke-otocne-ovladani-bila-kourova-cerna-nova-kolekce-67764\/","title":{"rendered":"ABB 3292H-A10101 62 LEVIT Termostat univerz\u00e1ln\u00ed mechanick\u00e9 oto\u010dn\u00e9 ovl\u00e1dan\u00ed b\u00edl\u00e1\/kou\u0159ov\u00e1 \u010dern\u00e1 Nov\u00e1 Kolekce"},"content":{"rendered":"<div id=\"e9443330\" class=\"pages\">\n<div id=\"PDDescription\" class=\"UserContentView userContent v1a v1 bs-view dcon dc150 PDDescription\" >\n<h2><span style=\"color: #007980;\">ABB\u00a0LEVIT Termostat univerz\u00e1ln\u00ed mechanick\u00e9 oto\u010dn\u00e9 ovl\u00e1dan\u00ed<\/span><\/h2>\n<p>Ovl\u00e1dac\u00ed jednotka (nutno pou\u017e\u00edt sp\u00ednac\u00ed p\u0159\u00edstroj).<br \/>Voliteln\u00e1 funkce prostorov\u00e9ho, nebo podlahov\u00e9ho termostatu.<br \/>Line\u00e1rn\u00ed nastaven\u00ed teploty.<br \/>Indikace stavu v\u00fdstupu dvojbarevnou LED.<br \/>Tla\u010d\u00edtka pro zapnut\u00ed\/vypnut\u00ed termostatu a pro ru\u010dn\u00ed sn\u00ed\u017een\u00ed teploty (s indikac\u00ed LED).<br \/>Pracovn\u00ed teplota: 0 \u00b0C a\u017e +55 \u00b0C<\/p>\n<p><strong><span style=\"color: #007980;\">Prostorov\u00fd termostat s tepelnou zp\u011btnou vazbou:<\/span><\/strong><br \/>Nastaviteln\u00e9 teploty: cca +13 \u00b0C a\u017e +27 \u00b0C (orienta\u010dn\u00ed stupnice)<br \/>Nastaviteln\u00e9 ru\u010dn\u00ed sn\u00ed\u017een\u00ed teploty: cca 2 K a\u017e 8 K<br \/>Hystereze: cca \u00b10,25 K<\/p>\n<p><strong><span style=\"color: #007980;\">Podlahov\u00fd termostat:<\/span><\/strong><br \/>Nastaviteln\u00e9 teploty: cca +15 \u00b0C a\u017e +48 \u00b0C (orienta\u010dn\u00ed stupnice)<br \/>Nastaviteln\u00e9 ru\u010dn\u00ed sn\u00ed\u017een\u00ed teploty: cca 4 K a\u017e 16 K<br \/>Hystereze: cca \u00b10,5 K.<br \/>Ke svork\u00e1m 1, 2 sp\u00ednac\u00edho p\u0159\u00edstroje je nutn\u00e9 p\u0159ipojit vn\u011bj\u0161\u00ed sn\u00edma\u010d teploty 3292U-A90100 (nen\u00ed sou\u010d\u00e1st\u00ed dod\u00e1vky) a p\u0159em\u00edstit vnit\u0159n\u00ed propojku podle n\u00e1vodu.<\/p>\n<p>\u00a0<\/p>\n<p>N\u00e1vod k instalaci ZDE:<\/p>\n<div id=\"PDTable3\" class=\"ProductDetailTableView v3a v3 bs-view dcon dc175 PDTable3\" >\n<table>\n<thead><\/thead>\n<tbody>\n<tr class=\"attribute attr_bsshop_maker\">\n<td class=\"caption\">V\u00fdrobce<\/td>\n<td class=\"value\">ABB<\/td>\n<\/tr>\n<tr class=\"attribute attr_Barva\">\n<td class=\"caption\">Barva<\/td>\n<td class=\"value\">b\u00edl\u00e1 \/ kou\u0159ov\u00e1 \u010dern\u00e1<\/td>\n<\/tr>\n<\/tbody>\n<\/table><\/div>\n<\/div>\n<\/div>\n<div id=\"e9443331\" class=\"tabs\">\n","protected":false},"excerpt":{"rendered":"<p>ABB\u00a0LEVIT Termostat univerz\u00e1ln\u00ed mechanick\u00e9 oto\u010dn\u00e9 ovl\u00e1dan\u00ed Ovl\u00e1dac\u00ed jednotka (nutno pou\u017e\u00edt sp\u00ednac\u00ed p\u0159\u00edstroj).Voliteln\u00e1 funkce prostorov\u00e9ho, nebo podlahov\u00e9ho termostatu.Line\u00e1rn\u00ed nastaven\u00ed teploty.Indikace stavu v\u00fdstupu dvojbarevnou LED.Tla\u010d\u00edtka pro zapnut\u00ed\/vypnut\u00ed termostatu a pro ru\u010dn\u00ed sn\u00ed\u017een\u00ed teploty (s indikac\u00ed LED).Pracovn\u00ed teplota: 0 \u00b0C a\u017e +55 \u00b0C Prostorov\u00fd termostat s tepelnou zp\u011btnou vazbou:Nastaviteln\u00e9 teploty: cca +13 \u00b0C a\u017e +27 \u00b0C (orienta\u010dn\u00ed stupnice)Nastaviteln\u00e9 [&hellip;]<\/p>\n","protected":false},"featured_media":67864,"comment_status":"open","ping_status":"open","template":"","meta":[],"product_brand":[],"product_cat":[40],"product_tag":[],"class_list":{"0":"post-67764","1":"product","2":"type-product","3":"status-publish","4":"has-post-thumbnail","6":"product_cat-vyp-237-nace-a-z-225-suvky","8":"first","9":"instock","10":"sale","11":"shipping-taxable","12":"purchasable","13":"product-type-simple"},"yoast_head":"<!-- This site is optimized with the Yoast SEO plugin v26.8 - https:\/\/yoast.com\/product\/yoast-seo-wordpress\/ -->\n<title>ABB 3292H-A10101 62 LEVIT Termostat univerz\u00e1ln\u00ed mechanick\u00e9 oto\u010dn\u00e9 ovl\u00e1dan\u00ed b\u00edl\u00e1\/kou\u0159ov\u00e1 \u010dern\u00e1 Nov\u00e1 Kolekce -<\/title>\n<meta name=\"robots\" content=\"index, follow, max-snippet:-1, max-image-preview:large, max-video-preview:-1\" \/>\n<link rel=\"canonical\" href=\"https:\/\/www.koupelnapro.com\/index.php\/produkt\/abb-3292h-a10101-62-levit-termostat-univerzalni-mechanicke-otocne-ovladani-bila-kourova-cerna-nova-kolekce-67764\/\" \/>\n<meta property=\"og:locale\" content=\"cs_CZ\" \/>\n<meta property=\"og:type\" content=\"article\" \/>\n<meta property=\"og:title\" content=\"ABB 3292H-A10101 62 LEVIT Termostat univerz\u00e1ln\u00ed mechanick\u00e9 oto\u010dn\u00e9 ovl\u00e1dan\u00ed b\u00edl\u00e1\/kou\u0159ov\u00e1 \u010dern\u00e1 Nov\u00e1 Kolekce -\" \/>\n<meta property=\"og:description\" content=\"ABB\u00a0LEVIT Termostat univerz\u00e1ln\u00ed mechanick\u00e9 oto\u010dn\u00e9 ovl\u00e1dan\u00ed Ovl\u00e1dac\u00ed jednotka (nutno pou\u017e\u00edt sp\u00ednac\u00ed p\u0159\u00edstroj).Voliteln\u00e1 funkce prostorov\u00e9ho, nebo podlahov\u00e9ho termostatu.Line\u00e1rn\u00ed nastaven\u00ed teploty.Indikace stavu v\u00fdstupu dvojbarevnou LED.Tla\u010d\u00edtka pro zapnut\u00ed\/vypnut\u00ed termostatu a pro ru\u010dn\u00ed sn\u00ed\u017een\u00ed teploty (s indikac\u00ed LED).Pracovn\u00ed teplota: 0 \u00b0C a\u017e +55 \u00b0C Prostorov\u00fd termostat s tepelnou zp\u011btnou vazbou:Nastaviteln\u00e9 teploty: cca +13 \u00b0C a\u017e +27 \u00b0C (orienta\u010dn\u00ed stupnice)Nastaviteln\u00e9 [&hellip;]\" \/>\n<meta property=\"og:url\" content=\"https:\/\/www.koupelnapro.com\/index.php\/produkt\/abb-3292h-a10101-62-levit-termostat-univerzalni-mechanicke-otocne-ovladani-bila-kourova-cerna-nova-kolekce-67764\/\" \/>\n<meta property=\"og:image\" content=\"https:\/\/www.koupelnapro.com\/wp-content\/uploads\/2026\/SK0005298-CZ20260425-091623-0-1777079785-abb-3292h-a10101-62-levit-termostat-univerzalni-mechanicke-.webp\" \/>\n\t<meta property=\"og:image:width\" content=\"1000\" \/>\n\t<meta property=\"og:image:height\" content=\"525\" \/>\n\t<meta property=\"og:image:type\" content=\"image\/webp\" \/>\n<meta name=\"twitter:card\" content=\"summary_large_image\" \/>\n<meta name=\"twitter:label1\" content=\"Odhadovan\u00e1 doba \u010dten\u00ed\" \/>\n\t<meta name=\"twitter:data1\" content=\"1 minuta\" \/>\n<script type=\"application\/ld+json\" class=\"yoast-schema-graph\">{\"@context\":\"https:\/\/schema.org\",\"@graph\":[{\"@type\":\"WebPage\",\"@id\":\"https:\/\/www.koupelnapro.com\/index.php\/produkt\/abb-3292h-a10101-62-levit-termostat-univerzalni-mechanicke-otocne-ovladani-bila-kourova-cerna-nova-kolekce-67764\/\",\"url\":\"https:\/\/www.koupelnapro.com\/index.php\/produkt\/abb-3292h-a10101-62-levit-termostat-univerzalni-mechanicke-otocne-ovladani-bila-kourova-cerna-nova-kolekce-67764\/\",\"name\":\"ABB 3292H-A10101 62 LEVIT Termostat univerz\u00e1ln\u00ed mechanick\u00e9 oto\u010dn\u00e9 ovl\u00e1dan\u00ed b\u00edl\u00e1\/kou\u0159ov\u00e1 \u010dern\u00e1 Nov\u00e1 Kolekce -\",\"isPartOf\":{\"@id\":\"https:\/\/www.koupelnapro.com\/#website\"},\"primaryImageOfPage\":{\"@id\":\"https:\/\/www.koupelnapro.com\/index.php\/produkt\/abb-3292h-a10101-62-levit-termostat-univerzalni-mechanicke-otocne-ovladani-bila-kourova-cerna-nova-kolekce-67764\/#primaryimage\"},\"image\":{\"@id\":\"https:\/\/www.koupelnapro.com\/index.php\/produkt\/abb-3292h-a10101-62-levit-termostat-univerzalni-mechanicke-otocne-ovladani-bila-kourova-cerna-nova-kolekce-67764\/#primaryimage\"},\"thumbnailUrl\":\"https:\/\/www.koupelnapro.com\/wp-content\/uploads\/2026\/SK0005298-CZ20260425-091623-0-1777079785-abb-3292h-a10101-62-levit-termostat-univerzalni-mechanicke-.webp\",\"datePublished\":\"2026-04-26T09:18:10+00:00\",\"breadcrumb\":{\"@id\":\"https:\/\/www.koupelnapro.com\/index.php\/produkt\/abb-3292h-a10101-62-levit-termostat-univerzalni-mechanicke-otocne-ovladani-bila-kourova-cerna-nova-kolekce-67764\/#breadcrumb\"},\"inLanguage\":\"cs\",\"potentialAction\":[{\"@type\":\"ReadAction\",\"target\":[\"https:\/\/www.koupelnapro.com\/index.php\/produkt\/abb-3292h-a10101-62-levit-termostat-univerzalni-mechanicke-otocne-ovladani-bila-kourova-cerna-nova-kolekce-67764\/\"]}]},{\"@type\":\"ImageObject\",\"inLanguage\":\"cs\",\"@id\":\"https:\/\/www.koupelnapro.com\/index.php\/produkt\/abb-3292h-a10101-62-levit-termostat-univerzalni-mechanicke-otocne-ovladani-bila-kourova-cerna-nova-kolekce-67764\/#primaryimage\",\"url\":\"https:\/\/www.koupelnapro.com\/wp-content\/uploads\/2026\/SK0005298-CZ20260425-091623-0-1777079785-abb-3292h-a10101-62-levit-termostat-univerzalni-mechanicke-.webp\",\"contentUrl\":\"https:\/\/www.koupelnapro.com\/wp-content\/uploads\/2026\/SK0005298-CZ20260425-091623-0-1777079785-abb-3292h-a10101-62-levit-termostat-univerzalni-mechanicke-.webp\",\"width\":1000,\"height\":525},{\"@type\":\"BreadcrumbList\",\"@id\":\"https:\/\/www.koupelnapro.com\/index.php\/produkt\/abb-3292h-a10101-62-levit-termostat-univerzalni-mechanicke-otocne-ovladani-bila-kourova-cerna-nova-kolekce-67764\/#breadcrumb\",\"itemListElement\":[{\"@type\":\"ListItem\",\"position\":1,\"name\":\"Home\",\"item\":\"https:\/\/www.koupelnapro.com\/\"},{\"@type\":\"ListItem\",\"position\":2,\"name\":\"Products\",\"item\":\"https:\/\/www.koupelnapro.com\/index.php\/products\/\"},{\"@type\":\"ListItem\",\"position\":3,\"name\":\"ABB 3292H-A10101 62 LEVIT Termostat univerz\u00e1ln\u00ed mechanick\u00e9 oto\u010dn\u00e9 ovl\u00e1dan\u00ed b\u00edl\u00e1\/kou\u0159ov\u00e1 \u010dern\u00e1 Nov\u00e1 Kolekce\"}]},{\"@type\":\"WebSite\",\"@id\":\"https:\/\/www.koupelnapro.com\/#website\",\"url\":\"https:\/\/www.koupelnapro.com\/\",\"name\":\"\",\"description\":\"\",\"potentialAction\":[{\"@type\":\"SearchAction\",\"target\":{\"@type\":\"EntryPoint\",\"urlTemplate\":\"https:\/\/www.koupelnapro.com\/?s={search_term_string}\"},\"query-input\":{\"@type\":\"PropertyValueSpecification\",\"valueRequired\":true,\"valueName\":\"search_term_string\"}}],\"inLanguage\":\"cs\"}]}<\/script>\n<!-- \/ Yoast SEO plugin. -->","yoast_head_json":{"title":"ABB 3292H-A10101 62 LEVIT Termostat univerz\u00e1ln\u00ed mechanick\u00e9 oto\u010dn\u00e9 ovl\u00e1dan\u00ed b\u00edl\u00e1\/kou\u0159ov\u00e1 \u010dern\u00e1 Nov\u00e1 Kolekce -","robots":{"index":"index","follow":"follow","max-snippet":"max-snippet:-1","max-image-preview":"max-image-preview:large","max-video-preview":"max-video-preview:-1"},"canonical":"https:\/\/www.koupelnapro.com\/index.php\/produkt\/abb-3292h-a10101-62-levit-termostat-univerzalni-mechanicke-otocne-ovladani-bila-kourova-cerna-nova-kolekce-67764\/","og_locale":"cs_CZ","og_type":"article","og_title":"ABB 3292H-A10101 62 LEVIT Termostat univerz\u00e1ln\u00ed mechanick\u00e9 oto\u010dn\u00e9 ovl\u00e1dan\u00ed b\u00edl\u00e1\/kou\u0159ov\u00e1 \u010dern\u00e1 Nov\u00e1 Kolekce -","og_description":"ABB\u00a0LEVIT Termostat univerz\u00e1ln\u00ed mechanick\u00e9 oto\u010dn\u00e9 ovl\u00e1dan\u00ed Ovl\u00e1dac\u00ed jednotka (nutno pou\u017e\u00edt sp\u00ednac\u00ed p\u0159\u00edstroj).Voliteln\u00e1 funkce prostorov\u00e9ho, nebo podlahov\u00e9ho termostatu.Line\u00e1rn\u00ed nastaven\u00ed teploty.Indikace stavu v\u00fdstupu dvojbarevnou LED.Tla\u010d\u00edtka pro zapnut\u00ed\/vypnut\u00ed termostatu a pro ru\u010dn\u00ed sn\u00ed\u017een\u00ed teploty (s indikac\u00ed LED).Pracovn\u00ed teplota: 0 \u00b0C a\u017e +55 \u00b0C Prostorov\u00fd termostat s tepelnou zp\u011btnou vazbou:Nastaviteln\u00e9 teploty: cca +13 \u00b0C a\u017e +27 \u00b0C (orienta\u010dn\u00ed stupnice)Nastaviteln\u00e9 [&hellip;]","og_url":"https:\/\/www.koupelnapro.com\/index.php\/produkt\/abb-3292h-a10101-62-levit-termostat-univerzalni-mechanicke-otocne-ovladani-bila-kourova-cerna-nova-kolekce-67764\/","og_image":[{"width":1000,"height":525,"url":"https:\/\/www.koupelnapro.com\/wp-content\/uploads\/2026\/SK0005298-CZ20260425-091623-0-1777079785-abb-3292h-a10101-62-levit-termostat-univerzalni-mechanicke-.webp","type":"image\/webp"}],"twitter_card":"summary_large_image","twitter_misc":{"Odhadovan\u00e1 doba \u010dten\u00ed":"1 minuta"},"schema":{"@context":"https:\/\/schema.org","@graph":[{"@type":"WebPage","@id":"https:\/\/www.koupelnapro.com\/index.php\/produkt\/abb-3292h-a10101-62-levit-termostat-univerzalni-mechanicke-otocne-ovladani-bila-kourova-cerna-nova-kolekce-67764\/","url":"https:\/\/www.koupelnapro.com\/index.php\/produkt\/abb-3292h-a10101-62-levit-termostat-univerzalni-mechanicke-otocne-ovladani-bila-kourova-cerna-nova-kolekce-67764\/","name":"ABB 3292H-A10101 62 LEVIT Termostat univerz\u00e1ln\u00ed mechanick\u00e9 oto\u010dn\u00e9 ovl\u00e1dan\u00ed b\u00edl\u00e1\/kou\u0159ov\u00e1 \u010dern\u00e1 Nov\u00e1 Kolekce -","isPartOf":{"@id":"https:\/\/www.koupelnapro.com\/#website"},"primaryImageOfPage":{"@id":"https:\/\/www.koupelnapro.com\/index.php\/produkt\/abb-3292h-a10101-62-levit-termostat-univerzalni-mechanicke-otocne-ovladani-bila-kourova-cerna-nova-kolekce-67764\/#primaryimage"},"image":{"@id":"https:\/\/www.koupelnapro.com\/index.php\/produkt\/abb-3292h-a10101-62-levit-termostat-univerzalni-mechanicke-otocne-ovladani-bila-kourova-cerna-nova-kolekce-67764\/#primaryimage"},"thumbnailUrl":"https:\/\/www.koupelnapro.com\/wp-content\/uploads\/2026\/SK0005298-CZ20260425-091623-0-1777079785-abb-3292h-a10101-62-levit-termostat-univerzalni-mechanicke-.webp","datePublished":"2026-04-26T09:18:10+00:00","breadcrumb":{"@id":"https:\/\/www.koupelnapro.com\/index.php\/produkt\/abb-3292h-a10101-62-levit-termostat-univerzalni-mechanicke-otocne-ovladani-bila-kourova-cerna-nova-kolekce-67764\/#breadcrumb"},"inLanguage":"cs","potentialAction":[{"@type":"ReadAction","target":["https:\/\/www.koupelnapro.com\/index.php\/produkt\/abb-3292h-a10101-62-levit-termostat-univerzalni-mechanicke-otocne-ovladani-bila-kourova-cerna-nova-kolekce-67764\/"]}]},{"@type":"ImageObject","inLanguage":"cs","@id":"https:\/\/www.koupelnapro.com\/index.php\/produkt\/abb-3292h-a10101-62-levit-termostat-univerzalni-mechanicke-otocne-ovladani-bila-kourova-cerna-nova-kolekce-67764\/#primaryimage","url":"https:\/\/www.koupelnapro.com\/wp-content\/uploads\/2026\/SK0005298-CZ20260425-091623-0-1777079785-abb-3292h-a10101-62-levit-termostat-univerzalni-mechanicke-.webp","contentUrl":"https:\/\/www.koupelnapro.com\/wp-content\/uploads\/2026\/SK0005298-CZ20260425-091623-0-1777079785-abb-3292h-a10101-62-levit-termostat-univerzalni-mechanicke-.webp","width":1000,"height":525},{"@type":"BreadcrumbList","@id":"https:\/\/www.koupelnapro.com\/index.php\/produkt\/abb-3292h-a10101-62-levit-termostat-univerzalni-mechanicke-otocne-ovladani-bila-kourova-cerna-nova-kolekce-67764\/#breadcrumb","itemListElement":[{"@type":"ListItem","position":1,"name":"Home","item":"https:\/\/www.koupelnapro.com\/"},{"@type":"ListItem","position":2,"name":"Products","item":"https:\/\/www.koupelnapro.com\/index.php\/products\/"},{"@type":"ListItem","position":3,"name":"ABB 3292H-A10101 62 LEVIT Termostat univerz\u00e1ln\u00ed mechanick\u00e9 oto\u010dn\u00e9 ovl\u00e1dan\u00ed b\u00edl\u00e1\/kou\u0159ov\u00e1 \u010dern\u00e1 Nov\u00e1 Kolekce"}]},{"@type":"WebSite","@id":"https:\/\/www.koupelnapro.com\/#website","url":"https:\/\/www.koupelnapro.com\/","name":"","description":"","potentialAction":[{"@type":"SearchAction","target":{"@type":"EntryPoint","urlTemplate":"https:\/\/www.koupelnapro.com\/?s={search_term_string}"},"query-input":{"@type":"PropertyValueSpecification","valueRequired":true,"valueName":"search_term_string"}}],"inLanguage":"cs"}]}},"_links":{"self":[{"href":"https:\/\/www.koupelnapro.com\/index.php\/wp-json\/wp\/v2\/product\/67764","targetHints":{"allow":["GET"]}}],"collection":[{"href":"https:\/\/www.koupelnapro.com\/index.php\/wp-json\/wp\/v2\/product"}],"about":[{"href":"https:\/\/www.koupelnapro.com\/index.php\/wp-json\/wp\/v2\/types\/product"}],"replies":[{"embeddable":true,"href":"https:\/\/www.koupelnapro.com\/index.php\/wp-json\/wp\/v2\/comments?post=67764"}],"wp:featuredmedia":[{"embeddable":true,"href":"https:\/\/www.koupelnapro.com\/index.php\/wp-json\/wp\/v2\/media\/67864"}],"wp:attachment":[{"href":"https:\/\/www.koupelnapro.com\/index.php\/wp-json\/wp\/v2\/media?parent=67764"}],"wp:term":[{"taxonomy":"product_brand","embeddable":true,"href":"https:\/\/www.koupelnapro.com\/index.php\/wp-json\/wp\/v2\/product_brand?post=67764"},{"taxonomy":"product_cat","embeddable":true,"href":"https:\/\/www.koupelnapro.com\/index.php\/wp-json\/wp\/v2\/product_cat?post=67764"},{"taxonomy":"product_tag","embeddable":true,"href":"https:\/\/www.koupelnapro.com\/index.php\/wp-json\/wp\/v2\/product_tag?post=67764"}],"curies":[{"name":"wp","href":"https:\/\/api.w.org\/{rel}","templated":true}]}}