{"id":67762,"date":"2026-04-26T09:18:10","date_gmt":"2026-04-26T09:18:10","guid":{"rendered":""},"modified":"2026-04-26T09:18:10","modified_gmt":"2026-04-26T09:18:10","slug":"znackovy-solight-led-wm-50w-l-reflektor-50w-4600lm-cw-studena-bila-230v-5000k-ip65-67762","status":"publish","type":"product","link":"https:\/\/www.koupelnapro.com\/index.php\/produkt\/znackovy-solight-led-wm-50w-l-reflektor-50w-4600lm-cw-studena-bila-230v-5000k-ip65-67762\/","title":{"rendered":"Zna\u010dkov\u00fd SOLIGHT LED WM-50W-L reflektor 50W 4600lm CW studen\u00e1 b\u00edl\u00e1 230V 5000k IP65"},"content":{"rendered":"<div id=\"e9443149\" class=\"pages\">\n<div id=\"PDDescription\" class=\"UserContentView userContent v1a v1 bs-view dcon dc150 PDDescription\" >\n<h2><span style=\"color: #008080;\">SOLIGHT LED WM-50W-L reflektor 50W 4600lm CW studen\u00e1 b\u00edl\u00e1 230V 5000k IP65 <\/span><\/h2>\n<p>Jedn\u00e1 se o LED venkovn\u00ed reflektor, kter\u00fd je adekv\u00e1tn\u00ed n\u00e1hradou za klasick\u00e9 halogeny s\u00a0velkou spot\u0159ebou.\u00a0LED reflektor je ide\u00e1ln\u00ed pro osv\u00edcen\u00ed p\u0159\u00edjezdov\u00fdch cest a teras dom\u016f, \u010di parkovac\u00edch ploch.<\/p>\n<\/p>\n<h2><span style=\"color: #008080;\">Parametry:<\/span><\/h2>\n<ul>\n<li>sv\u011bteln\u00fd zdroj: 50W SMD LED<\/li>\n<li>sv\u011bteln\u00fd tok: 4600lm<\/li>\n<li>teplota chromati\u010dnosti: 5000K (studen\u00e1 b\u00edl\u00e1)<\/li>\n<li>\u017eivotnost LED: 30.000 hodin<\/li>\n<li>kryt\u00ed: IP65 (Ochrana proti st\u0159\u00edkaj\u00edc\u00ed vod\u011b, vhodn\u00e9 pro venkovn\u00ed pou\u017eit\u00ed)<\/li>\n<li>sv\u011bteln\u00fd ku\u017eel: 120\u00b0<\/li>\n<li>nap\u011bt\u00ed: AC 220V &#8211; 240V, 50Hz<\/li>\n<li>opera\u010dn\u00ed teplota: -30\u00b0C a\u017e +50\u00b0C<\/li>\n<li>rozm\u011bry: 200 x 180 x 30mm<\/li>\n<li>materi\u00e1l: tlakov\u011b lit\u00fd hlin\u00edk<\/li>\n<li>barva: \u010dern\u00e1<\/li>\n<\/ul>\n<p><span style=\"color: #171c20; text-transform: none; text-indent: 0px; letter-spacing: 0.33px; font-family: 'Open Sans', sans-serif; font-size: 13px; font-style: normal; font-weight: normal; word-spacing: 0px; float: none; display: inline !important; white-space: normal; orphans: 2; widows: 2; background-color: #ffffff; -webkit-text-stroke-width: 0px; font-variant-ligatures: normal; font-variant-caps: normal;\">\u00a0<\/span><\/p>\n<div id=\"PDTable3\" class=\"ProductDetailTableView v3a v3 bs-view dcon dc175 PDTable3\" >\n<table>\n<thead><\/thead>\n<tbody>\n<tr class=\"attribute attr_bsshop_maker\">\n<td class=\"caption\">V\u00fdrobce<\/td>\n<td class=\"value\">Solight Holding, s.r.o.<\/td>\n<\/tr>\n<\/tbody>\n<\/table><\/div>\n<\/div>\n<div id=\"ProductMedia\" class=\"ProductMediaView MediaViewBase v1a v1 bs-view dcon dc398 ProductMedia\" ><bs-empty><\/bs-empty><\/p>\n<div class=\"files\">\n<div class=\"title sub\">Soubory<\/div>\n<p>wm-50w-l_fotometrick&#225; data.ldtwm-50w-l_produktov&#253; list.pdfwm-50w-l_sk n&#225;vod.pdfwm-50w-l_cz n&#225;vod.pdfwm-50w-l_en manual.pdfwm-50w-l_prohl&#225;\u0161en&#237; o shod\u011b.pdf<\/p><\/div>\n<p><bs-empty><\/bs-empty><\/div>\n<\/div>\n<div id=\"e9443150\" class=\"tabs\">\n","protected":false},"excerpt":{"rendered":"<p>SOLIGHT LED WM-50W-L reflektor 50W 4600lm CW studen\u00e1 b\u00edl\u00e1 230V 5000k IP65 Jedn\u00e1 se o LED venkovn\u00ed reflektor, kter\u00fd je adekv\u00e1tn\u00ed n\u00e1hradou za klasick\u00e9 halogeny s\u00a0velkou spot\u0159ebou.\u00a0LED reflektor je ide\u00e1ln\u00ed pro osv\u00edcen\u00ed p\u0159\u00edjezdov\u00fdch cest a teras dom\u016f, \u010di parkovac\u00edch ploch. Parametry: sv\u011bteln\u00fd zdroj: 50W SMD LED sv\u011bteln\u00fd tok: 4600lm teplota chromati\u010dnosti: 5000K (studen\u00e1 b\u00edl\u00e1) \u017eivotnost [&hellip;]<\/p>\n","protected":false},"featured_media":67862,"comment_status":"open","ping_status":"open","template":"","meta":[],"product_brand":[],"product_cat":[37],"product_tag":[],"class_list":{"0":"post-67762","1":"product","2":"type-product","3":"status-publish","4":"has-post-thumbnail","6":"product_cat-sv-237-tidla-a-led","8":"first","9":"instock","10":"sale","11":"shipping-taxable","12":"purchasable","13":"product-type-simple"},"yoast_head":"<!-- This site is optimized with the Yoast SEO plugin v26.8 - https:\/\/yoast.com\/product\/yoast-seo-wordpress\/ -->\n<title>Zna\u010dkov\u00fd SOLIGHT LED WM-50W-L reflektor 50W 4600lm CW studen\u00e1 b\u00edl\u00e1 230V 5000k IP65 -<\/title>\n<meta name=\"robots\" content=\"index, follow, max-snippet:-1, max-image-preview:large, max-video-preview:-1\" \/>\n<link rel=\"canonical\" href=\"https:\/\/www.koupelnapro.com\/index.php\/produkt\/znackovy-solight-led-wm-50w-l-reflektor-50w-4600lm-cw-studena-bila-230v-5000k-ip65-67762\/\" \/>\n<meta property=\"og:locale\" content=\"cs_CZ\" \/>\n<meta property=\"og:type\" content=\"article\" \/>\n<meta property=\"og:title\" content=\"Zna\u010dkov\u00fd SOLIGHT LED WM-50W-L reflektor 50W 4600lm CW studen\u00e1 b\u00edl\u00e1 230V 5000k IP65 -\" \/>\n<meta property=\"og:description\" content=\"SOLIGHT LED WM-50W-L reflektor 50W 4600lm CW studen\u00e1 b\u00edl\u00e1 230V 5000k IP65 Jedn\u00e1 se o LED venkovn\u00ed reflektor, kter\u00fd je adekv\u00e1tn\u00ed n\u00e1hradou za klasick\u00e9 halogeny s\u00a0velkou spot\u0159ebou.\u00a0LED reflektor je ide\u00e1ln\u00ed pro osv\u00edcen\u00ed p\u0159\u00edjezdov\u00fdch cest a teras dom\u016f, \u010di parkovac\u00edch ploch. Parametry: sv\u011bteln\u00fd zdroj: 50W SMD LED sv\u011bteln\u00fd tok: 4600lm teplota chromati\u010dnosti: 5000K (studen\u00e1 b\u00edl\u00e1) \u017eivotnost [&hellip;]\" \/>\n<meta property=\"og:url\" content=\"https:\/\/www.koupelnapro.com\/index.php\/produkt\/znackovy-solight-led-wm-50w-l-reflektor-50w-4600lm-cw-studena-bila-230v-5000k-ip65-67762\/\" \/>\n<meta property=\"og:image\" content=\"https:\/\/www.koupelnapro.com\/wp-content\/uploads\/2026\/SK0005296-CZ20260425-091623-0-1777079785-solight-led-wm-50w-l-reflektor-50w-4600lm-cw-studena-bila-2.webp\" \/>\n\t<meta property=\"og:image:width\" content=\"1000\" \/>\n\t<meta property=\"og:image:height\" content=\"525\" \/>\n\t<meta property=\"og:image:type\" content=\"image\/webp\" \/>\n<meta name=\"twitter:card\" content=\"summary_large_image\" \/>\n<meta name=\"twitter:label1\" content=\"Odhadovan\u00e1 doba \u010dten\u00ed\" \/>\n\t<meta name=\"twitter:data1\" content=\"1 minuta\" \/>\n<script type=\"application\/ld+json\" class=\"yoast-schema-graph\">{\"@context\":\"https:\/\/schema.org\",\"@graph\":[{\"@type\":\"WebPage\",\"@id\":\"https:\/\/www.koupelnapro.com\/index.php\/produkt\/znackovy-solight-led-wm-50w-l-reflektor-50w-4600lm-cw-studena-bila-230v-5000k-ip65-67762\/\",\"url\":\"https:\/\/www.koupelnapro.com\/index.php\/produkt\/znackovy-solight-led-wm-50w-l-reflektor-50w-4600lm-cw-studena-bila-230v-5000k-ip65-67762\/\",\"name\":\"Zna\u010dkov\u00fd SOLIGHT LED WM-50W-L reflektor 50W 4600lm CW studen\u00e1 b\u00edl\u00e1 230V 5000k IP65 -\",\"isPartOf\":{\"@id\":\"https:\/\/www.koupelnapro.com\/#website\"},\"primaryImageOfPage\":{\"@id\":\"https:\/\/www.koupelnapro.com\/index.php\/produkt\/znackovy-solight-led-wm-50w-l-reflektor-50w-4600lm-cw-studena-bila-230v-5000k-ip65-67762\/#primaryimage\"},\"image\":{\"@id\":\"https:\/\/www.koupelnapro.com\/index.php\/produkt\/znackovy-solight-led-wm-50w-l-reflektor-50w-4600lm-cw-studena-bila-230v-5000k-ip65-67762\/#primaryimage\"},\"thumbnailUrl\":\"https:\/\/www.koupelnapro.com\/wp-content\/uploads\/2026\/SK0005296-CZ20260425-091623-0-1777079785-solight-led-wm-50w-l-reflektor-50w-4600lm-cw-studena-bila-2.webp\",\"datePublished\":\"2026-04-26T09:18:10+00:00\",\"breadcrumb\":{\"@id\":\"https:\/\/www.koupelnapro.com\/index.php\/produkt\/znackovy-solight-led-wm-50w-l-reflektor-50w-4600lm-cw-studena-bila-230v-5000k-ip65-67762\/#breadcrumb\"},\"inLanguage\":\"cs\",\"potentialAction\":[{\"@type\":\"ReadAction\",\"target\":[\"https:\/\/www.koupelnapro.com\/index.php\/produkt\/znackovy-solight-led-wm-50w-l-reflektor-50w-4600lm-cw-studena-bila-230v-5000k-ip65-67762\/\"]}]},{\"@type\":\"ImageObject\",\"inLanguage\":\"cs\",\"@id\":\"https:\/\/www.koupelnapro.com\/index.php\/produkt\/znackovy-solight-led-wm-50w-l-reflektor-50w-4600lm-cw-studena-bila-230v-5000k-ip65-67762\/#primaryimage\",\"url\":\"https:\/\/www.koupelnapro.com\/wp-content\/uploads\/2026\/SK0005296-CZ20260425-091623-0-1777079785-solight-led-wm-50w-l-reflektor-50w-4600lm-cw-studena-bila-2.webp\",\"contentUrl\":\"https:\/\/www.koupelnapro.com\/wp-content\/uploads\/2026\/SK0005296-CZ20260425-091623-0-1777079785-solight-led-wm-50w-l-reflektor-50w-4600lm-cw-studena-bila-2.webp\",\"width\":1000,\"height\":525},{\"@type\":\"BreadcrumbList\",\"@id\":\"https:\/\/www.koupelnapro.com\/index.php\/produkt\/znackovy-solight-led-wm-50w-l-reflektor-50w-4600lm-cw-studena-bila-230v-5000k-ip65-67762\/#breadcrumb\",\"itemListElement\":[{\"@type\":\"ListItem\",\"position\":1,\"name\":\"Home\",\"item\":\"https:\/\/www.koupelnapro.com\/\"},{\"@type\":\"ListItem\",\"position\":2,\"name\":\"Products\",\"item\":\"https:\/\/www.koupelnapro.com\/index.php\/products\/\"},{\"@type\":\"ListItem\",\"position\":3,\"name\":\"Zna\u010dkov\u00fd SOLIGHT LED WM-50W-L reflektor 50W 4600lm CW studen\u00e1 b\u00edl\u00e1 230V 5000k IP65\"}]},{\"@type\":\"WebSite\",\"@id\":\"https:\/\/www.koupelnapro.com\/#website\",\"url\":\"https:\/\/www.koupelnapro.com\/\",\"name\":\"\",\"description\":\"\",\"potentialAction\":[{\"@type\":\"SearchAction\",\"target\":{\"@type\":\"EntryPoint\",\"urlTemplate\":\"https:\/\/www.koupelnapro.com\/?s={search_term_string}\"},\"query-input\":{\"@type\":\"PropertyValueSpecification\",\"valueRequired\":true,\"valueName\":\"search_term_string\"}}],\"inLanguage\":\"cs\"}]}<\/script>\n<!-- \/ Yoast SEO plugin. -->","yoast_head_json":{"title":"Zna\u010dkov\u00fd SOLIGHT LED WM-50W-L reflektor 50W 4600lm CW studen\u00e1 b\u00edl\u00e1 230V 5000k IP65 -","robots":{"index":"index","follow":"follow","max-snippet":"max-snippet:-1","max-image-preview":"max-image-preview:large","max-video-preview":"max-video-preview:-1"},"canonical":"https:\/\/www.koupelnapro.com\/index.php\/produkt\/znackovy-solight-led-wm-50w-l-reflektor-50w-4600lm-cw-studena-bila-230v-5000k-ip65-67762\/","og_locale":"cs_CZ","og_type":"article","og_title":"Zna\u010dkov\u00fd SOLIGHT LED WM-50W-L reflektor 50W 4600lm CW studen\u00e1 b\u00edl\u00e1 230V 5000k IP65 -","og_description":"SOLIGHT LED WM-50W-L reflektor 50W 4600lm CW studen\u00e1 b\u00edl\u00e1 230V 5000k IP65 Jedn\u00e1 se o LED venkovn\u00ed reflektor, kter\u00fd je adekv\u00e1tn\u00ed n\u00e1hradou za klasick\u00e9 halogeny s\u00a0velkou spot\u0159ebou.\u00a0LED reflektor je ide\u00e1ln\u00ed pro osv\u00edcen\u00ed p\u0159\u00edjezdov\u00fdch cest a teras dom\u016f, \u010di parkovac\u00edch ploch. Parametry: sv\u011bteln\u00fd zdroj: 50W SMD LED sv\u011bteln\u00fd tok: 4600lm teplota chromati\u010dnosti: 5000K (studen\u00e1 b\u00edl\u00e1) \u017eivotnost [&hellip;]","og_url":"https:\/\/www.koupelnapro.com\/index.php\/produkt\/znackovy-solight-led-wm-50w-l-reflektor-50w-4600lm-cw-studena-bila-230v-5000k-ip65-67762\/","og_image":[{"width":1000,"height":525,"url":"https:\/\/www.koupelnapro.com\/wp-content\/uploads\/2026\/SK0005296-CZ20260425-091623-0-1777079785-solight-led-wm-50w-l-reflektor-50w-4600lm-cw-studena-bila-2.webp","type":"image\/webp"}],"twitter_card":"summary_large_image","twitter_misc":{"Odhadovan\u00e1 doba \u010dten\u00ed":"1 minuta"},"schema":{"@context":"https:\/\/schema.org","@graph":[{"@type":"WebPage","@id":"https:\/\/www.koupelnapro.com\/index.php\/produkt\/znackovy-solight-led-wm-50w-l-reflektor-50w-4600lm-cw-studena-bila-230v-5000k-ip65-67762\/","url":"https:\/\/www.koupelnapro.com\/index.php\/produkt\/znackovy-solight-led-wm-50w-l-reflektor-50w-4600lm-cw-studena-bila-230v-5000k-ip65-67762\/","name":"Zna\u010dkov\u00fd SOLIGHT LED WM-50W-L reflektor 50W 4600lm CW studen\u00e1 b\u00edl\u00e1 230V 5000k IP65 -","isPartOf":{"@id":"https:\/\/www.koupelnapro.com\/#website"},"primaryImageOfPage":{"@id":"https:\/\/www.koupelnapro.com\/index.php\/produkt\/znackovy-solight-led-wm-50w-l-reflektor-50w-4600lm-cw-studena-bila-230v-5000k-ip65-67762\/#primaryimage"},"image":{"@id":"https:\/\/www.koupelnapro.com\/index.php\/produkt\/znackovy-solight-led-wm-50w-l-reflektor-50w-4600lm-cw-studena-bila-230v-5000k-ip65-67762\/#primaryimage"},"thumbnailUrl":"https:\/\/www.koupelnapro.com\/wp-content\/uploads\/2026\/SK0005296-CZ20260425-091623-0-1777079785-solight-led-wm-50w-l-reflektor-50w-4600lm-cw-studena-bila-2.webp","datePublished":"2026-04-26T09:18:10+00:00","breadcrumb":{"@id":"https:\/\/www.koupelnapro.com\/index.php\/produkt\/znackovy-solight-led-wm-50w-l-reflektor-50w-4600lm-cw-studena-bila-230v-5000k-ip65-67762\/#breadcrumb"},"inLanguage":"cs","potentialAction":[{"@type":"ReadAction","target":["https:\/\/www.koupelnapro.com\/index.php\/produkt\/znackovy-solight-led-wm-50w-l-reflektor-50w-4600lm-cw-studena-bila-230v-5000k-ip65-67762\/"]}]},{"@type":"ImageObject","inLanguage":"cs","@id":"https:\/\/www.koupelnapro.com\/index.php\/produkt\/znackovy-solight-led-wm-50w-l-reflektor-50w-4600lm-cw-studena-bila-230v-5000k-ip65-67762\/#primaryimage","url":"https:\/\/www.koupelnapro.com\/wp-content\/uploads\/2026\/SK0005296-CZ20260425-091623-0-1777079785-solight-led-wm-50w-l-reflektor-50w-4600lm-cw-studena-bila-2.webp","contentUrl":"https:\/\/www.koupelnapro.com\/wp-content\/uploads\/2026\/SK0005296-CZ20260425-091623-0-1777079785-solight-led-wm-50w-l-reflektor-50w-4600lm-cw-studena-bila-2.webp","width":1000,"height":525},{"@type":"BreadcrumbList","@id":"https:\/\/www.koupelnapro.com\/index.php\/produkt\/znackovy-solight-led-wm-50w-l-reflektor-50w-4600lm-cw-studena-bila-230v-5000k-ip65-67762\/#breadcrumb","itemListElement":[{"@type":"ListItem","position":1,"name":"Home","item":"https:\/\/www.koupelnapro.com\/"},{"@type":"ListItem","position":2,"name":"Products","item":"https:\/\/www.koupelnapro.com\/index.php\/products\/"},{"@type":"ListItem","position":3,"name":"Zna\u010dkov\u00fd SOLIGHT LED WM-50W-L reflektor 50W 4600lm CW studen\u00e1 b\u00edl\u00e1 230V 5000k IP65"}]},{"@type":"WebSite","@id":"https:\/\/www.koupelnapro.com\/#website","url":"https:\/\/www.koupelnapro.com\/","name":"","description":"","potentialAction":[{"@type":"SearchAction","target":{"@type":"EntryPoint","urlTemplate":"https:\/\/www.koupelnapro.com\/?s={search_term_string}"},"query-input":{"@type":"PropertyValueSpecification","valueRequired":true,"valueName":"search_term_string"}}],"inLanguage":"cs"}]}},"_links":{"self":[{"href":"https:\/\/www.koupelnapro.com\/index.php\/wp-json\/wp\/v2\/product\/67762","targetHints":{"allow":["GET"]}}],"collection":[{"href":"https:\/\/www.koupelnapro.com\/index.php\/wp-json\/wp\/v2\/product"}],"about":[{"href":"https:\/\/www.koupelnapro.com\/index.php\/wp-json\/wp\/v2\/types\/product"}],"replies":[{"embeddable":true,"href":"https:\/\/www.koupelnapro.com\/index.php\/wp-json\/wp\/v2\/comments?post=67762"}],"wp:featuredmedia":[{"embeddable":true,"href":"https:\/\/www.koupelnapro.com\/index.php\/wp-json\/wp\/v2\/media\/67862"}],"wp:attachment":[{"href":"https:\/\/www.koupelnapro.com\/index.php\/wp-json\/wp\/v2\/media?parent=67762"}],"wp:term":[{"taxonomy":"product_brand","embeddable":true,"href":"https:\/\/www.koupelnapro.com\/index.php\/wp-json\/wp\/v2\/product_brand?post=67762"},{"taxonomy":"product_cat","embeddable":true,"href":"https:\/\/www.koupelnapro.com\/index.php\/wp-json\/wp\/v2\/product_cat?post=67762"},{"taxonomy":"product_tag","embeddable":true,"href":"https:\/\/www.koupelnapro.com\/index.php\/wp-json\/wp\/v2\/product_tag?post=67762"}],"curies":[{"name":"wp","href":"https:\/\/api.w.org\/{rel}","templated":true}]}}