{"id":67738,"date":"2026-04-26T09:18:10","date_gmt":"2026-04-26T09:18:10","guid":{"rendered":""},"modified":"2026-04-26T09:18:10","modified_gmt":"2026-04-26T09:18:10","slug":"znackovy-solight-led-zarovka-10w-1100lm-270deg-e27-230v-wz505-ww-tepla-bila-nahrada-za-60w-67738","status":"publish","type":"product","link":"https:\/\/www.koupelnapro.com\/index.php\/produkt\/znackovy-solight-led-zarovka-10w-1100lm-270deg-e27-230v-wz505-ww-tepla-bila-nahrada-za-60w-67738\/","title":{"rendered":"Zna\u010dkov\u00fd SOLIGHT LED \u017e\u00e1rovka 10W 1100lm 270\u00b0 E27 230V \/WZ505\/ WW &#8211; tepl\u00e1 b\u00edl\u00e1, n\u00e1hrada za 60W"},"content":{"rendered":"<div id=\"e9440170\" class=\"pages\">\n<div id=\"PDDescription\" class=\"UserContentView userContent v1a v1 bs-view dcon dc150 PDDescription\" >\n<h2><span style=\"color: #008080;\">SOLIGHT LED \u017e\u00e1rovka 10W 1100lm 270\u00b0 E27 230V \/WZ505\/ WW &#8211; tepl\u00e1 b\u00edl\u00e1, n\u00e1hrada za 60W<\/span><\/h2>\n<p>LED \u017e\u00e1rovky spolehliv\u011b nahradili spo\u0159iv\u00e9 z\u00e1\u0159ivky, nejen pro svou \u00fasporu, ale tak\u00e9 pro sv\u016fj okam\u017eit\u00fd svit bez zah\u0159\u00edv\u00e1n\u00ed. Firma\u00a0SOLIGHT d\u00e1v\u00e1 na tyto \u017e\u00e1rovky 3 roky z\u00e1ruku a to u\u017e je zn\u00e1mka opravdov\u00e9 kvality a servisu. S LED \u017e\u00e1rovkou dos\u00e1hnete a\u017e 90% \u00faspory proti klasick\u00fdm \u010di halogenov\u00fdm \u017e\u00e1rovk\u00e1m. A to je pak p\u0159i fin\u00e1ln\u00edm vy\u00fa\u010dtov\u00e1n\u00ed elekt\u0159iny velk\u00e9 a nezanedbateln\u00e9 procento \u00faspory.<\/p>\n<\/p>\n<ul>\n<li>LED \u017e\u00e1rovka s klasick\u00fdm tvarem<\/li>\n<li>spot\u0159eba: 10W<\/li>\n<li>sv\u011bteln\u00fd tok: 1100lm (odpov\u00edd\u00e1 tradi\u010dn\u00ed 60W \u017e\u00e1rovce)<\/li>\n<li>teplota chromati\u010dnosti: 3000K (tepl\u00e1 b\u00edl\u00e1)<\/li>\n<li>\u017eivotnost: 25.000 hodin<\/li>\n<li>po\u010det sp\u00ednac\u00edch cykl\u016f: 20.000x<\/li>\n<li>\u00fahel sv\u00edcen\u00ed: 270\u00b0<\/li>\n<li>zah\u0159\u00edvac\u00ed doba: &lt;0,1 s<\/li>\n<li>index pod\u00e1n\u00ed barev Ra: &gt;80<\/li>\n<li>materi\u00e1l: hlin\u00edk + PC<\/li>\n<li>nap\u011bt\u00ed: 175 &#8211; 265V, 50 &#8211; 60Hz<\/li>\n<li>energetick\u00e1 t\u0159\u00edda: A+<\/li>\n<li>d\u00e9lka: 111mm<\/li>\n<li>pr\u016fm\u011br: 60mm<\/li>\n<li>patice: E27<\/li>\n<\/ul>\n<p>Rozm\u011bry: 60mm x 112mm (pr\u016fm\u011br x v\u00fd\u0161ka)<\/p>\n<p>Typ \u010dipu SMD 2835:<br \/>&#8211; v sou\u010dasn\u00e9 dob\u011b se jedn\u00e1 o \u0161pi\u010dku mezi SMD \u010dipy<br style=\"font: 14px\/normal 'Open Sans', arial, sans-serif; color: #363636; text-transform: none; text-indent: 0px; letter-spacing: normal; word-spacing: 0px; white-space: normal; widows: 1; background-color: #ffffff; -webkit-text-stroke-width: 0px;\"><br style=\"font: 14px\/normal 'Open Sans', arial, sans-serif; color: #363636; text-transform: none; text-indent: 0px; letter-spacing: normal; word-spacing: 0px; white-space: normal; widows: 1; background-color: #ffffff; -webkit-text-stroke-width: 0px;\"><\/p>\n<p><span style=\"font: 14px\/normal 'Open Sans', arial, sans-serif; color: #363636; text-transform: none; text-indent: 0px; letter-spacing: normal; word-spacing: 0px; float: none; display: inline !important; white-space: normal; widows: 1; background-color: #ffffff; -webkit-text-stroke-width: 0px;\"><\/span><\/p>\n<p>Podlo\u017eka vyroben\u00e1 z hlin\u00edku ve spodn\u00ed \u010d\u00e1sti \u010dipu p\u0159in\u00e1\u0161\u00ed efektivn\u011bj\u0161\u00ed chlazen\u00ed i p\u0159i pou\u017eit\u00ed vy\u0161\u0161\u00edch proud\u016f. Toto p\u0159in\u00e1\u0161\u00ed spoustu v\u00fdhod oproti ji\u017e zastaral\u00fdm SMD \u010dip\u016fm.<\/p>\n<p>&#8211; efektivn\u011bj\u0161\u00ed chlazen\u00ed \u010dipu a t\u00edm zlep\u0161en\u00e1 jeho tepeln\u00e1 odolnost<\/p>\n<p>&#8211; v\u00fdrazn\u011b ten\u010d\u00ed \u010dip s vy\u0161\u0161\u00ed efektivnosti sv\u00edcen\u00ed<\/p>\n<p>&#8211; v\u00fdrazn\u011b vy\u0161\u0161\u00ed \u017eivotnost \u010dipu<\/p>\n<div id=\"PDTable3\" class=\"ProductDetailTableView v3a v3 bs-view dcon dc175 PDTable3\" >\n<table>\n<thead><\/thead>\n<tbody>\n<tr class=\"attribute attr_bsshop_maker\">\n<td class=\"caption\">V\u00fdrobce<\/td>\n<td class=\"value\">Solight Holding, s.r.o.<\/td>\n<\/tr>\n<tr class=\"attribute attr_Patice\">\n<td class=\"caption\">Patice<\/td>\n<td class=\"value\">E27<\/td>\n<\/tr>\n<tr class=\"attribute attr_Typ\">\n<td class=\"caption\">Typ<\/td>\n<td class=\"value\">LED<\/td>\n<\/tr>\n<tr class=\"attribute attr_Druh\">\n<td class=\"caption\">Druh<\/td>\n<td class=\"value\">\u017d\u00e1rovka<\/td>\n<\/tr>\n<\/tbody>\n<\/table><\/div>\n<\/div>\n<div id=\"ProductMedia\" class=\"ProductMediaView MediaViewBase v1a v1 bs-view dcon dc398 ProductMedia\" ><bs-empty><\/bs-empty><\/p>\n<div class=\"files\">\n<div class=\"title sub\">Soubory<\/div>\n<p>wz505-2_produktov&#253; list.pdf<\/p><\/div>\n<p><bs-empty><\/bs-empty><\/div>\n<\/div>\n<div id=\"e9440171\" class=\"tabs\">\n","protected":false},"excerpt":{"rendered":"<p>SOLIGHT LED \u017e\u00e1rovka 10W 1100lm 270\u00b0 E27 230V \/WZ505\/ WW &#8211; tepl\u00e1 b\u00edl\u00e1, n\u00e1hrada za 60W LED \u017e\u00e1rovky spolehliv\u011b nahradili spo\u0159iv\u00e9 z\u00e1\u0159ivky, nejen pro svou \u00fasporu, ale tak\u00e9 pro sv\u016fj okam\u017eit\u00fd svit bez zah\u0159\u00edv\u00e1n\u00ed. Firma\u00a0SOLIGHT d\u00e1v\u00e1 na tyto \u017e\u00e1rovky 3 roky z\u00e1ruku a to u\u017e je zn\u00e1mka opravdov\u00e9 kvality a servisu. S LED \u017e\u00e1rovkou dos\u00e1hnete [&hellip;]<\/p>\n","protected":false},"featured_media":67838,"comment_status":"open","ping_status":"open","template":"","meta":[],"product_brand":[],"product_cat":[37],"product_tag":[],"class_list":{"0":"post-67738","1":"product","2":"type-product","3":"status-publish","4":"has-post-thumbnail","6":"product_cat-sv-237-tidla-a-led","8":"first","9":"instock","10":"sale","11":"shipping-taxable","12":"purchasable","13":"product-type-simple"},"yoast_head":"<!-- This site is optimized with the Yoast SEO plugin v26.8 - https:\/\/yoast.com\/product\/yoast-seo-wordpress\/ -->\n<title>Zna\u010dkov\u00fd SOLIGHT LED \u017e\u00e1rovka 10W 1100lm 270\u00b0 E27 230V \/WZ505\/ WW - tepl\u00e1 b\u00edl\u00e1, n\u00e1hrada za 60W -<\/title>\n<meta name=\"robots\" content=\"index, follow, max-snippet:-1, max-image-preview:large, max-video-preview:-1\" \/>\n<link rel=\"canonical\" href=\"https:\/\/www.koupelnapro.com\/index.php\/produkt\/znackovy-solight-led-zarovka-10w-1100lm-270deg-e27-230v-wz505-ww-tepla-bila-nahrada-za-60w-67738\/\" \/>\n<meta property=\"og:locale\" content=\"cs_CZ\" \/>\n<meta property=\"og:type\" content=\"article\" \/>\n<meta property=\"og:title\" content=\"Zna\u010dkov\u00fd SOLIGHT LED \u017e\u00e1rovka 10W 1100lm 270\u00b0 E27 230V \/WZ505\/ WW - tepl\u00e1 b\u00edl\u00e1, n\u00e1hrada za 60W -\" \/>\n<meta property=\"og:description\" content=\"SOLIGHT LED \u017e\u00e1rovka 10W 1100lm 270\u00b0 E27 230V \/WZ505\/ WW &#8211; tepl\u00e1 b\u00edl\u00e1, n\u00e1hrada za 60W LED \u017e\u00e1rovky spolehliv\u011b nahradili spo\u0159iv\u00e9 z\u00e1\u0159ivky, nejen pro svou \u00fasporu, ale tak\u00e9 pro sv\u016fj okam\u017eit\u00fd svit bez zah\u0159\u00edv\u00e1n\u00ed. Firma\u00a0SOLIGHT d\u00e1v\u00e1 na tyto \u017e\u00e1rovky 3 roky z\u00e1ruku a to u\u017e je zn\u00e1mka opravdov\u00e9 kvality a servisu. S LED \u017e\u00e1rovkou dos\u00e1hnete [&hellip;]\" \/>\n<meta property=\"og:url\" content=\"https:\/\/www.koupelnapro.com\/index.php\/produkt\/znackovy-solight-led-zarovka-10w-1100lm-270deg-e27-230v-wz505-ww-tepla-bila-nahrada-za-60w-67738\/\" \/>\n<meta property=\"og:image\" content=\"https:\/\/www.koupelnapro.com\/wp-content\/uploads\/2026\/SK0005272-CZ20260425-091623-0-1777079785-solight-led-zarovka-10w-1100lm-270-e27-230v-wz505-ww-tepla-.webp\" \/>\n\t<meta property=\"og:image:width\" content=\"1000\" \/>\n\t<meta property=\"og:image:height\" content=\"525\" \/>\n\t<meta property=\"og:image:type\" content=\"image\/webp\" \/>\n<meta name=\"twitter:card\" content=\"summary_large_image\" \/>\n<meta name=\"twitter:label1\" content=\"Odhadovan\u00e1 doba \u010dten\u00ed\" \/>\n\t<meta name=\"twitter:data1\" content=\"1 minuta\" \/>\n<script type=\"application\/ld+json\" class=\"yoast-schema-graph\">{\"@context\":\"https:\/\/schema.org\",\"@graph\":[{\"@type\":\"WebPage\",\"@id\":\"https:\/\/www.koupelnapro.com\/index.php\/produkt\/znackovy-solight-led-zarovka-10w-1100lm-270deg-e27-230v-wz505-ww-tepla-bila-nahrada-za-60w-67738\/\",\"url\":\"https:\/\/www.koupelnapro.com\/index.php\/produkt\/znackovy-solight-led-zarovka-10w-1100lm-270deg-e27-230v-wz505-ww-tepla-bila-nahrada-za-60w-67738\/\",\"name\":\"Zna\u010dkov\u00fd SOLIGHT LED \u017e\u00e1rovka 10W 1100lm 270\u00b0 E27 230V \/WZ505\/ WW - tepl\u00e1 b\u00edl\u00e1, n\u00e1hrada za 60W -\",\"isPartOf\":{\"@id\":\"https:\/\/www.koupelnapro.com\/#website\"},\"primaryImageOfPage\":{\"@id\":\"https:\/\/www.koupelnapro.com\/index.php\/produkt\/znackovy-solight-led-zarovka-10w-1100lm-270deg-e27-230v-wz505-ww-tepla-bila-nahrada-za-60w-67738\/#primaryimage\"},\"image\":{\"@id\":\"https:\/\/www.koupelnapro.com\/index.php\/produkt\/znackovy-solight-led-zarovka-10w-1100lm-270deg-e27-230v-wz505-ww-tepla-bila-nahrada-za-60w-67738\/#primaryimage\"},\"thumbnailUrl\":\"https:\/\/www.koupelnapro.com\/wp-content\/uploads\/2026\/SK0005272-CZ20260425-091623-0-1777079785-solight-led-zarovka-10w-1100lm-270-e27-230v-wz505-ww-tepla-.webp\",\"datePublished\":\"2026-04-26T09:18:10+00:00\",\"breadcrumb\":{\"@id\":\"https:\/\/www.koupelnapro.com\/index.php\/produkt\/znackovy-solight-led-zarovka-10w-1100lm-270deg-e27-230v-wz505-ww-tepla-bila-nahrada-za-60w-67738\/#breadcrumb\"},\"inLanguage\":\"cs\",\"potentialAction\":[{\"@type\":\"ReadAction\",\"target\":[\"https:\/\/www.koupelnapro.com\/index.php\/produkt\/znackovy-solight-led-zarovka-10w-1100lm-270deg-e27-230v-wz505-ww-tepla-bila-nahrada-za-60w-67738\/\"]}]},{\"@type\":\"ImageObject\",\"inLanguage\":\"cs\",\"@id\":\"https:\/\/www.koupelnapro.com\/index.php\/produkt\/znackovy-solight-led-zarovka-10w-1100lm-270deg-e27-230v-wz505-ww-tepla-bila-nahrada-za-60w-67738\/#primaryimage\",\"url\":\"https:\/\/www.koupelnapro.com\/wp-content\/uploads\/2026\/SK0005272-CZ20260425-091623-0-1777079785-solight-led-zarovka-10w-1100lm-270-e27-230v-wz505-ww-tepla-.webp\",\"contentUrl\":\"https:\/\/www.koupelnapro.com\/wp-content\/uploads\/2026\/SK0005272-CZ20260425-091623-0-1777079785-solight-led-zarovka-10w-1100lm-270-e27-230v-wz505-ww-tepla-.webp\",\"width\":1000,\"height\":525},{\"@type\":\"BreadcrumbList\",\"@id\":\"https:\/\/www.koupelnapro.com\/index.php\/produkt\/znackovy-solight-led-zarovka-10w-1100lm-270deg-e27-230v-wz505-ww-tepla-bila-nahrada-za-60w-67738\/#breadcrumb\",\"itemListElement\":[{\"@type\":\"ListItem\",\"position\":1,\"name\":\"Home\",\"item\":\"https:\/\/www.koupelnapro.com\/\"},{\"@type\":\"ListItem\",\"position\":2,\"name\":\"Products\",\"item\":\"https:\/\/www.koupelnapro.com\/index.php\/products\/\"},{\"@type\":\"ListItem\",\"position\":3,\"name\":\"Zna\u010dkov\u00fd SOLIGHT LED \u017e\u00e1rovka 10W 1100lm 270\u00b0 E27 230V \/WZ505\/ WW &#8211; tepl\u00e1 b\u00edl\u00e1, n\u00e1hrada za 60W\"}]},{\"@type\":\"WebSite\",\"@id\":\"https:\/\/www.koupelnapro.com\/#website\",\"url\":\"https:\/\/www.koupelnapro.com\/\",\"name\":\"\",\"description\":\"\",\"potentialAction\":[{\"@type\":\"SearchAction\",\"target\":{\"@type\":\"EntryPoint\",\"urlTemplate\":\"https:\/\/www.koupelnapro.com\/?s={search_term_string}\"},\"query-input\":{\"@type\":\"PropertyValueSpecification\",\"valueRequired\":true,\"valueName\":\"search_term_string\"}}],\"inLanguage\":\"cs\"}]}<\/script>\n<!-- \/ Yoast SEO plugin. -->","yoast_head_json":{"title":"Zna\u010dkov\u00fd SOLIGHT LED \u017e\u00e1rovka 10W 1100lm 270\u00b0 E27 230V \/WZ505\/ WW - tepl\u00e1 b\u00edl\u00e1, n\u00e1hrada za 60W -","robots":{"index":"index","follow":"follow","max-snippet":"max-snippet:-1","max-image-preview":"max-image-preview:large","max-video-preview":"max-video-preview:-1"},"canonical":"https:\/\/www.koupelnapro.com\/index.php\/produkt\/znackovy-solight-led-zarovka-10w-1100lm-270deg-e27-230v-wz505-ww-tepla-bila-nahrada-za-60w-67738\/","og_locale":"cs_CZ","og_type":"article","og_title":"Zna\u010dkov\u00fd SOLIGHT LED \u017e\u00e1rovka 10W 1100lm 270\u00b0 E27 230V \/WZ505\/ WW - tepl\u00e1 b\u00edl\u00e1, n\u00e1hrada za 60W -","og_description":"SOLIGHT LED \u017e\u00e1rovka 10W 1100lm 270\u00b0 E27 230V \/WZ505\/ WW &#8211; tepl\u00e1 b\u00edl\u00e1, n\u00e1hrada za 60W LED \u017e\u00e1rovky spolehliv\u011b nahradili spo\u0159iv\u00e9 z\u00e1\u0159ivky, nejen pro svou \u00fasporu, ale tak\u00e9 pro sv\u016fj okam\u017eit\u00fd svit bez zah\u0159\u00edv\u00e1n\u00ed. Firma\u00a0SOLIGHT d\u00e1v\u00e1 na tyto \u017e\u00e1rovky 3 roky z\u00e1ruku a to u\u017e je zn\u00e1mka opravdov\u00e9 kvality a servisu. S LED \u017e\u00e1rovkou dos\u00e1hnete [&hellip;]","og_url":"https:\/\/www.koupelnapro.com\/index.php\/produkt\/znackovy-solight-led-zarovka-10w-1100lm-270deg-e27-230v-wz505-ww-tepla-bila-nahrada-za-60w-67738\/","og_image":[{"width":1000,"height":525,"url":"https:\/\/www.koupelnapro.com\/wp-content\/uploads\/2026\/SK0005272-CZ20260425-091623-0-1777079785-solight-led-zarovka-10w-1100lm-270-e27-230v-wz505-ww-tepla-.webp","type":"image\/webp"}],"twitter_card":"summary_large_image","twitter_misc":{"Odhadovan\u00e1 doba \u010dten\u00ed":"1 minuta"},"schema":{"@context":"https:\/\/schema.org","@graph":[{"@type":"WebPage","@id":"https:\/\/www.koupelnapro.com\/index.php\/produkt\/znackovy-solight-led-zarovka-10w-1100lm-270deg-e27-230v-wz505-ww-tepla-bila-nahrada-za-60w-67738\/","url":"https:\/\/www.koupelnapro.com\/index.php\/produkt\/znackovy-solight-led-zarovka-10w-1100lm-270deg-e27-230v-wz505-ww-tepla-bila-nahrada-za-60w-67738\/","name":"Zna\u010dkov\u00fd SOLIGHT LED \u017e\u00e1rovka 10W 1100lm 270\u00b0 E27 230V \/WZ505\/ WW - tepl\u00e1 b\u00edl\u00e1, n\u00e1hrada za 60W -","isPartOf":{"@id":"https:\/\/www.koupelnapro.com\/#website"},"primaryImageOfPage":{"@id":"https:\/\/www.koupelnapro.com\/index.php\/produkt\/znackovy-solight-led-zarovka-10w-1100lm-270deg-e27-230v-wz505-ww-tepla-bila-nahrada-za-60w-67738\/#primaryimage"},"image":{"@id":"https:\/\/www.koupelnapro.com\/index.php\/produkt\/znackovy-solight-led-zarovka-10w-1100lm-270deg-e27-230v-wz505-ww-tepla-bila-nahrada-za-60w-67738\/#primaryimage"},"thumbnailUrl":"https:\/\/www.koupelnapro.com\/wp-content\/uploads\/2026\/SK0005272-CZ20260425-091623-0-1777079785-solight-led-zarovka-10w-1100lm-270-e27-230v-wz505-ww-tepla-.webp","datePublished":"2026-04-26T09:18:10+00:00","breadcrumb":{"@id":"https:\/\/www.koupelnapro.com\/index.php\/produkt\/znackovy-solight-led-zarovka-10w-1100lm-270deg-e27-230v-wz505-ww-tepla-bila-nahrada-za-60w-67738\/#breadcrumb"},"inLanguage":"cs","potentialAction":[{"@type":"ReadAction","target":["https:\/\/www.koupelnapro.com\/index.php\/produkt\/znackovy-solight-led-zarovka-10w-1100lm-270deg-e27-230v-wz505-ww-tepla-bila-nahrada-za-60w-67738\/"]}]},{"@type":"ImageObject","inLanguage":"cs","@id":"https:\/\/www.koupelnapro.com\/index.php\/produkt\/znackovy-solight-led-zarovka-10w-1100lm-270deg-e27-230v-wz505-ww-tepla-bila-nahrada-za-60w-67738\/#primaryimage","url":"https:\/\/www.koupelnapro.com\/wp-content\/uploads\/2026\/SK0005272-CZ20260425-091623-0-1777079785-solight-led-zarovka-10w-1100lm-270-e27-230v-wz505-ww-tepla-.webp","contentUrl":"https:\/\/www.koupelnapro.com\/wp-content\/uploads\/2026\/SK0005272-CZ20260425-091623-0-1777079785-solight-led-zarovka-10w-1100lm-270-e27-230v-wz505-ww-tepla-.webp","width":1000,"height":525},{"@type":"BreadcrumbList","@id":"https:\/\/www.koupelnapro.com\/index.php\/produkt\/znackovy-solight-led-zarovka-10w-1100lm-270deg-e27-230v-wz505-ww-tepla-bila-nahrada-za-60w-67738\/#breadcrumb","itemListElement":[{"@type":"ListItem","position":1,"name":"Home","item":"https:\/\/www.koupelnapro.com\/"},{"@type":"ListItem","position":2,"name":"Products","item":"https:\/\/www.koupelnapro.com\/index.php\/products\/"},{"@type":"ListItem","position":3,"name":"Zna\u010dkov\u00fd SOLIGHT LED \u017e\u00e1rovka 10W 1100lm 270\u00b0 E27 230V \/WZ505\/ WW &#8211; tepl\u00e1 b\u00edl\u00e1, n\u00e1hrada za 60W"}]},{"@type":"WebSite","@id":"https:\/\/www.koupelnapro.com\/#website","url":"https:\/\/www.koupelnapro.com\/","name":"","description":"","potentialAction":[{"@type":"SearchAction","target":{"@type":"EntryPoint","urlTemplate":"https:\/\/www.koupelnapro.com\/?s={search_term_string}"},"query-input":{"@type":"PropertyValueSpecification","valueRequired":true,"valueName":"search_term_string"}}],"inLanguage":"cs"}]}},"_links":{"self":[{"href":"https:\/\/www.koupelnapro.com\/index.php\/wp-json\/wp\/v2\/product\/67738","targetHints":{"allow":["GET"]}}],"collection":[{"href":"https:\/\/www.koupelnapro.com\/index.php\/wp-json\/wp\/v2\/product"}],"about":[{"href":"https:\/\/www.koupelnapro.com\/index.php\/wp-json\/wp\/v2\/types\/product"}],"replies":[{"embeddable":true,"href":"https:\/\/www.koupelnapro.com\/index.php\/wp-json\/wp\/v2\/comments?post=67738"}],"wp:featuredmedia":[{"embeddable":true,"href":"https:\/\/www.koupelnapro.com\/index.php\/wp-json\/wp\/v2\/media\/67838"}],"wp:attachment":[{"href":"https:\/\/www.koupelnapro.com\/index.php\/wp-json\/wp\/v2\/media?parent=67738"}],"wp:term":[{"taxonomy":"product_brand","embeddable":true,"href":"https:\/\/www.koupelnapro.com\/index.php\/wp-json\/wp\/v2\/product_brand?post=67738"},{"taxonomy":"product_cat","embeddable":true,"href":"https:\/\/www.koupelnapro.com\/index.php\/wp-json\/wp\/v2\/product_cat?post=67738"},{"taxonomy":"product_tag","embeddable":true,"href":"https:\/\/www.koupelnapro.com\/index.php\/wp-json\/wp\/v2\/product_tag?post=67738"}],"curies":[{"name":"wp","href":"https:\/\/api.w.org\/{rel}","templated":true}]}}