{"id":67529,"date":"2026-04-26T09:18:09","date_gmt":"2026-04-26T09:18:09","guid":{"rendered":""},"modified":"2026-04-26T09:18:09","modified_gmt":"2026-04-26T09:18:09","slug":"znackovy-werit-rozbocovaci-svorkovnice-na-din-listu-114-12510700-00-4x-az-25-mm2-400v-modra-67529","status":"publish","type":"product","link":"https:\/\/www.koupelnapro.com\/index.php\/produkt\/znackovy-werit-rozbocovaci-svorkovnice-na-din-listu-114-12510700-00-4x-az-25-mm2-400v-modra-67529\/","title":{"rendered":"Zna\u010dkov\u00fd Werit rozbo\u010dovac\u00ed svorkovnice na DIN li\u0161tu 114-12510700-00 4x a\u017e 25 mm2 400V Modr\u00e1"},"content":{"rendered":"<div id=\"e9428343\" class=\"pages\">\n<div id=\"PDDescription\" class=\"UserContentView userContent v1a v1 bs-view dcon dc150 PDDescription\" >\n<h2><span style=\"color: #008080;\">Werit rozbo\u010dovac\u00ed svorkovnice na DIN li\u0161tu 114-12510700-00 4x a\u017e 25 mm2 400V Modr\u00e1<\/span><\/h2>\n<p>Svorkovnicov\u00fd blok je ur\u010den pro rozbo\u010den\u00ed kabel\u016f, vodi\u010d\u016f, dr\u00e1t\u016f a to nejen nulov\u00fdch, ale tak\u00e9 f\u00e1zov\u00fdch. Je ur\u010den pro mont\u00e1\u017e do rozvad\u011b\u010de na DIN li\u0161tu nebo jen do rozbo\u010dova\u010d\u00edch krabi\u010dek. Blok lze upevnit jak nacvaknut\u00edm na li\u0161tu nebo za pomoci dvou \u0161roub\u016f k\u00a0mont\u00e1\u017en\u00ed desce. Do propojovac\u00edho bloku p\u0159ipoj\u00edte nar\u00e1z v\u00edce pr\u016f\u0159ez\u016f vodi\u010d\u016f. V\u011bt\u0161inou jsou na spodn\u00ed \u010d\u00e1sti ty v\u011bt\u0161\u00ed pr\u016f\u0159ezy a na vrchn\u00ed pak men\u0161\u00ed a v\u0161echny jsou uvnit\u0159 bloku propojeny.<\/p>\n<p><span style=\"text-align: left; color: #333333; text-transform: none; text-indent: 0px; letter-spacing: normal; font-family: Arial, Helvetica, sans-serif; font-size: 14px; font-style: normal; font-weight: 400; word-spacing: 0px; float: none; display: inline !important; white-space: normal; orphans: 2; widows: 2; background-color: #ffffff; font-variant-ligatures: normal; font-variant-caps: normal; -webkit-text-stroke-width: 0px; text-decoration-style: initial; text-decoration-color: initial;\">&#8211; jmenovit\u00fd pr\u016f\u0159ez 25 mm2, 400V<\/span><br style=\"text-align: left; color: #333333; text-transform: none; text-indent: 0px; letter-spacing: normal; font-family: Arial, Helvetica, sans-serif; font-size: 14px; font-style: normal; font-weight: 400; word-spacing: 0px; white-space: normal; orphans: 2; widows: 2; background-color: #ffffff; font-variant-ligatures: normal; font-variant-caps: normal; -webkit-text-stroke-width: 0px; text-decoration-style: initial; text-decoration-color: initial;\"><span style=\"text-align: left; color: #333333; text-transform: none; text-indent: 0px; letter-spacing: normal; font-family: Arial, Helvetica, sans-serif; font-size: 14px; font-style: normal; font-weight: 400; word-spacing: 0px; float: none; display: inline !important; white-space: normal; orphans: 2; widows: 2; background-color: #ffffff; font-variant-ligatures: normal; font-variant-caps: normal; -webkit-text-stroke-width: 0px; text-decoration-style: initial; text-decoration-color: initial;\">&#8211; univerz\u00e1ln\u00ed rychloup\u00edn\u00e1n\u00ed vodorovn\u011b i svisle na mont\u00e1\u017en\u00ed li\u0161tu 35 mm (DIN) dle EN 50022 (velikost 114-12510\u2026. jen horizont\u00e1ln\u00ed upevn\u011bn\u00ed)<\/span><br style=\"text-align: left; color: #333333; text-transform: none; text-indent: 0px; letter-spacing: normal; font-family: Arial, Helvetica, sans-serif; font-size: 14px; font-style: normal; font-weight: 400; word-spacing: 0px; white-space: normal; orphans: 2; widows: 2; background-color: #ffffff; font-variant-ligatures: normal; font-variant-caps: normal; -webkit-text-stroke-width: 0px; text-decoration-style: initial; text-decoration-color: initial;\"><span style=\"text-align: left; color: #333333; text-transform: none; text-indent: 0px; letter-spacing: normal; font-family: Arial, Helvetica, sans-serif; font-size: 14px; font-style: normal; font-weight: 400; word-spacing: 0px; float: none; display: inline !important; white-space: normal; orphans: 2; widows: 2; background-color: #ffffff; font-variant-ligatures: normal; font-variant-caps: normal; -webkit-text-stroke-width: 0px; text-decoration-style: initial; text-decoration-color: initial;\">&#8211; izola\u010dn\u00ed t\u011bleso z polyamidu s vysokou odolnost\u00ed proti plaziv\u00fdm proud\u016fm<\/span><br style=\"text-align: left; color: #333333; text-transform: none; text-indent: 0px; letter-spacing: normal; font-family: Arial, Helvetica, sans-serif; font-size: 14px; font-style: normal; font-weight: 400; word-spacing: 0px; white-space: normal; orphans: 2; widows: 2; background-color: #ffffff; font-variant-ligatures: normal; font-variant-caps: normal; -webkit-text-stroke-width: 0px; text-decoration-style: initial; text-decoration-color: initial;\"><span style=\"text-align: left; color: #333333; text-transform: none; text-indent: 0px; letter-spacing: normal; font-family: Arial, Helvetica, sans-serif; font-size: 14px; font-style: normal; font-weight: 400; word-spacing: 0px; float: none; display: inline !important; white-space: normal; orphans: 2; widows: 2; background-color: #ffffff; font-variant-ligatures: normal; font-variant-caps: normal; -webkit-text-stroke-width: 0px; text-decoration-style: initial; text-decoration-color: initial;\">&#8211; kontakty z MS 58, upev\u0148ovac\u00ed \u0161rouby z oceli, galvanicky zinkovan\u00e9 s hlavou \u201ePozidrive \u2013 kombinovan\u00e1 dr\u00e1\u017eka\u201c<\/span><br style=\"text-align: left; color: #333333; text-transform: none; text-indent: 0px; letter-spacing: normal; font-family: Arial, Helvetica, sans-serif; font-size: 14px; font-style: normal; font-weight: 400; word-spacing: 0px; white-space: normal; orphans: 2; widows: 2; background-color: #ffffff; font-variant-ligatures: normal; font-variant-caps: normal; -webkit-text-stroke-width: 0px; text-decoration-style: initial; text-decoration-color: initial;\"><br style=\"text-align: left; color: #333333; text-transform: none; text-indent: 0px; letter-spacing: normal; font-family: Arial, Helvetica, sans-serif; font-size: 14px; font-style: normal; font-weight: 400; word-spacing: 0px; white-space: normal; orphans: 2; widows: 2; background-color: #ffffff; font-variant-ligatures: normal; font-variant-caps: normal; -webkit-text-stroke-width: 0px; text-decoration-style: initial; text-decoration-color: initial;\"><span style=\"text-align: left; color: #333333; text-transform: none; text-indent: 0px; letter-spacing: normal; font-family: Arial, Helvetica, sans-serif; font-size: 14px; font-style: normal; font-weight: 400; word-spacing: 0px; float: none; display: inline !important; white-space: normal; orphans: 2; widows: 2; background-color: #ffffff; font-variant-ligatures: normal; font-variant-caps: normal; -webkit-text-stroke-width: 0px; text-decoration-style: initial; text-decoration-color: initial;\">Proveden\u00ed svorky: 4 x 1,5 &#8211; 25 mm2<\/span><br style=\"text-align: left; color: #333333; text-transform: none; text-indent: 0px; letter-spacing: normal; font-family: Arial, Helvetica, sans-serif; font-size: 14px; font-style: normal; font-weight: 400; word-spacing: 0px; white-space: normal; orphans: 2; widows: 2; background-color: #ffffff; font-variant-ligatures: normal; font-variant-caps: normal; -webkit-text-stroke-width: 0px; text-decoration-style: initial; text-decoration-color: initial;\"><span style=\"text-align: left; color: #333333; text-transform: none; text-indent: 0px; letter-spacing: normal; font-family: Arial, Helvetica, sans-serif; font-size: 14px; font-style: normal; font-weight: 400; word-spacing: 0px; float: none; display: inline !important; white-space: normal; orphans: 2; widows: 2; background-color: #ffffff; font-variant-ligatures: normal; font-variant-caps: normal; -webkit-text-stroke-width: 0px; text-decoration-style: initial; text-decoration-color: initial;\">Po\u010det p\u00f3l\u016f: 1 p\u00f3l<\/span><br style=\"text-align: left; color: #333333; text-transform: none; text-indent: 0px; letter-spacing: normal; font-family: Arial, Helvetica, sans-serif; font-size: 14px; font-style: normal; font-weight: 400; word-spacing: 0px; white-space: normal; orphans: 2; widows: 2; background-color: #ffffff; font-variant-ligatures: normal; font-variant-caps: normal; -webkit-text-stroke-width: 0px; text-decoration-style: initial; text-decoration-color: initial;\"><span style=\"text-align: left; color: #333333; text-transform: none; text-indent: 0px; letter-spacing: normal; font-family: Arial, Helvetica, sans-serif; font-size: 14px; font-style: normal; font-weight: 400; word-spacing: 0px; float: none; display: inline !important; white-space: normal; orphans: 2; widows: 2; background-color: #ffffff; font-variant-ligatures: normal; font-variant-caps: normal; -webkit-text-stroke-width: 0px; text-decoration-style: initial; text-decoration-color: initial;\">Barva: modr\u00e1<\/span><\/p>\n<p>\u00a0<\/p>\n<div id=\"PDTable3\" class=\"ProductDetailTableView v3a v3 bs-view dcon dc175 PDTable3\" >\n<table>\n<thead><\/thead>\n<tbody>\n<tr class=\"attribute attr_bsshop_maker\">\n<td class=\"caption\">V\u00fdrobce<\/td>\n<td class=\"value\">Erocomm<\/td>\n<\/tr>\n<\/tbody>\n<\/table><\/div>\n<\/div>\n<\/div>\n<div id=\"e9428344\" class=\"tabs\">\n","protected":false},"excerpt":{"rendered":"<p>Werit rozbo\u010dovac\u00ed svorkovnice na DIN li\u0161tu 114-12510700-00 4x a\u017e 25 mm2 400V Modr\u00e1 Svorkovnicov\u00fd blok je ur\u010den pro rozbo\u010den\u00ed kabel\u016f, vodi\u010d\u016f, dr\u00e1t\u016f a to nejen nulov\u00fdch, ale tak\u00e9 f\u00e1zov\u00fdch. Je ur\u010den pro mont\u00e1\u017e do rozvad\u011b\u010de na DIN li\u0161tu nebo jen do rozbo\u010dova\u010d\u00edch krabi\u010dek. Blok lze upevnit jak nacvaknut\u00edm na li\u0161tu nebo za pomoci dvou \u0161roub\u016f [&hellip;]<\/p>\n","protected":false},"featured_media":67629,"comment_status":"open","ping_status":"open","template":"","meta":[],"product_brand":[],"product_cat":[38],"product_tag":[],"class_list":{"0":"post-67529","1":"product","2":"type-product","3":"status-publish","4":"has-post-thumbnail","6":"product_cat-elektromateri-225-l","8":"first","9":"instock","10":"sale","11":"shipping-taxable","12":"purchasable","13":"product-type-simple"},"yoast_head":"<!-- This site is optimized with the Yoast SEO plugin v26.8 - https:\/\/yoast.com\/product\/yoast-seo-wordpress\/ -->\n<title>Zna\u010dkov\u00fd Werit rozbo\u010dovac\u00ed svorkovnice na DIN li\u0161tu 114-12510700-00 4x a\u017e 25 mm2 400V Modr\u00e1 -<\/title>\n<meta name=\"robots\" content=\"index, follow, max-snippet:-1, max-image-preview:large, max-video-preview:-1\" \/>\n<link rel=\"canonical\" href=\"https:\/\/www.koupelnapro.com\/index.php\/produkt\/znackovy-werit-rozbocovaci-svorkovnice-na-din-listu-114-12510700-00-4x-az-25-mm2-400v-modra-67529\/\" \/>\n<meta property=\"og:locale\" content=\"cs_CZ\" \/>\n<meta property=\"og:type\" content=\"article\" \/>\n<meta property=\"og:title\" content=\"Zna\u010dkov\u00fd Werit rozbo\u010dovac\u00ed svorkovnice na DIN li\u0161tu 114-12510700-00 4x a\u017e 25 mm2 400V Modr\u00e1 -\" \/>\n<meta property=\"og:description\" content=\"Werit rozbo\u010dovac\u00ed svorkovnice na DIN li\u0161tu 114-12510700-00 4x a\u017e 25 mm2 400V Modr\u00e1 Svorkovnicov\u00fd blok je ur\u010den pro rozbo\u010den\u00ed kabel\u016f, vodi\u010d\u016f, dr\u00e1t\u016f a to nejen nulov\u00fdch, ale tak\u00e9 f\u00e1zov\u00fdch. Je ur\u010den pro mont\u00e1\u017e do rozvad\u011b\u010de na DIN li\u0161tu nebo jen do rozbo\u010dova\u010d\u00edch krabi\u010dek. Blok lze upevnit jak nacvaknut\u00edm na li\u0161tu nebo za pomoci dvou \u0161roub\u016f [&hellip;]\" \/>\n<meta property=\"og:url\" content=\"https:\/\/www.koupelnapro.com\/index.php\/produkt\/znackovy-werit-rozbocovaci-svorkovnice-na-din-listu-114-12510700-00-4x-az-25-mm2-400v-modra-67529\/\" \/>\n<meta property=\"og:image\" content=\"https:\/\/www.koupelnapro.com\/wp-content\/uploads\/2026\/SK0005163-CZ20260425-091623-0-1777079785-werit-rozbocovaci-svorkovnice-na-din-listu-114-12510700-00-.webp\" \/>\n\t<meta property=\"og:image:width\" content=\"1000\" \/>\n\t<meta property=\"og:image:height\" content=\"525\" \/>\n\t<meta property=\"og:image:type\" content=\"image\/webp\" \/>\n<meta name=\"twitter:card\" content=\"summary_large_image\" \/>\n<meta name=\"twitter:label1\" content=\"Odhadovan\u00e1 doba \u010dten\u00ed\" \/>\n\t<meta name=\"twitter:data1\" content=\"1 minuta\" \/>\n<script type=\"application\/ld+json\" class=\"yoast-schema-graph\">{\"@context\":\"https:\/\/schema.org\",\"@graph\":[{\"@type\":\"WebPage\",\"@id\":\"https:\/\/www.koupelnapro.com\/index.php\/produkt\/znackovy-werit-rozbocovaci-svorkovnice-na-din-listu-114-12510700-00-4x-az-25-mm2-400v-modra-67529\/\",\"url\":\"https:\/\/www.koupelnapro.com\/index.php\/produkt\/znackovy-werit-rozbocovaci-svorkovnice-na-din-listu-114-12510700-00-4x-az-25-mm2-400v-modra-67529\/\",\"name\":\"Zna\u010dkov\u00fd Werit rozbo\u010dovac\u00ed svorkovnice na DIN li\u0161tu 114-12510700-00 4x a\u017e 25 mm2 400V Modr\u00e1 -\",\"isPartOf\":{\"@id\":\"https:\/\/www.koupelnapro.com\/#website\"},\"primaryImageOfPage\":{\"@id\":\"https:\/\/www.koupelnapro.com\/index.php\/produkt\/znackovy-werit-rozbocovaci-svorkovnice-na-din-listu-114-12510700-00-4x-az-25-mm2-400v-modra-67529\/#primaryimage\"},\"image\":{\"@id\":\"https:\/\/www.koupelnapro.com\/index.php\/produkt\/znackovy-werit-rozbocovaci-svorkovnice-na-din-listu-114-12510700-00-4x-az-25-mm2-400v-modra-67529\/#primaryimage\"},\"thumbnailUrl\":\"https:\/\/www.koupelnapro.com\/wp-content\/uploads\/2026\/SK0005163-CZ20260425-091623-0-1777079785-werit-rozbocovaci-svorkovnice-na-din-listu-114-12510700-00-.webp\",\"datePublished\":\"2026-04-26T09:18:09+00:00\",\"breadcrumb\":{\"@id\":\"https:\/\/www.koupelnapro.com\/index.php\/produkt\/znackovy-werit-rozbocovaci-svorkovnice-na-din-listu-114-12510700-00-4x-az-25-mm2-400v-modra-67529\/#breadcrumb\"},\"inLanguage\":\"cs\",\"potentialAction\":[{\"@type\":\"ReadAction\",\"target\":[\"https:\/\/www.koupelnapro.com\/index.php\/produkt\/znackovy-werit-rozbocovaci-svorkovnice-na-din-listu-114-12510700-00-4x-az-25-mm2-400v-modra-67529\/\"]}]},{\"@type\":\"ImageObject\",\"inLanguage\":\"cs\",\"@id\":\"https:\/\/www.koupelnapro.com\/index.php\/produkt\/znackovy-werit-rozbocovaci-svorkovnice-na-din-listu-114-12510700-00-4x-az-25-mm2-400v-modra-67529\/#primaryimage\",\"url\":\"https:\/\/www.koupelnapro.com\/wp-content\/uploads\/2026\/SK0005163-CZ20260425-091623-0-1777079785-werit-rozbocovaci-svorkovnice-na-din-listu-114-12510700-00-.webp\",\"contentUrl\":\"https:\/\/www.koupelnapro.com\/wp-content\/uploads\/2026\/SK0005163-CZ20260425-091623-0-1777079785-werit-rozbocovaci-svorkovnice-na-din-listu-114-12510700-00-.webp\",\"width\":1000,\"height\":525},{\"@type\":\"BreadcrumbList\",\"@id\":\"https:\/\/www.koupelnapro.com\/index.php\/produkt\/znackovy-werit-rozbocovaci-svorkovnice-na-din-listu-114-12510700-00-4x-az-25-mm2-400v-modra-67529\/#breadcrumb\",\"itemListElement\":[{\"@type\":\"ListItem\",\"position\":1,\"name\":\"Home\",\"item\":\"https:\/\/www.koupelnapro.com\/\"},{\"@type\":\"ListItem\",\"position\":2,\"name\":\"Products\",\"item\":\"https:\/\/www.koupelnapro.com\/index.php\/products\/\"},{\"@type\":\"ListItem\",\"position\":3,\"name\":\"Zna\u010dkov\u00fd Werit rozbo\u010dovac\u00ed svorkovnice na DIN li\u0161tu 114-12510700-00 4x a\u017e 25 mm2 400V Modr\u00e1\"}]},{\"@type\":\"WebSite\",\"@id\":\"https:\/\/www.koupelnapro.com\/#website\",\"url\":\"https:\/\/www.koupelnapro.com\/\",\"name\":\"\",\"description\":\"\",\"potentialAction\":[{\"@type\":\"SearchAction\",\"target\":{\"@type\":\"EntryPoint\",\"urlTemplate\":\"https:\/\/www.koupelnapro.com\/?s={search_term_string}\"},\"query-input\":{\"@type\":\"PropertyValueSpecification\",\"valueRequired\":true,\"valueName\":\"search_term_string\"}}],\"inLanguage\":\"cs\"}]}<\/script>\n<!-- \/ Yoast SEO plugin. -->","yoast_head_json":{"title":"Zna\u010dkov\u00fd Werit rozbo\u010dovac\u00ed svorkovnice na DIN li\u0161tu 114-12510700-00 4x a\u017e 25 mm2 400V Modr\u00e1 -","robots":{"index":"index","follow":"follow","max-snippet":"max-snippet:-1","max-image-preview":"max-image-preview:large","max-video-preview":"max-video-preview:-1"},"canonical":"https:\/\/www.koupelnapro.com\/index.php\/produkt\/znackovy-werit-rozbocovaci-svorkovnice-na-din-listu-114-12510700-00-4x-az-25-mm2-400v-modra-67529\/","og_locale":"cs_CZ","og_type":"article","og_title":"Zna\u010dkov\u00fd Werit rozbo\u010dovac\u00ed svorkovnice na DIN li\u0161tu 114-12510700-00 4x a\u017e 25 mm2 400V Modr\u00e1 -","og_description":"Werit rozbo\u010dovac\u00ed svorkovnice na DIN li\u0161tu 114-12510700-00 4x a\u017e 25 mm2 400V Modr\u00e1 Svorkovnicov\u00fd blok je ur\u010den pro rozbo\u010den\u00ed kabel\u016f, vodi\u010d\u016f, dr\u00e1t\u016f a to nejen nulov\u00fdch, ale tak\u00e9 f\u00e1zov\u00fdch. Je ur\u010den pro mont\u00e1\u017e do rozvad\u011b\u010de na DIN li\u0161tu nebo jen do rozbo\u010dova\u010d\u00edch krabi\u010dek. Blok lze upevnit jak nacvaknut\u00edm na li\u0161tu nebo za pomoci dvou \u0161roub\u016f [&hellip;]","og_url":"https:\/\/www.koupelnapro.com\/index.php\/produkt\/znackovy-werit-rozbocovaci-svorkovnice-na-din-listu-114-12510700-00-4x-az-25-mm2-400v-modra-67529\/","og_image":[{"width":1000,"height":525,"url":"https:\/\/www.koupelnapro.com\/wp-content\/uploads\/2026\/SK0005163-CZ20260425-091623-0-1777079785-werit-rozbocovaci-svorkovnice-na-din-listu-114-12510700-00-.webp","type":"image\/webp"}],"twitter_card":"summary_large_image","twitter_misc":{"Odhadovan\u00e1 doba \u010dten\u00ed":"1 minuta"},"schema":{"@context":"https:\/\/schema.org","@graph":[{"@type":"WebPage","@id":"https:\/\/www.koupelnapro.com\/index.php\/produkt\/znackovy-werit-rozbocovaci-svorkovnice-na-din-listu-114-12510700-00-4x-az-25-mm2-400v-modra-67529\/","url":"https:\/\/www.koupelnapro.com\/index.php\/produkt\/znackovy-werit-rozbocovaci-svorkovnice-na-din-listu-114-12510700-00-4x-az-25-mm2-400v-modra-67529\/","name":"Zna\u010dkov\u00fd Werit rozbo\u010dovac\u00ed svorkovnice na DIN li\u0161tu 114-12510700-00 4x a\u017e 25 mm2 400V Modr\u00e1 -","isPartOf":{"@id":"https:\/\/www.koupelnapro.com\/#website"},"primaryImageOfPage":{"@id":"https:\/\/www.koupelnapro.com\/index.php\/produkt\/znackovy-werit-rozbocovaci-svorkovnice-na-din-listu-114-12510700-00-4x-az-25-mm2-400v-modra-67529\/#primaryimage"},"image":{"@id":"https:\/\/www.koupelnapro.com\/index.php\/produkt\/znackovy-werit-rozbocovaci-svorkovnice-na-din-listu-114-12510700-00-4x-az-25-mm2-400v-modra-67529\/#primaryimage"},"thumbnailUrl":"https:\/\/www.koupelnapro.com\/wp-content\/uploads\/2026\/SK0005163-CZ20260425-091623-0-1777079785-werit-rozbocovaci-svorkovnice-na-din-listu-114-12510700-00-.webp","datePublished":"2026-04-26T09:18:09+00:00","breadcrumb":{"@id":"https:\/\/www.koupelnapro.com\/index.php\/produkt\/znackovy-werit-rozbocovaci-svorkovnice-na-din-listu-114-12510700-00-4x-az-25-mm2-400v-modra-67529\/#breadcrumb"},"inLanguage":"cs","potentialAction":[{"@type":"ReadAction","target":["https:\/\/www.koupelnapro.com\/index.php\/produkt\/znackovy-werit-rozbocovaci-svorkovnice-na-din-listu-114-12510700-00-4x-az-25-mm2-400v-modra-67529\/"]}]},{"@type":"ImageObject","inLanguage":"cs","@id":"https:\/\/www.koupelnapro.com\/index.php\/produkt\/znackovy-werit-rozbocovaci-svorkovnice-na-din-listu-114-12510700-00-4x-az-25-mm2-400v-modra-67529\/#primaryimage","url":"https:\/\/www.koupelnapro.com\/wp-content\/uploads\/2026\/SK0005163-CZ20260425-091623-0-1777079785-werit-rozbocovaci-svorkovnice-na-din-listu-114-12510700-00-.webp","contentUrl":"https:\/\/www.koupelnapro.com\/wp-content\/uploads\/2026\/SK0005163-CZ20260425-091623-0-1777079785-werit-rozbocovaci-svorkovnice-na-din-listu-114-12510700-00-.webp","width":1000,"height":525},{"@type":"BreadcrumbList","@id":"https:\/\/www.koupelnapro.com\/index.php\/produkt\/znackovy-werit-rozbocovaci-svorkovnice-na-din-listu-114-12510700-00-4x-az-25-mm2-400v-modra-67529\/#breadcrumb","itemListElement":[{"@type":"ListItem","position":1,"name":"Home","item":"https:\/\/www.koupelnapro.com\/"},{"@type":"ListItem","position":2,"name":"Products","item":"https:\/\/www.koupelnapro.com\/index.php\/products\/"},{"@type":"ListItem","position":3,"name":"Zna\u010dkov\u00fd Werit rozbo\u010dovac\u00ed svorkovnice na DIN li\u0161tu 114-12510700-00 4x a\u017e 25 mm2 400V Modr\u00e1"}]},{"@type":"WebSite","@id":"https:\/\/www.koupelnapro.com\/#website","url":"https:\/\/www.koupelnapro.com\/","name":"","description":"","potentialAction":[{"@type":"SearchAction","target":{"@type":"EntryPoint","urlTemplate":"https:\/\/www.koupelnapro.com\/?s={search_term_string}"},"query-input":{"@type":"PropertyValueSpecification","valueRequired":true,"valueName":"search_term_string"}}],"inLanguage":"cs"}]}},"_links":{"self":[{"href":"https:\/\/www.koupelnapro.com\/index.php\/wp-json\/wp\/v2\/product\/67529","targetHints":{"allow":["GET"]}}],"collection":[{"href":"https:\/\/www.koupelnapro.com\/index.php\/wp-json\/wp\/v2\/product"}],"about":[{"href":"https:\/\/www.koupelnapro.com\/index.php\/wp-json\/wp\/v2\/types\/product"}],"replies":[{"embeddable":true,"href":"https:\/\/www.koupelnapro.com\/index.php\/wp-json\/wp\/v2\/comments?post=67529"}],"wp:featuredmedia":[{"embeddable":true,"href":"https:\/\/www.koupelnapro.com\/index.php\/wp-json\/wp\/v2\/media\/67629"}],"wp:attachment":[{"href":"https:\/\/www.koupelnapro.com\/index.php\/wp-json\/wp\/v2\/media?parent=67529"}],"wp:term":[{"taxonomy":"product_brand","embeddable":true,"href":"https:\/\/www.koupelnapro.com\/index.php\/wp-json\/wp\/v2\/product_brand?post=67529"},{"taxonomy":"product_cat","embeddable":true,"href":"https:\/\/www.koupelnapro.com\/index.php\/wp-json\/wp\/v2\/product_cat?post=67529"},{"taxonomy":"product_tag","embeddable":true,"href":"https:\/\/www.koupelnapro.com\/index.php\/wp-json\/wp\/v2\/product_tag?post=67529"}],"curies":[{"name":"wp","href":"https:\/\/api.w.org\/{rel}","templated":true}]}}