{"id":67517,"date":"2026-04-26T09:18:09","date_gmt":"2026-04-26T09:18:09","guid":{"rendered":""},"modified":"2026-04-26T09:18:09","modified_gmt":"2026-04-26T09:18:09","slug":"abb-3299h-a02182-63-levit-automaticky-spinac-pohybu-do-krabicky-ku-68-onyx-kourova-cerna-spinaci-uhel-180deg-oblibeny-67517","status":"publish","type":"product","link":"https:\/\/www.koupelnapro.com\/index.php\/produkt\/abb-3299h-a02182-63-levit-automaticky-spinac-pohybu-do-krabicky-ku-68-onyx-kourova-cerna-spinaci-uhel-180deg-oblibeny-67517\/","title":{"rendered":"ABB 3299H-A02182 63 LEVIT Automatick\u00fd sp\u00edna\u010d pohybu do krabi\u010dky KU 68 onyx\/kou\u0159ov\u00e1 \u010dern\u00e1 sp\u00ednac\u00ed \u00fahel 180\u00b0 Obl\u00edben\u00fd"},"content":{"rendered":"<div id=\"e9425097\" class=\"pages\">\n<div id=\"PDDescription\" class=\"UserContentView userContent v1a v1 bs-view dcon dc150 PDDescription\" >\n<h2>ABB 3299H-A02182 63 LEVIT Automatick\u00fd sp\u00edna\u010d pohybu do krabi\u010dky KU 68 onyx\/kou\u0159ov\u00e1 \u010dern\u00e1 sp\u00ednac\u00ed \u00fahel 180\u00b0<\/h2>\n<p>\u00a0<\/p>\n<p>Automatick\u00fd sp\u00edna\u010d pohybu ABB LEVIT je ur\u010den pro sp\u00edn\u00e1n\u00ed z\u00e1t\u011b\u017ee na z\u00e1klad\u011b pohybu osob v\u00a0prostoru p\u0159ed sn\u00edma\u010dem. Tento sn\u00edma\u010d je nutn\u00e9 zkombinovat s\u00a0vhodn\u00fdm sp\u00ednac\u00edm prvkem, kter\u00fd tento sp\u00edna\u010d ovl\u00e1d\u00e1. Um\u00ed tedy sp\u00ednat jak n\u00edzk\u00e9 z\u00e1t\u011b\u017ee v\u00a0podob\u011b LED osv\u011btlen\u00ed tak vy\u0161\u0161\u00ed Amp\u00e9rov\u00e9 zat\u00ed\u017een\u00ed.<\/p>\n<p>Pro vhodn\u00e9 dokoupen\u00ed sp\u00ednac\u00ed jednotky sledujte kolonku \u201eZ\u00e1kazn\u00edci k\u00a0tomuto zbo\u017e\u00ed tak\u00e9 kupuj\u00ed\u201c.<\/p>\n<p>Sp\u00edna\u010d je ur\u010den jak do jednoduch\u00e9ho r\u00e1me\u010dku tak do v\u00edcen\u00e1sobn\u00fdch r\u00e1me\u010dku pro svislou i vodorovnou mont\u00e1\u017e.<\/p>\n<p>\u00a0<\/p>\n<p><span style=\"color: #262626; text-transform: none; text-indent: 0px; letter-spacing: normal; font-family: ABBvoice_l; font-size: 18px; font-style: normal; word-spacing: 0px; float: none; display: inline !important; white-space: normal; orphans: 2; widows: 2; background-color: #ffffff; font-variant-ligatures: normal; font-variant-caps: normal; -webkit-text-stroke-width: 0px; text-decoration-style: initial; text-decoration-color: initial;\">\u00dahel pokryt\u00ed: cca 120\u00b0 (2 sn\u00edmac\u00ed roviny)<\/span><br style=\"color: #262626; text-transform: none; text-indent: 0px; letter-spacing: normal; font-family: ABBvoice_l; font-size: 18px; font-style: normal; font-weight: 400; word-spacing: 0px; white-space: normal; orphans: 2; widows: 2; background-color: #ffffff; font-variant-ligatures: normal; font-variant-caps: normal; -webkit-text-stroke-width: 0px; text-decoration-style: initial; text-decoration-color: initial;\"><span style=\"color: #262626; text-transform: none; text-indent: 0px; letter-spacing: normal; font-family: ABBvoice_l; font-size: 18px; font-style: normal; word-spacing: 0px; float: none; display: inline !important; white-space: normal; orphans: 2; widows: 2; background-color: #ffffff; font-variant-ligatures: normal; font-variant-caps: normal; -webkit-text-stroke-width: 0px; text-decoration-style: initial; text-decoration-color: initial;\">Nastaviteln\u00e9 hodnoty (na zadn\u00ed stran\u011b krytu): prahov\u00e9 osv\u011btlen\u00ed (1 &#8211; 1000 lx), citlivost sn\u00edm\u00e1n\u00ed, zpo\u017ed\u011bn\u00ed vypnut\u00ed (5 s &#8211; 10 min., p\u0159\u00edp. stiskem integrovan\u00e9ho tla\u010d\u00edtka na 15, 30, 45, 60 min)<\/span><br style=\"color: #262626; text-transform: none; text-indent: 0px; letter-spacing: normal; font-family: ABBvoice_l; font-size: 18px; font-style: normal; font-weight: 400; word-spacing: 0px; white-space: normal; orphans: 2; widows: 2; background-color: #ffffff; font-variant-ligatures: normal; font-variant-caps: normal; -webkit-text-stroke-width: 0px; text-decoration-style: initial; text-decoration-color: initial;\"><span style=\"color: #262626; text-transform: none; text-indent: 0px; letter-spacing: normal; font-family: ABBvoice_l; font-size: 18px; font-style: normal; word-spacing: 0px; float: none; display: inline !important; white-space: normal; orphans: 2; widows: 2; background-color: #ffffff; font-variant-ligatures: normal; font-variant-caps: normal; -webkit-text-stroke-width: 0px; text-decoration-style: initial; text-decoration-color: initial;\">Pracovn\u00ed teplota: \u201310 \u00b0C a\u017e +55 \u00b0C<\/span><\/p>\n<p><br style=\"color: #262626; text-transform: none; text-indent: 0px; letter-spacing: normal; font-family: ABBvoice_l; font-size: 18px; font-style: normal; font-weight: 400; word-spacing: 0px; white-space: normal; orphans: 2; widows: 2; background-color: #ffffff; font-variant-ligatures: normal; font-variant-caps: normal; -webkit-text-stroke-width: 0px; text-decoration-style: initial; text-decoration-color: initial;\">Sn\u00edma\u010d je nutn\u00e9 zkombinovat s vhodnou silovou \u010d\u00e1st\u00ed podle druhu a velikosti z\u00e1t\u011b\u017ee.<\/p>\n<p>\u00a0<\/p>\n<p><strong style=\"color: #262626; text-transform: none; text-indent: 0px; letter-spacing: normal; font-family: ABBvoice_b; font-size: 18px; font-style: normal; font-weight: normal; word-spacing: 0px; white-space: normal; orphans: 2; widows: 2; background-color: #ffffff; font-variant-ligatures: normal; font-variant-caps: normal; -webkit-text-stroke-width: 0px; text-decoration-style: initial; text-decoration-color: initial;\"><\/strong><\/p>\n<p><strong style=\"color: #262626; text-transform: none; text-indent: 0px; letter-spacing: normal; font-family: ABBvoice_b; font-size: 18px; font-style: normal; font-weight: normal; word-spacing: 0px; white-space: normal; orphans: 2; widows: 2; background-color: #ffffff; font-variant-ligatures: normal; font-variant-caps: normal; -webkit-text-stroke-width: 0px; text-decoration-style: initial; text-decoration-color: initial;\">N\u00e1vod k pou\u017eit\u00ed\u00a0je ke sta\u017een\u00ed\u00a0ZDE<\/strong><\/p>\n<p>\u00a0<\/p>\n<p>\u00a0<\/p>\n<div id=\"PDTable3\" class=\"ProductDetailTableView v3a v3 bs-view dcon dc175 PDTable3\" >\n<table>\n<thead><\/thead>\n<tbody>\n<tr class=\"attribute attr_bsshop_maker\">\n<td class=\"caption\">V\u00fdrobce<\/td>\n<td class=\"value\">ABB<\/td>\n<\/tr>\n<tr class=\"attribute attr_Barva\">\n<td class=\"caption\">Barva<\/td>\n<td class=\"value\">onyx \/ kou\u0159ov\u00e1 \u010dern\u00e1<\/td>\n<\/tr>\n<\/tbody>\n<\/table><\/div>\n<\/div>\n<div id=\"CategoryUserContent3\" class=\"UserContentView userContent v1a v1 bs-view dcon dc11 CategoryUserContent3\" >\n<h2><strong>Jak si objednat v\u0161e co pot\u0159ebuji k vyp\u00edna\u010di nebo z\u00e1suvce?? <\/strong><\/h2>\n<p>V prvn\u00ed rad\u011b je d\u016fle\u017eit\u00e9 v\u011bd\u011bt kolik krabi\u010dek (nap\u0159\u00edklad KP 68) m\u00e1me v pokoji samostatn\u011b a kolik je jich spojen\u00fdch (tedy ve v\u00edce r\u00e1me\u010dku). Je jedno<\/p>\n<p>Jestli jsou krabi\u010dky do zdi nebo do s\u00e1drokartonu.<\/p>\n<\/p>\n<p> Pak je d\u016fle\u017eit\u00e9 v\u011bd\u011bt jak\u00e9 strojky (ke klapk\u00e1m) pot\u0159ebujete. Strojky vypadaj\u00ed v\u011bt\u0161inou stejn\u011b, ale stejn\u00e9 nejsou, nebo byt stejn\u00e9 nemus\u00ed.<\/p>\n<\/p>\n<h2> <strong>Rozli\u0161uj\u00ed se na:<\/strong><\/h2>\n<p> <strong>Vyp\u00edna\u010d \u010d. 1<\/strong> &#8211; z\u00e1kladn\u00ed vyp\u00edna\u010d na sp\u00edn\u00e1n\u00ed osv\u011btlen\u00ed z jednoho m\u00edsta.<\/p>\n<p> <strong>Vyp\u00edna\u010d \u010d. 6<\/strong> &#8211; schodi\u0161\u0165ov\u00fd ten je pro sp\u00edn\u00e1n\u00ed ze dvou m\u00edst. Nap\u0159\u00edklad dole pod schody a na vrcholu schodi\u0161t\u011b.<\/p>\n<p> <strong>Vyp\u00edna\u010d \u010d. 7<\/strong> &#8211; ten je mezi schodi\u0161\u0165ov\u00fdmi vyp\u00edna\u010di. Tedy, kdy\u017e je nap\u0159\u00edklad na schodi\u0161ti zapot\u0159eb\u00ed je\u0161t\u011b vyp\u00edna\u010d, nebo v\u00edce vyp\u00edna\u010d\u016f.<\/p>\n<p>                         V\u0161echny tyto vyp\u00edna\u010de budou \u010d. 7.<\/p>\n<p> <strong>Vyp\u00edna\u010d \u010d. 5<\/strong> &#8211; tedy vyp\u00edna\u010d lustrov\u00fd. Nej\u010dast\u011bj\u0161\u00ed pou\u017eit\u00ed je v ob\u00fdvac\u00edm pokoji. Kde je zapot\u0159eb\u00ed sp\u00ednat dv\u011b sv\u011btla z jednoho m\u00edsta, nebo pak t\u0159eba v koupeln\u011b.<\/p>\n<p>                        Tento strojek pou\u017e\u00edv\u00e1 dvojitou klapku (p\u016flenou) ostatn\u00ed zmi\u0148ovan\u00e9 pou\u017e\u00edvaj\u00ed jednoduchou klapku.<\/p>\n<h2>V\u00fdb\u011br klapek<\/h2>\n<p>Tento n\u00e1vod je nyn\u00ed na vyp\u00edna\u010de Tango, ale je stejn\u00fd i pro jin\u00e9 varianty (Time, Element, Levit a dal\u0161\u00ed) krom ABB Swing. Varianta Swing a Swing L pou\u017e\u00edv\u00e1 strojky v\u010detn\u011b klapek, dokupuj\u00ed se pouze r\u00e1me\u010dky. <\/p>\n<\/p>\n<p>Toto je stru\u010dn\u00fd v\u00fdb\u011br nej\u010dast\u011bji pou\u017e\u00edvan\u00fdch vyp\u00edna\u010d\u016f a variant. Samoz\u0159ejm\u011b je jich je\u0161t\u011b v\u00edce a na r\u016fzn\u00e9 pou\u017eit\u00ed. S doutnavkou, popiskem, na \u017ealuzie a rolety \u010di jin\u00e9 pou\u017eit\u00ed.<\/p>\n<p>S t\u011bmi v\u00e1m p\u0159\u00edpadn\u011b r\u00e1di porad\u00edme, na telefonu nebo e-mailu a chatu.<\/p>\n<h2>Jak na r\u00e1me\u010dky<\/h2>\n<p>Pak u\u017e jen spo\u010d\u00edtat kolik pot\u0159ebujeme klapek ke zvolen\u00fdm strojk\u016fm. Ty se pak vsad\u00ed ka\u017e\u00fd solo do jednoduch\u00e9ho r\u00e1me\u010dku nebo do v\u00edce r\u00e1me\u010dku.<\/p>\n<p>Ty se d\u011bl\u00ed na jednoduch\u00e9, dvojit\u00e9, trojit\u00e9, \u010dty\u0159 a p\u011bti r\u00e1me\u010dky.<\/p>\n<p>R\u00e1me\u010dky se pak je\u0161t\u011b d\u011bl\u00ed na svisl\u00e9 a vodorovn\u00e9, to je v\u0161e popsan\u00e9 v popisku jednotliv\u00fdch r\u00e1me\u010dk\u016f.<\/p>\n<\/p>\n<p>Kompletn\u00ed vyp\u00edna\u010d se tedy skl\u00e1d\u00e1 ze <strong>strojku &#8211; klapky &#8211; r\u00e1me\u010dku<\/strong>.<\/p>\n<h2>Posledn\u00ed jsou z\u00e1suvky<\/h2>\n<p>Dal\u0161\u00edm d\u016fle\u017eit\u00fdm bodem jsou z\u00e1suvky. Ty se d\u011bl\u00ed na jednoduch\u00e9 a dvojit\u00e9, s nato\u010denou vrchn\u00ed z\u00e1suvkou a s clonkami, p\u0159ep\u011bt\u00edm a bez p\u0159ep\u011bt\u00ed. V\u0161echny tyto z\u00e1suvky pou\u017e\u00edvaj\u00ed stejnou mont\u00e1\u017en\u00ed krabici ve zdi a to jednoduchou (nap\u0159. KP 68 ). Jednoduch\u00e9 z\u00e1suvky se prod\u00e1vaj\u00ed v\u010detn\u011b strojku a krytu, ale bez r\u00e1me\u010dku. To proto\u017ee jdou kombinovat do v\u00edce r\u00e1me\u010dk\u016f. Nap\u0159\u00edklad dvoj r\u00e1me\u010dek &#8211; jeden vyp\u00edna\u010d a jedna jednoduch\u00e1 z\u00e1suvka. Dvojit\u00e9 z\u00e1suvky se prod\u00e1vaj\u00ed jako jedin\u00e9 kompletn\u00ed. Tedy strojek v\u010detn\u011b krytu, r\u00e1me\u010dky se nem\u011bn\u00ed.<\/p>\n<\/p>\n<p> Takto by m\u011bl vypadat v\u00fdsledek kompletn\u00edho vyp\u00edna\u010de a jednoduch\u00e9 z\u00e1suvky v proveden\u00ed ABB Tango B\u00edl\u00e1.<\/p>\n<\/p>\n<p>I takto m\u016f\u017ee vypadat sestava svisl\u00e9ho proveden\u00ed vyp\u00edna\u010de s pr\u016fzorem a p\u016flen\u00e9ho vyp\u00edna\u010de.<\/p>\n<\/p>\n<\/p>\n<\/p>\n<\/div>\n<\/div>\n<div id=\"e9425098\" class=\"tabs\">\n","protected":false},"excerpt":{"rendered":"<p>ABB 3299H-A02182 63 LEVIT Automatick\u00fd sp\u00edna\u010d pohybu do krabi\u010dky KU 68 onyx\/kou\u0159ov\u00e1 \u010dern\u00e1 sp\u00ednac\u00ed \u00fahel 180\u00b0 \u00a0 Automatick\u00fd sp\u00edna\u010d pohybu ABB LEVIT je ur\u010den pro sp\u00edn\u00e1n\u00ed z\u00e1t\u011b\u017ee na z\u00e1klad\u011b pohybu osob v\u00a0prostoru p\u0159ed sn\u00edma\u010dem. Tento sn\u00edma\u010d je nutn\u00e9 zkombinovat s\u00a0vhodn\u00fdm sp\u00ednac\u00edm prvkem, kter\u00fd tento sp\u00edna\u010d ovl\u00e1d\u00e1. Um\u00ed tedy sp\u00ednat jak n\u00edzk\u00e9 z\u00e1t\u011b\u017ee v\u00a0podob\u011b LED osv\u011btlen\u00ed [&hellip;]<\/p>\n","protected":false},"featured_media":67617,"comment_status":"open","ping_status":"open","template":"","meta":[],"product_brand":[],"product_cat":[40],"product_tag":[],"class_list":{"0":"post-67517","1":"product","2":"type-product","3":"status-publish","4":"has-post-thumbnail","6":"product_cat-vyp-237-nace-a-z-225-suvky","8":"first","9":"instock","10":"sale","11":"shipping-taxable","12":"purchasable","13":"product-type-simple"},"yoast_head":"<!-- This site is optimized with the Yoast SEO plugin v26.8 - https:\/\/yoast.com\/product\/yoast-seo-wordpress\/ -->\n<title>ABB 3299H-A02182 63 LEVIT Automatick\u00fd sp\u00edna\u010d pohybu do krabi\u010dky KU 68 onyx\/kou\u0159ov\u00e1 \u010dern\u00e1 sp\u00ednac\u00ed \u00fahel 180\u00b0 Obl\u00edben\u00fd -<\/title>\n<meta name=\"robots\" content=\"index, follow, max-snippet:-1, max-image-preview:large, max-video-preview:-1\" \/>\n<link rel=\"canonical\" href=\"https:\/\/www.koupelnapro.com\/index.php\/produkt\/abb-3299h-a02182-63-levit-automaticky-spinac-pohybu-do-krabicky-ku-68-onyx-kourova-cerna-spinaci-uhel-180deg-oblibeny-67517\/\" \/>\n<meta property=\"og:locale\" content=\"cs_CZ\" \/>\n<meta property=\"og:type\" content=\"article\" \/>\n<meta property=\"og:title\" content=\"ABB 3299H-A02182 63 LEVIT Automatick\u00fd sp\u00edna\u010d pohybu do krabi\u010dky KU 68 onyx\/kou\u0159ov\u00e1 \u010dern\u00e1 sp\u00ednac\u00ed \u00fahel 180\u00b0 Obl\u00edben\u00fd -\" \/>\n<meta property=\"og:description\" content=\"ABB 3299H-A02182 63 LEVIT Automatick\u00fd sp\u00edna\u010d pohybu do krabi\u010dky KU 68 onyx\/kou\u0159ov\u00e1 \u010dern\u00e1 sp\u00ednac\u00ed \u00fahel 180\u00b0 \u00a0 Automatick\u00fd sp\u00edna\u010d pohybu ABB LEVIT je ur\u010den pro sp\u00edn\u00e1n\u00ed z\u00e1t\u011b\u017ee na z\u00e1klad\u011b pohybu osob v\u00a0prostoru p\u0159ed sn\u00edma\u010dem. Tento sn\u00edma\u010d je nutn\u00e9 zkombinovat s\u00a0vhodn\u00fdm sp\u00ednac\u00edm prvkem, kter\u00fd tento sp\u00edna\u010d ovl\u00e1d\u00e1. Um\u00ed tedy sp\u00ednat jak n\u00edzk\u00e9 z\u00e1t\u011b\u017ee v\u00a0podob\u011b LED osv\u011btlen\u00ed [&hellip;]\" \/>\n<meta property=\"og:url\" content=\"https:\/\/www.koupelnapro.com\/index.php\/produkt\/abb-3299h-a02182-63-levit-automaticky-spinac-pohybu-do-krabicky-ku-68-onyx-kourova-cerna-spinaci-uhel-180deg-oblibeny-67517\/\" \/>\n<meta property=\"og:image\" content=\"https:\/\/www.koupelnapro.com\/wp-content\/uploads\/2026\/SK0005151-CZ20260425-091623-0-1777079785-abb-3299h-a02182-63-levit-automaticky-spinac-pohybu-do-krab.webp\" \/>\n\t<meta property=\"og:image:width\" content=\"1000\" \/>\n\t<meta property=\"og:image:height\" content=\"525\" \/>\n\t<meta property=\"og:image:type\" content=\"image\/webp\" \/>\n<meta name=\"twitter:card\" content=\"summary_large_image\" \/>\n<meta name=\"twitter:label1\" content=\"Odhadovan\u00e1 doba \u010dten\u00ed\" \/>\n\t<meta name=\"twitter:data1\" content=\"4 minuty\" \/>\n<script type=\"application\/ld+json\" class=\"yoast-schema-graph\">{\"@context\":\"https:\/\/schema.org\",\"@graph\":[{\"@type\":\"WebPage\",\"@id\":\"https:\/\/www.koupelnapro.com\/index.php\/produkt\/abb-3299h-a02182-63-levit-automaticky-spinac-pohybu-do-krabicky-ku-68-onyx-kourova-cerna-spinaci-uhel-180deg-oblibeny-67517\/\",\"url\":\"https:\/\/www.koupelnapro.com\/index.php\/produkt\/abb-3299h-a02182-63-levit-automaticky-spinac-pohybu-do-krabicky-ku-68-onyx-kourova-cerna-spinaci-uhel-180deg-oblibeny-67517\/\",\"name\":\"ABB 3299H-A02182 63 LEVIT Automatick\u00fd sp\u00edna\u010d pohybu do krabi\u010dky KU 68 onyx\/kou\u0159ov\u00e1 \u010dern\u00e1 sp\u00ednac\u00ed \u00fahel 180\u00b0 Obl\u00edben\u00fd -\",\"isPartOf\":{\"@id\":\"https:\/\/www.koupelnapro.com\/#website\"},\"primaryImageOfPage\":{\"@id\":\"https:\/\/www.koupelnapro.com\/index.php\/produkt\/abb-3299h-a02182-63-levit-automaticky-spinac-pohybu-do-krabicky-ku-68-onyx-kourova-cerna-spinaci-uhel-180deg-oblibeny-67517\/#primaryimage\"},\"image\":{\"@id\":\"https:\/\/www.koupelnapro.com\/index.php\/produkt\/abb-3299h-a02182-63-levit-automaticky-spinac-pohybu-do-krabicky-ku-68-onyx-kourova-cerna-spinaci-uhel-180deg-oblibeny-67517\/#primaryimage\"},\"thumbnailUrl\":\"https:\/\/www.koupelnapro.com\/wp-content\/uploads\/2026\/SK0005151-CZ20260425-091623-0-1777079785-abb-3299h-a02182-63-levit-automaticky-spinac-pohybu-do-krab.webp\",\"datePublished\":\"2026-04-26T09:18:09+00:00\",\"breadcrumb\":{\"@id\":\"https:\/\/www.koupelnapro.com\/index.php\/produkt\/abb-3299h-a02182-63-levit-automaticky-spinac-pohybu-do-krabicky-ku-68-onyx-kourova-cerna-spinaci-uhel-180deg-oblibeny-67517\/#breadcrumb\"},\"inLanguage\":\"cs\",\"potentialAction\":[{\"@type\":\"ReadAction\",\"target\":[\"https:\/\/www.koupelnapro.com\/index.php\/produkt\/abb-3299h-a02182-63-levit-automaticky-spinac-pohybu-do-krabicky-ku-68-onyx-kourova-cerna-spinaci-uhel-180deg-oblibeny-67517\/\"]}]},{\"@type\":\"ImageObject\",\"inLanguage\":\"cs\",\"@id\":\"https:\/\/www.koupelnapro.com\/index.php\/produkt\/abb-3299h-a02182-63-levit-automaticky-spinac-pohybu-do-krabicky-ku-68-onyx-kourova-cerna-spinaci-uhel-180deg-oblibeny-67517\/#primaryimage\",\"url\":\"https:\/\/www.koupelnapro.com\/wp-content\/uploads\/2026\/SK0005151-CZ20260425-091623-0-1777079785-abb-3299h-a02182-63-levit-automaticky-spinac-pohybu-do-krab.webp\",\"contentUrl\":\"https:\/\/www.koupelnapro.com\/wp-content\/uploads\/2026\/SK0005151-CZ20260425-091623-0-1777079785-abb-3299h-a02182-63-levit-automaticky-spinac-pohybu-do-krab.webp\",\"width\":1000,\"height\":525},{\"@type\":\"BreadcrumbList\",\"@id\":\"https:\/\/www.koupelnapro.com\/index.php\/produkt\/abb-3299h-a02182-63-levit-automaticky-spinac-pohybu-do-krabicky-ku-68-onyx-kourova-cerna-spinaci-uhel-180deg-oblibeny-67517\/#breadcrumb\",\"itemListElement\":[{\"@type\":\"ListItem\",\"position\":1,\"name\":\"Home\",\"item\":\"https:\/\/www.koupelnapro.com\/\"},{\"@type\":\"ListItem\",\"position\":2,\"name\":\"Products\",\"item\":\"https:\/\/www.koupelnapro.com\/index.php\/products\/\"},{\"@type\":\"ListItem\",\"position\":3,\"name\":\"ABB 3299H-A02182 63 LEVIT Automatick\u00fd sp\u00edna\u010d pohybu do krabi\u010dky KU 68 onyx\/kou\u0159ov\u00e1 \u010dern\u00e1 sp\u00ednac\u00ed \u00fahel 180\u00b0 Obl\u00edben\u00fd\"}]},{\"@type\":\"WebSite\",\"@id\":\"https:\/\/www.koupelnapro.com\/#website\",\"url\":\"https:\/\/www.koupelnapro.com\/\",\"name\":\"\",\"description\":\"\",\"potentialAction\":[{\"@type\":\"SearchAction\",\"target\":{\"@type\":\"EntryPoint\",\"urlTemplate\":\"https:\/\/www.koupelnapro.com\/?s={search_term_string}\"},\"query-input\":{\"@type\":\"PropertyValueSpecification\",\"valueRequired\":true,\"valueName\":\"search_term_string\"}}],\"inLanguage\":\"cs\"}]}<\/script>\n<!-- \/ Yoast SEO plugin. -->","yoast_head_json":{"title":"ABB 3299H-A02182 63 LEVIT Automatick\u00fd sp\u00edna\u010d pohybu do krabi\u010dky KU 68 onyx\/kou\u0159ov\u00e1 \u010dern\u00e1 sp\u00ednac\u00ed \u00fahel 180\u00b0 Obl\u00edben\u00fd -","robots":{"index":"index","follow":"follow","max-snippet":"max-snippet:-1","max-image-preview":"max-image-preview:large","max-video-preview":"max-video-preview:-1"},"canonical":"https:\/\/www.koupelnapro.com\/index.php\/produkt\/abb-3299h-a02182-63-levit-automaticky-spinac-pohybu-do-krabicky-ku-68-onyx-kourova-cerna-spinaci-uhel-180deg-oblibeny-67517\/","og_locale":"cs_CZ","og_type":"article","og_title":"ABB 3299H-A02182 63 LEVIT Automatick\u00fd sp\u00edna\u010d pohybu do krabi\u010dky KU 68 onyx\/kou\u0159ov\u00e1 \u010dern\u00e1 sp\u00ednac\u00ed \u00fahel 180\u00b0 Obl\u00edben\u00fd -","og_description":"ABB 3299H-A02182 63 LEVIT Automatick\u00fd sp\u00edna\u010d pohybu do krabi\u010dky KU 68 onyx\/kou\u0159ov\u00e1 \u010dern\u00e1 sp\u00ednac\u00ed \u00fahel 180\u00b0 \u00a0 Automatick\u00fd sp\u00edna\u010d pohybu ABB LEVIT je ur\u010den pro sp\u00edn\u00e1n\u00ed z\u00e1t\u011b\u017ee na z\u00e1klad\u011b pohybu osob v\u00a0prostoru p\u0159ed sn\u00edma\u010dem. Tento sn\u00edma\u010d je nutn\u00e9 zkombinovat s\u00a0vhodn\u00fdm sp\u00ednac\u00edm prvkem, kter\u00fd tento sp\u00edna\u010d ovl\u00e1d\u00e1. Um\u00ed tedy sp\u00ednat jak n\u00edzk\u00e9 z\u00e1t\u011b\u017ee v\u00a0podob\u011b LED osv\u011btlen\u00ed [&hellip;]","og_url":"https:\/\/www.koupelnapro.com\/index.php\/produkt\/abb-3299h-a02182-63-levit-automaticky-spinac-pohybu-do-krabicky-ku-68-onyx-kourova-cerna-spinaci-uhel-180deg-oblibeny-67517\/","og_image":[{"width":1000,"height":525,"url":"https:\/\/www.koupelnapro.com\/wp-content\/uploads\/2026\/SK0005151-CZ20260425-091623-0-1777079785-abb-3299h-a02182-63-levit-automaticky-spinac-pohybu-do-krab.webp","type":"image\/webp"}],"twitter_card":"summary_large_image","twitter_misc":{"Odhadovan\u00e1 doba \u010dten\u00ed":"4 minuty"},"schema":{"@context":"https:\/\/schema.org","@graph":[{"@type":"WebPage","@id":"https:\/\/www.koupelnapro.com\/index.php\/produkt\/abb-3299h-a02182-63-levit-automaticky-spinac-pohybu-do-krabicky-ku-68-onyx-kourova-cerna-spinaci-uhel-180deg-oblibeny-67517\/","url":"https:\/\/www.koupelnapro.com\/index.php\/produkt\/abb-3299h-a02182-63-levit-automaticky-spinac-pohybu-do-krabicky-ku-68-onyx-kourova-cerna-spinaci-uhel-180deg-oblibeny-67517\/","name":"ABB 3299H-A02182 63 LEVIT Automatick\u00fd sp\u00edna\u010d pohybu do krabi\u010dky KU 68 onyx\/kou\u0159ov\u00e1 \u010dern\u00e1 sp\u00ednac\u00ed \u00fahel 180\u00b0 Obl\u00edben\u00fd -","isPartOf":{"@id":"https:\/\/www.koupelnapro.com\/#website"},"primaryImageOfPage":{"@id":"https:\/\/www.koupelnapro.com\/index.php\/produkt\/abb-3299h-a02182-63-levit-automaticky-spinac-pohybu-do-krabicky-ku-68-onyx-kourova-cerna-spinaci-uhel-180deg-oblibeny-67517\/#primaryimage"},"image":{"@id":"https:\/\/www.koupelnapro.com\/index.php\/produkt\/abb-3299h-a02182-63-levit-automaticky-spinac-pohybu-do-krabicky-ku-68-onyx-kourova-cerna-spinaci-uhel-180deg-oblibeny-67517\/#primaryimage"},"thumbnailUrl":"https:\/\/www.koupelnapro.com\/wp-content\/uploads\/2026\/SK0005151-CZ20260425-091623-0-1777079785-abb-3299h-a02182-63-levit-automaticky-spinac-pohybu-do-krab.webp","datePublished":"2026-04-26T09:18:09+00:00","breadcrumb":{"@id":"https:\/\/www.koupelnapro.com\/index.php\/produkt\/abb-3299h-a02182-63-levit-automaticky-spinac-pohybu-do-krabicky-ku-68-onyx-kourova-cerna-spinaci-uhel-180deg-oblibeny-67517\/#breadcrumb"},"inLanguage":"cs","potentialAction":[{"@type":"ReadAction","target":["https:\/\/www.koupelnapro.com\/index.php\/produkt\/abb-3299h-a02182-63-levit-automaticky-spinac-pohybu-do-krabicky-ku-68-onyx-kourova-cerna-spinaci-uhel-180deg-oblibeny-67517\/"]}]},{"@type":"ImageObject","inLanguage":"cs","@id":"https:\/\/www.koupelnapro.com\/index.php\/produkt\/abb-3299h-a02182-63-levit-automaticky-spinac-pohybu-do-krabicky-ku-68-onyx-kourova-cerna-spinaci-uhel-180deg-oblibeny-67517\/#primaryimage","url":"https:\/\/www.koupelnapro.com\/wp-content\/uploads\/2026\/SK0005151-CZ20260425-091623-0-1777079785-abb-3299h-a02182-63-levit-automaticky-spinac-pohybu-do-krab.webp","contentUrl":"https:\/\/www.koupelnapro.com\/wp-content\/uploads\/2026\/SK0005151-CZ20260425-091623-0-1777079785-abb-3299h-a02182-63-levit-automaticky-spinac-pohybu-do-krab.webp","width":1000,"height":525},{"@type":"BreadcrumbList","@id":"https:\/\/www.koupelnapro.com\/index.php\/produkt\/abb-3299h-a02182-63-levit-automaticky-spinac-pohybu-do-krabicky-ku-68-onyx-kourova-cerna-spinaci-uhel-180deg-oblibeny-67517\/#breadcrumb","itemListElement":[{"@type":"ListItem","position":1,"name":"Home","item":"https:\/\/www.koupelnapro.com\/"},{"@type":"ListItem","position":2,"name":"Products","item":"https:\/\/www.koupelnapro.com\/index.php\/products\/"},{"@type":"ListItem","position":3,"name":"ABB 3299H-A02182 63 LEVIT Automatick\u00fd sp\u00edna\u010d pohybu do krabi\u010dky KU 68 onyx\/kou\u0159ov\u00e1 \u010dern\u00e1 sp\u00ednac\u00ed \u00fahel 180\u00b0 Obl\u00edben\u00fd"}]},{"@type":"WebSite","@id":"https:\/\/www.koupelnapro.com\/#website","url":"https:\/\/www.koupelnapro.com\/","name":"","description":"","potentialAction":[{"@type":"SearchAction","target":{"@type":"EntryPoint","urlTemplate":"https:\/\/www.koupelnapro.com\/?s={search_term_string}"},"query-input":{"@type":"PropertyValueSpecification","valueRequired":true,"valueName":"search_term_string"}}],"inLanguage":"cs"}]}},"_links":{"self":[{"href":"https:\/\/www.koupelnapro.com\/index.php\/wp-json\/wp\/v2\/product\/67517","targetHints":{"allow":["GET"]}}],"collection":[{"href":"https:\/\/www.koupelnapro.com\/index.php\/wp-json\/wp\/v2\/product"}],"about":[{"href":"https:\/\/www.koupelnapro.com\/index.php\/wp-json\/wp\/v2\/types\/product"}],"replies":[{"embeddable":true,"href":"https:\/\/www.koupelnapro.com\/index.php\/wp-json\/wp\/v2\/comments?post=67517"}],"wp:featuredmedia":[{"embeddable":true,"href":"https:\/\/www.koupelnapro.com\/index.php\/wp-json\/wp\/v2\/media\/67617"}],"wp:attachment":[{"href":"https:\/\/www.koupelnapro.com\/index.php\/wp-json\/wp\/v2\/media?parent=67517"}],"wp:term":[{"taxonomy":"product_brand","embeddable":true,"href":"https:\/\/www.koupelnapro.com\/index.php\/wp-json\/wp\/v2\/product_brand?post=67517"},{"taxonomy":"product_cat","embeddable":true,"href":"https:\/\/www.koupelnapro.com\/index.php\/wp-json\/wp\/v2\/product_cat?post=67517"},{"taxonomy":"product_tag","embeddable":true,"href":"https:\/\/www.koupelnapro.com\/index.php\/wp-json\/wp\/v2\/product_tag?post=67517"}],"curies":[{"name":"wp","href":"https:\/\/api.w.org\/{rel}","templated":true}]}}