{"id":67516,"date":"2026-04-26T09:18:09","date_gmt":"2026-04-26T09:18:09","guid":{"rendered":""},"modified":"2026-04-26T09:18:09","modified_gmt":"2026-04-26T09:18:09","slug":"abb-3299h-a02182-64-levit-automaticky-spinac-pohybu-do-krabicky-ku-68-zluta-kourova-cerna-spinaci-uhel-180deg-nejprodavanejsi-67516","status":"publish","type":"product","link":"https:\/\/www.koupelnapro.com\/index.php\/produkt\/abb-3299h-a02182-64-levit-automaticky-spinac-pohybu-do-krabicky-ku-68-zluta-kourova-cerna-spinaci-uhel-180deg-nejprodavanejsi-67516\/","title":{"rendered":"ABB 3299H-A02182 64 LEVIT Automatick\u00fd sp\u00edna\u010d pohybu do krabi\u010dky KU 68 \u017elut\u00e1\/kou\u0159ov\u00e1 \u010dern\u00e1 sp\u00ednac\u00ed \u00fahel 180\u00b0 Nejprod\u00e1van\u011bj\u0161\u00ed"},"content":{"rendered":"<div id=\"e9424984\" class=\"pages\">\n<div id=\"PDDescription\" class=\"UserContentView userContent v1a v1 bs-view dcon dc150 PDDescription\" >\n<h2>ABB 3299H-A02182 64 LEVIT Automatick\u00fd sp\u00edna\u010d pohybu do krabi\u010dky KU 68 \u017elut\u00e1\/kou\u0159ov\u00e1 \u010dern\u00e1 sp\u00ednac\u00ed \u00fahel 180\u00b0<\/h2>\n<p>\u00a0<\/p>\n<p>Automatick\u00fd sp\u00edna\u010d pohybu ABB LEVIT je ur\u010den pro sp\u00edn\u00e1n\u00ed z\u00e1t\u011b\u017ee na z\u00e1klad\u011b pohybu osob v\u00a0prostoru p\u0159ed sn\u00edma\u010dem. Tento sn\u00edma\u010d je nutn\u00e9 zkombinovat s\u00a0vhodn\u00fdm sp\u00ednac\u00edm prvkem, kter\u00fd tento sp\u00edna\u010d ovl\u00e1d\u00e1. Um\u00ed tedy sp\u00ednat jak n\u00edzk\u00e9 z\u00e1t\u011b\u017ee v\u00a0podob\u011b LED osv\u011btlen\u00ed tak vy\u0161\u0161\u00ed Amp\u00e9rov\u00e9 zat\u00ed\u017een\u00ed.<\/p>\n<p>Pro vhodn\u00e9 dokoupen\u00ed sp\u00ednac\u00ed jednotky sledujte kolonku \u201eZ\u00e1kazn\u00edci k\u00a0tomuto zbo\u017e\u00ed tak\u00e9 kupuj\u00ed\u201c.<\/p>\n<p>Sp\u00edna\u010d je ur\u010den jak do jednoduch\u00e9ho r\u00e1me\u010dku tak do v\u00edcen\u00e1sobn\u00fdch r\u00e1me\u010dku pro svislou i vodorovnou mont\u00e1\u017e.<\/p>\n<p>\u00a0<\/p>\n<p><span style=\"color: #262626; text-transform: none; text-indent: 0px; letter-spacing: normal; font-family: ABBvoice_l; font-size: 18px; font-style: normal; word-spacing: 0px; float: none; display: inline !important; white-space: normal; orphans: 2; widows: 2; background-color: #ffffff; font-variant-ligatures: normal; font-variant-caps: normal; -webkit-text-stroke-width: 0px; text-decoration-style: initial; text-decoration-color: initial;\">\u00dahel pokryt\u00ed: cca 120\u00b0 (2 sn\u00edmac\u00ed roviny)<\/span><br style=\"color: #262626; text-transform: none; text-indent: 0px; letter-spacing: normal; font-family: ABBvoice_l; font-size: 18px; font-style: normal; font-weight: 400; word-spacing: 0px; white-space: normal; orphans: 2; widows: 2; background-color: #ffffff; font-variant-ligatures: normal; font-variant-caps: normal; -webkit-text-stroke-width: 0px; text-decoration-style: initial; text-decoration-color: initial;\"><span style=\"color: #262626; text-transform: none; text-indent: 0px; letter-spacing: normal; font-family: ABBvoice_l; font-size: 18px; font-style: normal; word-spacing: 0px; float: none; display: inline !important; white-space: normal; orphans: 2; widows: 2; background-color: #ffffff; font-variant-ligatures: normal; font-variant-caps: normal; -webkit-text-stroke-width: 0px; text-decoration-style: initial; text-decoration-color: initial;\">Nastaviteln\u00e9 hodnoty (na zadn\u00ed stran\u011b krytu): prahov\u00e9 osv\u011btlen\u00ed (1 &#8211; 1000 lx), citlivost sn\u00edm\u00e1n\u00ed, zpo\u017ed\u011bn\u00ed vypnut\u00ed (5 s &#8211; 10 min., p\u0159\u00edp. stiskem integrovan\u00e9ho tla\u010d\u00edtka na 15, 30, 45, 60 min)<\/span><br style=\"color: #262626; text-transform: none; text-indent: 0px; letter-spacing: normal; font-family: ABBvoice_l; font-size: 18px; font-style: normal; font-weight: 400; word-spacing: 0px; white-space: normal; orphans: 2; widows: 2; background-color: #ffffff; font-variant-ligatures: normal; font-variant-caps: normal; -webkit-text-stroke-width: 0px; text-decoration-style: initial; text-decoration-color: initial;\"><span style=\"color: #262626; text-transform: none; text-indent: 0px; letter-spacing: normal; font-family: ABBvoice_l; font-size: 18px; font-style: normal; word-spacing: 0px; float: none; display: inline !important; white-space: normal; orphans: 2; widows: 2; background-color: #ffffff; font-variant-ligatures: normal; font-variant-caps: normal; -webkit-text-stroke-width: 0px; text-decoration-style: initial; text-decoration-color: initial;\">Pracovn\u00ed teplota: \u201310 \u00b0C a\u017e +55 \u00b0C<\/span><\/p>\n<p><br style=\"color: #262626; text-transform: none; text-indent: 0px; letter-spacing: normal; font-family: ABBvoice_l; font-size: 18px; font-style: normal; font-weight: 400; word-spacing: 0px; white-space: normal; orphans: 2; widows: 2; background-color: #ffffff; font-variant-ligatures: normal; font-variant-caps: normal; -webkit-text-stroke-width: 0px; text-decoration-style: initial; text-decoration-color: initial;\">Sn\u00edma\u010d je nutn\u00e9 zkombinovat s vhodnou silovou \u010d\u00e1st\u00ed podle druhu a velikosti z\u00e1t\u011b\u017ee.<\/p>\n<p>\u00a0<\/p>\n<p><strong style=\"color: #262626; text-transform: none; text-indent: 0px; letter-spacing: normal; font-family: ABBvoice_b; font-size: 18px; font-style: normal; font-weight: normal; word-spacing: 0px; white-space: normal; orphans: 2; widows: 2; background-color: #ffffff; font-variant-ligatures: normal; font-variant-caps: normal; -webkit-text-stroke-width: 0px; text-decoration-style: initial; text-decoration-color: initial;\"><\/strong><\/p>\n<p><strong style=\"color: #262626; text-transform: none; text-indent: 0px; letter-spacing: normal; font-family: ABBvoice_b; font-size: 18px; font-style: normal; font-weight: normal; word-spacing: 0px; white-space: normal; orphans: 2; widows: 2; background-color: #ffffff; font-variant-ligatures: normal; font-variant-caps: normal; -webkit-text-stroke-width: 0px; text-decoration-style: initial; text-decoration-color: initial;\">N\u00e1vod k pou\u017eit\u00ed\u00a0je ke sta\u017een\u00ed\u00a0ZDE<\/strong><\/p>\n<p>\u00a0<\/p>\n<p>\u00a0<\/p>\n<div id=\"PDTable3\" class=\"ProductDetailTableView v3a v3 bs-view dcon dc175 PDTable3\" >\n<table>\n<thead><\/thead>\n<tbody>\n<tr class=\"attribute attr_bsshop_maker\">\n<td class=\"caption\">V\u00fdrobce<\/td>\n<td class=\"value\">ABB<\/td>\n<\/tr>\n<tr class=\"attribute attr_Barva\">\n<td class=\"caption\">Barva<\/td>\n<td class=\"value\">\u017elut\u00e1 \/ kou\u0159ov\u00e1 \u010dern\u00e1<\/td>\n<\/tr>\n<\/tbody>\n<\/table><\/div>\n<\/div>\n<\/div>\n<div id=\"e9424985\" class=\"tabs\">\n","protected":false},"excerpt":{"rendered":"<p>ABB 3299H-A02182 64 LEVIT Automatick\u00fd sp\u00edna\u010d pohybu do krabi\u010dky KU 68 \u017elut\u00e1\/kou\u0159ov\u00e1 \u010dern\u00e1 sp\u00ednac\u00ed \u00fahel 180\u00b0 \u00a0 Automatick\u00fd sp\u00edna\u010d pohybu ABB LEVIT je ur\u010den pro sp\u00edn\u00e1n\u00ed z\u00e1t\u011b\u017ee na z\u00e1klad\u011b pohybu osob v\u00a0prostoru p\u0159ed sn\u00edma\u010dem. Tento sn\u00edma\u010d je nutn\u00e9 zkombinovat s\u00a0vhodn\u00fdm sp\u00ednac\u00edm prvkem, kter\u00fd tento sp\u00edna\u010d ovl\u00e1d\u00e1. Um\u00ed tedy sp\u00ednat jak n\u00edzk\u00e9 z\u00e1t\u011b\u017ee v\u00a0podob\u011b LED osv\u011btlen\u00ed [&hellip;]<\/p>\n","protected":false},"featured_media":67616,"comment_status":"open","ping_status":"open","template":"","meta":[],"product_brand":[],"product_cat":[40],"product_tag":[],"class_list":{"0":"post-67516","1":"product","2":"type-product","3":"status-publish","4":"has-post-thumbnail","6":"product_cat-vyp-237-nace-a-z-225-suvky","8":"first","9":"instock","10":"sale","11":"shipping-taxable","12":"purchasable","13":"product-type-simple"},"yoast_head":"<!-- This site is optimized with the Yoast SEO plugin v26.8 - https:\/\/yoast.com\/product\/yoast-seo-wordpress\/ -->\n<title>ABB 3299H-A02182 64 LEVIT Automatick\u00fd sp\u00edna\u010d pohybu do krabi\u010dky KU 68 \u017elut\u00e1\/kou\u0159ov\u00e1 \u010dern\u00e1 sp\u00ednac\u00ed \u00fahel 180\u00b0 Nejprod\u00e1van\u011bj\u0161\u00ed -<\/title>\n<meta name=\"robots\" content=\"index, follow, max-snippet:-1, max-image-preview:large, max-video-preview:-1\" \/>\n<link rel=\"canonical\" href=\"https:\/\/www.koupelnapro.com\/index.php\/produkt\/abb-3299h-a02182-64-levit-automaticky-spinac-pohybu-do-krabicky-ku-68-zluta-kourova-cerna-spinaci-uhel-180deg-nejprodavanejsi-67516\/\" \/>\n<meta property=\"og:locale\" content=\"cs_CZ\" \/>\n<meta property=\"og:type\" content=\"article\" \/>\n<meta property=\"og:title\" content=\"ABB 3299H-A02182 64 LEVIT Automatick\u00fd sp\u00edna\u010d pohybu do krabi\u010dky KU 68 \u017elut\u00e1\/kou\u0159ov\u00e1 \u010dern\u00e1 sp\u00ednac\u00ed \u00fahel 180\u00b0 Nejprod\u00e1van\u011bj\u0161\u00ed -\" \/>\n<meta property=\"og:description\" content=\"ABB 3299H-A02182 64 LEVIT Automatick\u00fd sp\u00edna\u010d pohybu do krabi\u010dky KU 68 \u017elut\u00e1\/kou\u0159ov\u00e1 \u010dern\u00e1 sp\u00ednac\u00ed \u00fahel 180\u00b0 \u00a0 Automatick\u00fd sp\u00edna\u010d pohybu ABB LEVIT je ur\u010den pro sp\u00edn\u00e1n\u00ed z\u00e1t\u011b\u017ee na z\u00e1klad\u011b pohybu osob v\u00a0prostoru p\u0159ed sn\u00edma\u010dem. Tento sn\u00edma\u010d je nutn\u00e9 zkombinovat s\u00a0vhodn\u00fdm sp\u00ednac\u00edm prvkem, kter\u00fd tento sp\u00edna\u010d ovl\u00e1d\u00e1. Um\u00ed tedy sp\u00ednat jak n\u00edzk\u00e9 z\u00e1t\u011b\u017ee v\u00a0podob\u011b LED osv\u011btlen\u00ed [&hellip;]\" \/>\n<meta property=\"og:url\" content=\"https:\/\/www.koupelnapro.com\/index.php\/produkt\/abb-3299h-a02182-64-levit-automaticky-spinac-pohybu-do-krabicky-ku-68-zluta-kourova-cerna-spinaci-uhel-180deg-nejprodavanejsi-67516\/\" \/>\n<meta property=\"og:image\" content=\"https:\/\/www.koupelnapro.com\/wp-content\/uploads\/2026\/SK0005150-CZ20260425-091623-0-1777079785-abb-3299h-a02182-64-levit-automaticky-spinac-pohybu-do-krab.webp\" \/>\n\t<meta property=\"og:image:width\" content=\"1000\" \/>\n\t<meta property=\"og:image:height\" content=\"525\" \/>\n\t<meta property=\"og:image:type\" content=\"image\/webp\" \/>\n<meta name=\"twitter:card\" content=\"summary_large_image\" \/>\n<meta name=\"twitter:label1\" content=\"Odhadovan\u00e1 doba \u010dten\u00ed\" \/>\n\t<meta name=\"twitter:data1\" content=\"1 minuta\" \/>\n<script type=\"application\/ld+json\" class=\"yoast-schema-graph\">{\"@context\":\"https:\/\/schema.org\",\"@graph\":[{\"@type\":\"WebPage\",\"@id\":\"https:\/\/www.koupelnapro.com\/index.php\/produkt\/abb-3299h-a02182-64-levit-automaticky-spinac-pohybu-do-krabicky-ku-68-zluta-kourova-cerna-spinaci-uhel-180deg-nejprodavanejsi-67516\/\",\"url\":\"https:\/\/www.koupelnapro.com\/index.php\/produkt\/abb-3299h-a02182-64-levit-automaticky-spinac-pohybu-do-krabicky-ku-68-zluta-kourova-cerna-spinaci-uhel-180deg-nejprodavanejsi-67516\/\",\"name\":\"ABB 3299H-A02182 64 LEVIT Automatick\u00fd sp\u00edna\u010d pohybu do krabi\u010dky KU 68 \u017elut\u00e1\/kou\u0159ov\u00e1 \u010dern\u00e1 sp\u00ednac\u00ed \u00fahel 180\u00b0 Nejprod\u00e1van\u011bj\u0161\u00ed -\",\"isPartOf\":{\"@id\":\"https:\/\/www.koupelnapro.com\/#website\"},\"primaryImageOfPage\":{\"@id\":\"https:\/\/www.koupelnapro.com\/index.php\/produkt\/abb-3299h-a02182-64-levit-automaticky-spinac-pohybu-do-krabicky-ku-68-zluta-kourova-cerna-spinaci-uhel-180deg-nejprodavanejsi-67516\/#primaryimage\"},\"image\":{\"@id\":\"https:\/\/www.koupelnapro.com\/index.php\/produkt\/abb-3299h-a02182-64-levit-automaticky-spinac-pohybu-do-krabicky-ku-68-zluta-kourova-cerna-spinaci-uhel-180deg-nejprodavanejsi-67516\/#primaryimage\"},\"thumbnailUrl\":\"https:\/\/www.koupelnapro.com\/wp-content\/uploads\/2026\/SK0005150-CZ20260425-091623-0-1777079785-abb-3299h-a02182-64-levit-automaticky-spinac-pohybu-do-krab.webp\",\"datePublished\":\"2026-04-26T09:18:09+00:00\",\"breadcrumb\":{\"@id\":\"https:\/\/www.koupelnapro.com\/index.php\/produkt\/abb-3299h-a02182-64-levit-automaticky-spinac-pohybu-do-krabicky-ku-68-zluta-kourova-cerna-spinaci-uhel-180deg-nejprodavanejsi-67516\/#breadcrumb\"},\"inLanguage\":\"cs\",\"potentialAction\":[{\"@type\":\"ReadAction\",\"target\":[\"https:\/\/www.koupelnapro.com\/index.php\/produkt\/abb-3299h-a02182-64-levit-automaticky-spinac-pohybu-do-krabicky-ku-68-zluta-kourova-cerna-spinaci-uhel-180deg-nejprodavanejsi-67516\/\"]}]},{\"@type\":\"ImageObject\",\"inLanguage\":\"cs\",\"@id\":\"https:\/\/www.koupelnapro.com\/index.php\/produkt\/abb-3299h-a02182-64-levit-automaticky-spinac-pohybu-do-krabicky-ku-68-zluta-kourova-cerna-spinaci-uhel-180deg-nejprodavanejsi-67516\/#primaryimage\",\"url\":\"https:\/\/www.koupelnapro.com\/wp-content\/uploads\/2026\/SK0005150-CZ20260425-091623-0-1777079785-abb-3299h-a02182-64-levit-automaticky-spinac-pohybu-do-krab.webp\",\"contentUrl\":\"https:\/\/www.koupelnapro.com\/wp-content\/uploads\/2026\/SK0005150-CZ20260425-091623-0-1777079785-abb-3299h-a02182-64-levit-automaticky-spinac-pohybu-do-krab.webp\",\"width\":1000,\"height\":525},{\"@type\":\"BreadcrumbList\",\"@id\":\"https:\/\/www.koupelnapro.com\/index.php\/produkt\/abb-3299h-a02182-64-levit-automaticky-spinac-pohybu-do-krabicky-ku-68-zluta-kourova-cerna-spinaci-uhel-180deg-nejprodavanejsi-67516\/#breadcrumb\",\"itemListElement\":[{\"@type\":\"ListItem\",\"position\":1,\"name\":\"Home\",\"item\":\"https:\/\/www.koupelnapro.com\/\"},{\"@type\":\"ListItem\",\"position\":2,\"name\":\"Products\",\"item\":\"https:\/\/www.koupelnapro.com\/index.php\/products\/\"},{\"@type\":\"ListItem\",\"position\":3,\"name\":\"ABB 3299H-A02182 64 LEVIT Automatick\u00fd sp\u00edna\u010d pohybu do krabi\u010dky KU 68 \u017elut\u00e1\/kou\u0159ov\u00e1 \u010dern\u00e1 sp\u00ednac\u00ed \u00fahel 180\u00b0 Nejprod\u00e1van\u011bj\u0161\u00ed\"}]},{\"@type\":\"WebSite\",\"@id\":\"https:\/\/www.koupelnapro.com\/#website\",\"url\":\"https:\/\/www.koupelnapro.com\/\",\"name\":\"\",\"description\":\"\",\"potentialAction\":[{\"@type\":\"SearchAction\",\"target\":{\"@type\":\"EntryPoint\",\"urlTemplate\":\"https:\/\/www.koupelnapro.com\/?s={search_term_string}\"},\"query-input\":{\"@type\":\"PropertyValueSpecification\",\"valueRequired\":true,\"valueName\":\"search_term_string\"}}],\"inLanguage\":\"cs\"}]}<\/script>\n<!-- \/ Yoast SEO plugin. -->","yoast_head_json":{"title":"ABB 3299H-A02182 64 LEVIT Automatick\u00fd sp\u00edna\u010d pohybu do krabi\u010dky KU 68 \u017elut\u00e1\/kou\u0159ov\u00e1 \u010dern\u00e1 sp\u00ednac\u00ed \u00fahel 180\u00b0 Nejprod\u00e1van\u011bj\u0161\u00ed -","robots":{"index":"index","follow":"follow","max-snippet":"max-snippet:-1","max-image-preview":"max-image-preview:large","max-video-preview":"max-video-preview:-1"},"canonical":"https:\/\/www.koupelnapro.com\/index.php\/produkt\/abb-3299h-a02182-64-levit-automaticky-spinac-pohybu-do-krabicky-ku-68-zluta-kourova-cerna-spinaci-uhel-180deg-nejprodavanejsi-67516\/","og_locale":"cs_CZ","og_type":"article","og_title":"ABB 3299H-A02182 64 LEVIT Automatick\u00fd sp\u00edna\u010d pohybu do krabi\u010dky KU 68 \u017elut\u00e1\/kou\u0159ov\u00e1 \u010dern\u00e1 sp\u00ednac\u00ed \u00fahel 180\u00b0 Nejprod\u00e1van\u011bj\u0161\u00ed -","og_description":"ABB 3299H-A02182 64 LEVIT Automatick\u00fd sp\u00edna\u010d pohybu do krabi\u010dky KU 68 \u017elut\u00e1\/kou\u0159ov\u00e1 \u010dern\u00e1 sp\u00ednac\u00ed \u00fahel 180\u00b0 \u00a0 Automatick\u00fd sp\u00edna\u010d pohybu ABB LEVIT je ur\u010den pro sp\u00edn\u00e1n\u00ed z\u00e1t\u011b\u017ee na z\u00e1klad\u011b pohybu osob v\u00a0prostoru p\u0159ed sn\u00edma\u010dem. Tento sn\u00edma\u010d je nutn\u00e9 zkombinovat s\u00a0vhodn\u00fdm sp\u00ednac\u00edm prvkem, kter\u00fd tento sp\u00edna\u010d ovl\u00e1d\u00e1. Um\u00ed tedy sp\u00ednat jak n\u00edzk\u00e9 z\u00e1t\u011b\u017ee v\u00a0podob\u011b LED osv\u011btlen\u00ed [&hellip;]","og_url":"https:\/\/www.koupelnapro.com\/index.php\/produkt\/abb-3299h-a02182-64-levit-automaticky-spinac-pohybu-do-krabicky-ku-68-zluta-kourova-cerna-spinaci-uhel-180deg-nejprodavanejsi-67516\/","og_image":[{"width":1000,"height":525,"url":"https:\/\/www.koupelnapro.com\/wp-content\/uploads\/2026\/SK0005150-CZ20260425-091623-0-1777079785-abb-3299h-a02182-64-levit-automaticky-spinac-pohybu-do-krab.webp","type":"image\/webp"}],"twitter_card":"summary_large_image","twitter_misc":{"Odhadovan\u00e1 doba \u010dten\u00ed":"1 minuta"},"schema":{"@context":"https:\/\/schema.org","@graph":[{"@type":"WebPage","@id":"https:\/\/www.koupelnapro.com\/index.php\/produkt\/abb-3299h-a02182-64-levit-automaticky-spinac-pohybu-do-krabicky-ku-68-zluta-kourova-cerna-spinaci-uhel-180deg-nejprodavanejsi-67516\/","url":"https:\/\/www.koupelnapro.com\/index.php\/produkt\/abb-3299h-a02182-64-levit-automaticky-spinac-pohybu-do-krabicky-ku-68-zluta-kourova-cerna-spinaci-uhel-180deg-nejprodavanejsi-67516\/","name":"ABB 3299H-A02182 64 LEVIT Automatick\u00fd sp\u00edna\u010d pohybu do krabi\u010dky KU 68 \u017elut\u00e1\/kou\u0159ov\u00e1 \u010dern\u00e1 sp\u00ednac\u00ed \u00fahel 180\u00b0 Nejprod\u00e1van\u011bj\u0161\u00ed -","isPartOf":{"@id":"https:\/\/www.koupelnapro.com\/#website"},"primaryImageOfPage":{"@id":"https:\/\/www.koupelnapro.com\/index.php\/produkt\/abb-3299h-a02182-64-levit-automaticky-spinac-pohybu-do-krabicky-ku-68-zluta-kourova-cerna-spinaci-uhel-180deg-nejprodavanejsi-67516\/#primaryimage"},"image":{"@id":"https:\/\/www.koupelnapro.com\/index.php\/produkt\/abb-3299h-a02182-64-levit-automaticky-spinac-pohybu-do-krabicky-ku-68-zluta-kourova-cerna-spinaci-uhel-180deg-nejprodavanejsi-67516\/#primaryimage"},"thumbnailUrl":"https:\/\/www.koupelnapro.com\/wp-content\/uploads\/2026\/SK0005150-CZ20260425-091623-0-1777079785-abb-3299h-a02182-64-levit-automaticky-spinac-pohybu-do-krab.webp","datePublished":"2026-04-26T09:18:09+00:00","breadcrumb":{"@id":"https:\/\/www.koupelnapro.com\/index.php\/produkt\/abb-3299h-a02182-64-levit-automaticky-spinac-pohybu-do-krabicky-ku-68-zluta-kourova-cerna-spinaci-uhel-180deg-nejprodavanejsi-67516\/#breadcrumb"},"inLanguage":"cs","potentialAction":[{"@type":"ReadAction","target":["https:\/\/www.koupelnapro.com\/index.php\/produkt\/abb-3299h-a02182-64-levit-automaticky-spinac-pohybu-do-krabicky-ku-68-zluta-kourova-cerna-spinaci-uhel-180deg-nejprodavanejsi-67516\/"]}]},{"@type":"ImageObject","inLanguage":"cs","@id":"https:\/\/www.koupelnapro.com\/index.php\/produkt\/abb-3299h-a02182-64-levit-automaticky-spinac-pohybu-do-krabicky-ku-68-zluta-kourova-cerna-spinaci-uhel-180deg-nejprodavanejsi-67516\/#primaryimage","url":"https:\/\/www.koupelnapro.com\/wp-content\/uploads\/2026\/SK0005150-CZ20260425-091623-0-1777079785-abb-3299h-a02182-64-levit-automaticky-spinac-pohybu-do-krab.webp","contentUrl":"https:\/\/www.koupelnapro.com\/wp-content\/uploads\/2026\/SK0005150-CZ20260425-091623-0-1777079785-abb-3299h-a02182-64-levit-automaticky-spinac-pohybu-do-krab.webp","width":1000,"height":525},{"@type":"BreadcrumbList","@id":"https:\/\/www.koupelnapro.com\/index.php\/produkt\/abb-3299h-a02182-64-levit-automaticky-spinac-pohybu-do-krabicky-ku-68-zluta-kourova-cerna-spinaci-uhel-180deg-nejprodavanejsi-67516\/#breadcrumb","itemListElement":[{"@type":"ListItem","position":1,"name":"Home","item":"https:\/\/www.koupelnapro.com\/"},{"@type":"ListItem","position":2,"name":"Products","item":"https:\/\/www.koupelnapro.com\/index.php\/products\/"},{"@type":"ListItem","position":3,"name":"ABB 3299H-A02182 64 LEVIT Automatick\u00fd sp\u00edna\u010d pohybu do krabi\u010dky KU 68 \u017elut\u00e1\/kou\u0159ov\u00e1 \u010dern\u00e1 sp\u00ednac\u00ed \u00fahel 180\u00b0 Nejprod\u00e1van\u011bj\u0161\u00ed"}]},{"@type":"WebSite","@id":"https:\/\/www.koupelnapro.com\/#website","url":"https:\/\/www.koupelnapro.com\/","name":"","description":"","potentialAction":[{"@type":"SearchAction","target":{"@type":"EntryPoint","urlTemplate":"https:\/\/www.koupelnapro.com\/?s={search_term_string}"},"query-input":{"@type":"PropertyValueSpecification","valueRequired":true,"valueName":"search_term_string"}}],"inLanguage":"cs"}]}},"_links":{"self":[{"href":"https:\/\/www.koupelnapro.com\/index.php\/wp-json\/wp\/v2\/product\/67516","targetHints":{"allow":["GET"]}}],"collection":[{"href":"https:\/\/www.koupelnapro.com\/index.php\/wp-json\/wp\/v2\/product"}],"about":[{"href":"https:\/\/www.koupelnapro.com\/index.php\/wp-json\/wp\/v2\/types\/product"}],"replies":[{"embeddable":true,"href":"https:\/\/www.koupelnapro.com\/index.php\/wp-json\/wp\/v2\/comments?post=67516"}],"wp:featuredmedia":[{"embeddable":true,"href":"https:\/\/www.koupelnapro.com\/index.php\/wp-json\/wp\/v2\/media\/67616"}],"wp:attachment":[{"href":"https:\/\/www.koupelnapro.com\/index.php\/wp-json\/wp\/v2\/media?parent=67516"}],"wp:term":[{"taxonomy":"product_brand","embeddable":true,"href":"https:\/\/www.koupelnapro.com\/index.php\/wp-json\/wp\/v2\/product_brand?post=67516"},{"taxonomy":"product_cat","embeddable":true,"href":"https:\/\/www.koupelnapro.com\/index.php\/wp-json\/wp\/v2\/product_cat?post=67516"},{"taxonomy":"product_tag","embeddable":true,"href":"https:\/\/www.koupelnapro.com\/index.php\/wp-json\/wp\/v2\/product_tag?post=67516"}],"curies":[{"name":"wp","href":"https:\/\/api.w.org\/{rel}","templated":true}]}}