{"id":67365,"date":"2026-04-26T09:18:08","date_gmt":"2026-04-26T09:18:08","guid":{"rendered":""},"modified":"2026-04-26T09:18:08","modified_gmt":"2026-04-26T09:18:08","slug":"termokabel-490319-prichytka-topneho-kabelu-k-plastovemu-retezu-ve-svodu-okapu-svisla-montaz-odeslani-ihned-67365","status":"publish","type":"product","link":"https:\/\/www.koupelnapro.com\/index.php\/produkt\/termokabel-490319-prichytka-topneho-kabelu-k-plastovemu-retezu-ve-svodu-okapu-svisla-montaz-odeslani-ihned-67365\/","title":{"rendered":"Termokabel 490319 P\u0159\u00edchytka topn\u00e9ho kabelu k plastov\u00e9mu \u0159et\u011bzu ve svodu okapu svisl\u00e1 mont\u00e1\u017e Odesl\u00e1n\u00ed Ihned"},"content":{"rendered":"<div id=\"e9419212\" class=\"pages\">\n<div id=\"PDDescription\" class=\"UserContentView userContent v1a v1 bs-view dcon dc150 PDDescription\" >\n<h2><span style=\"color: #008080;\">Termokabel 490319 P\u0159\u00edchytka topn\u00e9ho kabelu k plastov\u00e9mu \u0159et\u011bzu ve svodu okapu svisl\u00e1 mont\u00e1\u017e<\/span><\/h2>\n<p>Po\u0159i\u010fte si\u00a0v\u00fdhodn\u00e9 balen\u00ed 25 kus\u016f p\u0159\u00edchytek\u00a0vhodn\u00fdch k\u00a0p\u0159ipojen\u00ed topn\u00e9ho kabelu do svodu, d\u00edky kter\u00fdm kabel bezpe\u010dn\u011b zafixujete tam, kde je t\u0159eba. Topn\u00e9 kabely slou\u017e\u00ed\u00a0k\u00a0ochran\u011b potrub\u00ed \u010di okapu\u00a0p\u0159ed zamrznut\u00edm a\u00a0n\u00e1sledn\u00fdm po\u0161kozen\u00ed.<\/p>\n<p>\u00a0<\/p>\n<p>Balen\u00ed p\u0159\u00edchytek zna\u010dky K&amp;V Thermo obsahuje\u00a025 kus\u016f p\u0159\u00edchytek vyroben\u00fdch z\u00a0plastu. Jsou vhodn\u00e9 ke\u00a0stojanov\u00e9 mont\u00e1\u017ei.<\/p>\n<p>\u00a0<\/p>\n<p>Vyb\u00edrejte z\u00a0kompletn\u00ed nab\u00eddky\u00a0kvalitn\u00edho\u00a0podlahov\u00e9ho vyt\u00e1p\u011bn\u00ed r\u016fzn\u00fdch rozm\u011br\u016f\u00a0a\u00a0topn\u00fdch kabel\u016f. K\u00a0topn\u00e9 roho\u017ei si nezapome\u0148te po\u0159\u00eddit i\u00a0vhodn\u00fd\u00a0termostat. V\u00a0sortimentu na\u0161eho e-shopu\u00a0tak\u00e9 najdete\u00a0elektrick\u00e9 p\u0159\u00edmotopy,\u00a0akumula\u010dn\u00ed kamna\u00a0\u010di\u00a0s\u00e1lav\u00e9 infrapanely. Vyb\u00edrejte z\u00a0kompletn\u00ed nab\u00eddky\u00a0elektrick\u00e9ho vyt\u00e1p\u011bn\u00ed.<\/p>\n<p>\u00a0<\/p>\n<div id=\"PDTable3\" class=\"ProductDetailTableView v3a v3 bs-view dcon dc175 PDTable3\" >\n<table>\n<thead><\/thead>\n<tbody>\n<tr class=\"attribute attr_bsshop_maker\">\n<td class=\"caption\">V\u00fdrobce<\/td>\n<td class=\"value\">Termokabel<\/td>\n<\/tr>\n<\/tbody>\n<\/table><\/div>\n<\/div>\n<\/div>\n<div id=\"e9419213\" class=\"tabs\">\n","protected":false},"excerpt":{"rendered":"<p>Termokabel 490319 P\u0159\u00edchytka topn\u00e9ho kabelu k plastov\u00e9mu \u0159et\u011bzu ve svodu okapu svisl\u00e1 mont\u00e1\u017e Po\u0159i\u010fte si\u00a0v\u00fdhodn\u00e9 balen\u00ed 25 kus\u016f p\u0159\u00edchytek\u00a0vhodn\u00fdch k\u00a0p\u0159ipojen\u00ed topn\u00e9ho kabelu do svodu, d\u00edky kter\u00fdm kabel bezpe\u010dn\u011b zafixujete tam, kde je t\u0159eba. Topn\u00e9 kabely slou\u017e\u00ed\u00a0k\u00a0ochran\u011b potrub\u00ed \u010di okapu\u00a0p\u0159ed zamrznut\u00edm a\u00a0n\u00e1sledn\u00fdm po\u0161kozen\u00ed. \u00a0 Balen\u00ed p\u0159\u00edchytek zna\u010dky K&amp;V Thermo obsahuje\u00a025 kus\u016f p\u0159\u00edchytek vyroben\u00fdch z\u00a0plastu. Jsou vhodn\u00e9 [&hellip;]<\/p>\n","protected":false},"featured_media":67465,"comment_status":"open","ping_status":"open","template":"","meta":[],"product_brand":[],"product_cat":[39],"product_tag":[],"class_list":{"0":"post-67365","1":"product","2":"type-product","3":"status-publish","4":"has-post-thumbnail","6":"product_cat-topn-233-syst-233-my","8":"first","9":"instock","10":"sale","11":"shipping-taxable","12":"purchasable","13":"product-type-simple"},"yoast_head":"<!-- This site is optimized with the Yoast SEO plugin v26.8 - https:\/\/yoast.com\/product\/yoast-seo-wordpress\/ -->\n<title>Termokabel 490319 P\u0159\u00edchytka topn\u00e9ho kabelu k plastov\u00e9mu \u0159et\u011bzu ve svodu okapu svisl\u00e1 mont\u00e1\u017e Odesl\u00e1n\u00ed Ihned -<\/title>\n<meta name=\"robots\" content=\"index, follow, max-snippet:-1, max-image-preview:large, max-video-preview:-1\" \/>\n<link rel=\"canonical\" href=\"https:\/\/www.koupelnapro.com\/index.php\/produkt\/termokabel-490319-prichytka-topneho-kabelu-k-plastovemu-retezu-ve-svodu-okapu-svisla-montaz-odeslani-ihned-67365\/\" \/>\n<meta property=\"og:locale\" content=\"cs_CZ\" \/>\n<meta property=\"og:type\" content=\"article\" \/>\n<meta property=\"og:title\" content=\"Termokabel 490319 P\u0159\u00edchytka topn\u00e9ho kabelu k plastov\u00e9mu \u0159et\u011bzu ve svodu okapu svisl\u00e1 mont\u00e1\u017e Odesl\u00e1n\u00ed Ihned -\" \/>\n<meta property=\"og:description\" content=\"Termokabel 490319 P\u0159\u00edchytka topn\u00e9ho kabelu k plastov\u00e9mu \u0159et\u011bzu ve svodu okapu svisl\u00e1 mont\u00e1\u017e Po\u0159i\u010fte si\u00a0v\u00fdhodn\u00e9 balen\u00ed 25 kus\u016f p\u0159\u00edchytek\u00a0vhodn\u00fdch k\u00a0p\u0159ipojen\u00ed topn\u00e9ho kabelu do svodu, d\u00edky kter\u00fdm kabel bezpe\u010dn\u011b zafixujete tam, kde je t\u0159eba. Topn\u00e9 kabely slou\u017e\u00ed\u00a0k\u00a0ochran\u011b potrub\u00ed \u010di okapu\u00a0p\u0159ed zamrznut\u00edm a\u00a0n\u00e1sledn\u00fdm po\u0161kozen\u00ed. \u00a0 Balen\u00ed p\u0159\u00edchytek zna\u010dky K&amp;V Thermo obsahuje\u00a025 kus\u016f p\u0159\u00edchytek vyroben\u00fdch z\u00a0plastu. Jsou vhodn\u00e9 [&hellip;]\" \/>\n<meta property=\"og:url\" content=\"https:\/\/www.koupelnapro.com\/index.php\/produkt\/termokabel-490319-prichytka-topneho-kabelu-k-plastovemu-retezu-ve-svodu-okapu-svisla-montaz-odeslani-ihned-67365\/\" \/>\n<meta property=\"og:image\" content=\"https:\/\/www.koupelnapro.com\/wp-content\/uploads\/2026\/SK0005099-CZ20260425-091623-0-1777079785-termokabel-490319-prichytka-topneho-kabelu-k-plastovemu-ret.webp\" \/>\n\t<meta property=\"og:image:width\" content=\"1000\" \/>\n\t<meta property=\"og:image:height\" content=\"525\" \/>\n\t<meta property=\"og:image:type\" content=\"image\/webp\" \/>\n<meta name=\"twitter:card\" content=\"summary_large_image\" \/>\n<meta name=\"twitter:label1\" content=\"Odhadovan\u00e1 doba \u010dten\u00ed\" \/>\n\t<meta name=\"twitter:data1\" content=\"1 minuta\" \/>\n<script type=\"application\/ld+json\" class=\"yoast-schema-graph\">{\"@context\":\"https:\/\/schema.org\",\"@graph\":[{\"@type\":\"WebPage\",\"@id\":\"https:\/\/www.koupelnapro.com\/index.php\/produkt\/termokabel-490319-prichytka-topneho-kabelu-k-plastovemu-retezu-ve-svodu-okapu-svisla-montaz-odeslani-ihned-67365\/\",\"url\":\"https:\/\/www.koupelnapro.com\/index.php\/produkt\/termokabel-490319-prichytka-topneho-kabelu-k-plastovemu-retezu-ve-svodu-okapu-svisla-montaz-odeslani-ihned-67365\/\",\"name\":\"Termokabel 490319 P\u0159\u00edchytka topn\u00e9ho kabelu k plastov\u00e9mu \u0159et\u011bzu ve svodu okapu svisl\u00e1 mont\u00e1\u017e Odesl\u00e1n\u00ed Ihned -\",\"isPartOf\":{\"@id\":\"https:\/\/www.koupelnapro.com\/#website\"},\"primaryImageOfPage\":{\"@id\":\"https:\/\/www.koupelnapro.com\/index.php\/produkt\/termokabel-490319-prichytka-topneho-kabelu-k-plastovemu-retezu-ve-svodu-okapu-svisla-montaz-odeslani-ihned-67365\/#primaryimage\"},\"image\":{\"@id\":\"https:\/\/www.koupelnapro.com\/index.php\/produkt\/termokabel-490319-prichytka-topneho-kabelu-k-plastovemu-retezu-ve-svodu-okapu-svisla-montaz-odeslani-ihned-67365\/#primaryimage\"},\"thumbnailUrl\":\"https:\/\/www.koupelnapro.com\/wp-content\/uploads\/2026\/SK0005099-CZ20260425-091623-0-1777079785-termokabel-490319-prichytka-topneho-kabelu-k-plastovemu-ret.webp\",\"datePublished\":\"2026-04-26T09:18:08+00:00\",\"breadcrumb\":{\"@id\":\"https:\/\/www.koupelnapro.com\/index.php\/produkt\/termokabel-490319-prichytka-topneho-kabelu-k-plastovemu-retezu-ve-svodu-okapu-svisla-montaz-odeslani-ihned-67365\/#breadcrumb\"},\"inLanguage\":\"cs\",\"potentialAction\":[{\"@type\":\"ReadAction\",\"target\":[\"https:\/\/www.koupelnapro.com\/index.php\/produkt\/termokabel-490319-prichytka-topneho-kabelu-k-plastovemu-retezu-ve-svodu-okapu-svisla-montaz-odeslani-ihned-67365\/\"]}]},{\"@type\":\"ImageObject\",\"inLanguage\":\"cs\",\"@id\":\"https:\/\/www.koupelnapro.com\/index.php\/produkt\/termokabel-490319-prichytka-topneho-kabelu-k-plastovemu-retezu-ve-svodu-okapu-svisla-montaz-odeslani-ihned-67365\/#primaryimage\",\"url\":\"https:\/\/www.koupelnapro.com\/wp-content\/uploads\/2026\/SK0005099-CZ20260425-091623-0-1777079785-termokabel-490319-prichytka-topneho-kabelu-k-plastovemu-ret.webp\",\"contentUrl\":\"https:\/\/www.koupelnapro.com\/wp-content\/uploads\/2026\/SK0005099-CZ20260425-091623-0-1777079785-termokabel-490319-prichytka-topneho-kabelu-k-plastovemu-ret.webp\",\"width\":1000,\"height\":525},{\"@type\":\"BreadcrumbList\",\"@id\":\"https:\/\/www.koupelnapro.com\/index.php\/produkt\/termokabel-490319-prichytka-topneho-kabelu-k-plastovemu-retezu-ve-svodu-okapu-svisla-montaz-odeslani-ihned-67365\/#breadcrumb\",\"itemListElement\":[{\"@type\":\"ListItem\",\"position\":1,\"name\":\"Home\",\"item\":\"https:\/\/www.koupelnapro.com\/\"},{\"@type\":\"ListItem\",\"position\":2,\"name\":\"Products\",\"item\":\"https:\/\/www.koupelnapro.com\/index.php\/products\/\"},{\"@type\":\"ListItem\",\"position\":3,\"name\":\"Termokabel 490319 P\u0159\u00edchytka topn\u00e9ho kabelu k plastov\u00e9mu \u0159et\u011bzu ve svodu okapu svisl\u00e1 mont\u00e1\u017e Odesl\u00e1n\u00ed Ihned\"}]},{\"@type\":\"WebSite\",\"@id\":\"https:\/\/www.koupelnapro.com\/#website\",\"url\":\"https:\/\/www.koupelnapro.com\/\",\"name\":\"\",\"description\":\"\",\"potentialAction\":[{\"@type\":\"SearchAction\",\"target\":{\"@type\":\"EntryPoint\",\"urlTemplate\":\"https:\/\/www.koupelnapro.com\/?s={search_term_string}\"},\"query-input\":{\"@type\":\"PropertyValueSpecification\",\"valueRequired\":true,\"valueName\":\"search_term_string\"}}],\"inLanguage\":\"cs\"}]}<\/script>\n<!-- \/ Yoast SEO plugin. -->","yoast_head_json":{"title":"Termokabel 490319 P\u0159\u00edchytka topn\u00e9ho kabelu k plastov\u00e9mu \u0159et\u011bzu ve svodu okapu svisl\u00e1 mont\u00e1\u017e Odesl\u00e1n\u00ed Ihned -","robots":{"index":"index","follow":"follow","max-snippet":"max-snippet:-1","max-image-preview":"max-image-preview:large","max-video-preview":"max-video-preview:-1"},"canonical":"https:\/\/www.koupelnapro.com\/index.php\/produkt\/termokabel-490319-prichytka-topneho-kabelu-k-plastovemu-retezu-ve-svodu-okapu-svisla-montaz-odeslani-ihned-67365\/","og_locale":"cs_CZ","og_type":"article","og_title":"Termokabel 490319 P\u0159\u00edchytka topn\u00e9ho kabelu k plastov\u00e9mu \u0159et\u011bzu ve svodu okapu svisl\u00e1 mont\u00e1\u017e Odesl\u00e1n\u00ed Ihned -","og_description":"Termokabel 490319 P\u0159\u00edchytka topn\u00e9ho kabelu k plastov\u00e9mu \u0159et\u011bzu ve svodu okapu svisl\u00e1 mont\u00e1\u017e Po\u0159i\u010fte si\u00a0v\u00fdhodn\u00e9 balen\u00ed 25 kus\u016f p\u0159\u00edchytek\u00a0vhodn\u00fdch k\u00a0p\u0159ipojen\u00ed topn\u00e9ho kabelu do svodu, d\u00edky kter\u00fdm kabel bezpe\u010dn\u011b zafixujete tam, kde je t\u0159eba. Topn\u00e9 kabely slou\u017e\u00ed\u00a0k\u00a0ochran\u011b potrub\u00ed \u010di okapu\u00a0p\u0159ed zamrznut\u00edm a\u00a0n\u00e1sledn\u00fdm po\u0161kozen\u00ed. \u00a0 Balen\u00ed p\u0159\u00edchytek zna\u010dky K&amp;V Thermo obsahuje\u00a025 kus\u016f p\u0159\u00edchytek vyroben\u00fdch z\u00a0plastu. Jsou vhodn\u00e9 [&hellip;]","og_url":"https:\/\/www.koupelnapro.com\/index.php\/produkt\/termokabel-490319-prichytka-topneho-kabelu-k-plastovemu-retezu-ve-svodu-okapu-svisla-montaz-odeslani-ihned-67365\/","og_image":[{"width":1000,"height":525,"url":"https:\/\/www.koupelnapro.com\/wp-content\/uploads\/2026\/SK0005099-CZ20260425-091623-0-1777079785-termokabel-490319-prichytka-topneho-kabelu-k-plastovemu-ret.webp","type":"image\/webp"}],"twitter_card":"summary_large_image","twitter_misc":{"Odhadovan\u00e1 doba \u010dten\u00ed":"1 minuta"},"schema":{"@context":"https:\/\/schema.org","@graph":[{"@type":"WebPage","@id":"https:\/\/www.koupelnapro.com\/index.php\/produkt\/termokabel-490319-prichytka-topneho-kabelu-k-plastovemu-retezu-ve-svodu-okapu-svisla-montaz-odeslani-ihned-67365\/","url":"https:\/\/www.koupelnapro.com\/index.php\/produkt\/termokabel-490319-prichytka-topneho-kabelu-k-plastovemu-retezu-ve-svodu-okapu-svisla-montaz-odeslani-ihned-67365\/","name":"Termokabel 490319 P\u0159\u00edchytka topn\u00e9ho kabelu k plastov\u00e9mu \u0159et\u011bzu ve svodu okapu svisl\u00e1 mont\u00e1\u017e Odesl\u00e1n\u00ed Ihned -","isPartOf":{"@id":"https:\/\/www.koupelnapro.com\/#website"},"primaryImageOfPage":{"@id":"https:\/\/www.koupelnapro.com\/index.php\/produkt\/termokabel-490319-prichytka-topneho-kabelu-k-plastovemu-retezu-ve-svodu-okapu-svisla-montaz-odeslani-ihned-67365\/#primaryimage"},"image":{"@id":"https:\/\/www.koupelnapro.com\/index.php\/produkt\/termokabel-490319-prichytka-topneho-kabelu-k-plastovemu-retezu-ve-svodu-okapu-svisla-montaz-odeslani-ihned-67365\/#primaryimage"},"thumbnailUrl":"https:\/\/www.koupelnapro.com\/wp-content\/uploads\/2026\/SK0005099-CZ20260425-091623-0-1777079785-termokabel-490319-prichytka-topneho-kabelu-k-plastovemu-ret.webp","datePublished":"2026-04-26T09:18:08+00:00","breadcrumb":{"@id":"https:\/\/www.koupelnapro.com\/index.php\/produkt\/termokabel-490319-prichytka-topneho-kabelu-k-plastovemu-retezu-ve-svodu-okapu-svisla-montaz-odeslani-ihned-67365\/#breadcrumb"},"inLanguage":"cs","potentialAction":[{"@type":"ReadAction","target":["https:\/\/www.koupelnapro.com\/index.php\/produkt\/termokabel-490319-prichytka-topneho-kabelu-k-plastovemu-retezu-ve-svodu-okapu-svisla-montaz-odeslani-ihned-67365\/"]}]},{"@type":"ImageObject","inLanguage":"cs","@id":"https:\/\/www.koupelnapro.com\/index.php\/produkt\/termokabel-490319-prichytka-topneho-kabelu-k-plastovemu-retezu-ve-svodu-okapu-svisla-montaz-odeslani-ihned-67365\/#primaryimage","url":"https:\/\/www.koupelnapro.com\/wp-content\/uploads\/2026\/SK0005099-CZ20260425-091623-0-1777079785-termokabel-490319-prichytka-topneho-kabelu-k-plastovemu-ret.webp","contentUrl":"https:\/\/www.koupelnapro.com\/wp-content\/uploads\/2026\/SK0005099-CZ20260425-091623-0-1777079785-termokabel-490319-prichytka-topneho-kabelu-k-plastovemu-ret.webp","width":1000,"height":525},{"@type":"BreadcrumbList","@id":"https:\/\/www.koupelnapro.com\/index.php\/produkt\/termokabel-490319-prichytka-topneho-kabelu-k-plastovemu-retezu-ve-svodu-okapu-svisla-montaz-odeslani-ihned-67365\/#breadcrumb","itemListElement":[{"@type":"ListItem","position":1,"name":"Home","item":"https:\/\/www.koupelnapro.com\/"},{"@type":"ListItem","position":2,"name":"Products","item":"https:\/\/www.koupelnapro.com\/index.php\/products\/"},{"@type":"ListItem","position":3,"name":"Termokabel 490319 P\u0159\u00edchytka topn\u00e9ho kabelu k plastov\u00e9mu \u0159et\u011bzu ve svodu okapu svisl\u00e1 mont\u00e1\u017e Odesl\u00e1n\u00ed Ihned"}]},{"@type":"WebSite","@id":"https:\/\/www.koupelnapro.com\/#website","url":"https:\/\/www.koupelnapro.com\/","name":"","description":"","potentialAction":[{"@type":"SearchAction","target":{"@type":"EntryPoint","urlTemplate":"https:\/\/www.koupelnapro.com\/?s={search_term_string}"},"query-input":{"@type":"PropertyValueSpecification","valueRequired":true,"valueName":"search_term_string"}}],"inLanguage":"cs"}]}},"_links":{"self":[{"href":"https:\/\/www.koupelnapro.com\/index.php\/wp-json\/wp\/v2\/product\/67365","targetHints":{"allow":["GET"]}}],"collection":[{"href":"https:\/\/www.koupelnapro.com\/index.php\/wp-json\/wp\/v2\/product"}],"about":[{"href":"https:\/\/www.koupelnapro.com\/index.php\/wp-json\/wp\/v2\/types\/product"}],"replies":[{"embeddable":true,"href":"https:\/\/www.koupelnapro.com\/index.php\/wp-json\/wp\/v2\/comments?post=67365"}],"wp:featuredmedia":[{"embeddable":true,"href":"https:\/\/www.koupelnapro.com\/index.php\/wp-json\/wp\/v2\/media\/67465"}],"wp:attachment":[{"href":"https:\/\/www.koupelnapro.com\/index.php\/wp-json\/wp\/v2\/media?parent=67365"}],"wp:term":[{"taxonomy":"product_brand","embeddable":true,"href":"https:\/\/www.koupelnapro.com\/index.php\/wp-json\/wp\/v2\/product_brand?post=67365"},{"taxonomy":"product_cat","embeddable":true,"href":"https:\/\/www.koupelnapro.com\/index.php\/wp-json\/wp\/v2\/product_cat?post=67365"},{"taxonomy":"product_tag","embeddable":true,"href":"https:\/\/www.koupelnapro.com\/index.php\/wp-json\/wp\/v2\/product_tag?post=67365"}],"curies":[{"name":"wp","href":"https:\/\/api.w.org\/{rel}","templated":true}]}}