{"id":67364,"date":"2026-04-26T09:18:08","date_gmt":"2026-04-26T09:18:08","guid":{"rendered":""},"modified":"2026-04-26T09:18:08","modified_gmt":"2026-04-26T09:18:08","slug":"pouze-dnes-termokabel-490310-prichytka-plastova-pro-okapove-zlaby-prumer-100-vodorovna-67364","status":"publish","type":"product","link":"https:\/\/www.koupelnapro.com\/index.php\/produkt\/pouze-dnes-termokabel-490310-prichytka-plastova-pro-okapove-zlaby-prumer-100-vodorovna-67364\/","title":{"rendered":"Pouze Dnes Termokabel 490310 P\u0159\u00edchytka plastov\u00e1 pro okapov\u00e9 \u017elaby pr\u016fm\u011br 100 vodorovn\u00e1"},"content":{"rendered":"<div id=\"e9419126\" class=\"pages\">\n<div id=\"PDDescription\" class=\"UserContentView userContent v1a v1 bs-view dcon dc150 PDDescription\" >\n<h2><span style=\"color: #008080; font-size: 125%;\">Termokabel 490310 p\u0159\u00edchytka plastov\u00e1 pro okapov\u00e9 \u017elaby pr\u016fm\u011br 100 vodorovn\u00e1 <\/span><\/h2>\n<p>Speci\u00e1ln\u00ed plastov\u00e1 p\u0159\u00edchytka k\u00a0uchycen\u00ed Topn\u00e9ho kabelu do svodu. D\u00edky n\u00ed je topn\u00fd kabel bezpe\u010dn\u011b zafixov\u00e1n, kde je t\u0159eba<span style=\"color: #353535; text-transform: none; text-indent: 0px; letter-spacing: normal; font-family: Roboto, 'Adjusted Arial Fallback', Arial, sans-serif; font-size: 16px; font-style: normal; font-weight: 400; word-spacing: 0px; float: none; display: inline !important; white-space: normal; orphans: 2; widows: 2; background-color: #ffffff; font-variant-ligatures: normal; font-variant-caps: normal; -webkit-text-stroke-width: 0px; text-decoration-style: initial; text-decoration-color: initial; text-decoration-thickness: initial;\">.<\/span><\/p>\n<p>Plastov\u00e9 p\u0159\u00edchytky topn\u00fdch kabel\u016f slou\u017e\u00ed pro p\u0159ichycen\u00ed kabel\u016f ve \u017elabu nebo svodu. P\u0159\u00edchytky zaru\u010d\u00ed, aby kabely dr\u017eeli tvar a rozm\u00edst\u011bn\u00ed tak jak pot\u0159ebujete. Ve svodu dol\u016f pak pomoc\u00ed p\u0159\u00edchytek a plastov\u00e9ho \u0159et\u011bzu dr\u017e\u00ed kabel tak aby nebyl v\u00a0tahu a nepo\u0161kodil se.<\/p>\n<p>\u00a0<\/p>\n<p>Ide\u00e1ln\u00ed rozm\u00edst\u011bn\u00ed ve \u017elabu je dvakr\u00e1t a\u017e t\u0159ikr\u00e1t v\u00a0\u0159ed\u011b, ve svodu je to pak dvakr\u00e1t a to a\u017e do nez\u00e1mrzn\u00e9 hloubky. Tedy je nutn\u00e9 prot\u00e1hnout pro spr\u00e1vnou funk\u010dnost kabel\u00e1\u017e do zem\u011b p\u0159es lapa\u010d st\u0159e\u0161n\u00edch splavenin.<\/p>\n<p>\u00a0<\/p>\n<p>\u00a0<\/p>\n<div id=\"PDTable3\" class=\"ProductDetailTableView v3a v3 bs-view dcon dc175 PDTable3\" >\n<table>\n<thead><\/thead>\n<tbody>\n<tr class=\"attribute attr_bsshop_maker\">\n<td class=\"caption\">V\u00fdrobce<\/td>\n<td class=\"value\">Termokabel<\/td>\n<\/tr>\n<\/tbody>\n<\/table><\/div>\n<\/div>\n<\/div>\n<div id=\"e9419127\" class=\"tabs\">\n","protected":false},"excerpt":{"rendered":"<p>Termokabel 490310 p\u0159\u00edchytka plastov\u00e1 pro okapov\u00e9 \u017elaby pr\u016fm\u011br 100 vodorovn\u00e1 Speci\u00e1ln\u00ed plastov\u00e1 p\u0159\u00edchytka k\u00a0uchycen\u00ed Topn\u00e9ho kabelu do svodu. D\u00edky n\u00ed je topn\u00fd kabel bezpe\u010dn\u011b zafixov\u00e1n, kde je t\u0159eba. Plastov\u00e9 p\u0159\u00edchytky topn\u00fdch kabel\u016f slou\u017e\u00ed pro p\u0159ichycen\u00ed kabel\u016f ve \u017elabu nebo svodu. P\u0159\u00edchytky zaru\u010d\u00ed, aby kabely dr\u017eeli tvar a rozm\u00edst\u011bn\u00ed tak jak pot\u0159ebujete. Ve svodu dol\u016f pak [&hellip;]<\/p>\n","protected":false},"featured_media":67464,"comment_status":"open","ping_status":"open","template":"","meta":[],"product_brand":[],"product_cat":[39],"product_tag":[],"class_list":{"0":"post-67364","1":"product","2":"type-product","3":"status-publish","4":"has-post-thumbnail","6":"product_cat-topn-233-syst-233-my","8":"first","9":"instock","10":"sale","11":"shipping-taxable","12":"purchasable","13":"product-type-simple"},"yoast_head":"<!-- This site is optimized with the Yoast SEO plugin v26.8 - https:\/\/yoast.com\/product\/yoast-seo-wordpress\/ -->\n<title>Pouze Dnes Termokabel 490310 P\u0159\u00edchytka plastov\u00e1 pro okapov\u00e9 \u017elaby pr\u016fm\u011br 100 vodorovn\u00e1 -<\/title>\n<meta name=\"robots\" content=\"index, follow, max-snippet:-1, max-image-preview:large, max-video-preview:-1\" \/>\n<link rel=\"canonical\" href=\"https:\/\/www.koupelnapro.com\/index.php\/produkt\/pouze-dnes-termokabel-490310-prichytka-plastova-pro-okapove-zlaby-prumer-100-vodorovna-67364\/\" \/>\n<meta property=\"og:locale\" content=\"cs_CZ\" \/>\n<meta property=\"og:type\" content=\"article\" \/>\n<meta property=\"og:title\" content=\"Pouze Dnes Termokabel 490310 P\u0159\u00edchytka plastov\u00e1 pro okapov\u00e9 \u017elaby pr\u016fm\u011br 100 vodorovn\u00e1 -\" \/>\n<meta property=\"og:description\" content=\"Termokabel 490310 p\u0159\u00edchytka plastov\u00e1 pro okapov\u00e9 \u017elaby pr\u016fm\u011br 100 vodorovn\u00e1 Speci\u00e1ln\u00ed plastov\u00e1 p\u0159\u00edchytka k\u00a0uchycen\u00ed Topn\u00e9ho kabelu do svodu. D\u00edky n\u00ed je topn\u00fd kabel bezpe\u010dn\u011b zafixov\u00e1n, kde je t\u0159eba. Plastov\u00e9 p\u0159\u00edchytky topn\u00fdch kabel\u016f slou\u017e\u00ed pro p\u0159ichycen\u00ed kabel\u016f ve \u017elabu nebo svodu. P\u0159\u00edchytky zaru\u010d\u00ed, aby kabely dr\u017eeli tvar a rozm\u00edst\u011bn\u00ed tak jak pot\u0159ebujete. Ve svodu dol\u016f pak [&hellip;]\" \/>\n<meta property=\"og:url\" content=\"https:\/\/www.koupelnapro.com\/index.php\/produkt\/pouze-dnes-termokabel-490310-prichytka-plastova-pro-okapove-zlaby-prumer-100-vodorovna-67364\/\" \/>\n<meta property=\"og:image\" content=\"https:\/\/www.koupelnapro.com\/wp-content\/uploads\/2026\/SK0005098-CZ20260425-091623-0-1777079785-termokabel-490310-prichytka-plastova-pro-okapove-zlaby-prum.webp\" \/>\n\t<meta property=\"og:image:width\" content=\"1000\" \/>\n\t<meta property=\"og:image:height\" content=\"525\" \/>\n\t<meta property=\"og:image:type\" content=\"image\/webp\" \/>\n<meta name=\"twitter:card\" content=\"summary_large_image\" \/>\n<meta name=\"twitter:label1\" content=\"Odhadovan\u00e1 doba \u010dten\u00ed\" \/>\n\t<meta name=\"twitter:data1\" content=\"1 minuta\" \/>\n<script type=\"application\/ld+json\" class=\"yoast-schema-graph\">{\"@context\":\"https:\/\/schema.org\",\"@graph\":[{\"@type\":\"WebPage\",\"@id\":\"https:\/\/www.koupelnapro.com\/index.php\/produkt\/pouze-dnes-termokabel-490310-prichytka-plastova-pro-okapove-zlaby-prumer-100-vodorovna-67364\/\",\"url\":\"https:\/\/www.koupelnapro.com\/index.php\/produkt\/pouze-dnes-termokabel-490310-prichytka-plastova-pro-okapove-zlaby-prumer-100-vodorovna-67364\/\",\"name\":\"Pouze Dnes Termokabel 490310 P\u0159\u00edchytka plastov\u00e1 pro okapov\u00e9 \u017elaby pr\u016fm\u011br 100 vodorovn\u00e1 -\",\"isPartOf\":{\"@id\":\"https:\/\/www.koupelnapro.com\/#website\"},\"primaryImageOfPage\":{\"@id\":\"https:\/\/www.koupelnapro.com\/index.php\/produkt\/pouze-dnes-termokabel-490310-prichytka-plastova-pro-okapove-zlaby-prumer-100-vodorovna-67364\/#primaryimage\"},\"image\":{\"@id\":\"https:\/\/www.koupelnapro.com\/index.php\/produkt\/pouze-dnes-termokabel-490310-prichytka-plastova-pro-okapove-zlaby-prumer-100-vodorovna-67364\/#primaryimage\"},\"thumbnailUrl\":\"https:\/\/www.koupelnapro.com\/wp-content\/uploads\/2026\/SK0005098-CZ20260425-091623-0-1777079785-termokabel-490310-prichytka-plastova-pro-okapove-zlaby-prum.webp\",\"datePublished\":\"2026-04-26T09:18:08+00:00\",\"breadcrumb\":{\"@id\":\"https:\/\/www.koupelnapro.com\/index.php\/produkt\/pouze-dnes-termokabel-490310-prichytka-plastova-pro-okapove-zlaby-prumer-100-vodorovna-67364\/#breadcrumb\"},\"inLanguage\":\"cs\",\"potentialAction\":[{\"@type\":\"ReadAction\",\"target\":[\"https:\/\/www.koupelnapro.com\/index.php\/produkt\/pouze-dnes-termokabel-490310-prichytka-plastova-pro-okapove-zlaby-prumer-100-vodorovna-67364\/\"]}]},{\"@type\":\"ImageObject\",\"inLanguage\":\"cs\",\"@id\":\"https:\/\/www.koupelnapro.com\/index.php\/produkt\/pouze-dnes-termokabel-490310-prichytka-plastova-pro-okapove-zlaby-prumer-100-vodorovna-67364\/#primaryimage\",\"url\":\"https:\/\/www.koupelnapro.com\/wp-content\/uploads\/2026\/SK0005098-CZ20260425-091623-0-1777079785-termokabel-490310-prichytka-plastova-pro-okapove-zlaby-prum.webp\",\"contentUrl\":\"https:\/\/www.koupelnapro.com\/wp-content\/uploads\/2026\/SK0005098-CZ20260425-091623-0-1777079785-termokabel-490310-prichytka-plastova-pro-okapove-zlaby-prum.webp\",\"width\":1000,\"height\":525},{\"@type\":\"BreadcrumbList\",\"@id\":\"https:\/\/www.koupelnapro.com\/index.php\/produkt\/pouze-dnes-termokabel-490310-prichytka-plastova-pro-okapove-zlaby-prumer-100-vodorovna-67364\/#breadcrumb\",\"itemListElement\":[{\"@type\":\"ListItem\",\"position\":1,\"name\":\"Home\",\"item\":\"https:\/\/www.koupelnapro.com\/\"},{\"@type\":\"ListItem\",\"position\":2,\"name\":\"Products\",\"item\":\"https:\/\/www.koupelnapro.com\/index.php\/products\/\"},{\"@type\":\"ListItem\",\"position\":3,\"name\":\"Pouze Dnes Termokabel 490310 P\u0159\u00edchytka plastov\u00e1 pro okapov\u00e9 \u017elaby pr\u016fm\u011br 100 vodorovn\u00e1\"}]},{\"@type\":\"WebSite\",\"@id\":\"https:\/\/www.koupelnapro.com\/#website\",\"url\":\"https:\/\/www.koupelnapro.com\/\",\"name\":\"\",\"description\":\"\",\"potentialAction\":[{\"@type\":\"SearchAction\",\"target\":{\"@type\":\"EntryPoint\",\"urlTemplate\":\"https:\/\/www.koupelnapro.com\/?s={search_term_string}\"},\"query-input\":{\"@type\":\"PropertyValueSpecification\",\"valueRequired\":true,\"valueName\":\"search_term_string\"}}],\"inLanguage\":\"cs\"}]}<\/script>\n<!-- \/ Yoast SEO plugin. -->","yoast_head_json":{"title":"Pouze Dnes Termokabel 490310 P\u0159\u00edchytka plastov\u00e1 pro okapov\u00e9 \u017elaby pr\u016fm\u011br 100 vodorovn\u00e1 -","robots":{"index":"index","follow":"follow","max-snippet":"max-snippet:-1","max-image-preview":"max-image-preview:large","max-video-preview":"max-video-preview:-1"},"canonical":"https:\/\/www.koupelnapro.com\/index.php\/produkt\/pouze-dnes-termokabel-490310-prichytka-plastova-pro-okapove-zlaby-prumer-100-vodorovna-67364\/","og_locale":"cs_CZ","og_type":"article","og_title":"Pouze Dnes Termokabel 490310 P\u0159\u00edchytka plastov\u00e1 pro okapov\u00e9 \u017elaby pr\u016fm\u011br 100 vodorovn\u00e1 -","og_description":"Termokabel 490310 p\u0159\u00edchytka plastov\u00e1 pro okapov\u00e9 \u017elaby pr\u016fm\u011br 100 vodorovn\u00e1 Speci\u00e1ln\u00ed plastov\u00e1 p\u0159\u00edchytka k\u00a0uchycen\u00ed Topn\u00e9ho kabelu do svodu. D\u00edky n\u00ed je topn\u00fd kabel bezpe\u010dn\u011b zafixov\u00e1n, kde je t\u0159eba. Plastov\u00e9 p\u0159\u00edchytky topn\u00fdch kabel\u016f slou\u017e\u00ed pro p\u0159ichycen\u00ed kabel\u016f ve \u017elabu nebo svodu. P\u0159\u00edchytky zaru\u010d\u00ed, aby kabely dr\u017eeli tvar a rozm\u00edst\u011bn\u00ed tak jak pot\u0159ebujete. Ve svodu dol\u016f pak [&hellip;]","og_url":"https:\/\/www.koupelnapro.com\/index.php\/produkt\/pouze-dnes-termokabel-490310-prichytka-plastova-pro-okapove-zlaby-prumer-100-vodorovna-67364\/","og_image":[{"width":1000,"height":525,"url":"https:\/\/www.koupelnapro.com\/wp-content\/uploads\/2026\/SK0005098-CZ20260425-091623-0-1777079785-termokabel-490310-prichytka-plastova-pro-okapove-zlaby-prum.webp","type":"image\/webp"}],"twitter_card":"summary_large_image","twitter_misc":{"Odhadovan\u00e1 doba \u010dten\u00ed":"1 minuta"},"schema":{"@context":"https:\/\/schema.org","@graph":[{"@type":"WebPage","@id":"https:\/\/www.koupelnapro.com\/index.php\/produkt\/pouze-dnes-termokabel-490310-prichytka-plastova-pro-okapove-zlaby-prumer-100-vodorovna-67364\/","url":"https:\/\/www.koupelnapro.com\/index.php\/produkt\/pouze-dnes-termokabel-490310-prichytka-plastova-pro-okapove-zlaby-prumer-100-vodorovna-67364\/","name":"Pouze Dnes Termokabel 490310 P\u0159\u00edchytka plastov\u00e1 pro okapov\u00e9 \u017elaby pr\u016fm\u011br 100 vodorovn\u00e1 -","isPartOf":{"@id":"https:\/\/www.koupelnapro.com\/#website"},"primaryImageOfPage":{"@id":"https:\/\/www.koupelnapro.com\/index.php\/produkt\/pouze-dnes-termokabel-490310-prichytka-plastova-pro-okapove-zlaby-prumer-100-vodorovna-67364\/#primaryimage"},"image":{"@id":"https:\/\/www.koupelnapro.com\/index.php\/produkt\/pouze-dnes-termokabel-490310-prichytka-plastova-pro-okapove-zlaby-prumer-100-vodorovna-67364\/#primaryimage"},"thumbnailUrl":"https:\/\/www.koupelnapro.com\/wp-content\/uploads\/2026\/SK0005098-CZ20260425-091623-0-1777079785-termokabel-490310-prichytka-plastova-pro-okapove-zlaby-prum.webp","datePublished":"2026-04-26T09:18:08+00:00","breadcrumb":{"@id":"https:\/\/www.koupelnapro.com\/index.php\/produkt\/pouze-dnes-termokabel-490310-prichytka-plastova-pro-okapove-zlaby-prumer-100-vodorovna-67364\/#breadcrumb"},"inLanguage":"cs","potentialAction":[{"@type":"ReadAction","target":["https:\/\/www.koupelnapro.com\/index.php\/produkt\/pouze-dnes-termokabel-490310-prichytka-plastova-pro-okapove-zlaby-prumer-100-vodorovna-67364\/"]}]},{"@type":"ImageObject","inLanguage":"cs","@id":"https:\/\/www.koupelnapro.com\/index.php\/produkt\/pouze-dnes-termokabel-490310-prichytka-plastova-pro-okapove-zlaby-prumer-100-vodorovna-67364\/#primaryimage","url":"https:\/\/www.koupelnapro.com\/wp-content\/uploads\/2026\/SK0005098-CZ20260425-091623-0-1777079785-termokabel-490310-prichytka-plastova-pro-okapove-zlaby-prum.webp","contentUrl":"https:\/\/www.koupelnapro.com\/wp-content\/uploads\/2026\/SK0005098-CZ20260425-091623-0-1777079785-termokabel-490310-prichytka-plastova-pro-okapove-zlaby-prum.webp","width":1000,"height":525},{"@type":"BreadcrumbList","@id":"https:\/\/www.koupelnapro.com\/index.php\/produkt\/pouze-dnes-termokabel-490310-prichytka-plastova-pro-okapove-zlaby-prumer-100-vodorovna-67364\/#breadcrumb","itemListElement":[{"@type":"ListItem","position":1,"name":"Home","item":"https:\/\/www.koupelnapro.com\/"},{"@type":"ListItem","position":2,"name":"Products","item":"https:\/\/www.koupelnapro.com\/index.php\/products\/"},{"@type":"ListItem","position":3,"name":"Pouze Dnes Termokabel 490310 P\u0159\u00edchytka plastov\u00e1 pro okapov\u00e9 \u017elaby pr\u016fm\u011br 100 vodorovn\u00e1"}]},{"@type":"WebSite","@id":"https:\/\/www.koupelnapro.com\/#website","url":"https:\/\/www.koupelnapro.com\/","name":"","description":"","potentialAction":[{"@type":"SearchAction","target":{"@type":"EntryPoint","urlTemplate":"https:\/\/www.koupelnapro.com\/?s={search_term_string}"},"query-input":{"@type":"PropertyValueSpecification","valueRequired":true,"valueName":"search_term_string"}}],"inLanguage":"cs"}]}},"_links":{"self":[{"href":"https:\/\/www.koupelnapro.com\/index.php\/wp-json\/wp\/v2\/product\/67364","targetHints":{"allow":["GET"]}}],"collection":[{"href":"https:\/\/www.koupelnapro.com\/index.php\/wp-json\/wp\/v2\/product"}],"about":[{"href":"https:\/\/www.koupelnapro.com\/index.php\/wp-json\/wp\/v2\/types\/product"}],"replies":[{"embeddable":true,"href":"https:\/\/www.koupelnapro.com\/index.php\/wp-json\/wp\/v2\/comments?post=67364"}],"wp:featuredmedia":[{"embeddable":true,"href":"https:\/\/www.koupelnapro.com\/index.php\/wp-json\/wp\/v2\/media\/67464"}],"wp:attachment":[{"href":"https:\/\/www.koupelnapro.com\/index.php\/wp-json\/wp\/v2\/media?parent=67364"}],"wp:term":[{"taxonomy":"product_brand","embeddable":true,"href":"https:\/\/www.koupelnapro.com\/index.php\/wp-json\/wp\/v2\/product_brand?post=67364"},{"taxonomy":"product_cat","embeddable":true,"href":"https:\/\/www.koupelnapro.com\/index.php\/wp-json\/wp\/v2\/product_cat?post=67364"},{"taxonomy":"product_tag","embeddable":true,"href":"https:\/\/www.koupelnapro.com\/index.php\/wp-json\/wp\/v2\/product_tag?post=67364"}],"curies":[{"name":"wp","href":"https:\/\/api.w.org\/{rel}","templated":true}]}}