{"id":67319,"date":"2026-04-26T09:18:08","date_gmt":"2026-04-26T09:18:08","guid":{"rendered":""},"modified":"2026-04-26T09:18:08","modified_gmt":"2026-04-26T09:18:08","slug":"odeslani-ihned-elektrobock-pt-23-tydenni-digitalni-dotykovy-termostat-podsviceny-lcd-5a-250v-67319","status":"publish","type":"product","link":"https:\/\/www.koupelnapro.com\/index.php\/produkt\/odeslani-ihned-elektrobock-pt-23-tydenni-digitalni-dotykovy-termostat-podsviceny-lcd-5a-250v-67319\/","title":{"rendered":"Odesl\u00e1n\u00ed Ihned Elektrobock  PT 23 t\u00fddenn\u00ed digit\u00e1ln\u00ed dotykov\u00fd termostat podsv\u00edcen\u00fd LCD 5A\/250V"},"content":{"rendered":"<div id=\"e9413664\" class=\"pages\">\n<div id=\"PDDescription\" class=\"UserContentView userContent v1a v1 bs-view dcon dc150 PDDescription\" >\n<h2><span style=\"color: #008080;\">Elektrobock\u00a0 PT 23 t\u00fddenn\u00ed digit\u00e1ln\u00ed dotykov\u00fd termostat podsv\u00edcen\u00fd LCD 5A\/250V<\/span><\/h2>\n<p>Nov\u00fd termostat od firmy Elektrobock je digit\u00e1ln\u00ed a pod sv\u00edcen\u00fd. Lehk\u00e9 ovl\u00e1d\u00e1n\u00ed a zapojen\u00ed zvl\u00e1dne ka\u017ed\u00fd. M\u016f\u017eete jej namontovat jak na krabi\u010dku ve zdi tak pouze jen na ze\u010f za pomoc\u00ed dvou hmo\u017edinek. Termostat komunikuje a sp\u00edn\u00e1 v\u011bt\u0161inu 90% kotl\u016f a topn\u00fdch soustav. T\u00fddenn\u00ed nastaven\u00ed sp\u00ednac\u00edho \u010dasu, kdy m\u00e1 kotel a topen\u00ed b\u011b\u017eet V\u00e1m u\u0161et\u0159\u00ed pen\u00edze.<\/p>\n<p>\u00a0Velk\u00fd a podsv\u00edcen\u00fd displej\u00a0v kombinaci s dotykov\u00fdmi tla\u010d\u00edtky umo\u017e\u0148uje p\u0159\u00edjemn\u00e9 a intuitivn\u00ed ovl\u00e1d\u00e1n\u00ed. Ka\u017ed\u00fd stisk tla\u010d\u00edtka\u00a0je indikov\u00e1n nejen sv\u011bteln\u00fdm\u00a0ale i zvukov\u00fdm sign\u00e1lem.\u00a0Termostat je ur\u010den k ovl\u00e1d\u00e1n\u00ed plynov\u00fdch, olejov\u00fdch i elektrick\u00fdch kotl\u016f, ob\u011bhov\u00fdch \u010derpadel\u00a0a termoelektrick\u00fdch pohon\u016f.<\/p>\n<p style=\"margin: 0cm 0cm 0pt; color: #666666; text-transform: none; text-indent: 0px; letter-spacing: 0.1px; font-family: Roboto, 'Helvetica Neue', Helvetica, Arial, sans-serif; font-size: 14px; font-style: normal; font-weight: 400; word-spacing: 0px; white-space: normal; box-sizing: border-box; orphans: 2; widows: 2; background-color: #ffffff; -webkit-text-stroke-width: 0px; font-variant-ligatures: normal; font-variant-caps: normal; text-decoration-style: initial; text-decoration-color: initial;\">\u00a0<\/p>\n<p style=\"margin: 0cm 0cm 0pt; color: #666666; text-transform: none; text-indent: 0px; letter-spacing: 0.1px; font-family: Roboto, 'Helvetica Neue', Helvetica, Arial, sans-serif; font-size: 14px; font-style: normal; font-weight: 400; word-spacing: 0px; white-space: normal; box-sizing: border-box; orphans: 2; widows: 2; background-color: #ffffff; -webkit-text-stroke-width: 0px; font-variant-ligatures: normal; font-variant-caps: normal; text-decoration-style: initial; text-decoration-color: initial;\">\n<h2 style=\"color: #444444; text-transform: none; line-height: 1.1; text-indent: 0px; letter-spacing: 0.1px; font-family: Roboto, 'Helvetica Neue', Helvetica, Arial, sans-serif; font-size: 30px; font-style: normal; font-weight: 400; margin-top: 23px; margin-bottom: 11.5px; word-spacing: 0px; white-space: normal; box-sizing: border-box; orphans: 2; widows: 2; background-color: #ffffff; -webkit-text-stroke-width: 0px; font-variant-ligatures: normal; font-variant-caps: normal; text-decoration-style: initial; text-decoration-color: initial;\">Vlastnosti<\/h2>\n<ul style=\"color: #666666; text-transform: none; text-indent: 0px; letter-spacing: 0.1px; font-family: Roboto, 'Helvetica Neue', Helvetica, Arial, sans-serif; font-size: 14px; font-style: normal; font-weight: 400; margin-top: 0px; margin-bottom: 11.5px; word-spacing: 0px; white-space: normal; box-sizing: border-box; orphans: 2; widows: 2; background-color: #ffffff; -webkit-text-stroke-width: 0px; font-variant-ligatures: normal; font-variant-caps: normal; text-decoration-style: initial; text-decoration-color: initial;\">\n<li style=\"box-sizing: border-box;\">p\u0159ednastaven\u00fd t\u00fddenn\u00ed program<\/li>\n<li style=\"box-sizing: border-box;\">6 teplotn\u00edch zm\u011bn na den<\/li>\n<li style=\"box-sizing: border-box;\">programov\u00e1n\u00ed po 10 minut\u00e1ch a 0.5 \u00b0C<\/li>\n<li style=\"box-sizing: border-box;\">mo\u017enost programov\u00e1n\u00ed po dni\u00a0nebo Po-P\u00e1, So-Ne a Po-Ne<\/li>\n<li style=\"box-sizing: border-box;\">velk\u00fd p\u0159ehledn\u00fd podsv\u00edcen\u00fd grafick\u00fd displej<\/li>\n<li style=\"box-sizing: border-box;\">intuitivn\u00ed navigace ve vybran\u00e9m jazyku\u00a0(CZ \/ SK \/ PL \/ EN \/ DE \/ NL)<\/li>\n<li style=\"box-sizing: border-box;\">mo\u017enost nastaven\u00ed HYSTEREZE<\/li>\n<li style=\"box-sizing: border-box;\">pam\u011b\u0165 EEPROM pro trval\u00e9 uchov\u00e1n\u00ed nastaven\u00ed<\/li>\n<li style=\"box-sizing: border-box;\">re\u017eimy MANU \/ AUTO\/ DOVOLEN\u00c1 \/ OFF<\/li>\n<li style=\"box-sizing: border-box;\">sv\u011btlen\u00e1 i zvukov\u00e1 indikace tla\u010d\u00edtek<\/li>\n<li style=\"box-sizing: border-box;\">protiz\u00e1mrazov\u00e1 ochrana 3 \u00b0C<\/li>\n<li style=\"box-sizing: border-box;\">kr\u00e1tkodob\u00e1 zm\u011bna po\u017eadovan\u00e9 teploty<\/li>\n<li style=\"box-sizing: border-box;\">funkce pro otestov\u00e1n\u00ed spr\u00e1vn\u00e9ho zapojen\u00ed<\/li>\n<li style=\"box-sizing: border-box;\">automatick\u00e1 zm\u011bna LETN\u00cd \/ ZIMN\u00cd \u010das<\/li>\n<li style=\"box-sizing: border-box;\">nap\u00e1jen\u00ed alkalick\u00fdmi bateriemi 2 x 1.5 V \/ AA<\/li>\n<li style=\"box-sizing: border-box;\">indikace slab\u00e9 baterie<\/li>\n<li style=\"box-sizing: border-box;\">v\u00fdstup (bezpotenci\u00e1ln\u00ed kontakt) max. 5 A \/ 250 V A C<\/li>\n<\/ul>\n<h2 style=\"color: #444444; text-transform: none; line-height: 1.1; text-indent: 0px; letter-spacing: 0.1px; font-family: Roboto, 'Helvetica Neue', Helvetica, Arial, sans-serif; font-size: 30px; font-style: normal; font-weight: 400; margin-top: 23px; margin-bottom: 11.5px; word-spacing: 0px; white-space: normal; box-sizing: border-box; orphans: 2; widows: 2; background-color: #ffffff; -webkit-text-stroke-width: 0px; font-variant-ligatures: normal; font-variant-caps: normal; text-decoration-style: initial; text-decoration-color: initial;\">Technick\u00e9 parametry<\/h2>\n<ul style=\"color: #666666; text-transform: none; text-indent: 0px; letter-spacing: 0.1px; font-family: Roboto, 'Helvetica Neue', Helvetica, Arial, sans-serif; font-size: 14px; font-style: normal; font-weight: 400; margin-top: 0px; margin-bottom: 11.5px; word-spacing: 0px; white-space: normal; box-sizing: border-box; orphans: 2; widows: 2; background-color: #ffffff; -webkit-text-stroke-width: 0px; font-variant-ligatures: normal; font-variant-caps: normal; text-decoration-style: initial; text-decoration-color: initial;\">\n<li style=\"box-sizing: border-box;\">Nap\u00e1jen\u00ed: 2 x 1.5 V alkal. baterie typ AA<\/li>\n<li style=\"box-sizing: border-box;\">Po\u010det nastaviteln\u00fdch teplot: na ka\u017ed\u00fd den 6 r\u016fzn\u00fdch teplot<\/li>\n<li style=\"box-sizing: border-box;\">Hystereze: 0.1 a\u017e 6 \u00b0C<\/li>\n<li style=\"box-sizing: border-box;\">Minim\u00e1ln\u00ed program.\u010das: 10 minut<\/li>\n<li style=\"box-sizing: border-box;\">Rozsah nastaviteln\u00fdch teplot: 5 a\u017e 39 \u00b0C<\/li>\n<li style=\"box-sizing: border-box;\">Nastaven\u00ed teplot: po 0.5 \u00b0C<\/li>\n<li style=\"box-sizing: border-box;\">Minim\u00e1ln\u00ed indika\u010dn\u00ed skok: 0.1 \u00b0C<\/li>\n<li style=\"box-sizing: border-box;\">P\u0159esnost m\u011b\u0159en\u00ed: \u00b1 0,5 \u00b0C<\/li>\n<li style=\"box-sizing: border-box;\">\u017divotnost bateri\u00ed: topn\u00e1 sez\u00f3na<\/li>\n<li style=\"box-sizing: border-box;\">Stupe\u0148 kryt\u00ed: IP20<\/li>\n<li style=\"box-sizing: border-box;\">V\u00fdstup: max. 5 A (bezpotenci\u00e1ln\u00ed kontakty)<\/li>\n<li style=\"box-sizing: border-box;\">Pracovn\u00ed teplota 0 a\u017e 40 \u00b0C<\/li>\n<\/ul>\n<p>\u00a0<\/p>\n<p>\u00a0<\/p>\n<p>\u00a0<\/p>\n<div id=\"PDTable3\" class=\"ProductDetailTableView v3a v3 bs-view dcon dc175 PDTable3\" >\n<table>\n<thead><\/thead>\n<tbody>\n<tr class=\"attribute attr_bsshop_maker\">\n<td class=\"caption\">V\u00fdrobce<\/td>\n<td class=\"value\">Elektrobock<\/td>\n<\/tr>\n<\/tbody>\n<\/table><\/div>\n<\/div>\n<\/div>\n<div id=\"e9413665\" class=\"tabs\">\n","protected":false},"excerpt":{"rendered":"<p>Elektrobock\u00a0 PT 23 t\u00fddenn\u00ed digit\u00e1ln\u00ed dotykov\u00fd termostat podsv\u00edcen\u00fd LCD 5A\/250V Nov\u00fd termostat od firmy Elektrobock je digit\u00e1ln\u00ed a pod sv\u00edcen\u00fd. Lehk\u00e9 ovl\u00e1d\u00e1n\u00ed a zapojen\u00ed zvl\u00e1dne ka\u017ed\u00fd. M\u016f\u017eete jej namontovat jak na krabi\u010dku ve zdi tak pouze jen na ze\u010f za pomoc\u00ed dvou hmo\u017edinek. Termostat komunikuje a sp\u00edn\u00e1 v\u011bt\u0161inu 90% kotl\u016f a topn\u00fdch soustav. T\u00fddenn\u00ed nastaven\u00ed [&hellip;]<\/p>\n","protected":false},"featured_media":67419,"comment_status":"open","ping_status":"open","template":"","meta":[],"product_brand":[],"product_cat":[39],"product_tag":[],"class_list":{"0":"post-67319","1":"product","2":"type-product","3":"status-publish","4":"has-post-thumbnail","6":"product_cat-topn-233-syst-233-my","8":"first","9":"instock","10":"sale","11":"shipping-taxable","12":"purchasable","13":"product-type-simple"},"yoast_head":"<!-- This site is optimized with the Yoast SEO plugin v26.8 - https:\/\/yoast.com\/product\/yoast-seo-wordpress\/ -->\n<title>Odesl\u00e1n\u00ed Ihned Elektrobock PT 23 t\u00fddenn\u00ed digit\u00e1ln\u00ed dotykov\u00fd termostat podsv\u00edcen\u00fd LCD 5A\/250V -<\/title>\n<meta name=\"robots\" content=\"index, follow, max-snippet:-1, max-image-preview:large, max-video-preview:-1\" \/>\n<link rel=\"canonical\" href=\"https:\/\/www.koupelnapro.com\/index.php\/produkt\/odeslani-ihned-elektrobock-pt-23-tydenni-digitalni-dotykovy-termostat-podsviceny-lcd-5a-250v-67319\/\" \/>\n<meta property=\"og:locale\" content=\"cs_CZ\" \/>\n<meta property=\"og:type\" content=\"article\" \/>\n<meta property=\"og:title\" content=\"Odesl\u00e1n\u00ed Ihned Elektrobock PT 23 t\u00fddenn\u00ed digit\u00e1ln\u00ed dotykov\u00fd termostat podsv\u00edcen\u00fd LCD 5A\/250V -\" \/>\n<meta property=\"og:description\" content=\"Elektrobock\u00a0 PT 23 t\u00fddenn\u00ed digit\u00e1ln\u00ed dotykov\u00fd termostat podsv\u00edcen\u00fd LCD 5A\/250V Nov\u00fd termostat od firmy Elektrobock je digit\u00e1ln\u00ed a pod sv\u00edcen\u00fd. Lehk\u00e9 ovl\u00e1d\u00e1n\u00ed a zapojen\u00ed zvl\u00e1dne ka\u017ed\u00fd. M\u016f\u017eete jej namontovat jak na krabi\u010dku ve zdi tak pouze jen na ze\u010f za pomoc\u00ed dvou hmo\u017edinek. Termostat komunikuje a sp\u00edn\u00e1 v\u011bt\u0161inu 90% kotl\u016f a topn\u00fdch soustav. T\u00fddenn\u00ed nastaven\u00ed [&hellip;]\" \/>\n<meta property=\"og:url\" content=\"https:\/\/www.koupelnapro.com\/index.php\/produkt\/odeslani-ihned-elektrobock-pt-23-tydenni-digitalni-dotykovy-termostat-podsviceny-lcd-5a-250v-67319\/\" \/>\n<meta property=\"og:image\" content=\"https:\/\/www.koupelnapro.com\/wp-content\/uploads\/2026\/SK0005053-CZ20260425-091623-0-1777079785-elektrobock-pt-23-tydenni-digitalni-dotykovy-termostat-pods.webp\" \/>\n\t<meta property=\"og:image:width\" content=\"1000\" \/>\n\t<meta property=\"og:image:height\" content=\"525\" \/>\n\t<meta property=\"og:image:type\" content=\"image\/webp\" \/>\n<meta name=\"twitter:card\" content=\"summary_large_image\" \/>\n<meta name=\"twitter:label1\" content=\"Odhadovan\u00e1 doba \u010dten\u00ed\" \/>\n\t<meta name=\"twitter:data1\" content=\"2 minuty\" \/>\n<script type=\"application\/ld+json\" class=\"yoast-schema-graph\">{\"@context\":\"https:\/\/schema.org\",\"@graph\":[{\"@type\":\"WebPage\",\"@id\":\"https:\/\/www.koupelnapro.com\/index.php\/produkt\/odeslani-ihned-elektrobock-pt-23-tydenni-digitalni-dotykovy-termostat-podsviceny-lcd-5a-250v-67319\/\",\"url\":\"https:\/\/www.koupelnapro.com\/index.php\/produkt\/odeslani-ihned-elektrobock-pt-23-tydenni-digitalni-dotykovy-termostat-podsviceny-lcd-5a-250v-67319\/\",\"name\":\"Odesl\u00e1n\u00ed Ihned Elektrobock PT 23 t\u00fddenn\u00ed digit\u00e1ln\u00ed dotykov\u00fd termostat podsv\u00edcen\u00fd LCD 5A\/250V -\",\"isPartOf\":{\"@id\":\"https:\/\/www.koupelnapro.com\/#website\"},\"primaryImageOfPage\":{\"@id\":\"https:\/\/www.koupelnapro.com\/index.php\/produkt\/odeslani-ihned-elektrobock-pt-23-tydenni-digitalni-dotykovy-termostat-podsviceny-lcd-5a-250v-67319\/#primaryimage\"},\"image\":{\"@id\":\"https:\/\/www.koupelnapro.com\/index.php\/produkt\/odeslani-ihned-elektrobock-pt-23-tydenni-digitalni-dotykovy-termostat-podsviceny-lcd-5a-250v-67319\/#primaryimage\"},\"thumbnailUrl\":\"https:\/\/www.koupelnapro.com\/wp-content\/uploads\/2026\/SK0005053-CZ20260425-091623-0-1777079785-elektrobock-pt-23-tydenni-digitalni-dotykovy-termostat-pods.webp\",\"datePublished\":\"2026-04-26T09:18:08+00:00\",\"breadcrumb\":{\"@id\":\"https:\/\/www.koupelnapro.com\/index.php\/produkt\/odeslani-ihned-elektrobock-pt-23-tydenni-digitalni-dotykovy-termostat-podsviceny-lcd-5a-250v-67319\/#breadcrumb\"},\"inLanguage\":\"cs\",\"potentialAction\":[{\"@type\":\"ReadAction\",\"target\":[\"https:\/\/www.koupelnapro.com\/index.php\/produkt\/odeslani-ihned-elektrobock-pt-23-tydenni-digitalni-dotykovy-termostat-podsviceny-lcd-5a-250v-67319\/\"]}]},{\"@type\":\"ImageObject\",\"inLanguage\":\"cs\",\"@id\":\"https:\/\/www.koupelnapro.com\/index.php\/produkt\/odeslani-ihned-elektrobock-pt-23-tydenni-digitalni-dotykovy-termostat-podsviceny-lcd-5a-250v-67319\/#primaryimage\",\"url\":\"https:\/\/www.koupelnapro.com\/wp-content\/uploads\/2026\/SK0005053-CZ20260425-091623-0-1777079785-elektrobock-pt-23-tydenni-digitalni-dotykovy-termostat-pods.webp\",\"contentUrl\":\"https:\/\/www.koupelnapro.com\/wp-content\/uploads\/2026\/SK0005053-CZ20260425-091623-0-1777079785-elektrobock-pt-23-tydenni-digitalni-dotykovy-termostat-pods.webp\",\"width\":1000,\"height\":525},{\"@type\":\"BreadcrumbList\",\"@id\":\"https:\/\/www.koupelnapro.com\/index.php\/produkt\/odeslani-ihned-elektrobock-pt-23-tydenni-digitalni-dotykovy-termostat-podsviceny-lcd-5a-250v-67319\/#breadcrumb\",\"itemListElement\":[{\"@type\":\"ListItem\",\"position\":1,\"name\":\"Home\",\"item\":\"https:\/\/www.koupelnapro.com\/\"},{\"@type\":\"ListItem\",\"position\":2,\"name\":\"Products\",\"item\":\"https:\/\/www.koupelnapro.com\/index.php\/products\/\"},{\"@type\":\"ListItem\",\"position\":3,\"name\":\"Odesl\u00e1n\u00ed Ihned Elektrobock PT 23 t\u00fddenn\u00ed digit\u00e1ln\u00ed dotykov\u00fd termostat podsv\u00edcen\u00fd LCD 5A\/250V\"}]},{\"@type\":\"WebSite\",\"@id\":\"https:\/\/www.koupelnapro.com\/#website\",\"url\":\"https:\/\/www.koupelnapro.com\/\",\"name\":\"\",\"description\":\"\",\"potentialAction\":[{\"@type\":\"SearchAction\",\"target\":{\"@type\":\"EntryPoint\",\"urlTemplate\":\"https:\/\/www.koupelnapro.com\/?s={search_term_string}\"},\"query-input\":{\"@type\":\"PropertyValueSpecification\",\"valueRequired\":true,\"valueName\":\"search_term_string\"}}],\"inLanguage\":\"cs\"}]}<\/script>\n<!-- \/ Yoast SEO plugin. -->","yoast_head_json":{"title":"Odesl\u00e1n\u00ed Ihned Elektrobock PT 23 t\u00fddenn\u00ed digit\u00e1ln\u00ed dotykov\u00fd termostat podsv\u00edcen\u00fd LCD 5A\/250V -","robots":{"index":"index","follow":"follow","max-snippet":"max-snippet:-1","max-image-preview":"max-image-preview:large","max-video-preview":"max-video-preview:-1"},"canonical":"https:\/\/www.koupelnapro.com\/index.php\/produkt\/odeslani-ihned-elektrobock-pt-23-tydenni-digitalni-dotykovy-termostat-podsviceny-lcd-5a-250v-67319\/","og_locale":"cs_CZ","og_type":"article","og_title":"Odesl\u00e1n\u00ed Ihned Elektrobock PT 23 t\u00fddenn\u00ed digit\u00e1ln\u00ed dotykov\u00fd termostat podsv\u00edcen\u00fd LCD 5A\/250V -","og_description":"Elektrobock\u00a0 PT 23 t\u00fddenn\u00ed digit\u00e1ln\u00ed dotykov\u00fd termostat podsv\u00edcen\u00fd LCD 5A\/250V Nov\u00fd termostat od firmy Elektrobock je digit\u00e1ln\u00ed a pod sv\u00edcen\u00fd. Lehk\u00e9 ovl\u00e1d\u00e1n\u00ed a zapojen\u00ed zvl\u00e1dne ka\u017ed\u00fd. M\u016f\u017eete jej namontovat jak na krabi\u010dku ve zdi tak pouze jen na ze\u010f za pomoc\u00ed dvou hmo\u017edinek. Termostat komunikuje a sp\u00edn\u00e1 v\u011bt\u0161inu 90% kotl\u016f a topn\u00fdch soustav. T\u00fddenn\u00ed nastaven\u00ed [&hellip;]","og_url":"https:\/\/www.koupelnapro.com\/index.php\/produkt\/odeslani-ihned-elektrobock-pt-23-tydenni-digitalni-dotykovy-termostat-podsviceny-lcd-5a-250v-67319\/","og_image":[{"width":1000,"height":525,"url":"https:\/\/www.koupelnapro.com\/wp-content\/uploads\/2026\/SK0005053-CZ20260425-091623-0-1777079785-elektrobock-pt-23-tydenni-digitalni-dotykovy-termostat-pods.webp","type":"image\/webp"}],"twitter_card":"summary_large_image","twitter_misc":{"Odhadovan\u00e1 doba \u010dten\u00ed":"2 minuty"},"schema":{"@context":"https:\/\/schema.org","@graph":[{"@type":"WebPage","@id":"https:\/\/www.koupelnapro.com\/index.php\/produkt\/odeslani-ihned-elektrobock-pt-23-tydenni-digitalni-dotykovy-termostat-podsviceny-lcd-5a-250v-67319\/","url":"https:\/\/www.koupelnapro.com\/index.php\/produkt\/odeslani-ihned-elektrobock-pt-23-tydenni-digitalni-dotykovy-termostat-podsviceny-lcd-5a-250v-67319\/","name":"Odesl\u00e1n\u00ed Ihned Elektrobock PT 23 t\u00fddenn\u00ed digit\u00e1ln\u00ed dotykov\u00fd termostat podsv\u00edcen\u00fd LCD 5A\/250V -","isPartOf":{"@id":"https:\/\/www.koupelnapro.com\/#website"},"primaryImageOfPage":{"@id":"https:\/\/www.koupelnapro.com\/index.php\/produkt\/odeslani-ihned-elektrobock-pt-23-tydenni-digitalni-dotykovy-termostat-podsviceny-lcd-5a-250v-67319\/#primaryimage"},"image":{"@id":"https:\/\/www.koupelnapro.com\/index.php\/produkt\/odeslani-ihned-elektrobock-pt-23-tydenni-digitalni-dotykovy-termostat-podsviceny-lcd-5a-250v-67319\/#primaryimage"},"thumbnailUrl":"https:\/\/www.koupelnapro.com\/wp-content\/uploads\/2026\/SK0005053-CZ20260425-091623-0-1777079785-elektrobock-pt-23-tydenni-digitalni-dotykovy-termostat-pods.webp","datePublished":"2026-04-26T09:18:08+00:00","breadcrumb":{"@id":"https:\/\/www.koupelnapro.com\/index.php\/produkt\/odeslani-ihned-elektrobock-pt-23-tydenni-digitalni-dotykovy-termostat-podsviceny-lcd-5a-250v-67319\/#breadcrumb"},"inLanguage":"cs","potentialAction":[{"@type":"ReadAction","target":["https:\/\/www.koupelnapro.com\/index.php\/produkt\/odeslani-ihned-elektrobock-pt-23-tydenni-digitalni-dotykovy-termostat-podsviceny-lcd-5a-250v-67319\/"]}]},{"@type":"ImageObject","inLanguage":"cs","@id":"https:\/\/www.koupelnapro.com\/index.php\/produkt\/odeslani-ihned-elektrobock-pt-23-tydenni-digitalni-dotykovy-termostat-podsviceny-lcd-5a-250v-67319\/#primaryimage","url":"https:\/\/www.koupelnapro.com\/wp-content\/uploads\/2026\/SK0005053-CZ20260425-091623-0-1777079785-elektrobock-pt-23-tydenni-digitalni-dotykovy-termostat-pods.webp","contentUrl":"https:\/\/www.koupelnapro.com\/wp-content\/uploads\/2026\/SK0005053-CZ20260425-091623-0-1777079785-elektrobock-pt-23-tydenni-digitalni-dotykovy-termostat-pods.webp","width":1000,"height":525},{"@type":"BreadcrumbList","@id":"https:\/\/www.koupelnapro.com\/index.php\/produkt\/odeslani-ihned-elektrobock-pt-23-tydenni-digitalni-dotykovy-termostat-podsviceny-lcd-5a-250v-67319\/#breadcrumb","itemListElement":[{"@type":"ListItem","position":1,"name":"Home","item":"https:\/\/www.koupelnapro.com\/"},{"@type":"ListItem","position":2,"name":"Products","item":"https:\/\/www.koupelnapro.com\/index.php\/products\/"},{"@type":"ListItem","position":3,"name":"Odesl\u00e1n\u00ed Ihned Elektrobock PT 23 t\u00fddenn\u00ed digit\u00e1ln\u00ed dotykov\u00fd termostat podsv\u00edcen\u00fd LCD 5A\/250V"}]},{"@type":"WebSite","@id":"https:\/\/www.koupelnapro.com\/#website","url":"https:\/\/www.koupelnapro.com\/","name":"","description":"","potentialAction":[{"@type":"SearchAction","target":{"@type":"EntryPoint","urlTemplate":"https:\/\/www.koupelnapro.com\/?s={search_term_string}"},"query-input":{"@type":"PropertyValueSpecification","valueRequired":true,"valueName":"search_term_string"}}],"inLanguage":"cs"}]}},"_links":{"self":[{"href":"https:\/\/www.koupelnapro.com\/index.php\/wp-json\/wp\/v2\/product\/67319","targetHints":{"allow":["GET"]}}],"collection":[{"href":"https:\/\/www.koupelnapro.com\/index.php\/wp-json\/wp\/v2\/product"}],"about":[{"href":"https:\/\/www.koupelnapro.com\/index.php\/wp-json\/wp\/v2\/types\/product"}],"replies":[{"embeddable":true,"href":"https:\/\/www.koupelnapro.com\/index.php\/wp-json\/wp\/v2\/comments?post=67319"}],"wp:featuredmedia":[{"embeddable":true,"href":"https:\/\/www.koupelnapro.com\/index.php\/wp-json\/wp\/v2\/media\/67419"}],"wp:attachment":[{"href":"https:\/\/www.koupelnapro.com\/index.php\/wp-json\/wp\/v2\/media?parent=67319"}],"wp:term":[{"taxonomy":"product_brand","embeddable":true,"href":"https:\/\/www.koupelnapro.com\/index.php\/wp-json\/wp\/v2\/product_brand?post=67319"},{"taxonomy":"product_cat","embeddable":true,"href":"https:\/\/www.koupelnapro.com\/index.php\/wp-json\/wp\/v2\/product_cat?post=67319"},{"taxonomy":"product_tag","embeddable":true,"href":"https:\/\/www.koupelnapro.com\/index.php\/wp-json\/wp\/v2\/product_tag?post=67319"}],"curies":[{"name":"wp","href":"https:\/\/api.w.org\/{rel}","templated":true}]}}