{"id":67179,"date":"2026-04-26T09:18:07","date_gmt":"2026-04-26T09:18:07","guid":{"rendered":""},"modified":"2026-04-26T09:18:07","modified_gmt":"2026-04-26T09:18:07","slug":"elektrobock-ts20-termostatem-spinana-zasuvka-digitalni-3-40degc-230v-16a-vyhodna-nabidka-67179","status":"publish","type":"product","link":"https:\/\/www.koupelnapro.com\/index.php\/produkt\/elektrobock-ts20-termostatem-spinana-zasuvka-digitalni-3-40degc-230v-16a-vyhodna-nabidka-67179\/","title":{"rendered":"ELEKTROBOCK TS20 termostatem sp\u00ednan\u00e1 z\u00e1suvka digit\u00e1ln\u00ed +3-40\u00b0C 230V 16A V\u00fdhodn\u00e1 Nab\u00eddka"},"content":{"rendered":"<div id=\"e9407956\" class=\"pages\">\n<div id=\"PDDescription\" class=\"UserContentView userContent v1a v1 bs-view dcon dc150 PDDescription\" >\n<h2><span style=\"color: #008080;\">ELEKTROBOCK TS20 termostatem sp\u00ednan\u00e1 z\u00e1suvka digit\u00e1ln\u00ed +3-40\u00b0C 230V 16A<\/span><\/h2>\n<p>Tepeln\u011b sp\u00ednan\u00e1 z\u00e1suvka TS20 p\u0159in\u00e1\u0161\u00ed nov\u00e9 mo\u017enosti do \u00faspor a komfortu vyt\u00e1p\u011bn\u00ed pro ELEKTRICK\u00c9 topn\u00e9 soustavy.<br \/>Vlastnosti tepeln\u011b sp\u00ednan\u00e9 z\u00e1suvka TS20:<\/p>\n<p>je v oblasti topen\u00e1\u0159sk\u00e9 techniky NOVINKOU, kter\u00e1 V\u00e1m nab\u00edz\u00ed komfortn\u00ed \u0159e\u0161en\u00ed ovl\u00e1d\u00e1n\u00ed pro ELEKTRICK\u00c9 topn\u00e9 soustavy (konvektory, p\u0159\u00edmotopy, el.topn\u00e9 \u017eeb\u0159\u00edky, desky atd). Automatickou teplotn\u00ed regulac\u00ed p\u0159ipojen\u00e9ho spot\u0159ebi\u010de m\u016f\u017eete u\u0161et\u0159it a\u017e 30% energie pro topen\u00ed v dom\u00e1cnosti, kancel\u00e1\u0159i atd. Velkou v\u00fdhodou je nastaven\u00ed HYSTEREZE od 0,1\u00b0C do 6\u00b0C. Vzhledem k velk\u00fdm mo\u017enostem programu (6 \u010dasov\u00fdch \u00fasek\u016f a 3 teploty na ka\u017ed\u00fd den) si m\u016f\u017eete navolit program, kter\u00fd V\u00e1m bude vyhovovat.<br \/>V\u00fdhody tepeln\u011b sp\u00ednan\u00e9 z\u00e1suvky TS20:<\/p>\n<p>na ka\u017ed\u00fd den jin\u00fd teplotn\u00ed program<br \/>nastaven\u00ed t\u0159ech teplotn\u00edch \u00farovn\u00ed (komfortn\u00ed,\u00fasporn\u00e1, party)<br \/>mo\u017enost nastaven\u00ed HYSTEREZE (od 0,1\u00b0C do 6\u00b0C)<br \/>jednoduch\u00e9 ovl\u00e1d\u00e1n\u00ed i programov\u00e1n\u00ed<br \/>mo\u017enost kr\u00e1tkodob\u00e9 zm\u011bny teploty programu<br \/>funkce trval\u00e9ho vypnut\u00ed spot\u0159ebi\u010de (OFF)<br \/>regulace teploty po 0,5\u00b0C<br \/>p\u0159ehledn\u00fd displej<br \/>z\u00e1lohovac\u00ed baterie<\/p>\n<h3><span style=\"color: #008080;\">TECHNICK\u00c9 PARAMETRY<\/span><\/h3>\n<p>Nap\u00e1jen\u00ed 230 V\/ 50 Hz<br \/>Sp\u00ednac\u00ed prvek rel\u00e9<br \/>Hystereze 0,1\u00b0C a\u017e 6\u00b0C<br \/>Po\u010det nastaviteln\u00fdch teplot na ka\u017ed\u00fd den 6 tepl.zm\u011bn<br \/>Min. programovac\u00ed \u010das 10 min.<br \/>Rozsah nastavit. teplot +3\u00b0C a\u017e +40\u00b0C<br \/>Nastaven\u00ed teplot po 0,5\u00b0C<br \/>Min.indika\u010dn\u00ed skok 0,1\u00b0C<br \/>P\u0159esnost m\u011b\u0159en\u00ed \u00b11\u00b0C<br \/>Z\u00e1lohovac\u00ed baterie NiMh 2,4 V\/ &gt;100 hod.<br \/>Stupe\u0148 kryt\u00ed IP20<br \/>V\u00fdstup max. 16 A<br \/>Pracovn\u00ed teplota 0\u00b0C a\u017e +40\u00b0C<\/p>\n<div id=\"PDTable3\" class=\"ProductDetailTableView v3a v3 bs-view dcon dc175 PDTable3\" >\n<table>\n<thead><\/thead>\n<tbody>\n<tr class=\"attribute attr_bsshop_maker\">\n<td class=\"caption\">V\u00fdrobce<\/td>\n<td class=\"value\">Ostatn\u00ed<\/td>\n<\/tr>\n<\/tbody>\n<\/table><\/div>\n<\/div>\n<\/div>\n<div id=\"e9407957\" class=\"tabs\">\n","protected":false},"excerpt":{"rendered":"<p>ELEKTROBOCK TS20 termostatem sp\u00ednan\u00e1 z\u00e1suvka digit\u00e1ln\u00ed +3-40\u00b0C 230V 16A Tepeln\u011b sp\u00ednan\u00e1 z\u00e1suvka TS20 p\u0159in\u00e1\u0161\u00ed nov\u00e9 mo\u017enosti do \u00faspor a komfortu vyt\u00e1p\u011bn\u00ed pro ELEKTRICK\u00c9 topn\u00e9 soustavy.Vlastnosti tepeln\u011b sp\u00ednan\u00e9 z\u00e1suvka TS20: je v oblasti topen\u00e1\u0159sk\u00e9 techniky NOVINKOU, kter\u00e1 V\u00e1m nab\u00edz\u00ed komfortn\u00ed \u0159e\u0161en\u00ed ovl\u00e1d\u00e1n\u00ed pro ELEKTRICK\u00c9 topn\u00e9 soustavy (konvektory, p\u0159\u00edmotopy, el.topn\u00e9 \u017eeb\u0159\u00edky, desky atd). Automatickou teplotn\u00ed regulac\u00ed p\u0159ipojen\u00e9ho [&hellip;]<\/p>\n","protected":false},"featured_media":67279,"comment_status":"open","ping_status":"open","template":"","meta":[],"product_brand":[],"product_cat":[39],"product_tag":[],"class_list":{"0":"post-67179","1":"product","2":"type-product","3":"status-publish","4":"has-post-thumbnail","6":"product_cat-topn-233-syst-233-my","8":"first","9":"instock","10":"sale","11":"shipping-taxable","12":"purchasable","13":"product-type-simple"},"yoast_head":"<!-- This site is optimized with the Yoast SEO plugin v26.8 - https:\/\/yoast.com\/product\/yoast-seo-wordpress\/ -->\n<title>ELEKTROBOCK TS20 termostatem sp\u00ednan\u00e1 z\u00e1suvka digit\u00e1ln\u00ed +3-40\u00b0C 230V 16A V\u00fdhodn\u00e1 Nab\u00eddka -<\/title>\n<meta name=\"robots\" content=\"index, follow, max-snippet:-1, max-image-preview:large, max-video-preview:-1\" \/>\n<link rel=\"canonical\" href=\"https:\/\/www.koupelnapro.com\/index.php\/produkt\/elektrobock-ts20-termostatem-spinana-zasuvka-digitalni-3-40degc-230v-16a-vyhodna-nabidka-67179\/\" \/>\n<meta property=\"og:locale\" content=\"cs_CZ\" \/>\n<meta property=\"og:type\" content=\"article\" \/>\n<meta property=\"og:title\" content=\"ELEKTROBOCK TS20 termostatem sp\u00ednan\u00e1 z\u00e1suvka digit\u00e1ln\u00ed +3-40\u00b0C 230V 16A V\u00fdhodn\u00e1 Nab\u00eddka -\" \/>\n<meta property=\"og:description\" content=\"ELEKTROBOCK TS20 termostatem sp\u00ednan\u00e1 z\u00e1suvka digit\u00e1ln\u00ed +3-40\u00b0C 230V 16A Tepeln\u011b sp\u00ednan\u00e1 z\u00e1suvka TS20 p\u0159in\u00e1\u0161\u00ed nov\u00e9 mo\u017enosti do \u00faspor a komfortu vyt\u00e1p\u011bn\u00ed pro ELEKTRICK\u00c9 topn\u00e9 soustavy.Vlastnosti tepeln\u011b sp\u00ednan\u00e9 z\u00e1suvka TS20: je v oblasti topen\u00e1\u0159sk\u00e9 techniky NOVINKOU, kter\u00e1 V\u00e1m nab\u00edz\u00ed komfortn\u00ed \u0159e\u0161en\u00ed ovl\u00e1d\u00e1n\u00ed pro ELEKTRICK\u00c9 topn\u00e9 soustavy (konvektory, p\u0159\u00edmotopy, el.topn\u00e9 \u017eeb\u0159\u00edky, desky atd). Automatickou teplotn\u00ed regulac\u00ed p\u0159ipojen\u00e9ho [&hellip;]\" \/>\n<meta property=\"og:url\" content=\"https:\/\/www.koupelnapro.com\/index.php\/produkt\/elektrobock-ts20-termostatem-spinana-zasuvka-digitalni-3-40degc-230v-16a-vyhodna-nabidka-67179\/\" \/>\n<meta property=\"og:image\" content=\"https:\/\/www.koupelnapro.com\/wp-content\/uploads\/2026\/SK0005009-CZ20260425-091623-0-1777079785-elektrobock-ts20-termostatem-spinana-zasuvka-digitalni-3-40.webp\" \/>\n\t<meta property=\"og:image:width\" content=\"1000\" \/>\n\t<meta property=\"og:image:height\" content=\"525\" \/>\n\t<meta property=\"og:image:type\" content=\"image\/webp\" \/>\n<meta name=\"twitter:card\" content=\"summary_large_image\" \/>\n<meta name=\"twitter:label1\" content=\"Odhadovan\u00e1 doba \u010dten\u00ed\" \/>\n\t<meta name=\"twitter:data1\" content=\"1 minuta\" \/>\n<script type=\"application\/ld+json\" class=\"yoast-schema-graph\">{\"@context\":\"https:\/\/schema.org\",\"@graph\":[{\"@type\":\"WebPage\",\"@id\":\"https:\/\/www.koupelnapro.com\/index.php\/produkt\/elektrobock-ts20-termostatem-spinana-zasuvka-digitalni-3-40degc-230v-16a-vyhodna-nabidka-67179\/\",\"url\":\"https:\/\/www.koupelnapro.com\/index.php\/produkt\/elektrobock-ts20-termostatem-spinana-zasuvka-digitalni-3-40degc-230v-16a-vyhodna-nabidka-67179\/\",\"name\":\"ELEKTROBOCK TS20 termostatem sp\u00ednan\u00e1 z\u00e1suvka digit\u00e1ln\u00ed +3-40\u00b0C 230V 16A V\u00fdhodn\u00e1 Nab\u00eddka -\",\"isPartOf\":{\"@id\":\"https:\/\/www.koupelnapro.com\/#website\"},\"primaryImageOfPage\":{\"@id\":\"https:\/\/www.koupelnapro.com\/index.php\/produkt\/elektrobock-ts20-termostatem-spinana-zasuvka-digitalni-3-40degc-230v-16a-vyhodna-nabidka-67179\/#primaryimage\"},\"image\":{\"@id\":\"https:\/\/www.koupelnapro.com\/index.php\/produkt\/elektrobock-ts20-termostatem-spinana-zasuvka-digitalni-3-40degc-230v-16a-vyhodna-nabidka-67179\/#primaryimage\"},\"thumbnailUrl\":\"https:\/\/www.koupelnapro.com\/wp-content\/uploads\/2026\/SK0005009-CZ20260425-091623-0-1777079785-elektrobock-ts20-termostatem-spinana-zasuvka-digitalni-3-40.webp\",\"datePublished\":\"2026-04-26T09:18:07+00:00\",\"breadcrumb\":{\"@id\":\"https:\/\/www.koupelnapro.com\/index.php\/produkt\/elektrobock-ts20-termostatem-spinana-zasuvka-digitalni-3-40degc-230v-16a-vyhodna-nabidka-67179\/#breadcrumb\"},\"inLanguage\":\"cs\",\"potentialAction\":[{\"@type\":\"ReadAction\",\"target\":[\"https:\/\/www.koupelnapro.com\/index.php\/produkt\/elektrobock-ts20-termostatem-spinana-zasuvka-digitalni-3-40degc-230v-16a-vyhodna-nabidka-67179\/\"]}]},{\"@type\":\"ImageObject\",\"inLanguage\":\"cs\",\"@id\":\"https:\/\/www.koupelnapro.com\/index.php\/produkt\/elektrobock-ts20-termostatem-spinana-zasuvka-digitalni-3-40degc-230v-16a-vyhodna-nabidka-67179\/#primaryimage\",\"url\":\"https:\/\/www.koupelnapro.com\/wp-content\/uploads\/2026\/SK0005009-CZ20260425-091623-0-1777079785-elektrobock-ts20-termostatem-spinana-zasuvka-digitalni-3-40.webp\",\"contentUrl\":\"https:\/\/www.koupelnapro.com\/wp-content\/uploads\/2026\/SK0005009-CZ20260425-091623-0-1777079785-elektrobock-ts20-termostatem-spinana-zasuvka-digitalni-3-40.webp\",\"width\":1000,\"height\":525},{\"@type\":\"BreadcrumbList\",\"@id\":\"https:\/\/www.koupelnapro.com\/index.php\/produkt\/elektrobock-ts20-termostatem-spinana-zasuvka-digitalni-3-40degc-230v-16a-vyhodna-nabidka-67179\/#breadcrumb\",\"itemListElement\":[{\"@type\":\"ListItem\",\"position\":1,\"name\":\"Home\",\"item\":\"https:\/\/www.koupelnapro.com\/\"},{\"@type\":\"ListItem\",\"position\":2,\"name\":\"Products\",\"item\":\"https:\/\/www.koupelnapro.com\/index.php\/products\/\"},{\"@type\":\"ListItem\",\"position\":3,\"name\":\"ELEKTROBOCK TS20 termostatem sp\u00ednan\u00e1 z\u00e1suvka digit\u00e1ln\u00ed +3-40\u00b0C 230V 16A V\u00fdhodn\u00e1 Nab\u00eddka\"}]},{\"@type\":\"WebSite\",\"@id\":\"https:\/\/www.koupelnapro.com\/#website\",\"url\":\"https:\/\/www.koupelnapro.com\/\",\"name\":\"\",\"description\":\"\",\"potentialAction\":[{\"@type\":\"SearchAction\",\"target\":{\"@type\":\"EntryPoint\",\"urlTemplate\":\"https:\/\/www.koupelnapro.com\/?s={search_term_string}\"},\"query-input\":{\"@type\":\"PropertyValueSpecification\",\"valueRequired\":true,\"valueName\":\"search_term_string\"}}],\"inLanguage\":\"cs\"}]}<\/script>\n<!-- \/ Yoast SEO plugin. -->","yoast_head_json":{"title":"ELEKTROBOCK TS20 termostatem sp\u00ednan\u00e1 z\u00e1suvka digit\u00e1ln\u00ed +3-40\u00b0C 230V 16A V\u00fdhodn\u00e1 Nab\u00eddka -","robots":{"index":"index","follow":"follow","max-snippet":"max-snippet:-1","max-image-preview":"max-image-preview:large","max-video-preview":"max-video-preview:-1"},"canonical":"https:\/\/www.koupelnapro.com\/index.php\/produkt\/elektrobock-ts20-termostatem-spinana-zasuvka-digitalni-3-40degc-230v-16a-vyhodna-nabidka-67179\/","og_locale":"cs_CZ","og_type":"article","og_title":"ELEKTROBOCK TS20 termostatem sp\u00ednan\u00e1 z\u00e1suvka digit\u00e1ln\u00ed +3-40\u00b0C 230V 16A V\u00fdhodn\u00e1 Nab\u00eddka -","og_description":"ELEKTROBOCK TS20 termostatem sp\u00ednan\u00e1 z\u00e1suvka digit\u00e1ln\u00ed +3-40\u00b0C 230V 16A Tepeln\u011b sp\u00ednan\u00e1 z\u00e1suvka TS20 p\u0159in\u00e1\u0161\u00ed nov\u00e9 mo\u017enosti do \u00faspor a komfortu vyt\u00e1p\u011bn\u00ed pro ELEKTRICK\u00c9 topn\u00e9 soustavy.Vlastnosti tepeln\u011b sp\u00ednan\u00e9 z\u00e1suvka TS20: je v oblasti topen\u00e1\u0159sk\u00e9 techniky NOVINKOU, kter\u00e1 V\u00e1m nab\u00edz\u00ed komfortn\u00ed \u0159e\u0161en\u00ed ovl\u00e1d\u00e1n\u00ed pro ELEKTRICK\u00c9 topn\u00e9 soustavy (konvektory, p\u0159\u00edmotopy, el.topn\u00e9 \u017eeb\u0159\u00edky, desky atd). Automatickou teplotn\u00ed regulac\u00ed p\u0159ipojen\u00e9ho [&hellip;]","og_url":"https:\/\/www.koupelnapro.com\/index.php\/produkt\/elektrobock-ts20-termostatem-spinana-zasuvka-digitalni-3-40degc-230v-16a-vyhodna-nabidka-67179\/","og_image":[{"width":1000,"height":525,"url":"https:\/\/www.koupelnapro.com\/wp-content\/uploads\/2026\/SK0005009-CZ20260425-091623-0-1777079785-elektrobock-ts20-termostatem-spinana-zasuvka-digitalni-3-40.webp","type":"image\/webp"}],"twitter_card":"summary_large_image","twitter_misc":{"Odhadovan\u00e1 doba \u010dten\u00ed":"1 minuta"},"schema":{"@context":"https:\/\/schema.org","@graph":[{"@type":"WebPage","@id":"https:\/\/www.koupelnapro.com\/index.php\/produkt\/elektrobock-ts20-termostatem-spinana-zasuvka-digitalni-3-40degc-230v-16a-vyhodna-nabidka-67179\/","url":"https:\/\/www.koupelnapro.com\/index.php\/produkt\/elektrobock-ts20-termostatem-spinana-zasuvka-digitalni-3-40degc-230v-16a-vyhodna-nabidka-67179\/","name":"ELEKTROBOCK TS20 termostatem sp\u00ednan\u00e1 z\u00e1suvka digit\u00e1ln\u00ed +3-40\u00b0C 230V 16A V\u00fdhodn\u00e1 Nab\u00eddka -","isPartOf":{"@id":"https:\/\/www.koupelnapro.com\/#website"},"primaryImageOfPage":{"@id":"https:\/\/www.koupelnapro.com\/index.php\/produkt\/elektrobock-ts20-termostatem-spinana-zasuvka-digitalni-3-40degc-230v-16a-vyhodna-nabidka-67179\/#primaryimage"},"image":{"@id":"https:\/\/www.koupelnapro.com\/index.php\/produkt\/elektrobock-ts20-termostatem-spinana-zasuvka-digitalni-3-40degc-230v-16a-vyhodna-nabidka-67179\/#primaryimage"},"thumbnailUrl":"https:\/\/www.koupelnapro.com\/wp-content\/uploads\/2026\/SK0005009-CZ20260425-091623-0-1777079785-elektrobock-ts20-termostatem-spinana-zasuvka-digitalni-3-40.webp","datePublished":"2026-04-26T09:18:07+00:00","breadcrumb":{"@id":"https:\/\/www.koupelnapro.com\/index.php\/produkt\/elektrobock-ts20-termostatem-spinana-zasuvka-digitalni-3-40degc-230v-16a-vyhodna-nabidka-67179\/#breadcrumb"},"inLanguage":"cs","potentialAction":[{"@type":"ReadAction","target":["https:\/\/www.koupelnapro.com\/index.php\/produkt\/elektrobock-ts20-termostatem-spinana-zasuvka-digitalni-3-40degc-230v-16a-vyhodna-nabidka-67179\/"]}]},{"@type":"ImageObject","inLanguage":"cs","@id":"https:\/\/www.koupelnapro.com\/index.php\/produkt\/elektrobock-ts20-termostatem-spinana-zasuvka-digitalni-3-40degc-230v-16a-vyhodna-nabidka-67179\/#primaryimage","url":"https:\/\/www.koupelnapro.com\/wp-content\/uploads\/2026\/SK0005009-CZ20260425-091623-0-1777079785-elektrobock-ts20-termostatem-spinana-zasuvka-digitalni-3-40.webp","contentUrl":"https:\/\/www.koupelnapro.com\/wp-content\/uploads\/2026\/SK0005009-CZ20260425-091623-0-1777079785-elektrobock-ts20-termostatem-spinana-zasuvka-digitalni-3-40.webp","width":1000,"height":525},{"@type":"BreadcrumbList","@id":"https:\/\/www.koupelnapro.com\/index.php\/produkt\/elektrobock-ts20-termostatem-spinana-zasuvka-digitalni-3-40degc-230v-16a-vyhodna-nabidka-67179\/#breadcrumb","itemListElement":[{"@type":"ListItem","position":1,"name":"Home","item":"https:\/\/www.koupelnapro.com\/"},{"@type":"ListItem","position":2,"name":"Products","item":"https:\/\/www.koupelnapro.com\/index.php\/products\/"},{"@type":"ListItem","position":3,"name":"ELEKTROBOCK TS20 termostatem sp\u00ednan\u00e1 z\u00e1suvka digit\u00e1ln\u00ed +3-40\u00b0C 230V 16A V\u00fdhodn\u00e1 Nab\u00eddka"}]},{"@type":"WebSite","@id":"https:\/\/www.koupelnapro.com\/#website","url":"https:\/\/www.koupelnapro.com\/","name":"","description":"","potentialAction":[{"@type":"SearchAction","target":{"@type":"EntryPoint","urlTemplate":"https:\/\/www.koupelnapro.com\/?s={search_term_string}"},"query-input":{"@type":"PropertyValueSpecification","valueRequired":true,"valueName":"search_term_string"}}],"inLanguage":"cs"}]}},"_links":{"self":[{"href":"https:\/\/www.koupelnapro.com\/index.php\/wp-json\/wp\/v2\/product\/67179","targetHints":{"allow":["GET"]}}],"collection":[{"href":"https:\/\/www.koupelnapro.com\/index.php\/wp-json\/wp\/v2\/product"}],"about":[{"href":"https:\/\/www.koupelnapro.com\/index.php\/wp-json\/wp\/v2\/types\/product"}],"replies":[{"embeddable":true,"href":"https:\/\/www.koupelnapro.com\/index.php\/wp-json\/wp\/v2\/comments?post=67179"}],"wp:featuredmedia":[{"embeddable":true,"href":"https:\/\/www.koupelnapro.com\/index.php\/wp-json\/wp\/v2\/media\/67279"}],"wp:attachment":[{"href":"https:\/\/www.koupelnapro.com\/index.php\/wp-json\/wp\/v2\/media?parent=67179"}],"wp:term":[{"taxonomy":"product_brand","embeddable":true,"href":"https:\/\/www.koupelnapro.com\/index.php\/wp-json\/wp\/v2\/product_brand?post=67179"},{"taxonomy":"product_cat","embeddable":true,"href":"https:\/\/www.koupelnapro.com\/index.php\/wp-json\/wp\/v2\/product_cat?post=67179"},{"taxonomy":"product_tag","embeddable":true,"href":"https:\/\/www.koupelnapro.com\/index.php\/wp-json\/wp\/v2\/product_tag?post=67179"}],"curies":[{"name":"wp","href":"https:\/\/api.w.org\/{rel}","templated":true}]}}