{"id":67133,"date":"2026-04-26T09:18:07","date_gmt":"2026-04-26T09:18:07","guid":{"rendered":""},"modified":"2026-04-26T09:18:07","modified_gmt":"2026-04-26T09:18:07","slug":"1barva-spojka-click-s-kabelem-akcni-cena-67133","status":"publish","type":"product","link":"https:\/\/www.koupelnapro.com\/index.php\/produkt\/1barva-spojka-click-s-kabelem-akcni-cena-67133\/","title":{"rendered":"1barva spojka click s kabelem Ak\u010dn\u00ed Cena"},"content":{"rendered":"<div id=\"e9398518\" class=\"pages\">\n<div id=\"PDDescription\" class=\"UserContentView userContent v1a v1 bs-view dcon dc150 PDDescription\" >\n<h2><span style=\"color: #008080;\">Spojka click s kabelem pro LED jednobarevn\u00fd p\u00e1sek &#8211; 8 a 10 mm dle varianty<\/span><\/h2>\n<p>Spojka Click s\u00a0kabelem pro jednobarevn\u00fd p\u00e1sek o\u00a0\u0161\u00ed\u0159ce 8\u00a0nebo 10\u00a0mm.Rozm\u011br jedn\u00e9 kosti\u010dky u\u00a0spojky je 13x21mm u\u00a08mm varianty, 19x21mm u\u00a010mm varianty. D\u00e9lka spojky v\u010detn\u011b kabelu je 15-17cm.<\/p>\n<p>Nevhodn\u00e9 pro LED p\u00e1sky s\u00a0hustotou 120\u00a0LED\/m.<\/p>\n<p>Tabulka n\u00ed\u017ee v\u00e1m porad\u00ed, jestli se spojka do profilu vejde.<\/p>\n<table dir=\"ltr\" border=\"1\" frame=\"border\" rules=\"all\" align=\"center\">\n<tbody>\n<tr>\n<td colspan=\"3\"><span style=\"color: #008080;\">P\u0159ehled pou\u017eit\u00ed spojek pro profily<\/span><\/td>\n<\/tr>\n<tr>\n<td>\u00a0<\/td>\n<td>Spojka 8mm<\/td>\n<td>Spojka 10mm<\/td>\n<\/tr>\n<tr>\n<td>K<\/td>\n<td>ANO<\/td>\n<td>NE<\/td>\n<\/tr>\n<tr>\n<td>\n<p>Mikro<\/p>\n<\/td>\n<td>NE<\/td>\n<td>NE<\/td>\n<\/tr>\n<tr>\n<td>Mikro 2<\/td>\n<td>NE<\/td>\n<td>NE<\/td>\n<\/tr>\n<tr>\n<td>N2<\/td>\n<td>ANO<\/td>\n<td>NE<\/td>\n<\/tr>\n<tr>\n<td>N3<\/td>\n<td>ANO<\/td>\n<td>NE<\/td>\n<\/tr>\n<tr>\n<td>N4<\/td>\n<td>ANO<\/td>\n<td>NE<\/td>\n<\/tr>\n<tr>\n<td>N5<\/td>\n<td>ANO<\/td>\n<td>NE<\/td>\n<\/tr>\n<tr>\n<td>N6B<\/td>\n<td>ANO<\/td>\n<td>NE<\/td>\n<\/tr>\n<tr>\n<td>N7<\/td>\n<td>NE<\/td>\n<td>NE<\/td>\n<\/tr>\n<tr>\n<td>N8<\/td>\n<td>ANO<\/td>\n<td>NE<\/td>\n<\/tr>\n<tr>\n<td>Pochoz\u00ed HR<\/td>\n<td>NE<\/td>\n<td>NE<\/td>\n<\/tr>\n<tr>\n<td>R1<\/td>\n<td>NE<\/td>\n<td>NE<\/td>\n<\/tr>\n<tr>\n<td>R4<\/td>\n<td>ANO<\/td>\n<td>ANO<\/td>\n<\/tr>\n<tr>\n<td>S<\/td>\n<td>NE<\/td>\n<td>NE<\/td>\n<\/tr>\n<tr>\n<td>TRIANGEL<\/td>\n<td>ANO<\/td>\n<td>NE<\/td>\n<\/tr>\n<tr>\n<td>TUBE<\/td>\n<td>NE<\/td>\n<td>NE<\/td>\n<\/tr>\n<tr>\n<td>V3B<\/td>\n<td>ANO<\/td>\n<td>NE<\/td>\n<\/tr>\n<tr>\n<td>V4 mini<\/td>\n<td>NE<\/td>\n<td>NE<\/td>\n<\/tr>\n<tr>\n<td>V5<\/td>\n<td>ANO<\/td>\n<td>NE<\/td>\n<\/tr>\n<\/tbody>\n<\/table>\n<p>\u00a0<\/p>\n<div id=\"PDTable3\" class=\"ProductDetailTableView v3a v3 bs-view dcon dc175 PDTable3\" >\n<table>\n<thead><\/thead>\n<tbody>\n<tr class=\"attribute attr_bsshop_maker\">\n<td class=\"caption\">V\u00fdrobce<\/td>\n<td class=\"value\">T-LED s.r.o.<\/td>\n<\/tr>\n<\/tbody>\n<\/table><\/div>\n<\/div>\n<\/div>\n<div id=\"e9398519\" class=\"tabs\">\n","protected":false},"excerpt":{"rendered":"<p>Spojka click s kabelem pro LED jednobarevn\u00fd p\u00e1sek &#8211; 8 a 10 mm dle varianty Spojka Click s\u00a0kabelem pro jednobarevn\u00fd p\u00e1sek o\u00a0\u0161\u00ed\u0159ce 8\u00a0nebo 10\u00a0mm.Rozm\u011br jedn\u00e9 kosti\u010dky u\u00a0spojky je 13x21mm u\u00a08mm varianty, 19x21mm u\u00a010mm varianty. D\u00e9lka spojky v\u010detn\u011b kabelu je 15-17cm. Nevhodn\u00e9 pro LED p\u00e1sky s\u00a0hustotou 120\u00a0LED\/m. Tabulka n\u00ed\u017ee v\u00e1m porad\u00ed, jestli se spojka do profilu [&hellip;]<\/p>\n","protected":false},"featured_media":67233,"comment_status":"open","ping_status":"open","template":"","meta":[],"product_brand":[],"product_cat":[37],"product_tag":[],"class_list":{"0":"post-67133","1":"product","2":"type-product","3":"status-publish","4":"has-post-thumbnail","6":"product_cat-sv-237-tidla-a-led","8":"first","9":"instock","10":"sale","11":"shipping-taxable","12":"purchasable","13":"product-type-simple"},"yoast_head":"<!-- This site is optimized with the Yoast SEO plugin v26.8 - https:\/\/yoast.com\/product\/yoast-seo-wordpress\/ -->\n<title>1barva spojka click s kabelem Ak\u010dn\u00ed Cena -<\/title>\n<meta name=\"robots\" content=\"index, follow, max-snippet:-1, max-image-preview:large, max-video-preview:-1\" \/>\n<link rel=\"canonical\" href=\"https:\/\/www.koupelnapro.com\/index.php\/produkt\/1barva-spojka-click-s-kabelem-akcni-cena-67133\/\" \/>\n<meta property=\"og:locale\" content=\"cs_CZ\" \/>\n<meta property=\"og:type\" content=\"article\" \/>\n<meta property=\"og:title\" content=\"1barva spojka click s kabelem Ak\u010dn\u00ed Cena -\" \/>\n<meta property=\"og:description\" content=\"Spojka click s kabelem pro LED jednobarevn\u00fd p\u00e1sek &#8211; 8 a 10 mm dle varianty Spojka Click s\u00a0kabelem pro jednobarevn\u00fd p\u00e1sek o\u00a0\u0161\u00ed\u0159ce 8\u00a0nebo 10\u00a0mm.Rozm\u011br jedn\u00e9 kosti\u010dky u\u00a0spojky je 13x21mm u\u00a08mm varianty, 19x21mm u\u00a010mm varianty. D\u00e9lka spojky v\u010detn\u011b kabelu je 15-17cm. Nevhodn\u00e9 pro LED p\u00e1sky s\u00a0hustotou 120\u00a0LED\/m. Tabulka n\u00ed\u017ee v\u00e1m porad\u00ed, jestli se spojka do profilu [&hellip;]\" \/>\n<meta property=\"og:url\" content=\"https:\/\/www.koupelnapro.com\/index.php\/produkt\/1barva-spojka-click-s-kabelem-akcni-cena-67133\/\" \/>\n<meta property=\"og:image\" content=\"https:\/\/www.koupelnapro.com\/wp-content\/uploads\/2026\/SK0004963-CZ20260425-091623-0-1777079785-1barva-spojka-click-s-kabelem.webp\" \/>\n\t<meta property=\"og:image:width\" content=\"1000\" \/>\n\t<meta property=\"og:image:height\" content=\"525\" \/>\n\t<meta property=\"og:image:type\" content=\"image\/webp\" \/>\n<meta name=\"twitter:card\" content=\"summary_large_image\" \/>\n<meta name=\"twitter:label1\" content=\"Odhadovan\u00e1 doba \u010dten\u00ed\" \/>\n\t<meta name=\"twitter:data1\" content=\"1 minuta\" \/>\n<script type=\"application\/ld+json\" class=\"yoast-schema-graph\">{\"@context\":\"https:\/\/schema.org\",\"@graph\":[{\"@type\":\"WebPage\",\"@id\":\"https:\/\/www.koupelnapro.com\/index.php\/produkt\/1barva-spojka-click-s-kabelem-akcni-cena-67133\/\",\"url\":\"https:\/\/www.koupelnapro.com\/index.php\/produkt\/1barva-spojka-click-s-kabelem-akcni-cena-67133\/\",\"name\":\"1barva spojka click s kabelem Ak\u010dn\u00ed Cena -\",\"isPartOf\":{\"@id\":\"https:\/\/www.koupelnapro.com\/#website\"},\"primaryImageOfPage\":{\"@id\":\"https:\/\/www.koupelnapro.com\/index.php\/produkt\/1barva-spojka-click-s-kabelem-akcni-cena-67133\/#primaryimage\"},\"image\":{\"@id\":\"https:\/\/www.koupelnapro.com\/index.php\/produkt\/1barva-spojka-click-s-kabelem-akcni-cena-67133\/#primaryimage\"},\"thumbnailUrl\":\"https:\/\/www.koupelnapro.com\/wp-content\/uploads\/2026\/SK0004963-CZ20260425-091623-0-1777079785-1barva-spojka-click-s-kabelem.webp\",\"datePublished\":\"2026-04-26T09:18:07+00:00\",\"breadcrumb\":{\"@id\":\"https:\/\/www.koupelnapro.com\/index.php\/produkt\/1barva-spojka-click-s-kabelem-akcni-cena-67133\/#breadcrumb\"},\"inLanguage\":\"cs\",\"potentialAction\":[{\"@type\":\"ReadAction\",\"target\":[\"https:\/\/www.koupelnapro.com\/index.php\/produkt\/1barva-spojka-click-s-kabelem-akcni-cena-67133\/\"]}]},{\"@type\":\"ImageObject\",\"inLanguage\":\"cs\",\"@id\":\"https:\/\/www.koupelnapro.com\/index.php\/produkt\/1barva-spojka-click-s-kabelem-akcni-cena-67133\/#primaryimage\",\"url\":\"https:\/\/www.koupelnapro.com\/wp-content\/uploads\/2026\/SK0004963-CZ20260425-091623-0-1777079785-1barva-spojka-click-s-kabelem.webp\",\"contentUrl\":\"https:\/\/www.koupelnapro.com\/wp-content\/uploads\/2026\/SK0004963-CZ20260425-091623-0-1777079785-1barva-spojka-click-s-kabelem.webp\",\"width\":1000,\"height\":525},{\"@type\":\"BreadcrumbList\",\"@id\":\"https:\/\/www.koupelnapro.com\/index.php\/produkt\/1barva-spojka-click-s-kabelem-akcni-cena-67133\/#breadcrumb\",\"itemListElement\":[{\"@type\":\"ListItem\",\"position\":1,\"name\":\"Home\",\"item\":\"https:\/\/www.koupelnapro.com\/\"},{\"@type\":\"ListItem\",\"position\":2,\"name\":\"Products\",\"item\":\"https:\/\/www.koupelnapro.com\/index.php\/products\/\"},{\"@type\":\"ListItem\",\"position\":3,\"name\":\"1barva spojka click s kabelem Ak\u010dn\u00ed Cena\"}]},{\"@type\":\"WebSite\",\"@id\":\"https:\/\/www.koupelnapro.com\/#website\",\"url\":\"https:\/\/www.koupelnapro.com\/\",\"name\":\"\",\"description\":\"\",\"potentialAction\":[{\"@type\":\"SearchAction\",\"target\":{\"@type\":\"EntryPoint\",\"urlTemplate\":\"https:\/\/www.koupelnapro.com\/?s={search_term_string}\"},\"query-input\":{\"@type\":\"PropertyValueSpecification\",\"valueRequired\":true,\"valueName\":\"search_term_string\"}}],\"inLanguage\":\"cs\"}]}<\/script>\n<!-- \/ Yoast SEO plugin. -->","yoast_head_json":{"title":"1barva spojka click s kabelem Ak\u010dn\u00ed Cena -","robots":{"index":"index","follow":"follow","max-snippet":"max-snippet:-1","max-image-preview":"max-image-preview:large","max-video-preview":"max-video-preview:-1"},"canonical":"https:\/\/www.koupelnapro.com\/index.php\/produkt\/1barva-spojka-click-s-kabelem-akcni-cena-67133\/","og_locale":"cs_CZ","og_type":"article","og_title":"1barva spojka click s kabelem Ak\u010dn\u00ed Cena -","og_description":"Spojka click s kabelem pro LED jednobarevn\u00fd p\u00e1sek &#8211; 8 a 10 mm dle varianty Spojka Click s\u00a0kabelem pro jednobarevn\u00fd p\u00e1sek o\u00a0\u0161\u00ed\u0159ce 8\u00a0nebo 10\u00a0mm.Rozm\u011br jedn\u00e9 kosti\u010dky u\u00a0spojky je 13x21mm u\u00a08mm varianty, 19x21mm u\u00a010mm varianty. D\u00e9lka spojky v\u010detn\u011b kabelu je 15-17cm. Nevhodn\u00e9 pro LED p\u00e1sky s\u00a0hustotou 120\u00a0LED\/m. Tabulka n\u00ed\u017ee v\u00e1m porad\u00ed, jestli se spojka do profilu [&hellip;]","og_url":"https:\/\/www.koupelnapro.com\/index.php\/produkt\/1barva-spojka-click-s-kabelem-akcni-cena-67133\/","og_image":[{"width":1000,"height":525,"url":"https:\/\/www.koupelnapro.com\/wp-content\/uploads\/2026\/SK0004963-CZ20260425-091623-0-1777079785-1barva-spojka-click-s-kabelem.webp","type":"image\/webp"}],"twitter_card":"summary_large_image","twitter_misc":{"Odhadovan\u00e1 doba \u010dten\u00ed":"1 minuta"},"schema":{"@context":"https:\/\/schema.org","@graph":[{"@type":"WebPage","@id":"https:\/\/www.koupelnapro.com\/index.php\/produkt\/1barva-spojka-click-s-kabelem-akcni-cena-67133\/","url":"https:\/\/www.koupelnapro.com\/index.php\/produkt\/1barva-spojka-click-s-kabelem-akcni-cena-67133\/","name":"1barva spojka click s kabelem Ak\u010dn\u00ed Cena -","isPartOf":{"@id":"https:\/\/www.koupelnapro.com\/#website"},"primaryImageOfPage":{"@id":"https:\/\/www.koupelnapro.com\/index.php\/produkt\/1barva-spojka-click-s-kabelem-akcni-cena-67133\/#primaryimage"},"image":{"@id":"https:\/\/www.koupelnapro.com\/index.php\/produkt\/1barva-spojka-click-s-kabelem-akcni-cena-67133\/#primaryimage"},"thumbnailUrl":"https:\/\/www.koupelnapro.com\/wp-content\/uploads\/2026\/SK0004963-CZ20260425-091623-0-1777079785-1barva-spojka-click-s-kabelem.webp","datePublished":"2026-04-26T09:18:07+00:00","breadcrumb":{"@id":"https:\/\/www.koupelnapro.com\/index.php\/produkt\/1barva-spojka-click-s-kabelem-akcni-cena-67133\/#breadcrumb"},"inLanguage":"cs","potentialAction":[{"@type":"ReadAction","target":["https:\/\/www.koupelnapro.com\/index.php\/produkt\/1barva-spojka-click-s-kabelem-akcni-cena-67133\/"]}]},{"@type":"ImageObject","inLanguage":"cs","@id":"https:\/\/www.koupelnapro.com\/index.php\/produkt\/1barva-spojka-click-s-kabelem-akcni-cena-67133\/#primaryimage","url":"https:\/\/www.koupelnapro.com\/wp-content\/uploads\/2026\/SK0004963-CZ20260425-091623-0-1777079785-1barva-spojka-click-s-kabelem.webp","contentUrl":"https:\/\/www.koupelnapro.com\/wp-content\/uploads\/2026\/SK0004963-CZ20260425-091623-0-1777079785-1barva-spojka-click-s-kabelem.webp","width":1000,"height":525},{"@type":"BreadcrumbList","@id":"https:\/\/www.koupelnapro.com\/index.php\/produkt\/1barva-spojka-click-s-kabelem-akcni-cena-67133\/#breadcrumb","itemListElement":[{"@type":"ListItem","position":1,"name":"Home","item":"https:\/\/www.koupelnapro.com\/"},{"@type":"ListItem","position":2,"name":"Products","item":"https:\/\/www.koupelnapro.com\/index.php\/products\/"},{"@type":"ListItem","position":3,"name":"1barva spojka click s kabelem Ak\u010dn\u00ed Cena"}]},{"@type":"WebSite","@id":"https:\/\/www.koupelnapro.com\/#website","url":"https:\/\/www.koupelnapro.com\/","name":"","description":"","potentialAction":[{"@type":"SearchAction","target":{"@type":"EntryPoint","urlTemplate":"https:\/\/www.koupelnapro.com\/?s={search_term_string}"},"query-input":{"@type":"PropertyValueSpecification","valueRequired":true,"valueName":"search_term_string"}}],"inLanguage":"cs"}]}},"_links":{"self":[{"href":"https:\/\/www.koupelnapro.com\/index.php\/wp-json\/wp\/v2\/product\/67133","targetHints":{"allow":["GET"]}}],"collection":[{"href":"https:\/\/www.koupelnapro.com\/index.php\/wp-json\/wp\/v2\/product"}],"about":[{"href":"https:\/\/www.koupelnapro.com\/index.php\/wp-json\/wp\/v2\/types\/product"}],"replies":[{"embeddable":true,"href":"https:\/\/www.koupelnapro.com\/index.php\/wp-json\/wp\/v2\/comments?post=67133"}],"wp:featuredmedia":[{"embeddable":true,"href":"https:\/\/www.koupelnapro.com\/index.php\/wp-json\/wp\/v2\/media\/67233"}],"wp:attachment":[{"href":"https:\/\/www.koupelnapro.com\/index.php\/wp-json\/wp\/v2\/media?parent=67133"}],"wp:term":[{"taxonomy":"product_brand","embeddable":true,"href":"https:\/\/www.koupelnapro.com\/index.php\/wp-json\/wp\/v2\/product_brand?post=67133"},{"taxonomy":"product_cat","embeddable":true,"href":"https:\/\/www.koupelnapro.com\/index.php\/wp-json\/wp\/v2\/product_cat?post=67133"},{"taxonomy":"product_tag","embeddable":true,"href":"https:\/\/www.koupelnapro.com\/index.php\/wp-json\/wp\/v2\/product_tag?post=67133"}],"curies":[{"name":"wp","href":"https:\/\/api.w.org\/{rel}","templated":true}]}}