{"id":66707,"date":"2026-04-26T09:18:05","date_gmt":"2026-04-26T09:18:05","guid":{"rendered":""},"modified":"2026-04-26T09:18:05","modified_gmt":"2026-04-26T09:18:05","slug":"abb-1spe007717f0621-rozvodnice-nastena-36-modulu-3x12-plastova-pruhledna-dvirka-kryti-ip41-rada-mistral41w-vcetne-n-pe-svorek-22-22-cenova-bomba-66707","status":"publish","type":"product","link":"https:\/\/www.koupelnapro.com\/index.php\/produkt\/abb-1spe007717f0621-rozvodnice-nastena-36-modulu-3x12-plastova-pruhledna-dvirka-kryti-ip41-rada-mistral41w-vcetne-n-pe-svorek-22-22-cenova-bomba-66707\/","title":{"rendered":"ABB 1SPE007717F0621 Rozvodnice n\u00e1st\u011bn\u00e1, 36 Modul\u016f (3&#215;12), plastov\u00e1 pr\u016fhledn\u00e1 dv\u00ed\u0159ka, kryt\u00ed IP41, \u0159ada Mistral41W, v\u010detn\u011b N+PE svorek (22 + 22) Cenov\u00e1 Bomba"},"content":{"rendered":"<div id=\"e9360827\" class=\"pages\">\n<div id=\"PDDescription\" class=\"UserContentView userContent v1a v1 bs-view dcon dc150 PDDescription\" >\n<h2><span style=\"color: #008080;\">ABB 1SPE007717F0621 Rozvodnice n\u00e1st\u011bn\u00e1, 36 Modul\u016f (3&#215;12), plastov\u00e1 pr\u016fhledn\u00e1 dv\u00ed\u0159ka, kryt\u00ed IP41, \u0159ada Mistral41W, v\u010detn\u011b N+PE svorek (22 + 22)<\/span><\/h2>\n<p>Rozvodnice n\u00e1st\u011bn\u00e1,\u00a036 Modul\u016f, plastov\u00e1 pr\u016fhledn\u00e1 dv\u00ed\u0159ka, kryt\u00ed IP41, \u0159ada Mistral41W, v\u010detn\u011b N+PE svorek (22 + 22)<\/p>\n<p><strong><span style=\"color: #008080;\">Parametry:<\/span><\/strong><\/p>\n<p><span style=\"color: #000000;\">Rozm\u011bry: 297x659x119mm<\/span><\/p>\n<p><span style=\"color: #000000;\">36\u00a0modul\u016f<\/span><\/p>\n<p><span style=\"color: #000000;\">N+PE Svorky (22+22)<\/span><\/p>\n<p><span style=\"color: #000000;\">Plastov\u00e1 pr\u016fhledn\u00e1 dv\u00ed\u0159ka<\/span><\/p>\n<p><span style=\"color: #000000;\">IP41<\/span><\/p>\n<p><span style=\"color: #000000;\">\u0159ada Mistral41W<\/span><\/p>\n<p><span style=\"color: #000000;\">N\u00e1st\u011bnn\u00e1<\/span><\/p>\n<div id=\"PDTable3\" class=\"ProductDetailTableView v3a v3 bs-view dcon dc175 PDTable3\" >\n<table>\n<thead><\/thead>\n<tbody>\n<tr class=\"attribute attr_bsshop_maker\">\n<td class=\"caption\">V\u00fdrobce<\/td>\n<td class=\"value\">ABB Elsynn<\/td>\n<\/tr>\n<\/tbody>\n<\/table><\/div>\n<\/div>\n<\/div>\n<div id=\"e9360828\" class=\"tabs\">\n","protected":false},"excerpt":{"rendered":"<p>ABB 1SPE007717F0621 Rozvodnice n\u00e1st\u011bn\u00e1, 36 Modul\u016f (3&#215;12), plastov\u00e1 pr\u016fhledn\u00e1 dv\u00ed\u0159ka, kryt\u00ed IP41, \u0159ada Mistral41W, v\u010detn\u011b N+PE svorek (22 + 22) Rozvodnice n\u00e1st\u011bn\u00e1,\u00a036 Modul\u016f, plastov\u00e1 pr\u016fhledn\u00e1 dv\u00ed\u0159ka, kryt\u00ed IP41, \u0159ada Mistral41W, v\u010detn\u011b N+PE svorek (22 + 22) Parametry: Rozm\u011bry: 297x659x119mm 36\u00a0modul\u016f N+PE Svorky (22+22) Plastov\u00e1 pr\u016fhledn\u00e1 dv\u00ed\u0159ka IP41 \u0159ada Mistral41W N\u00e1st\u011bnn\u00e1 V\u00fdrobce ABB Elsynn<\/p>\n","protected":false},"featured_media":66807,"comment_status":"open","ping_status":"open","template":"","meta":[],"product_brand":[],"product_cat":[38],"product_tag":[],"class_list":{"0":"post-66707","1":"product","2":"type-product","3":"status-publish","4":"has-post-thumbnail","6":"product_cat-elektromateri-225-l","8":"first","9":"instock","10":"sale","11":"shipping-taxable","12":"purchasable","13":"product-type-simple"},"yoast_head":"<!-- This site is optimized with the Yoast SEO plugin v26.8 - https:\/\/yoast.com\/product\/yoast-seo-wordpress\/ -->\n<title>ABB 1SPE007717F0621 Rozvodnice n\u00e1st\u011bn\u00e1, 36 Modul\u016f (3x12), plastov\u00e1 pr\u016fhledn\u00e1 dv\u00ed\u0159ka, kryt\u00ed IP41, \u0159ada Mistral41W, v\u010detn\u011b N+PE svorek (22 + 22) Cenov\u00e1 Bomba -<\/title>\n<meta name=\"robots\" content=\"index, follow, max-snippet:-1, max-image-preview:large, max-video-preview:-1\" \/>\n<link rel=\"canonical\" href=\"https:\/\/www.koupelnapro.com\/index.php\/produkt\/abb-1spe007717f0621-rozvodnice-nastena-36-modulu-3x12-plastova-pruhledna-dvirka-kryti-ip41-rada-mistral41w-vcetne-n-pe-svorek-22-22-cenova-bomba-66707\/\" \/>\n<meta property=\"og:locale\" content=\"cs_CZ\" \/>\n<meta property=\"og:type\" content=\"article\" \/>\n<meta property=\"og:title\" content=\"ABB 1SPE007717F0621 Rozvodnice n\u00e1st\u011bn\u00e1, 36 Modul\u016f (3x12), plastov\u00e1 pr\u016fhledn\u00e1 dv\u00ed\u0159ka, kryt\u00ed IP41, \u0159ada Mistral41W, v\u010detn\u011b N+PE svorek (22 + 22) Cenov\u00e1 Bomba -\" \/>\n<meta property=\"og:description\" content=\"ABB 1SPE007717F0621 Rozvodnice n\u00e1st\u011bn\u00e1, 36 Modul\u016f (3&#215;12), plastov\u00e1 pr\u016fhledn\u00e1 dv\u00ed\u0159ka, kryt\u00ed IP41, \u0159ada Mistral41W, v\u010detn\u011b N+PE svorek (22 + 22) Rozvodnice n\u00e1st\u011bn\u00e1,\u00a036 Modul\u016f, plastov\u00e1 pr\u016fhledn\u00e1 dv\u00ed\u0159ka, kryt\u00ed IP41, \u0159ada Mistral41W, v\u010detn\u011b N+PE svorek (22 + 22) Parametry: Rozm\u011bry: 297x659x119mm 36\u00a0modul\u016f N+PE Svorky (22+22) Plastov\u00e1 pr\u016fhledn\u00e1 dv\u00ed\u0159ka IP41 \u0159ada Mistral41W N\u00e1st\u011bnn\u00e1 V\u00fdrobce ABB Elsynn\" \/>\n<meta property=\"og:url\" content=\"https:\/\/www.koupelnapro.com\/index.php\/produkt\/abb-1spe007717f0621-rozvodnice-nastena-36-modulu-3x12-plastova-pruhledna-dvirka-kryti-ip41-rada-mistral41w-vcetne-n-pe-svorek-22-22-cenova-bomba-66707\/\" \/>\n<meta property=\"og:image\" content=\"https:\/\/www.koupelnapro.com\/wp-content\/uploads\/2026\/SK0004735-CZ20260425-091623-0-1777079785-abb-1spe007717f0621-rozvodnice-nastena-36-modulu-3x12-plast.webp\" \/>\n\t<meta property=\"og:image:width\" content=\"1000\" \/>\n\t<meta property=\"og:image:height\" content=\"525\" \/>\n\t<meta property=\"og:image:type\" content=\"image\/webp\" \/>\n<meta name=\"twitter:card\" content=\"summary_large_image\" \/>\n<script type=\"application\/ld+json\" class=\"yoast-schema-graph\">{\"@context\":\"https:\/\/schema.org\",\"@graph\":[{\"@type\":\"WebPage\",\"@id\":\"https:\/\/www.koupelnapro.com\/index.php\/produkt\/abb-1spe007717f0621-rozvodnice-nastena-36-modulu-3x12-plastova-pruhledna-dvirka-kryti-ip41-rada-mistral41w-vcetne-n-pe-svorek-22-22-cenova-bomba-66707\/\",\"url\":\"https:\/\/www.koupelnapro.com\/index.php\/produkt\/abb-1spe007717f0621-rozvodnice-nastena-36-modulu-3x12-plastova-pruhledna-dvirka-kryti-ip41-rada-mistral41w-vcetne-n-pe-svorek-22-22-cenova-bomba-66707\/\",\"name\":\"ABB 1SPE007717F0621 Rozvodnice n\u00e1st\u011bn\u00e1, 36 Modul\u016f (3x12), plastov\u00e1 pr\u016fhledn\u00e1 dv\u00ed\u0159ka, kryt\u00ed IP41, \u0159ada Mistral41W, v\u010detn\u011b N+PE svorek (22 + 22) Cenov\u00e1 Bomba -\",\"isPartOf\":{\"@id\":\"https:\/\/www.koupelnapro.com\/#website\"},\"primaryImageOfPage\":{\"@id\":\"https:\/\/www.koupelnapro.com\/index.php\/produkt\/abb-1spe007717f0621-rozvodnice-nastena-36-modulu-3x12-plastova-pruhledna-dvirka-kryti-ip41-rada-mistral41w-vcetne-n-pe-svorek-22-22-cenova-bomba-66707\/#primaryimage\"},\"image\":{\"@id\":\"https:\/\/www.koupelnapro.com\/index.php\/produkt\/abb-1spe007717f0621-rozvodnice-nastena-36-modulu-3x12-plastova-pruhledna-dvirka-kryti-ip41-rada-mistral41w-vcetne-n-pe-svorek-22-22-cenova-bomba-66707\/#primaryimage\"},\"thumbnailUrl\":\"https:\/\/www.koupelnapro.com\/wp-content\/uploads\/2026\/SK0004735-CZ20260425-091623-0-1777079785-abb-1spe007717f0621-rozvodnice-nastena-36-modulu-3x12-plast.webp\",\"datePublished\":\"2026-04-26T09:18:05+00:00\",\"breadcrumb\":{\"@id\":\"https:\/\/www.koupelnapro.com\/index.php\/produkt\/abb-1spe007717f0621-rozvodnice-nastena-36-modulu-3x12-plastova-pruhledna-dvirka-kryti-ip41-rada-mistral41w-vcetne-n-pe-svorek-22-22-cenova-bomba-66707\/#breadcrumb\"},\"inLanguage\":\"cs\",\"potentialAction\":[{\"@type\":\"ReadAction\",\"target\":[\"https:\/\/www.koupelnapro.com\/index.php\/produkt\/abb-1spe007717f0621-rozvodnice-nastena-36-modulu-3x12-plastova-pruhledna-dvirka-kryti-ip41-rada-mistral41w-vcetne-n-pe-svorek-22-22-cenova-bomba-66707\/\"]}]},{\"@type\":\"ImageObject\",\"inLanguage\":\"cs\",\"@id\":\"https:\/\/www.koupelnapro.com\/index.php\/produkt\/abb-1spe007717f0621-rozvodnice-nastena-36-modulu-3x12-plastova-pruhledna-dvirka-kryti-ip41-rada-mistral41w-vcetne-n-pe-svorek-22-22-cenova-bomba-66707\/#primaryimage\",\"url\":\"https:\/\/www.koupelnapro.com\/wp-content\/uploads\/2026\/SK0004735-CZ20260425-091623-0-1777079785-abb-1spe007717f0621-rozvodnice-nastena-36-modulu-3x12-plast.webp\",\"contentUrl\":\"https:\/\/www.koupelnapro.com\/wp-content\/uploads\/2026\/SK0004735-CZ20260425-091623-0-1777079785-abb-1spe007717f0621-rozvodnice-nastena-36-modulu-3x12-plast.webp\",\"width\":1000,\"height\":525},{\"@type\":\"BreadcrumbList\",\"@id\":\"https:\/\/www.koupelnapro.com\/index.php\/produkt\/abb-1spe007717f0621-rozvodnice-nastena-36-modulu-3x12-plastova-pruhledna-dvirka-kryti-ip41-rada-mistral41w-vcetne-n-pe-svorek-22-22-cenova-bomba-66707\/#breadcrumb\",\"itemListElement\":[{\"@type\":\"ListItem\",\"position\":1,\"name\":\"Home\",\"item\":\"https:\/\/www.koupelnapro.com\/\"},{\"@type\":\"ListItem\",\"position\":2,\"name\":\"Products\",\"item\":\"https:\/\/www.koupelnapro.com\/index.php\/products\/\"},{\"@type\":\"ListItem\",\"position\":3,\"name\":\"ABB 1SPE007717F0621 Rozvodnice n\u00e1st\u011bn\u00e1, 36 Modul\u016f (3&#215;12), plastov\u00e1 pr\u016fhledn\u00e1 dv\u00ed\u0159ka, kryt\u00ed IP41, \u0159ada Mistral41W, v\u010detn\u011b N+PE svorek (22 + 22) Cenov\u00e1 Bomba\"}]},{\"@type\":\"WebSite\",\"@id\":\"https:\/\/www.koupelnapro.com\/#website\",\"url\":\"https:\/\/www.koupelnapro.com\/\",\"name\":\"\",\"description\":\"\",\"potentialAction\":[{\"@type\":\"SearchAction\",\"target\":{\"@type\":\"EntryPoint\",\"urlTemplate\":\"https:\/\/www.koupelnapro.com\/?s={search_term_string}\"},\"query-input\":{\"@type\":\"PropertyValueSpecification\",\"valueRequired\":true,\"valueName\":\"search_term_string\"}}],\"inLanguage\":\"cs\"}]}<\/script>\n<!-- \/ Yoast SEO plugin. -->","yoast_head_json":{"title":"ABB 1SPE007717F0621 Rozvodnice n\u00e1st\u011bn\u00e1, 36 Modul\u016f (3x12), plastov\u00e1 pr\u016fhledn\u00e1 dv\u00ed\u0159ka, kryt\u00ed IP41, \u0159ada Mistral41W, v\u010detn\u011b N+PE svorek (22 + 22) Cenov\u00e1 Bomba -","robots":{"index":"index","follow":"follow","max-snippet":"max-snippet:-1","max-image-preview":"max-image-preview:large","max-video-preview":"max-video-preview:-1"},"canonical":"https:\/\/www.koupelnapro.com\/index.php\/produkt\/abb-1spe007717f0621-rozvodnice-nastena-36-modulu-3x12-plastova-pruhledna-dvirka-kryti-ip41-rada-mistral41w-vcetne-n-pe-svorek-22-22-cenova-bomba-66707\/","og_locale":"cs_CZ","og_type":"article","og_title":"ABB 1SPE007717F0621 Rozvodnice n\u00e1st\u011bn\u00e1, 36 Modul\u016f (3x12), plastov\u00e1 pr\u016fhledn\u00e1 dv\u00ed\u0159ka, kryt\u00ed IP41, \u0159ada Mistral41W, v\u010detn\u011b N+PE svorek (22 + 22) Cenov\u00e1 Bomba -","og_description":"ABB 1SPE007717F0621 Rozvodnice n\u00e1st\u011bn\u00e1, 36 Modul\u016f (3&#215;12), plastov\u00e1 pr\u016fhledn\u00e1 dv\u00ed\u0159ka, kryt\u00ed IP41, \u0159ada Mistral41W, v\u010detn\u011b N+PE svorek (22 + 22) Rozvodnice n\u00e1st\u011bn\u00e1,\u00a036 Modul\u016f, plastov\u00e1 pr\u016fhledn\u00e1 dv\u00ed\u0159ka, kryt\u00ed IP41, \u0159ada Mistral41W, v\u010detn\u011b N+PE svorek (22 + 22) Parametry: Rozm\u011bry: 297x659x119mm 36\u00a0modul\u016f N+PE Svorky (22+22) Plastov\u00e1 pr\u016fhledn\u00e1 dv\u00ed\u0159ka IP41 \u0159ada Mistral41W N\u00e1st\u011bnn\u00e1 V\u00fdrobce ABB Elsynn","og_url":"https:\/\/www.koupelnapro.com\/index.php\/produkt\/abb-1spe007717f0621-rozvodnice-nastena-36-modulu-3x12-plastova-pruhledna-dvirka-kryti-ip41-rada-mistral41w-vcetne-n-pe-svorek-22-22-cenova-bomba-66707\/","og_image":[{"width":1000,"height":525,"url":"https:\/\/www.koupelnapro.com\/wp-content\/uploads\/2026\/SK0004735-CZ20260425-091623-0-1777079785-abb-1spe007717f0621-rozvodnice-nastena-36-modulu-3x12-plast.webp","type":"image\/webp"}],"twitter_card":"summary_large_image","schema":{"@context":"https:\/\/schema.org","@graph":[{"@type":"WebPage","@id":"https:\/\/www.koupelnapro.com\/index.php\/produkt\/abb-1spe007717f0621-rozvodnice-nastena-36-modulu-3x12-plastova-pruhledna-dvirka-kryti-ip41-rada-mistral41w-vcetne-n-pe-svorek-22-22-cenova-bomba-66707\/","url":"https:\/\/www.koupelnapro.com\/index.php\/produkt\/abb-1spe007717f0621-rozvodnice-nastena-36-modulu-3x12-plastova-pruhledna-dvirka-kryti-ip41-rada-mistral41w-vcetne-n-pe-svorek-22-22-cenova-bomba-66707\/","name":"ABB 1SPE007717F0621 Rozvodnice n\u00e1st\u011bn\u00e1, 36 Modul\u016f (3x12), plastov\u00e1 pr\u016fhledn\u00e1 dv\u00ed\u0159ka, kryt\u00ed IP41, \u0159ada Mistral41W, v\u010detn\u011b N+PE svorek (22 + 22) Cenov\u00e1 Bomba -","isPartOf":{"@id":"https:\/\/www.koupelnapro.com\/#website"},"primaryImageOfPage":{"@id":"https:\/\/www.koupelnapro.com\/index.php\/produkt\/abb-1spe007717f0621-rozvodnice-nastena-36-modulu-3x12-plastova-pruhledna-dvirka-kryti-ip41-rada-mistral41w-vcetne-n-pe-svorek-22-22-cenova-bomba-66707\/#primaryimage"},"image":{"@id":"https:\/\/www.koupelnapro.com\/index.php\/produkt\/abb-1spe007717f0621-rozvodnice-nastena-36-modulu-3x12-plastova-pruhledna-dvirka-kryti-ip41-rada-mistral41w-vcetne-n-pe-svorek-22-22-cenova-bomba-66707\/#primaryimage"},"thumbnailUrl":"https:\/\/www.koupelnapro.com\/wp-content\/uploads\/2026\/SK0004735-CZ20260425-091623-0-1777079785-abb-1spe007717f0621-rozvodnice-nastena-36-modulu-3x12-plast.webp","datePublished":"2026-04-26T09:18:05+00:00","breadcrumb":{"@id":"https:\/\/www.koupelnapro.com\/index.php\/produkt\/abb-1spe007717f0621-rozvodnice-nastena-36-modulu-3x12-plastova-pruhledna-dvirka-kryti-ip41-rada-mistral41w-vcetne-n-pe-svorek-22-22-cenova-bomba-66707\/#breadcrumb"},"inLanguage":"cs","potentialAction":[{"@type":"ReadAction","target":["https:\/\/www.koupelnapro.com\/index.php\/produkt\/abb-1spe007717f0621-rozvodnice-nastena-36-modulu-3x12-plastova-pruhledna-dvirka-kryti-ip41-rada-mistral41w-vcetne-n-pe-svorek-22-22-cenova-bomba-66707\/"]}]},{"@type":"ImageObject","inLanguage":"cs","@id":"https:\/\/www.koupelnapro.com\/index.php\/produkt\/abb-1spe007717f0621-rozvodnice-nastena-36-modulu-3x12-plastova-pruhledna-dvirka-kryti-ip41-rada-mistral41w-vcetne-n-pe-svorek-22-22-cenova-bomba-66707\/#primaryimage","url":"https:\/\/www.koupelnapro.com\/wp-content\/uploads\/2026\/SK0004735-CZ20260425-091623-0-1777079785-abb-1spe007717f0621-rozvodnice-nastena-36-modulu-3x12-plast.webp","contentUrl":"https:\/\/www.koupelnapro.com\/wp-content\/uploads\/2026\/SK0004735-CZ20260425-091623-0-1777079785-abb-1spe007717f0621-rozvodnice-nastena-36-modulu-3x12-plast.webp","width":1000,"height":525},{"@type":"BreadcrumbList","@id":"https:\/\/www.koupelnapro.com\/index.php\/produkt\/abb-1spe007717f0621-rozvodnice-nastena-36-modulu-3x12-plastova-pruhledna-dvirka-kryti-ip41-rada-mistral41w-vcetne-n-pe-svorek-22-22-cenova-bomba-66707\/#breadcrumb","itemListElement":[{"@type":"ListItem","position":1,"name":"Home","item":"https:\/\/www.koupelnapro.com\/"},{"@type":"ListItem","position":2,"name":"Products","item":"https:\/\/www.koupelnapro.com\/index.php\/products\/"},{"@type":"ListItem","position":3,"name":"ABB 1SPE007717F0621 Rozvodnice n\u00e1st\u011bn\u00e1, 36 Modul\u016f (3&#215;12), plastov\u00e1 pr\u016fhledn\u00e1 dv\u00ed\u0159ka, kryt\u00ed IP41, \u0159ada Mistral41W, v\u010detn\u011b N+PE svorek (22 + 22) Cenov\u00e1 Bomba"}]},{"@type":"WebSite","@id":"https:\/\/www.koupelnapro.com\/#website","url":"https:\/\/www.koupelnapro.com\/","name":"","description":"","potentialAction":[{"@type":"SearchAction","target":{"@type":"EntryPoint","urlTemplate":"https:\/\/www.koupelnapro.com\/?s={search_term_string}"},"query-input":{"@type":"PropertyValueSpecification","valueRequired":true,"valueName":"search_term_string"}}],"inLanguage":"cs"}]}},"_links":{"self":[{"href":"https:\/\/www.koupelnapro.com\/index.php\/wp-json\/wp\/v2\/product\/66707","targetHints":{"allow":["GET"]}}],"collection":[{"href":"https:\/\/www.koupelnapro.com\/index.php\/wp-json\/wp\/v2\/product"}],"about":[{"href":"https:\/\/www.koupelnapro.com\/index.php\/wp-json\/wp\/v2\/types\/product"}],"replies":[{"embeddable":true,"href":"https:\/\/www.koupelnapro.com\/index.php\/wp-json\/wp\/v2\/comments?post=66707"}],"wp:featuredmedia":[{"embeddable":true,"href":"https:\/\/www.koupelnapro.com\/index.php\/wp-json\/wp\/v2\/media\/66807"}],"wp:attachment":[{"href":"https:\/\/www.koupelnapro.com\/index.php\/wp-json\/wp\/v2\/media?parent=66707"}],"wp:term":[{"taxonomy":"product_brand","embeddable":true,"href":"https:\/\/www.koupelnapro.com\/index.php\/wp-json\/wp\/v2\/product_brand?post=66707"},{"taxonomy":"product_cat","embeddable":true,"href":"https:\/\/www.koupelnapro.com\/index.php\/wp-json\/wp\/v2\/product_cat?post=66707"},{"taxonomy":"product_tag","embeddable":true,"href":"https:\/\/www.koupelnapro.com\/index.php\/wp-json\/wp\/v2\/product_tag?post=66707"}],"curies":[{"name":"wp","href":"https:\/\/api.w.org\/{rel}","templated":true}]}}