{"id":66539,"date":"2026-04-26T09:18:04","date_gmt":"2026-04-26T09:18:04","guid":{"rendered":""},"modified":"2026-04-26T09:18:04","modified_gmt":"2026-04-26T09:18:04","slug":"pouze-dnes-termostat-univerzalni-81381704-t-150-7-77degc-pro-bojlery-dzd-drazice-66539","status":"publish","type":"product","link":"https:\/\/www.koupelnapro.com\/index.php\/produkt\/pouze-dnes-termostat-univerzalni-81381704-t-150-7-77degc-pro-bojlery-dzd-drazice-66539\/","title":{"rendered":"Pouze Dnes Termostat univerz\u00e1ln\u00ed 81381704 T-150 7-77\u00b0C pro bojlery DZD Dra\u017eice"},"content":{"rendered":"<div id=\"e9350329\" class=\"pages\">\n<div id=\"PDDescription\" class=\"UserContentView userContent v1a v1 bs-view dcon dc150 PDDescription\" >\n<h2><span style=\"color: #008080;\">Termostat univerz\u00e1ln\u00ed 81381704 T-150 7-77\u00b0C pro bojlery DZD Dra\u017eice<\/span><\/h2>\n<p><span style=\"color: #404040; font-family: 'Arial','sans-serif'; font-size: 10.5pt;\">Tento termostat je ur\u010den\u00fd pro bojlery Dra\u017eice s teplotn\u00edm rozsahem 7-77\u00b0C. Termostat sp\u00edn\u00e1 na z\u00e1klad\u011b extern\u00ed kapil\u00e1ry, kter\u00e1 je dlouh\u00e1 cca 30cm. <\/span><\/p>\n<p><span style=\"color: #404040; font-family: 'Arial','sans-serif'; font-size: 10.5pt;\"><strong><span style=\"color: #ff0000;\">Vzhled termostatu se m\u016f\u017ee li\u0161it podle moment\u00e1ln\u00ed dod\u00e1vky od DZD Dra\u017eice.<\/span> <\/strong><\/span><\/p>\n<p><span style=\"color: #404040; font-family: 'Arial','sans-serif'; font-size: 10.5pt;\"><strong>Na funk\u010dnosti\u00a0se nic nem\u011bn\u00ed.<\/strong><\/span><\/p>\n<p><span style=\"color: #404040; font-family: 'Arial','sans-serif'; font-size: 10.5pt;\"><strong>Foto ilustra\u010dn\u00ed<\/strong><\/span><\/p>\n<p><span style=\"color: #404040; font-family: 'Arial','sans-serif'; font-size: 10.5pt;\"><\/span><\/p>\n<p><span style=\"color: #404040; font-family: 'Arial','sans-serif'; font-size: 10.5pt;\">Je to adekv\u00e1tn\u00ed n\u00e1hrada termostat\u016f KR11, kter\u00fd se pou\u017e\u00edval a montoval do bojler\u016f Dra\u017eice. Termostat m\u00e1 standardn\u00ed uchycen\u00ed na dva \u0161roubky a p\u0159ipojen\u00ed pomoc\u00ed fastonov\u00fdch konektor\u016f. Termostat sp\u00edn\u00e1 klasick\u00fdm sp\u00ednac\u00edm kontaktem pomoc\u00ed nam\u011b\u0159en\u00e9 hodnoty na kapil\u00e1\u0159e.<\/span><\/p>\n<p><span style=\"color: #404040; font-family: 'Arial','sans-serif'; font-size: 10.5pt;\"><\/span><\/p>\n<h3><span style=\"color: #007980;\"><strong>Vhodn\u00fd pro tyto oh\u0159\u00edva\u010de:<\/strong><\/span><\/h3>\n<p>Oh\u0159\u00edva\u010d vody TO 20 \u00a0 \u00a0<br \/>Akumula\u010dn\u00ed n\u00e1dr\u017e HEV 300D<\/p>\n<p>\u00a0 \u00a0<br \/>Oh\u0159\u00edva\u010d vody OKCE 200, 250,\u00a0300 NTRR\/2,2kW \u00a0 \u00a0<br \/>Oh\u0159\u00edva\u010d vody OKCE 60,100,125, 200, 250, 300 NTR\/2,2kW \u00a0 \u00a0<br \/>Oh\u0159\u00edva\u010d vody OKCE 100, 160, 180,\u00a0200, 250, 300 S\/2,2kW \u00a0 \u00a0<br \/>Oh\u0159\u00edva\u010d vody OKCV 125,160,180,200,NTR\u00a0\u00a0\u00a0\u00a0<br \/>Oh\u0159\u00edva\u010d vody OKC 80,100, 125,\u00a0160, 200\u00a0NTR\/Z\u00a0\u00a0\u00a0\u00a0<br \/>Oh\u0159\u00edva\u010d vody (cz) OKCV 180 \u00a0 \u00a0<br \/>Oh\u0159\u00edva\u010d vody OKCE 80 \u00a0 \u00a0<br \/>Oh\u0159\u00edva\u010d vody OKCEV 100 , 125, 160, 180, 200\u00a0\u00a0\u00a0\u00a0\u00a0<br \/>Oh\u0159\u00edva\u010d vody OKCV 125,160, 200\u00a0\u00a0\u00a0\u00a0<br \/>Oh\u0159\u00edva\u010d vody OKC 80, 100,125, 160,\u00a0\u00a0180,\u00a0200, <br \/>Oh\u0159\u00edva\u010d vody OKC 100\/1m2\u00a0\u00a0\u00a0\u00a0<br \/>Oh\u0159\u00edva\u010d vody OKCE 50, 80,100,125, 160,180,\u00a0200\u00a0\u00a0<br \/>Oh\u0159\u00edva\u010d vody OKC 125\/1m2, 160\/1m2, 180\/1m2, 200\/1m2\u00a0\u00a0\u00a0\u00a0\u00a0\u00a0\u00a0\u00a0\u00a0<\/p>\n<p>Dra\u017eice OKC 80, OKC 100, OKC 125, OKC 160\/1m2, OKC 200<br \/>Dra\u017eice OKCE 100, OKCE 125 S\/2,2kW<br \/>Dra\u017eice OKCE 125, OKCE 125 NTR\/2,2 kW<br \/>Dra\u017eice OKCE 160, OKC 160<br \/>Dra\u017eice OKCE 50,80,180,200<br \/>Dra\u017eice OKCEV 100,125,160,180,200<br \/>Dra\u017eice OKCV 125,160,180,200<br \/>Dra\u017eice OKHE 80,100,125,160<\/p>\n<p>Dra\u017eice Bojler TO 20, OKHE ONE 20<br \/>Dra\u017eice OKC, OKCE, OKCV, OKCEV<br \/>Dra\u017eice OKCE 50, 80, 100, 125, 160, 180, 200<br \/>Dra\u017eice OKCEV 100, 125, 160, 180, 200<br \/>Dra\u017eice OKCV 125, 160, 180, 200<br \/>Dra\u017eice \u00a0OKCV 200<br \/>Dra\u017eice BTO 10 UP<br \/>Dra\u017eice BTO 5 IN<br \/>OKC-02<br \/>Topn\u00e1 jednotka TPK 150 \u2013 8\/ 2,2 kW, TPK 210-12\/2,2kW<br \/>Topn\u00e1 jednotka TJ G 6\/4\u201c 2 kW s prodlou\u017eenou chladnou \u010d\u00e1st\u00ed<\/p>\n<p>\u00a0<\/p>\n<h3><span style=\"color: #007980;\"><strong>Parametry:<\/strong><\/span><\/h3>\n<table style=\"color: #000000; text-transform: none; letter-spacing: normal; font-family: ProximaNova, sans-serif; font-size: 15px; font-style: normal; font-weight: 400; word-spacing: 0px; white-space: normal; orphans: 2; widows: 2; background-repeat: no-repeat; background-color: #ffffff; font-variant-ligatures: normal; font-variant-caps: normal; -webkit-text-stroke-width: 0px; text-decoration-thickness: initial; text-decoration-style: initial; text-decoration-color: initial;\">\n<thead style=\"background-repeat: no-repeat;\"><\/thead>\n<tbody style=\"background-repeat: no-repeat;\">\n<tr class=\"attribute attr_Celkova attr_delka attr_kapilary attr_s attr_cidlem\" style=\"background-repeat: no-repeat;\">\n<td class=\"caption\" style=\"background-repeat: no-repeat;\">Celkov\u00e1 d\u00e9lka kapil\u00e1ry s \u010didlem<\/td>\n<td class=\"value\" style=\"background-repeat: no-repeat;\">765 mm<\/td>\n<\/tr>\n<tr class=\"attribute attr_Delka attr_cidla\" style=\"background-repeat: no-repeat;\">\n<td class=\"caption\" style=\"background-repeat: no-repeat;\">D\u00e9lka \u010didla<\/td>\n<td class=\"value\" style=\"background-repeat: no-repeat;\">100 mm<\/td>\n<\/tr>\n<tr class=\"attribute attr_Delka attr_hridelky\" style=\"background-repeat: no-repeat;\">\n<td class=\"caption\" style=\"background-repeat: no-repeat;\">D\u00e9lka h\u0159\u00eddelky<\/td>\n<td class=\"value\" style=\"background-repeat: no-repeat;\">16 mm<\/td>\n<\/tr>\n<tr class=\"attribute attr_Delka attr_kapilary\" style=\"background-repeat: no-repeat;\">\n<td class=\"caption\" style=\"background-repeat: no-repeat;\">D\u00e9lka kapil\u00e1ry<\/td>\n<td class=\"value\" style=\"background-repeat: no-repeat;\">665 mm<\/td>\n<\/tr>\n<tr class=\"attribute attr_Druh attr_kryti attr_IP\" style=\"background-repeat: no-repeat;\">\n<td class=\"caption\" style=\"background-repeat: no-repeat;\">Druh kryt\u00ed IP<\/td>\n<td class=\"value\" style=\"background-repeat: no-repeat;\">00<\/td>\n<\/tr>\n<tr class=\"attribute attr_Jmenovite attr_napeti\" style=\"background-repeat: no-repeat;\">\n<td class=\"caption\" style=\"background-repeat: no-repeat;\">Jmenovit\u00e9 nap\u011bt\u00ed<\/td>\n<td class=\"value\" style=\"background-repeat: no-repeat;\">250 V<\/td>\n<\/tr>\n<tr class=\"attribute attr_Jmenovity attr_proud\" style=\"background-repeat: no-repeat;\">\n<td class=\"caption\" style=\"background-repeat: no-repeat;\">Jmenovit\u00fd proud<\/td>\n<td class=\"value\" style=\"background-repeat: no-repeat;\">20 (4) A<\/td>\n<\/tr>\n<tr class=\"attribute attr_Material attr_cidla\" style=\"background-repeat: no-repeat;\">\n<td class=\"caption\" style=\"background-repeat: no-repeat;\">Materi\u00e1l \u010didla<\/td>\n<td class=\"value\" style=\"background-repeat: no-repeat;\">Cu<\/td>\n<\/tr>\n<tr class=\"attribute attr_Pocet attr_kontaktu\" style=\"background-repeat: no-repeat;\">\n<td class=\"caption\" style=\"background-repeat: no-repeat;\">Po\u010det kontakt\u016f<\/td>\n<td class=\"value\" style=\"background-repeat: no-repeat;\">2, proveden\u00ed rozp\u00ednac\u00ed<\/td>\n<\/tr>\n<tr class=\"attribute attr_Pocet attr_spinacich attr_cyklu\" style=\"background-repeat: no-repeat;\">\n<td class=\"caption\" style=\"background-repeat: no-repeat;\">Po\u010det sp\u00ednac\u00edch cykl\u016f<\/td>\n<td class=\"value\" style=\"background-repeat: no-repeat;\">100.000<\/td>\n<\/tr>\n<tr class=\"attribute attr_Prumer attr_cidla\" style=\"background-repeat: no-repeat;\">\n<td class=\"caption\" style=\"background-repeat: no-repeat;\">Pr\u016fm\u011br \u010didla<\/td>\n<td class=\"value\" style=\"background-repeat: no-repeat;\">6 mm<\/td>\n<\/tr>\n<tr class=\"attribute attr_Prumer attr_kapilary\" style=\"background-repeat: no-repeat;\">\n<td class=\"caption\" style=\"background-repeat: no-repeat;\">Pr\u016fm\u011br kapil\u00e1ry<\/td>\n<td class=\"value\" style=\"background-repeat: no-repeat;\">1,4 mm<\/td>\n<\/tr>\n<tr class=\"attribute attr_Presnost\" style=\"background-repeat: no-repeat;\">\n<td class=\"caption\" style=\"background-repeat: no-repeat;\">P\u0159esnost<\/td>\n<td class=\"value\" style=\"background-repeat: no-repeat;\">+\/- 3 \u00b0C<\/td>\n<\/tr>\n<tr class=\"attribute attr_Rozsah attr_teploty\" style=\"background-repeat: no-repeat;\">\n<td class=\"caption\" style=\"background-repeat: no-repeat;\">Rozsah teploty<\/td>\n<td class=\"value\" style=\"background-repeat: no-repeat;\">7- 71 \u00b0C<\/td>\n<\/tr>\n<tr class=\"attribute attr_bsshop_maker\" style=\"background-repeat: no-repeat;\">\n<td class=\"caption\" style=\"background-repeat: no-repeat;\">\u00a0<\/td>\n<td class=\"value\" style=\"background-repeat: no-repeat;\">\u00a0<\/td>\n<\/tr>\n<\/tbody>\n<\/table>\n<div id=\"PDTable3\" class=\"ProductDetailTableView v3a v3 bs-view dcon dc175 PDTable3\" >\n<table>\n<thead><\/thead>\n<tbody>\n<tr class=\"attribute attr_bsshop_maker\">\n<td class=\"caption\">V\u00fdrobce<\/td>\n<td class=\"value\">DZD<\/td>\n<\/tr>\n<\/tbody>\n<\/table><\/div>\n<\/div>\n<\/div>\n<div id=\"e9350330\" class=\"tabs\">\n","protected":false},"excerpt":{"rendered":"<p>Termostat univerz\u00e1ln\u00ed 81381704 T-150 7-77\u00b0C pro bojlery DZD Dra\u017eice Tento termostat je ur\u010den\u00fd pro bojlery Dra\u017eice s teplotn\u00edm rozsahem 7-77\u00b0C. Termostat sp\u00edn\u00e1 na z\u00e1klad\u011b extern\u00ed kapil\u00e1ry, kter\u00e1 je dlouh\u00e1 cca 30cm. Vzhled termostatu se m\u016f\u017ee li\u0161it podle moment\u00e1ln\u00ed dod\u00e1vky od DZD Dra\u017eice. Na funk\u010dnosti\u00a0se nic nem\u011bn\u00ed. Foto ilustra\u010dn\u00ed Je to adekv\u00e1tn\u00ed n\u00e1hrada termostat\u016f KR11, kter\u00fd [&hellip;]<\/p>\n","protected":false},"featured_media":66639,"comment_status":"open","ping_status":"open","template":"","meta":[],"product_brand":[],"product_cat":[39],"product_tag":[],"class_list":{"0":"post-66539","1":"product","2":"type-product","3":"status-publish","4":"has-post-thumbnail","6":"product_cat-topn-233-syst-233-my","8":"first","9":"instock","10":"sale","11":"shipping-taxable","12":"purchasable","13":"product-type-simple"},"yoast_head":"<!-- This site is optimized with the Yoast SEO plugin v26.8 - https:\/\/yoast.com\/product\/yoast-seo-wordpress\/ -->\n<title>Pouze Dnes Termostat univerz\u00e1ln\u00ed 81381704 T-150 7-77\u00b0C pro bojlery DZD Dra\u017eice -<\/title>\n<meta name=\"robots\" content=\"index, follow, max-snippet:-1, max-image-preview:large, max-video-preview:-1\" \/>\n<link rel=\"canonical\" href=\"https:\/\/www.koupelnapro.com\/index.php\/produkt\/pouze-dnes-termostat-univerzalni-81381704-t-150-7-77degc-pro-bojlery-dzd-drazice-66539\/\" \/>\n<meta property=\"og:locale\" content=\"cs_CZ\" \/>\n<meta property=\"og:type\" content=\"article\" \/>\n<meta property=\"og:title\" content=\"Pouze Dnes Termostat univerz\u00e1ln\u00ed 81381704 T-150 7-77\u00b0C pro bojlery DZD Dra\u017eice -\" \/>\n<meta property=\"og:description\" content=\"Termostat univerz\u00e1ln\u00ed 81381704 T-150 7-77\u00b0C pro bojlery DZD Dra\u017eice Tento termostat je ur\u010den\u00fd pro bojlery Dra\u017eice s teplotn\u00edm rozsahem 7-77\u00b0C. Termostat sp\u00edn\u00e1 na z\u00e1klad\u011b extern\u00ed kapil\u00e1ry, kter\u00e1 je dlouh\u00e1 cca 30cm. Vzhled termostatu se m\u016f\u017ee li\u0161it podle moment\u00e1ln\u00ed dod\u00e1vky od DZD Dra\u017eice. Na funk\u010dnosti\u00a0se nic nem\u011bn\u00ed. Foto ilustra\u010dn\u00ed Je to adekv\u00e1tn\u00ed n\u00e1hrada termostat\u016f KR11, kter\u00fd [&hellip;]\" \/>\n<meta property=\"og:url\" content=\"https:\/\/www.koupelnapro.com\/index.php\/produkt\/pouze-dnes-termostat-univerzalni-81381704-t-150-7-77degc-pro-bojlery-dzd-drazice-66539\/\" \/>\n<meta property=\"og:image\" content=\"https:\/\/www.koupelnapro.com\/wp-content\/uploads\/2026\/SK0004667-CZ20260425-091623-0-1777079785-termostat-univerzalni-81381704-t-150-7-77-c-pro-bojlery-dzd.webp\" \/>\n\t<meta property=\"og:image:width\" content=\"1000\" \/>\n\t<meta property=\"og:image:height\" content=\"525\" \/>\n\t<meta property=\"og:image:type\" content=\"image\/webp\" \/>\n<meta name=\"twitter:card\" content=\"summary_large_image\" \/>\n<meta name=\"twitter:label1\" content=\"Odhadovan\u00e1 doba \u010dten\u00ed\" \/>\n\t<meta name=\"twitter:data1\" content=\"2 minuty\" \/>\n<script type=\"application\/ld+json\" class=\"yoast-schema-graph\">{\"@context\":\"https:\/\/schema.org\",\"@graph\":[{\"@type\":\"WebPage\",\"@id\":\"https:\/\/www.koupelnapro.com\/index.php\/produkt\/pouze-dnes-termostat-univerzalni-81381704-t-150-7-77degc-pro-bojlery-dzd-drazice-66539\/\",\"url\":\"https:\/\/www.koupelnapro.com\/index.php\/produkt\/pouze-dnes-termostat-univerzalni-81381704-t-150-7-77degc-pro-bojlery-dzd-drazice-66539\/\",\"name\":\"Pouze Dnes Termostat univerz\u00e1ln\u00ed 81381704 T-150 7-77\u00b0C pro bojlery DZD Dra\u017eice -\",\"isPartOf\":{\"@id\":\"https:\/\/www.koupelnapro.com\/#website\"},\"primaryImageOfPage\":{\"@id\":\"https:\/\/www.koupelnapro.com\/index.php\/produkt\/pouze-dnes-termostat-univerzalni-81381704-t-150-7-77degc-pro-bojlery-dzd-drazice-66539\/#primaryimage\"},\"image\":{\"@id\":\"https:\/\/www.koupelnapro.com\/index.php\/produkt\/pouze-dnes-termostat-univerzalni-81381704-t-150-7-77degc-pro-bojlery-dzd-drazice-66539\/#primaryimage\"},\"thumbnailUrl\":\"https:\/\/www.koupelnapro.com\/wp-content\/uploads\/2026\/SK0004667-CZ20260425-091623-0-1777079785-termostat-univerzalni-81381704-t-150-7-77-c-pro-bojlery-dzd.webp\",\"datePublished\":\"2026-04-26T09:18:04+00:00\",\"breadcrumb\":{\"@id\":\"https:\/\/www.koupelnapro.com\/index.php\/produkt\/pouze-dnes-termostat-univerzalni-81381704-t-150-7-77degc-pro-bojlery-dzd-drazice-66539\/#breadcrumb\"},\"inLanguage\":\"cs\",\"potentialAction\":[{\"@type\":\"ReadAction\",\"target\":[\"https:\/\/www.koupelnapro.com\/index.php\/produkt\/pouze-dnes-termostat-univerzalni-81381704-t-150-7-77degc-pro-bojlery-dzd-drazice-66539\/\"]}]},{\"@type\":\"ImageObject\",\"inLanguage\":\"cs\",\"@id\":\"https:\/\/www.koupelnapro.com\/index.php\/produkt\/pouze-dnes-termostat-univerzalni-81381704-t-150-7-77degc-pro-bojlery-dzd-drazice-66539\/#primaryimage\",\"url\":\"https:\/\/www.koupelnapro.com\/wp-content\/uploads\/2026\/SK0004667-CZ20260425-091623-0-1777079785-termostat-univerzalni-81381704-t-150-7-77-c-pro-bojlery-dzd.webp\",\"contentUrl\":\"https:\/\/www.koupelnapro.com\/wp-content\/uploads\/2026\/SK0004667-CZ20260425-091623-0-1777079785-termostat-univerzalni-81381704-t-150-7-77-c-pro-bojlery-dzd.webp\",\"width\":1000,\"height\":525},{\"@type\":\"BreadcrumbList\",\"@id\":\"https:\/\/www.koupelnapro.com\/index.php\/produkt\/pouze-dnes-termostat-univerzalni-81381704-t-150-7-77degc-pro-bojlery-dzd-drazice-66539\/#breadcrumb\",\"itemListElement\":[{\"@type\":\"ListItem\",\"position\":1,\"name\":\"Home\",\"item\":\"https:\/\/www.koupelnapro.com\/\"},{\"@type\":\"ListItem\",\"position\":2,\"name\":\"Products\",\"item\":\"https:\/\/www.koupelnapro.com\/index.php\/products\/\"},{\"@type\":\"ListItem\",\"position\":3,\"name\":\"Pouze Dnes Termostat univerz\u00e1ln\u00ed 81381704 T-150 7-77\u00b0C pro bojlery DZD Dra\u017eice\"}]},{\"@type\":\"WebSite\",\"@id\":\"https:\/\/www.koupelnapro.com\/#website\",\"url\":\"https:\/\/www.koupelnapro.com\/\",\"name\":\"\",\"description\":\"\",\"potentialAction\":[{\"@type\":\"SearchAction\",\"target\":{\"@type\":\"EntryPoint\",\"urlTemplate\":\"https:\/\/www.koupelnapro.com\/?s={search_term_string}\"},\"query-input\":{\"@type\":\"PropertyValueSpecification\",\"valueRequired\":true,\"valueName\":\"search_term_string\"}}],\"inLanguage\":\"cs\"}]}<\/script>\n<!-- \/ Yoast SEO plugin. -->","yoast_head_json":{"title":"Pouze Dnes Termostat univerz\u00e1ln\u00ed 81381704 T-150 7-77\u00b0C pro bojlery DZD Dra\u017eice -","robots":{"index":"index","follow":"follow","max-snippet":"max-snippet:-1","max-image-preview":"max-image-preview:large","max-video-preview":"max-video-preview:-1"},"canonical":"https:\/\/www.koupelnapro.com\/index.php\/produkt\/pouze-dnes-termostat-univerzalni-81381704-t-150-7-77degc-pro-bojlery-dzd-drazice-66539\/","og_locale":"cs_CZ","og_type":"article","og_title":"Pouze Dnes Termostat univerz\u00e1ln\u00ed 81381704 T-150 7-77\u00b0C pro bojlery DZD Dra\u017eice -","og_description":"Termostat univerz\u00e1ln\u00ed 81381704 T-150 7-77\u00b0C pro bojlery DZD Dra\u017eice Tento termostat je ur\u010den\u00fd pro bojlery Dra\u017eice s teplotn\u00edm rozsahem 7-77\u00b0C. Termostat sp\u00edn\u00e1 na z\u00e1klad\u011b extern\u00ed kapil\u00e1ry, kter\u00e1 je dlouh\u00e1 cca 30cm. Vzhled termostatu se m\u016f\u017ee li\u0161it podle moment\u00e1ln\u00ed dod\u00e1vky od DZD Dra\u017eice. Na funk\u010dnosti\u00a0se nic nem\u011bn\u00ed. Foto ilustra\u010dn\u00ed Je to adekv\u00e1tn\u00ed n\u00e1hrada termostat\u016f KR11, kter\u00fd [&hellip;]","og_url":"https:\/\/www.koupelnapro.com\/index.php\/produkt\/pouze-dnes-termostat-univerzalni-81381704-t-150-7-77degc-pro-bojlery-dzd-drazice-66539\/","og_image":[{"width":1000,"height":525,"url":"https:\/\/www.koupelnapro.com\/wp-content\/uploads\/2026\/SK0004667-CZ20260425-091623-0-1777079785-termostat-univerzalni-81381704-t-150-7-77-c-pro-bojlery-dzd.webp","type":"image\/webp"}],"twitter_card":"summary_large_image","twitter_misc":{"Odhadovan\u00e1 doba \u010dten\u00ed":"2 minuty"},"schema":{"@context":"https:\/\/schema.org","@graph":[{"@type":"WebPage","@id":"https:\/\/www.koupelnapro.com\/index.php\/produkt\/pouze-dnes-termostat-univerzalni-81381704-t-150-7-77degc-pro-bojlery-dzd-drazice-66539\/","url":"https:\/\/www.koupelnapro.com\/index.php\/produkt\/pouze-dnes-termostat-univerzalni-81381704-t-150-7-77degc-pro-bojlery-dzd-drazice-66539\/","name":"Pouze Dnes Termostat univerz\u00e1ln\u00ed 81381704 T-150 7-77\u00b0C pro bojlery DZD Dra\u017eice -","isPartOf":{"@id":"https:\/\/www.koupelnapro.com\/#website"},"primaryImageOfPage":{"@id":"https:\/\/www.koupelnapro.com\/index.php\/produkt\/pouze-dnes-termostat-univerzalni-81381704-t-150-7-77degc-pro-bojlery-dzd-drazice-66539\/#primaryimage"},"image":{"@id":"https:\/\/www.koupelnapro.com\/index.php\/produkt\/pouze-dnes-termostat-univerzalni-81381704-t-150-7-77degc-pro-bojlery-dzd-drazice-66539\/#primaryimage"},"thumbnailUrl":"https:\/\/www.koupelnapro.com\/wp-content\/uploads\/2026\/SK0004667-CZ20260425-091623-0-1777079785-termostat-univerzalni-81381704-t-150-7-77-c-pro-bojlery-dzd.webp","datePublished":"2026-04-26T09:18:04+00:00","breadcrumb":{"@id":"https:\/\/www.koupelnapro.com\/index.php\/produkt\/pouze-dnes-termostat-univerzalni-81381704-t-150-7-77degc-pro-bojlery-dzd-drazice-66539\/#breadcrumb"},"inLanguage":"cs","potentialAction":[{"@type":"ReadAction","target":["https:\/\/www.koupelnapro.com\/index.php\/produkt\/pouze-dnes-termostat-univerzalni-81381704-t-150-7-77degc-pro-bojlery-dzd-drazice-66539\/"]}]},{"@type":"ImageObject","inLanguage":"cs","@id":"https:\/\/www.koupelnapro.com\/index.php\/produkt\/pouze-dnes-termostat-univerzalni-81381704-t-150-7-77degc-pro-bojlery-dzd-drazice-66539\/#primaryimage","url":"https:\/\/www.koupelnapro.com\/wp-content\/uploads\/2026\/SK0004667-CZ20260425-091623-0-1777079785-termostat-univerzalni-81381704-t-150-7-77-c-pro-bojlery-dzd.webp","contentUrl":"https:\/\/www.koupelnapro.com\/wp-content\/uploads\/2026\/SK0004667-CZ20260425-091623-0-1777079785-termostat-univerzalni-81381704-t-150-7-77-c-pro-bojlery-dzd.webp","width":1000,"height":525},{"@type":"BreadcrumbList","@id":"https:\/\/www.koupelnapro.com\/index.php\/produkt\/pouze-dnes-termostat-univerzalni-81381704-t-150-7-77degc-pro-bojlery-dzd-drazice-66539\/#breadcrumb","itemListElement":[{"@type":"ListItem","position":1,"name":"Home","item":"https:\/\/www.koupelnapro.com\/"},{"@type":"ListItem","position":2,"name":"Products","item":"https:\/\/www.koupelnapro.com\/index.php\/products\/"},{"@type":"ListItem","position":3,"name":"Pouze Dnes Termostat univerz\u00e1ln\u00ed 81381704 T-150 7-77\u00b0C pro bojlery DZD Dra\u017eice"}]},{"@type":"WebSite","@id":"https:\/\/www.koupelnapro.com\/#website","url":"https:\/\/www.koupelnapro.com\/","name":"","description":"","potentialAction":[{"@type":"SearchAction","target":{"@type":"EntryPoint","urlTemplate":"https:\/\/www.koupelnapro.com\/?s={search_term_string}"},"query-input":{"@type":"PropertyValueSpecification","valueRequired":true,"valueName":"search_term_string"}}],"inLanguage":"cs"}]}},"_links":{"self":[{"href":"https:\/\/www.koupelnapro.com\/index.php\/wp-json\/wp\/v2\/product\/66539","targetHints":{"allow":["GET"]}}],"collection":[{"href":"https:\/\/www.koupelnapro.com\/index.php\/wp-json\/wp\/v2\/product"}],"about":[{"href":"https:\/\/www.koupelnapro.com\/index.php\/wp-json\/wp\/v2\/types\/product"}],"replies":[{"embeddable":true,"href":"https:\/\/www.koupelnapro.com\/index.php\/wp-json\/wp\/v2\/comments?post=66539"}],"wp:featuredmedia":[{"embeddable":true,"href":"https:\/\/www.koupelnapro.com\/index.php\/wp-json\/wp\/v2\/media\/66639"}],"wp:attachment":[{"href":"https:\/\/www.koupelnapro.com\/index.php\/wp-json\/wp\/v2\/media?parent=66539"}],"wp:term":[{"taxonomy":"product_brand","embeddable":true,"href":"https:\/\/www.koupelnapro.com\/index.php\/wp-json\/wp\/v2\/product_brand?post=66539"},{"taxonomy":"product_cat","embeddable":true,"href":"https:\/\/www.koupelnapro.com\/index.php\/wp-json\/wp\/v2\/product_cat?post=66539"},{"taxonomy":"product_tag","embeddable":true,"href":"https:\/\/www.koupelnapro.com\/index.php\/wp-json\/wp\/v2\/product_tag?post=66539"}],"curies":[{"name":"wp","href":"https:\/\/api.w.org\/{rel}","templated":true}]}}