{"id":6547,"date":"2026-04-26T09:13:13","date_gmt":"2026-04-26T09:13:13","guid":{"rendered":""},"modified":"2026-04-26T09:13:13","modified_gmt":"2026-04-26T09:13:13","slug":"medene-svody-80-mm-koleno-40deg-vyprodej-6547","status":"publish","type":"product","link":"https:\/\/www.koupelnapro.com\/index.php\/produkt\/medene-svody-80-mm-koleno-40deg-vyprodej-6547\/","title":{"rendered":"M\u011bd\u011bn\u00e9 svody 80 mm &#8211; Koleno 40\u00b0 V\u00fdprodej"},"content":{"rendered":"<div class=\"ResponseTabButton\">Popis produktu<\/div>\n<div class=\"TabContent\">                M\u011b\u010f je trvanliv\u00fd materi\u00e1l odoln\u00fd proti korozi, kter\u00fd se b\u011b\u017en\u011b pou\u017e\u00edv\u00e1 ve venkovn\u00edch aplikac\u00edch. \u00dahel 40&deg; kolena umo\u017e\u0148uje spr\u00e1vn\u00e9 proud\u011bn\u00ed vody a pom\u00e1h\u00e1 zachovat celistvost okapov\u00e9ho syst\u00e9mu. Tento typ kolena se b\u011b\u017en\u011b pou\u017e\u00edv\u00e1 v obytn\u00fdch a komer\u010dn\u00edch budov\u00e1ch k \u00fa\u010dinn\u00e9mu \u0159\u00edzen\u00ed odtoku de\u0161\u0165ov\u00e9 vody.<br \/>&nbsp;            <\/div>\n<\/p><\/div>\n<\/p><\/div>\n<\/p><\/div>\n<\/div>\n","protected":false},"excerpt":{"rendered":"<p>Popis produktu M\u011b\u010f je trvanliv\u00fd materi\u00e1l odoln\u00fd proti korozi, kter\u00fd se b\u011b\u017en\u011b pou\u017e\u00edv\u00e1 ve venkovn\u00edch aplikac\u00edch. \u00dahel 40&deg; kolena umo\u017e\u0148uje spr\u00e1vn\u00e9 proud\u011bn\u00ed vody a pom\u00e1h\u00e1 zachovat celistvost okapov\u00e9ho syst\u00e9mu. Tento typ kolena se b\u011b\u017en\u011b pou\u017e\u00edv\u00e1 v obytn\u00fdch a komer\u010dn\u00edch budov\u00e1ch k \u00fa\u010dinn\u00e9mu \u0159\u00edzen\u00ed odtoku de\u0161\u0165ov\u00e9 vody.&nbsp;<\/p>\n","protected":false},"featured_media":6647,"comment_status":"open","ping_status":"open","template":"","meta":[],"product_brand":[],"product_cat":[52],"product_tag":[],"class_list":{"0":"post-6547","1":"product","2":"type-product","3":"status-publish","4":"has-post-thumbnail","6":"product_cat-okapove-systemy","8":"first","9":"instock","10":"sale","11":"shipping-taxable","12":"purchasable","13":"product-type-simple"},"yoast_head":"<!-- This site is optimized with the Yoast SEO plugin v26.8 - https:\/\/yoast.com\/product\/yoast-seo-wordpress\/ -->\n<title>M\u011bd\u011bn\u00e9 svody 80 mm - Koleno 40\u00b0 V\u00fdprodej -<\/title>\n<meta name=\"robots\" content=\"index, follow, max-snippet:-1, max-image-preview:large, max-video-preview:-1\" \/>\n<link rel=\"canonical\" href=\"https:\/\/www.koupelnapro.com\/index.php\/produkt\/medene-svody-80-mm-koleno-40deg-vyprodej-6547\/\" \/>\n<meta property=\"og:locale\" content=\"cs_CZ\" \/>\n<meta property=\"og:type\" content=\"article\" \/>\n<meta property=\"og:title\" content=\"M\u011bd\u011bn\u00e9 svody 80 mm - Koleno 40\u00b0 V\u00fdprodej -\" \/>\n<meta property=\"og:description\" content=\"Popis produktu M\u011b\u010f je trvanliv\u00fd materi\u00e1l odoln\u00fd proti korozi, kter\u00fd se b\u011b\u017en\u011b pou\u017e\u00edv\u00e1 ve venkovn\u00edch aplikac\u00edch. \u00dahel 40&deg; kolena umo\u017e\u0148uje spr\u00e1vn\u00e9 proud\u011bn\u00ed vody a pom\u00e1h\u00e1 zachovat celistvost okapov\u00e9ho syst\u00e9mu. Tento typ kolena se b\u011b\u017en\u011b pou\u017e\u00edv\u00e1 v obytn\u00fdch a komer\u010dn\u00edch budov\u00e1ch k \u00fa\u010dinn\u00e9mu \u0159\u00edzen\u00ed odtoku de\u0161\u0165ov\u00e9 vody.&nbsp;\" \/>\n<meta property=\"og:url\" content=\"https:\/\/www.koupelnapro.com\/index.php\/produkt\/medene-svody-80-mm-koleno-40deg-vyprodej-6547\/\" \/>\n<meta property=\"og:image\" content=\"https:\/\/www.koupelnapro.com\/wp-content\/uploads\/2026\/SK0002802-CZ20260425-091742-0-1777079863-P-005514-00.webp\" \/>\n\t<meta property=\"og:image:width\" content=\"685\" \/>\n\t<meta property=\"og:image:height\" content=\"800\" \/>\n\t<meta property=\"og:image:type\" content=\"image\/webp\" \/>\n<meta name=\"twitter:card\" content=\"summary_large_image\" \/>\n<script type=\"application\/ld+json\" class=\"yoast-schema-graph\">{\"@context\":\"https:\/\/schema.org\",\"@graph\":[{\"@type\":\"WebPage\",\"@id\":\"https:\/\/www.koupelnapro.com\/index.php\/produkt\/medene-svody-80-mm-koleno-40deg-vyprodej-6547\/\",\"url\":\"https:\/\/www.koupelnapro.com\/index.php\/produkt\/medene-svody-80-mm-koleno-40deg-vyprodej-6547\/\",\"name\":\"M\u011bd\u011bn\u00e9 svody 80 mm - Koleno 40\u00b0 V\u00fdprodej -\",\"isPartOf\":{\"@id\":\"https:\/\/www.koupelnapro.com\/#website\"},\"primaryImageOfPage\":{\"@id\":\"https:\/\/www.koupelnapro.com\/index.php\/produkt\/medene-svody-80-mm-koleno-40deg-vyprodej-6547\/#primaryimage\"},\"image\":{\"@id\":\"https:\/\/www.koupelnapro.com\/index.php\/produkt\/medene-svody-80-mm-koleno-40deg-vyprodej-6547\/#primaryimage\"},\"thumbnailUrl\":\"https:\/\/www.koupelnapro.com\/wp-content\/uploads\/2026\/SK0002802-CZ20260425-091742-0-1777079863-P-005514-00.webp\",\"datePublished\":\"2026-04-26T09:13:13+00:00\",\"breadcrumb\":{\"@id\":\"https:\/\/www.koupelnapro.com\/index.php\/produkt\/medene-svody-80-mm-koleno-40deg-vyprodej-6547\/#breadcrumb\"},\"inLanguage\":\"cs\",\"potentialAction\":[{\"@type\":\"ReadAction\",\"target\":[\"https:\/\/www.koupelnapro.com\/index.php\/produkt\/medene-svody-80-mm-koleno-40deg-vyprodej-6547\/\"]}]},{\"@type\":\"ImageObject\",\"inLanguage\":\"cs\",\"@id\":\"https:\/\/www.koupelnapro.com\/index.php\/produkt\/medene-svody-80-mm-koleno-40deg-vyprodej-6547\/#primaryimage\",\"url\":\"https:\/\/www.koupelnapro.com\/wp-content\/uploads\/2026\/SK0002802-CZ20260425-091742-0-1777079863-P-005514-00.webp\",\"contentUrl\":\"https:\/\/www.koupelnapro.com\/wp-content\/uploads\/2026\/SK0002802-CZ20260425-091742-0-1777079863-P-005514-00.webp\",\"width\":685,\"height\":800},{\"@type\":\"BreadcrumbList\",\"@id\":\"https:\/\/www.koupelnapro.com\/index.php\/produkt\/medene-svody-80-mm-koleno-40deg-vyprodej-6547\/#breadcrumb\",\"itemListElement\":[{\"@type\":\"ListItem\",\"position\":1,\"name\":\"Home\",\"item\":\"https:\/\/www.koupelnapro.com\/\"},{\"@type\":\"ListItem\",\"position\":2,\"name\":\"Products\",\"item\":\"https:\/\/www.koupelnapro.com\/index.php\/products\/\"},{\"@type\":\"ListItem\",\"position\":3,\"name\":\"M\u011bd\u011bn\u00e9 svody 80 mm &#8211; Koleno 40\u00b0 V\u00fdprodej\"}]},{\"@type\":\"WebSite\",\"@id\":\"https:\/\/www.koupelnapro.com\/#website\",\"url\":\"https:\/\/www.koupelnapro.com\/\",\"name\":\"\",\"description\":\"\",\"potentialAction\":[{\"@type\":\"SearchAction\",\"target\":{\"@type\":\"EntryPoint\",\"urlTemplate\":\"https:\/\/www.koupelnapro.com\/?s={search_term_string}\"},\"query-input\":{\"@type\":\"PropertyValueSpecification\",\"valueRequired\":true,\"valueName\":\"search_term_string\"}}],\"inLanguage\":\"cs\"}]}<\/script>\n<!-- \/ Yoast SEO plugin. -->","yoast_head_json":{"title":"M\u011bd\u011bn\u00e9 svody 80 mm - Koleno 40\u00b0 V\u00fdprodej -","robots":{"index":"index","follow":"follow","max-snippet":"max-snippet:-1","max-image-preview":"max-image-preview:large","max-video-preview":"max-video-preview:-1"},"canonical":"https:\/\/www.koupelnapro.com\/index.php\/produkt\/medene-svody-80-mm-koleno-40deg-vyprodej-6547\/","og_locale":"cs_CZ","og_type":"article","og_title":"M\u011bd\u011bn\u00e9 svody 80 mm - Koleno 40\u00b0 V\u00fdprodej -","og_description":"Popis produktu M\u011b\u010f je trvanliv\u00fd materi\u00e1l odoln\u00fd proti korozi, kter\u00fd se b\u011b\u017en\u011b pou\u017e\u00edv\u00e1 ve venkovn\u00edch aplikac\u00edch. \u00dahel 40&deg; kolena umo\u017e\u0148uje spr\u00e1vn\u00e9 proud\u011bn\u00ed vody a pom\u00e1h\u00e1 zachovat celistvost okapov\u00e9ho syst\u00e9mu. Tento typ kolena se b\u011b\u017en\u011b pou\u017e\u00edv\u00e1 v obytn\u00fdch a komer\u010dn\u00edch budov\u00e1ch k \u00fa\u010dinn\u00e9mu \u0159\u00edzen\u00ed odtoku de\u0161\u0165ov\u00e9 vody.&nbsp;","og_url":"https:\/\/www.koupelnapro.com\/index.php\/produkt\/medene-svody-80-mm-koleno-40deg-vyprodej-6547\/","og_image":[{"width":685,"height":800,"url":"https:\/\/www.koupelnapro.com\/wp-content\/uploads\/2026\/SK0002802-CZ20260425-091742-0-1777079863-P-005514-00.webp","type":"image\/webp"}],"twitter_card":"summary_large_image","schema":{"@context":"https:\/\/schema.org","@graph":[{"@type":"WebPage","@id":"https:\/\/www.koupelnapro.com\/index.php\/produkt\/medene-svody-80-mm-koleno-40deg-vyprodej-6547\/","url":"https:\/\/www.koupelnapro.com\/index.php\/produkt\/medene-svody-80-mm-koleno-40deg-vyprodej-6547\/","name":"M\u011bd\u011bn\u00e9 svody 80 mm - Koleno 40\u00b0 V\u00fdprodej -","isPartOf":{"@id":"https:\/\/www.koupelnapro.com\/#website"},"primaryImageOfPage":{"@id":"https:\/\/www.koupelnapro.com\/index.php\/produkt\/medene-svody-80-mm-koleno-40deg-vyprodej-6547\/#primaryimage"},"image":{"@id":"https:\/\/www.koupelnapro.com\/index.php\/produkt\/medene-svody-80-mm-koleno-40deg-vyprodej-6547\/#primaryimage"},"thumbnailUrl":"https:\/\/www.koupelnapro.com\/wp-content\/uploads\/2026\/SK0002802-CZ20260425-091742-0-1777079863-P-005514-00.webp","datePublished":"2026-04-26T09:13:13+00:00","breadcrumb":{"@id":"https:\/\/www.koupelnapro.com\/index.php\/produkt\/medene-svody-80-mm-koleno-40deg-vyprodej-6547\/#breadcrumb"},"inLanguage":"cs","potentialAction":[{"@type":"ReadAction","target":["https:\/\/www.koupelnapro.com\/index.php\/produkt\/medene-svody-80-mm-koleno-40deg-vyprodej-6547\/"]}]},{"@type":"ImageObject","inLanguage":"cs","@id":"https:\/\/www.koupelnapro.com\/index.php\/produkt\/medene-svody-80-mm-koleno-40deg-vyprodej-6547\/#primaryimage","url":"https:\/\/www.koupelnapro.com\/wp-content\/uploads\/2026\/SK0002802-CZ20260425-091742-0-1777079863-P-005514-00.webp","contentUrl":"https:\/\/www.koupelnapro.com\/wp-content\/uploads\/2026\/SK0002802-CZ20260425-091742-0-1777079863-P-005514-00.webp","width":685,"height":800},{"@type":"BreadcrumbList","@id":"https:\/\/www.koupelnapro.com\/index.php\/produkt\/medene-svody-80-mm-koleno-40deg-vyprodej-6547\/#breadcrumb","itemListElement":[{"@type":"ListItem","position":1,"name":"Home","item":"https:\/\/www.koupelnapro.com\/"},{"@type":"ListItem","position":2,"name":"Products","item":"https:\/\/www.koupelnapro.com\/index.php\/products\/"},{"@type":"ListItem","position":3,"name":"M\u011bd\u011bn\u00e9 svody 80 mm &#8211; Koleno 40\u00b0 V\u00fdprodej"}]},{"@type":"WebSite","@id":"https:\/\/www.koupelnapro.com\/#website","url":"https:\/\/www.koupelnapro.com\/","name":"","description":"","potentialAction":[{"@type":"SearchAction","target":{"@type":"EntryPoint","urlTemplate":"https:\/\/www.koupelnapro.com\/?s={search_term_string}"},"query-input":{"@type":"PropertyValueSpecification","valueRequired":true,"valueName":"search_term_string"}}],"inLanguage":"cs"}]}},"_links":{"self":[{"href":"https:\/\/www.koupelnapro.com\/index.php\/wp-json\/wp\/v2\/product\/6547","targetHints":{"allow":["GET"]}}],"collection":[{"href":"https:\/\/www.koupelnapro.com\/index.php\/wp-json\/wp\/v2\/product"}],"about":[{"href":"https:\/\/www.koupelnapro.com\/index.php\/wp-json\/wp\/v2\/types\/product"}],"replies":[{"embeddable":true,"href":"https:\/\/www.koupelnapro.com\/index.php\/wp-json\/wp\/v2\/comments?post=6547"}],"wp:featuredmedia":[{"embeddable":true,"href":"https:\/\/www.koupelnapro.com\/index.php\/wp-json\/wp\/v2\/media\/6647"}],"wp:attachment":[{"href":"https:\/\/www.koupelnapro.com\/index.php\/wp-json\/wp\/v2\/media?parent=6547"}],"wp:term":[{"taxonomy":"product_brand","embeddable":true,"href":"https:\/\/www.koupelnapro.com\/index.php\/wp-json\/wp\/v2\/product_brand?post=6547"},{"taxonomy":"product_cat","embeddable":true,"href":"https:\/\/www.koupelnapro.com\/index.php\/wp-json\/wp\/v2\/product_cat?post=6547"},{"taxonomy":"product_tag","embeddable":true,"href":"https:\/\/www.koupelnapro.com\/index.php\/wp-json\/wp\/v2\/product_tag?post=6547"}],"curies":[{"name":"wp","href":"https:\/\/api.w.org\/{rel}","templated":true}]}}