{"id":6537,"date":"2026-04-26T09:13:13","date_gmt":"2026-04-26T09:13:13","guid":{"rendered":""},"modified":"2026-04-26T09:13:13","modified_gmt":"2026-04-26T09:13:13","slug":"cenovy-hit-medene-do-bridlice-vroubkove-3-1-x-50-mm-do-bridlice-vroubk-6537","status":"publish","type":"product","link":"https:\/\/www.koupelnapro.com\/index.php\/produkt\/cenovy-hit-medene-do-bridlice-vroubkove-3-1-x-50-mm-do-bridlice-vroubk-6537\/","title":{"rendered":"Cenov\u00fd Hit M\u011bd\u011bn\u00e9 do b\u0159idlice vroubkov\u00e9 &#8211; 3,1 x 50 mm do b\u0159idlice vroubk"},"content":{"rendered":"<div class=\"ResponseTabButton\">Popis produktu<\/div>\n<div class=\"TabContent\">                Minim\u00e1ln\u00ed mno\u017estv\u00ed pro objedn\u00e1vku je 5 kg.            <\/div>\n<\/p><\/div>\n<div id=\"parametry\" class=\"TabContentWrap\">\n<div class=\"ResponseTabButton\">Parametry<\/div>\n<div class=\"TabContent\">                Upozornen\u00ed: !!!   Akcn\u00ed zbo\u017e\u00ed za akcn\u00ed cenu pouze do vyprod\u00e1n\u00ed z\u00e1sob   !!!             <\/div>\n<\/p><\/div>\n<\/p><\/div>\n<\/p><\/div>\n<\/div>\n","protected":false},"excerpt":{"rendered":"<p>Popis produktu Minim\u00e1ln\u00ed mno\u017estv\u00ed pro objedn\u00e1vku je 5 kg. Parametry Upozornen\u00ed: !!! Akcn\u00ed zbo\u017e\u00ed za akcn\u00ed cenu pouze do vyprod\u00e1n\u00ed z\u00e1sob !!!<\/p>\n","protected":false},"featured_media":6637,"comment_status":"open","ping_status":"open","template":"","meta":[],"product_brand":[],"product_cat":[51],"product_tag":[],"class_list":{"0":"post-6537","1":"product","2":"type-product","3":"status-publish","4":"has-post-thumbnail","6":"product_cat-spojovaci-material","8":"first","9":"instock","10":"sale","11":"shipping-taxable","12":"purchasable","13":"product-type-simple"},"yoast_head":"<!-- This site is optimized with the Yoast SEO plugin v26.8 - https:\/\/yoast.com\/product\/yoast-seo-wordpress\/ -->\n<title>Cenov\u00fd Hit M\u011bd\u011bn\u00e9 do b\u0159idlice vroubkov\u00e9 - 3,1 x 50 mm do b\u0159idlice vroubk -<\/title>\n<meta name=\"robots\" content=\"index, follow, max-snippet:-1, max-image-preview:large, max-video-preview:-1\" \/>\n<link rel=\"canonical\" href=\"https:\/\/www.koupelnapro.com\/index.php\/produkt\/cenovy-hit-medene-do-bridlice-vroubkove-3-1-x-50-mm-do-bridlice-vroubk-6537\/\" \/>\n<meta property=\"og:locale\" content=\"cs_CZ\" \/>\n<meta property=\"og:type\" content=\"article\" \/>\n<meta property=\"og:title\" content=\"Cenov\u00fd Hit M\u011bd\u011bn\u00e9 do b\u0159idlice vroubkov\u00e9 - 3,1 x 50 mm do b\u0159idlice vroubk -\" \/>\n<meta property=\"og:description\" content=\"Popis produktu Minim\u00e1ln\u00ed mno\u017estv\u00ed pro objedn\u00e1vku je 5 kg. Parametry Upozornen\u00ed: !!! Akcn\u00ed zbo\u017e\u00ed za akcn\u00ed cenu pouze do vyprod\u00e1n\u00ed z\u00e1sob !!!\" \/>\n<meta property=\"og:url\" content=\"https:\/\/www.koupelnapro.com\/index.php\/produkt\/cenovy-hit-medene-do-bridlice-vroubkove-3-1-x-50-mm-do-bridlice-vroubk-6537\/\" \/>\n<meta property=\"og:image\" content=\"https:\/\/www.koupelnapro.com\/wp-content\/uploads\/2026\/SK0002792-CZ20260425-091742-0-1777079863-P-042694-00.webp\" \/>\n\t<meta property=\"og:image:width\" content=\"170\" \/>\n\t<meta property=\"og:image:height\" content=\"113\" \/>\n\t<meta property=\"og:image:type\" content=\"image\/webp\" \/>\n<meta name=\"twitter:card\" content=\"summary_large_image\" \/>\n<script type=\"application\/ld+json\" class=\"yoast-schema-graph\">{\"@context\":\"https:\/\/schema.org\",\"@graph\":[{\"@type\":\"WebPage\",\"@id\":\"https:\/\/www.koupelnapro.com\/index.php\/produkt\/cenovy-hit-medene-do-bridlice-vroubkove-3-1-x-50-mm-do-bridlice-vroubk-6537\/\",\"url\":\"https:\/\/www.koupelnapro.com\/index.php\/produkt\/cenovy-hit-medene-do-bridlice-vroubkove-3-1-x-50-mm-do-bridlice-vroubk-6537\/\",\"name\":\"Cenov\u00fd Hit M\u011bd\u011bn\u00e9 do b\u0159idlice vroubkov\u00e9 - 3,1 x 50 mm do b\u0159idlice vroubk -\",\"isPartOf\":{\"@id\":\"https:\/\/www.koupelnapro.com\/#website\"},\"primaryImageOfPage\":{\"@id\":\"https:\/\/www.koupelnapro.com\/index.php\/produkt\/cenovy-hit-medene-do-bridlice-vroubkove-3-1-x-50-mm-do-bridlice-vroubk-6537\/#primaryimage\"},\"image\":{\"@id\":\"https:\/\/www.koupelnapro.com\/index.php\/produkt\/cenovy-hit-medene-do-bridlice-vroubkove-3-1-x-50-mm-do-bridlice-vroubk-6537\/#primaryimage\"},\"thumbnailUrl\":\"https:\/\/www.koupelnapro.com\/wp-content\/uploads\/2026\/SK0002792-CZ20260425-091742-0-1777079863-P-042694-00.webp\",\"datePublished\":\"2026-04-26T09:13:13+00:00\",\"breadcrumb\":{\"@id\":\"https:\/\/www.koupelnapro.com\/index.php\/produkt\/cenovy-hit-medene-do-bridlice-vroubkove-3-1-x-50-mm-do-bridlice-vroubk-6537\/#breadcrumb\"},\"inLanguage\":\"cs\",\"potentialAction\":[{\"@type\":\"ReadAction\",\"target\":[\"https:\/\/www.koupelnapro.com\/index.php\/produkt\/cenovy-hit-medene-do-bridlice-vroubkove-3-1-x-50-mm-do-bridlice-vroubk-6537\/\"]}]},{\"@type\":\"ImageObject\",\"inLanguage\":\"cs\",\"@id\":\"https:\/\/www.koupelnapro.com\/index.php\/produkt\/cenovy-hit-medene-do-bridlice-vroubkove-3-1-x-50-mm-do-bridlice-vroubk-6537\/#primaryimage\",\"url\":\"https:\/\/www.koupelnapro.com\/wp-content\/uploads\/2026\/SK0002792-CZ20260425-091742-0-1777079863-P-042694-00.webp\",\"contentUrl\":\"https:\/\/www.koupelnapro.com\/wp-content\/uploads\/2026\/SK0002792-CZ20260425-091742-0-1777079863-P-042694-00.webp\",\"width\":170,\"height\":113},{\"@type\":\"BreadcrumbList\",\"@id\":\"https:\/\/www.koupelnapro.com\/index.php\/produkt\/cenovy-hit-medene-do-bridlice-vroubkove-3-1-x-50-mm-do-bridlice-vroubk-6537\/#breadcrumb\",\"itemListElement\":[{\"@type\":\"ListItem\",\"position\":1,\"name\":\"Home\",\"item\":\"https:\/\/www.koupelnapro.com\/\"},{\"@type\":\"ListItem\",\"position\":2,\"name\":\"Products\",\"item\":\"https:\/\/www.koupelnapro.com\/index.php\/products\/\"},{\"@type\":\"ListItem\",\"position\":3,\"name\":\"Cenov\u00fd Hit M\u011bd\u011bn\u00e9 do b\u0159idlice vroubkov\u00e9 &#8211; 3,1 x 50 mm do b\u0159idlice vroubk\"}]},{\"@type\":\"WebSite\",\"@id\":\"https:\/\/www.koupelnapro.com\/#website\",\"url\":\"https:\/\/www.koupelnapro.com\/\",\"name\":\"\",\"description\":\"\",\"potentialAction\":[{\"@type\":\"SearchAction\",\"target\":{\"@type\":\"EntryPoint\",\"urlTemplate\":\"https:\/\/www.koupelnapro.com\/?s={search_term_string}\"},\"query-input\":{\"@type\":\"PropertyValueSpecification\",\"valueRequired\":true,\"valueName\":\"search_term_string\"}}],\"inLanguage\":\"cs\"}]}<\/script>\n<!-- \/ Yoast SEO plugin. -->","yoast_head_json":{"title":"Cenov\u00fd Hit M\u011bd\u011bn\u00e9 do b\u0159idlice vroubkov\u00e9 - 3,1 x 50 mm do b\u0159idlice vroubk -","robots":{"index":"index","follow":"follow","max-snippet":"max-snippet:-1","max-image-preview":"max-image-preview:large","max-video-preview":"max-video-preview:-1"},"canonical":"https:\/\/www.koupelnapro.com\/index.php\/produkt\/cenovy-hit-medene-do-bridlice-vroubkove-3-1-x-50-mm-do-bridlice-vroubk-6537\/","og_locale":"cs_CZ","og_type":"article","og_title":"Cenov\u00fd Hit M\u011bd\u011bn\u00e9 do b\u0159idlice vroubkov\u00e9 - 3,1 x 50 mm do b\u0159idlice vroubk -","og_description":"Popis produktu Minim\u00e1ln\u00ed mno\u017estv\u00ed pro objedn\u00e1vku je 5 kg. Parametry Upozornen\u00ed: !!! Akcn\u00ed zbo\u017e\u00ed za akcn\u00ed cenu pouze do vyprod\u00e1n\u00ed z\u00e1sob !!!","og_url":"https:\/\/www.koupelnapro.com\/index.php\/produkt\/cenovy-hit-medene-do-bridlice-vroubkove-3-1-x-50-mm-do-bridlice-vroubk-6537\/","og_image":[{"width":170,"height":113,"url":"https:\/\/www.koupelnapro.com\/wp-content\/uploads\/2026\/SK0002792-CZ20260425-091742-0-1777079863-P-042694-00.webp","type":"image\/webp"}],"twitter_card":"summary_large_image","schema":{"@context":"https:\/\/schema.org","@graph":[{"@type":"WebPage","@id":"https:\/\/www.koupelnapro.com\/index.php\/produkt\/cenovy-hit-medene-do-bridlice-vroubkove-3-1-x-50-mm-do-bridlice-vroubk-6537\/","url":"https:\/\/www.koupelnapro.com\/index.php\/produkt\/cenovy-hit-medene-do-bridlice-vroubkove-3-1-x-50-mm-do-bridlice-vroubk-6537\/","name":"Cenov\u00fd Hit M\u011bd\u011bn\u00e9 do b\u0159idlice vroubkov\u00e9 - 3,1 x 50 mm do b\u0159idlice vroubk -","isPartOf":{"@id":"https:\/\/www.koupelnapro.com\/#website"},"primaryImageOfPage":{"@id":"https:\/\/www.koupelnapro.com\/index.php\/produkt\/cenovy-hit-medene-do-bridlice-vroubkove-3-1-x-50-mm-do-bridlice-vroubk-6537\/#primaryimage"},"image":{"@id":"https:\/\/www.koupelnapro.com\/index.php\/produkt\/cenovy-hit-medene-do-bridlice-vroubkove-3-1-x-50-mm-do-bridlice-vroubk-6537\/#primaryimage"},"thumbnailUrl":"https:\/\/www.koupelnapro.com\/wp-content\/uploads\/2026\/SK0002792-CZ20260425-091742-0-1777079863-P-042694-00.webp","datePublished":"2026-04-26T09:13:13+00:00","breadcrumb":{"@id":"https:\/\/www.koupelnapro.com\/index.php\/produkt\/cenovy-hit-medene-do-bridlice-vroubkove-3-1-x-50-mm-do-bridlice-vroubk-6537\/#breadcrumb"},"inLanguage":"cs","potentialAction":[{"@type":"ReadAction","target":["https:\/\/www.koupelnapro.com\/index.php\/produkt\/cenovy-hit-medene-do-bridlice-vroubkove-3-1-x-50-mm-do-bridlice-vroubk-6537\/"]}]},{"@type":"ImageObject","inLanguage":"cs","@id":"https:\/\/www.koupelnapro.com\/index.php\/produkt\/cenovy-hit-medene-do-bridlice-vroubkove-3-1-x-50-mm-do-bridlice-vroubk-6537\/#primaryimage","url":"https:\/\/www.koupelnapro.com\/wp-content\/uploads\/2026\/SK0002792-CZ20260425-091742-0-1777079863-P-042694-00.webp","contentUrl":"https:\/\/www.koupelnapro.com\/wp-content\/uploads\/2026\/SK0002792-CZ20260425-091742-0-1777079863-P-042694-00.webp","width":170,"height":113},{"@type":"BreadcrumbList","@id":"https:\/\/www.koupelnapro.com\/index.php\/produkt\/cenovy-hit-medene-do-bridlice-vroubkove-3-1-x-50-mm-do-bridlice-vroubk-6537\/#breadcrumb","itemListElement":[{"@type":"ListItem","position":1,"name":"Home","item":"https:\/\/www.koupelnapro.com\/"},{"@type":"ListItem","position":2,"name":"Products","item":"https:\/\/www.koupelnapro.com\/index.php\/products\/"},{"@type":"ListItem","position":3,"name":"Cenov\u00fd Hit M\u011bd\u011bn\u00e9 do b\u0159idlice vroubkov\u00e9 &#8211; 3,1 x 50 mm do b\u0159idlice vroubk"}]},{"@type":"WebSite","@id":"https:\/\/www.koupelnapro.com\/#website","url":"https:\/\/www.koupelnapro.com\/","name":"","description":"","potentialAction":[{"@type":"SearchAction","target":{"@type":"EntryPoint","urlTemplate":"https:\/\/www.koupelnapro.com\/?s={search_term_string}"},"query-input":{"@type":"PropertyValueSpecification","valueRequired":true,"valueName":"search_term_string"}}],"inLanguage":"cs"}]}},"_links":{"self":[{"href":"https:\/\/www.koupelnapro.com\/index.php\/wp-json\/wp\/v2\/product\/6537","targetHints":{"allow":["GET"]}}],"collection":[{"href":"https:\/\/www.koupelnapro.com\/index.php\/wp-json\/wp\/v2\/product"}],"about":[{"href":"https:\/\/www.koupelnapro.com\/index.php\/wp-json\/wp\/v2\/types\/product"}],"replies":[{"embeddable":true,"href":"https:\/\/www.koupelnapro.com\/index.php\/wp-json\/wp\/v2\/comments?post=6537"}],"wp:featuredmedia":[{"embeddable":true,"href":"https:\/\/www.koupelnapro.com\/index.php\/wp-json\/wp\/v2\/media\/6637"}],"wp:attachment":[{"href":"https:\/\/www.koupelnapro.com\/index.php\/wp-json\/wp\/v2\/media?parent=6537"}],"wp:term":[{"taxonomy":"product_brand","embeddable":true,"href":"https:\/\/www.koupelnapro.com\/index.php\/wp-json\/wp\/v2\/product_brand?post=6537"},{"taxonomy":"product_cat","embeddable":true,"href":"https:\/\/www.koupelnapro.com\/index.php\/wp-json\/wp\/v2\/product_cat?post=6537"},{"taxonomy":"product_tag","embeddable":true,"href":"https:\/\/www.koupelnapro.com\/index.php\/wp-json\/wp\/v2\/product_tag?post=6537"}],"curies":[{"name":"wp","href":"https:\/\/api.w.org\/{rel}","templated":true}]}}