{"id":6389,"date":"2026-04-26T09:13:13","date_gmt":"2026-04-26T09:13:13","guid":{"rendered":""},"modified":"2026-04-26T09:13:13","modified_gmt":"2026-04-26T09:13:13","slug":"sleva-max-7-protector-taska-stoupaci-plosiny-ebenove-cerna-6389","status":"publish","type":"product","link":"https:\/\/www.koupelnapro.com\/index.php\/produkt\/sleva-max-7-protector-taska-stoupaci-plosiny-ebenove-cerna-6389\/","title":{"rendered":"Sleva MAX 7 Protector &#8211; Ta\u0161ka stoupac\u00ed plo\u0161iny &#8211; Ebenov\u011b \u010cern\u00e1"},"content":{"rendered":"<div class=\"ResponseTabButton\">Popis produktu<\/div>\n<div class=\"TabContent\">\n<div><font color=\"#000000\" face=\"Arial\"><\/p>\n<h3>\n<div><font color=\"#000000\" face=\"Arial\">Bezpe\u010dn\u00fd pohyb po st\u0159e\u0161e<\/font><\/div>\n<\/h3>\n<p><\/font><font color=\"#000000\" face=\"Arial\">&nbsp;<\/font><\/div>\n<div><font color=\"#000000\" face=\"Arial\">D\u00edky navz\u00e1jem p\u0159izp\u016fsoben\u00fdm d\u00edl\u016fm tohoto syst\u00e9mu nen\u00ed oslabena ochrana st\u0159echy proti de\u0161ti, proto\u017ee nen\u00ed nijak naru\u0161en jej\u00ed pl\u00e1\u0161\u0165. Nosn\u00e9 ta\u0161ky stoupac\u00ed plo\u0161iny je mo\u017en\u00e9 vyu\u017e\u00edt i pro upevn\u011bn\u00ed jin\u00fdch n\u00e1st\u0159e\u0161n\u00edch za\u0159\u00edzen\u00ed, a to a\u017e do hmotnosti 300 kg.<\/font><\/div>\n<div><font color=\"#000000\" face=\"Arial\">&nbsp;<\/font><\/div>\n<div><font color=\"#000000\" face=\"Arial\">Nosn\u00e9 ta\u0161ky se dodate\u010dn\u011b podkl\u00e1daj\u00ed zes\u00edlenou podp\u011brnou lat\u00ed a ka\u017ed\u00e1 se p\u0159ipev\u0148uje dv\u011bma vruty 4,5 &times; 45 mm a p\u0159\u00edchytkou ta\u0161ky.<\/font><\/div>\n<div><font color=\"#000000\" face=\"Arial\">&nbsp;<\/font><\/div>\n<div><font color=\"#000000\" face=\"Arial\">Sv\u00fdm tvarem odpov\u00edd\u00e1 tvaru p\u0159\u00edslu\u0161n\u00e9ho modelu betonov\u00e9 krytiny.<\/font><\/div>\n<\/p><\/div>\n<\/p><\/div>\n<div id=\"ke-stazeni\" class=\"TabContentWrap\">\n<div class=\"ResponseTabButton\">Ke sta\u017een\u00ed<\/div>\n<div class=\"TabContent\">\n<div class=\"Table Downloads\">\n<div class=\"THead\">\n<div class=\"TableRow\">\n<div class=\"TableCell\">                    N\u00e1zev                <\/div>\n<div class=\"TableCell\">                    Jazyk                <\/div>\n<div class=\"TableCell\">                    Velikost                <\/div>\n<div class=\"TableCell\">                    Form\u00e1t                <\/div>\n<div class=\"TableCell\">&nbsp;<\/div>\n<\/p><\/div>\n<\/p><\/div>\n<div class=\"TBody\">\n<div class=\"TableRow\">\n<div class=\"TableCell\">Technicka-prirucka-Bramac<\/div>\n<div class=\"TableCell\"><\/div>\n<div class=\"TableCell\">2914 kB<\/div>\n<div class=\"TableCell\">.pdf<\/div>\n<div class=\"TableCell ContentRight\">st\u00e1hnout<\/div>\n<\/div>\n<div class=\"TableRow\">\n<div class=\"TableCell\">Zaruka-BMI-Bramac_Effra<\/div>\n<div class=\"TableCell\"><\/div>\n<div class=\"TableCell\">1630 kB<\/div>\n<div class=\"TableCell\">.pdf<\/div>\n<div class=\"TableCell ContentRight\">st\u00e1hnout<\/div>\n<\/div>\n<div class=\"TableRow\">\n<div class=\"TableCell\">Katalog-betonovych-krytin-BMI-Bramac<\/div>\n<div class=\"TableCell\"><\/div>\n<div class=\"TableCell\">3464 kB<\/div>\n<div class=\"TableCell\">.pdf<\/div>\n<div class=\"TableCell ContentRight\">st\u00e1hnout<\/div>\n<\/div><\/div>\n<\/p><\/div>\n<\/p><\/div>\n<\/p><\/div>\n<\/p><\/div>\n<\/p><\/div>\n<\/div>\n","protected":false},"excerpt":{"rendered":"<p>Popis produktu Bezpe\u010dn\u00fd pohyb po st\u0159e\u0161e &nbsp; D\u00edky navz\u00e1jem p\u0159izp\u016fsoben\u00fdm d\u00edl\u016fm tohoto syst\u00e9mu nen\u00ed oslabena ochrana st\u0159echy proti de\u0161ti, proto\u017ee nen\u00ed nijak naru\u0161en jej\u00ed pl\u00e1\u0161\u0165. Nosn\u00e9 ta\u0161ky stoupac\u00ed plo\u0161iny je mo\u017en\u00e9 vyu\u017e\u00edt i pro upevn\u011bn\u00ed jin\u00fdch n\u00e1st\u0159e\u0161n\u00edch za\u0159\u00edzen\u00ed, a to a\u017e do hmotnosti 300 kg. &nbsp; Nosn\u00e9 ta\u0161ky se dodate\u010dn\u011b podkl\u00e1daj\u00ed zes\u00edlenou podp\u011brnou lat\u00ed a [&hellip;]<\/p>\n","protected":false},"featured_media":6489,"comment_status":"open","ping_status":"open","template":"","meta":[],"product_brand":[],"product_cat":[48],"product_tag":[],"class_list":{"0":"post-6389","1":"product","2":"type-product","3":"status-publish","4":"has-post-thumbnail","6":"product_cat-stresni-krytiny","8":"first","9":"instock","10":"sale","11":"shipping-taxable","12":"purchasable","13":"product-type-simple"},"yoast_head":"<!-- This site is optimized with the Yoast SEO plugin v26.8 - https:\/\/yoast.com\/product\/yoast-seo-wordpress\/ -->\n<title>Sleva MAX 7 Protector - Ta\u0161ka stoupac\u00ed plo\u0161iny - Ebenov\u011b \u010cern\u00e1 -<\/title>\n<meta name=\"robots\" content=\"index, follow, max-snippet:-1, max-image-preview:large, max-video-preview:-1\" \/>\n<link rel=\"canonical\" href=\"https:\/\/www.koupelnapro.com\/index.php\/produkt\/sleva-max-7-protector-taska-stoupaci-plosiny-ebenove-cerna-6389\/\" \/>\n<meta property=\"og:locale\" content=\"cs_CZ\" \/>\n<meta property=\"og:type\" content=\"article\" \/>\n<meta property=\"og:title\" content=\"Sleva MAX 7 Protector - Ta\u0161ka stoupac\u00ed plo\u0161iny - Ebenov\u011b \u010cern\u00e1 -\" \/>\n<meta property=\"og:description\" content=\"Popis produktu Bezpe\u010dn\u00fd pohyb po st\u0159e\u0161e &nbsp; D\u00edky navz\u00e1jem p\u0159izp\u016fsoben\u00fdm d\u00edl\u016fm tohoto syst\u00e9mu nen\u00ed oslabena ochrana st\u0159echy proti de\u0161ti, proto\u017ee nen\u00ed nijak naru\u0161en jej\u00ed pl\u00e1\u0161\u0165. Nosn\u00e9 ta\u0161ky stoupac\u00ed plo\u0161iny je mo\u017en\u00e9 vyu\u017e\u00edt i pro upevn\u011bn\u00ed jin\u00fdch n\u00e1st\u0159e\u0161n\u00edch za\u0159\u00edzen\u00ed, a to a\u017e do hmotnosti 300 kg. &nbsp; Nosn\u00e9 ta\u0161ky se dodate\u010dn\u011b podkl\u00e1daj\u00ed zes\u00edlenou podp\u011brnou lat\u00ed a [&hellip;]\" \/>\n<meta property=\"og:url\" content=\"https:\/\/www.koupelnapro.com\/index.php\/produkt\/sleva-max-7-protector-taska-stoupaci-plosiny-ebenove-cerna-6389\/\" \/>\n<meta property=\"og:image\" content=\"https:\/\/www.koupelnapro.com\/wp-content\/uploads\/2026\/SK0002744-CZ20260425-091742-0-1777079863-P-024506-00.webp\" \/>\n\t<meta property=\"og:image:width\" content=\"547\" \/>\n\t<meta property=\"og:image:height\" content=\"481\" \/>\n\t<meta property=\"og:image:type\" content=\"image\/webp\" \/>\n<meta name=\"twitter:card\" content=\"summary_large_image\" \/>\n<meta name=\"twitter:label1\" content=\"Odhadovan\u00e1 doba \u010dten\u00ed\" \/>\n\t<meta name=\"twitter:data1\" content=\"1 minuta\" \/>\n<script type=\"application\/ld+json\" class=\"yoast-schema-graph\">{\"@context\":\"https:\/\/schema.org\",\"@graph\":[{\"@type\":\"WebPage\",\"@id\":\"https:\/\/www.koupelnapro.com\/index.php\/produkt\/sleva-max-7-protector-taska-stoupaci-plosiny-ebenove-cerna-6389\/\",\"url\":\"https:\/\/www.koupelnapro.com\/index.php\/produkt\/sleva-max-7-protector-taska-stoupaci-plosiny-ebenove-cerna-6389\/\",\"name\":\"Sleva MAX 7 Protector - Ta\u0161ka stoupac\u00ed plo\u0161iny - Ebenov\u011b \u010cern\u00e1 -\",\"isPartOf\":{\"@id\":\"https:\/\/www.koupelnapro.com\/#website\"},\"primaryImageOfPage\":{\"@id\":\"https:\/\/www.koupelnapro.com\/index.php\/produkt\/sleva-max-7-protector-taska-stoupaci-plosiny-ebenove-cerna-6389\/#primaryimage\"},\"image\":{\"@id\":\"https:\/\/www.koupelnapro.com\/index.php\/produkt\/sleva-max-7-protector-taska-stoupaci-plosiny-ebenove-cerna-6389\/#primaryimage\"},\"thumbnailUrl\":\"https:\/\/www.koupelnapro.com\/wp-content\/uploads\/2026\/SK0002744-CZ20260425-091742-0-1777079863-P-024506-00.webp\",\"datePublished\":\"2026-04-26T09:13:13+00:00\",\"breadcrumb\":{\"@id\":\"https:\/\/www.koupelnapro.com\/index.php\/produkt\/sleva-max-7-protector-taska-stoupaci-plosiny-ebenove-cerna-6389\/#breadcrumb\"},\"inLanguage\":\"cs\",\"potentialAction\":[{\"@type\":\"ReadAction\",\"target\":[\"https:\/\/www.koupelnapro.com\/index.php\/produkt\/sleva-max-7-protector-taska-stoupaci-plosiny-ebenove-cerna-6389\/\"]}]},{\"@type\":\"ImageObject\",\"inLanguage\":\"cs\",\"@id\":\"https:\/\/www.koupelnapro.com\/index.php\/produkt\/sleva-max-7-protector-taska-stoupaci-plosiny-ebenove-cerna-6389\/#primaryimage\",\"url\":\"https:\/\/www.koupelnapro.com\/wp-content\/uploads\/2026\/SK0002744-CZ20260425-091742-0-1777079863-P-024506-00.webp\",\"contentUrl\":\"https:\/\/www.koupelnapro.com\/wp-content\/uploads\/2026\/SK0002744-CZ20260425-091742-0-1777079863-P-024506-00.webp\",\"width\":547,\"height\":481},{\"@type\":\"BreadcrumbList\",\"@id\":\"https:\/\/www.koupelnapro.com\/index.php\/produkt\/sleva-max-7-protector-taska-stoupaci-plosiny-ebenove-cerna-6389\/#breadcrumb\",\"itemListElement\":[{\"@type\":\"ListItem\",\"position\":1,\"name\":\"Home\",\"item\":\"https:\/\/www.koupelnapro.com\/\"},{\"@type\":\"ListItem\",\"position\":2,\"name\":\"Products\",\"item\":\"https:\/\/www.koupelnapro.com\/index.php\/products\/\"},{\"@type\":\"ListItem\",\"position\":3,\"name\":\"Sleva MAX 7 Protector &#8211; Ta\u0161ka stoupac\u00ed plo\u0161iny &#8211; Ebenov\u011b \u010cern\u00e1\"}]},{\"@type\":\"WebSite\",\"@id\":\"https:\/\/www.koupelnapro.com\/#website\",\"url\":\"https:\/\/www.koupelnapro.com\/\",\"name\":\"\",\"description\":\"\",\"potentialAction\":[{\"@type\":\"SearchAction\",\"target\":{\"@type\":\"EntryPoint\",\"urlTemplate\":\"https:\/\/www.koupelnapro.com\/?s={search_term_string}\"},\"query-input\":{\"@type\":\"PropertyValueSpecification\",\"valueRequired\":true,\"valueName\":\"search_term_string\"}}],\"inLanguage\":\"cs\"}]}<\/script>\n<!-- \/ Yoast SEO plugin. -->","yoast_head_json":{"title":"Sleva MAX 7 Protector - Ta\u0161ka stoupac\u00ed plo\u0161iny - Ebenov\u011b \u010cern\u00e1 -","robots":{"index":"index","follow":"follow","max-snippet":"max-snippet:-1","max-image-preview":"max-image-preview:large","max-video-preview":"max-video-preview:-1"},"canonical":"https:\/\/www.koupelnapro.com\/index.php\/produkt\/sleva-max-7-protector-taska-stoupaci-plosiny-ebenove-cerna-6389\/","og_locale":"cs_CZ","og_type":"article","og_title":"Sleva MAX 7 Protector - Ta\u0161ka stoupac\u00ed plo\u0161iny - Ebenov\u011b \u010cern\u00e1 -","og_description":"Popis produktu Bezpe\u010dn\u00fd pohyb po st\u0159e\u0161e &nbsp; D\u00edky navz\u00e1jem p\u0159izp\u016fsoben\u00fdm d\u00edl\u016fm tohoto syst\u00e9mu nen\u00ed oslabena ochrana st\u0159echy proti de\u0161ti, proto\u017ee nen\u00ed nijak naru\u0161en jej\u00ed pl\u00e1\u0161\u0165. Nosn\u00e9 ta\u0161ky stoupac\u00ed plo\u0161iny je mo\u017en\u00e9 vyu\u017e\u00edt i pro upevn\u011bn\u00ed jin\u00fdch n\u00e1st\u0159e\u0161n\u00edch za\u0159\u00edzen\u00ed, a to a\u017e do hmotnosti 300 kg. &nbsp; Nosn\u00e9 ta\u0161ky se dodate\u010dn\u011b podkl\u00e1daj\u00ed zes\u00edlenou podp\u011brnou lat\u00ed a [&hellip;]","og_url":"https:\/\/www.koupelnapro.com\/index.php\/produkt\/sleva-max-7-protector-taska-stoupaci-plosiny-ebenove-cerna-6389\/","og_image":[{"width":547,"height":481,"url":"https:\/\/www.koupelnapro.com\/wp-content\/uploads\/2026\/SK0002744-CZ20260425-091742-0-1777079863-P-024506-00.webp","type":"image\/webp"}],"twitter_card":"summary_large_image","twitter_misc":{"Odhadovan\u00e1 doba \u010dten\u00ed":"1 minuta"},"schema":{"@context":"https:\/\/schema.org","@graph":[{"@type":"WebPage","@id":"https:\/\/www.koupelnapro.com\/index.php\/produkt\/sleva-max-7-protector-taska-stoupaci-plosiny-ebenove-cerna-6389\/","url":"https:\/\/www.koupelnapro.com\/index.php\/produkt\/sleva-max-7-protector-taska-stoupaci-plosiny-ebenove-cerna-6389\/","name":"Sleva MAX 7 Protector - Ta\u0161ka stoupac\u00ed plo\u0161iny - Ebenov\u011b \u010cern\u00e1 -","isPartOf":{"@id":"https:\/\/www.koupelnapro.com\/#website"},"primaryImageOfPage":{"@id":"https:\/\/www.koupelnapro.com\/index.php\/produkt\/sleva-max-7-protector-taska-stoupaci-plosiny-ebenove-cerna-6389\/#primaryimage"},"image":{"@id":"https:\/\/www.koupelnapro.com\/index.php\/produkt\/sleva-max-7-protector-taska-stoupaci-plosiny-ebenove-cerna-6389\/#primaryimage"},"thumbnailUrl":"https:\/\/www.koupelnapro.com\/wp-content\/uploads\/2026\/SK0002744-CZ20260425-091742-0-1777079863-P-024506-00.webp","datePublished":"2026-04-26T09:13:13+00:00","breadcrumb":{"@id":"https:\/\/www.koupelnapro.com\/index.php\/produkt\/sleva-max-7-protector-taska-stoupaci-plosiny-ebenove-cerna-6389\/#breadcrumb"},"inLanguage":"cs","potentialAction":[{"@type":"ReadAction","target":["https:\/\/www.koupelnapro.com\/index.php\/produkt\/sleva-max-7-protector-taska-stoupaci-plosiny-ebenove-cerna-6389\/"]}]},{"@type":"ImageObject","inLanguage":"cs","@id":"https:\/\/www.koupelnapro.com\/index.php\/produkt\/sleva-max-7-protector-taska-stoupaci-plosiny-ebenove-cerna-6389\/#primaryimage","url":"https:\/\/www.koupelnapro.com\/wp-content\/uploads\/2026\/SK0002744-CZ20260425-091742-0-1777079863-P-024506-00.webp","contentUrl":"https:\/\/www.koupelnapro.com\/wp-content\/uploads\/2026\/SK0002744-CZ20260425-091742-0-1777079863-P-024506-00.webp","width":547,"height":481},{"@type":"BreadcrumbList","@id":"https:\/\/www.koupelnapro.com\/index.php\/produkt\/sleva-max-7-protector-taska-stoupaci-plosiny-ebenove-cerna-6389\/#breadcrumb","itemListElement":[{"@type":"ListItem","position":1,"name":"Home","item":"https:\/\/www.koupelnapro.com\/"},{"@type":"ListItem","position":2,"name":"Products","item":"https:\/\/www.koupelnapro.com\/index.php\/products\/"},{"@type":"ListItem","position":3,"name":"Sleva MAX 7 Protector &#8211; Ta\u0161ka stoupac\u00ed plo\u0161iny &#8211; Ebenov\u011b \u010cern\u00e1"}]},{"@type":"WebSite","@id":"https:\/\/www.koupelnapro.com\/#website","url":"https:\/\/www.koupelnapro.com\/","name":"","description":"","potentialAction":[{"@type":"SearchAction","target":{"@type":"EntryPoint","urlTemplate":"https:\/\/www.koupelnapro.com\/?s={search_term_string}"},"query-input":{"@type":"PropertyValueSpecification","valueRequired":true,"valueName":"search_term_string"}}],"inLanguage":"cs"}]}},"_links":{"self":[{"href":"https:\/\/www.koupelnapro.com\/index.php\/wp-json\/wp\/v2\/product\/6389","targetHints":{"allow":["GET"]}}],"collection":[{"href":"https:\/\/www.koupelnapro.com\/index.php\/wp-json\/wp\/v2\/product"}],"about":[{"href":"https:\/\/www.koupelnapro.com\/index.php\/wp-json\/wp\/v2\/types\/product"}],"replies":[{"embeddable":true,"href":"https:\/\/www.koupelnapro.com\/index.php\/wp-json\/wp\/v2\/comments?post=6389"}],"wp:featuredmedia":[{"embeddable":true,"href":"https:\/\/www.koupelnapro.com\/index.php\/wp-json\/wp\/v2\/media\/6489"}],"wp:attachment":[{"href":"https:\/\/www.koupelnapro.com\/index.php\/wp-json\/wp\/v2\/media?parent=6389"}],"wp:term":[{"taxonomy":"product_brand","embeddable":true,"href":"https:\/\/www.koupelnapro.com\/index.php\/wp-json\/wp\/v2\/product_brand?post=6389"},{"taxonomy":"product_cat","embeddable":true,"href":"https:\/\/www.koupelnapro.com\/index.php\/wp-json\/wp\/v2\/product_cat?post=6389"},{"taxonomy":"product_tag","embeddable":true,"href":"https:\/\/www.koupelnapro.com\/index.php\/wp-json\/wp\/v2\/product_tag?post=6389"}],"curies":[{"name":"wp","href":"https:\/\/api.w.org\/{rel}","templated":true}]}}