{"id":6385,"date":"2026-04-26T09:13:13","date_gmt":"2026-04-26T09:13:13","guid":{"rendered":""},"modified":"2026-04-26T09:13:13","modified_gmt":"2026-04-26T09:13:13","slug":"novinka-max-7-protector-odvetravaci-taska-cihlove-cervena-rezna-6385","status":"publish","type":"product","link":"https:\/\/www.koupelnapro.com\/produkt\/novinka-max-7-protector-odvetravaci-taska-cihlove-cervena-rezna-6385\/","title":{"rendered":"Novinka MAX 7 Protector &#8211; Odv\u011btr\u00e1vac\u00ed ta\u0161ka &#8211; Cihlov\u011b \u010derven\u00e1 &#8211; re\u017en\u00e1"},"content":{"rendered":"<div class=\"ResponseTabButton\">Popis produktu<\/div>\n<div class=\"TabContent\">                V l\u00e9t\u011b v\u011btran\u00e1 mezera zabra\u0148uje p\u0159eh\u0159\u00edv\u00e1n\u00ed vzduchu pod ta\u0161kami, \u010d\u00edm\u017e se zvy\u0161uje tepeln\u00e1 pohoda v&nbsp;podkrov\u00ed. Odv\u011btr\u00e1vac\u00ed ta\u0161ky se pokl\u00e1daj\u00ed do druh\u00e9 \u0159ady od h\u0159ebene (u ta\u0161ky Bramac MAX lze i do prvn\u00ed \u0159ady) nebo do linie n\u00e1ro\u017e\u00ed v p\u0159\u00edpad\u011b valbov\u00fdch st\u0159ech. Jsou nezbytn\u00e9 i pro p\u0159\u00edvod vzduchu pod ta\u0161ky pod\u00e9l \u00fa\u017elab\u00ed.            <\/div>\n<\/p><\/div>\n<div id=\"ke-stazeni\" class=\"TabContentWrap\">\n<div class=\"ResponseTabButton\">Ke sta\u017een\u00ed<\/div>\n<div class=\"TabContent\">\n<div class=\"Table Downloads\">\n<div class=\"THead\">\n<div class=\"TableRow\">\n<div class=\"TableCell\">                    N\u00e1zev                <\/div>\n<div class=\"TableCell\">                    Jazyk                <\/div>\n<div class=\"TableCell\">                    Velikost                <\/div>\n<div class=\"TableCell\">                    Form\u00e1t                <\/div>\n<div class=\"TableCell\">&nbsp;<\/div>\n<\/p><\/div>\n<\/p><\/div>\n<div class=\"TBody\">\n<div class=\"TableRow\">\n<div class=\"TableCell\">Technicka-prirucka-Bramac<\/div>\n<div class=\"TableCell\"><\/div>\n<div class=\"TableCell\">2914 kB<\/div>\n<div class=\"TableCell\">.pdf<\/div>\n<div class=\"TableCell ContentRight\">st\u00e1hnout<\/div>\n<\/div>\n<div class=\"TableRow\">\n<div class=\"TableCell\">Zaruka-BMI-Bramac_Effra<\/div>\n<div class=\"TableCell\"><\/div>\n<div class=\"TableCell\">1630 kB<\/div>\n<div class=\"TableCell\">.pdf<\/div>\n<div class=\"TableCell ContentRight\">st\u00e1hnout<\/div>\n<\/div>\n<div class=\"TableRow\">\n<div class=\"TableCell\">Katalog-betonovych-krytin-BMI-Bramac<\/div>\n<div class=\"TableCell\"><\/div>\n<div class=\"TableCell\">3464 kB<\/div>\n<div class=\"TableCell\">.pdf<\/div>\n<div class=\"TableCell ContentRight\">st\u00e1hnout<\/div>\n<\/div><\/div>\n<\/p><\/div>\n<\/p><\/div>\n<\/p><\/div>\n<\/p><\/div>\n<\/p><\/div>\n<\/div>\n","protected":false},"excerpt":{"rendered":"<p>Popis produktu V l\u00e9t\u011b v\u011btran\u00e1 mezera zabra\u0148uje p\u0159eh\u0159\u00edv\u00e1n\u00ed vzduchu pod ta\u0161kami, \u010d\u00edm\u017e se zvy\u0161uje tepeln\u00e1 pohoda v&nbsp;podkrov\u00ed. Odv\u011btr\u00e1vac\u00ed ta\u0161ky se pokl\u00e1daj\u00ed do druh\u00e9 \u0159ady od h\u0159ebene (u ta\u0161ky Bramac MAX lze i do prvn\u00ed \u0159ady) nebo do linie n\u00e1ro\u017e\u00ed v p\u0159\u00edpad\u011b valbov\u00fdch st\u0159ech. Jsou nezbytn\u00e9 i pro p\u0159\u00edvod vzduchu pod ta\u0161ky pod\u00e9l \u00fa\u017elab\u00ed. Ke sta\u017een\u00ed [&hellip;]<\/p>\n","protected":false},"featured_media":6485,"comment_status":"open","ping_status":"open","template":"","meta":[],"product_brand":[],"product_cat":[48],"product_tag":[],"class_list":{"0":"post-6385","1":"product","2":"type-product","3":"status-publish","4":"has-post-thumbnail","6":"product_cat-stresni-krytiny","8":"first","9":"instock","10":"sale","11":"shipping-taxable","12":"purchasable","13":"product-type-simple"},"yoast_head":"<!-- This site is optimized with the Yoast SEO plugin v26.8 - https:\/\/yoast.com\/product\/yoast-seo-wordpress\/ -->\n<title>Novinka MAX 7 Protector - Odv\u011btr\u00e1vac\u00ed ta\u0161ka - Cihlov\u011b \u010derven\u00e1 - re\u017en\u00e1 - Vybaven\u00ed pro d\u016fm<\/title>\n<meta name=\"robots\" content=\"index, follow, max-snippet:-1, max-image-preview:large, max-video-preview:-1\" \/>\n<link rel=\"canonical\" href=\"https:\/\/www.koupelnapro.com\/index.php\/produkt\/novinka-max-7-protector-odvetravaci-taska-cihlove-cervena-rezna-6385\/\" \/>\n<meta property=\"og:locale\" content=\"cs_CZ\" \/>\n<meta property=\"og:type\" content=\"article\" \/>\n<meta property=\"og:title\" content=\"Novinka MAX 7 Protector - Odv\u011btr\u00e1vac\u00ed ta\u0161ka - Cihlov\u011b \u010derven\u00e1 - re\u017en\u00e1 - Vybaven\u00ed pro d\u016fm\" \/>\n<meta property=\"og:description\" content=\"Popis produktu V l\u00e9t\u011b v\u011btran\u00e1 mezera zabra\u0148uje p\u0159eh\u0159\u00edv\u00e1n\u00ed vzduchu pod ta\u0161kami, \u010d\u00edm\u017e se zvy\u0161uje tepeln\u00e1 pohoda v&nbsp;podkrov\u00ed. Odv\u011btr\u00e1vac\u00ed ta\u0161ky se pokl\u00e1daj\u00ed do druh\u00e9 \u0159ady od h\u0159ebene (u ta\u0161ky Bramac MAX lze i do prvn\u00ed \u0159ady) nebo do linie n\u00e1ro\u017e\u00ed v p\u0159\u00edpad\u011b valbov\u00fdch st\u0159ech. Jsou nezbytn\u00e9 i pro p\u0159\u00edvod vzduchu pod ta\u0161ky pod\u00e9l \u00fa\u017elab\u00ed. Ke sta\u017een\u00ed [&hellip;]\" \/>\n<meta property=\"og:url\" content=\"https:\/\/www.koupelnapro.com\/index.php\/produkt\/novinka-max-7-protector-odvetravaci-taska-cihlove-cervena-rezna-6385\/\" \/>\n<meta property=\"og:site_name\" content=\"Vybaven\u00ed pro d\u016fm\" \/>\n<meta property=\"og:image\" content=\"https:\/\/www.koupelnapro.com\/wp-content\/uploads\/2026\/SK0002740-CZ20260425-091742-0-1777079863-P-045868-00.webp\" \/>\n\t<meta property=\"og:image:width\" content=\"495\" \/>\n\t<meta property=\"og:image:height\" content=\"504\" \/>\n\t<meta property=\"og:image:type\" content=\"image\/webp\" \/>\n<meta name=\"twitter:card\" content=\"summary_large_image\" \/>\n<script type=\"application\/ld+json\" class=\"yoast-schema-graph\">{\"@context\":\"https:\/\/schema.org\",\"@graph\":[{\"@type\":\"WebPage\",\"@id\":\"https:\/\/www.koupelnapro.com\/index.php\/produkt\/novinka-max-7-protector-odvetravaci-taska-cihlove-cervena-rezna-6385\/\",\"url\":\"https:\/\/www.koupelnapro.com\/index.php\/produkt\/novinka-max-7-protector-odvetravaci-taska-cihlove-cervena-rezna-6385\/\",\"name\":\"Novinka MAX 7 Protector - Odv\u011btr\u00e1vac\u00ed ta\u0161ka - Cihlov\u011b \u010derven\u00e1 - re\u017en\u00e1 - Vybaven\u00ed pro d\u016fm\",\"isPartOf\":{\"@id\":\"https:\/\/www.koupelnapro.com\/#website\"},\"primaryImageOfPage\":{\"@id\":\"https:\/\/www.koupelnapro.com\/index.php\/produkt\/novinka-max-7-protector-odvetravaci-taska-cihlove-cervena-rezna-6385\/#primaryimage\"},\"image\":{\"@id\":\"https:\/\/www.koupelnapro.com\/index.php\/produkt\/novinka-max-7-protector-odvetravaci-taska-cihlove-cervena-rezna-6385\/#primaryimage\"},\"thumbnailUrl\":\"https:\/\/www.koupelnapro.com\/wp-content\/uploads\/2026\/SK0002740-CZ20260425-091742-0-1777079863-P-045868-00.webp\",\"datePublished\":\"2026-04-26T09:13:13+00:00\",\"breadcrumb\":{\"@id\":\"https:\/\/www.koupelnapro.com\/index.php\/produkt\/novinka-max-7-protector-odvetravaci-taska-cihlove-cervena-rezna-6385\/#breadcrumb\"},\"inLanguage\":\"cs\",\"potentialAction\":[{\"@type\":\"ReadAction\",\"target\":[\"https:\/\/www.koupelnapro.com\/index.php\/produkt\/novinka-max-7-protector-odvetravaci-taska-cihlove-cervena-rezna-6385\/\"]}]},{\"@type\":\"ImageObject\",\"inLanguage\":\"cs\",\"@id\":\"https:\/\/www.koupelnapro.com\/index.php\/produkt\/novinka-max-7-protector-odvetravaci-taska-cihlove-cervena-rezna-6385\/#primaryimage\",\"url\":\"https:\/\/www.koupelnapro.com\/wp-content\/uploads\/2026\/SK0002740-CZ20260425-091742-0-1777079863-P-045868-00.webp\",\"contentUrl\":\"https:\/\/www.koupelnapro.com\/wp-content\/uploads\/2026\/SK0002740-CZ20260425-091742-0-1777079863-P-045868-00.webp\",\"width\":495,\"height\":504},{\"@type\":\"BreadcrumbList\",\"@id\":\"https:\/\/www.koupelnapro.com\/index.php\/produkt\/novinka-max-7-protector-odvetravaci-taska-cihlove-cervena-rezna-6385\/#breadcrumb\",\"itemListElement\":[{\"@type\":\"ListItem\",\"position\":1,\"name\":\"Home\",\"item\":\"https:\/\/www.koupelnapro.com\/\"},{\"@type\":\"ListItem\",\"position\":2,\"name\":\"Products\",\"item\":\"https:\/\/www.koupelnapro.com\/products\/\"},{\"@type\":\"ListItem\",\"position\":3,\"name\":\"Novinka MAX 7 Protector &#8211; Odv\u011btr\u00e1vac\u00ed ta\u0161ka &#8211; Cihlov\u011b \u010derven\u00e1 &#8211; re\u017en\u00e1\"}]},{\"@type\":\"WebSite\",\"@id\":\"https:\/\/www.koupelnapro.com\/#website\",\"url\":\"https:\/\/www.koupelnapro.com\/\",\"name\":\"Vybaven\u00ed pro d\u016fm\",\"description\":\"Vybaven\u00ed pro d\u016fm\",\"publisher\":{\"@id\":\"https:\/\/www.koupelnapro.com\/#organization\"},\"potentialAction\":[{\"@type\":\"SearchAction\",\"target\":{\"@type\":\"EntryPoint\",\"urlTemplate\":\"https:\/\/www.koupelnapro.com\/?s={search_term_string}\"},\"query-input\":{\"@type\":\"PropertyValueSpecification\",\"valueRequired\":true,\"valueName\":\"search_term_string\"}}],\"inLanguage\":\"cs\"},{\"@type\":\"Organization\",\"@id\":\"https:\/\/www.koupelnapro.com\/#organization\",\"name\":\"Vybaven\u00ed pro d\u016fm\",\"url\":\"https:\/\/www.koupelnapro.com\/\",\"logo\":{\"@type\":\"ImageObject\",\"inLanguage\":\"cs\",\"@id\":\"https:\/\/www.koupelnapro.com\/#\/schema\/logo\/image\/\",\"url\":\"https:\/\/www.koupelnapro.com\/wp-content\/uploads\/2026\/04\/koupelnapro-logo-deep-green.svg\",\"contentUrl\":\"https:\/\/www.koupelnapro.com\/wp-content\/uploads\/2026\/04\/koupelnapro-logo-deep-green.svg\",\"width\":920,\"height\":160,\"caption\":\"Vybaven\u00ed pro d\u016fm\"},\"image\":{\"@id\":\"https:\/\/www.koupelnapro.com\/#\/schema\/logo\/image\/\"}}]}<\/script>\n<!-- \/ Yoast SEO plugin. -->","yoast_head_json":{"title":"Novinka MAX 7 Protector - Odv\u011btr\u00e1vac\u00ed ta\u0161ka - Cihlov\u011b \u010derven\u00e1 - re\u017en\u00e1 - Vybaven\u00ed pro d\u016fm","robots":{"index":"index","follow":"follow","max-snippet":"max-snippet:-1","max-image-preview":"max-image-preview:large","max-video-preview":"max-video-preview:-1"},"canonical":"https:\/\/www.koupelnapro.com\/index.php\/produkt\/novinka-max-7-protector-odvetravaci-taska-cihlove-cervena-rezna-6385\/","og_locale":"cs_CZ","og_type":"article","og_title":"Novinka MAX 7 Protector - Odv\u011btr\u00e1vac\u00ed ta\u0161ka - Cihlov\u011b \u010derven\u00e1 - re\u017en\u00e1 - Vybaven\u00ed pro d\u016fm","og_description":"Popis produktu V l\u00e9t\u011b v\u011btran\u00e1 mezera zabra\u0148uje p\u0159eh\u0159\u00edv\u00e1n\u00ed vzduchu pod ta\u0161kami, \u010d\u00edm\u017e se zvy\u0161uje tepeln\u00e1 pohoda v&nbsp;podkrov\u00ed. Odv\u011btr\u00e1vac\u00ed ta\u0161ky se pokl\u00e1daj\u00ed do druh\u00e9 \u0159ady od h\u0159ebene (u ta\u0161ky Bramac MAX lze i do prvn\u00ed \u0159ady) nebo do linie n\u00e1ro\u017e\u00ed v p\u0159\u00edpad\u011b valbov\u00fdch st\u0159ech. Jsou nezbytn\u00e9 i pro p\u0159\u00edvod vzduchu pod ta\u0161ky pod\u00e9l \u00fa\u017elab\u00ed. Ke sta\u017een\u00ed [&hellip;]","og_url":"https:\/\/www.koupelnapro.com\/index.php\/produkt\/novinka-max-7-protector-odvetravaci-taska-cihlove-cervena-rezna-6385\/","og_site_name":"Vybaven\u00ed pro d\u016fm","og_image":[{"width":495,"height":504,"url":"https:\/\/www.koupelnapro.com\/wp-content\/uploads\/2026\/SK0002740-CZ20260425-091742-0-1777079863-P-045868-00.webp","type":"image\/webp"}],"twitter_card":"summary_large_image","schema":{"@context":"https:\/\/schema.org","@graph":[{"@type":"WebPage","@id":"https:\/\/www.koupelnapro.com\/index.php\/produkt\/novinka-max-7-protector-odvetravaci-taska-cihlove-cervena-rezna-6385\/","url":"https:\/\/www.koupelnapro.com\/index.php\/produkt\/novinka-max-7-protector-odvetravaci-taska-cihlove-cervena-rezna-6385\/","name":"Novinka MAX 7 Protector - Odv\u011btr\u00e1vac\u00ed ta\u0161ka - Cihlov\u011b \u010derven\u00e1 - re\u017en\u00e1 - Vybaven\u00ed pro d\u016fm","isPartOf":{"@id":"https:\/\/www.koupelnapro.com\/#website"},"primaryImageOfPage":{"@id":"https:\/\/www.koupelnapro.com\/index.php\/produkt\/novinka-max-7-protector-odvetravaci-taska-cihlove-cervena-rezna-6385\/#primaryimage"},"image":{"@id":"https:\/\/www.koupelnapro.com\/index.php\/produkt\/novinka-max-7-protector-odvetravaci-taska-cihlove-cervena-rezna-6385\/#primaryimage"},"thumbnailUrl":"https:\/\/www.koupelnapro.com\/wp-content\/uploads\/2026\/SK0002740-CZ20260425-091742-0-1777079863-P-045868-00.webp","datePublished":"2026-04-26T09:13:13+00:00","breadcrumb":{"@id":"https:\/\/www.koupelnapro.com\/index.php\/produkt\/novinka-max-7-protector-odvetravaci-taska-cihlove-cervena-rezna-6385\/#breadcrumb"},"inLanguage":"cs","potentialAction":[{"@type":"ReadAction","target":["https:\/\/www.koupelnapro.com\/index.php\/produkt\/novinka-max-7-protector-odvetravaci-taska-cihlove-cervena-rezna-6385\/"]}]},{"@type":"ImageObject","inLanguage":"cs","@id":"https:\/\/www.koupelnapro.com\/index.php\/produkt\/novinka-max-7-protector-odvetravaci-taska-cihlove-cervena-rezna-6385\/#primaryimage","url":"https:\/\/www.koupelnapro.com\/wp-content\/uploads\/2026\/SK0002740-CZ20260425-091742-0-1777079863-P-045868-00.webp","contentUrl":"https:\/\/www.koupelnapro.com\/wp-content\/uploads\/2026\/SK0002740-CZ20260425-091742-0-1777079863-P-045868-00.webp","width":495,"height":504},{"@type":"BreadcrumbList","@id":"https:\/\/www.koupelnapro.com\/index.php\/produkt\/novinka-max-7-protector-odvetravaci-taska-cihlove-cervena-rezna-6385\/#breadcrumb","itemListElement":[{"@type":"ListItem","position":1,"name":"Home","item":"https:\/\/www.koupelnapro.com\/"},{"@type":"ListItem","position":2,"name":"Products","item":"https:\/\/www.koupelnapro.com\/products\/"},{"@type":"ListItem","position":3,"name":"Novinka MAX 7 Protector &#8211; Odv\u011btr\u00e1vac\u00ed ta\u0161ka &#8211; Cihlov\u011b \u010derven\u00e1 &#8211; re\u017en\u00e1"}]},{"@type":"WebSite","@id":"https:\/\/www.koupelnapro.com\/#website","url":"https:\/\/www.koupelnapro.com\/","name":"Vybaven\u00ed pro d\u016fm","description":"Vybaven\u00ed pro d\u016fm","publisher":{"@id":"https:\/\/www.koupelnapro.com\/#organization"},"potentialAction":[{"@type":"SearchAction","target":{"@type":"EntryPoint","urlTemplate":"https:\/\/www.koupelnapro.com\/?s={search_term_string}"},"query-input":{"@type":"PropertyValueSpecification","valueRequired":true,"valueName":"search_term_string"}}],"inLanguage":"cs"},{"@type":"Organization","@id":"https:\/\/www.koupelnapro.com\/#organization","name":"Vybaven\u00ed pro d\u016fm","url":"https:\/\/www.koupelnapro.com\/","logo":{"@type":"ImageObject","inLanguage":"cs","@id":"https:\/\/www.koupelnapro.com\/#\/schema\/logo\/image\/","url":"https:\/\/www.koupelnapro.com\/wp-content\/uploads\/2026\/04\/koupelnapro-logo-deep-green.svg","contentUrl":"https:\/\/www.koupelnapro.com\/wp-content\/uploads\/2026\/04\/koupelnapro-logo-deep-green.svg","width":920,"height":160,"caption":"Vybaven\u00ed pro d\u016fm"},"image":{"@id":"https:\/\/www.koupelnapro.com\/#\/schema\/logo\/image\/"}}]}},"_links":{"self":[{"href":"https:\/\/www.koupelnapro.com\/wp-json\/wp\/v2\/product\/6385","targetHints":{"allow":["GET"]}}],"collection":[{"href":"https:\/\/www.koupelnapro.com\/wp-json\/wp\/v2\/product"}],"about":[{"href":"https:\/\/www.koupelnapro.com\/wp-json\/wp\/v2\/types\/product"}],"replies":[{"embeddable":true,"href":"https:\/\/www.koupelnapro.com\/wp-json\/wp\/v2\/comments?post=6385"}],"wp:featuredmedia":[{"embeddable":true,"href":"https:\/\/www.koupelnapro.com\/wp-json\/wp\/v2\/media\/6485"}],"wp:attachment":[{"href":"https:\/\/www.koupelnapro.com\/wp-json\/wp\/v2\/media?parent=6385"}],"wp:term":[{"taxonomy":"product_brand","embeddable":true,"href":"https:\/\/www.koupelnapro.com\/wp-json\/wp\/v2\/product_brand?post=6385"},{"taxonomy":"product_cat","embeddable":true,"href":"https:\/\/www.koupelnapro.com\/wp-json\/wp\/v2\/product_cat?post=6385"},{"taxonomy":"product_tag","embeddable":true,"href":"https:\/\/www.koupelnapro.com\/wp-json\/wp\/v2\/product_tag?post=6385"}],"curies":[{"name":"wp","href":"https:\/\/api.w.org\/{rel}","templated":true}]}}