{"id":6380,"date":"2026-04-26T09:13:13","date_gmt":"2026-04-26T09:13:13","guid":{"rendered":""},"modified":"2026-04-26T09:13:13","modified_gmt":"2026-04-26T09:13:13","slug":"horka-nabidka-max-7-protector-krajni-taska-leva-ebenove-cerna-6380","status":"publish","type":"product","link":"https:\/\/www.koupelnapro.com\/index.php\/produkt\/horka-nabidka-max-7-protector-krajni-taska-leva-ebenove-cerna-6380\/","title":{"rendered":"Hork\u00e1 Nab\u00eddka MAX 7 Protector &#8211; Krajn\u00ed ta\u0161ka lev\u00e1 &#8211; Ebenov\u011b \u010cern\u00e1"},"content":{"rendered":"<div class=\"ResponseTabButton\">Popis produktu<\/div>\n<div class=\"TabContent\">                P\u0159i pokl\u00e1dce je d\u016fle\u017eit\u00e9, aby &nbsp;vzd\u00e1lenost lat\u00ed byla minim\u00e1ln\u011b 31,5 cm u velkoform\u00e1tov\u00fdch ta\u0161ek. Krajn\u00ed ta\u0161ky maj\u00ed dva otvory pro h\u0159eb\u00edky a je nutn\u00e9 je p\u0159ipev\u0148ovat. Krajn\u00ed ta\u0161ky jsou vyrobeny z vysoce kvalitn\u00edho probarven\u00e9ho betonu.            <\/div>\n<\/p><\/div>\n<div id=\"ke-stazeni\" class=\"TabContentWrap\">\n<div class=\"ResponseTabButton\">Ke sta\u017een\u00ed<\/div>\n<div class=\"TabContent\">\n<div class=\"Table Downloads\">\n<div class=\"THead\">\n<div class=\"TableRow\">\n<div class=\"TableCell\">                    N\u00e1zev                <\/div>\n<div class=\"TableCell\">                    Jazyk                <\/div>\n<div class=\"TableCell\">                    Velikost                <\/div>\n<div class=\"TableCell\">                    Form\u00e1t                <\/div>\n<div class=\"TableCell\">&nbsp;<\/div>\n<\/p><\/div>\n<\/p><\/div>\n<div class=\"TBody\">\n<div class=\"TableRow\">\n<div class=\"TableCell\">Technicka-prirucka-Bramac<\/div>\n<div class=\"TableCell\"><\/div>\n<div class=\"TableCell\">2914 kB<\/div>\n<div class=\"TableCell\">.pdf<\/div>\n<div class=\"TableCell ContentRight\">st\u00e1hnout<\/div>\n<\/div>\n<div class=\"TableRow\">\n<div class=\"TableCell\">Zaruka-BMI-Bramac_Effra<\/div>\n<div class=\"TableCell\"><\/div>\n<div class=\"TableCell\">1630 kB<\/div>\n<div class=\"TableCell\">.pdf<\/div>\n<div class=\"TableCell ContentRight\">st\u00e1hnout<\/div>\n<\/div>\n<div class=\"TableRow\">\n<div class=\"TableCell\">Katalog-betonovych-krytin-BMI-Bramac<\/div>\n<div class=\"TableCell\"><\/div>\n<div class=\"TableCell\">3464 kB<\/div>\n<div class=\"TableCell\">.pdf<\/div>\n<div class=\"TableCell ContentRight\">st\u00e1hnout<\/div>\n<\/div><\/div>\n<\/p><\/div>\n<\/p><\/div>\n<\/p><\/div>\n<\/p><\/div>\n<\/p><\/div>\n<\/div>\n","protected":false},"excerpt":{"rendered":"<p>Popis produktu P\u0159i pokl\u00e1dce je d\u016fle\u017eit\u00e9, aby &nbsp;vzd\u00e1lenost lat\u00ed byla minim\u00e1ln\u011b 31,5 cm u velkoform\u00e1tov\u00fdch ta\u0161ek. Krajn\u00ed ta\u0161ky maj\u00ed dva otvory pro h\u0159eb\u00edky a je nutn\u00e9 je p\u0159ipev\u0148ovat. Krajn\u00ed ta\u0161ky jsou vyrobeny z vysoce kvalitn\u00edho probarven\u00e9ho betonu. Ke sta\u017een\u00ed N\u00e1zev Jazyk Velikost Form\u00e1t &nbsp; Technicka-prirucka-Bramac 2914 kB .pdf st\u00e1hnout Zaruka-BMI-Bramac_Effra 1630 kB .pdf st\u00e1hnout Katalog-betonovych-krytin-BMI-Bramac [&hellip;]<\/p>\n","protected":false},"featured_media":6480,"comment_status":"open","ping_status":"open","template":"","meta":[],"product_brand":[],"product_cat":[48],"product_tag":[],"class_list":{"0":"post-6380","1":"product","2":"type-product","3":"status-publish","4":"has-post-thumbnail","6":"product_cat-stresni-krytiny","8":"first","9":"instock","10":"sale","11":"shipping-taxable","12":"purchasable","13":"product-type-simple"},"yoast_head":"<!-- This site is optimized with the Yoast SEO plugin v26.8 - https:\/\/yoast.com\/product\/yoast-seo-wordpress\/ -->\n<title>Hork\u00e1 Nab\u00eddka MAX 7 Protector - Krajn\u00ed ta\u0161ka lev\u00e1 - Ebenov\u011b \u010cern\u00e1 -<\/title>\n<meta name=\"robots\" content=\"index, follow, max-snippet:-1, max-image-preview:large, max-video-preview:-1\" \/>\n<link rel=\"canonical\" href=\"https:\/\/www.koupelnapro.com\/index.php\/produkt\/horka-nabidka-max-7-protector-krajni-taska-leva-ebenove-cerna-6380\/\" \/>\n<meta property=\"og:locale\" content=\"cs_CZ\" \/>\n<meta property=\"og:type\" content=\"article\" \/>\n<meta property=\"og:title\" content=\"Hork\u00e1 Nab\u00eddka MAX 7 Protector - Krajn\u00ed ta\u0161ka lev\u00e1 - Ebenov\u011b \u010cern\u00e1 -\" \/>\n<meta property=\"og:description\" content=\"Popis produktu P\u0159i pokl\u00e1dce je d\u016fle\u017eit\u00e9, aby &nbsp;vzd\u00e1lenost lat\u00ed byla minim\u00e1ln\u011b 31,5 cm u velkoform\u00e1tov\u00fdch ta\u0161ek. Krajn\u00ed ta\u0161ky maj\u00ed dva otvory pro h\u0159eb\u00edky a je nutn\u00e9 je p\u0159ipev\u0148ovat. Krajn\u00ed ta\u0161ky jsou vyrobeny z vysoce kvalitn\u00edho probarven\u00e9ho betonu. Ke sta\u017een\u00ed N\u00e1zev Jazyk Velikost Form\u00e1t &nbsp; Technicka-prirucka-Bramac 2914 kB .pdf st\u00e1hnout Zaruka-BMI-Bramac_Effra 1630 kB .pdf st\u00e1hnout Katalog-betonovych-krytin-BMI-Bramac [&hellip;]\" \/>\n<meta property=\"og:url\" content=\"https:\/\/www.koupelnapro.com\/index.php\/produkt\/horka-nabidka-max-7-protector-krajni-taska-leva-ebenove-cerna-6380\/\" \/>\n<meta property=\"og:image\" content=\"https:\/\/www.koupelnapro.com\/wp-content\/uploads\/2026\/SK0002735-CZ20260425-091742-0-1777079863-P-043509-00.webp\" \/>\n\t<meta property=\"og:image:width\" content=\"590\" \/>\n\t<meta property=\"og:image:height\" content=\"514\" \/>\n\t<meta property=\"og:image:type\" content=\"image\/webp\" \/>\n<meta name=\"twitter:card\" content=\"summary_large_image\" \/>\n<script type=\"application\/ld+json\" class=\"yoast-schema-graph\">{\"@context\":\"https:\/\/schema.org\",\"@graph\":[{\"@type\":\"WebPage\",\"@id\":\"https:\/\/www.koupelnapro.com\/index.php\/produkt\/horka-nabidka-max-7-protector-krajni-taska-leva-ebenove-cerna-6380\/\",\"url\":\"https:\/\/www.koupelnapro.com\/index.php\/produkt\/horka-nabidka-max-7-protector-krajni-taska-leva-ebenove-cerna-6380\/\",\"name\":\"Hork\u00e1 Nab\u00eddka MAX 7 Protector - Krajn\u00ed ta\u0161ka lev\u00e1 - Ebenov\u011b \u010cern\u00e1 -\",\"isPartOf\":{\"@id\":\"https:\/\/www.koupelnapro.com\/#website\"},\"primaryImageOfPage\":{\"@id\":\"https:\/\/www.koupelnapro.com\/index.php\/produkt\/horka-nabidka-max-7-protector-krajni-taska-leva-ebenove-cerna-6380\/#primaryimage\"},\"image\":{\"@id\":\"https:\/\/www.koupelnapro.com\/index.php\/produkt\/horka-nabidka-max-7-protector-krajni-taska-leva-ebenove-cerna-6380\/#primaryimage\"},\"thumbnailUrl\":\"https:\/\/www.koupelnapro.com\/wp-content\/uploads\/2026\/SK0002735-CZ20260425-091742-0-1777079863-P-043509-00.webp\",\"datePublished\":\"2026-04-26T09:13:13+00:00\",\"breadcrumb\":{\"@id\":\"https:\/\/www.koupelnapro.com\/index.php\/produkt\/horka-nabidka-max-7-protector-krajni-taska-leva-ebenove-cerna-6380\/#breadcrumb\"},\"inLanguage\":\"cs\",\"potentialAction\":[{\"@type\":\"ReadAction\",\"target\":[\"https:\/\/www.koupelnapro.com\/index.php\/produkt\/horka-nabidka-max-7-protector-krajni-taska-leva-ebenove-cerna-6380\/\"]}]},{\"@type\":\"ImageObject\",\"inLanguage\":\"cs\",\"@id\":\"https:\/\/www.koupelnapro.com\/index.php\/produkt\/horka-nabidka-max-7-protector-krajni-taska-leva-ebenove-cerna-6380\/#primaryimage\",\"url\":\"https:\/\/www.koupelnapro.com\/wp-content\/uploads\/2026\/SK0002735-CZ20260425-091742-0-1777079863-P-043509-00.webp\",\"contentUrl\":\"https:\/\/www.koupelnapro.com\/wp-content\/uploads\/2026\/SK0002735-CZ20260425-091742-0-1777079863-P-043509-00.webp\",\"width\":590,\"height\":514},{\"@type\":\"BreadcrumbList\",\"@id\":\"https:\/\/www.koupelnapro.com\/index.php\/produkt\/horka-nabidka-max-7-protector-krajni-taska-leva-ebenove-cerna-6380\/#breadcrumb\",\"itemListElement\":[{\"@type\":\"ListItem\",\"position\":1,\"name\":\"Home\",\"item\":\"https:\/\/www.koupelnapro.com\/\"},{\"@type\":\"ListItem\",\"position\":2,\"name\":\"Products\",\"item\":\"https:\/\/www.koupelnapro.com\/index.php\/products\/\"},{\"@type\":\"ListItem\",\"position\":3,\"name\":\"Hork\u00e1 Nab\u00eddka MAX 7 Protector &#8211; Krajn\u00ed ta\u0161ka lev\u00e1 &#8211; Ebenov\u011b \u010cern\u00e1\"}]},{\"@type\":\"WebSite\",\"@id\":\"https:\/\/www.koupelnapro.com\/#website\",\"url\":\"https:\/\/www.koupelnapro.com\/\",\"name\":\"\",\"description\":\"\",\"potentialAction\":[{\"@type\":\"SearchAction\",\"target\":{\"@type\":\"EntryPoint\",\"urlTemplate\":\"https:\/\/www.koupelnapro.com\/?s={search_term_string}\"},\"query-input\":{\"@type\":\"PropertyValueSpecification\",\"valueRequired\":true,\"valueName\":\"search_term_string\"}}],\"inLanguage\":\"cs\"}]}<\/script>\n<!-- \/ Yoast SEO plugin. -->","yoast_head_json":{"title":"Hork\u00e1 Nab\u00eddka MAX 7 Protector - Krajn\u00ed ta\u0161ka lev\u00e1 - Ebenov\u011b \u010cern\u00e1 -","robots":{"index":"index","follow":"follow","max-snippet":"max-snippet:-1","max-image-preview":"max-image-preview:large","max-video-preview":"max-video-preview:-1"},"canonical":"https:\/\/www.koupelnapro.com\/index.php\/produkt\/horka-nabidka-max-7-protector-krajni-taska-leva-ebenove-cerna-6380\/","og_locale":"cs_CZ","og_type":"article","og_title":"Hork\u00e1 Nab\u00eddka MAX 7 Protector - Krajn\u00ed ta\u0161ka lev\u00e1 - Ebenov\u011b \u010cern\u00e1 -","og_description":"Popis produktu P\u0159i pokl\u00e1dce je d\u016fle\u017eit\u00e9, aby &nbsp;vzd\u00e1lenost lat\u00ed byla minim\u00e1ln\u011b 31,5 cm u velkoform\u00e1tov\u00fdch ta\u0161ek. Krajn\u00ed ta\u0161ky maj\u00ed dva otvory pro h\u0159eb\u00edky a je nutn\u00e9 je p\u0159ipev\u0148ovat. Krajn\u00ed ta\u0161ky jsou vyrobeny z vysoce kvalitn\u00edho probarven\u00e9ho betonu. Ke sta\u017een\u00ed N\u00e1zev Jazyk Velikost Form\u00e1t &nbsp; Technicka-prirucka-Bramac 2914 kB .pdf st\u00e1hnout Zaruka-BMI-Bramac_Effra 1630 kB .pdf st\u00e1hnout Katalog-betonovych-krytin-BMI-Bramac [&hellip;]","og_url":"https:\/\/www.koupelnapro.com\/index.php\/produkt\/horka-nabidka-max-7-protector-krajni-taska-leva-ebenove-cerna-6380\/","og_image":[{"width":590,"height":514,"url":"https:\/\/www.koupelnapro.com\/wp-content\/uploads\/2026\/SK0002735-CZ20260425-091742-0-1777079863-P-043509-00.webp","type":"image\/webp"}],"twitter_card":"summary_large_image","schema":{"@context":"https:\/\/schema.org","@graph":[{"@type":"WebPage","@id":"https:\/\/www.koupelnapro.com\/index.php\/produkt\/horka-nabidka-max-7-protector-krajni-taska-leva-ebenove-cerna-6380\/","url":"https:\/\/www.koupelnapro.com\/index.php\/produkt\/horka-nabidka-max-7-protector-krajni-taska-leva-ebenove-cerna-6380\/","name":"Hork\u00e1 Nab\u00eddka MAX 7 Protector - Krajn\u00ed ta\u0161ka lev\u00e1 - Ebenov\u011b \u010cern\u00e1 -","isPartOf":{"@id":"https:\/\/www.koupelnapro.com\/#website"},"primaryImageOfPage":{"@id":"https:\/\/www.koupelnapro.com\/index.php\/produkt\/horka-nabidka-max-7-protector-krajni-taska-leva-ebenove-cerna-6380\/#primaryimage"},"image":{"@id":"https:\/\/www.koupelnapro.com\/index.php\/produkt\/horka-nabidka-max-7-protector-krajni-taska-leva-ebenove-cerna-6380\/#primaryimage"},"thumbnailUrl":"https:\/\/www.koupelnapro.com\/wp-content\/uploads\/2026\/SK0002735-CZ20260425-091742-0-1777079863-P-043509-00.webp","datePublished":"2026-04-26T09:13:13+00:00","breadcrumb":{"@id":"https:\/\/www.koupelnapro.com\/index.php\/produkt\/horka-nabidka-max-7-protector-krajni-taska-leva-ebenove-cerna-6380\/#breadcrumb"},"inLanguage":"cs","potentialAction":[{"@type":"ReadAction","target":["https:\/\/www.koupelnapro.com\/index.php\/produkt\/horka-nabidka-max-7-protector-krajni-taska-leva-ebenove-cerna-6380\/"]}]},{"@type":"ImageObject","inLanguage":"cs","@id":"https:\/\/www.koupelnapro.com\/index.php\/produkt\/horka-nabidka-max-7-protector-krajni-taska-leva-ebenove-cerna-6380\/#primaryimage","url":"https:\/\/www.koupelnapro.com\/wp-content\/uploads\/2026\/SK0002735-CZ20260425-091742-0-1777079863-P-043509-00.webp","contentUrl":"https:\/\/www.koupelnapro.com\/wp-content\/uploads\/2026\/SK0002735-CZ20260425-091742-0-1777079863-P-043509-00.webp","width":590,"height":514},{"@type":"BreadcrumbList","@id":"https:\/\/www.koupelnapro.com\/index.php\/produkt\/horka-nabidka-max-7-protector-krajni-taska-leva-ebenove-cerna-6380\/#breadcrumb","itemListElement":[{"@type":"ListItem","position":1,"name":"Home","item":"https:\/\/www.koupelnapro.com\/"},{"@type":"ListItem","position":2,"name":"Products","item":"https:\/\/www.koupelnapro.com\/index.php\/products\/"},{"@type":"ListItem","position":3,"name":"Hork\u00e1 Nab\u00eddka MAX 7 Protector &#8211; Krajn\u00ed ta\u0161ka lev\u00e1 &#8211; Ebenov\u011b \u010cern\u00e1"}]},{"@type":"WebSite","@id":"https:\/\/www.koupelnapro.com\/#website","url":"https:\/\/www.koupelnapro.com\/","name":"","description":"","potentialAction":[{"@type":"SearchAction","target":{"@type":"EntryPoint","urlTemplate":"https:\/\/www.koupelnapro.com\/?s={search_term_string}"},"query-input":{"@type":"PropertyValueSpecification","valueRequired":true,"valueName":"search_term_string"}}],"inLanguage":"cs"}]}},"_links":{"self":[{"href":"https:\/\/www.koupelnapro.com\/index.php\/wp-json\/wp\/v2\/product\/6380","targetHints":{"allow":["GET"]}}],"collection":[{"href":"https:\/\/www.koupelnapro.com\/index.php\/wp-json\/wp\/v2\/product"}],"about":[{"href":"https:\/\/www.koupelnapro.com\/index.php\/wp-json\/wp\/v2\/types\/product"}],"replies":[{"embeddable":true,"href":"https:\/\/www.koupelnapro.com\/index.php\/wp-json\/wp\/v2\/comments?post=6380"}],"wp:featuredmedia":[{"embeddable":true,"href":"https:\/\/www.koupelnapro.com\/index.php\/wp-json\/wp\/v2\/media\/6480"}],"wp:attachment":[{"href":"https:\/\/www.koupelnapro.com\/index.php\/wp-json\/wp\/v2\/media?parent=6380"}],"wp:term":[{"taxonomy":"product_brand","embeddable":true,"href":"https:\/\/www.koupelnapro.com\/index.php\/wp-json\/wp\/v2\/product_brand?post=6380"},{"taxonomy":"product_cat","embeddable":true,"href":"https:\/\/www.koupelnapro.com\/index.php\/wp-json\/wp\/v2\/product_cat?post=6380"},{"taxonomy":"product_tag","embeddable":true,"href":"https:\/\/www.koupelnapro.com\/index.php\/wp-json\/wp\/v2\/product_tag?post=6380"}],"curies":[{"name":"wp","href":"https:\/\/api.w.org\/{rel}","templated":true}]}}