{"id":6376,"date":"2026-04-26T09:13:13","date_gmt":"2026-04-26T09:13:13","guid":{"rendered":""},"modified":"2026-04-26T09:13:13","modified_gmt":"2026-04-26T09:13:13","slug":"doprava-zdarma-max-nevyrabi-se-taska-pultu-zakladni-1-1-cerveno-hneda-6376","status":"publish","type":"product","link":"https:\/\/www.koupelnapro.com\/index.php\/produkt\/doprava-zdarma-max-nevyrabi-se-taska-pultu-zakladni-1-1-cerveno-hneda-6376\/","title":{"rendered":"Doprava Zdarma MAX (nevyr\u00e1b\u00ed se) &#8211; Ta\u0161ka pultu z\u00e1kladn\u00ed 1\/1 &#8211; \u010cerveno Hn\u011bd\u00e1"},"content":{"rendered":"<div class=\"ResponseTabButton\">Popis produktu<\/div>\n<div class=\"TabContent\">\n<h4>Tato ta\u0161ka je u pultov\u00fdch st\u0159ech vyu\u017eita k \u0159e\u0161en\u00ed horn\u00ed hrany st\u0159echy.<\/h4>\n<p>Ta\u0161ka pultu se p\u0159ipev\u0148uje k lati vrutem do plastov\u00e9ho pouzdra v polodr\u00e1\u017ece betonov\u00e9ho lemu a p\u0159\u00edchytkou ke druh\u00e9 lati odshora. Ta\u0161ka pultu b\u00fdv\u00e1 v\u011bt\u0161inou \u010d\u00e1ste\u010dn\u011b p\u0159esazena p\u0159es pultovou hranu tak, aby bylo mo\u017en\u00e9 \u0159\u00e1dn\u011b osadit vn\u011bj\u0161\u00ed obklad.<br \/>Pultov\u00e1 ta\u0161ka je vhodn\u00e1 pro modely Bramac MAX a Bramac MAX 7&deg;.<\/p>\n<h3>Jedn\u00e1 se&nbsp;<span style=\"color:#FF0000;\"><strong>DOPRODEJ<\/strong>&nbsp;<\/span>barvy, kter\u00e1 ji\u017e nen\u00ed v nab\u00eddce v\u00fdrobce Bramac.<\/h3>\n<\/p><\/div>\n<\/p><\/div>\n<div id=\"ke-stazeni\" class=\"TabContentWrap\">\n<div class=\"ResponseTabButton\">Ke sta\u017een\u00ed<\/div>\n<div class=\"TabContent\">\n<div class=\"Table Downloads\">\n<div class=\"THead\">\n<div class=\"TableRow\">\n<div class=\"TableCell\">                    N\u00e1zev                <\/div>\n<div class=\"TableCell\">                    Jazyk                <\/div>\n<div class=\"TableCell\">                    Velikost                <\/div>\n<div class=\"TableCell\">                    Form\u00e1t                <\/div>\n<div class=\"TableCell\">&nbsp;<\/div>\n<\/p><\/div>\n<\/p><\/div>\n<div class=\"TBody\">\n<div class=\"TableRow\">\n<div class=\"TableCell\">Technicka-prirucka-Bramac<\/div>\n<div class=\"TableCell\"><\/div>\n<div class=\"TableCell\">2914 kB<\/div>\n<div class=\"TableCell\">.pdf<\/div>\n<div class=\"TableCell ContentRight\">st\u00e1hnout<\/div>\n<\/div>\n<div class=\"TableRow\">\n<div class=\"TableCell\">Zaruka-BMI-Bramac_Effra<\/div>\n<div class=\"TableCell\"><\/div>\n<div class=\"TableCell\">1630 kB<\/div>\n<div class=\"TableCell\">.pdf<\/div>\n<div class=\"TableCell ContentRight\">st\u00e1hnout<\/div>\n<\/div>\n<div class=\"TableRow\">\n<div class=\"TableCell\">Katalog-betonovych-krytin-BMI-Bramac<\/div>\n<div class=\"TableCell\"><\/div>\n<div class=\"TableCell\">3464 kB<\/div>\n<div class=\"TableCell\">.pdf<\/div>\n<div class=\"TableCell ContentRight\">st\u00e1hnout<\/div>\n<\/div><\/div>\n<\/p><\/div>\n<\/p><\/div>\n<\/p><\/div>\n<\/p><\/div>\n<\/p><\/div>\n<\/div>\n","protected":false},"excerpt":{"rendered":"<p>Popis produktu Tato ta\u0161ka je u pultov\u00fdch st\u0159ech vyu\u017eita k \u0159e\u0161en\u00ed horn\u00ed hrany st\u0159echy. Ta\u0161ka pultu se p\u0159ipev\u0148uje k lati vrutem do plastov\u00e9ho pouzdra v polodr\u00e1\u017ece betonov\u00e9ho lemu a p\u0159\u00edchytkou ke druh\u00e9 lati odshora. Ta\u0161ka pultu b\u00fdv\u00e1 v\u011bt\u0161inou \u010d\u00e1ste\u010dn\u011b p\u0159esazena p\u0159es pultovou hranu tak, aby bylo mo\u017en\u00e9 \u0159\u00e1dn\u011b osadit vn\u011bj\u0161\u00ed obklad.Pultov\u00e1 ta\u0161ka je vhodn\u00e1 pro [&hellip;]<\/p>\n","protected":false},"featured_media":6476,"comment_status":"open","ping_status":"open","template":"","meta":[],"product_brand":[],"product_cat":[48],"product_tag":[],"class_list":{"0":"post-6376","1":"product","2":"type-product","3":"status-publish","4":"has-post-thumbnail","6":"product_cat-stresni-krytiny","8":"first","9":"instock","10":"sale","11":"shipping-taxable","12":"purchasable","13":"product-type-simple"},"yoast_head":"<!-- This site is optimized with the Yoast SEO plugin v26.8 - https:\/\/yoast.com\/product\/yoast-seo-wordpress\/ -->\n<title>Doprava Zdarma MAX (nevyr\u00e1b\u00ed se) - Ta\u0161ka pultu z\u00e1kladn\u00ed 1\/1 - \u010cerveno Hn\u011bd\u00e1 -<\/title>\n<meta name=\"robots\" content=\"index, follow, max-snippet:-1, max-image-preview:large, max-video-preview:-1\" \/>\n<link rel=\"canonical\" href=\"https:\/\/www.koupelnapro.com\/index.php\/produkt\/doprava-zdarma-max-nevyrabi-se-taska-pultu-zakladni-1-1-cerveno-hneda-6376\/\" \/>\n<meta property=\"og:locale\" content=\"cs_CZ\" \/>\n<meta property=\"og:type\" content=\"article\" \/>\n<meta property=\"og:title\" content=\"Doprava Zdarma MAX (nevyr\u00e1b\u00ed se) - Ta\u0161ka pultu z\u00e1kladn\u00ed 1\/1 - \u010cerveno Hn\u011bd\u00e1 -\" \/>\n<meta property=\"og:description\" content=\"Popis produktu Tato ta\u0161ka je u pultov\u00fdch st\u0159ech vyu\u017eita k \u0159e\u0161en\u00ed horn\u00ed hrany st\u0159echy. Ta\u0161ka pultu se p\u0159ipev\u0148uje k lati vrutem do plastov\u00e9ho pouzdra v polodr\u00e1\u017ece betonov\u00e9ho lemu a p\u0159\u00edchytkou ke druh\u00e9 lati odshora. Ta\u0161ka pultu b\u00fdv\u00e1 v\u011bt\u0161inou \u010d\u00e1ste\u010dn\u011b p\u0159esazena p\u0159es pultovou hranu tak, aby bylo mo\u017en\u00e9 \u0159\u00e1dn\u011b osadit vn\u011bj\u0161\u00ed obklad.Pultov\u00e1 ta\u0161ka je vhodn\u00e1 pro [&hellip;]\" \/>\n<meta property=\"og:url\" content=\"https:\/\/www.koupelnapro.com\/index.php\/produkt\/doprava-zdarma-max-nevyrabi-se-taska-pultu-zakladni-1-1-cerveno-hneda-6376\/\" \/>\n<meta property=\"og:image\" content=\"https:\/\/www.koupelnapro.com\/wp-content\/uploads\/2026\/SK0002731-CZ20260425-091742-0-1777079863-P-001193-00.webp\" \/>\n\t<meta property=\"og:image:width\" content=\"376\" \/>\n\t<meta property=\"og:image:height\" content=\"373\" \/>\n\t<meta property=\"og:image:type\" content=\"image\/webp\" \/>\n<meta name=\"twitter:card\" content=\"summary_large_image\" \/>\n<meta name=\"twitter:label1\" content=\"Odhadovan\u00e1 doba \u010dten\u00ed\" \/>\n\t<meta name=\"twitter:data1\" content=\"1 minuta\" \/>\n<script type=\"application\/ld+json\" class=\"yoast-schema-graph\">{\"@context\":\"https:\/\/schema.org\",\"@graph\":[{\"@type\":\"WebPage\",\"@id\":\"https:\/\/www.koupelnapro.com\/index.php\/produkt\/doprava-zdarma-max-nevyrabi-se-taska-pultu-zakladni-1-1-cerveno-hneda-6376\/\",\"url\":\"https:\/\/www.koupelnapro.com\/index.php\/produkt\/doprava-zdarma-max-nevyrabi-se-taska-pultu-zakladni-1-1-cerveno-hneda-6376\/\",\"name\":\"Doprava Zdarma MAX (nevyr\u00e1b\u00ed se) - Ta\u0161ka pultu z\u00e1kladn\u00ed 1\/1 - \u010cerveno Hn\u011bd\u00e1 -\",\"isPartOf\":{\"@id\":\"https:\/\/www.koupelnapro.com\/#website\"},\"primaryImageOfPage\":{\"@id\":\"https:\/\/www.koupelnapro.com\/index.php\/produkt\/doprava-zdarma-max-nevyrabi-se-taska-pultu-zakladni-1-1-cerveno-hneda-6376\/#primaryimage\"},\"image\":{\"@id\":\"https:\/\/www.koupelnapro.com\/index.php\/produkt\/doprava-zdarma-max-nevyrabi-se-taska-pultu-zakladni-1-1-cerveno-hneda-6376\/#primaryimage\"},\"thumbnailUrl\":\"https:\/\/www.koupelnapro.com\/wp-content\/uploads\/2026\/SK0002731-CZ20260425-091742-0-1777079863-P-001193-00.webp\",\"datePublished\":\"2026-04-26T09:13:13+00:00\",\"breadcrumb\":{\"@id\":\"https:\/\/www.koupelnapro.com\/index.php\/produkt\/doprava-zdarma-max-nevyrabi-se-taska-pultu-zakladni-1-1-cerveno-hneda-6376\/#breadcrumb\"},\"inLanguage\":\"cs\",\"potentialAction\":[{\"@type\":\"ReadAction\",\"target\":[\"https:\/\/www.koupelnapro.com\/index.php\/produkt\/doprava-zdarma-max-nevyrabi-se-taska-pultu-zakladni-1-1-cerveno-hneda-6376\/\"]}]},{\"@type\":\"ImageObject\",\"inLanguage\":\"cs\",\"@id\":\"https:\/\/www.koupelnapro.com\/index.php\/produkt\/doprava-zdarma-max-nevyrabi-se-taska-pultu-zakladni-1-1-cerveno-hneda-6376\/#primaryimage\",\"url\":\"https:\/\/www.koupelnapro.com\/wp-content\/uploads\/2026\/SK0002731-CZ20260425-091742-0-1777079863-P-001193-00.webp\",\"contentUrl\":\"https:\/\/www.koupelnapro.com\/wp-content\/uploads\/2026\/SK0002731-CZ20260425-091742-0-1777079863-P-001193-00.webp\",\"width\":376,\"height\":373},{\"@type\":\"BreadcrumbList\",\"@id\":\"https:\/\/www.koupelnapro.com\/index.php\/produkt\/doprava-zdarma-max-nevyrabi-se-taska-pultu-zakladni-1-1-cerveno-hneda-6376\/#breadcrumb\",\"itemListElement\":[{\"@type\":\"ListItem\",\"position\":1,\"name\":\"Home\",\"item\":\"https:\/\/www.koupelnapro.com\/\"},{\"@type\":\"ListItem\",\"position\":2,\"name\":\"Products\",\"item\":\"https:\/\/www.koupelnapro.com\/index.php\/products\/\"},{\"@type\":\"ListItem\",\"position\":3,\"name\":\"Doprava Zdarma MAX (nevyr\u00e1b\u00ed se) &#8211; Ta\u0161ka pultu z\u00e1kladn\u00ed 1\/1 &#8211; \u010cerveno Hn\u011bd\u00e1\"}]},{\"@type\":\"WebSite\",\"@id\":\"https:\/\/www.koupelnapro.com\/#website\",\"url\":\"https:\/\/www.koupelnapro.com\/\",\"name\":\"\",\"description\":\"\",\"potentialAction\":[{\"@type\":\"SearchAction\",\"target\":{\"@type\":\"EntryPoint\",\"urlTemplate\":\"https:\/\/www.koupelnapro.com\/?s={search_term_string}\"},\"query-input\":{\"@type\":\"PropertyValueSpecification\",\"valueRequired\":true,\"valueName\":\"search_term_string\"}}],\"inLanguage\":\"cs\"}]}<\/script>\n<!-- \/ Yoast SEO plugin. -->","yoast_head_json":{"title":"Doprava Zdarma MAX (nevyr\u00e1b\u00ed se) - Ta\u0161ka pultu z\u00e1kladn\u00ed 1\/1 - \u010cerveno Hn\u011bd\u00e1 -","robots":{"index":"index","follow":"follow","max-snippet":"max-snippet:-1","max-image-preview":"max-image-preview:large","max-video-preview":"max-video-preview:-1"},"canonical":"https:\/\/www.koupelnapro.com\/index.php\/produkt\/doprava-zdarma-max-nevyrabi-se-taska-pultu-zakladni-1-1-cerveno-hneda-6376\/","og_locale":"cs_CZ","og_type":"article","og_title":"Doprava Zdarma MAX (nevyr\u00e1b\u00ed se) - Ta\u0161ka pultu z\u00e1kladn\u00ed 1\/1 - \u010cerveno Hn\u011bd\u00e1 -","og_description":"Popis produktu Tato ta\u0161ka je u pultov\u00fdch st\u0159ech vyu\u017eita k \u0159e\u0161en\u00ed horn\u00ed hrany st\u0159echy. Ta\u0161ka pultu se p\u0159ipev\u0148uje k lati vrutem do plastov\u00e9ho pouzdra v polodr\u00e1\u017ece betonov\u00e9ho lemu a p\u0159\u00edchytkou ke druh\u00e9 lati odshora. Ta\u0161ka pultu b\u00fdv\u00e1 v\u011bt\u0161inou \u010d\u00e1ste\u010dn\u011b p\u0159esazena p\u0159es pultovou hranu tak, aby bylo mo\u017en\u00e9 \u0159\u00e1dn\u011b osadit vn\u011bj\u0161\u00ed obklad.Pultov\u00e1 ta\u0161ka je vhodn\u00e1 pro [&hellip;]","og_url":"https:\/\/www.koupelnapro.com\/index.php\/produkt\/doprava-zdarma-max-nevyrabi-se-taska-pultu-zakladni-1-1-cerveno-hneda-6376\/","og_image":[{"width":376,"height":373,"url":"https:\/\/www.koupelnapro.com\/wp-content\/uploads\/2026\/SK0002731-CZ20260425-091742-0-1777079863-P-001193-00.webp","type":"image\/webp"}],"twitter_card":"summary_large_image","twitter_misc":{"Odhadovan\u00e1 doba \u010dten\u00ed":"1 minuta"},"schema":{"@context":"https:\/\/schema.org","@graph":[{"@type":"WebPage","@id":"https:\/\/www.koupelnapro.com\/index.php\/produkt\/doprava-zdarma-max-nevyrabi-se-taska-pultu-zakladni-1-1-cerveno-hneda-6376\/","url":"https:\/\/www.koupelnapro.com\/index.php\/produkt\/doprava-zdarma-max-nevyrabi-se-taska-pultu-zakladni-1-1-cerveno-hneda-6376\/","name":"Doprava Zdarma MAX (nevyr\u00e1b\u00ed se) - Ta\u0161ka pultu z\u00e1kladn\u00ed 1\/1 - \u010cerveno Hn\u011bd\u00e1 -","isPartOf":{"@id":"https:\/\/www.koupelnapro.com\/#website"},"primaryImageOfPage":{"@id":"https:\/\/www.koupelnapro.com\/index.php\/produkt\/doprava-zdarma-max-nevyrabi-se-taska-pultu-zakladni-1-1-cerveno-hneda-6376\/#primaryimage"},"image":{"@id":"https:\/\/www.koupelnapro.com\/index.php\/produkt\/doprava-zdarma-max-nevyrabi-se-taska-pultu-zakladni-1-1-cerveno-hneda-6376\/#primaryimage"},"thumbnailUrl":"https:\/\/www.koupelnapro.com\/wp-content\/uploads\/2026\/SK0002731-CZ20260425-091742-0-1777079863-P-001193-00.webp","datePublished":"2026-04-26T09:13:13+00:00","breadcrumb":{"@id":"https:\/\/www.koupelnapro.com\/index.php\/produkt\/doprava-zdarma-max-nevyrabi-se-taska-pultu-zakladni-1-1-cerveno-hneda-6376\/#breadcrumb"},"inLanguage":"cs","potentialAction":[{"@type":"ReadAction","target":["https:\/\/www.koupelnapro.com\/index.php\/produkt\/doprava-zdarma-max-nevyrabi-se-taska-pultu-zakladni-1-1-cerveno-hneda-6376\/"]}]},{"@type":"ImageObject","inLanguage":"cs","@id":"https:\/\/www.koupelnapro.com\/index.php\/produkt\/doprava-zdarma-max-nevyrabi-se-taska-pultu-zakladni-1-1-cerveno-hneda-6376\/#primaryimage","url":"https:\/\/www.koupelnapro.com\/wp-content\/uploads\/2026\/SK0002731-CZ20260425-091742-0-1777079863-P-001193-00.webp","contentUrl":"https:\/\/www.koupelnapro.com\/wp-content\/uploads\/2026\/SK0002731-CZ20260425-091742-0-1777079863-P-001193-00.webp","width":376,"height":373},{"@type":"BreadcrumbList","@id":"https:\/\/www.koupelnapro.com\/index.php\/produkt\/doprava-zdarma-max-nevyrabi-se-taska-pultu-zakladni-1-1-cerveno-hneda-6376\/#breadcrumb","itemListElement":[{"@type":"ListItem","position":1,"name":"Home","item":"https:\/\/www.koupelnapro.com\/"},{"@type":"ListItem","position":2,"name":"Products","item":"https:\/\/www.koupelnapro.com\/index.php\/products\/"},{"@type":"ListItem","position":3,"name":"Doprava Zdarma MAX (nevyr\u00e1b\u00ed se) &#8211; Ta\u0161ka pultu z\u00e1kladn\u00ed 1\/1 &#8211; \u010cerveno Hn\u011bd\u00e1"}]},{"@type":"WebSite","@id":"https:\/\/www.koupelnapro.com\/#website","url":"https:\/\/www.koupelnapro.com\/","name":"","description":"","potentialAction":[{"@type":"SearchAction","target":{"@type":"EntryPoint","urlTemplate":"https:\/\/www.koupelnapro.com\/?s={search_term_string}"},"query-input":{"@type":"PropertyValueSpecification","valueRequired":true,"valueName":"search_term_string"}}],"inLanguage":"cs"}]}},"_links":{"self":[{"href":"https:\/\/www.koupelnapro.com\/index.php\/wp-json\/wp\/v2\/product\/6376","targetHints":{"allow":["GET"]}}],"collection":[{"href":"https:\/\/www.koupelnapro.com\/index.php\/wp-json\/wp\/v2\/product"}],"about":[{"href":"https:\/\/www.koupelnapro.com\/index.php\/wp-json\/wp\/v2\/types\/product"}],"replies":[{"embeddable":true,"href":"https:\/\/www.koupelnapro.com\/index.php\/wp-json\/wp\/v2\/comments?post=6376"}],"wp:featuredmedia":[{"embeddable":true,"href":"https:\/\/www.koupelnapro.com\/index.php\/wp-json\/wp\/v2\/media\/6476"}],"wp:attachment":[{"href":"https:\/\/www.koupelnapro.com\/index.php\/wp-json\/wp\/v2\/media?parent=6376"}],"wp:term":[{"taxonomy":"product_brand","embeddable":true,"href":"https:\/\/www.koupelnapro.com\/index.php\/wp-json\/wp\/v2\/product_brand?post=6376"},{"taxonomy":"product_cat","embeddable":true,"href":"https:\/\/www.koupelnapro.com\/index.php\/wp-json\/wp\/v2\/product_cat?post=6376"},{"taxonomy":"product_tag","embeddable":true,"href":"https:\/\/www.koupelnapro.com\/index.php\/wp-json\/wp\/v2\/product_tag?post=6376"}],"curies":[{"name":"wp","href":"https:\/\/api.w.org\/{rel}","templated":true}]}}