{"id":6362,"date":"2026-04-26T09:13:13","date_gmt":"2026-04-26T09:13:13","guid":{"rendered":""},"modified":"2026-04-26T09:13:13","modified_gmt":"2026-04-26T09:13:13","slug":"markyza-mhl-styl-p00-5060-vraceni-zdarma-6362","status":"publish","type":"product","link":"https:\/\/www.koupelnapro.com\/produkt\/markyza-mhl-styl-p00-5060-vraceni-zdarma-6362\/","title":{"rendered":"Mark\u00fdza MHL styl &#8211; P00 &#8211; 5060 Vr\u00e1cen\u00ed Zdarma"},"content":{"rendered":"<div class=\"ResponseTabButton\">Popis produktu<\/div>\n<div class=\"TabContent\">\n<h3>Jedn\u00e1 se o velikost mark\u00fdzy pro Velux okna vyroben\u00e1 <span style=\"color:#FF0000;\">do roku 2014<\/span>.<\/h3>\n<h4>Pr\u016fhledn\u00e1 venkovn\u00ed roleta proti p\u0159eh\u0159\u00edv\u00e1n\u00ed<\/h4>\n<p>Pr\u016fhledn\u00e1 venkovn\u00ed roleta VELUX proti p\u0159eh\u0159\u00edv\u00e1n\u00ed zastavuje slune\u010dn\u00ed paprsky d\u0159\u00edve, ne\u017e dopadnou na okenn\u00ed tabuli, a sni\u017euje tak zah\u0159\u00edv\u00e1n\u00ed interi\u00e9ru bez omezen\u00ed p\u0159\u00edstupu denn\u00edho sv\u011btla. Je vyrobena z odoln\u00e9 a pr\u016fhledn\u00e9 s\u00ed\u0165oviny, kter\u00e1 tlum\u00ed sv\u011btlo, ale z\u00e1rove\u0148 umo\u017e\u0148uje v\u00fdhled ven a sni\u017euje slune\u010dn\u00ed \u017e\u00e1r. Snadn\u00e1 a rychl\u00e1 instalace zevnit\u0159 m\u00edstnosti.&nbsp;<\/p>\n<h4>Hlavn\u00ed v\u00fdhody pr\u016fhledn\u00fdch venkovn\u00edch rolet VELUX proti p\u0159eh\u0159\u00edv\u00e1n\u00ed:<\/h4>\n<ul>\n<li>Kombinujte s vnit\u0159n\u00ed roletou pro ochranu p\u0159ed horkem a regulaci sv\u011btla &ndash;&nbsp;u\u0161et\u0159ete 10 %<\/li>\n<li>Sn\u00ed\u017een\u00ed vnit\u0159n\u00ed teploty v l\u00e9t\u011b a\u017e o 5 &deg;C.<\/li>\n<li>Pr\u016fhledn\u00e1 s\u00ed\u0165ovina propou\u0161t\u00ed denn\u00ed sv\u011btlo a sni\u017euje osln\u011bn\u00ed.&nbsp;<\/li>\n<li>Snadn\u00e1 instalace zevnit\u0159 m\u00edstnosti &ndash; m\u016f\u017eete ji prov\u00e9st sami, nebo o ni po\u017e\u00e1dat profesion\u00e1ln\u00edho mont\u00e1\u017en\u00edka.&nbsp;<\/li>\n<li>Ide\u00e1ln\u00ed do ob\u00fdvac\u00edch pokoj\u016f, dom\u00e1c\u00edch kancel\u00e1\u0159\u00ed, kuchyn\u00ed a koupelen.&nbsp;<\/li>\n<li>Lze kombinovat s vnit\u0159n\u00edmi roletami VELUX pro dekoraci, zatemn\u011bn\u00ed a ochranu p\u0159ed hmyzem.&nbsp;<\/li>\n<li>Sn\u00ed\u017een\u00ed hluku z de\u0161t\u011b a\u017e o 50 %.&nbsp;<\/li>\n<li>Pr\u016fhledn\u00e9 venkovn\u00ed rolety s dlouhou \u017eivotnost\u00ed jsou k dispozici v manu\u00e1ln\u00ed, elektrick\u00e9 nebo sol\u00e1rn\u011b nap\u00e1jen\u00e9 verzi.&nbsp;<\/li>\n<li>Elektrick\u00e9 a sol\u00e1rn\u011b nap\u00e1jen\u00e9 verze jsou vybaveny d\u00e1lkov\u00fdm ovlada\u010dem usnad\u0148uj\u00edc\u00edm obsluhu.&nbsp;<\/li>\n<li>Modernizujte sv\u00e9 bydlen\u00ed pomoc\u00ed syst\u00e9mu VELUX ACTIVE, kter\u00fd umo\u017e\u0148uje aktivn\u00ed ovl\u00e1d\u00e1n\u00ed elektrick\u00fdch a sol\u00e1rn\u00edch venkovn\u00edch rolet na z\u00e1klad\u011b m\u00edstn\u00ed p\u0159edpov\u011bdi po\u010das\u00ed pro automatickou ochranu p\u0159ed horkem.<\/li>\n<li>Z\u00e1ruka 5 let na rolety s motorick\u00fdm ovl\u00e1d\u00e1n\u00edm a 2 roky na manu\u00e1ln\u011b ovl\u00e1dan\u00e9 rolety.<\/li>\n<\/ul>\n<h4>Vlastnosti a v\u00fdhody<\/h4>\n<p>Pr\u016fhledn\u00e9 venkovn\u00ed rolety VELUX poskytuj\u00ed kvalitn\u00ed tepelnou ochranu za slune\u010dn\u00fdch dn\u016f a z\u00e1rove\u0148 zachov\u00e1vaj\u00ed v\u00fdhled p\u0159es pr\u016fhlednou s\u00ed\u0165ovinu.&nbsp;&nbsp;<br \/>Manu\u00e1ln\u011b ovl\u00e1dan\u00e9 rolety maj\u00ed nejsnadn\u011bj\u0161\u00ed mont\u00e1\u017e ze v\u0161ech v\u00fdrobk\u016f VELUX na ochranu p\u0159ed horkem, co\u017e ocen\u00ed majitel\u00e9 dom\u016f i \u0159emesln\u00edci. Ve spojen\u00ed s dostupnou cenou jde o nejp\u0159\u00edstupn\u011bj\u0161\u00ed produkt venkovn\u00ed tepeln\u00e9 ochrany.&nbsp;<br \/>Venkovn\u00ed rolety zajist\u00ed chladnou dom\u00e1cnost v ka\u017ed\u00e9 situaci, a\u0165 u\u017e cel\u00fd den pracujete z domova, nebo se ve\u010der bav\u00edte s p\u0159\u00e1teli. Manu\u00e1ln\u00ed pr\u016fhledn\u00e9 venkovn\u00ed rolety VELUX jsou vhodn\u00e9 na okna, na kter\u00e1 dos\u00e1hnete, zat\u00edmco rolety na elektrick\u00fd nebo sol\u00e1rn\u00ed pohon lze ovl\u00e1dat prost\u0159ednictv\u00edm n\u00e1st\u011bnn\u00e9ho ovlada\u010de nebo aplikace VELUX App Control (zakoupen\u00e9 zvl\u00e1\u0161\u0165).<\/p>\n<ul><\/ul>\n<h3>Nena\u0161li jste <span style=\"color:#FF0000;\">va\u0161i velikost okna<\/span>, obra\u0165te se na n\u00e1s.<\/h3>\n<\/p><\/div>\n<\/p><\/div>\n<\/p><\/div>\n<\/p><\/div>\n<\/div>\n","protected":false},"excerpt":{"rendered":"<p>Popis produktu Jedn\u00e1 se o velikost mark\u00fdzy pro Velux okna vyroben\u00e1 do roku 2014. Pr\u016fhledn\u00e1 venkovn\u00ed roleta proti p\u0159eh\u0159\u00edv\u00e1n\u00ed Pr\u016fhledn\u00e1 venkovn\u00ed roleta VELUX proti p\u0159eh\u0159\u00edv\u00e1n\u00ed zastavuje slune\u010dn\u00ed paprsky d\u0159\u00edve, ne\u017e dopadnou na okenn\u00ed tabuli, a sni\u017euje tak zah\u0159\u00edv\u00e1n\u00ed interi\u00e9ru bez omezen\u00ed p\u0159\u00edstupu denn\u00edho sv\u011btla. Je vyrobena z odoln\u00e9 a pr\u016fhledn\u00e9 s\u00ed\u0165oviny, kter\u00e1 tlum\u00ed sv\u011btlo, ale [&hellip;]<\/p>\n","protected":false},"featured_media":6462,"comment_status":"open","ping_status":"open","template":"","meta":[],"product_brand":[],"product_cat":[47],"product_tag":[],"class_list":{"0":"post-6362","1":"product","2":"type-product","3":"status-publish","4":"has-post-thumbnail","6":"product_cat-stresni-okna","8":"first","9":"instock","10":"sale","11":"shipping-taxable","12":"purchasable","13":"product-type-simple"},"yoast_head":"<!-- This site is optimized with the Yoast SEO plugin v26.8 - https:\/\/yoast.com\/product\/yoast-seo-wordpress\/ -->\n<title>Mark\u00fdza MHL styl - P00 - 5060 Vr\u00e1cen\u00ed Zdarma -<\/title>\n<meta name=\"robots\" content=\"index, follow, max-snippet:-1, max-image-preview:large, max-video-preview:-1\" \/>\n<link rel=\"canonical\" href=\"https:\/\/www.koupelnapro.com\/index.php\/produkt\/markyza-mhl-styl-p00-5060-vraceni-zdarma-6362\/\" \/>\n<meta property=\"og:locale\" content=\"cs_CZ\" \/>\n<meta property=\"og:type\" content=\"article\" \/>\n<meta property=\"og:title\" content=\"Mark\u00fdza MHL styl - P00 - 5060 Vr\u00e1cen\u00ed Zdarma -\" \/>\n<meta property=\"og:description\" content=\"Popis produktu Jedn\u00e1 se o velikost mark\u00fdzy pro Velux okna vyroben\u00e1 do roku 2014. Pr\u016fhledn\u00e1 venkovn\u00ed roleta proti p\u0159eh\u0159\u00edv\u00e1n\u00ed Pr\u016fhledn\u00e1 venkovn\u00ed roleta VELUX proti p\u0159eh\u0159\u00edv\u00e1n\u00ed zastavuje slune\u010dn\u00ed paprsky d\u0159\u00edve, ne\u017e dopadnou na okenn\u00ed tabuli, a sni\u017euje tak zah\u0159\u00edv\u00e1n\u00ed interi\u00e9ru bez omezen\u00ed p\u0159\u00edstupu denn\u00edho sv\u011btla. Je vyrobena z odoln\u00e9 a pr\u016fhledn\u00e9 s\u00ed\u0165oviny, kter\u00e1 tlum\u00ed sv\u011btlo, ale [&hellip;]\" \/>\n<meta property=\"og:url\" content=\"https:\/\/www.koupelnapro.com\/index.php\/produkt\/markyza-mhl-styl-p00-5060-vraceni-zdarma-6362\/\" \/>\n<meta property=\"og:image\" content=\"https:\/\/www.koupelnapro.com\/wp-content\/uploads\/2026\/SK0002717-CZ20260425-091742-0-1777079863-P-007031-00.webp\" \/>\n\t<meta property=\"og:image:width\" content=\"387\" \/>\n\t<meta property=\"og:image:height\" content=\"411\" \/>\n\t<meta property=\"og:image:type\" content=\"image\/webp\" \/>\n<meta name=\"twitter:card\" content=\"summary_large_image\" \/>\n<meta name=\"twitter:label1\" content=\"Odhadovan\u00e1 doba \u010dten\u00ed\" \/>\n\t<meta name=\"twitter:data1\" content=\"2 minuty\" \/>\n<script type=\"application\/ld+json\" class=\"yoast-schema-graph\">{\"@context\":\"https:\/\/schema.org\",\"@graph\":[{\"@type\":\"WebPage\",\"@id\":\"https:\/\/www.koupelnapro.com\/index.php\/produkt\/markyza-mhl-styl-p00-5060-vraceni-zdarma-6362\/\",\"url\":\"https:\/\/www.koupelnapro.com\/index.php\/produkt\/markyza-mhl-styl-p00-5060-vraceni-zdarma-6362\/\",\"name\":\"Mark\u00fdza MHL styl - P00 - 5060 Vr\u00e1cen\u00ed Zdarma -\",\"isPartOf\":{\"@id\":\"https:\/\/www.koupelnapro.com\/#website\"},\"primaryImageOfPage\":{\"@id\":\"https:\/\/www.koupelnapro.com\/index.php\/produkt\/markyza-mhl-styl-p00-5060-vraceni-zdarma-6362\/#primaryimage\"},\"image\":{\"@id\":\"https:\/\/www.koupelnapro.com\/index.php\/produkt\/markyza-mhl-styl-p00-5060-vraceni-zdarma-6362\/#primaryimage\"},\"thumbnailUrl\":\"https:\/\/www.koupelnapro.com\/wp-content\/uploads\/2026\/SK0002717-CZ20260425-091742-0-1777079863-P-007031-00.webp\",\"datePublished\":\"2026-04-26T09:13:13+00:00\",\"breadcrumb\":{\"@id\":\"https:\/\/www.koupelnapro.com\/index.php\/produkt\/markyza-mhl-styl-p00-5060-vraceni-zdarma-6362\/#breadcrumb\"},\"inLanguage\":\"cs\",\"potentialAction\":[{\"@type\":\"ReadAction\",\"target\":[\"https:\/\/www.koupelnapro.com\/index.php\/produkt\/markyza-mhl-styl-p00-5060-vraceni-zdarma-6362\/\"]}]},{\"@type\":\"ImageObject\",\"inLanguage\":\"cs\",\"@id\":\"https:\/\/www.koupelnapro.com\/index.php\/produkt\/markyza-mhl-styl-p00-5060-vraceni-zdarma-6362\/#primaryimage\",\"url\":\"https:\/\/www.koupelnapro.com\/wp-content\/uploads\/2026\/SK0002717-CZ20260425-091742-0-1777079863-P-007031-00.webp\",\"contentUrl\":\"https:\/\/www.koupelnapro.com\/wp-content\/uploads\/2026\/SK0002717-CZ20260425-091742-0-1777079863-P-007031-00.webp\",\"width\":387,\"height\":411},{\"@type\":\"BreadcrumbList\",\"@id\":\"https:\/\/www.koupelnapro.com\/index.php\/produkt\/markyza-mhl-styl-p00-5060-vraceni-zdarma-6362\/#breadcrumb\",\"itemListElement\":[{\"@type\":\"ListItem\",\"position\":1,\"name\":\"Home\",\"item\":\"https:\/\/www.koupelnapro.com\/\"},{\"@type\":\"ListItem\",\"position\":2,\"name\":\"Products\",\"item\":\"https:\/\/www.koupelnapro.com\/products\/\"},{\"@type\":\"ListItem\",\"position\":3,\"name\":\"Mark\u00fdza MHL styl &#8211; P00 &#8211; 5060 Vr\u00e1cen\u00ed Zdarma\"}]},{\"@type\":\"WebSite\",\"@id\":\"https:\/\/www.koupelnapro.com\/#website\",\"url\":\"https:\/\/www.koupelnapro.com\/\",\"name\":\"\",\"description\":\"\",\"potentialAction\":[{\"@type\":\"SearchAction\",\"target\":{\"@type\":\"EntryPoint\",\"urlTemplate\":\"https:\/\/www.koupelnapro.com\/?s={search_term_string}\"},\"query-input\":{\"@type\":\"PropertyValueSpecification\",\"valueRequired\":true,\"valueName\":\"search_term_string\"}}],\"inLanguage\":\"cs\"}]}<\/script>\n<!-- \/ Yoast SEO plugin. -->","yoast_head_json":{"title":"Mark\u00fdza MHL styl - P00 - 5060 Vr\u00e1cen\u00ed Zdarma -","robots":{"index":"index","follow":"follow","max-snippet":"max-snippet:-1","max-image-preview":"max-image-preview:large","max-video-preview":"max-video-preview:-1"},"canonical":"https:\/\/www.koupelnapro.com\/index.php\/produkt\/markyza-mhl-styl-p00-5060-vraceni-zdarma-6362\/","og_locale":"cs_CZ","og_type":"article","og_title":"Mark\u00fdza MHL styl - P00 - 5060 Vr\u00e1cen\u00ed Zdarma -","og_description":"Popis produktu Jedn\u00e1 se o velikost mark\u00fdzy pro Velux okna vyroben\u00e1 do roku 2014. Pr\u016fhledn\u00e1 venkovn\u00ed roleta proti p\u0159eh\u0159\u00edv\u00e1n\u00ed Pr\u016fhledn\u00e1 venkovn\u00ed roleta VELUX proti p\u0159eh\u0159\u00edv\u00e1n\u00ed zastavuje slune\u010dn\u00ed paprsky d\u0159\u00edve, ne\u017e dopadnou na okenn\u00ed tabuli, a sni\u017euje tak zah\u0159\u00edv\u00e1n\u00ed interi\u00e9ru bez omezen\u00ed p\u0159\u00edstupu denn\u00edho sv\u011btla. Je vyrobena z odoln\u00e9 a pr\u016fhledn\u00e9 s\u00ed\u0165oviny, kter\u00e1 tlum\u00ed sv\u011btlo, ale [&hellip;]","og_url":"https:\/\/www.koupelnapro.com\/index.php\/produkt\/markyza-mhl-styl-p00-5060-vraceni-zdarma-6362\/","og_image":[{"width":387,"height":411,"url":"https:\/\/www.koupelnapro.com\/wp-content\/uploads\/2026\/SK0002717-CZ20260425-091742-0-1777079863-P-007031-00.webp","type":"image\/webp"}],"twitter_card":"summary_large_image","twitter_misc":{"Odhadovan\u00e1 doba \u010dten\u00ed":"2 minuty"},"schema":{"@context":"https:\/\/schema.org","@graph":[{"@type":"WebPage","@id":"https:\/\/www.koupelnapro.com\/index.php\/produkt\/markyza-mhl-styl-p00-5060-vraceni-zdarma-6362\/","url":"https:\/\/www.koupelnapro.com\/index.php\/produkt\/markyza-mhl-styl-p00-5060-vraceni-zdarma-6362\/","name":"Mark\u00fdza MHL styl - P00 - 5060 Vr\u00e1cen\u00ed Zdarma -","isPartOf":{"@id":"https:\/\/www.koupelnapro.com\/#website"},"primaryImageOfPage":{"@id":"https:\/\/www.koupelnapro.com\/index.php\/produkt\/markyza-mhl-styl-p00-5060-vraceni-zdarma-6362\/#primaryimage"},"image":{"@id":"https:\/\/www.koupelnapro.com\/index.php\/produkt\/markyza-mhl-styl-p00-5060-vraceni-zdarma-6362\/#primaryimage"},"thumbnailUrl":"https:\/\/www.koupelnapro.com\/wp-content\/uploads\/2026\/SK0002717-CZ20260425-091742-0-1777079863-P-007031-00.webp","datePublished":"2026-04-26T09:13:13+00:00","breadcrumb":{"@id":"https:\/\/www.koupelnapro.com\/index.php\/produkt\/markyza-mhl-styl-p00-5060-vraceni-zdarma-6362\/#breadcrumb"},"inLanguage":"cs","potentialAction":[{"@type":"ReadAction","target":["https:\/\/www.koupelnapro.com\/index.php\/produkt\/markyza-mhl-styl-p00-5060-vraceni-zdarma-6362\/"]}]},{"@type":"ImageObject","inLanguage":"cs","@id":"https:\/\/www.koupelnapro.com\/index.php\/produkt\/markyza-mhl-styl-p00-5060-vraceni-zdarma-6362\/#primaryimage","url":"https:\/\/www.koupelnapro.com\/wp-content\/uploads\/2026\/SK0002717-CZ20260425-091742-0-1777079863-P-007031-00.webp","contentUrl":"https:\/\/www.koupelnapro.com\/wp-content\/uploads\/2026\/SK0002717-CZ20260425-091742-0-1777079863-P-007031-00.webp","width":387,"height":411},{"@type":"BreadcrumbList","@id":"https:\/\/www.koupelnapro.com\/index.php\/produkt\/markyza-mhl-styl-p00-5060-vraceni-zdarma-6362\/#breadcrumb","itemListElement":[{"@type":"ListItem","position":1,"name":"Home","item":"https:\/\/www.koupelnapro.com\/"},{"@type":"ListItem","position":2,"name":"Products","item":"https:\/\/www.koupelnapro.com\/products\/"},{"@type":"ListItem","position":3,"name":"Mark\u00fdza MHL styl &#8211; P00 &#8211; 5060 Vr\u00e1cen\u00ed Zdarma"}]},{"@type":"WebSite","@id":"https:\/\/www.koupelnapro.com\/#website","url":"https:\/\/www.koupelnapro.com\/","name":"","description":"","potentialAction":[{"@type":"SearchAction","target":{"@type":"EntryPoint","urlTemplate":"https:\/\/www.koupelnapro.com\/?s={search_term_string}"},"query-input":{"@type":"PropertyValueSpecification","valueRequired":true,"valueName":"search_term_string"}}],"inLanguage":"cs"}]}},"_links":{"self":[{"href":"https:\/\/www.koupelnapro.com\/wp-json\/wp\/v2\/product\/6362","targetHints":{"allow":["GET"]}}],"collection":[{"href":"https:\/\/www.koupelnapro.com\/wp-json\/wp\/v2\/product"}],"about":[{"href":"https:\/\/www.koupelnapro.com\/wp-json\/wp\/v2\/types\/product"}],"replies":[{"embeddable":true,"href":"https:\/\/www.koupelnapro.com\/wp-json\/wp\/v2\/comments?post=6362"}],"wp:featuredmedia":[{"embeddable":true,"href":"https:\/\/www.koupelnapro.com\/wp-json\/wp\/v2\/media\/6462"}],"wp:attachment":[{"href":"https:\/\/www.koupelnapro.com\/wp-json\/wp\/v2\/media?parent=6362"}],"wp:term":[{"taxonomy":"product_brand","embeddable":true,"href":"https:\/\/www.koupelnapro.com\/wp-json\/wp\/v2\/product_brand?post=6362"},{"taxonomy":"product_cat","embeddable":true,"href":"https:\/\/www.koupelnapro.com\/wp-json\/wp\/v2\/product_cat?post=6362"},{"taxonomy":"product_tag","embeddable":true,"href":"https:\/\/www.koupelnapro.com\/wp-json\/wp\/v2\/product_tag?post=6362"}],"curies":[{"name":"wp","href":"https:\/\/api.w.org\/{rel}","templated":true}]}}