{"id":6358,"date":"2026-04-26T09:13:13","date_gmt":"2026-04-26T09:13:13","guid":{"rendered":""},"modified":"2026-04-26T09:13:13","modified_gmt":"2026-04-26T09:13:13","slug":"manzeta-z-folie-bfx-1000-mk08-78-x-140-vikendova-akce-6358","status":"publish","type":"product","link":"https:\/\/www.koupelnapro.com\/produkt\/manzeta-z-folie-bfx-1000-mk08-78-x-140-vikendova-akce-6358\/","title":{"rendered":"Man\u017eeta z folie BFX 1000 &#8211; MK08 78 x 140 V\u00edkendov\u00e1 Akce"},"content":{"rendered":"<div class=\"ResponseTabButton\">Popis produktu<\/div>\n<div class=\"TabContent\">\n<div><font color=\"#000000\">BFX Man\u017eeta Velux BFX z hydroizola\u010dn\u00ed folie<\/font><\/div>\n<div><font color=\"#000000\">&nbsp;<\/font><\/div>\n<div><font color=\"#000000\">Plisovan\u00e1 man\u017eeta Velux BFX zaji\u0161\u0165uje dokonal\u00e9 napojen\u00ed podst\u0159e\u0161n\u00ed hydroizola\u010dn\u00ed f\u00f3lie na st\u0159e\u0161n\u00ed okno VELUX. M\u016f\u017ee b\u00fdt pou\u017eita do v\u0161ech st\u0159e\u0161n\u00edch konstrukc\u00ed se sklonem st\u0159echy mezi 15&deg; a\u017e 90&deg;. Plisovan\u00e1 man\u017eeta je vhodn\u00e1 pro st\u0159echy s la\u0165ov\u00e1n\u00edm nebo bez lat\u00ed. M\u016f\u017ee b\u00fdt pou\u017eita pro v\u011btran\u00e9 i nev\u011btran\u00e9 konstrukce. <\/font><\/div>\n<div><font color=\"#000000\">&nbsp;<\/font><\/div>\n<div><font color=\"#000000\">Vlastnosti <\/font><\/div>\n<div><font color=\"#000000\">&bull; Zaji\u0161tuje izolaci okenn\u00edho r\u00e1mu v\u016f\u010di zafukov\u00e1n\u00ed a p\u0159\u00edpadn\u00e9 zkondenzovan\u00e9 vlhkosti pod st\u0159e\u0161n\u00ed krytinou. <\/font><\/div>\n<div><font color=\"#000000\">&nbsp;<\/font><\/div>\n<div><font color=\"#000000\">&bull; Man\u017eetu s plisovan\u00fdmi stranami lze snadno instalovat a upravit na lat\u011b. <\/font><\/div>\n<div><font color=\"#000000\">&nbsp;<\/font><\/div>\n<div><font color=\"#000000\">&bull; Umo\u017e\u0148uje snadn\u00e9 napojen\u00ed r\u00e1mu okna na hydroizola\u010dn\u00ed f\u00f3lii ve st\u0159e\u0161e. <\/font><\/div>\n<div><font color=\"#000000\">&nbsp;<\/font><\/div>\n<div><font color=\"#000000\">Materi\u00e1l <\/font><\/div>\n<div><font color=\"#000000\">Polypropylenov\u00e1 f\u00f3lie s vysokou difuzn\u00ed propustnost\u00ed Sd = 0,03 m. <\/font><\/div>\n<div><font color=\"#000000\">&nbsp;<\/font><\/div>\n<div><font color=\"#000000\">Mont\u00e1\u017e <\/font><\/div>\n<div><font color=\"#000000\">Hydroizola\u010dn\u00ed f\u00f3lie BFX odpov\u00eddaj\u00edc\u00ed velikosti st\u0159e\u0161n\u00edho okna VELUX se dle mont\u00e1\u017en\u00edho n\u00e1vodu p\u0159ichyt\u00ed sponkami na r\u00e1m okna a st\u0159e\u0161n\u00ed lat\u011b. Nad horn\u00ed \u010d\u00e1st\u00ed st\u0159e\u0161n\u00edho okna se instaluje dren\u00e1\u017en\u00ed \u017el\u00e1bek, kter\u00fd zajist\u00ed spojen\u00ed BFX s podst\u0159e\u0161n\u00ed f\u00f3li\u00ed.<\/font><\/div>\n<\/p><\/div>\n<\/p><\/div>\n<\/p><\/div>\n<\/p><\/div>\n<\/div>\n","protected":false},"excerpt":{"rendered":"<p>Popis produktu BFX Man\u017eeta Velux BFX z hydroizola\u010dn\u00ed folie &nbsp; Plisovan\u00e1 man\u017eeta Velux BFX zaji\u0161\u0165uje dokonal\u00e9 napojen\u00ed podst\u0159e\u0161n\u00ed hydroizola\u010dn\u00ed f\u00f3lie na st\u0159e\u0161n\u00ed okno VELUX. M\u016f\u017ee b\u00fdt pou\u017eita do v\u0161ech st\u0159e\u0161n\u00edch konstrukc\u00ed se sklonem st\u0159echy mezi 15&deg; a\u017e 90&deg;. Plisovan\u00e1 man\u017eeta je vhodn\u00e1 pro st\u0159echy s la\u0165ov\u00e1n\u00edm nebo bez lat\u00ed. M\u016f\u017ee b\u00fdt pou\u017eita pro v\u011btran\u00e9 i [&hellip;]<\/p>\n","protected":false},"featured_media":6458,"comment_status":"open","ping_status":"open","template":"","meta":[],"product_brand":[],"product_cat":[47],"product_tag":[],"class_list":{"0":"post-6358","1":"product","2":"type-product","3":"status-publish","4":"has-post-thumbnail","6":"product_cat-stresni-okna","8":"first","9":"instock","10":"sale","11":"shipping-taxable","12":"purchasable","13":"product-type-simple"},"yoast_head":"<!-- This site is optimized with the Yoast SEO plugin v26.8 - https:\/\/yoast.com\/product\/yoast-seo-wordpress\/ -->\n<title>Man\u017eeta z folie BFX 1000 - MK08 78 x 140 V\u00edkendov\u00e1 Akce -<\/title>\n<meta name=\"robots\" content=\"index, follow, max-snippet:-1, max-image-preview:large, max-video-preview:-1\" \/>\n<link rel=\"canonical\" href=\"https:\/\/www.koupelnapro.com\/index.php\/produkt\/manzeta-z-folie-bfx-1000-mk08-78-x-140-vikendova-akce-6358\/\" \/>\n<meta property=\"og:locale\" content=\"cs_CZ\" \/>\n<meta property=\"og:type\" content=\"article\" \/>\n<meta property=\"og:title\" content=\"Man\u017eeta z folie BFX 1000 - MK08 78 x 140 V\u00edkendov\u00e1 Akce -\" \/>\n<meta property=\"og:description\" content=\"Popis produktu BFX Man\u017eeta Velux BFX z hydroizola\u010dn\u00ed folie &nbsp; Plisovan\u00e1 man\u017eeta Velux BFX zaji\u0161\u0165uje dokonal\u00e9 napojen\u00ed podst\u0159e\u0161n\u00ed hydroizola\u010dn\u00ed f\u00f3lie na st\u0159e\u0161n\u00ed okno VELUX. M\u016f\u017ee b\u00fdt pou\u017eita do v\u0161ech st\u0159e\u0161n\u00edch konstrukc\u00ed se sklonem st\u0159echy mezi 15&deg; a\u017e 90&deg;. Plisovan\u00e1 man\u017eeta je vhodn\u00e1 pro st\u0159echy s la\u0165ov\u00e1n\u00edm nebo bez lat\u00ed. M\u016f\u017ee b\u00fdt pou\u017eita pro v\u011btran\u00e9 i [&hellip;]\" \/>\n<meta property=\"og:url\" content=\"https:\/\/www.koupelnapro.com\/index.php\/produkt\/manzeta-z-folie-bfx-1000-mk08-78-x-140-vikendova-akce-6358\/\" \/>\n<meta property=\"og:image\" content=\"https:\/\/www.koupelnapro.com\/wp-content\/uploads\/2026\/SK0002713-CZ20260425-091742-0-1777079863-P-042663-00.webp\" \/>\n\t<meta property=\"og:image:width\" content=\"798\" \/>\n\t<meta property=\"og:image:height\" content=\"800\" \/>\n\t<meta property=\"og:image:type\" content=\"image\/webp\" \/>\n<meta name=\"twitter:card\" content=\"summary_large_image\" \/>\n<meta name=\"twitter:label1\" content=\"Odhadovan\u00e1 doba \u010dten\u00ed\" \/>\n\t<meta name=\"twitter:data1\" content=\"1 minuta\" \/>\n<script type=\"application\/ld+json\" class=\"yoast-schema-graph\">{\"@context\":\"https:\/\/schema.org\",\"@graph\":[{\"@type\":\"WebPage\",\"@id\":\"https:\/\/www.koupelnapro.com\/index.php\/produkt\/manzeta-z-folie-bfx-1000-mk08-78-x-140-vikendova-akce-6358\/\",\"url\":\"https:\/\/www.koupelnapro.com\/index.php\/produkt\/manzeta-z-folie-bfx-1000-mk08-78-x-140-vikendova-akce-6358\/\",\"name\":\"Man\u017eeta z folie BFX 1000 - MK08 78 x 140 V\u00edkendov\u00e1 Akce -\",\"isPartOf\":{\"@id\":\"https:\/\/www.koupelnapro.com\/#website\"},\"primaryImageOfPage\":{\"@id\":\"https:\/\/www.koupelnapro.com\/index.php\/produkt\/manzeta-z-folie-bfx-1000-mk08-78-x-140-vikendova-akce-6358\/#primaryimage\"},\"image\":{\"@id\":\"https:\/\/www.koupelnapro.com\/index.php\/produkt\/manzeta-z-folie-bfx-1000-mk08-78-x-140-vikendova-akce-6358\/#primaryimage\"},\"thumbnailUrl\":\"https:\/\/www.koupelnapro.com\/wp-content\/uploads\/2026\/SK0002713-CZ20260425-091742-0-1777079863-P-042663-00.webp\",\"datePublished\":\"2026-04-26T09:13:13+00:00\",\"breadcrumb\":{\"@id\":\"https:\/\/www.koupelnapro.com\/index.php\/produkt\/manzeta-z-folie-bfx-1000-mk08-78-x-140-vikendova-akce-6358\/#breadcrumb\"},\"inLanguage\":\"cs\",\"potentialAction\":[{\"@type\":\"ReadAction\",\"target\":[\"https:\/\/www.koupelnapro.com\/index.php\/produkt\/manzeta-z-folie-bfx-1000-mk08-78-x-140-vikendova-akce-6358\/\"]}]},{\"@type\":\"ImageObject\",\"inLanguage\":\"cs\",\"@id\":\"https:\/\/www.koupelnapro.com\/index.php\/produkt\/manzeta-z-folie-bfx-1000-mk08-78-x-140-vikendova-akce-6358\/#primaryimage\",\"url\":\"https:\/\/www.koupelnapro.com\/wp-content\/uploads\/2026\/SK0002713-CZ20260425-091742-0-1777079863-P-042663-00.webp\",\"contentUrl\":\"https:\/\/www.koupelnapro.com\/wp-content\/uploads\/2026\/SK0002713-CZ20260425-091742-0-1777079863-P-042663-00.webp\",\"width\":798,\"height\":800},{\"@type\":\"BreadcrumbList\",\"@id\":\"https:\/\/www.koupelnapro.com\/index.php\/produkt\/manzeta-z-folie-bfx-1000-mk08-78-x-140-vikendova-akce-6358\/#breadcrumb\",\"itemListElement\":[{\"@type\":\"ListItem\",\"position\":1,\"name\":\"Home\",\"item\":\"https:\/\/www.koupelnapro.com\/\"},{\"@type\":\"ListItem\",\"position\":2,\"name\":\"Products\",\"item\":\"https:\/\/www.koupelnapro.com\/products\/\"},{\"@type\":\"ListItem\",\"position\":3,\"name\":\"Man\u017eeta z folie BFX 1000 &#8211; MK08 78 x 140 V\u00edkendov\u00e1 Akce\"}]},{\"@type\":\"WebSite\",\"@id\":\"https:\/\/www.koupelnapro.com\/#website\",\"url\":\"https:\/\/www.koupelnapro.com\/\",\"name\":\"\",\"description\":\"\",\"potentialAction\":[{\"@type\":\"SearchAction\",\"target\":{\"@type\":\"EntryPoint\",\"urlTemplate\":\"https:\/\/www.koupelnapro.com\/?s={search_term_string}\"},\"query-input\":{\"@type\":\"PropertyValueSpecification\",\"valueRequired\":true,\"valueName\":\"search_term_string\"}}],\"inLanguage\":\"cs\"}]}<\/script>\n<!-- \/ Yoast SEO plugin. -->","yoast_head_json":{"title":"Man\u017eeta z folie BFX 1000 - MK08 78 x 140 V\u00edkendov\u00e1 Akce -","robots":{"index":"index","follow":"follow","max-snippet":"max-snippet:-1","max-image-preview":"max-image-preview:large","max-video-preview":"max-video-preview:-1"},"canonical":"https:\/\/www.koupelnapro.com\/index.php\/produkt\/manzeta-z-folie-bfx-1000-mk08-78-x-140-vikendova-akce-6358\/","og_locale":"cs_CZ","og_type":"article","og_title":"Man\u017eeta z folie BFX 1000 - MK08 78 x 140 V\u00edkendov\u00e1 Akce -","og_description":"Popis produktu BFX Man\u017eeta Velux BFX z hydroizola\u010dn\u00ed folie &nbsp; Plisovan\u00e1 man\u017eeta Velux BFX zaji\u0161\u0165uje dokonal\u00e9 napojen\u00ed podst\u0159e\u0161n\u00ed hydroizola\u010dn\u00ed f\u00f3lie na st\u0159e\u0161n\u00ed okno VELUX. M\u016f\u017ee b\u00fdt pou\u017eita do v\u0161ech st\u0159e\u0161n\u00edch konstrukc\u00ed se sklonem st\u0159echy mezi 15&deg; a\u017e 90&deg;. Plisovan\u00e1 man\u017eeta je vhodn\u00e1 pro st\u0159echy s la\u0165ov\u00e1n\u00edm nebo bez lat\u00ed. M\u016f\u017ee b\u00fdt pou\u017eita pro v\u011btran\u00e9 i [&hellip;]","og_url":"https:\/\/www.koupelnapro.com\/index.php\/produkt\/manzeta-z-folie-bfx-1000-mk08-78-x-140-vikendova-akce-6358\/","og_image":[{"width":798,"height":800,"url":"https:\/\/www.koupelnapro.com\/wp-content\/uploads\/2026\/SK0002713-CZ20260425-091742-0-1777079863-P-042663-00.webp","type":"image\/webp"}],"twitter_card":"summary_large_image","twitter_misc":{"Odhadovan\u00e1 doba \u010dten\u00ed":"1 minuta"},"schema":{"@context":"https:\/\/schema.org","@graph":[{"@type":"WebPage","@id":"https:\/\/www.koupelnapro.com\/index.php\/produkt\/manzeta-z-folie-bfx-1000-mk08-78-x-140-vikendova-akce-6358\/","url":"https:\/\/www.koupelnapro.com\/index.php\/produkt\/manzeta-z-folie-bfx-1000-mk08-78-x-140-vikendova-akce-6358\/","name":"Man\u017eeta z folie BFX 1000 - MK08 78 x 140 V\u00edkendov\u00e1 Akce -","isPartOf":{"@id":"https:\/\/www.koupelnapro.com\/#website"},"primaryImageOfPage":{"@id":"https:\/\/www.koupelnapro.com\/index.php\/produkt\/manzeta-z-folie-bfx-1000-mk08-78-x-140-vikendova-akce-6358\/#primaryimage"},"image":{"@id":"https:\/\/www.koupelnapro.com\/index.php\/produkt\/manzeta-z-folie-bfx-1000-mk08-78-x-140-vikendova-akce-6358\/#primaryimage"},"thumbnailUrl":"https:\/\/www.koupelnapro.com\/wp-content\/uploads\/2026\/SK0002713-CZ20260425-091742-0-1777079863-P-042663-00.webp","datePublished":"2026-04-26T09:13:13+00:00","breadcrumb":{"@id":"https:\/\/www.koupelnapro.com\/index.php\/produkt\/manzeta-z-folie-bfx-1000-mk08-78-x-140-vikendova-akce-6358\/#breadcrumb"},"inLanguage":"cs","potentialAction":[{"@type":"ReadAction","target":["https:\/\/www.koupelnapro.com\/index.php\/produkt\/manzeta-z-folie-bfx-1000-mk08-78-x-140-vikendova-akce-6358\/"]}]},{"@type":"ImageObject","inLanguage":"cs","@id":"https:\/\/www.koupelnapro.com\/index.php\/produkt\/manzeta-z-folie-bfx-1000-mk08-78-x-140-vikendova-akce-6358\/#primaryimage","url":"https:\/\/www.koupelnapro.com\/wp-content\/uploads\/2026\/SK0002713-CZ20260425-091742-0-1777079863-P-042663-00.webp","contentUrl":"https:\/\/www.koupelnapro.com\/wp-content\/uploads\/2026\/SK0002713-CZ20260425-091742-0-1777079863-P-042663-00.webp","width":798,"height":800},{"@type":"BreadcrumbList","@id":"https:\/\/www.koupelnapro.com\/index.php\/produkt\/manzeta-z-folie-bfx-1000-mk08-78-x-140-vikendova-akce-6358\/#breadcrumb","itemListElement":[{"@type":"ListItem","position":1,"name":"Home","item":"https:\/\/www.koupelnapro.com\/"},{"@type":"ListItem","position":2,"name":"Products","item":"https:\/\/www.koupelnapro.com\/products\/"},{"@type":"ListItem","position":3,"name":"Man\u017eeta z folie BFX 1000 &#8211; MK08 78 x 140 V\u00edkendov\u00e1 Akce"}]},{"@type":"WebSite","@id":"https:\/\/www.koupelnapro.com\/#website","url":"https:\/\/www.koupelnapro.com\/","name":"","description":"","potentialAction":[{"@type":"SearchAction","target":{"@type":"EntryPoint","urlTemplate":"https:\/\/www.koupelnapro.com\/?s={search_term_string}"},"query-input":{"@type":"PropertyValueSpecification","valueRequired":true,"valueName":"search_term_string"}}],"inLanguage":"cs"}]}},"_links":{"self":[{"href":"https:\/\/www.koupelnapro.com\/wp-json\/wp\/v2\/product\/6358","targetHints":{"allow":["GET"]}}],"collection":[{"href":"https:\/\/www.koupelnapro.com\/wp-json\/wp\/v2\/product"}],"about":[{"href":"https:\/\/www.koupelnapro.com\/wp-json\/wp\/v2\/types\/product"}],"replies":[{"embeddable":true,"href":"https:\/\/www.koupelnapro.com\/wp-json\/wp\/v2\/comments?post=6358"}],"wp:featuredmedia":[{"embeddable":true,"href":"https:\/\/www.koupelnapro.com\/wp-json\/wp\/v2\/media\/6458"}],"wp:attachment":[{"href":"https:\/\/www.koupelnapro.com\/wp-json\/wp\/v2\/media?parent=6358"}],"wp:term":[{"taxonomy":"product_brand","embeddable":true,"href":"https:\/\/www.koupelnapro.com\/wp-json\/wp\/v2\/product_brand?post=6358"},{"taxonomy":"product_cat","embeddable":true,"href":"https:\/\/www.koupelnapro.com\/wp-json\/wp\/v2\/product_cat?post=6358"},{"taxonomy":"product_tag","embeddable":true,"href":"https:\/\/www.koupelnapro.com\/wp-json\/wp\/v2\/product_tag?post=6358"}],"curies":[{"name":"wp","href":"https:\/\/api.w.org\/{rel}","templated":true}]}}