{"id":6353,"date":"2026-04-26T09:13:13","date_gmt":"2026-04-26T09:13:13","guid":{"rendered":""},"modified":"2026-04-26T09:13:13","modified_gmt":"2026-04-26T09:13:13","slug":"nejlepsi-cena-manzeta-parotes-folie-bbx-0000-pk10-94-x-160-6353","status":"publish","type":"product","link":"https:\/\/www.koupelnapro.com\/produkt\/nejlepsi-cena-manzeta-parotes-folie-bbx-0000-pk10-94-x-160-6353\/","title":{"rendered":"Nejlep\u0161\u00ed Cena Man\u017eeta parot\u011bs.f\u00f3lie BBX 0000 &#8211; PK10 94 x 160"},"content":{"rendered":"<div class=\"ResponseTabButton\">Popis produktu<\/div>\n<div class=\"TabContent\">\n<div><font color=\"#000000\">Pou\u017eit\u00ed<\/font><\/div>\n<div><font color=\"#000000\">Parot\u011bsn\u00e1 f\u00f3lie BBX zaji\u0161\u0165uje bezpe\u010dn\u00e9 a t\u011bsn\u00e9 spojen\u00ed mezi r\u00e1mem st\u0159e\u0161n\u00edho okna VELUX a parot\u011bsnou f\u00f3li\u00ed st\u0159e\u0161n\u00edho pl\u00e1\u0161t\u011b. <\/font><\/div>\n<div><font color=\"#000000\">Vlastnosti<\/font><\/div>\n<div><font color=\"#000000\">Parot\u011bsn\u00e1 f\u00f3lie s difuzn\u00ed propustnost\u00ed Sd = 75 m v\u010detn\u011b samolepic\u00ed butylov\u00e9 t\u011bsnic\u00ed p\u00e1sky pro upevn\u011bn\u00ed do dr\u00e1\u017eky r\u00e1mu okna. V\u00fdrobek BBX zaji\u0161\u0165uje snadn\u00e9 proveden\u00ed paroz\u00e1brany kolem vnit\u0159n\u00edho ost\u011bn\u00ed okna. D\u00edky p\u0159izp\u016fsoben\u00ed v\u00fdrobku tvaru a rozm\u011bru okna a ost\u011bn\u00ed se snadno instaluje. <\/font><\/div>\n<div><font color=\"#000000\">Materi\u00e1l<\/font><\/div>\n<div><font color=\"#000000\">Polyetylen (PE) <\/font><\/div>\n<div><font color=\"#000000\">Mont\u00e1\u017e<\/font><\/div>\n<div><font color=\"#000000\">Parot\u011bsn\u00e1 f\u00f3lie BBX je zalo\u017eena do dr\u00e1\u017eky v r\u00e1mu st\u0159e\u0161n\u00edho okna VELUX a n\u00e1sledn\u011b spojena s parot\u011bsnou f\u00f3li\u00ed ve st\u0159e\u0161n\u00edm pl\u00e1\u0161ti. Parot\u011bsn\u00e9 spojen\u00ed mezi f\u00f3li\u00ed BBX a r\u00e1mem okna je zaji\u0161t\u011bno butylov\u00fdm t\u011bsn\u011bn\u00edm (sou\u010d\u00e1st dod\u00e1vky BBX). Balen\u00ed obsahuje v\u0161echny pot\u0159ebn\u00e9 sou\u010d\u00e1sti k mont\u00e1\u017ei.<\/font><\/div>\n<\/p><\/div>\n<\/p><\/div>\n<\/p><\/div>\n<\/p><\/div>\n<\/div>\n","protected":false},"excerpt":{"rendered":"<p>Popis produktu Pou\u017eit\u00ed Parot\u011bsn\u00e1 f\u00f3lie BBX zaji\u0161\u0165uje bezpe\u010dn\u00e9 a t\u011bsn\u00e9 spojen\u00ed mezi r\u00e1mem st\u0159e\u0161n\u00edho okna VELUX a parot\u011bsnou f\u00f3li\u00ed st\u0159e\u0161n\u00edho pl\u00e1\u0161t\u011b. Vlastnosti Parot\u011bsn\u00e1 f\u00f3lie s difuzn\u00ed propustnost\u00ed Sd = 75 m v\u010detn\u011b samolepic\u00ed butylov\u00e9 t\u011bsnic\u00ed p\u00e1sky pro upevn\u011bn\u00ed do dr\u00e1\u017eky r\u00e1mu okna. V\u00fdrobek BBX zaji\u0161\u0165uje snadn\u00e9 proveden\u00ed paroz\u00e1brany kolem vnit\u0159n\u00edho ost\u011bn\u00ed okna. D\u00edky p\u0159izp\u016fsoben\u00ed v\u00fdrobku [&hellip;]<\/p>\n","protected":false},"featured_media":6453,"comment_status":"open","ping_status":"open","template":"","meta":[],"product_brand":[],"product_cat":[47],"product_tag":[],"class_list":{"0":"post-6353","1":"product","2":"type-product","3":"status-publish","4":"has-post-thumbnail","6":"product_cat-stresni-okna","8":"first","9":"instock","10":"sale","11":"shipping-taxable","12":"purchasable","13":"product-type-simple"},"yoast_head":"<!-- This site is optimized with the Yoast SEO plugin v26.8 - https:\/\/yoast.com\/product\/yoast-seo-wordpress\/ -->\n<title>Nejlep\u0161\u00ed Cena Man\u017eeta parot\u011bs.f\u00f3lie BBX 0000 - PK10 94 x 160 -<\/title>\n<meta name=\"robots\" content=\"index, follow, max-snippet:-1, max-image-preview:large, max-video-preview:-1\" \/>\n<link rel=\"canonical\" href=\"https:\/\/www.koupelnapro.com\/index.php\/produkt\/nejlepsi-cena-manzeta-parotes-folie-bbx-0000-pk10-94-x-160-6353\/\" \/>\n<meta property=\"og:locale\" content=\"cs_CZ\" \/>\n<meta property=\"og:type\" content=\"article\" \/>\n<meta property=\"og:title\" content=\"Nejlep\u0161\u00ed Cena Man\u017eeta parot\u011bs.f\u00f3lie BBX 0000 - PK10 94 x 160 -\" \/>\n<meta property=\"og:description\" content=\"Popis produktu Pou\u017eit\u00ed Parot\u011bsn\u00e1 f\u00f3lie BBX zaji\u0161\u0165uje bezpe\u010dn\u00e9 a t\u011bsn\u00e9 spojen\u00ed mezi r\u00e1mem st\u0159e\u0161n\u00edho okna VELUX a parot\u011bsnou f\u00f3li\u00ed st\u0159e\u0161n\u00edho pl\u00e1\u0161t\u011b. Vlastnosti Parot\u011bsn\u00e1 f\u00f3lie s difuzn\u00ed propustnost\u00ed Sd = 75 m v\u010detn\u011b samolepic\u00ed butylov\u00e9 t\u011bsnic\u00ed p\u00e1sky pro upevn\u011bn\u00ed do dr\u00e1\u017eky r\u00e1mu okna. V\u00fdrobek BBX zaji\u0161\u0165uje snadn\u00e9 proveden\u00ed paroz\u00e1brany kolem vnit\u0159n\u00edho ost\u011bn\u00ed okna. D\u00edky p\u0159izp\u016fsoben\u00ed v\u00fdrobku [&hellip;]\" \/>\n<meta property=\"og:url\" content=\"https:\/\/www.koupelnapro.com\/index.php\/produkt\/nejlepsi-cena-manzeta-parotes-folie-bbx-0000-pk10-94-x-160-6353\/\" \/>\n<meta property=\"og:image\" content=\"https:\/\/www.koupelnapro.com\/wp-content\/uploads\/2026\/SK0002708-CZ20260425-091742-0-1777079863-P-020075-00.webp\" \/>\n\t<meta property=\"og:image:width\" content=\"800\" \/>\n\t<meta property=\"og:image:height\" content=\"800\" \/>\n\t<meta property=\"og:image:type\" content=\"image\/webp\" \/>\n<meta name=\"twitter:card\" content=\"summary_large_image\" \/>\n<meta name=\"twitter:label1\" content=\"Odhadovan\u00e1 doba \u010dten\u00ed\" \/>\n\t<meta name=\"twitter:data1\" content=\"1 minuta\" \/>\n<script type=\"application\/ld+json\" class=\"yoast-schema-graph\">{\"@context\":\"https:\/\/schema.org\",\"@graph\":[{\"@type\":\"WebPage\",\"@id\":\"https:\/\/www.koupelnapro.com\/index.php\/produkt\/nejlepsi-cena-manzeta-parotes-folie-bbx-0000-pk10-94-x-160-6353\/\",\"url\":\"https:\/\/www.koupelnapro.com\/index.php\/produkt\/nejlepsi-cena-manzeta-parotes-folie-bbx-0000-pk10-94-x-160-6353\/\",\"name\":\"Nejlep\u0161\u00ed Cena Man\u017eeta parot\u011bs.f\u00f3lie BBX 0000 - PK10 94 x 160 -\",\"isPartOf\":{\"@id\":\"https:\/\/www.koupelnapro.com\/#website\"},\"primaryImageOfPage\":{\"@id\":\"https:\/\/www.koupelnapro.com\/index.php\/produkt\/nejlepsi-cena-manzeta-parotes-folie-bbx-0000-pk10-94-x-160-6353\/#primaryimage\"},\"image\":{\"@id\":\"https:\/\/www.koupelnapro.com\/index.php\/produkt\/nejlepsi-cena-manzeta-parotes-folie-bbx-0000-pk10-94-x-160-6353\/#primaryimage\"},\"thumbnailUrl\":\"https:\/\/www.koupelnapro.com\/wp-content\/uploads\/2026\/SK0002708-CZ20260425-091742-0-1777079863-P-020075-00.webp\",\"datePublished\":\"2026-04-26T09:13:13+00:00\",\"breadcrumb\":{\"@id\":\"https:\/\/www.koupelnapro.com\/index.php\/produkt\/nejlepsi-cena-manzeta-parotes-folie-bbx-0000-pk10-94-x-160-6353\/#breadcrumb\"},\"inLanguage\":\"cs\",\"potentialAction\":[{\"@type\":\"ReadAction\",\"target\":[\"https:\/\/www.koupelnapro.com\/index.php\/produkt\/nejlepsi-cena-manzeta-parotes-folie-bbx-0000-pk10-94-x-160-6353\/\"]}]},{\"@type\":\"ImageObject\",\"inLanguage\":\"cs\",\"@id\":\"https:\/\/www.koupelnapro.com\/index.php\/produkt\/nejlepsi-cena-manzeta-parotes-folie-bbx-0000-pk10-94-x-160-6353\/#primaryimage\",\"url\":\"https:\/\/www.koupelnapro.com\/wp-content\/uploads\/2026\/SK0002708-CZ20260425-091742-0-1777079863-P-020075-00.webp\",\"contentUrl\":\"https:\/\/www.koupelnapro.com\/wp-content\/uploads\/2026\/SK0002708-CZ20260425-091742-0-1777079863-P-020075-00.webp\",\"width\":800,\"height\":800},{\"@type\":\"BreadcrumbList\",\"@id\":\"https:\/\/www.koupelnapro.com\/index.php\/produkt\/nejlepsi-cena-manzeta-parotes-folie-bbx-0000-pk10-94-x-160-6353\/#breadcrumb\",\"itemListElement\":[{\"@type\":\"ListItem\",\"position\":1,\"name\":\"Home\",\"item\":\"https:\/\/www.koupelnapro.com\/\"},{\"@type\":\"ListItem\",\"position\":2,\"name\":\"Products\",\"item\":\"https:\/\/www.koupelnapro.com\/products\/\"},{\"@type\":\"ListItem\",\"position\":3,\"name\":\"Nejlep\u0161\u00ed Cena Man\u017eeta parot\u011bs.f\u00f3lie BBX 0000 &#8211; PK10 94 x 160\"}]},{\"@type\":\"WebSite\",\"@id\":\"https:\/\/www.koupelnapro.com\/#website\",\"url\":\"https:\/\/www.koupelnapro.com\/\",\"name\":\"\",\"description\":\"\",\"potentialAction\":[{\"@type\":\"SearchAction\",\"target\":{\"@type\":\"EntryPoint\",\"urlTemplate\":\"https:\/\/www.koupelnapro.com\/?s={search_term_string}\"},\"query-input\":{\"@type\":\"PropertyValueSpecification\",\"valueRequired\":true,\"valueName\":\"search_term_string\"}}],\"inLanguage\":\"cs\"}]}<\/script>\n<!-- \/ Yoast SEO plugin. -->","yoast_head_json":{"title":"Nejlep\u0161\u00ed Cena Man\u017eeta parot\u011bs.f\u00f3lie BBX 0000 - PK10 94 x 160 -","robots":{"index":"index","follow":"follow","max-snippet":"max-snippet:-1","max-image-preview":"max-image-preview:large","max-video-preview":"max-video-preview:-1"},"canonical":"https:\/\/www.koupelnapro.com\/index.php\/produkt\/nejlepsi-cena-manzeta-parotes-folie-bbx-0000-pk10-94-x-160-6353\/","og_locale":"cs_CZ","og_type":"article","og_title":"Nejlep\u0161\u00ed Cena Man\u017eeta parot\u011bs.f\u00f3lie BBX 0000 - PK10 94 x 160 -","og_description":"Popis produktu Pou\u017eit\u00ed Parot\u011bsn\u00e1 f\u00f3lie BBX zaji\u0161\u0165uje bezpe\u010dn\u00e9 a t\u011bsn\u00e9 spojen\u00ed mezi r\u00e1mem st\u0159e\u0161n\u00edho okna VELUX a parot\u011bsnou f\u00f3li\u00ed st\u0159e\u0161n\u00edho pl\u00e1\u0161t\u011b. Vlastnosti Parot\u011bsn\u00e1 f\u00f3lie s difuzn\u00ed propustnost\u00ed Sd = 75 m v\u010detn\u011b samolepic\u00ed butylov\u00e9 t\u011bsnic\u00ed p\u00e1sky pro upevn\u011bn\u00ed do dr\u00e1\u017eky r\u00e1mu okna. V\u00fdrobek BBX zaji\u0161\u0165uje snadn\u00e9 proveden\u00ed paroz\u00e1brany kolem vnit\u0159n\u00edho ost\u011bn\u00ed okna. D\u00edky p\u0159izp\u016fsoben\u00ed v\u00fdrobku [&hellip;]","og_url":"https:\/\/www.koupelnapro.com\/index.php\/produkt\/nejlepsi-cena-manzeta-parotes-folie-bbx-0000-pk10-94-x-160-6353\/","og_image":[{"width":800,"height":800,"url":"https:\/\/www.koupelnapro.com\/wp-content\/uploads\/2026\/SK0002708-CZ20260425-091742-0-1777079863-P-020075-00.webp","type":"image\/webp"}],"twitter_card":"summary_large_image","twitter_misc":{"Odhadovan\u00e1 doba \u010dten\u00ed":"1 minuta"},"schema":{"@context":"https:\/\/schema.org","@graph":[{"@type":"WebPage","@id":"https:\/\/www.koupelnapro.com\/index.php\/produkt\/nejlepsi-cena-manzeta-parotes-folie-bbx-0000-pk10-94-x-160-6353\/","url":"https:\/\/www.koupelnapro.com\/index.php\/produkt\/nejlepsi-cena-manzeta-parotes-folie-bbx-0000-pk10-94-x-160-6353\/","name":"Nejlep\u0161\u00ed Cena Man\u017eeta parot\u011bs.f\u00f3lie BBX 0000 - PK10 94 x 160 -","isPartOf":{"@id":"https:\/\/www.koupelnapro.com\/#website"},"primaryImageOfPage":{"@id":"https:\/\/www.koupelnapro.com\/index.php\/produkt\/nejlepsi-cena-manzeta-parotes-folie-bbx-0000-pk10-94-x-160-6353\/#primaryimage"},"image":{"@id":"https:\/\/www.koupelnapro.com\/index.php\/produkt\/nejlepsi-cena-manzeta-parotes-folie-bbx-0000-pk10-94-x-160-6353\/#primaryimage"},"thumbnailUrl":"https:\/\/www.koupelnapro.com\/wp-content\/uploads\/2026\/SK0002708-CZ20260425-091742-0-1777079863-P-020075-00.webp","datePublished":"2026-04-26T09:13:13+00:00","breadcrumb":{"@id":"https:\/\/www.koupelnapro.com\/index.php\/produkt\/nejlepsi-cena-manzeta-parotes-folie-bbx-0000-pk10-94-x-160-6353\/#breadcrumb"},"inLanguage":"cs","potentialAction":[{"@type":"ReadAction","target":["https:\/\/www.koupelnapro.com\/index.php\/produkt\/nejlepsi-cena-manzeta-parotes-folie-bbx-0000-pk10-94-x-160-6353\/"]}]},{"@type":"ImageObject","inLanguage":"cs","@id":"https:\/\/www.koupelnapro.com\/index.php\/produkt\/nejlepsi-cena-manzeta-parotes-folie-bbx-0000-pk10-94-x-160-6353\/#primaryimage","url":"https:\/\/www.koupelnapro.com\/wp-content\/uploads\/2026\/SK0002708-CZ20260425-091742-0-1777079863-P-020075-00.webp","contentUrl":"https:\/\/www.koupelnapro.com\/wp-content\/uploads\/2026\/SK0002708-CZ20260425-091742-0-1777079863-P-020075-00.webp","width":800,"height":800},{"@type":"BreadcrumbList","@id":"https:\/\/www.koupelnapro.com\/index.php\/produkt\/nejlepsi-cena-manzeta-parotes-folie-bbx-0000-pk10-94-x-160-6353\/#breadcrumb","itemListElement":[{"@type":"ListItem","position":1,"name":"Home","item":"https:\/\/www.koupelnapro.com\/"},{"@type":"ListItem","position":2,"name":"Products","item":"https:\/\/www.koupelnapro.com\/products\/"},{"@type":"ListItem","position":3,"name":"Nejlep\u0161\u00ed Cena Man\u017eeta parot\u011bs.f\u00f3lie BBX 0000 &#8211; PK10 94 x 160"}]},{"@type":"WebSite","@id":"https:\/\/www.koupelnapro.com\/#website","url":"https:\/\/www.koupelnapro.com\/","name":"","description":"","potentialAction":[{"@type":"SearchAction","target":{"@type":"EntryPoint","urlTemplate":"https:\/\/www.koupelnapro.com\/?s={search_term_string}"},"query-input":{"@type":"PropertyValueSpecification","valueRequired":true,"valueName":"search_term_string"}}],"inLanguage":"cs"}]}},"_links":{"self":[{"href":"https:\/\/www.koupelnapro.com\/wp-json\/wp\/v2\/product\/6353","targetHints":{"allow":["GET"]}}],"collection":[{"href":"https:\/\/www.koupelnapro.com\/wp-json\/wp\/v2\/product"}],"about":[{"href":"https:\/\/www.koupelnapro.com\/wp-json\/wp\/v2\/types\/product"}],"replies":[{"embeddable":true,"href":"https:\/\/www.koupelnapro.com\/wp-json\/wp\/v2\/comments?post=6353"}],"wp:featuredmedia":[{"embeddable":true,"href":"https:\/\/www.koupelnapro.com\/wp-json\/wp\/v2\/media\/6453"}],"wp:attachment":[{"href":"https:\/\/www.koupelnapro.com\/wp-json\/wp\/v2\/media?parent=6353"}],"wp:term":[{"taxonomy":"product_brand","embeddable":true,"href":"https:\/\/www.koupelnapro.com\/wp-json\/wp\/v2\/product_brand?post=6353"},{"taxonomy":"product_cat","embeddable":true,"href":"https:\/\/www.koupelnapro.com\/wp-json\/wp\/v2\/product_cat?post=6353"},{"taxonomy":"product_tag","embeddable":true,"href":"https:\/\/www.koupelnapro.com\/wp-json\/wp\/v2\/product_tag?post=6353"}],"curies":[{"name":"wp","href":"https:\/\/api.w.org\/{rel}","templated":true}]}}