{"id":63508,"date":"2026-04-26T09:17:50","date_gmt":"2026-04-26T09:17:50","guid":{"rendered":""},"modified":"2026-04-26T09:17:50","modified_gmt":"2026-04-26T09:17:50","slug":"znackovy-titan-v2-stropni-nastenne-plastove-polovestavne-svitidlo-bila-ip44-3000-k-24w-led-hf-osmont-63508","status":"publish","type":"product","link":"https:\/\/www.koupelnapro.com\/index.php\/produkt\/znackovy-titan-v2-stropni-nastenne-plastove-polovestavne-svitidlo-bila-ip44-3000-k-24w-led-hf-osmont-63508\/","title":{"rendered":"Zna\u010dkov\u00fd TITAN V2 stropn\u00ed\/n\u00e1st\u011bnn\u00e9 plastov\u00e9 polovestavn\u00e9 sv\u00edtidlo b\u00edl\u00e1 IP44 3000 K 24W LED HF &#8211; OSMONT"},"content":{"rendered":"<h3 class=\"product-h3\">Popis produktu<\/h3>\n<p><p>B\u00edl\u00e9 polovestavn\u00e9 LED sv\u00edtidlo senzorov\u00e9 a polykarbon\u00e1tov\u00e9 st\u00ednidlo<\/p>\n<\/p><\/div>\n<\/p><\/div>\n<p><\/p>\n<div class=\"top-params\">\n<h3 class=\"product-h3 collapse-header \" data-toggle=\"collapse\" data-target=\"#collapseOne\" aria-expanded=\"true\" aria-controls=\"collapseOne\">Parametry<\/h3>\n<div id=\"collapseOne\" class=\"collapse show\" aria-labelledby=\"headingOne\" data-parent=\"#product-info-accordion1\">\n<table class=\"table-striped\">\n<tr>\n<td>                Senzor            <\/td>\n<td>                ano            <\/td>\n<\/tr>\n<tr>\n<td>                Energetick\u00e1 \u00fa\u010dinnost            <\/td>\n<td>                D            <\/td>\n<\/tr>\n<tr>\n<td>                V\u00fd\u0161ka v mm            <\/td>\n<td>                100            <\/td>\n<\/tr>\n<tr>\n<td>                Pr\u016fm\u011br v mm            <\/td>\n<td>                400            <\/td>\n<\/tr>\n<tr>\n<td>                Ochrana IP            <\/td>\n<td>                IP44            <\/td>\n<\/tr>\n<tr>\n<td>                Teplota barvy sv\u011btla            <\/td>\n<td>                3000 K            <\/td>\n<\/tr>\n<tr>\n<td>                Nap\u00e1jec\u00ed nap\u011bt\u00ed            <\/td>\n<td>                230V            <\/td>\n<\/tr>\n<tr>\n<td>                Patice            <\/td>\n<td>                LED            <\/td>\n<\/tr>\n<tr>\n<td>                V\u010detn\u011b sv\u011bteln\u00e9ho zdroje            <\/td>\n<td>                ano            <\/td>\n<\/tr>\n<tr>\n<td>                Materi\u00e1l            <\/td>\n<td>                plast \/ ocel            <\/td>\n<\/tr>\n<tr>\n<td>                Barva            <\/td>\n<td>                b\u00edl\u00e1            <\/td>\n<\/tr>\n<tr>\n<td>                Kolekce            <\/td>\n<td>                TITAN V            <\/td>\n<\/tr>\n<tr>\n<td>                Po\u010det sv\u011bteln\u00fdch zdroj\u016f            <\/td>\n<td>                1            <\/td>\n<\/tr>\n<tr>\n<td>                V\u00fdrobce            <\/td>\n<td>                OSMONT            <\/td>\n<\/tr>\n<tr>\n<td>                Index pod\u00e1n\u00ed barev            <\/td>\n<td>                80            <\/td>\n<\/tr>\n<tr>\n<td>                Hmotnost g            <\/td>\n<td>                2200            <\/td>\n<\/tr>\n<tr>\n<td>                \u017divotnost            <\/td>\n<td>                100000h            <\/td>\n<\/tr>\n<tr>\n<td>                Sv\u011bteln\u00fd tok            <\/td>\n<td>                2480lm            <\/td>\n<\/tr>\n<tr>\n<td>                Max. p\u0159\u00edkon sv\u011bteln\u00e9ho zdroje            <\/td>\n<td>                24W            <\/td>\n<\/tr>\n<tr>\n<td>                V\u00fdkon            <\/td>\n<td>                24W            <\/td>\n<\/tr>\n<\/table>\n<\/div><\/div>\n<\/div>\n<div class=\"accordion\" id=\"product-info-accordion2\">\n","protected":false},"excerpt":{"rendered":"<p>Popis produktu B\u00edl\u00e9 polovestavn\u00e9 LED sv\u00edtidlo senzorov\u00e9 a polykarbon\u00e1tov\u00e9 st\u00ednidlo Parametry Senzor ano Energetick\u00e1 \u00fa\u010dinnost D V\u00fd\u0161ka v mm 100 Pr\u016fm\u011br v mm 400 Ochrana IP IP44 Teplota barvy sv\u011btla 3000 K Nap\u00e1jec\u00ed nap\u011bt\u00ed 230V Patice LED V\u010detn\u011b sv\u011bteln\u00e9ho zdroje ano Materi\u00e1l plast \/ ocel Barva b\u00edl\u00e1 Kolekce TITAN V Po\u010det sv\u011bteln\u00fdch zdroj\u016f 1 V\u00fdrobce [&hellip;]<\/p>\n","protected":false},"featured_media":63608,"comment_status":"open","ping_status":"open","template":"","meta":[],"product_brand":[],"product_cat":[31],"product_tag":[],"class_list":{"0":"post-63508","1":"product","2":"type-product","3":"status-publish","4":"has-post-thumbnail","6":"product_cat-interierova-svitidla","8":"first","9":"instock","10":"sale","11":"shipping-taxable","12":"purchasable","13":"product-type-simple"},"yoast_head":"<!-- This site is optimized with the Yoast SEO plugin v26.8 - https:\/\/yoast.com\/product\/yoast-seo-wordpress\/ -->\n<title>Zna\u010dkov\u00fd TITAN V2 stropn\u00ed\/n\u00e1st\u011bnn\u00e9 plastov\u00e9 polovestavn\u00e9 sv\u00edtidlo b\u00edl\u00e1 IP44 3000 K 24W LED HF - OSMONT -<\/title>\n<meta name=\"robots\" content=\"index, follow, max-snippet:-1, max-image-preview:large, max-video-preview:-1\" \/>\n<link rel=\"canonical\" href=\"https:\/\/www.koupelnapro.com\/index.php\/produkt\/znackovy-titan-v2-stropni-nastenne-plastove-polovestavne-svitidlo-bila-ip44-3000-k-24w-led-hf-osmont-63508\/\" \/>\n<meta property=\"og:locale\" content=\"cs_CZ\" \/>\n<meta property=\"og:type\" content=\"article\" \/>\n<meta property=\"og:title\" content=\"Zna\u010dkov\u00fd TITAN V2 stropn\u00ed\/n\u00e1st\u011bnn\u00e9 plastov\u00e9 polovestavn\u00e9 sv\u00edtidlo b\u00edl\u00e1 IP44 3000 K 24W LED HF - OSMONT -\" \/>\n<meta property=\"og:description\" content=\"Popis produktu B\u00edl\u00e9 polovestavn\u00e9 LED sv\u00edtidlo senzorov\u00e9 a polykarbon\u00e1tov\u00e9 st\u00ednidlo Parametry Senzor ano Energetick\u00e1 \u00fa\u010dinnost D V\u00fd\u0161ka v mm 100 Pr\u016fm\u011br v mm 400 Ochrana IP IP44 Teplota barvy sv\u011btla 3000 K Nap\u00e1jec\u00ed nap\u011bt\u00ed 230V Patice LED V\u010detn\u011b sv\u011bteln\u00e9ho zdroje ano Materi\u00e1l plast \/ ocel Barva b\u00edl\u00e1 Kolekce TITAN V Po\u010det sv\u011bteln\u00fdch zdroj\u016f 1 V\u00fdrobce [&hellip;]\" \/>\n<meta property=\"og:url\" content=\"https:\/\/www.koupelnapro.com\/index.php\/produkt\/znackovy-titan-v2-stropni-nastenne-plastove-polovestavne-svitidlo-bila-ip44-3000-k-24w-led-hf-osmont-63508\/\" \/>\n<meta property=\"og:image\" content=\"https:\/\/www.koupelnapro.com\/wp-content\/uploads\/2026\/SK0049509-CZ20260425-091535-0-1777079744-OS-TIT65021.webp\" \/>\n\t<meta property=\"og:image:width\" content=\"800\" \/>\n\t<meta property=\"og:image:height\" content=\"800\" \/>\n\t<meta property=\"og:image:type\" content=\"image\/webp\" \/>\n<meta name=\"twitter:card\" content=\"summary_large_image\" \/>\n<script type=\"application\/ld+json\" class=\"yoast-schema-graph\">{\"@context\":\"https:\/\/schema.org\",\"@graph\":[{\"@type\":\"WebPage\",\"@id\":\"https:\/\/www.koupelnapro.com\/index.php\/produkt\/znackovy-titan-v2-stropni-nastenne-plastove-polovestavne-svitidlo-bila-ip44-3000-k-24w-led-hf-osmont-63508\/\",\"url\":\"https:\/\/www.koupelnapro.com\/index.php\/produkt\/znackovy-titan-v2-stropni-nastenne-plastove-polovestavne-svitidlo-bila-ip44-3000-k-24w-led-hf-osmont-63508\/\",\"name\":\"Zna\u010dkov\u00fd TITAN V2 stropn\u00ed\/n\u00e1st\u011bnn\u00e9 plastov\u00e9 polovestavn\u00e9 sv\u00edtidlo b\u00edl\u00e1 IP44 3000 K 24W LED HF - OSMONT -\",\"isPartOf\":{\"@id\":\"https:\/\/www.koupelnapro.com\/#website\"},\"primaryImageOfPage\":{\"@id\":\"https:\/\/www.koupelnapro.com\/index.php\/produkt\/znackovy-titan-v2-stropni-nastenne-plastove-polovestavne-svitidlo-bila-ip44-3000-k-24w-led-hf-osmont-63508\/#primaryimage\"},\"image\":{\"@id\":\"https:\/\/www.koupelnapro.com\/index.php\/produkt\/znackovy-titan-v2-stropni-nastenne-plastove-polovestavne-svitidlo-bila-ip44-3000-k-24w-led-hf-osmont-63508\/#primaryimage\"},\"thumbnailUrl\":\"https:\/\/www.koupelnapro.com\/wp-content\/uploads\/2026\/SK0049509-CZ20260425-091535-0-1777079744-OS-TIT65021.webp\",\"datePublished\":\"2026-04-26T09:17:50+00:00\",\"breadcrumb\":{\"@id\":\"https:\/\/www.koupelnapro.com\/index.php\/produkt\/znackovy-titan-v2-stropni-nastenne-plastove-polovestavne-svitidlo-bila-ip44-3000-k-24w-led-hf-osmont-63508\/#breadcrumb\"},\"inLanguage\":\"cs\",\"potentialAction\":[{\"@type\":\"ReadAction\",\"target\":[\"https:\/\/www.koupelnapro.com\/index.php\/produkt\/znackovy-titan-v2-stropni-nastenne-plastove-polovestavne-svitidlo-bila-ip44-3000-k-24w-led-hf-osmont-63508\/\"]}]},{\"@type\":\"ImageObject\",\"inLanguage\":\"cs\",\"@id\":\"https:\/\/www.koupelnapro.com\/index.php\/produkt\/znackovy-titan-v2-stropni-nastenne-plastove-polovestavne-svitidlo-bila-ip44-3000-k-24w-led-hf-osmont-63508\/#primaryimage\",\"url\":\"https:\/\/www.koupelnapro.com\/wp-content\/uploads\/2026\/SK0049509-CZ20260425-091535-0-1777079744-OS-TIT65021.webp\",\"contentUrl\":\"https:\/\/www.koupelnapro.com\/wp-content\/uploads\/2026\/SK0049509-CZ20260425-091535-0-1777079744-OS-TIT65021.webp\",\"width\":800,\"height\":800},{\"@type\":\"BreadcrumbList\",\"@id\":\"https:\/\/www.koupelnapro.com\/index.php\/produkt\/znackovy-titan-v2-stropni-nastenne-plastove-polovestavne-svitidlo-bila-ip44-3000-k-24w-led-hf-osmont-63508\/#breadcrumb\",\"itemListElement\":[{\"@type\":\"ListItem\",\"position\":1,\"name\":\"Home\",\"item\":\"https:\/\/www.koupelnapro.com\/\"},{\"@type\":\"ListItem\",\"position\":2,\"name\":\"Products\",\"item\":\"https:\/\/www.koupelnapro.com\/index.php\/products\/\"},{\"@type\":\"ListItem\",\"position\":3,\"name\":\"Zna\u010dkov\u00fd TITAN V2 stropn\u00ed\/n\u00e1st\u011bnn\u00e9 plastov\u00e9 polovestavn\u00e9 sv\u00edtidlo b\u00edl\u00e1 IP44 3000 K 24W LED HF &#8211; OSMONT\"}]},{\"@type\":\"WebSite\",\"@id\":\"https:\/\/www.koupelnapro.com\/#website\",\"url\":\"https:\/\/www.koupelnapro.com\/\",\"name\":\"\",\"description\":\"\",\"potentialAction\":[{\"@type\":\"SearchAction\",\"target\":{\"@type\":\"EntryPoint\",\"urlTemplate\":\"https:\/\/www.koupelnapro.com\/?s={search_term_string}\"},\"query-input\":{\"@type\":\"PropertyValueSpecification\",\"valueRequired\":true,\"valueName\":\"search_term_string\"}}],\"inLanguage\":\"cs\"}]}<\/script>\n<!-- \/ Yoast SEO plugin. -->","yoast_head_json":{"title":"Zna\u010dkov\u00fd TITAN V2 stropn\u00ed\/n\u00e1st\u011bnn\u00e9 plastov\u00e9 polovestavn\u00e9 sv\u00edtidlo b\u00edl\u00e1 IP44 3000 K 24W LED HF - OSMONT -","robots":{"index":"index","follow":"follow","max-snippet":"max-snippet:-1","max-image-preview":"max-image-preview:large","max-video-preview":"max-video-preview:-1"},"canonical":"https:\/\/www.koupelnapro.com\/index.php\/produkt\/znackovy-titan-v2-stropni-nastenne-plastove-polovestavne-svitidlo-bila-ip44-3000-k-24w-led-hf-osmont-63508\/","og_locale":"cs_CZ","og_type":"article","og_title":"Zna\u010dkov\u00fd TITAN V2 stropn\u00ed\/n\u00e1st\u011bnn\u00e9 plastov\u00e9 polovestavn\u00e9 sv\u00edtidlo b\u00edl\u00e1 IP44 3000 K 24W LED HF - OSMONT -","og_description":"Popis produktu B\u00edl\u00e9 polovestavn\u00e9 LED sv\u00edtidlo senzorov\u00e9 a polykarbon\u00e1tov\u00e9 st\u00ednidlo Parametry Senzor ano Energetick\u00e1 \u00fa\u010dinnost D V\u00fd\u0161ka v mm 100 Pr\u016fm\u011br v mm 400 Ochrana IP IP44 Teplota barvy sv\u011btla 3000 K Nap\u00e1jec\u00ed nap\u011bt\u00ed 230V Patice LED V\u010detn\u011b sv\u011bteln\u00e9ho zdroje ano Materi\u00e1l plast \/ ocel Barva b\u00edl\u00e1 Kolekce TITAN V Po\u010det sv\u011bteln\u00fdch zdroj\u016f 1 V\u00fdrobce [&hellip;]","og_url":"https:\/\/www.koupelnapro.com\/index.php\/produkt\/znackovy-titan-v2-stropni-nastenne-plastove-polovestavne-svitidlo-bila-ip44-3000-k-24w-led-hf-osmont-63508\/","og_image":[{"width":800,"height":800,"url":"https:\/\/www.koupelnapro.com\/wp-content\/uploads\/2026\/SK0049509-CZ20260425-091535-0-1777079744-OS-TIT65021.webp","type":"image\/webp"}],"twitter_card":"summary_large_image","schema":{"@context":"https:\/\/schema.org","@graph":[{"@type":"WebPage","@id":"https:\/\/www.koupelnapro.com\/index.php\/produkt\/znackovy-titan-v2-stropni-nastenne-plastove-polovestavne-svitidlo-bila-ip44-3000-k-24w-led-hf-osmont-63508\/","url":"https:\/\/www.koupelnapro.com\/index.php\/produkt\/znackovy-titan-v2-stropni-nastenne-plastove-polovestavne-svitidlo-bila-ip44-3000-k-24w-led-hf-osmont-63508\/","name":"Zna\u010dkov\u00fd TITAN V2 stropn\u00ed\/n\u00e1st\u011bnn\u00e9 plastov\u00e9 polovestavn\u00e9 sv\u00edtidlo b\u00edl\u00e1 IP44 3000 K 24W LED HF - OSMONT -","isPartOf":{"@id":"https:\/\/www.koupelnapro.com\/#website"},"primaryImageOfPage":{"@id":"https:\/\/www.koupelnapro.com\/index.php\/produkt\/znackovy-titan-v2-stropni-nastenne-plastove-polovestavne-svitidlo-bila-ip44-3000-k-24w-led-hf-osmont-63508\/#primaryimage"},"image":{"@id":"https:\/\/www.koupelnapro.com\/index.php\/produkt\/znackovy-titan-v2-stropni-nastenne-plastove-polovestavne-svitidlo-bila-ip44-3000-k-24w-led-hf-osmont-63508\/#primaryimage"},"thumbnailUrl":"https:\/\/www.koupelnapro.com\/wp-content\/uploads\/2026\/SK0049509-CZ20260425-091535-0-1777079744-OS-TIT65021.webp","datePublished":"2026-04-26T09:17:50+00:00","breadcrumb":{"@id":"https:\/\/www.koupelnapro.com\/index.php\/produkt\/znackovy-titan-v2-stropni-nastenne-plastove-polovestavne-svitidlo-bila-ip44-3000-k-24w-led-hf-osmont-63508\/#breadcrumb"},"inLanguage":"cs","potentialAction":[{"@type":"ReadAction","target":["https:\/\/www.koupelnapro.com\/index.php\/produkt\/znackovy-titan-v2-stropni-nastenne-plastove-polovestavne-svitidlo-bila-ip44-3000-k-24w-led-hf-osmont-63508\/"]}]},{"@type":"ImageObject","inLanguage":"cs","@id":"https:\/\/www.koupelnapro.com\/index.php\/produkt\/znackovy-titan-v2-stropni-nastenne-plastove-polovestavne-svitidlo-bila-ip44-3000-k-24w-led-hf-osmont-63508\/#primaryimage","url":"https:\/\/www.koupelnapro.com\/wp-content\/uploads\/2026\/SK0049509-CZ20260425-091535-0-1777079744-OS-TIT65021.webp","contentUrl":"https:\/\/www.koupelnapro.com\/wp-content\/uploads\/2026\/SK0049509-CZ20260425-091535-0-1777079744-OS-TIT65021.webp","width":800,"height":800},{"@type":"BreadcrumbList","@id":"https:\/\/www.koupelnapro.com\/index.php\/produkt\/znackovy-titan-v2-stropni-nastenne-plastove-polovestavne-svitidlo-bila-ip44-3000-k-24w-led-hf-osmont-63508\/#breadcrumb","itemListElement":[{"@type":"ListItem","position":1,"name":"Home","item":"https:\/\/www.koupelnapro.com\/"},{"@type":"ListItem","position":2,"name":"Products","item":"https:\/\/www.koupelnapro.com\/index.php\/products\/"},{"@type":"ListItem","position":3,"name":"Zna\u010dkov\u00fd TITAN V2 stropn\u00ed\/n\u00e1st\u011bnn\u00e9 plastov\u00e9 polovestavn\u00e9 sv\u00edtidlo b\u00edl\u00e1 IP44 3000 K 24W LED HF &#8211; OSMONT"}]},{"@type":"WebSite","@id":"https:\/\/www.koupelnapro.com\/#website","url":"https:\/\/www.koupelnapro.com\/","name":"","description":"","potentialAction":[{"@type":"SearchAction","target":{"@type":"EntryPoint","urlTemplate":"https:\/\/www.koupelnapro.com\/?s={search_term_string}"},"query-input":{"@type":"PropertyValueSpecification","valueRequired":true,"valueName":"search_term_string"}}],"inLanguage":"cs"}]}},"_links":{"self":[{"href":"https:\/\/www.koupelnapro.com\/index.php\/wp-json\/wp\/v2\/product\/63508","targetHints":{"allow":["GET"]}}],"collection":[{"href":"https:\/\/www.koupelnapro.com\/index.php\/wp-json\/wp\/v2\/product"}],"about":[{"href":"https:\/\/www.koupelnapro.com\/index.php\/wp-json\/wp\/v2\/types\/product"}],"replies":[{"embeddable":true,"href":"https:\/\/www.koupelnapro.com\/index.php\/wp-json\/wp\/v2\/comments?post=63508"}],"wp:featuredmedia":[{"embeddable":true,"href":"https:\/\/www.koupelnapro.com\/index.php\/wp-json\/wp\/v2\/media\/63608"}],"wp:attachment":[{"href":"https:\/\/www.koupelnapro.com\/index.php\/wp-json\/wp\/v2\/media?parent=63508"}],"wp:term":[{"taxonomy":"product_brand","embeddable":true,"href":"https:\/\/www.koupelnapro.com\/index.php\/wp-json\/wp\/v2\/product_brand?post=63508"},{"taxonomy":"product_cat","embeddable":true,"href":"https:\/\/www.koupelnapro.com\/index.php\/wp-json\/wp\/v2\/product_cat?post=63508"},{"taxonomy":"product_tag","embeddable":true,"href":"https:\/\/www.koupelnapro.com\/index.php\/wp-json\/wp\/v2\/product_tag?post=63508"}],"curies":[{"name":"wp","href":"https:\/\/api.w.org\/{rel}","templated":true}]}}