{"id":60538,"date":"2026-04-26T09:17:34","date_gmt":"2026-04-26T09:17:34","guid":{"rendered":""},"modified":"2026-04-26T09:17:34","modified_gmt":"2026-04-26T09:17:34","slug":"akcni-cena-sapho-magneticky-drzak-rucniku-43cm-xj438-60538","status":"publish","type":"product","link":"https:\/\/www.koupelnapro.com\/index.php\/produkt\/akcni-cena-sapho-magneticky-drzak-rucniku-43cm-xj438-60538\/","title":{"rendered":"Ak\u010dn\u00ed Cena Sapho Magnetick\u00fd dr\u017e\u00e1k ru\u010dn\u00edk\u016f 43cm XJ438"},"content":{"rendered":"<div class=\"basic-description\">\n<h3>Detailn\u00ed popis produktu<\/h3>\n<p>Nosnost: 5 kg<\/p>\n<p><\/p>\n<h2 class=\"props-title\">Vlastnosti<\/h2>\n<table>\n<tr>\n<th>Zna\u010dka<\/th>\n<td>SAPHO<\/td>\n<\/tr>\n<tr>\n<th>Rozm\u011br<\/th>\n<td>430x54x63 mm<\/td>\n<\/tr>\n<tr>\n<th>\u0160\u00ed\u0159ka<\/th>\n<td>430&nbsp;mm<\/td>\n<\/tr>\n<tr>\n<th>V\u00fd\u0161ka<\/th>\n<td>54&nbsp;mm<\/td>\n<\/tr>\n<tr>\n<th>Hloubka<\/th>\n<td>63&nbsp;mm<\/td>\n<\/tr>\n<tr>\n<th>Barva<\/th>\n<td>Chrom<\/td>\n<\/tr>\n<tr>\n<th>Materi\u00e1l<\/th>\n<td>Mosaz<\/td>\n<\/tr>\n<tr>\n<th>Hmotnost \/ ks<\/th>\n<td>0.5290&nbsp;kg<\/td>\n<\/tr>\n<tr>\n<th>Balen\u00ed<\/th>\n<td>1&nbsp;ks<\/td>\n<\/tr>\n<tr>\n<th>EAN<\/th>\n<td>8590913126017<\/td>\n<\/tr>\n<tr>\n<th>Taric<\/th>\n<td>73249000<\/td>\n<\/tr>\n<tr>\n<th>Z\u00e1ruka<\/th>\n<td>2 roky<\/td>\n<\/tr>\n<\/table><\/div>\n","protected":false},"excerpt":{"rendered":"<p>Detailn\u00ed popis produktu Nosnost: 5 kg Vlastnosti Zna\u010dka SAPHO Rozm\u011br 430x54x63 mm \u0160\u00ed\u0159ka 430&nbsp;mm V\u00fd\u0161ka 54&nbsp;mm Hloubka 63&nbsp;mm Barva Chrom Materi\u00e1l Mosaz Hmotnost \/ ks 0.5290&nbsp;kg Balen\u00ed 1&nbsp;ks EAN 8590913126017 Taric 73249000 Z\u00e1ruka 2 roky<\/p>\n","protected":false},"featured_media":60638,"comment_status":"open","ping_status":"open","template":"","meta":[],"product_brand":[],"product_cat":[195],"product_tag":[],"class_list":{"0":"post-60538","1":"product","2":"type-product","3":"status-publish","4":"has-post-thumbnail","6":"product_cat-vytapeni","8":"first","9":"instock","10":"sale","11":"shipping-taxable","12":"purchasable","13":"product-type-simple"},"yoast_head":"<!-- This site is optimized with the Yoast SEO plugin v26.8 - https:\/\/yoast.com\/product\/yoast-seo-wordpress\/ -->\n<title>Ak\u010dn\u00ed Cena Sapho Magnetick\u00fd dr\u017e\u00e1k ru\u010dn\u00edk\u016f 43cm XJ438 -<\/title>\n<meta name=\"robots\" content=\"index, follow, max-snippet:-1, max-image-preview:large, max-video-preview:-1\" \/>\n<link rel=\"canonical\" href=\"https:\/\/www.koupelnapro.com\/index.php\/produkt\/akcni-cena-sapho-magneticky-drzak-rucniku-43cm-xj438-60538\/\" \/>\n<meta property=\"og:locale\" content=\"cs_CZ\" \/>\n<meta property=\"og:type\" content=\"article\" \/>\n<meta property=\"og:title\" content=\"Ak\u010dn\u00ed Cena Sapho Magnetick\u00fd dr\u017e\u00e1k ru\u010dn\u00edk\u016f 43cm XJ438 -\" \/>\n<meta property=\"og:description\" content=\"Detailn\u00ed popis produktu Nosnost: 5 kg Vlastnosti Zna\u010dka SAPHO Rozm\u011br 430x54x63 mm \u0160\u00ed\u0159ka 430&nbsp;mm V\u00fd\u0161ka 54&nbsp;mm Hloubka 63&nbsp;mm Barva Chrom Materi\u00e1l Mosaz Hmotnost \/ ks 0.5290&nbsp;kg Balen\u00ed 1&nbsp;ks EAN 8590913126017 Taric 73249000 Z\u00e1ruka 2 roky\" \/>\n<meta property=\"og:url\" content=\"https:\/\/www.koupelnapro.com\/index.php\/produkt\/akcni-cena-sapho-magneticky-drzak-rucniku-43cm-xj438-60538\/\" \/>\n<meta property=\"og:image\" content=\"https:\/\/www.koupelnapro.com\/wp-content\/uploads\/2026\/SK0004048-CZ20260425-093631-0-1777080994-108312-3_xj438-137417478711772.webp\" \/>\n\t<meta property=\"og:image:width\" content=\"1000\" \/>\n\t<meta property=\"og:image:height\" content=\"750\" \/>\n\t<meta property=\"og:image:type\" content=\"image\/webp\" \/>\n<meta name=\"twitter:card\" content=\"summary_large_image\" \/>\n<script type=\"application\/ld+json\" class=\"yoast-schema-graph\">{\"@context\":\"https:\/\/schema.org\",\"@graph\":[{\"@type\":\"WebPage\",\"@id\":\"https:\/\/www.koupelnapro.com\/index.php\/produkt\/akcni-cena-sapho-magneticky-drzak-rucniku-43cm-xj438-60538\/\",\"url\":\"https:\/\/www.koupelnapro.com\/index.php\/produkt\/akcni-cena-sapho-magneticky-drzak-rucniku-43cm-xj438-60538\/\",\"name\":\"Ak\u010dn\u00ed Cena Sapho Magnetick\u00fd dr\u017e\u00e1k ru\u010dn\u00edk\u016f 43cm XJ438 -\",\"isPartOf\":{\"@id\":\"https:\/\/www.koupelnapro.com\/#website\"},\"primaryImageOfPage\":{\"@id\":\"https:\/\/www.koupelnapro.com\/index.php\/produkt\/akcni-cena-sapho-magneticky-drzak-rucniku-43cm-xj438-60538\/#primaryimage\"},\"image\":{\"@id\":\"https:\/\/www.koupelnapro.com\/index.php\/produkt\/akcni-cena-sapho-magneticky-drzak-rucniku-43cm-xj438-60538\/#primaryimage\"},\"thumbnailUrl\":\"https:\/\/www.koupelnapro.com\/wp-content\/uploads\/2026\/SK0004048-CZ20260425-093631-0-1777080994-108312-3_xj438-137417478711772.webp\",\"datePublished\":\"2026-04-26T09:17:34+00:00\",\"breadcrumb\":{\"@id\":\"https:\/\/www.koupelnapro.com\/index.php\/produkt\/akcni-cena-sapho-magneticky-drzak-rucniku-43cm-xj438-60538\/#breadcrumb\"},\"inLanguage\":\"cs\",\"potentialAction\":[{\"@type\":\"ReadAction\",\"target\":[\"https:\/\/www.koupelnapro.com\/index.php\/produkt\/akcni-cena-sapho-magneticky-drzak-rucniku-43cm-xj438-60538\/\"]}]},{\"@type\":\"ImageObject\",\"inLanguage\":\"cs\",\"@id\":\"https:\/\/www.koupelnapro.com\/index.php\/produkt\/akcni-cena-sapho-magneticky-drzak-rucniku-43cm-xj438-60538\/#primaryimage\",\"url\":\"https:\/\/www.koupelnapro.com\/wp-content\/uploads\/2026\/SK0004048-CZ20260425-093631-0-1777080994-108312-3_xj438-137417478711772.webp\",\"contentUrl\":\"https:\/\/www.koupelnapro.com\/wp-content\/uploads\/2026\/SK0004048-CZ20260425-093631-0-1777080994-108312-3_xj438-137417478711772.webp\",\"width\":1000,\"height\":750},{\"@type\":\"BreadcrumbList\",\"@id\":\"https:\/\/www.koupelnapro.com\/index.php\/produkt\/akcni-cena-sapho-magneticky-drzak-rucniku-43cm-xj438-60538\/#breadcrumb\",\"itemListElement\":[{\"@type\":\"ListItem\",\"position\":1,\"name\":\"Home\",\"item\":\"https:\/\/www.koupelnapro.com\/\"},{\"@type\":\"ListItem\",\"position\":2,\"name\":\"Products\",\"item\":\"https:\/\/www.koupelnapro.com\/index.php\/products\/\"},{\"@type\":\"ListItem\",\"position\":3,\"name\":\"Ak\u010dn\u00ed Cena Sapho Magnetick\u00fd dr\u017e\u00e1k ru\u010dn\u00edk\u016f 43cm XJ438\"}]},{\"@type\":\"WebSite\",\"@id\":\"https:\/\/www.koupelnapro.com\/#website\",\"url\":\"https:\/\/www.koupelnapro.com\/\",\"name\":\"\",\"description\":\"\",\"potentialAction\":[{\"@type\":\"SearchAction\",\"target\":{\"@type\":\"EntryPoint\",\"urlTemplate\":\"https:\/\/www.koupelnapro.com\/?s={search_term_string}\"},\"query-input\":{\"@type\":\"PropertyValueSpecification\",\"valueRequired\":true,\"valueName\":\"search_term_string\"}}],\"inLanguage\":\"cs\"}]}<\/script>\n<!-- \/ Yoast SEO plugin. -->","yoast_head_json":{"title":"Ak\u010dn\u00ed Cena Sapho Magnetick\u00fd dr\u017e\u00e1k ru\u010dn\u00edk\u016f 43cm XJ438 -","robots":{"index":"index","follow":"follow","max-snippet":"max-snippet:-1","max-image-preview":"max-image-preview:large","max-video-preview":"max-video-preview:-1"},"canonical":"https:\/\/www.koupelnapro.com\/index.php\/produkt\/akcni-cena-sapho-magneticky-drzak-rucniku-43cm-xj438-60538\/","og_locale":"cs_CZ","og_type":"article","og_title":"Ak\u010dn\u00ed Cena Sapho Magnetick\u00fd dr\u017e\u00e1k ru\u010dn\u00edk\u016f 43cm XJ438 -","og_description":"Detailn\u00ed popis produktu Nosnost: 5 kg Vlastnosti Zna\u010dka SAPHO Rozm\u011br 430x54x63 mm \u0160\u00ed\u0159ka 430&nbsp;mm V\u00fd\u0161ka 54&nbsp;mm Hloubka 63&nbsp;mm Barva Chrom Materi\u00e1l Mosaz Hmotnost \/ ks 0.5290&nbsp;kg Balen\u00ed 1&nbsp;ks EAN 8590913126017 Taric 73249000 Z\u00e1ruka 2 roky","og_url":"https:\/\/www.koupelnapro.com\/index.php\/produkt\/akcni-cena-sapho-magneticky-drzak-rucniku-43cm-xj438-60538\/","og_image":[{"width":1000,"height":750,"url":"https:\/\/www.koupelnapro.com\/wp-content\/uploads\/2026\/SK0004048-CZ20260425-093631-0-1777080994-108312-3_xj438-137417478711772.webp","type":"image\/webp"}],"twitter_card":"summary_large_image","schema":{"@context":"https:\/\/schema.org","@graph":[{"@type":"WebPage","@id":"https:\/\/www.koupelnapro.com\/index.php\/produkt\/akcni-cena-sapho-magneticky-drzak-rucniku-43cm-xj438-60538\/","url":"https:\/\/www.koupelnapro.com\/index.php\/produkt\/akcni-cena-sapho-magneticky-drzak-rucniku-43cm-xj438-60538\/","name":"Ak\u010dn\u00ed Cena Sapho Magnetick\u00fd dr\u017e\u00e1k ru\u010dn\u00edk\u016f 43cm XJ438 -","isPartOf":{"@id":"https:\/\/www.koupelnapro.com\/#website"},"primaryImageOfPage":{"@id":"https:\/\/www.koupelnapro.com\/index.php\/produkt\/akcni-cena-sapho-magneticky-drzak-rucniku-43cm-xj438-60538\/#primaryimage"},"image":{"@id":"https:\/\/www.koupelnapro.com\/index.php\/produkt\/akcni-cena-sapho-magneticky-drzak-rucniku-43cm-xj438-60538\/#primaryimage"},"thumbnailUrl":"https:\/\/www.koupelnapro.com\/wp-content\/uploads\/2026\/SK0004048-CZ20260425-093631-0-1777080994-108312-3_xj438-137417478711772.webp","datePublished":"2026-04-26T09:17:34+00:00","breadcrumb":{"@id":"https:\/\/www.koupelnapro.com\/index.php\/produkt\/akcni-cena-sapho-magneticky-drzak-rucniku-43cm-xj438-60538\/#breadcrumb"},"inLanguage":"cs","potentialAction":[{"@type":"ReadAction","target":["https:\/\/www.koupelnapro.com\/index.php\/produkt\/akcni-cena-sapho-magneticky-drzak-rucniku-43cm-xj438-60538\/"]}]},{"@type":"ImageObject","inLanguage":"cs","@id":"https:\/\/www.koupelnapro.com\/index.php\/produkt\/akcni-cena-sapho-magneticky-drzak-rucniku-43cm-xj438-60538\/#primaryimage","url":"https:\/\/www.koupelnapro.com\/wp-content\/uploads\/2026\/SK0004048-CZ20260425-093631-0-1777080994-108312-3_xj438-137417478711772.webp","contentUrl":"https:\/\/www.koupelnapro.com\/wp-content\/uploads\/2026\/SK0004048-CZ20260425-093631-0-1777080994-108312-3_xj438-137417478711772.webp","width":1000,"height":750},{"@type":"BreadcrumbList","@id":"https:\/\/www.koupelnapro.com\/index.php\/produkt\/akcni-cena-sapho-magneticky-drzak-rucniku-43cm-xj438-60538\/#breadcrumb","itemListElement":[{"@type":"ListItem","position":1,"name":"Home","item":"https:\/\/www.koupelnapro.com\/"},{"@type":"ListItem","position":2,"name":"Products","item":"https:\/\/www.koupelnapro.com\/index.php\/products\/"},{"@type":"ListItem","position":3,"name":"Ak\u010dn\u00ed Cena Sapho Magnetick\u00fd dr\u017e\u00e1k ru\u010dn\u00edk\u016f 43cm XJ438"}]},{"@type":"WebSite","@id":"https:\/\/www.koupelnapro.com\/#website","url":"https:\/\/www.koupelnapro.com\/","name":"","description":"","potentialAction":[{"@type":"SearchAction","target":{"@type":"EntryPoint","urlTemplate":"https:\/\/www.koupelnapro.com\/?s={search_term_string}"},"query-input":{"@type":"PropertyValueSpecification","valueRequired":true,"valueName":"search_term_string"}}],"inLanguage":"cs"}]}},"_links":{"self":[{"href":"https:\/\/www.koupelnapro.com\/index.php\/wp-json\/wp\/v2\/product\/60538","targetHints":{"allow":["GET"]}}],"collection":[{"href":"https:\/\/www.koupelnapro.com\/index.php\/wp-json\/wp\/v2\/product"}],"about":[{"href":"https:\/\/www.koupelnapro.com\/index.php\/wp-json\/wp\/v2\/types\/product"}],"replies":[{"embeddable":true,"href":"https:\/\/www.koupelnapro.com\/index.php\/wp-json\/wp\/v2\/comments?post=60538"}],"wp:featuredmedia":[{"embeddable":true,"href":"https:\/\/www.koupelnapro.com\/index.php\/wp-json\/wp\/v2\/media\/60638"}],"wp:attachment":[{"href":"https:\/\/www.koupelnapro.com\/index.php\/wp-json\/wp\/v2\/media?parent=60538"}],"wp:term":[{"taxonomy":"product_brand","embeddable":true,"href":"https:\/\/www.koupelnapro.com\/index.php\/wp-json\/wp\/v2\/product_brand?post=60538"},{"taxonomy":"product_cat","embeddable":true,"href":"https:\/\/www.koupelnapro.com\/index.php\/wp-json\/wp\/v2\/product_cat?post=60538"},{"taxonomy":"product_tag","embeddable":true,"href":"https:\/\/www.koupelnapro.com\/index.php\/wp-json\/wp\/v2\/product_tag?post=60538"}],"curies":[{"name":"wp","href":"https:\/\/api.w.org\/{rel}","templated":true}]}}