{"id":60507,"date":"2026-04-26T09:17:34","date_gmt":"2026-04-26T09:17:34","guid":{"rendered":""},"modified":"2026-04-26T09:17:34","modified_gmt":"2026-04-26T09:17:34","slug":"znackovy-sapho-mariana-keramicke-umyvadlo-na-desku-58x41-5cm-bila-ar483-60507","status":"publish","type":"product","link":"https:\/\/www.koupelnapro.com\/index.php\/produkt\/znackovy-sapho-mariana-keramicke-umyvadlo-na-desku-58x41-5cm-bila-ar483-60507\/","title":{"rendered":"Zna\u010dkov\u00fd Sapho MARIANA keramick\u00e9 umyvadlo na desku, 58&#215;41,5cm, b\u00edl\u00e1 AR483"},"content":{"rendered":"<div class=\"basic-description\">\n<h3>Detailn\u00ed popis produktu<\/h3>\n<p><\/p>\n<h2 class=\"props-title\">Vlastnosti<\/h2>\n<table>\n<tr>\n<th>Zna\u010dka<\/th>\n<td>SAPHO<\/td>\n<\/tr>\n<tr>\n<th>3D model<\/th>\n<td>ANO<\/td>\n<\/tr>\n<tr>\n<th>Rozm\u011br<\/th>\n<td>58&#215;14,5&#215;41,5 cm<\/td>\n<\/tr>\n<tr>\n<th>\u0160\u00ed\u0159ka<\/th>\n<td>580&nbsp;mm<\/td>\n<\/tr>\n<tr>\n<th>Hloubka<\/th>\n<td>415&nbsp;mm<\/td>\n<\/tr>\n<tr>\n<th>Barva<\/th>\n<td>B\u00edl\u00e1<\/td>\n<\/tr>\n<tr>\n<th>Materi\u00e1l<\/th>\n<td>Keramika<\/td>\n<\/tr>\n<tr>\n<th>Instalace<\/th>\n<td>K postaven\u00ed<\/td>\n<\/tr>\n<tr>\n<th>Typ umyvadla<\/th>\n<td>Umyvadlo na desku<\/td>\n<\/tr>\n<tr>\n<th>Otvor pro baterii<\/th>\n<td>1 otvor<\/td>\n<\/tr>\n<tr>\n<th>P\u0159epad<\/th>\n<td>NE<\/td>\n<\/tr>\n<tr>\n<th>Tvar<\/th>\n<td>Ov\u00e1l\/Elipsa<\/td>\n<\/tr>\n<tr>\n<th>Hmotnost \/ ks<\/th>\n<td>12.9690&nbsp;kg<\/td>\n<\/tr>\n<tr>\n<th>Balen\u00ed<\/th>\n<td>1&nbsp;ks<\/td>\n<\/tr>\n<tr>\n<th>EAN<\/th>\n<td>8590913864742<\/td>\n<\/tr>\n<tr>\n<th>Taric<\/th>\n<td>69109000<\/td>\n<\/tr>\n<tr>\n<th>Z\u00e1ruka<\/th>\n<td>2 roky<\/td>\n<\/tr>\n<\/table><\/div>\n","protected":false},"excerpt":{"rendered":"<p>Detailn\u00ed popis produktu Vlastnosti Zna\u010dka SAPHO 3D model ANO Rozm\u011br 58&#215;14,5&#215;41,5 cm \u0160\u00ed\u0159ka 580&nbsp;mm Hloubka 415&nbsp;mm Barva B\u00edl\u00e1 Materi\u00e1l Keramika Instalace K postaven\u00ed Typ umyvadla Umyvadlo na desku Otvor pro baterii 1 otvor P\u0159epad NE Tvar Ov\u00e1l\/Elipsa Hmotnost \/ ks 12.9690&nbsp;kg Balen\u00ed 1&nbsp;ks EAN 8590913864742 Taric 69109000 Z\u00e1ruka 2 roky<\/p>\n","protected":false},"featured_media":60607,"comment_status":"open","ping_status":"open","template":"","meta":[],"product_brand":[],"product_cat":[193],"product_tag":[],"class_list":{"0":"post-60507","1":"product","2":"type-product","3":"status-publish","4":"has-post-thumbnail","6":"product_cat-koupelnove-vybaveni","8":"first","9":"instock","10":"sale","11":"shipping-taxable","12":"purchasable","13":"product-type-simple"},"yoast_head":"<!-- This site is optimized with the Yoast SEO plugin v26.8 - https:\/\/yoast.com\/product\/yoast-seo-wordpress\/ -->\n<title>Zna\u010dkov\u00fd Sapho MARIANA keramick\u00e9 umyvadlo na desku, 58x41,5cm, b\u00edl\u00e1 AR483 -<\/title>\n<meta name=\"robots\" content=\"index, follow, max-snippet:-1, max-image-preview:large, max-video-preview:-1\" \/>\n<link rel=\"canonical\" href=\"https:\/\/www.koupelnapro.com\/index.php\/produkt\/znackovy-sapho-mariana-keramicke-umyvadlo-na-desku-58x41-5cm-bila-ar483-60507\/\" \/>\n<meta property=\"og:locale\" content=\"cs_CZ\" \/>\n<meta property=\"og:type\" content=\"article\" \/>\n<meta property=\"og:title\" content=\"Zna\u010dkov\u00fd Sapho MARIANA keramick\u00e9 umyvadlo na desku, 58x41,5cm, b\u00edl\u00e1 AR483 -\" \/>\n<meta property=\"og:description\" content=\"Detailn\u00ed popis produktu Vlastnosti Zna\u010dka SAPHO 3D model ANO Rozm\u011br 58&#215;14,5&#215;41,5 cm \u0160\u00ed\u0159ka 580&nbsp;mm Hloubka 415&nbsp;mm Barva B\u00edl\u00e1 Materi\u00e1l Keramika Instalace K postaven\u00ed Typ umyvadla Umyvadlo na desku Otvor pro baterii 1 otvor P\u0159epad NE Tvar Ov\u00e1l\/Elipsa Hmotnost \/ ks 12.9690&nbsp;kg Balen\u00ed 1&nbsp;ks EAN 8590913864742 Taric 69109000 Z\u00e1ruka 2 roky\" \/>\n<meta property=\"og:url\" content=\"https:\/\/www.koupelnapro.com\/index.php\/produkt\/znackovy-sapho-mariana-keramicke-umyvadlo-na-desku-58x41-5cm-bila-ar483-60507\/\" \/>\n<meta property=\"og:image\" content=\"https:\/\/www.koupelnapro.com\/wp-content\/uploads\/2026\/SK0004017-CZ20260425-093631-0-1777080994-108135_ar483-137417478715163.webp\" \/>\n\t<meta property=\"og:image:width\" content=\"1000\" \/>\n\t<meta property=\"og:image:height\" content=\"750\" \/>\n\t<meta property=\"og:image:type\" content=\"image\/webp\" \/>\n<meta name=\"twitter:card\" content=\"summary_large_image\" \/>\n<script type=\"application\/ld+json\" class=\"yoast-schema-graph\">{\"@context\":\"https:\/\/schema.org\",\"@graph\":[{\"@type\":\"WebPage\",\"@id\":\"https:\/\/www.koupelnapro.com\/index.php\/produkt\/znackovy-sapho-mariana-keramicke-umyvadlo-na-desku-58x41-5cm-bila-ar483-60507\/\",\"url\":\"https:\/\/www.koupelnapro.com\/index.php\/produkt\/znackovy-sapho-mariana-keramicke-umyvadlo-na-desku-58x41-5cm-bila-ar483-60507\/\",\"name\":\"Zna\u010dkov\u00fd Sapho MARIANA keramick\u00e9 umyvadlo na desku, 58x41,5cm, b\u00edl\u00e1 AR483 -\",\"isPartOf\":{\"@id\":\"https:\/\/www.koupelnapro.com\/#website\"},\"primaryImageOfPage\":{\"@id\":\"https:\/\/www.koupelnapro.com\/index.php\/produkt\/znackovy-sapho-mariana-keramicke-umyvadlo-na-desku-58x41-5cm-bila-ar483-60507\/#primaryimage\"},\"image\":{\"@id\":\"https:\/\/www.koupelnapro.com\/index.php\/produkt\/znackovy-sapho-mariana-keramicke-umyvadlo-na-desku-58x41-5cm-bila-ar483-60507\/#primaryimage\"},\"thumbnailUrl\":\"https:\/\/www.koupelnapro.com\/wp-content\/uploads\/2026\/SK0004017-CZ20260425-093631-0-1777080994-108135_ar483-137417478715163.webp\",\"datePublished\":\"2026-04-26T09:17:34+00:00\",\"breadcrumb\":{\"@id\":\"https:\/\/www.koupelnapro.com\/index.php\/produkt\/znackovy-sapho-mariana-keramicke-umyvadlo-na-desku-58x41-5cm-bila-ar483-60507\/#breadcrumb\"},\"inLanguage\":\"cs\",\"potentialAction\":[{\"@type\":\"ReadAction\",\"target\":[\"https:\/\/www.koupelnapro.com\/index.php\/produkt\/znackovy-sapho-mariana-keramicke-umyvadlo-na-desku-58x41-5cm-bila-ar483-60507\/\"]}]},{\"@type\":\"ImageObject\",\"inLanguage\":\"cs\",\"@id\":\"https:\/\/www.koupelnapro.com\/index.php\/produkt\/znackovy-sapho-mariana-keramicke-umyvadlo-na-desku-58x41-5cm-bila-ar483-60507\/#primaryimage\",\"url\":\"https:\/\/www.koupelnapro.com\/wp-content\/uploads\/2026\/SK0004017-CZ20260425-093631-0-1777080994-108135_ar483-137417478715163.webp\",\"contentUrl\":\"https:\/\/www.koupelnapro.com\/wp-content\/uploads\/2026\/SK0004017-CZ20260425-093631-0-1777080994-108135_ar483-137417478715163.webp\",\"width\":1000,\"height\":750},{\"@type\":\"BreadcrumbList\",\"@id\":\"https:\/\/www.koupelnapro.com\/index.php\/produkt\/znackovy-sapho-mariana-keramicke-umyvadlo-na-desku-58x41-5cm-bila-ar483-60507\/#breadcrumb\",\"itemListElement\":[{\"@type\":\"ListItem\",\"position\":1,\"name\":\"Home\",\"item\":\"https:\/\/www.koupelnapro.com\/\"},{\"@type\":\"ListItem\",\"position\":2,\"name\":\"Products\",\"item\":\"https:\/\/www.koupelnapro.com\/index.php\/products\/\"},{\"@type\":\"ListItem\",\"position\":3,\"name\":\"Zna\u010dkov\u00fd Sapho MARIANA keramick\u00e9 umyvadlo na desku, 58&#215;41,5cm, b\u00edl\u00e1 AR483\"}]},{\"@type\":\"WebSite\",\"@id\":\"https:\/\/www.koupelnapro.com\/#website\",\"url\":\"https:\/\/www.koupelnapro.com\/\",\"name\":\"\",\"description\":\"\",\"potentialAction\":[{\"@type\":\"SearchAction\",\"target\":{\"@type\":\"EntryPoint\",\"urlTemplate\":\"https:\/\/www.koupelnapro.com\/?s={search_term_string}\"},\"query-input\":{\"@type\":\"PropertyValueSpecification\",\"valueRequired\":true,\"valueName\":\"search_term_string\"}}],\"inLanguage\":\"cs\"}]}<\/script>\n<!-- \/ Yoast SEO plugin. -->","yoast_head_json":{"title":"Zna\u010dkov\u00fd Sapho MARIANA keramick\u00e9 umyvadlo na desku, 58x41,5cm, b\u00edl\u00e1 AR483 -","robots":{"index":"index","follow":"follow","max-snippet":"max-snippet:-1","max-image-preview":"max-image-preview:large","max-video-preview":"max-video-preview:-1"},"canonical":"https:\/\/www.koupelnapro.com\/index.php\/produkt\/znackovy-sapho-mariana-keramicke-umyvadlo-na-desku-58x41-5cm-bila-ar483-60507\/","og_locale":"cs_CZ","og_type":"article","og_title":"Zna\u010dkov\u00fd Sapho MARIANA keramick\u00e9 umyvadlo na desku, 58x41,5cm, b\u00edl\u00e1 AR483 -","og_description":"Detailn\u00ed popis produktu Vlastnosti Zna\u010dka SAPHO 3D model ANO Rozm\u011br 58&#215;14,5&#215;41,5 cm \u0160\u00ed\u0159ka 580&nbsp;mm Hloubka 415&nbsp;mm Barva B\u00edl\u00e1 Materi\u00e1l Keramika Instalace K postaven\u00ed Typ umyvadla Umyvadlo na desku Otvor pro baterii 1 otvor P\u0159epad NE Tvar Ov\u00e1l\/Elipsa Hmotnost \/ ks 12.9690&nbsp;kg Balen\u00ed 1&nbsp;ks EAN 8590913864742 Taric 69109000 Z\u00e1ruka 2 roky","og_url":"https:\/\/www.koupelnapro.com\/index.php\/produkt\/znackovy-sapho-mariana-keramicke-umyvadlo-na-desku-58x41-5cm-bila-ar483-60507\/","og_image":[{"width":1000,"height":750,"url":"https:\/\/www.koupelnapro.com\/wp-content\/uploads\/2026\/SK0004017-CZ20260425-093631-0-1777080994-108135_ar483-137417478715163.webp","type":"image\/webp"}],"twitter_card":"summary_large_image","schema":{"@context":"https:\/\/schema.org","@graph":[{"@type":"WebPage","@id":"https:\/\/www.koupelnapro.com\/index.php\/produkt\/znackovy-sapho-mariana-keramicke-umyvadlo-na-desku-58x41-5cm-bila-ar483-60507\/","url":"https:\/\/www.koupelnapro.com\/index.php\/produkt\/znackovy-sapho-mariana-keramicke-umyvadlo-na-desku-58x41-5cm-bila-ar483-60507\/","name":"Zna\u010dkov\u00fd Sapho MARIANA keramick\u00e9 umyvadlo na desku, 58x41,5cm, b\u00edl\u00e1 AR483 -","isPartOf":{"@id":"https:\/\/www.koupelnapro.com\/#website"},"primaryImageOfPage":{"@id":"https:\/\/www.koupelnapro.com\/index.php\/produkt\/znackovy-sapho-mariana-keramicke-umyvadlo-na-desku-58x41-5cm-bila-ar483-60507\/#primaryimage"},"image":{"@id":"https:\/\/www.koupelnapro.com\/index.php\/produkt\/znackovy-sapho-mariana-keramicke-umyvadlo-na-desku-58x41-5cm-bila-ar483-60507\/#primaryimage"},"thumbnailUrl":"https:\/\/www.koupelnapro.com\/wp-content\/uploads\/2026\/SK0004017-CZ20260425-093631-0-1777080994-108135_ar483-137417478715163.webp","datePublished":"2026-04-26T09:17:34+00:00","breadcrumb":{"@id":"https:\/\/www.koupelnapro.com\/index.php\/produkt\/znackovy-sapho-mariana-keramicke-umyvadlo-na-desku-58x41-5cm-bila-ar483-60507\/#breadcrumb"},"inLanguage":"cs","potentialAction":[{"@type":"ReadAction","target":["https:\/\/www.koupelnapro.com\/index.php\/produkt\/znackovy-sapho-mariana-keramicke-umyvadlo-na-desku-58x41-5cm-bila-ar483-60507\/"]}]},{"@type":"ImageObject","inLanguage":"cs","@id":"https:\/\/www.koupelnapro.com\/index.php\/produkt\/znackovy-sapho-mariana-keramicke-umyvadlo-na-desku-58x41-5cm-bila-ar483-60507\/#primaryimage","url":"https:\/\/www.koupelnapro.com\/wp-content\/uploads\/2026\/SK0004017-CZ20260425-093631-0-1777080994-108135_ar483-137417478715163.webp","contentUrl":"https:\/\/www.koupelnapro.com\/wp-content\/uploads\/2026\/SK0004017-CZ20260425-093631-0-1777080994-108135_ar483-137417478715163.webp","width":1000,"height":750},{"@type":"BreadcrumbList","@id":"https:\/\/www.koupelnapro.com\/index.php\/produkt\/znackovy-sapho-mariana-keramicke-umyvadlo-na-desku-58x41-5cm-bila-ar483-60507\/#breadcrumb","itemListElement":[{"@type":"ListItem","position":1,"name":"Home","item":"https:\/\/www.koupelnapro.com\/"},{"@type":"ListItem","position":2,"name":"Products","item":"https:\/\/www.koupelnapro.com\/index.php\/products\/"},{"@type":"ListItem","position":3,"name":"Zna\u010dkov\u00fd Sapho MARIANA keramick\u00e9 umyvadlo na desku, 58&#215;41,5cm, b\u00edl\u00e1 AR483"}]},{"@type":"WebSite","@id":"https:\/\/www.koupelnapro.com\/#website","url":"https:\/\/www.koupelnapro.com\/","name":"","description":"","potentialAction":[{"@type":"SearchAction","target":{"@type":"EntryPoint","urlTemplate":"https:\/\/www.koupelnapro.com\/?s={search_term_string}"},"query-input":{"@type":"PropertyValueSpecification","valueRequired":true,"valueName":"search_term_string"}}],"inLanguage":"cs"}]}},"_links":{"self":[{"href":"https:\/\/www.koupelnapro.com\/index.php\/wp-json\/wp\/v2\/product\/60507","targetHints":{"allow":["GET"]}}],"collection":[{"href":"https:\/\/www.koupelnapro.com\/index.php\/wp-json\/wp\/v2\/product"}],"about":[{"href":"https:\/\/www.koupelnapro.com\/index.php\/wp-json\/wp\/v2\/types\/product"}],"replies":[{"embeddable":true,"href":"https:\/\/www.koupelnapro.com\/index.php\/wp-json\/wp\/v2\/comments?post=60507"}],"wp:featuredmedia":[{"embeddable":true,"href":"https:\/\/www.koupelnapro.com\/index.php\/wp-json\/wp\/v2\/media\/60607"}],"wp:attachment":[{"href":"https:\/\/www.koupelnapro.com\/index.php\/wp-json\/wp\/v2\/media?parent=60507"}],"wp:term":[{"taxonomy":"product_brand","embeddable":true,"href":"https:\/\/www.koupelnapro.com\/index.php\/wp-json\/wp\/v2\/product_brand?post=60507"},{"taxonomy":"product_cat","embeddable":true,"href":"https:\/\/www.koupelnapro.com\/index.php\/wp-json\/wp\/v2\/product_cat?post=60507"},{"taxonomy":"product_tag","embeddable":true,"href":"https:\/\/www.koupelnapro.com\/index.php\/wp-json\/wp\/v2\/product_tag?post=60507"}],"curies":[{"name":"wp","href":"https:\/\/api.w.org\/{rel}","templated":true}]}}