{"id":60500,"date":"2026-04-26T09:17:34","date_gmt":"2026-04-26T09:17:34","guid":{"rendered":""},"modified":"2026-04-26T09:17:34","modified_gmt":"2026-04-26T09:17:34","slug":"znackovy-sapho-dreamart-nastenna-vytokova-hubice-chrom-da049-60500","status":"publish","type":"product","link":"https:\/\/www.koupelnapro.com\/index.php\/produkt\/znackovy-sapho-dreamart-nastenna-vytokova-hubice-chrom-da049-60500\/","title":{"rendered":"Zna\u010dkov\u00fd Sapho DREAMART n\u00e1st\u011bnn\u00e1 v\u00fdtokov\u00e1 hubice, chrom DA049"},"content":{"rendered":"<div class=\"basic-description\">\n<h3>Detailn\u00ed popis produktu<\/h3>\n<p><\/p>\n<p style=\"text-align: justify;\">Jednotliv\u00e9 polo\u017eky s\u00e9rie zcela koresponduj\u00ed s jej\u00edm pojmenov\u00e1n\u00edm DREAMART. Roztan\u010den\u00e9 t\u011blo umyvadlov\u00e9 baterie a ladn\u00e9 k\u0159ivky ostatn\u00edch bateri\u00ed a dal\u0161\u00edch komponent s\u00e9rie p\u016fsob\u00ed lehce. P\u0159ednost\u00ed s\u00e9rie je variabilita jej\u00edho pou\u017eit\u00ed: svou kr\u00e1sou osln\u00ed v koupeln\u011b za\u0159\u00edzen\u00e9 v retro stylu a stejn\u011b podmaniv\u00e1 bude i v koupeln\u011b modern\u00ed.<\/p>\n<h2 class=\"props-title\">Vlastnosti<\/h2>\n<table>\n<tr>\n<th>Zna\u010dka<\/th>\n<td>SAPHO<\/td>\n<\/tr>\n<tr>\n<th>S\u00e9rie<\/th>\n<td>DREAMART<\/td>\n<\/tr>\n<tr>\n<th>Hloubka<\/th>\n<td>173&nbsp;mm<\/td>\n<\/tr>\n<tr>\n<th>Barva<\/th>\n<td>Chrom<\/td>\n<\/tr>\n<tr>\n<th>Materi\u00e1l<\/th>\n<td>Mosaz<\/td>\n<\/tr>\n<tr>\n<th>Tvar<\/th>\n<td>Design<\/td>\n<\/tr>\n<tr>\n<th>Instalace<\/th>\n<td>N\u00e1st\u011bnn\u00e1<\/td>\n<\/tr>\n<tr>\n<th>Pr\u016ftok (3 bar)<\/th>\n<td>7.600&nbsp;l\/min<\/td>\n<\/tr>\n<tr>\n<th>Hmotnost \/ ks<\/th>\n<td>0.8180&nbsp;kg<\/td>\n<\/tr>\n<tr>\n<th>Balen\u00ed<\/th>\n<td>1&nbsp;ks<\/td>\n<\/tr>\n<tr>\n<th>EAN<\/th>\n<td>8590913863080<\/td>\n<\/tr>\n<tr>\n<th>Taric<\/th>\n<td>74182000<\/td>\n<\/tr>\n<tr>\n<th>Z\u00e1ruka<\/th>\n<td>6 let<\/td>\n<\/tr>\n<\/table><\/div>\n","protected":false},"excerpt":{"rendered":"<p>Detailn\u00ed popis produktu Jednotliv\u00e9 polo\u017eky s\u00e9rie zcela koresponduj\u00ed s jej\u00edm pojmenov\u00e1n\u00edm DREAMART. Roztan\u010den\u00e9 t\u011blo umyvadlov\u00e9 baterie a ladn\u00e9 k\u0159ivky ostatn\u00edch bateri\u00ed a dal\u0161\u00edch komponent s\u00e9rie p\u016fsob\u00ed lehce. P\u0159ednost\u00ed s\u00e9rie je variabilita jej\u00edho pou\u017eit\u00ed: svou kr\u00e1sou osln\u00ed v koupeln\u011b za\u0159\u00edzen\u00e9 v retro stylu a stejn\u011b podmaniv\u00e1 bude i v koupeln\u011b modern\u00ed. Vlastnosti Zna\u010dka SAPHO S\u00e9rie DREAMART [&hellip;]<\/p>\n","protected":false},"featured_media":60600,"comment_status":"open","ping_status":"open","template":"","meta":[],"product_brand":[],"product_cat":[124],"product_tag":[],"class_list":{"0":"post-60500","1":"product","2":"type-product","3":"status-publish","4":"has-post-thumbnail","6":"product_cat-vodovodni-baterie","8":"first","9":"instock","10":"sale","11":"shipping-taxable","12":"purchasable","13":"product-type-simple"},"yoast_head":"<!-- This site is optimized with the Yoast SEO plugin v26.8 - https:\/\/yoast.com\/product\/yoast-seo-wordpress\/ -->\n<title>Zna\u010dkov\u00fd Sapho DREAMART n\u00e1st\u011bnn\u00e1 v\u00fdtokov\u00e1 hubice, chrom DA049 -<\/title>\n<meta name=\"robots\" content=\"index, follow, max-snippet:-1, max-image-preview:large, max-video-preview:-1\" \/>\n<link rel=\"canonical\" href=\"https:\/\/www.koupelnapro.com\/index.php\/produkt\/znackovy-sapho-dreamart-nastenna-vytokova-hubice-chrom-da049-60500\/\" \/>\n<meta property=\"og:locale\" content=\"cs_CZ\" \/>\n<meta property=\"og:type\" content=\"article\" \/>\n<meta property=\"og:title\" content=\"Zna\u010dkov\u00fd Sapho DREAMART n\u00e1st\u011bnn\u00e1 v\u00fdtokov\u00e1 hubice, chrom DA049 -\" \/>\n<meta property=\"og:description\" content=\"Detailn\u00ed popis produktu Jednotliv\u00e9 polo\u017eky s\u00e9rie zcela koresponduj\u00ed s jej\u00edm pojmenov\u00e1n\u00edm DREAMART. Roztan\u010den\u00e9 t\u011blo umyvadlov\u00e9 baterie a ladn\u00e9 k\u0159ivky ostatn\u00edch bateri\u00ed a dal\u0161\u00edch komponent s\u00e9rie p\u016fsob\u00ed lehce. P\u0159ednost\u00ed s\u00e9rie je variabilita jej\u00edho pou\u017eit\u00ed: svou kr\u00e1sou osln\u00ed v koupeln\u011b za\u0159\u00edzen\u00e9 v retro stylu a stejn\u011b podmaniv\u00e1 bude i v koupeln\u011b modern\u00ed. Vlastnosti Zna\u010dka SAPHO S\u00e9rie DREAMART [&hellip;]\" \/>\n<meta property=\"og:url\" content=\"https:\/\/www.koupelnapro.com\/index.php\/produkt\/znackovy-sapho-dreamart-nastenna-vytokova-hubice-chrom-da049-60500\/\" \/>\n<meta property=\"og:image\" content=\"https:\/\/www.koupelnapro.com\/wp-content\/uploads\/2026\/SK0004010-CZ20260425-093631-0-1777080994-108093-3_da049-137417478708481.webp\" \/>\n\t<meta property=\"og:image:width\" content=\"1000\" \/>\n\t<meta property=\"og:image:height\" content=\"750\" \/>\n\t<meta property=\"og:image:type\" content=\"image\/webp\" \/>\n<meta name=\"twitter:card\" content=\"summary_large_image\" \/>\n<script type=\"application\/ld+json\" class=\"yoast-schema-graph\">{\"@context\":\"https:\/\/schema.org\",\"@graph\":[{\"@type\":\"WebPage\",\"@id\":\"https:\/\/www.koupelnapro.com\/index.php\/produkt\/znackovy-sapho-dreamart-nastenna-vytokova-hubice-chrom-da049-60500\/\",\"url\":\"https:\/\/www.koupelnapro.com\/index.php\/produkt\/znackovy-sapho-dreamart-nastenna-vytokova-hubice-chrom-da049-60500\/\",\"name\":\"Zna\u010dkov\u00fd Sapho DREAMART n\u00e1st\u011bnn\u00e1 v\u00fdtokov\u00e1 hubice, chrom DA049 -\",\"isPartOf\":{\"@id\":\"https:\/\/www.koupelnapro.com\/#website\"},\"primaryImageOfPage\":{\"@id\":\"https:\/\/www.koupelnapro.com\/index.php\/produkt\/znackovy-sapho-dreamart-nastenna-vytokova-hubice-chrom-da049-60500\/#primaryimage\"},\"image\":{\"@id\":\"https:\/\/www.koupelnapro.com\/index.php\/produkt\/znackovy-sapho-dreamart-nastenna-vytokova-hubice-chrom-da049-60500\/#primaryimage\"},\"thumbnailUrl\":\"https:\/\/www.koupelnapro.com\/wp-content\/uploads\/2026\/SK0004010-CZ20260425-093631-0-1777080994-108093-3_da049-137417478708481.webp\",\"datePublished\":\"2026-04-26T09:17:34+00:00\",\"breadcrumb\":{\"@id\":\"https:\/\/www.koupelnapro.com\/index.php\/produkt\/znackovy-sapho-dreamart-nastenna-vytokova-hubice-chrom-da049-60500\/#breadcrumb\"},\"inLanguage\":\"cs\",\"potentialAction\":[{\"@type\":\"ReadAction\",\"target\":[\"https:\/\/www.koupelnapro.com\/index.php\/produkt\/znackovy-sapho-dreamart-nastenna-vytokova-hubice-chrom-da049-60500\/\"]}]},{\"@type\":\"ImageObject\",\"inLanguage\":\"cs\",\"@id\":\"https:\/\/www.koupelnapro.com\/index.php\/produkt\/znackovy-sapho-dreamart-nastenna-vytokova-hubice-chrom-da049-60500\/#primaryimage\",\"url\":\"https:\/\/www.koupelnapro.com\/wp-content\/uploads\/2026\/SK0004010-CZ20260425-093631-0-1777080994-108093-3_da049-137417478708481.webp\",\"contentUrl\":\"https:\/\/www.koupelnapro.com\/wp-content\/uploads\/2026\/SK0004010-CZ20260425-093631-0-1777080994-108093-3_da049-137417478708481.webp\",\"width\":1000,\"height\":750},{\"@type\":\"BreadcrumbList\",\"@id\":\"https:\/\/www.koupelnapro.com\/index.php\/produkt\/znackovy-sapho-dreamart-nastenna-vytokova-hubice-chrom-da049-60500\/#breadcrumb\",\"itemListElement\":[{\"@type\":\"ListItem\",\"position\":1,\"name\":\"Home\",\"item\":\"https:\/\/www.koupelnapro.com\/\"},{\"@type\":\"ListItem\",\"position\":2,\"name\":\"Products\",\"item\":\"https:\/\/www.koupelnapro.com\/index.php\/products\/\"},{\"@type\":\"ListItem\",\"position\":3,\"name\":\"Zna\u010dkov\u00fd Sapho DREAMART n\u00e1st\u011bnn\u00e1 v\u00fdtokov\u00e1 hubice, chrom DA049\"}]},{\"@type\":\"WebSite\",\"@id\":\"https:\/\/www.koupelnapro.com\/#website\",\"url\":\"https:\/\/www.koupelnapro.com\/\",\"name\":\"\",\"description\":\"\",\"potentialAction\":[{\"@type\":\"SearchAction\",\"target\":{\"@type\":\"EntryPoint\",\"urlTemplate\":\"https:\/\/www.koupelnapro.com\/?s={search_term_string}\"},\"query-input\":{\"@type\":\"PropertyValueSpecification\",\"valueRequired\":true,\"valueName\":\"search_term_string\"}}],\"inLanguage\":\"cs\"}]}<\/script>\n<!-- \/ Yoast SEO plugin. -->","yoast_head_json":{"title":"Zna\u010dkov\u00fd Sapho DREAMART n\u00e1st\u011bnn\u00e1 v\u00fdtokov\u00e1 hubice, chrom DA049 -","robots":{"index":"index","follow":"follow","max-snippet":"max-snippet:-1","max-image-preview":"max-image-preview:large","max-video-preview":"max-video-preview:-1"},"canonical":"https:\/\/www.koupelnapro.com\/index.php\/produkt\/znackovy-sapho-dreamart-nastenna-vytokova-hubice-chrom-da049-60500\/","og_locale":"cs_CZ","og_type":"article","og_title":"Zna\u010dkov\u00fd Sapho DREAMART n\u00e1st\u011bnn\u00e1 v\u00fdtokov\u00e1 hubice, chrom DA049 -","og_description":"Detailn\u00ed popis produktu Jednotliv\u00e9 polo\u017eky s\u00e9rie zcela koresponduj\u00ed s jej\u00edm pojmenov\u00e1n\u00edm DREAMART. Roztan\u010den\u00e9 t\u011blo umyvadlov\u00e9 baterie a ladn\u00e9 k\u0159ivky ostatn\u00edch bateri\u00ed a dal\u0161\u00edch komponent s\u00e9rie p\u016fsob\u00ed lehce. P\u0159ednost\u00ed s\u00e9rie je variabilita jej\u00edho pou\u017eit\u00ed: svou kr\u00e1sou osln\u00ed v koupeln\u011b za\u0159\u00edzen\u00e9 v retro stylu a stejn\u011b podmaniv\u00e1 bude i v koupeln\u011b modern\u00ed. Vlastnosti Zna\u010dka SAPHO S\u00e9rie DREAMART [&hellip;]","og_url":"https:\/\/www.koupelnapro.com\/index.php\/produkt\/znackovy-sapho-dreamart-nastenna-vytokova-hubice-chrom-da049-60500\/","og_image":[{"width":1000,"height":750,"url":"https:\/\/www.koupelnapro.com\/wp-content\/uploads\/2026\/SK0004010-CZ20260425-093631-0-1777080994-108093-3_da049-137417478708481.webp","type":"image\/webp"}],"twitter_card":"summary_large_image","schema":{"@context":"https:\/\/schema.org","@graph":[{"@type":"WebPage","@id":"https:\/\/www.koupelnapro.com\/index.php\/produkt\/znackovy-sapho-dreamart-nastenna-vytokova-hubice-chrom-da049-60500\/","url":"https:\/\/www.koupelnapro.com\/index.php\/produkt\/znackovy-sapho-dreamart-nastenna-vytokova-hubice-chrom-da049-60500\/","name":"Zna\u010dkov\u00fd Sapho DREAMART n\u00e1st\u011bnn\u00e1 v\u00fdtokov\u00e1 hubice, chrom DA049 -","isPartOf":{"@id":"https:\/\/www.koupelnapro.com\/#website"},"primaryImageOfPage":{"@id":"https:\/\/www.koupelnapro.com\/index.php\/produkt\/znackovy-sapho-dreamart-nastenna-vytokova-hubice-chrom-da049-60500\/#primaryimage"},"image":{"@id":"https:\/\/www.koupelnapro.com\/index.php\/produkt\/znackovy-sapho-dreamart-nastenna-vytokova-hubice-chrom-da049-60500\/#primaryimage"},"thumbnailUrl":"https:\/\/www.koupelnapro.com\/wp-content\/uploads\/2026\/SK0004010-CZ20260425-093631-0-1777080994-108093-3_da049-137417478708481.webp","datePublished":"2026-04-26T09:17:34+00:00","breadcrumb":{"@id":"https:\/\/www.koupelnapro.com\/index.php\/produkt\/znackovy-sapho-dreamart-nastenna-vytokova-hubice-chrom-da049-60500\/#breadcrumb"},"inLanguage":"cs","potentialAction":[{"@type":"ReadAction","target":["https:\/\/www.koupelnapro.com\/index.php\/produkt\/znackovy-sapho-dreamart-nastenna-vytokova-hubice-chrom-da049-60500\/"]}]},{"@type":"ImageObject","inLanguage":"cs","@id":"https:\/\/www.koupelnapro.com\/index.php\/produkt\/znackovy-sapho-dreamart-nastenna-vytokova-hubice-chrom-da049-60500\/#primaryimage","url":"https:\/\/www.koupelnapro.com\/wp-content\/uploads\/2026\/SK0004010-CZ20260425-093631-0-1777080994-108093-3_da049-137417478708481.webp","contentUrl":"https:\/\/www.koupelnapro.com\/wp-content\/uploads\/2026\/SK0004010-CZ20260425-093631-0-1777080994-108093-3_da049-137417478708481.webp","width":1000,"height":750},{"@type":"BreadcrumbList","@id":"https:\/\/www.koupelnapro.com\/index.php\/produkt\/znackovy-sapho-dreamart-nastenna-vytokova-hubice-chrom-da049-60500\/#breadcrumb","itemListElement":[{"@type":"ListItem","position":1,"name":"Home","item":"https:\/\/www.koupelnapro.com\/"},{"@type":"ListItem","position":2,"name":"Products","item":"https:\/\/www.koupelnapro.com\/index.php\/products\/"},{"@type":"ListItem","position":3,"name":"Zna\u010dkov\u00fd Sapho DREAMART n\u00e1st\u011bnn\u00e1 v\u00fdtokov\u00e1 hubice, chrom DA049"}]},{"@type":"WebSite","@id":"https:\/\/www.koupelnapro.com\/#website","url":"https:\/\/www.koupelnapro.com\/","name":"","description":"","potentialAction":[{"@type":"SearchAction","target":{"@type":"EntryPoint","urlTemplate":"https:\/\/www.koupelnapro.com\/?s={search_term_string}"},"query-input":{"@type":"PropertyValueSpecification","valueRequired":true,"valueName":"search_term_string"}}],"inLanguage":"cs"}]}},"_links":{"self":[{"href":"https:\/\/www.koupelnapro.com\/index.php\/wp-json\/wp\/v2\/product\/60500","targetHints":{"allow":["GET"]}}],"collection":[{"href":"https:\/\/www.koupelnapro.com\/index.php\/wp-json\/wp\/v2\/product"}],"about":[{"href":"https:\/\/www.koupelnapro.com\/index.php\/wp-json\/wp\/v2\/types\/product"}],"replies":[{"embeddable":true,"href":"https:\/\/www.koupelnapro.com\/index.php\/wp-json\/wp\/v2\/comments?post=60500"}],"wp:featuredmedia":[{"embeddable":true,"href":"https:\/\/www.koupelnapro.com\/index.php\/wp-json\/wp\/v2\/media\/60600"}],"wp:attachment":[{"href":"https:\/\/www.koupelnapro.com\/index.php\/wp-json\/wp\/v2\/media?parent=60500"}],"wp:term":[{"taxonomy":"product_brand","embeddable":true,"href":"https:\/\/www.koupelnapro.com\/index.php\/wp-json\/wp\/v2\/product_brand?post=60500"},{"taxonomy":"product_cat","embeddable":true,"href":"https:\/\/www.koupelnapro.com\/index.php\/wp-json\/wp\/v2\/product_cat?post=60500"},{"taxonomy":"product_tag","embeddable":true,"href":"https:\/\/www.koupelnapro.com\/index.php\/wp-json\/wp\/v2\/product_tag?post=60500"}],"curies":[{"name":"wp","href":"https:\/\/api.w.org\/{rel}","templated":true}]}}