{"id":60292,"date":"2026-04-26T09:17:33","date_gmt":"2026-04-26T09:17:33","guid":{"rendered":""},"modified":"2026-04-26T09:17:33","modified_gmt":"2026-04-26T09:17:33","slug":"aktualni-sapho-karbo-elektricky-susak-rucniku-kulaty-400x1120mm-87-w-cerna-mat-kb904-60292","status":"publish","type":"product","link":"https:\/\/www.koupelnapro.com\/index.php\/produkt\/aktualni-sapho-karbo-elektricky-susak-rucniku-kulaty-400x1120mm-87-w-cerna-mat-kb904-60292\/","title":{"rendered":"Aktu\u00e1ln\u00ed Sapho KARBO elektrick\u00fd su\u0161\u00e1k ru\u010dn\u00edk\u016f, kulat\u00fd, 400x1120mm, 87 W, \u010dern\u00e1 mat KB904"},"content":{"rendered":"<div class=\"basic-description\">\n<h3>Detailn\u00ed popis produktu<\/h3>\n<p><\/p>\n<p style=\"text-align: justify;\">Elektrick\u00fd su\u0161\u00e1k ru\u010dn\u00edk\u016f do modern\u00edho interi\u00e9ru &#8211; v matn\u011b \u010dern\u00e9 barv\u011b jsou nejen trubky a uchycen\u00ed, ale i&nbsp;nap\u00e1jec\u00ed kabel a elektrick\u00e1 z\u00e1str\u010dka.<br \/>D\u00edky hloubce 10 cm nezabere v&nbsp;koupeln\u011b mnoho m\u00edsta. Lze ho nainstalovat na ze\u010f jako z\u00e1v\u011bsn\u00fd su\u0161\u00e1k nebo o&nbsp;ze\u010f op\u0159\u00edt a zafixovat horn\u00edmi \u00fachyty. Uvnit\u0159 topn\u00e9ho t\u011blesa je um\u00edst\u011bn odporov\u00fd dr\u00e1t bez pou\u017eit\u00ed kapaln\u00e9 pln\u00edc\u00ed sm\u011bsi, na koncovce je um\u00edst\u011bn kol\u00e9bkov\u00fd vyp\u00edna\u010d.<\/p>\n<ul>\n<li>Nap\u00e1jec\u00ed kabel nelze pozi\u010dn\u011b m\u011bnit.<\/li>\n<li><span>Nap\u00e1jec\u00ed kabel spir\u00e1lov\u00fd o&nbsp;d\u00e9lce 60 cm, v maxim\u00e1ln\u00edm nata\u017een\u00ed cca 3 m<\/span><\/li>\n<li>Po nah\u0159\u00e1t\u00ed se teplota pohybuje mezi 45 a\u017e 55 \u00b0C dle teploty okol\u00ed<\/li>\n<li>Stupe\u0148 kryt\u00ed: IP44<\/li>\n<li>T\u0159\u00edda ochrany: 1<\/li>\n<li>Nap\u011bt\u00ed: 220-240 V\/50Hz<\/li>\n<\/ul>\n<h2 class=\"props-title\">Vlastnosti<\/h2>\n<table>\n<tr>\n<th>Zna\u010dka<\/th>\n<td>SAPHO<\/td>\n<\/tr>\n<tr>\n<th>S\u00e9rie<\/th>\n<td>KARBO<\/td>\n<\/tr>\n<tr>\n<th>3D model<\/th>\n<td>ANO<\/td>\n<\/tr>\n<tr>\n<th>Rozm\u011br<\/th>\n<td>400&#215;1120 mm<\/td>\n<\/tr>\n<tr>\n<th>\u0160\u00ed\u0159ka<\/th>\n<td>400&nbsp;mm<\/td>\n<\/tr>\n<tr>\n<th>V\u00fd\u0161ka<\/th>\n<td>1120&nbsp;mm<\/td>\n<\/tr>\n<tr>\n<th>Barva<\/th>\n<td>\u010cern\u00e1 mat<\/td>\n<\/tr>\n<tr>\n<th>Materi\u00e1l<\/th>\n<td>Ocel<\/td>\n<\/tr>\n<tr>\n<th>Tvar<\/th>\n<td>Tvar H<\/td>\n<\/tr>\n<tr>\n<th>Mo\u017enost vyt\u00e1p\u011bn\u00ed<\/th>\n<td>Elektrick\u00e9 vyt\u00e1p\u011bn\u00ed integrovan\u00e9 v t\u011blese<\/td>\n<\/tr>\n<tr>\n<th>P\u0159\u00edkon<\/th>\n<td>87.00&nbsp;W<\/td>\n<\/tr>\n<tr>\n<th>Hmotnost \/ ks<\/th>\n<td>3.5000&nbsp;kg<\/td>\n<\/tr>\n<tr>\n<th>Balen\u00ed<\/th>\n<td>1&nbsp;ks<\/td>\n<\/tr>\n<tr>\n<th>EAN<\/th>\n<td>8590913858574<\/td>\n<\/tr>\n<tr>\n<th>Taric<\/th>\n<td>85162950<\/td>\n<\/tr>\n<tr>\n<th>Z\u00e1ruka<\/th>\n<td>2 roky<\/td>\n<\/tr>\n<\/table><\/div>\n","protected":false},"excerpt":{"rendered":"<p>Detailn\u00ed popis produktu Elektrick\u00fd su\u0161\u00e1k ru\u010dn\u00edk\u016f do modern\u00edho interi\u00e9ru &#8211; v matn\u011b \u010dern\u00e9 barv\u011b jsou nejen trubky a uchycen\u00ed, ale i&nbsp;nap\u00e1jec\u00ed kabel a elektrick\u00e1 z\u00e1str\u010dka.D\u00edky hloubce 10 cm nezabere v&nbsp;koupeln\u011b mnoho m\u00edsta. Lze ho nainstalovat na ze\u010f jako z\u00e1v\u011bsn\u00fd su\u0161\u00e1k nebo o&nbsp;ze\u010f op\u0159\u00edt a zafixovat horn\u00edmi \u00fachyty. Uvnit\u0159 topn\u00e9ho t\u011blesa je um\u00edst\u011bn odporov\u00fd dr\u00e1t bez [&hellip;]<\/p>\n","protected":false},"featured_media":60392,"comment_status":"open","ping_status":"open","template":"","meta":[],"product_brand":[],"product_cat":[195],"product_tag":[],"class_list":{"0":"post-60292","1":"product","2":"type-product","3":"status-publish","4":"has-post-thumbnail","6":"product_cat-vytapeni","8":"first","9":"instock","10":"sale","11":"shipping-taxable","12":"purchasable","13":"product-type-simple"},"yoast_head":"<!-- This site is optimized with the Yoast SEO plugin v26.8 - https:\/\/yoast.com\/product\/yoast-seo-wordpress\/ -->\n<title>Aktu\u00e1ln\u00ed Sapho KARBO elektrick\u00fd su\u0161\u00e1k ru\u010dn\u00edk\u016f, kulat\u00fd, 400x1120mm, 87 W, \u010dern\u00e1 mat KB904 -<\/title>\n<meta name=\"robots\" content=\"index, follow, max-snippet:-1, max-image-preview:large, max-video-preview:-1\" \/>\n<link rel=\"canonical\" href=\"https:\/\/www.koupelnapro.com\/index.php\/produkt\/aktualni-sapho-karbo-elektricky-susak-rucniku-kulaty-400x1120mm-87-w-cerna-mat-kb904-60292\/\" \/>\n<meta property=\"og:locale\" content=\"cs_CZ\" \/>\n<meta property=\"og:type\" content=\"article\" \/>\n<meta property=\"og:title\" content=\"Aktu\u00e1ln\u00ed Sapho KARBO elektrick\u00fd su\u0161\u00e1k ru\u010dn\u00edk\u016f, kulat\u00fd, 400x1120mm, 87 W, \u010dern\u00e1 mat KB904 -\" \/>\n<meta property=\"og:description\" content=\"Detailn\u00ed popis produktu Elektrick\u00fd su\u0161\u00e1k ru\u010dn\u00edk\u016f do modern\u00edho interi\u00e9ru &#8211; v matn\u011b \u010dern\u00e9 barv\u011b jsou nejen trubky a uchycen\u00ed, ale i&nbsp;nap\u00e1jec\u00ed kabel a elektrick\u00e1 z\u00e1str\u010dka.D\u00edky hloubce 10 cm nezabere v&nbsp;koupeln\u011b mnoho m\u00edsta. Lze ho nainstalovat na ze\u010f jako z\u00e1v\u011bsn\u00fd su\u0161\u00e1k nebo o&nbsp;ze\u010f op\u0159\u00edt a zafixovat horn\u00edmi \u00fachyty. Uvnit\u0159 topn\u00e9ho t\u011blesa je um\u00edst\u011bn odporov\u00fd dr\u00e1t bez [&hellip;]\" \/>\n<meta property=\"og:url\" content=\"https:\/\/www.koupelnapro.com\/index.php\/produkt\/aktualni-sapho-karbo-elektricky-susak-rucniku-kulaty-400x1120mm-87-w-cerna-mat-kb904-60292\/\" \/>\n<meta property=\"og:image\" content=\"https:\/\/www.koupelnapro.com\/wp-content\/uploads\/2026\/SK0003898-CZ20260425-093631-0-1777080994-105732-5_kb904-137417478694319.webp\" \/>\n\t<meta property=\"og:image:width\" content=\"1000\" \/>\n\t<meta property=\"og:image:height\" content=\"750\" \/>\n\t<meta property=\"og:image:type\" content=\"image\/webp\" \/>\n<meta name=\"twitter:card\" content=\"summary_large_image\" \/>\n<meta name=\"twitter:label1\" content=\"Odhadovan\u00e1 doba \u010dten\u00ed\" \/>\n\t<meta name=\"twitter:data1\" content=\"1 minuta\" \/>\n<script type=\"application\/ld+json\" class=\"yoast-schema-graph\">{\"@context\":\"https:\/\/schema.org\",\"@graph\":[{\"@type\":\"WebPage\",\"@id\":\"https:\/\/www.koupelnapro.com\/index.php\/produkt\/aktualni-sapho-karbo-elektricky-susak-rucniku-kulaty-400x1120mm-87-w-cerna-mat-kb904-60292\/\",\"url\":\"https:\/\/www.koupelnapro.com\/index.php\/produkt\/aktualni-sapho-karbo-elektricky-susak-rucniku-kulaty-400x1120mm-87-w-cerna-mat-kb904-60292\/\",\"name\":\"Aktu\u00e1ln\u00ed Sapho KARBO elektrick\u00fd su\u0161\u00e1k ru\u010dn\u00edk\u016f, kulat\u00fd, 400x1120mm, 87 W, \u010dern\u00e1 mat KB904 -\",\"isPartOf\":{\"@id\":\"https:\/\/www.koupelnapro.com\/#website\"},\"primaryImageOfPage\":{\"@id\":\"https:\/\/www.koupelnapro.com\/index.php\/produkt\/aktualni-sapho-karbo-elektricky-susak-rucniku-kulaty-400x1120mm-87-w-cerna-mat-kb904-60292\/#primaryimage\"},\"image\":{\"@id\":\"https:\/\/www.koupelnapro.com\/index.php\/produkt\/aktualni-sapho-karbo-elektricky-susak-rucniku-kulaty-400x1120mm-87-w-cerna-mat-kb904-60292\/#primaryimage\"},\"thumbnailUrl\":\"https:\/\/www.koupelnapro.com\/wp-content\/uploads\/2026\/SK0003898-CZ20260425-093631-0-1777080994-105732-5_kb904-137417478694319.webp\",\"datePublished\":\"2026-04-26T09:17:33+00:00\",\"breadcrumb\":{\"@id\":\"https:\/\/www.koupelnapro.com\/index.php\/produkt\/aktualni-sapho-karbo-elektricky-susak-rucniku-kulaty-400x1120mm-87-w-cerna-mat-kb904-60292\/#breadcrumb\"},\"inLanguage\":\"cs\",\"potentialAction\":[{\"@type\":\"ReadAction\",\"target\":[\"https:\/\/www.koupelnapro.com\/index.php\/produkt\/aktualni-sapho-karbo-elektricky-susak-rucniku-kulaty-400x1120mm-87-w-cerna-mat-kb904-60292\/\"]}]},{\"@type\":\"ImageObject\",\"inLanguage\":\"cs\",\"@id\":\"https:\/\/www.koupelnapro.com\/index.php\/produkt\/aktualni-sapho-karbo-elektricky-susak-rucniku-kulaty-400x1120mm-87-w-cerna-mat-kb904-60292\/#primaryimage\",\"url\":\"https:\/\/www.koupelnapro.com\/wp-content\/uploads\/2026\/SK0003898-CZ20260425-093631-0-1777080994-105732-5_kb904-137417478694319.webp\",\"contentUrl\":\"https:\/\/www.koupelnapro.com\/wp-content\/uploads\/2026\/SK0003898-CZ20260425-093631-0-1777080994-105732-5_kb904-137417478694319.webp\",\"width\":1000,\"height\":750},{\"@type\":\"BreadcrumbList\",\"@id\":\"https:\/\/www.koupelnapro.com\/index.php\/produkt\/aktualni-sapho-karbo-elektricky-susak-rucniku-kulaty-400x1120mm-87-w-cerna-mat-kb904-60292\/#breadcrumb\",\"itemListElement\":[{\"@type\":\"ListItem\",\"position\":1,\"name\":\"Home\",\"item\":\"https:\/\/www.koupelnapro.com\/\"},{\"@type\":\"ListItem\",\"position\":2,\"name\":\"Products\",\"item\":\"https:\/\/www.koupelnapro.com\/index.php\/products\/\"},{\"@type\":\"ListItem\",\"position\":3,\"name\":\"Aktu\u00e1ln\u00ed Sapho KARBO elektrick\u00fd su\u0161\u00e1k ru\u010dn\u00edk\u016f, kulat\u00fd, 400x1120mm, 87 W, \u010dern\u00e1 mat KB904\"}]},{\"@type\":\"WebSite\",\"@id\":\"https:\/\/www.koupelnapro.com\/#website\",\"url\":\"https:\/\/www.koupelnapro.com\/\",\"name\":\"\",\"description\":\"\",\"potentialAction\":[{\"@type\":\"SearchAction\",\"target\":{\"@type\":\"EntryPoint\",\"urlTemplate\":\"https:\/\/www.koupelnapro.com\/?s={search_term_string}\"},\"query-input\":{\"@type\":\"PropertyValueSpecification\",\"valueRequired\":true,\"valueName\":\"search_term_string\"}}],\"inLanguage\":\"cs\"}]}<\/script>\n<!-- \/ Yoast SEO plugin. -->","yoast_head_json":{"title":"Aktu\u00e1ln\u00ed Sapho KARBO elektrick\u00fd su\u0161\u00e1k ru\u010dn\u00edk\u016f, kulat\u00fd, 400x1120mm, 87 W, \u010dern\u00e1 mat KB904 -","robots":{"index":"index","follow":"follow","max-snippet":"max-snippet:-1","max-image-preview":"max-image-preview:large","max-video-preview":"max-video-preview:-1"},"canonical":"https:\/\/www.koupelnapro.com\/index.php\/produkt\/aktualni-sapho-karbo-elektricky-susak-rucniku-kulaty-400x1120mm-87-w-cerna-mat-kb904-60292\/","og_locale":"cs_CZ","og_type":"article","og_title":"Aktu\u00e1ln\u00ed Sapho KARBO elektrick\u00fd su\u0161\u00e1k ru\u010dn\u00edk\u016f, kulat\u00fd, 400x1120mm, 87 W, \u010dern\u00e1 mat KB904 -","og_description":"Detailn\u00ed popis produktu Elektrick\u00fd su\u0161\u00e1k ru\u010dn\u00edk\u016f do modern\u00edho interi\u00e9ru &#8211; v matn\u011b \u010dern\u00e9 barv\u011b jsou nejen trubky a uchycen\u00ed, ale i&nbsp;nap\u00e1jec\u00ed kabel a elektrick\u00e1 z\u00e1str\u010dka.D\u00edky hloubce 10 cm nezabere v&nbsp;koupeln\u011b mnoho m\u00edsta. Lze ho nainstalovat na ze\u010f jako z\u00e1v\u011bsn\u00fd su\u0161\u00e1k nebo o&nbsp;ze\u010f op\u0159\u00edt a zafixovat horn\u00edmi \u00fachyty. Uvnit\u0159 topn\u00e9ho t\u011blesa je um\u00edst\u011bn odporov\u00fd dr\u00e1t bez [&hellip;]","og_url":"https:\/\/www.koupelnapro.com\/index.php\/produkt\/aktualni-sapho-karbo-elektricky-susak-rucniku-kulaty-400x1120mm-87-w-cerna-mat-kb904-60292\/","og_image":[{"width":1000,"height":750,"url":"https:\/\/www.koupelnapro.com\/wp-content\/uploads\/2026\/SK0003898-CZ20260425-093631-0-1777080994-105732-5_kb904-137417478694319.webp","type":"image\/webp"}],"twitter_card":"summary_large_image","twitter_misc":{"Odhadovan\u00e1 doba \u010dten\u00ed":"1 minuta"},"schema":{"@context":"https:\/\/schema.org","@graph":[{"@type":"WebPage","@id":"https:\/\/www.koupelnapro.com\/index.php\/produkt\/aktualni-sapho-karbo-elektricky-susak-rucniku-kulaty-400x1120mm-87-w-cerna-mat-kb904-60292\/","url":"https:\/\/www.koupelnapro.com\/index.php\/produkt\/aktualni-sapho-karbo-elektricky-susak-rucniku-kulaty-400x1120mm-87-w-cerna-mat-kb904-60292\/","name":"Aktu\u00e1ln\u00ed Sapho KARBO elektrick\u00fd su\u0161\u00e1k ru\u010dn\u00edk\u016f, kulat\u00fd, 400x1120mm, 87 W, \u010dern\u00e1 mat KB904 -","isPartOf":{"@id":"https:\/\/www.koupelnapro.com\/#website"},"primaryImageOfPage":{"@id":"https:\/\/www.koupelnapro.com\/index.php\/produkt\/aktualni-sapho-karbo-elektricky-susak-rucniku-kulaty-400x1120mm-87-w-cerna-mat-kb904-60292\/#primaryimage"},"image":{"@id":"https:\/\/www.koupelnapro.com\/index.php\/produkt\/aktualni-sapho-karbo-elektricky-susak-rucniku-kulaty-400x1120mm-87-w-cerna-mat-kb904-60292\/#primaryimage"},"thumbnailUrl":"https:\/\/www.koupelnapro.com\/wp-content\/uploads\/2026\/SK0003898-CZ20260425-093631-0-1777080994-105732-5_kb904-137417478694319.webp","datePublished":"2026-04-26T09:17:33+00:00","breadcrumb":{"@id":"https:\/\/www.koupelnapro.com\/index.php\/produkt\/aktualni-sapho-karbo-elektricky-susak-rucniku-kulaty-400x1120mm-87-w-cerna-mat-kb904-60292\/#breadcrumb"},"inLanguage":"cs","potentialAction":[{"@type":"ReadAction","target":["https:\/\/www.koupelnapro.com\/index.php\/produkt\/aktualni-sapho-karbo-elektricky-susak-rucniku-kulaty-400x1120mm-87-w-cerna-mat-kb904-60292\/"]}]},{"@type":"ImageObject","inLanguage":"cs","@id":"https:\/\/www.koupelnapro.com\/index.php\/produkt\/aktualni-sapho-karbo-elektricky-susak-rucniku-kulaty-400x1120mm-87-w-cerna-mat-kb904-60292\/#primaryimage","url":"https:\/\/www.koupelnapro.com\/wp-content\/uploads\/2026\/SK0003898-CZ20260425-093631-0-1777080994-105732-5_kb904-137417478694319.webp","contentUrl":"https:\/\/www.koupelnapro.com\/wp-content\/uploads\/2026\/SK0003898-CZ20260425-093631-0-1777080994-105732-5_kb904-137417478694319.webp","width":1000,"height":750},{"@type":"BreadcrumbList","@id":"https:\/\/www.koupelnapro.com\/index.php\/produkt\/aktualni-sapho-karbo-elektricky-susak-rucniku-kulaty-400x1120mm-87-w-cerna-mat-kb904-60292\/#breadcrumb","itemListElement":[{"@type":"ListItem","position":1,"name":"Home","item":"https:\/\/www.koupelnapro.com\/"},{"@type":"ListItem","position":2,"name":"Products","item":"https:\/\/www.koupelnapro.com\/index.php\/products\/"},{"@type":"ListItem","position":3,"name":"Aktu\u00e1ln\u00ed Sapho KARBO elektrick\u00fd su\u0161\u00e1k ru\u010dn\u00edk\u016f, kulat\u00fd, 400x1120mm, 87 W, \u010dern\u00e1 mat KB904"}]},{"@type":"WebSite","@id":"https:\/\/www.koupelnapro.com\/#website","url":"https:\/\/www.koupelnapro.com\/","name":"","description":"","potentialAction":[{"@type":"SearchAction","target":{"@type":"EntryPoint","urlTemplate":"https:\/\/www.koupelnapro.com\/?s={search_term_string}"},"query-input":{"@type":"PropertyValueSpecification","valueRequired":true,"valueName":"search_term_string"}}],"inLanguage":"cs"}]}},"_links":{"self":[{"href":"https:\/\/www.koupelnapro.com\/index.php\/wp-json\/wp\/v2\/product\/60292","targetHints":{"allow":["GET"]}}],"collection":[{"href":"https:\/\/www.koupelnapro.com\/index.php\/wp-json\/wp\/v2\/product"}],"about":[{"href":"https:\/\/www.koupelnapro.com\/index.php\/wp-json\/wp\/v2\/types\/product"}],"replies":[{"embeddable":true,"href":"https:\/\/www.koupelnapro.com\/index.php\/wp-json\/wp\/v2\/comments?post=60292"}],"wp:featuredmedia":[{"embeddable":true,"href":"https:\/\/www.koupelnapro.com\/index.php\/wp-json\/wp\/v2\/media\/60392"}],"wp:attachment":[{"href":"https:\/\/www.koupelnapro.com\/index.php\/wp-json\/wp\/v2\/media?parent=60292"}],"wp:term":[{"taxonomy":"product_brand","embeddable":true,"href":"https:\/\/www.koupelnapro.com\/index.php\/wp-json\/wp\/v2\/product_brand?post=60292"},{"taxonomy":"product_cat","embeddable":true,"href":"https:\/\/www.koupelnapro.com\/index.php\/wp-json\/wp\/v2\/product_cat?post=60292"},{"taxonomy":"product_tag","embeddable":true,"href":"https:\/\/www.koupelnapro.com\/index.php\/wp-json\/wp\/v2\/product_tag?post=60292"}],"curies":[{"name":"wp","href":"https:\/\/api.w.org\/{rel}","templated":true}]}}