{"id":60184,"date":"2026-04-26T09:17:32","date_gmt":"2026-04-26T09:17:32","guid":{"rendered":""},"modified":"2026-04-26T09:17:32","modified_gmt":"2026-04-26T09:17:32","slug":"znackovy-sapho-scule-zrcadlo-ve-vyrezavanem-ramu-80x120cm-zlata-in316-60184","status":"publish","type":"product","link":"https:\/\/www.koupelnapro.com\/index.php\/produkt\/znackovy-sapho-scule-zrcadlo-ve-vyrezavanem-ramu-80x120cm-zlata-in316-60184\/","title":{"rendered":"Zna\u010dkov\u00fd Sapho SCULE zrcadlo ve vy\u0159ez\u00e1van\u00e9m r\u00e1mu 80x120cm, zlat\u00e1 IN316"},"content":{"rendered":"<div class=\"basic-description\">\n<h3>Detailn\u00ed popis produktu<\/h3>\n<div>\n<p>Zrcadlo v ru\u010dn\u011b vy\u0159ez\u00e1van\u00e9m d\u0159ev\u011bn\u00e9m r\u00e1mu<\/p>\n<ul>\n<li>Celkov\u00fd rozm\u011br: 80&#215;120 cm (\u0161\u00ed\u0159ka r\u00e1mu 14 cm)<\/li>\n<\/ul>\n<\/div>\n<p><\/p>\n<h2 class=\"props-title\">Vlastnosti<\/h2>\n<table>\n<tr>\n<th>Zna\u010dka<\/th>\n<td>SAPHO<\/td>\n<\/tr>\n<tr>\n<th>S\u00e9rie<\/th>\n<td>SCULE &#038; SAMBLUNG<\/td>\n<\/tr>\n<tr>\n<th>Rozm\u011br<\/th>\n<td>80&#215;120 cm<\/td>\n<\/tr>\n<tr>\n<th>\u0160\u00ed\u0159ka<\/th>\n<td>800&nbsp;mm<\/td>\n<\/tr>\n<tr>\n<th>V\u00fd\u0161ka<\/th>\n<td>1200&nbsp;mm<\/td>\n<\/tr>\n<tr>\n<th>Barva r\u00e1mu<\/th>\n<td>Zlato<\/td>\n<\/tr>\n<tr>\n<th>Materi\u00e1l<\/th>\n<td>Masiv d\u0159evo<\/td>\n<\/tr>\n<tr>\n<th>Typ zrcadla<\/th>\n<td>Zrcadla v r\u00e1mu<\/td>\n<\/tr>\n<tr>\n<th>Tvar<\/th>\n<td>Obd\u00e9ln\u00edk<\/td>\n<\/tr>\n<tr>\n<th>Hmotnost \/ ks<\/th>\n<td>10.2000&nbsp;kg<\/td>\n<\/tr>\n<tr>\n<th>Balen\u00ed<\/th>\n<td>1&nbsp;ks<\/td>\n<\/tr>\n<tr>\n<th>EAN<\/th>\n<td>8590913857034<\/td>\n<\/tr>\n<tr>\n<th>Taric<\/th>\n<td>70099200<\/td>\n<\/tr>\n<tr>\n<th>Z\u00e1ruka<\/th>\n<td>2 roky<\/td>\n<\/tr>\n<\/table><\/div>\n","protected":false},"excerpt":{"rendered":"<p>Detailn\u00ed popis produktu Zrcadlo v ru\u010dn\u011b vy\u0159ez\u00e1van\u00e9m d\u0159ev\u011bn\u00e9m r\u00e1mu Celkov\u00fd rozm\u011br: 80&#215;120 cm (\u0161\u00ed\u0159ka r\u00e1mu 14 cm) Vlastnosti Zna\u010dka SAPHO S\u00e9rie SCULE &#038; SAMBLUNG Rozm\u011br 80&#215;120 cm \u0160\u00ed\u0159ka 800&nbsp;mm V\u00fd\u0161ka 1200&nbsp;mm Barva r\u00e1mu Zlato Materi\u00e1l Masiv d\u0159evo Typ zrcadla Zrcadla v r\u00e1mu Tvar Obd\u00e9ln\u00edk Hmotnost \/ ks 10.2000&nbsp;kg Balen\u00ed 1&nbsp;ks EAN 8590913857034 Taric 70099200 Z\u00e1ruka [&hellip;]<\/p>\n","protected":false},"featured_media":60284,"comment_status":"open","ping_status":"open","template":"","meta":[],"product_brand":[],"product_cat":[128],"product_tag":[],"class_list":{"0":"post-60184","1":"product","2":"type-product","3":"status-publish","4":"has-post-thumbnail","6":"product_cat-koupelnovy-nabytek","8":"first","9":"instock","10":"sale","11":"shipping-taxable","12":"purchasable","13":"product-type-simple"},"yoast_head":"<!-- This site is optimized with the Yoast SEO plugin v26.8 - https:\/\/yoast.com\/product\/yoast-seo-wordpress\/ -->\n<title>Zna\u010dkov\u00fd Sapho SCULE zrcadlo ve vy\u0159ez\u00e1van\u00e9m r\u00e1mu 80x120cm, zlat\u00e1 IN316 -<\/title>\n<meta name=\"robots\" content=\"index, follow, max-snippet:-1, max-image-preview:large, max-video-preview:-1\" \/>\n<link rel=\"canonical\" href=\"https:\/\/www.koupelnapro.com\/index.php\/produkt\/znackovy-sapho-scule-zrcadlo-ve-vyrezavanem-ramu-80x120cm-zlata-in316-60184\/\" \/>\n<meta property=\"og:locale\" content=\"cs_CZ\" \/>\n<meta property=\"og:type\" content=\"article\" \/>\n<meta property=\"og:title\" content=\"Zna\u010dkov\u00fd Sapho SCULE zrcadlo ve vy\u0159ez\u00e1van\u00e9m r\u00e1mu 80x120cm, zlat\u00e1 IN316 -\" \/>\n<meta property=\"og:description\" content=\"Detailn\u00ed popis produktu Zrcadlo v ru\u010dn\u011b vy\u0159ez\u00e1van\u00e9m d\u0159ev\u011bn\u00e9m r\u00e1mu Celkov\u00fd rozm\u011br: 80&#215;120 cm (\u0161\u00ed\u0159ka r\u00e1mu 14 cm) Vlastnosti Zna\u010dka SAPHO S\u00e9rie SCULE &#038; SAMBLUNG Rozm\u011br 80&#215;120 cm \u0160\u00ed\u0159ka 800&nbsp;mm V\u00fd\u0161ka 1200&nbsp;mm Barva r\u00e1mu Zlato Materi\u00e1l Masiv d\u0159evo Typ zrcadla Zrcadla v r\u00e1mu Tvar Obd\u00e9ln\u00edk Hmotnost \/ ks 10.2000&nbsp;kg Balen\u00ed 1&nbsp;ks EAN 8590913857034 Taric 70099200 Z\u00e1ruka [&hellip;]\" \/>\n<meta property=\"og:url\" content=\"https:\/\/www.koupelnapro.com\/index.php\/produkt\/znackovy-sapho-scule-zrcadlo-ve-vyrezavanem-ramu-80x120cm-zlata-in316-60184\/\" \/>\n<meta property=\"og:image\" content=\"https:\/\/www.koupelnapro.com\/wp-content\/uploads\/2026\/SK0003889-CZ20260425-093631-0-1777080994-105573-4_in316-137417478690579.webp\" \/>\n\t<meta property=\"og:image:width\" content=\"1000\" \/>\n\t<meta property=\"og:image:height\" content=\"750\" \/>\n\t<meta property=\"og:image:type\" content=\"image\/webp\" \/>\n<meta name=\"twitter:card\" content=\"summary_large_image\" \/>\n<script type=\"application\/ld+json\" class=\"yoast-schema-graph\">{\"@context\":\"https:\/\/schema.org\",\"@graph\":[{\"@type\":\"WebPage\",\"@id\":\"https:\/\/www.koupelnapro.com\/index.php\/produkt\/znackovy-sapho-scule-zrcadlo-ve-vyrezavanem-ramu-80x120cm-zlata-in316-60184\/\",\"url\":\"https:\/\/www.koupelnapro.com\/index.php\/produkt\/znackovy-sapho-scule-zrcadlo-ve-vyrezavanem-ramu-80x120cm-zlata-in316-60184\/\",\"name\":\"Zna\u010dkov\u00fd Sapho SCULE zrcadlo ve vy\u0159ez\u00e1van\u00e9m r\u00e1mu 80x120cm, zlat\u00e1 IN316 -\",\"isPartOf\":{\"@id\":\"https:\/\/www.koupelnapro.com\/#website\"},\"primaryImageOfPage\":{\"@id\":\"https:\/\/www.koupelnapro.com\/index.php\/produkt\/znackovy-sapho-scule-zrcadlo-ve-vyrezavanem-ramu-80x120cm-zlata-in316-60184\/#primaryimage\"},\"image\":{\"@id\":\"https:\/\/www.koupelnapro.com\/index.php\/produkt\/znackovy-sapho-scule-zrcadlo-ve-vyrezavanem-ramu-80x120cm-zlata-in316-60184\/#primaryimage\"},\"thumbnailUrl\":\"https:\/\/www.koupelnapro.com\/wp-content\/uploads\/2026\/SK0003889-CZ20260425-093631-0-1777080994-105573-4_in316-137417478690579.webp\",\"datePublished\":\"2026-04-26T09:17:32+00:00\",\"breadcrumb\":{\"@id\":\"https:\/\/www.koupelnapro.com\/index.php\/produkt\/znackovy-sapho-scule-zrcadlo-ve-vyrezavanem-ramu-80x120cm-zlata-in316-60184\/#breadcrumb\"},\"inLanguage\":\"cs\",\"potentialAction\":[{\"@type\":\"ReadAction\",\"target\":[\"https:\/\/www.koupelnapro.com\/index.php\/produkt\/znackovy-sapho-scule-zrcadlo-ve-vyrezavanem-ramu-80x120cm-zlata-in316-60184\/\"]}]},{\"@type\":\"ImageObject\",\"inLanguage\":\"cs\",\"@id\":\"https:\/\/www.koupelnapro.com\/index.php\/produkt\/znackovy-sapho-scule-zrcadlo-ve-vyrezavanem-ramu-80x120cm-zlata-in316-60184\/#primaryimage\",\"url\":\"https:\/\/www.koupelnapro.com\/wp-content\/uploads\/2026\/SK0003889-CZ20260425-093631-0-1777080994-105573-4_in316-137417478690579.webp\",\"contentUrl\":\"https:\/\/www.koupelnapro.com\/wp-content\/uploads\/2026\/SK0003889-CZ20260425-093631-0-1777080994-105573-4_in316-137417478690579.webp\",\"width\":1000,\"height\":750},{\"@type\":\"BreadcrumbList\",\"@id\":\"https:\/\/www.koupelnapro.com\/index.php\/produkt\/znackovy-sapho-scule-zrcadlo-ve-vyrezavanem-ramu-80x120cm-zlata-in316-60184\/#breadcrumb\",\"itemListElement\":[{\"@type\":\"ListItem\",\"position\":1,\"name\":\"Home\",\"item\":\"https:\/\/www.koupelnapro.com\/\"},{\"@type\":\"ListItem\",\"position\":2,\"name\":\"Products\",\"item\":\"https:\/\/www.koupelnapro.com\/index.php\/products\/\"},{\"@type\":\"ListItem\",\"position\":3,\"name\":\"Zna\u010dkov\u00fd Sapho SCULE zrcadlo ve vy\u0159ez\u00e1van\u00e9m r\u00e1mu 80x120cm, zlat\u00e1 IN316\"}]},{\"@type\":\"WebSite\",\"@id\":\"https:\/\/www.koupelnapro.com\/#website\",\"url\":\"https:\/\/www.koupelnapro.com\/\",\"name\":\"\",\"description\":\"\",\"potentialAction\":[{\"@type\":\"SearchAction\",\"target\":{\"@type\":\"EntryPoint\",\"urlTemplate\":\"https:\/\/www.koupelnapro.com\/?s={search_term_string}\"},\"query-input\":{\"@type\":\"PropertyValueSpecification\",\"valueRequired\":true,\"valueName\":\"search_term_string\"}}],\"inLanguage\":\"cs\"}]}<\/script>\n<!-- \/ Yoast SEO plugin. -->","yoast_head_json":{"title":"Zna\u010dkov\u00fd Sapho SCULE zrcadlo ve vy\u0159ez\u00e1van\u00e9m r\u00e1mu 80x120cm, zlat\u00e1 IN316 -","robots":{"index":"index","follow":"follow","max-snippet":"max-snippet:-1","max-image-preview":"max-image-preview:large","max-video-preview":"max-video-preview:-1"},"canonical":"https:\/\/www.koupelnapro.com\/index.php\/produkt\/znackovy-sapho-scule-zrcadlo-ve-vyrezavanem-ramu-80x120cm-zlata-in316-60184\/","og_locale":"cs_CZ","og_type":"article","og_title":"Zna\u010dkov\u00fd Sapho SCULE zrcadlo ve vy\u0159ez\u00e1van\u00e9m r\u00e1mu 80x120cm, zlat\u00e1 IN316 -","og_description":"Detailn\u00ed popis produktu Zrcadlo v ru\u010dn\u011b vy\u0159ez\u00e1van\u00e9m d\u0159ev\u011bn\u00e9m r\u00e1mu Celkov\u00fd rozm\u011br: 80&#215;120 cm (\u0161\u00ed\u0159ka r\u00e1mu 14 cm) Vlastnosti Zna\u010dka SAPHO S\u00e9rie SCULE &#038; SAMBLUNG Rozm\u011br 80&#215;120 cm \u0160\u00ed\u0159ka 800&nbsp;mm V\u00fd\u0161ka 1200&nbsp;mm Barva r\u00e1mu Zlato Materi\u00e1l Masiv d\u0159evo Typ zrcadla Zrcadla v r\u00e1mu Tvar Obd\u00e9ln\u00edk Hmotnost \/ ks 10.2000&nbsp;kg Balen\u00ed 1&nbsp;ks EAN 8590913857034 Taric 70099200 Z\u00e1ruka [&hellip;]","og_url":"https:\/\/www.koupelnapro.com\/index.php\/produkt\/znackovy-sapho-scule-zrcadlo-ve-vyrezavanem-ramu-80x120cm-zlata-in316-60184\/","og_image":[{"width":1000,"height":750,"url":"https:\/\/www.koupelnapro.com\/wp-content\/uploads\/2026\/SK0003889-CZ20260425-093631-0-1777080994-105573-4_in316-137417478690579.webp","type":"image\/webp"}],"twitter_card":"summary_large_image","schema":{"@context":"https:\/\/schema.org","@graph":[{"@type":"WebPage","@id":"https:\/\/www.koupelnapro.com\/index.php\/produkt\/znackovy-sapho-scule-zrcadlo-ve-vyrezavanem-ramu-80x120cm-zlata-in316-60184\/","url":"https:\/\/www.koupelnapro.com\/index.php\/produkt\/znackovy-sapho-scule-zrcadlo-ve-vyrezavanem-ramu-80x120cm-zlata-in316-60184\/","name":"Zna\u010dkov\u00fd Sapho SCULE zrcadlo ve vy\u0159ez\u00e1van\u00e9m r\u00e1mu 80x120cm, zlat\u00e1 IN316 -","isPartOf":{"@id":"https:\/\/www.koupelnapro.com\/#website"},"primaryImageOfPage":{"@id":"https:\/\/www.koupelnapro.com\/index.php\/produkt\/znackovy-sapho-scule-zrcadlo-ve-vyrezavanem-ramu-80x120cm-zlata-in316-60184\/#primaryimage"},"image":{"@id":"https:\/\/www.koupelnapro.com\/index.php\/produkt\/znackovy-sapho-scule-zrcadlo-ve-vyrezavanem-ramu-80x120cm-zlata-in316-60184\/#primaryimage"},"thumbnailUrl":"https:\/\/www.koupelnapro.com\/wp-content\/uploads\/2026\/SK0003889-CZ20260425-093631-0-1777080994-105573-4_in316-137417478690579.webp","datePublished":"2026-04-26T09:17:32+00:00","breadcrumb":{"@id":"https:\/\/www.koupelnapro.com\/index.php\/produkt\/znackovy-sapho-scule-zrcadlo-ve-vyrezavanem-ramu-80x120cm-zlata-in316-60184\/#breadcrumb"},"inLanguage":"cs","potentialAction":[{"@type":"ReadAction","target":["https:\/\/www.koupelnapro.com\/index.php\/produkt\/znackovy-sapho-scule-zrcadlo-ve-vyrezavanem-ramu-80x120cm-zlata-in316-60184\/"]}]},{"@type":"ImageObject","inLanguage":"cs","@id":"https:\/\/www.koupelnapro.com\/index.php\/produkt\/znackovy-sapho-scule-zrcadlo-ve-vyrezavanem-ramu-80x120cm-zlata-in316-60184\/#primaryimage","url":"https:\/\/www.koupelnapro.com\/wp-content\/uploads\/2026\/SK0003889-CZ20260425-093631-0-1777080994-105573-4_in316-137417478690579.webp","contentUrl":"https:\/\/www.koupelnapro.com\/wp-content\/uploads\/2026\/SK0003889-CZ20260425-093631-0-1777080994-105573-4_in316-137417478690579.webp","width":1000,"height":750},{"@type":"BreadcrumbList","@id":"https:\/\/www.koupelnapro.com\/index.php\/produkt\/znackovy-sapho-scule-zrcadlo-ve-vyrezavanem-ramu-80x120cm-zlata-in316-60184\/#breadcrumb","itemListElement":[{"@type":"ListItem","position":1,"name":"Home","item":"https:\/\/www.koupelnapro.com\/"},{"@type":"ListItem","position":2,"name":"Products","item":"https:\/\/www.koupelnapro.com\/index.php\/products\/"},{"@type":"ListItem","position":3,"name":"Zna\u010dkov\u00fd Sapho SCULE zrcadlo ve vy\u0159ez\u00e1van\u00e9m r\u00e1mu 80x120cm, zlat\u00e1 IN316"}]},{"@type":"WebSite","@id":"https:\/\/www.koupelnapro.com\/#website","url":"https:\/\/www.koupelnapro.com\/","name":"","description":"","potentialAction":[{"@type":"SearchAction","target":{"@type":"EntryPoint","urlTemplate":"https:\/\/www.koupelnapro.com\/?s={search_term_string}"},"query-input":{"@type":"PropertyValueSpecification","valueRequired":true,"valueName":"search_term_string"}}],"inLanguage":"cs"}]}},"_links":{"self":[{"href":"https:\/\/www.koupelnapro.com\/index.php\/wp-json\/wp\/v2\/product\/60184","targetHints":{"allow":["GET"]}}],"collection":[{"href":"https:\/\/www.koupelnapro.com\/index.php\/wp-json\/wp\/v2\/product"}],"about":[{"href":"https:\/\/www.koupelnapro.com\/index.php\/wp-json\/wp\/v2\/types\/product"}],"replies":[{"embeddable":true,"href":"https:\/\/www.koupelnapro.com\/index.php\/wp-json\/wp\/v2\/comments?post=60184"}],"wp:featuredmedia":[{"embeddable":true,"href":"https:\/\/www.koupelnapro.com\/index.php\/wp-json\/wp\/v2\/media\/60284"}],"wp:attachment":[{"href":"https:\/\/www.koupelnapro.com\/index.php\/wp-json\/wp\/v2\/media?parent=60184"}],"wp:term":[{"taxonomy":"product_brand","embeddable":true,"href":"https:\/\/www.koupelnapro.com\/index.php\/wp-json\/wp\/v2\/product_brand?post=60184"},{"taxonomy":"product_cat","embeddable":true,"href":"https:\/\/www.koupelnapro.com\/index.php\/wp-json\/wp\/v2\/product_cat?post=60184"},{"taxonomy":"product_tag","embeddable":true,"href":"https:\/\/www.koupelnapro.com\/index.php\/wp-json\/wp\/v2\/product_tag?post=60184"}],"curies":[{"name":"wp","href":"https:\/\/api.w.org\/{rel}","templated":true}]}}