{"id":59909,"date":"2026-04-26T09:17:31","date_gmt":"2026-04-26T09:17:31","guid":{"rendered":""},"modified":"2026-04-26T09:17:31","modified_gmt":"2026-04-26T09:17:31","slug":"aqualine-topna-tyc-s-termostatem-rovny-kabel-600-w-chrom-lt67446-primo-od-vyrobce-59909","status":"publish","type":"product","link":"https:\/\/www.koupelnapro.com\/index.php\/produkt\/aqualine-topna-tyc-s-termostatem-rovny-kabel-600-w-chrom-lt67446-primo-od-vyrobce-59909\/","title":{"rendered":"Aqualine Topn\u00e1 ty\u010d s termostatem, rovn\u00fd kabel, 600 W, chrom LT67446 P\u0159\u00edmo Od V\u00fdrobce"},"content":{"rendered":"<div class=\"basic-description\">\n<h3>Detailn\u00ed popis produktu<\/h3>\n<p><\/p>\n<p>Elektrick\u00e1 topn\u00e1 ty\u010d s&nbsp;termostatem pro automatick\u00e9 ovl\u00e1d\u00e1n\u00ed otopn\u00fdch t\u011bles<\/p>\n<p>Funkce:<\/p>\n<ul>\n<li>Komfort = termostat udr\u017euje teplotu kapaliny v&nbsp;otopn\u00e9m t\u011blese dle nastaven\u00ed u\u017eivatelem (od 40 \u00b0C do 65 \u00b0C)<\/li>\n<li>Boost = rychl\u00fd oh\u0159ev na maximum po dobu 2 hodin, pot\u00e9 se vrac\u00ed do re\u017eimu Komfort<\/li>\n<li>\u010casova\u010d = aktivace re\u017eimu Boost na 2 hodiny, n\u00e1sledn\u011b Komfort na 10 nebo 22 hodin, cyklus se st\u00e1le opakuje<\/li>\n<li>Nemrznouc\u00ed = pohotovostn\u00ed re\u017eim hl\u00edd\u00e1 nam\u011b\u0159enou teplotu, pokud klesne pod 10 \u00b0C, aktivuje se oh\u0159ev, aby nedo\u0161lo k&nbsp;zamrznut\u00ed kapaliny uvnit\u0159 otopn\u00e9ho t\u011blesa<\/li>\n<\/ul>\n<p>Technick\u00e9 parametry<\/p>\n<ul>\n<li>T\u0159\u00edda ochrany: I&nbsp;a II<\/li>\n<li>Provozn\u00ed nap\u011bt\u00ed: 230 V\/50 Hz<\/li>\n<li>Nastaven\u00ed teploty: Digit\u00e1ln\u011b<\/li>\n<li>Voliteln\u00fd teplotn\u00ed rozsah 40 \u00b0C \u00f7 65 \u00b0C, 10 \u00b0C (nemrznouc\u00ed)<\/li>\n<li>Maxim\u00e1ln\u00ed teplota tepeln\u00e9 pojistky: 152 \u00b0C<\/li>\n<li>P\u0159ipojovac\u00ed kabel: rovn\u00fd, \u0161ed\u00e1 barva, d\u00e9lka 1,2 m<\/li>\n<\/ul>\n<p>V p\u0159\u00edpad\u011b p\u0159ipojen\u00ed topn\u00e9 ty\u010de do otopn\u00e9ho t\u011blesa&nbsp;<strong>pouze na elektrick\u00e9 vyt\u00e1p\u011bn\u00ed<\/strong> je pot\u0159eba do druh\u00e9 stojny dokoupit z\u00e1slepku.<\/p>\n<h2 class=\"props-title\">Vlastnosti<\/h2>\n<table>\n<tr>\n<th>Zna\u010dka<\/th>\n<td>AQUALINE<\/td>\n<\/tr>\n<tr>\n<th>S\u00e9rie<\/th>\n<td>LT THERMO<\/td>\n<\/tr>\n<tr>\n<th>Barva<\/th>\n<td>Chrom<\/td>\n<\/tr>\n<tr>\n<th>V\u00fdkon<\/th>\n<td>600&nbsp;W<\/td>\n<\/tr>\n<tr>\n<th>Stupe\u0148 kryt\u00ed<\/th>\n<td>IP44<\/td>\n<\/tr>\n<tr>\n<th>V\u00fdbava<\/th>\n<td>\u010casova\u010d, Termostat<\/td>\n<\/tr>\n<tr>\n<th>Hmotnost \/ ks<\/th>\n<td>1.7920&nbsp;kg<\/td>\n<\/tr>\n<tr>\n<th>Balen\u00ed<\/th>\n<td>1&nbsp;ks<\/td>\n<\/tr>\n<tr>\n<th>EAN<\/th>\n<td>8590913851650<\/td>\n<\/tr>\n<tr>\n<th>Taric<\/th>\n<td>85168080<\/td>\n<\/tr>\n<tr>\n<th>Z\u00e1ruka<\/th>\n<td>2 roky<\/td>\n<\/tr>\n<\/table>\n<p>   Upozorn\u011bn\u00ed pro z\u00e1kazn\u00edky ke koupi produkt\u016f na objedn\u00e1n\u00ed: Toto zbo\u017e\u00ed nen\u00ed standardn\u00edm s\u00e9riov\u00fdm v\u00fdrobkem. Bude vyrobeno na p\u0159\u00e1n\u00ed z\u00e1kazn\u00edka a proto jej nelze dodavateli v z\u00e1konn\u00e9 lh\u016ft\u011b vr\u00e1tit. (viz \u00a71837 odst.d, ob\u010dansk\u00e9ho z\u00e1kon\u00edku). V tomto p\u0159\u00edpad\u011b m\u016f\u017eeme po\u017eadovat nevratnou z\u00e1lohu a\u017e do v\u00fd\u0161e 100 % z ceny v\u00fdrobku.                            <\/p><\/div>\n","protected":false},"excerpt":{"rendered":"<p>Detailn\u00ed popis produktu Elektrick\u00e1 topn\u00e1 ty\u010d s&nbsp;termostatem pro automatick\u00e9 ovl\u00e1d\u00e1n\u00ed otopn\u00fdch t\u011bles Funkce: Komfort = termostat udr\u017euje teplotu kapaliny v&nbsp;otopn\u00e9m t\u011blese dle nastaven\u00ed u\u017eivatelem (od 40 \u00b0C do 65 \u00b0C) Boost = rychl\u00fd oh\u0159ev na maximum po dobu 2 hodin, pot\u00e9 se vrac\u00ed do re\u017eimu Komfort \u010casova\u010d = aktivace re\u017eimu Boost na 2 hodiny, n\u00e1sledn\u011b [&hellip;]<\/p>\n","protected":false},"featured_media":60009,"comment_status":"open","ping_status":"open","template":"","meta":[],"product_brand":[],"product_cat":[195],"product_tag":[],"class_list":{"0":"post-59909","1":"product","2":"type-product","3":"status-publish","4":"has-post-thumbnail","6":"product_cat-vytapeni","8":"first","9":"instock","10":"sale","11":"shipping-taxable","12":"purchasable","13":"product-type-simple"},"yoast_head":"<!-- This site is optimized with the Yoast SEO plugin v26.8 - https:\/\/yoast.com\/product\/yoast-seo-wordpress\/ -->\n<title>Aqualine Topn\u00e1 ty\u010d s termostatem, rovn\u00fd kabel, 600 W, chrom LT67446 P\u0159\u00edmo Od V\u00fdrobce -<\/title>\n<meta name=\"robots\" content=\"index, follow, max-snippet:-1, max-image-preview:large, max-video-preview:-1\" \/>\n<link rel=\"canonical\" href=\"https:\/\/www.koupelnapro.com\/index.php\/produkt\/aqualine-topna-tyc-s-termostatem-rovny-kabel-600-w-chrom-lt67446-primo-od-vyrobce-59909\/\" \/>\n<meta property=\"og:locale\" content=\"cs_CZ\" \/>\n<meta property=\"og:type\" content=\"article\" \/>\n<meta property=\"og:title\" content=\"Aqualine Topn\u00e1 ty\u010d s termostatem, rovn\u00fd kabel, 600 W, chrom LT67446 P\u0159\u00edmo Od V\u00fdrobce -\" \/>\n<meta property=\"og:description\" content=\"Detailn\u00ed popis produktu Elektrick\u00e1 topn\u00e1 ty\u010d s&nbsp;termostatem pro automatick\u00e9 ovl\u00e1d\u00e1n\u00ed otopn\u00fdch t\u011bles Funkce: Komfort = termostat udr\u017euje teplotu kapaliny v&nbsp;otopn\u00e9m t\u011blese dle nastaven\u00ed u\u017eivatelem (od 40 \u00b0C do 65 \u00b0C) Boost = rychl\u00fd oh\u0159ev na maximum po dobu 2 hodin, pot\u00e9 se vrac\u00ed do re\u017eimu Komfort \u010casova\u010d = aktivace re\u017eimu Boost na 2 hodiny, n\u00e1sledn\u011b [&hellip;]\" \/>\n<meta property=\"og:url\" content=\"https:\/\/www.koupelnapro.com\/index.php\/produkt\/aqualine-topna-tyc-s-termostatem-rovny-kabel-600-w-chrom-lt67446-primo-od-vyrobce-59909\/\" \/>\n<meta property=\"og:image\" content=\"https:\/\/www.koupelnapro.com\/wp-content\/uploads\/2026\/SK0003705-CZ20260425-093631-0-1777080994-102063-2_lt67446-137417478695489.webp\" \/>\n\t<meta property=\"og:image:width\" content=\"1000\" \/>\n\t<meta property=\"og:image:height\" content=\"750\" \/>\n\t<meta property=\"og:image:type\" content=\"image\/webp\" \/>\n<meta name=\"twitter:card\" content=\"summary_large_image\" \/>\n<meta name=\"twitter:label1\" content=\"Odhadovan\u00e1 doba \u010dten\u00ed\" \/>\n\t<meta name=\"twitter:data1\" content=\"1 minuta\" \/>\n<script type=\"application\/ld+json\" class=\"yoast-schema-graph\">{\"@context\":\"https:\/\/schema.org\",\"@graph\":[{\"@type\":\"WebPage\",\"@id\":\"https:\/\/www.koupelnapro.com\/index.php\/produkt\/aqualine-topna-tyc-s-termostatem-rovny-kabel-600-w-chrom-lt67446-primo-od-vyrobce-59909\/\",\"url\":\"https:\/\/www.koupelnapro.com\/index.php\/produkt\/aqualine-topna-tyc-s-termostatem-rovny-kabel-600-w-chrom-lt67446-primo-od-vyrobce-59909\/\",\"name\":\"Aqualine Topn\u00e1 ty\u010d s termostatem, rovn\u00fd kabel, 600 W, chrom LT67446 P\u0159\u00edmo Od V\u00fdrobce -\",\"isPartOf\":{\"@id\":\"https:\/\/www.koupelnapro.com\/#website\"},\"primaryImageOfPage\":{\"@id\":\"https:\/\/www.koupelnapro.com\/index.php\/produkt\/aqualine-topna-tyc-s-termostatem-rovny-kabel-600-w-chrom-lt67446-primo-od-vyrobce-59909\/#primaryimage\"},\"image\":{\"@id\":\"https:\/\/www.koupelnapro.com\/index.php\/produkt\/aqualine-topna-tyc-s-termostatem-rovny-kabel-600-w-chrom-lt67446-primo-od-vyrobce-59909\/#primaryimage\"},\"thumbnailUrl\":\"https:\/\/www.koupelnapro.com\/wp-content\/uploads\/2026\/SK0003705-CZ20260425-093631-0-1777080994-102063-2_lt67446-137417478695489.webp\",\"datePublished\":\"2026-04-26T09:17:31+00:00\",\"breadcrumb\":{\"@id\":\"https:\/\/www.koupelnapro.com\/index.php\/produkt\/aqualine-topna-tyc-s-termostatem-rovny-kabel-600-w-chrom-lt67446-primo-od-vyrobce-59909\/#breadcrumb\"},\"inLanguage\":\"cs\",\"potentialAction\":[{\"@type\":\"ReadAction\",\"target\":[\"https:\/\/www.koupelnapro.com\/index.php\/produkt\/aqualine-topna-tyc-s-termostatem-rovny-kabel-600-w-chrom-lt67446-primo-od-vyrobce-59909\/\"]}]},{\"@type\":\"ImageObject\",\"inLanguage\":\"cs\",\"@id\":\"https:\/\/www.koupelnapro.com\/index.php\/produkt\/aqualine-topna-tyc-s-termostatem-rovny-kabel-600-w-chrom-lt67446-primo-od-vyrobce-59909\/#primaryimage\",\"url\":\"https:\/\/www.koupelnapro.com\/wp-content\/uploads\/2026\/SK0003705-CZ20260425-093631-0-1777080994-102063-2_lt67446-137417478695489.webp\",\"contentUrl\":\"https:\/\/www.koupelnapro.com\/wp-content\/uploads\/2026\/SK0003705-CZ20260425-093631-0-1777080994-102063-2_lt67446-137417478695489.webp\",\"width\":1000,\"height\":750},{\"@type\":\"BreadcrumbList\",\"@id\":\"https:\/\/www.koupelnapro.com\/index.php\/produkt\/aqualine-topna-tyc-s-termostatem-rovny-kabel-600-w-chrom-lt67446-primo-od-vyrobce-59909\/#breadcrumb\",\"itemListElement\":[{\"@type\":\"ListItem\",\"position\":1,\"name\":\"Home\",\"item\":\"https:\/\/www.koupelnapro.com\/\"},{\"@type\":\"ListItem\",\"position\":2,\"name\":\"Products\",\"item\":\"https:\/\/www.koupelnapro.com\/index.php\/products\/\"},{\"@type\":\"ListItem\",\"position\":3,\"name\":\"Aqualine Topn\u00e1 ty\u010d s termostatem, rovn\u00fd kabel, 600 W, chrom LT67446 P\u0159\u00edmo Od V\u00fdrobce\"}]},{\"@type\":\"WebSite\",\"@id\":\"https:\/\/www.koupelnapro.com\/#website\",\"url\":\"https:\/\/www.koupelnapro.com\/\",\"name\":\"\",\"description\":\"\",\"potentialAction\":[{\"@type\":\"SearchAction\",\"target\":{\"@type\":\"EntryPoint\",\"urlTemplate\":\"https:\/\/www.koupelnapro.com\/?s={search_term_string}\"},\"query-input\":{\"@type\":\"PropertyValueSpecification\",\"valueRequired\":true,\"valueName\":\"search_term_string\"}}],\"inLanguage\":\"cs\"}]}<\/script>\n<!-- \/ Yoast SEO plugin. -->","yoast_head_json":{"title":"Aqualine Topn\u00e1 ty\u010d s termostatem, rovn\u00fd kabel, 600 W, chrom LT67446 P\u0159\u00edmo Od V\u00fdrobce -","robots":{"index":"index","follow":"follow","max-snippet":"max-snippet:-1","max-image-preview":"max-image-preview:large","max-video-preview":"max-video-preview:-1"},"canonical":"https:\/\/www.koupelnapro.com\/index.php\/produkt\/aqualine-topna-tyc-s-termostatem-rovny-kabel-600-w-chrom-lt67446-primo-od-vyrobce-59909\/","og_locale":"cs_CZ","og_type":"article","og_title":"Aqualine Topn\u00e1 ty\u010d s termostatem, rovn\u00fd kabel, 600 W, chrom LT67446 P\u0159\u00edmo Od V\u00fdrobce -","og_description":"Detailn\u00ed popis produktu Elektrick\u00e1 topn\u00e1 ty\u010d s&nbsp;termostatem pro automatick\u00e9 ovl\u00e1d\u00e1n\u00ed otopn\u00fdch t\u011bles Funkce: Komfort = termostat udr\u017euje teplotu kapaliny v&nbsp;otopn\u00e9m t\u011blese dle nastaven\u00ed u\u017eivatelem (od 40 \u00b0C do 65 \u00b0C) Boost = rychl\u00fd oh\u0159ev na maximum po dobu 2 hodin, pot\u00e9 se vrac\u00ed do re\u017eimu Komfort \u010casova\u010d = aktivace re\u017eimu Boost na 2 hodiny, n\u00e1sledn\u011b [&hellip;]","og_url":"https:\/\/www.koupelnapro.com\/index.php\/produkt\/aqualine-topna-tyc-s-termostatem-rovny-kabel-600-w-chrom-lt67446-primo-od-vyrobce-59909\/","og_image":[{"width":1000,"height":750,"url":"https:\/\/www.koupelnapro.com\/wp-content\/uploads\/2026\/SK0003705-CZ20260425-093631-0-1777080994-102063-2_lt67446-137417478695489.webp","type":"image\/webp"}],"twitter_card":"summary_large_image","twitter_misc":{"Odhadovan\u00e1 doba \u010dten\u00ed":"1 minuta"},"schema":{"@context":"https:\/\/schema.org","@graph":[{"@type":"WebPage","@id":"https:\/\/www.koupelnapro.com\/index.php\/produkt\/aqualine-topna-tyc-s-termostatem-rovny-kabel-600-w-chrom-lt67446-primo-od-vyrobce-59909\/","url":"https:\/\/www.koupelnapro.com\/index.php\/produkt\/aqualine-topna-tyc-s-termostatem-rovny-kabel-600-w-chrom-lt67446-primo-od-vyrobce-59909\/","name":"Aqualine Topn\u00e1 ty\u010d s termostatem, rovn\u00fd kabel, 600 W, chrom LT67446 P\u0159\u00edmo Od V\u00fdrobce -","isPartOf":{"@id":"https:\/\/www.koupelnapro.com\/#website"},"primaryImageOfPage":{"@id":"https:\/\/www.koupelnapro.com\/index.php\/produkt\/aqualine-topna-tyc-s-termostatem-rovny-kabel-600-w-chrom-lt67446-primo-od-vyrobce-59909\/#primaryimage"},"image":{"@id":"https:\/\/www.koupelnapro.com\/index.php\/produkt\/aqualine-topna-tyc-s-termostatem-rovny-kabel-600-w-chrom-lt67446-primo-od-vyrobce-59909\/#primaryimage"},"thumbnailUrl":"https:\/\/www.koupelnapro.com\/wp-content\/uploads\/2026\/SK0003705-CZ20260425-093631-0-1777080994-102063-2_lt67446-137417478695489.webp","datePublished":"2026-04-26T09:17:31+00:00","breadcrumb":{"@id":"https:\/\/www.koupelnapro.com\/index.php\/produkt\/aqualine-topna-tyc-s-termostatem-rovny-kabel-600-w-chrom-lt67446-primo-od-vyrobce-59909\/#breadcrumb"},"inLanguage":"cs","potentialAction":[{"@type":"ReadAction","target":["https:\/\/www.koupelnapro.com\/index.php\/produkt\/aqualine-topna-tyc-s-termostatem-rovny-kabel-600-w-chrom-lt67446-primo-od-vyrobce-59909\/"]}]},{"@type":"ImageObject","inLanguage":"cs","@id":"https:\/\/www.koupelnapro.com\/index.php\/produkt\/aqualine-topna-tyc-s-termostatem-rovny-kabel-600-w-chrom-lt67446-primo-od-vyrobce-59909\/#primaryimage","url":"https:\/\/www.koupelnapro.com\/wp-content\/uploads\/2026\/SK0003705-CZ20260425-093631-0-1777080994-102063-2_lt67446-137417478695489.webp","contentUrl":"https:\/\/www.koupelnapro.com\/wp-content\/uploads\/2026\/SK0003705-CZ20260425-093631-0-1777080994-102063-2_lt67446-137417478695489.webp","width":1000,"height":750},{"@type":"BreadcrumbList","@id":"https:\/\/www.koupelnapro.com\/index.php\/produkt\/aqualine-topna-tyc-s-termostatem-rovny-kabel-600-w-chrom-lt67446-primo-od-vyrobce-59909\/#breadcrumb","itemListElement":[{"@type":"ListItem","position":1,"name":"Home","item":"https:\/\/www.koupelnapro.com\/"},{"@type":"ListItem","position":2,"name":"Products","item":"https:\/\/www.koupelnapro.com\/index.php\/products\/"},{"@type":"ListItem","position":3,"name":"Aqualine Topn\u00e1 ty\u010d s termostatem, rovn\u00fd kabel, 600 W, chrom LT67446 P\u0159\u00edmo Od V\u00fdrobce"}]},{"@type":"WebSite","@id":"https:\/\/www.koupelnapro.com\/#website","url":"https:\/\/www.koupelnapro.com\/","name":"","description":"","potentialAction":[{"@type":"SearchAction","target":{"@type":"EntryPoint","urlTemplate":"https:\/\/www.koupelnapro.com\/?s={search_term_string}"},"query-input":{"@type":"PropertyValueSpecification","valueRequired":true,"valueName":"search_term_string"}}],"inLanguage":"cs"}]}},"_links":{"self":[{"href":"https:\/\/www.koupelnapro.com\/index.php\/wp-json\/wp\/v2\/product\/59909","targetHints":{"allow":["GET"]}}],"collection":[{"href":"https:\/\/www.koupelnapro.com\/index.php\/wp-json\/wp\/v2\/product"}],"about":[{"href":"https:\/\/www.koupelnapro.com\/index.php\/wp-json\/wp\/v2\/types\/product"}],"replies":[{"embeddable":true,"href":"https:\/\/www.koupelnapro.com\/index.php\/wp-json\/wp\/v2\/comments?post=59909"}],"wp:featuredmedia":[{"embeddable":true,"href":"https:\/\/www.koupelnapro.com\/index.php\/wp-json\/wp\/v2\/media\/60009"}],"wp:attachment":[{"href":"https:\/\/www.koupelnapro.com\/index.php\/wp-json\/wp\/v2\/media?parent=59909"}],"wp:term":[{"taxonomy":"product_brand","embeddable":true,"href":"https:\/\/www.koupelnapro.com\/index.php\/wp-json\/wp\/v2\/product_brand?post=59909"},{"taxonomy":"product_cat","embeddable":true,"href":"https:\/\/www.koupelnapro.com\/index.php\/wp-json\/wp\/v2\/product_cat?post=59909"},{"taxonomy":"product_tag","embeddable":true,"href":"https:\/\/www.koupelnapro.com\/index.php\/wp-json\/wp\/v2\/product_tag?post=59909"}],"curies":[{"name":"wp","href":"https:\/\/api.w.org\/{rel}","templated":true}]}}