{"id":59340,"date":"2026-04-26T09:17:28","date_gmt":"2026-04-26T09:17:28","guid":{"rendered":""},"modified":"2026-04-26T09:17:28","modified_gmt":"2026-04-26T09:17:28","slug":"znackovy-sapho-kirke-white-podomitkova-sprchova-baterie-2-vystupy-bila-packa-zlato-ki42bz-59340","status":"publish","type":"product","link":"https:\/\/www.koupelnapro.com\/index.php\/produkt\/znackovy-sapho-kirke-white-podomitkova-sprchova-baterie-2-vystupy-bila-packa-zlato-ki42bz-59340\/","title":{"rendered":"Zna\u010dkov\u00fd Sapho KIRK\u00c9 WHITE podom\u00edtkov\u00e1 sprchov\u00e1 baterie, 2 v\u00fdstupy, b\u00edl\u00e1 p\u00e1\u010dka, zlato KI42BZ"},"content":{"rendered":"<div class=\"basic-description\">\n<h3>Detailn\u00ed popis produktu<\/h3>\n<p><\/p>\n<p style=\"text-align: justify;\">Vodovodn\u00ed baterie KIRK\u00c9 WHITE s b\u00edlou keramickou p\u00e1\u010dkou se sv\u00fdm designem \u0159ad\u00ed mezi baterie, kter\u00e9 zaz\u00e1\u0159\u00ed v koupeln\u011b za\u0159\u00edzen\u00e9 v retro stylu. Oproti kohoutkov\u00fdm retro bateri\u00edm poskytuj\u00ed v\u00fdhodu v p\u00e1kov\u00e9m ovl\u00e1d\u00e1n\u00ed. Proto je mnohem snadn\u011bj\u0161\u00ed nastavit teplotu i&nbsp;pr\u016ftok vody. Tak\u00e9 maj\u00ed mnoho \u201etv\u00e1\u0159\u00ed\u201c ve smyslu barevn\u00e9ho proveden\u00ed. V na\u0161\u00ed nab\u00eddce je naleznete v chromu, bronzu a zlat\u011b.<\/p>\n<h2 class=\"props-title\">Vlastnosti<\/h2>\n<table>\n<tr>\n<th>Zna\u010dka<\/th>\n<td>SAPHO<\/td>\n<\/tr>\n<tr>\n<th>S\u00e9rie<\/th>\n<td>KIRK\u00c9 WHITE<\/td>\n<\/tr>\n<tr>\n<th>V\u00fd\u0161ka<\/th>\n<td>190&nbsp;mm<\/td>\n<\/tr>\n<tr>\n<th>Barva<\/th>\n<td>Zlato<\/td>\n<\/tr>\n<tr>\n<th>Materi\u00e1l<\/th>\n<td>Mosaz<\/td>\n<\/tr>\n<tr>\n<th>Tvar<\/th>\n<td>Retro<\/td>\n<\/tr>\n<tr>\n<th>Instalace<\/th>\n<td>Podom\u00edtkov\u00e1<\/td>\n<\/tr>\n<tr>\n<th>Druh ovl\u00e1d\u00e1n\u00ed<\/th>\n<td>P\u00e1ka<\/td>\n<\/tr>\n<tr>\n<th>P\u0159ep\u00edna\u010d na sprchu<\/th>\n<td>Tlakov\u00fd<\/td>\n<\/tr>\n<tr>\n<th>Pr\u016fm\u011br kartu\u0161e<\/th>\n<td>42&nbsp;mm<\/td>\n<\/tr>\n<tr>\n<th>Ostatn\u00ed<\/th>\n<td>2 v\u00fdstupy<\/td>\n<\/tr>\n<tr>\n<th>Hmotnost \/ ks<\/th>\n<td>1.4500&nbsp;kg<\/td>\n<\/tr>\n<tr>\n<th>Balen\u00ed<\/th>\n<td>1&nbsp;ks<\/td>\n<\/tr>\n<tr>\n<th>EAN<\/th>\n<td>8590913844973<\/td>\n<\/tr>\n<tr>\n<th>Taric<\/th>\n<td>84818011<\/td>\n<\/tr>\n<tr>\n<th>Z\u00e1ruka<\/th>\n<td>6 let<\/td>\n<\/tr>\n<\/table>\n<p>   Upozorn\u011bn\u00ed pro z\u00e1kazn\u00edky ke koupi produkt\u016f na objedn\u00e1n\u00ed: Toto zbo\u017e\u00ed nen\u00ed standardn\u00edm s\u00e9riov\u00fdm v\u00fdrobkem. Bude vyrobeno na p\u0159\u00e1n\u00ed z\u00e1kazn\u00edka a proto jej nelze dodavateli v z\u00e1konn\u00e9 lh\u016ft\u011b vr\u00e1tit. (viz \u00a71837 odst.d, ob\u010dansk\u00e9ho z\u00e1kon\u00edku). V tomto p\u0159\u00edpad\u011b m\u016f\u017eeme po\u017eadovat nevratnou z\u00e1lohu a\u017e do v\u00fd\u0161e 100 % z ceny v\u00fdrobku.                            <\/p><\/div>\n","protected":false},"excerpt":{"rendered":"<p>Detailn\u00ed popis produktu Vodovodn\u00ed baterie KIRK\u00c9 WHITE s b\u00edlou keramickou p\u00e1\u010dkou se sv\u00fdm designem \u0159ad\u00ed mezi baterie, kter\u00e9 zaz\u00e1\u0159\u00ed v koupeln\u011b za\u0159\u00edzen\u00e9 v retro stylu. Oproti kohoutkov\u00fdm retro bateri\u00edm poskytuj\u00ed v\u00fdhodu v p\u00e1kov\u00e9m ovl\u00e1d\u00e1n\u00ed. Proto je mnohem snadn\u011bj\u0161\u00ed nastavit teplotu i&nbsp;pr\u016ftok vody. Tak\u00e9 maj\u00ed mnoho \u201etv\u00e1\u0159\u00ed\u201c ve smyslu barevn\u00e9ho proveden\u00ed. V na\u0161\u00ed nab\u00eddce je naleznete [&hellip;]<\/p>\n","protected":false},"featured_media":59440,"comment_status":"open","ping_status":"open","template":"","meta":[],"product_brand":[],"product_cat":[124],"product_tag":[],"class_list":{"0":"post-59340","1":"product","2":"type-product","3":"status-publish","4":"has-post-thumbnail","6":"product_cat-vodovodni-baterie","8":"first","9":"instock","10":"sale","11":"shipping-taxable","12":"purchasable","13":"product-type-simple"},"yoast_head":"<!-- This site is optimized with the Yoast SEO plugin v26.8 - https:\/\/yoast.com\/product\/yoast-seo-wordpress\/ -->\n<title>Zna\u010dkov\u00fd Sapho KIRK\u00c9 WHITE podom\u00edtkov\u00e1 sprchov\u00e1 baterie, 2 v\u00fdstupy, b\u00edl\u00e1 p\u00e1\u010dka, zlato KI42BZ -<\/title>\n<meta name=\"robots\" content=\"index, follow, max-snippet:-1, max-image-preview:large, max-video-preview:-1\" \/>\n<link rel=\"canonical\" href=\"https:\/\/www.koupelnapro.com\/index.php\/produkt\/znackovy-sapho-kirke-white-podomitkova-sprchova-baterie-2-vystupy-bila-packa-zlato-ki42bz-59340\/\" \/>\n<meta property=\"og:locale\" content=\"cs_CZ\" \/>\n<meta property=\"og:type\" content=\"article\" \/>\n<meta property=\"og:title\" content=\"Zna\u010dkov\u00fd Sapho KIRK\u00c9 WHITE podom\u00edtkov\u00e1 sprchov\u00e1 baterie, 2 v\u00fdstupy, b\u00edl\u00e1 p\u00e1\u010dka, zlato KI42BZ -\" \/>\n<meta property=\"og:description\" content=\"Detailn\u00ed popis produktu Vodovodn\u00ed baterie KIRK\u00c9 WHITE s b\u00edlou keramickou p\u00e1\u010dkou se sv\u00fdm designem \u0159ad\u00ed mezi baterie, kter\u00e9 zaz\u00e1\u0159\u00ed v koupeln\u011b za\u0159\u00edzen\u00e9 v retro stylu. Oproti kohoutkov\u00fdm retro bateri\u00edm poskytuj\u00ed v\u00fdhodu v p\u00e1kov\u00e9m ovl\u00e1d\u00e1n\u00ed. Proto je mnohem snadn\u011bj\u0161\u00ed nastavit teplotu i&nbsp;pr\u016ftok vody. Tak\u00e9 maj\u00ed mnoho \u201etv\u00e1\u0159\u00ed\u201c ve smyslu barevn\u00e9ho proveden\u00ed. V na\u0161\u00ed nab\u00eddce je naleznete [&hellip;]\" \/>\n<meta property=\"og:url\" content=\"https:\/\/www.koupelnapro.com\/index.php\/produkt\/znackovy-sapho-kirke-white-podomitkova-sprchova-baterie-2-vystupy-bila-packa-zlato-ki42bz-59340\/\" \/>\n<meta property=\"og:image\" content=\"https:\/\/www.koupelnapro.com\/wp-content\/uploads\/2026\/SK0003432-CZ20260425-093631-0-1777080994-98784_ki42bz-137417478694465.webp\" \/>\n\t<meta property=\"og:image:width\" content=\"1000\" \/>\n\t<meta property=\"og:image:height\" content=\"750\" \/>\n\t<meta property=\"og:image:type\" content=\"image\/webp\" \/>\n<meta name=\"twitter:card\" content=\"summary_large_image\" \/>\n<meta name=\"twitter:label1\" content=\"Odhadovan\u00e1 doba \u010dten\u00ed\" \/>\n\t<meta name=\"twitter:data1\" content=\"1 minuta\" \/>\n<script type=\"application\/ld+json\" class=\"yoast-schema-graph\">{\"@context\":\"https:\/\/schema.org\",\"@graph\":[{\"@type\":\"WebPage\",\"@id\":\"https:\/\/www.koupelnapro.com\/index.php\/produkt\/znackovy-sapho-kirke-white-podomitkova-sprchova-baterie-2-vystupy-bila-packa-zlato-ki42bz-59340\/\",\"url\":\"https:\/\/www.koupelnapro.com\/index.php\/produkt\/znackovy-sapho-kirke-white-podomitkova-sprchova-baterie-2-vystupy-bila-packa-zlato-ki42bz-59340\/\",\"name\":\"Zna\u010dkov\u00fd Sapho KIRK\u00c9 WHITE podom\u00edtkov\u00e1 sprchov\u00e1 baterie, 2 v\u00fdstupy, b\u00edl\u00e1 p\u00e1\u010dka, zlato KI42BZ -\",\"isPartOf\":{\"@id\":\"https:\/\/www.koupelnapro.com\/#website\"},\"primaryImageOfPage\":{\"@id\":\"https:\/\/www.koupelnapro.com\/index.php\/produkt\/znackovy-sapho-kirke-white-podomitkova-sprchova-baterie-2-vystupy-bila-packa-zlato-ki42bz-59340\/#primaryimage\"},\"image\":{\"@id\":\"https:\/\/www.koupelnapro.com\/index.php\/produkt\/znackovy-sapho-kirke-white-podomitkova-sprchova-baterie-2-vystupy-bila-packa-zlato-ki42bz-59340\/#primaryimage\"},\"thumbnailUrl\":\"https:\/\/www.koupelnapro.com\/wp-content\/uploads\/2026\/SK0003432-CZ20260425-093631-0-1777080994-98784_ki42bz-137417478694465.webp\",\"datePublished\":\"2026-04-26T09:17:28+00:00\",\"breadcrumb\":{\"@id\":\"https:\/\/www.koupelnapro.com\/index.php\/produkt\/znackovy-sapho-kirke-white-podomitkova-sprchova-baterie-2-vystupy-bila-packa-zlato-ki42bz-59340\/#breadcrumb\"},\"inLanguage\":\"cs\",\"potentialAction\":[{\"@type\":\"ReadAction\",\"target\":[\"https:\/\/www.koupelnapro.com\/index.php\/produkt\/znackovy-sapho-kirke-white-podomitkova-sprchova-baterie-2-vystupy-bila-packa-zlato-ki42bz-59340\/\"]}]},{\"@type\":\"ImageObject\",\"inLanguage\":\"cs\",\"@id\":\"https:\/\/www.koupelnapro.com\/index.php\/produkt\/znackovy-sapho-kirke-white-podomitkova-sprchova-baterie-2-vystupy-bila-packa-zlato-ki42bz-59340\/#primaryimage\",\"url\":\"https:\/\/www.koupelnapro.com\/wp-content\/uploads\/2026\/SK0003432-CZ20260425-093631-0-1777080994-98784_ki42bz-137417478694465.webp\",\"contentUrl\":\"https:\/\/www.koupelnapro.com\/wp-content\/uploads\/2026\/SK0003432-CZ20260425-093631-0-1777080994-98784_ki42bz-137417478694465.webp\",\"width\":1000,\"height\":750},{\"@type\":\"BreadcrumbList\",\"@id\":\"https:\/\/www.koupelnapro.com\/index.php\/produkt\/znackovy-sapho-kirke-white-podomitkova-sprchova-baterie-2-vystupy-bila-packa-zlato-ki42bz-59340\/#breadcrumb\",\"itemListElement\":[{\"@type\":\"ListItem\",\"position\":1,\"name\":\"Home\",\"item\":\"https:\/\/www.koupelnapro.com\/\"},{\"@type\":\"ListItem\",\"position\":2,\"name\":\"Products\",\"item\":\"https:\/\/www.koupelnapro.com\/index.php\/products\/\"},{\"@type\":\"ListItem\",\"position\":3,\"name\":\"Zna\u010dkov\u00fd Sapho KIRK\u00c9 WHITE podom\u00edtkov\u00e1 sprchov\u00e1 baterie, 2 v\u00fdstupy, b\u00edl\u00e1 p\u00e1\u010dka, zlato KI42BZ\"}]},{\"@type\":\"WebSite\",\"@id\":\"https:\/\/www.koupelnapro.com\/#website\",\"url\":\"https:\/\/www.koupelnapro.com\/\",\"name\":\"\",\"description\":\"\",\"potentialAction\":[{\"@type\":\"SearchAction\",\"target\":{\"@type\":\"EntryPoint\",\"urlTemplate\":\"https:\/\/www.koupelnapro.com\/?s={search_term_string}\"},\"query-input\":{\"@type\":\"PropertyValueSpecification\",\"valueRequired\":true,\"valueName\":\"search_term_string\"}}],\"inLanguage\":\"cs\"}]}<\/script>\n<!-- \/ Yoast SEO plugin. -->","yoast_head_json":{"title":"Zna\u010dkov\u00fd Sapho KIRK\u00c9 WHITE podom\u00edtkov\u00e1 sprchov\u00e1 baterie, 2 v\u00fdstupy, b\u00edl\u00e1 p\u00e1\u010dka, zlato KI42BZ -","robots":{"index":"index","follow":"follow","max-snippet":"max-snippet:-1","max-image-preview":"max-image-preview:large","max-video-preview":"max-video-preview:-1"},"canonical":"https:\/\/www.koupelnapro.com\/index.php\/produkt\/znackovy-sapho-kirke-white-podomitkova-sprchova-baterie-2-vystupy-bila-packa-zlato-ki42bz-59340\/","og_locale":"cs_CZ","og_type":"article","og_title":"Zna\u010dkov\u00fd Sapho KIRK\u00c9 WHITE podom\u00edtkov\u00e1 sprchov\u00e1 baterie, 2 v\u00fdstupy, b\u00edl\u00e1 p\u00e1\u010dka, zlato KI42BZ -","og_description":"Detailn\u00ed popis produktu Vodovodn\u00ed baterie KIRK\u00c9 WHITE s b\u00edlou keramickou p\u00e1\u010dkou se sv\u00fdm designem \u0159ad\u00ed mezi baterie, kter\u00e9 zaz\u00e1\u0159\u00ed v koupeln\u011b za\u0159\u00edzen\u00e9 v retro stylu. Oproti kohoutkov\u00fdm retro bateri\u00edm poskytuj\u00ed v\u00fdhodu v p\u00e1kov\u00e9m ovl\u00e1d\u00e1n\u00ed. Proto je mnohem snadn\u011bj\u0161\u00ed nastavit teplotu i&nbsp;pr\u016ftok vody. Tak\u00e9 maj\u00ed mnoho \u201etv\u00e1\u0159\u00ed\u201c ve smyslu barevn\u00e9ho proveden\u00ed. V na\u0161\u00ed nab\u00eddce je naleznete [&hellip;]","og_url":"https:\/\/www.koupelnapro.com\/index.php\/produkt\/znackovy-sapho-kirke-white-podomitkova-sprchova-baterie-2-vystupy-bila-packa-zlato-ki42bz-59340\/","og_image":[{"width":1000,"height":750,"url":"https:\/\/www.koupelnapro.com\/wp-content\/uploads\/2026\/SK0003432-CZ20260425-093631-0-1777080994-98784_ki42bz-137417478694465.webp","type":"image\/webp"}],"twitter_card":"summary_large_image","twitter_misc":{"Odhadovan\u00e1 doba \u010dten\u00ed":"1 minuta"},"schema":{"@context":"https:\/\/schema.org","@graph":[{"@type":"WebPage","@id":"https:\/\/www.koupelnapro.com\/index.php\/produkt\/znackovy-sapho-kirke-white-podomitkova-sprchova-baterie-2-vystupy-bila-packa-zlato-ki42bz-59340\/","url":"https:\/\/www.koupelnapro.com\/index.php\/produkt\/znackovy-sapho-kirke-white-podomitkova-sprchova-baterie-2-vystupy-bila-packa-zlato-ki42bz-59340\/","name":"Zna\u010dkov\u00fd Sapho KIRK\u00c9 WHITE podom\u00edtkov\u00e1 sprchov\u00e1 baterie, 2 v\u00fdstupy, b\u00edl\u00e1 p\u00e1\u010dka, zlato KI42BZ -","isPartOf":{"@id":"https:\/\/www.koupelnapro.com\/#website"},"primaryImageOfPage":{"@id":"https:\/\/www.koupelnapro.com\/index.php\/produkt\/znackovy-sapho-kirke-white-podomitkova-sprchova-baterie-2-vystupy-bila-packa-zlato-ki42bz-59340\/#primaryimage"},"image":{"@id":"https:\/\/www.koupelnapro.com\/index.php\/produkt\/znackovy-sapho-kirke-white-podomitkova-sprchova-baterie-2-vystupy-bila-packa-zlato-ki42bz-59340\/#primaryimage"},"thumbnailUrl":"https:\/\/www.koupelnapro.com\/wp-content\/uploads\/2026\/SK0003432-CZ20260425-093631-0-1777080994-98784_ki42bz-137417478694465.webp","datePublished":"2026-04-26T09:17:28+00:00","breadcrumb":{"@id":"https:\/\/www.koupelnapro.com\/index.php\/produkt\/znackovy-sapho-kirke-white-podomitkova-sprchova-baterie-2-vystupy-bila-packa-zlato-ki42bz-59340\/#breadcrumb"},"inLanguage":"cs","potentialAction":[{"@type":"ReadAction","target":["https:\/\/www.koupelnapro.com\/index.php\/produkt\/znackovy-sapho-kirke-white-podomitkova-sprchova-baterie-2-vystupy-bila-packa-zlato-ki42bz-59340\/"]}]},{"@type":"ImageObject","inLanguage":"cs","@id":"https:\/\/www.koupelnapro.com\/index.php\/produkt\/znackovy-sapho-kirke-white-podomitkova-sprchova-baterie-2-vystupy-bila-packa-zlato-ki42bz-59340\/#primaryimage","url":"https:\/\/www.koupelnapro.com\/wp-content\/uploads\/2026\/SK0003432-CZ20260425-093631-0-1777080994-98784_ki42bz-137417478694465.webp","contentUrl":"https:\/\/www.koupelnapro.com\/wp-content\/uploads\/2026\/SK0003432-CZ20260425-093631-0-1777080994-98784_ki42bz-137417478694465.webp","width":1000,"height":750},{"@type":"BreadcrumbList","@id":"https:\/\/www.koupelnapro.com\/index.php\/produkt\/znackovy-sapho-kirke-white-podomitkova-sprchova-baterie-2-vystupy-bila-packa-zlato-ki42bz-59340\/#breadcrumb","itemListElement":[{"@type":"ListItem","position":1,"name":"Home","item":"https:\/\/www.koupelnapro.com\/"},{"@type":"ListItem","position":2,"name":"Products","item":"https:\/\/www.koupelnapro.com\/index.php\/products\/"},{"@type":"ListItem","position":3,"name":"Zna\u010dkov\u00fd Sapho KIRK\u00c9 WHITE podom\u00edtkov\u00e1 sprchov\u00e1 baterie, 2 v\u00fdstupy, b\u00edl\u00e1 p\u00e1\u010dka, zlato KI42BZ"}]},{"@type":"WebSite","@id":"https:\/\/www.koupelnapro.com\/#website","url":"https:\/\/www.koupelnapro.com\/","name":"","description":"","potentialAction":[{"@type":"SearchAction","target":{"@type":"EntryPoint","urlTemplate":"https:\/\/www.koupelnapro.com\/?s={search_term_string}"},"query-input":{"@type":"PropertyValueSpecification","valueRequired":true,"valueName":"search_term_string"}}],"inLanguage":"cs"}]}},"_links":{"self":[{"href":"https:\/\/www.koupelnapro.com\/index.php\/wp-json\/wp\/v2\/product\/59340","targetHints":{"allow":["GET"]}}],"collection":[{"href":"https:\/\/www.koupelnapro.com\/index.php\/wp-json\/wp\/v2\/product"}],"about":[{"href":"https:\/\/www.koupelnapro.com\/index.php\/wp-json\/wp\/v2\/types\/product"}],"replies":[{"embeddable":true,"href":"https:\/\/www.koupelnapro.com\/index.php\/wp-json\/wp\/v2\/comments?post=59340"}],"wp:featuredmedia":[{"embeddable":true,"href":"https:\/\/www.koupelnapro.com\/index.php\/wp-json\/wp\/v2\/media\/59440"}],"wp:attachment":[{"href":"https:\/\/www.koupelnapro.com\/index.php\/wp-json\/wp\/v2\/media?parent=59340"}],"wp:term":[{"taxonomy":"product_brand","embeddable":true,"href":"https:\/\/www.koupelnapro.com\/index.php\/wp-json\/wp\/v2\/product_brand?post=59340"},{"taxonomy":"product_cat","embeddable":true,"href":"https:\/\/www.koupelnapro.com\/index.php\/wp-json\/wp\/v2\/product_cat?post=59340"},{"taxonomy":"product_tag","embeddable":true,"href":"https:\/\/www.koupelnapro.com\/index.php\/wp-json\/wp\/v2\/product_tag?post=59340"}],"curies":[{"name":"wp","href":"https:\/\/api.w.org\/{rel}","templated":true}]}}