{"id":58914,"date":"2026-04-26T09:17:26","date_gmt":"2026-04-26T09:17:26","guid":{"rendered":""},"modified":"2026-04-26T09:17:26","modified_gmt":"2026-04-26T09:17:26","slug":"sapho-one-topna-tyc-s-termostatem-400-w-chrom-one-c-400-overeny-58914","status":"publish","type":"product","link":"https:\/\/www.koupelnapro.com\/index.php\/produkt\/sapho-one-topna-tyc-s-termostatem-400-w-chrom-one-c-400-overeny-58914\/","title":{"rendered":"Sapho ONE topn\u00e1 ty\u010d s termostatem, 400 W, chrom ONE-C-400 Ov\u011b\u0159en\u00fd"},"content":{"rendered":"<div class=\"basic-description\">\n<h3>Detailn\u00ed popis produktu<\/h3>\n<p><\/p>\n<p>Elektrick\u00e1 topn\u00e1 ty\u010d s&nbsp;designov\u00fdm&nbsp;termostatem, umo\u017e\u0148uj\u00edc\u00ed&nbsp;nastaven\u00ed teploty radi\u00e1toru. Ty\u010d je vhodn\u00e1 k&nbsp;otopn\u00fdm t\u011bles\u016fm s hranat\u00fdmi profily 30&#215;30 mm, nap\u0159.&nbsp;Truva,&nbsp;Vista, Volga, Silvana, Santina, Metro&nbsp;a dal\u0161\u00ed.<\/p>\n<ul>\n<li>Funkce Antifrost&nbsp;proti zamrznut\u00ed&nbsp;kapaliny, pokud teplota klesne&nbsp;pod 5-7 \u00b0C<\/li>\n<li>Termostat 2 \u00farovn\u011b: 45 \u00b0C a 60 \u00b0C<\/li>\n<li>Automatick\u00e9&nbsp;vypnut\u00ed oh\u0159evu po 2 hodin\u00e1ch<\/li>\n<li><span>Profil&nbsp;30&#215;30 mm<\/span><\/li>\n<li><span>Provozn\u00ed nap\u011bt\u00ed 230 V<\/span><\/li>\n<li><span>P\u0159ipojovac\u00ed z\u00e1vit G1\/2\u201c<\/span><\/li>\n<li>P\u0159ipojovac\u00ed kabel:&nbsp;<span face=\"Arial\" size=\"2\">spir\u00e1lov\u00fd, d\u00e9lka 1,5 m<\/span><\/li>\n<li><span>Symetrick\u00e9 proveden\u00ed pro instalaci na levou i pravou stranu radi\u00e1toru<\/span><\/li>\n<\/ul>\n<p><span face=\"Arial\" size=\"2\">V p\u0159\u00edpad\u011b p\u0159ipojen\u00ed topn\u00e9 ty\u010de do otopn\u00e9ho t\u011blesa<span>&nbsp;<\/span><strong>pouze na elektrick\u00e9 vyt\u00e1p\u011bn\u00ed<\/strong><span>&nbsp;<\/span>je pot\u0159eba do druh\u00e9 stojny dokoupit z\u00e1slepku.<\/span><\/p>\n<h2 class=\"props-title\">Vlastnosti<\/h2>\n<table>\n<tr>\n<th>Zna\u010dka<\/th>\n<td>SAPHO<\/td>\n<\/tr>\n<tr>\n<th>S\u00e9rie<\/th>\n<td>ONE<\/td>\n<\/tr>\n<tr>\n<th>Barva<\/th>\n<td>Chrom<\/td>\n<\/tr>\n<tr>\n<th>V\u00fdkon<\/th>\n<td>400&nbsp;W<\/td>\n<\/tr>\n<tr>\n<th>Stupe\u0148 kryt\u00ed<\/th>\n<td>IPx5<\/td>\n<\/tr>\n<tr>\n<th>V\u00fdbava<\/th>\n<td>Termostat<\/td>\n<\/tr>\n<tr>\n<th>Hmotnost \/ ks<\/th>\n<td>0.7100&nbsp;kg<\/td>\n<\/tr>\n<tr>\n<th>Balen\u00ed<\/th>\n<td>1&nbsp;ks<\/td>\n<\/tr>\n<tr>\n<th>EAN<\/th>\n<td>8590913878909<\/td>\n<\/tr>\n<tr>\n<th>Taric<\/th>\n<td>85168080<\/td>\n<\/tr>\n<tr>\n<th>Z\u00e1ruka<\/th>\n<td>2 roky<\/td>\n<\/tr>\n<\/table><\/div>\n","protected":false},"excerpt":{"rendered":"<p>Detailn\u00ed popis produktu Elektrick\u00e1 topn\u00e1 ty\u010d s&nbsp;designov\u00fdm&nbsp;termostatem, umo\u017e\u0148uj\u00edc\u00ed&nbsp;nastaven\u00ed teploty radi\u00e1toru. Ty\u010d je vhodn\u00e1 k&nbsp;otopn\u00fdm t\u011bles\u016fm s hranat\u00fdmi profily 30&#215;30 mm, nap\u0159.&nbsp;Truva,&nbsp;Vista, Volga, Silvana, Santina, Metro&nbsp;a dal\u0161\u00ed. Funkce Antifrost&nbsp;proti zamrznut\u00ed&nbsp;kapaliny, pokud teplota klesne&nbsp;pod 5-7 \u00b0C Termostat 2 \u00farovn\u011b: 45 \u00b0C a 60 \u00b0C Automatick\u00e9&nbsp;vypnut\u00ed oh\u0159evu po 2 hodin\u00e1ch Profil&nbsp;30&#215;30 mm Provozn\u00ed nap\u011bt\u00ed 230 V P\u0159ipojovac\u00ed z\u00e1vit [&hellip;]<\/p>\n","protected":false},"featured_media":59014,"comment_status":"open","ping_status":"open","template":"","meta":[],"product_brand":[],"product_cat":[195],"product_tag":[],"class_list":{"0":"post-58914","1":"product","2":"type-product","3":"status-publish","4":"has-post-thumbnail","6":"product_cat-vytapeni","8":"first","9":"instock","10":"sale","11":"shipping-taxable","12":"purchasable","13":"product-type-simple"},"yoast_head":"<!-- This site is optimized with the Yoast SEO plugin v26.8 - https:\/\/yoast.com\/product\/yoast-seo-wordpress\/ -->\n<title>Sapho ONE topn\u00e1 ty\u010d s termostatem, 400 W, chrom ONE-C-400 Ov\u011b\u0159en\u00fd -<\/title>\n<meta name=\"robots\" content=\"index, follow, max-snippet:-1, max-image-preview:large, max-video-preview:-1\" \/>\n<link rel=\"canonical\" href=\"https:\/\/www.koupelnapro.com\/index.php\/produkt\/sapho-one-topna-tyc-s-termostatem-400-w-chrom-one-c-400-overeny-58914\/\" \/>\n<meta property=\"og:locale\" content=\"cs_CZ\" \/>\n<meta property=\"og:type\" content=\"article\" \/>\n<meta property=\"og:title\" content=\"Sapho ONE topn\u00e1 ty\u010d s termostatem, 400 W, chrom ONE-C-400 Ov\u011b\u0159en\u00fd -\" \/>\n<meta property=\"og:description\" content=\"Detailn\u00ed popis produktu Elektrick\u00e1 topn\u00e1 ty\u010d s&nbsp;designov\u00fdm&nbsp;termostatem, umo\u017e\u0148uj\u00edc\u00ed&nbsp;nastaven\u00ed teploty radi\u00e1toru. Ty\u010d je vhodn\u00e1 k&nbsp;otopn\u00fdm t\u011bles\u016fm s hranat\u00fdmi profily 30&#215;30 mm, nap\u0159.&nbsp;Truva,&nbsp;Vista, Volga, Silvana, Santina, Metro&nbsp;a dal\u0161\u00ed. Funkce Antifrost&nbsp;proti zamrznut\u00ed&nbsp;kapaliny, pokud teplota klesne&nbsp;pod 5-7 \u00b0C Termostat 2 \u00farovn\u011b: 45 \u00b0C a 60 \u00b0C Automatick\u00e9&nbsp;vypnut\u00ed oh\u0159evu po 2 hodin\u00e1ch Profil&nbsp;30&#215;30 mm Provozn\u00ed nap\u011bt\u00ed 230 V P\u0159ipojovac\u00ed z\u00e1vit [&hellip;]\" \/>\n<meta property=\"og:url\" content=\"https:\/\/www.koupelnapro.com\/index.php\/produkt\/sapho-one-topna-tyc-s-termostatem-400-w-chrom-one-c-400-overeny-58914\/\" \/>\n<meta property=\"og:image\" content=\"https:\/\/www.koupelnapro.com\/wp-content\/uploads\/2026\/SK0003203-CZ20260425-093631-0-1777080994-94746-4_one-c-400-137417478670229.webp\" \/>\n\t<meta property=\"og:image:width\" content=\"1000\" \/>\n\t<meta property=\"og:image:height\" content=\"750\" \/>\n\t<meta property=\"og:image:type\" content=\"image\/webp\" \/>\n<meta name=\"twitter:card\" content=\"summary_large_image\" \/>\n<meta name=\"twitter:label1\" content=\"Odhadovan\u00e1 doba \u010dten\u00ed\" \/>\n\t<meta name=\"twitter:data1\" content=\"1 minuta\" \/>\n<script type=\"application\/ld+json\" class=\"yoast-schema-graph\">{\"@context\":\"https:\/\/schema.org\",\"@graph\":[{\"@type\":\"WebPage\",\"@id\":\"https:\/\/www.koupelnapro.com\/index.php\/produkt\/sapho-one-topna-tyc-s-termostatem-400-w-chrom-one-c-400-overeny-58914\/\",\"url\":\"https:\/\/www.koupelnapro.com\/index.php\/produkt\/sapho-one-topna-tyc-s-termostatem-400-w-chrom-one-c-400-overeny-58914\/\",\"name\":\"Sapho ONE topn\u00e1 ty\u010d s termostatem, 400 W, chrom ONE-C-400 Ov\u011b\u0159en\u00fd -\",\"isPartOf\":{\"@id\":\"https:\/\/www.koupelnapro.com\/#website\"},\"primaryImageOfPage\":{\"@id\":\"https:\/\/www.koupelnapro.com\/index.php\/produkt\/sapho-one-topna-tyc-s-termostatem-400-w-chrom-one-c-400-overeny-58914\/#primaryimage\"},\"image\":{\"@id\":\"https:\/\/www.koupelnapro.com\/index.php\/produkt\/sapho-one-topna-tyc-s-termostatem-400-w-chrom-one-c-400-overeny-58914\/#primaryimage\"},\"thumbnailUrl\":\"https:\/\/www.koupelnapro.com\/wp-content\/uploads\/2026\/SK0003203-CZ20260425-093631-0-1777080994-94746-4_one-c-400-137417478670229.webp\",\"datePublished\":\"2026-04-26T09:17:26+00:00\",\"breadcrumb\":{\"@id\":\"https:\/\/www.koupelnapro.com\/index.php\/produkt\/sapho-one-topna-tyc-s-termostatem-400-w-chrom-one-c-400-overeny-58914\/#breadcrumb\"},\"inLanguage\":\"cs\",\"potentialAction\":[{\"@type\":\"ReadAction\",\"target\":[\"https:\/\/www.koupelnapro.com\/index.php\/produkt\/sapho-one-topna-tyc-s-termostatem-400-w-chrom-one-c-400-overeny-58914\/\"]}]},{\"@type\":\"ImageObject\",\"inLanguage\":\"cs\",\"@id\":\"https:\/\/www.koupelnapro.com\/index.php\/produkt\/sapho-one-topna-tyc-s-termostatem-400-w-chrom-one-c-400-overeny-58914\/#primaryimage\",\"url\":\"https:\/\/www.koupelnapro.com\/wp-content\/uploads\/2026\/SK0003203-CZ20260425-093631-0-1777080994-94746-4_one-c-400-137417478670229.webp\",\"contentUrl\":\"https:\/\/www.koupelnapro.com\/wp-content\/uploads\/2026\/SK0003203-CZ20260425-093631-0-1777080994-94746-4_one-c-400-137417478670229.webp\",\"width\":1000,\"height\":750},{\"@type\":\"BreadcrumbList\",\"@id\":\"https:\/\/www.koupelnapro.com\/index.php\/produkt\/sapho-one-topna-tyc-s-termostatem-400-w-chrom-one-c-400-overeny-58914\/#breadcrumb\",\"itemListElement\":[{\"@type\":\"ListItem\",\"position\":1,\"name\":\"Home\",\"item\":\"https:\/\/www.koupelnapro.com\/\"},{\"@type\":\"ListItem\",\"position\":2,\"name\":\"Products\",\"item\":\"https:\/\/www.koupelnapro.com\/index.php\/products\/\"},{\"@type\":\"ListItem\",\"position\":3,\"name\":\"Sapho ONE topn\u00e1 ty\u010d s termostatem, 400 W, chrom ONE-C-400 Ov\u011b\u0159en\u00fd\"}]},{\"@type\":\"WebSite\",\"@id\":\"https:\/\/www.koupelnapro.com\/#website\",\"url\":\"https:\/\/www.koupelnapro.com\/\",\"name\":\"\",\"description\":\"\",\"potentialAction\":[{\"@type\":\"SearchAction\",\"target\":{\"@type\":\"EntryPoint\",\"urlTemplate\":\"https:\/\/www.koupelnapro.com\/?s={search_term_string}\"},\"query-input\":{\"@type\":\"PropertyValueSpecification\",\"valueRequired\":true,\"valueName\":\"search_term_string\"}}],\"inLanguage\":\"cs\"}]}<\/script>\n<!-- \/ Yoast SEO plugin. -->","yoast_head_json":{"title":"Sapho ONE topn\u00e1 ty\u010d s termostatem, 400 W, chrom ONE-C-400 Ov\u011b\u0159en\u00fd -","robots":{"index":"index","follow":"follow","max-snippet":"max-snippet:-1","max-image-preview":"max-image-preview:large","max-video-preview":"max-video-preview:-1"},"canonical":"https:\/\/www.koupelnapro.com\/index.php\/produkt\/sapho-one-topna-tyc-s-termostatem-400-w-chrom-one-c-400-overeny-58914\/","og_locale":"cs_CZ","og_type":"article","og_title":"Sapho ONE topn\u00e1 ty\u010d s termostatem, 400 W, chrom ONE-C-400 Ov\u011b\u0159en\u00fd -","og_description":"Detailn\u00ed popis produktu Elektrick\u00e1 topn\u00e1 ty\u010d s&nbsp;designov\u00fdm&nbsp;termostatem, umo\u017e\u0148uj\u00edc\u00ed&nbsp;nastaven\u00ed teploty radi\u00e1toru. Ty\u010d je vhodn\u00e1 k&nbsp;otopn\u00fdm t\u011bles\u016fm s hranat\u00fdmi profily 30&#215;30 mm, nap\u0159.&nbsp;Truva,&nbsp;Vista, Volga, Silvana, Santina, Metro&nbsp;a dal\u0161\u00ed. Funkce Antifrost&nbsp;proti zamrznut\u00ed&nbsp;kapaliny, pokud teplota klesne&nbsp;pod 5-7 \u00b0C Termostat 2 \u00farovn\u011b: 45 \u00b0C a 60 \u00b0C Automatick\u00e9&nbsp;vypnut\u00ed oh\u0159evu po 2 hodin\u00e1ch Profil&nbsp;30&#215;30 mm Provozn\u00ed nap\u011bt\u00ed 230 V P\u0159ipojovac\u00ed z\u00e1vit [&hellip;]","og_url":"https:\/\/www.koupelnapro.com\/index.php\/produkt\/sapho-one-topna-tyc-s-termostatem-400-w-chrom-one-c-400-overeny-58914\/","og_image":[{"width":1000,"height":750,"url":"https:\/\/www.koupelnapro.com\/wp-content\/uploads\/2026\/SK0003203-CZ20260425-093631-0-1777080994-94746-4_one-c-400-137417478670229.webp","type":"image\/webp"}],"twitter_card":"summary_large_image","twitter_misc":{"Odhadovan\u00e1 doba \u010dten\u00ed":"1 minuta"},"schema":{"@context":"https:\/\/schema.org","@graph":[{"@type":"WebPage","@id":"https:\/\/www.koupelnapro.com\/index.php\/produkt\/sapho-one-topna-tyc-s-termostatem-400-w-chrom-one-c-400-overeny-58914\/","url":"https:\/\/www.koupelnapro.com\/index.php\/produkt\/sapho-one-topna-tyc-s-termostatem-400-w-chrom-one-c-400-overeny-58914\/","name":"Sapho ONE topn\u00e1 ty\u010d s termostatem, 400 W, chrom ONE-C-400 Ov\u011b\u0159en\u00fd -","isPartOf":{"@id":"https:\/\/www.koupelnapro.com\/#website"},"primaryImageOfPage":{"@id":"https:\/\/www.koupelnapro.com\/index.php\/produkt\/sapho-one-topna-tyc-s-termostatem-400-w-chrom-one-c-400-overeny-58914\/#primaryimage"},"image":{"@id":"https:\/\/www.koupelnapro.com\/index.php\/produkt\/sapho-one-topna-tyc-s-termostatem-400-w-chrom-one-c-400-overeny-58914\/#primaryimage"},"thumbnailUrl":"https:\/\/www.koupelnapro.com\/wp-content\/uploads\/2026\/SK0003203-CZ20260425-093631-0-1777080994-94746-4_one-c-400-137417478670229.webp","datePublished":"2026-04-26T09:17:26+00:00","breadcrumb":{"@id":"https:\/\/www.koupelnapro.com\/index.php\/produkt\/sapho-one-topna-tyc-s-termostatem-400-w-chrom-one-c-400-overeny-58914\/#breadcrumb"},"inLanguage":"cs","potentialAction":[{"@type":"ReadAction","target":["https:\/\/www.koupelnapro.com\/index.php\/produkt\/sapho-one-topna-tyc-s-termostatem-400-w-chrom-one-c-400-overeny-58914\/"]}]},{"@type":"ImageObject","inLanguage":"cs","@id":"https:\/\/www.koupelnapro.com\/index.php\/produkt\/sapho-one-topna-tyc-s-termostatem-400-w-chrom-one-c-400-overeny-58914\/#primaryimage","url":"https:\/\/www.koupelnapro.com\/wp-content\/uploads\/2026\/SK0003203-CZ20260425-093631-0-1777080994-94746-4_one-c-400-137417478670229.webp","contentUrl":"https:\/\/www.koupelnapro.com\/wp-content\/uploads\/2026\/SK0003203-CZ20260425-093631-0-1777080994-94746-4_one-c-400-137417478670229.webp","width":1000,"height":750},{"@type":"BreadcrumbList","@id":"https:\/\/www.koupelnapro.com\/index.php\/produkt\/sapho-one-topna-tyc-s-termostatem-400-w-chrom-one-c-400-overeny-58914\/#breadcrumb","itemListElement":[{"@type":"ListItem","position":1,"name":"Home","item":"https:\/\/www.koupelnapro.com\/"},{"@type":"ListItem","position":2,"name":"Products","item":"https:\/\/www.koupelnapro.com\/index.php\/products\/"},{"@type":"ListItem","position":3,"name":"Sapho ONE topn\u00e1 ty\u010d s termostatem, 400 W, chrom ONE-C-400 Ov\u011b\u0159en\u00fd"}]},{"@type":"WebSite","@id":"https:\/\/www.koupelnapro.com\/#website","url":"https:\/\/www.koupelnapro.com\/","name":"","description":"","potentialAction":[{"@type":"SearchAction","target":{"@type":"EntryPoint","urlTemplate":"https:\/\/www.koupelnapro.com\/?s={search_term_string}"},"query-input":{"@type":"PropertyValueSpecification","valueRequired":true,"valueName":"search_term_string"}}],"inLanguage":"cs"}]}},"_links":{"self":[{"href":"https:\/\/www.koupelnapro.com\/index.php\/wp-json\/wp\/v2\/product\/58914","targetHints":{"allow":["GET"]}}],"collection":[{"href":"https:\/\/www.koupelnapro.com\/index.php\/wp-json\/wp\/v2\/product"}],"about":[{"href":"https:\/\/www.koupelnapro.com\/index.php\/wp-json\/wp\/v2\/types\/product"}],"replies":[{"embeddable":true,"href":"https:\/\/www.koupelnapro.com\/index.php\/wp-json\/wp\/v2\/comments?post=58914"}],"wp:featuredmedia":[{"embeddable":true,"href":"https:\/\/www.koupelnapro.com\/index.php\/wp-json\/wp\/v2\/media\/59014"}],"wp:attachment":[{"href":"https:\/\/www.koupelnapro.com\/index.php\/wp-json\/wp\/v2\/media?parent=58914"}],"wp:term":[{"taxonomy":"product_brand","embeddable":true,"href":"https:\/\/www.koupelnapro.com\/index.php\/wp-json\/wp\/v2\/product_brand?post=58914"},{"taxonomy":"product_cat","embeddable":true,"href":"https:\/\/www.koupelnapro.com\/index.php\/wp-json\/wp\/v2\/product_cat?post=58914"},{"taxonomy":"product_tag","embeddable":true,"href":"https:\/\/www.koupelnapro.com\/index.php\/wp-json\/wp\/v2\/product_tag?post=58914"}],"curies":[{"name":"wp","href":"https:\/\/api.w.org\/{rel}","templated":true}]}}