{"id":58732,"date":"2026-04-26T09:17:25","date_gmt":"2026-04-26T09:17:25","guid":{"rendered":""},"modified":"2026-04-26T09:17:25","modified_gmt":"2026-04-26T09:17:25","slug":"sapho-colonna-drzak-rucniku-340mm-nerez-mat-irpa12-zlevneny-58732","status":"publish","type":"product","link":"https:\/\/www.koupelnapro.com\/index.php\/produkt\/sapho-colonna-drzak-rucniku-340mm-nerez-mat-irpa12-zlevneny-58732\/","title":{"rendered":"Sapho COLONNA dr\u017e\u00e1k ru\u010dn\u00edk\u016f 340mm, nerez mat IRPA12 Zlevn\u011bn\u00fd"},"content":{"rendered":"<div class=\"basic-description\">\n<h3>Detailn\u00ed popis produktu<\/h3>\n<p><\/p>\n<p style=\"text-align: justify;\">Lamelov\u00fd radi\u00e1tor COLONNA je ur\u010den nejen do koupelen, ale i&nbsp;jin\u00fdch m\u00edstnost\u00ed nebo jako topn\u00e1 st\u011bna \u010di architektonick\u00fd prvek. Doporu\u010dujeme v&nbsp;kombinaci s&nbsp;praktick\u00fdm dr\u017e\u00e1kem ru\u010dn\u00edk\u016f z&nbsp;le\u0161t\u011bn\u00e9 nerez oceli. Pouze se st\u0159edov\u00fdm p\u0159ipojen\u00edm s&nbsp;rozte\u010d\u00ed 50 mm. Barevn\u00e9 varianty otopn\u00fdch t\u011bles t\u00e9to \u0159ady nejen\u017ee vyh\u0159ej\u00ed koupelnu, ale ovlivn\u00ed i&nbsp;jej\u00ed atmosf\u00e9ru. Jsou estetick\u00e9 a v&nbsp;kombinaci s&nbsp;dr\u017e\u00e1kem ru\u010dn\u00edk\u016f tak\u00e9 praktick\u00e9.<\/p>\n<ul>\n<li>P\u0159ipojovac\u00ed ventily nejsou sou\u010d\u00e1st\u00ed balen\u00ed<\/li>\n<li>K radi\u00e1tor\u016fm nelze pou\u017e\u00edt elektrickou topnou ty\u010d<\/li>\n<li><span>Na radi\u00e1tor lze um\u00edstit 1 a\u017e 2 dr\u017e\u00e1ky ru\u010dn\u00edk\u016f (nejsou sou\u010d\u00e1st\u00ed radi\u00e1toru)<\/span><\/li>\n<\/ul>\n<h2 class=\"props-title\">Vlastnosti<\/h2>\n<table>\n<tr>\n<th>Zna\u010dka<\/th>\n<td>SAPHO<\/td>\n<\/tr>\n<tr>\n<th>S\u00e9rie<\/th>\n<td>COLONNA<\/td>\n<\/tr>\n<tr>\n<th>Rozm\u011br<\/th>\n<td>340x50x80 mm<\/td>\n<\/tr>\n<tr>\n<th>\u0160\u00ed\u0159ka<\/th>\n<td>340&nbsp;mm<\/td>\n<\/tr>\n<tr>\n<th>V\u00fd\u0161ka<\/th>\n<td>50&nbsp;mm<\/td>\n<\/tr>\n<tr>\n<th>Hloubka<\/th>\n<td>80&nbsp;mm<\/td>\n<\/tr>\n<tr>\n<th>Barva<\/th>\n<td>Brou\u0161en\u00fd nerez<\/td>\n<\/tr>\n<tr>\n<th>Materi\u00e1l<\/th>\n<td>Nerez<\/td>\n<\/tr>\n<tr>\n<th>Hmotnost \/ ks<\/th>\n<td>1.4000&nbsp;kg<\/td>\n<\/tr>\n<tr>\n<th>Balen\u00ed<\/th>\n<td>1&nbsp;ks<\/td>\n<\/tr>\n<tr>\n<th>EAN<\/th>\n<td>8590913831157<\/td>\n<\/tr>\n<tr>\n<th>Taric<\/th>\n<td>73249000<\/td>\n<\/tr>\n<tr>\n<th>Z\u00e1ruka<\/th>\n<td>2 roky<\/td>\n<\/tr>\n<\/table><\/div>\n","protected":false},"excerpt":{"rendered":"<p>Detailn\u00ed popis produktu Lamelov\u00fd radi\u00e1tor COLONNA je ur\u010den nejen do koupelen, ale i&nbsp;jin\u00fdch m\u00edstnost\u00ed nebo jako topn\u00e1 st\u011bna \u010di architektonick\u00fd prvek. Doporu\u010dujeme v&nbsp;kombinaci s&nbsp;praktick\u00fdm dr\u017e\u00e1kem ru\u010dn\u00edk\u016f z&nbsp;le\u0161t\u011bn\u00e9 nerez oceli. Pouze se st\u0159edov\u00fdm p\u0159ipojen\u00edm s&nbsp;rozte\u010d\u00ed 50 mm. Barevn\u00e9 varianty otopn\u00fdch t\u011bles t\u00e9to \u0159ady nejen\u017ee vyh\u0159ej\u00ed koupelnu, ale ovlivn\u00ed i&nbsp;jej\u00ed atmosf\u00e9ru. Jsou estetick\u00e9 a v&nbsp;kombinaci s&nbsp;dr\u017e\u00e1kem ru\u010dn\u00edk\u016f [&hellip;]<\/p>\n","protected":false},"featured_media":58832,"comment_status":"open","ping_status":"open","template":"","meta":[],"product_brand":[],"product_cat":[195],"product_tag":[],"class_list":{"0":"post-58732","1":"product","2":"type-product","3":"status-publish","4":"has-post-thumbnail","6":"product_cat-vytapeni","8":"first","9":"instock","10":"sale","11":"shipping-taxable","12":"purchasable","13":"product-type-simple"},"yoast_head":"<!-- This site is optimized with the Yoast SEO plugin v26.8 - https:\/\/yoast.com\/product\/yoast-seo-wordpress\/ -->\n<title>Sapho COLONNA dr\u017e\u00e1k ru\u010dn\u00edk\u016f 340mm, nerez mat IRPA12 Zlevn\u011bn\u00fd -<\/title>\n<meta name=\"robots\" content=\"index, follow, max-snippet:-1, max-image-preview:large, max-video-preview:-1\" \/>\n<link rel=\"canonical\" href=\"https:\/\/www.koupelnapro.com\/index.php\/produkt\/sapho-colonna-drzak-rucniku-340mm-nerez-mat-irpa12-zlevneny-58732\/\" \/>\n<meta property=\"og:locale\" content=\"cs_CZ\" \/>\n<meta property=\"og:type\" content=\"article\" \/>\n<meta property=\"og:title\" content=\"Sapho COLONNA dr\u017e\u00e1k ru\u010dn\u00edk\u016f 340mm, nerez mat IRPA12 Zlevn\u011bn\u00fd -\" \/>\n<meta property=\"og:description\" content=\"Detailn\u00ed popis produktu Lamelov\u00fd radi\u00e1tor COLONNA je ur\u010den nejen do koupelen, ale i&nbsp;jin\u00fdch m\u00edstnost\u00ed nebo jako topn\u00e1 st\u011bna \u010di architektonick\u00fd prvek. Doporu\u010dujeme v&nbsp;kombinaci s&nbsp;praktick\u00fdm dr\u017e\u00e1kem ru\u010dn\u00edk\u016f z&nbsp;le\u0161t\u011bn\u00e9 nerez oceli. Pouze se st\u0159edov\u00fdm p\u0159ipojen\u00edm s&nbsp;rozte\u010d\u00ed 50 mm. Barevn\u00e9 varianty otopn\u00fdch t\u011bles t\u00e9to \u0159ady nejen\u017ee vyh\u0159ej\u00ed koupelnu, ale ovlivn\u00ed i&nbsp;jej\u00ed atmosf\u00e9ru. Jsou estetick\u00e9 a v&nbsp;kombinaci s&nbsp;dr\u017e\u00e1kem ru\u010dn\u00edk\u016f [&hellip;]\" \/>\n<meta property=\"og:url\" content=\"https:\/\/www.koupelnapro.com\/index.php\/produkt\/sapho-colonna-drzak-rucniku-340mm-nerez-mat-irpa12-zlevneny-58732\/\" \/>\n<meta property=\"og:image\" content=\"https:\/\/www.koupelnapro.com\/wp-content\/uploads\/2026\/SK0003117-CZ20260425-093631-0-1777080994-93771-4_irpa12-137417478671131.webp\" \/>\n\t<meta property=\"og:image:width\" content=\"1000\" \/>\n\t<meta property=\"og:image:height\" content=\"750\" \/>\n\t<meta property=\"og:image:type\" content=\"image\/webp\" \/>\n<meta name=\"twitter:card\" content=\"summary_large_image\" \/>\n<meta name=\"twitter:label1\" content=\"Odhadovan\u00e1 doba \u010dten\u00ed\" \/>\n\t<meta name=\"twitter:data1\" content=\"1 minuta\" \/>\n<script type=\"application\/ld+json\" class=\"yoast-schema-graph\">{\"@context\":\"https:\/\/schema.org\",\"@graph\":[{\"@type\":\"WebPage\",\"@id\":\"https:\/\/www.koupelnapro.com\/index.php\/produkt\/sapho-colonna-drzak-rucniku-340mm-nerez-mat-irpa12-zlevneny-58732\/\",\"url\":\"https:\/\/www.koupelnapro.com\/index.php\/produkt\/sapho-colonna-drzak-rucniku-340mm-nerez-mat-irpa12-zlevneny-58732\/\",\"name\":\"Sapho COLONNA dr\u017e\u00e1k ru\u010dn\u00edk\u016f 340mm, nerez mat IRPA12 Zlevn\u011bn\u00fd -\",\"isPartOf\":{\"@id\":\"https:\/\/www.koupelnapro.com\/#website\"},\"primaryImageOfPage\":{\"@id\":\"https:\/\/www.koupelnapro.com\/index.php\/produkt\/sapho-colonna-drzak-rucniku-340mm-nerez-mat-irpa12-zlevneny-58732\/#primaryimage\"},\"image\":{\"@id\":\"https:\/\/www.koupelnapro.com\/index.php\/produkt\/sapho-colonna-drzak-rucniku-340mm-nerez-mat-irpa12-zlevneny-58732\/#primaryimage\"},\"thumbnailUrl\":\"https:\/\/www.koupelnapro.com\/wp-content\/uploads\/2026\/SK0003117-CZ20260425-093631-0-1777080994-93771-4_irpa12-137417478671131.webp\",\"datePublished\":\"2026-04-26T09:17:25+00:00\",\"breadcrumb\":{\"@id\":\"https:\/\/www.koupelnapro.com\/index.php\/produkt\/sapho-colonna-drzak-rucniku-340mm-nerez-mat-irpa12-zlevneny-58732\/#breadcrumb\"},\"inLanguage\":\"cs\",\"potentialAction\":[{\"@type\":\"ReadAction\",\"target\":[\"https:\/\/www.koupelnapro.com\/index.php\/produkt\/sapho-colonna-drzak-rucniku-340mm-nerez-mat-irpa12-zlevneny-58732\/\"]}]},{\"@type\":\"ImageObject\",\"inLanguage\":\"cs\",\"@id\":\"https:\/\/www.koupelnapro.com\/index.php\/produkt\/sapho-colonna-drzak-rucniku-340mm-nerez-mat-irpa12-zlevneny-58732\/#primaryimage\",\"url\":\"https:\/\/www.koupelnapro.com\/wp-content\/uploads\/2026\/SK0003117-CZ20260425-093631-0-1777080994-93771-4_irpa12-137417478671131.webp\",\"contentUrl\":\"https:\/\/www.koupelnapro.com\/wp-content\/uploads\/2026\/SK0003117-CZ20260425-093631-0-1777080994-93771-4_irpa12-137417478671131.webp\",\"width\":1000,\"height\":750},{\"@type\":\"BreadcrumbList\",\"@id\":\"https:\/\/www.koupelnapro.com\/index.php\/produkt\/sapho-colonna-drzak-rucniku-340mm-nerez-mat-irpa12-zlevneny-58732\/#breadcrumb\",\"itemListElement\":[{\"@type\":\"ListItem\",\"position\":1,\"name\":\"Home\",\"item\":\"https:\/\/www.koupelnapro.com\/\"},{\"@type\":\"ListItem\",\"position\":2,\"name\":\"Products\",\"item\":\"https:\/\/www.koupelnapro.com\/index.php\/products\/\"},{\"@type\":\"ListItem\",\"position\":3,\"name\":\"Sapho COLONNA dr\u017e\u00e1k ru\u010dn\u00edk\u016f 340mm, nerez mat IRPA12 Zlevn\u011bn\u00fd\"}]},{\"@type\":\"WebSite\",\"@id\":\"https:\/\/www.koupelnapro.com\/#website\",\"url\":\"https:\/\/www.koupelnapro.com\/\",\"name\":\"\",\"description\":\"\",\"potentialAction\":[{\"@type\":\"SearchAction\",\"target\":{\"@type\":\"EntryPoint\",\"urlTemplate\":\"https:\/\/www.koupelnapro.com\/?s={search_term_string}\"},\"query-input\":{\"@type\":\"PropertyValueSpecification\",\"valueRequired\":true,\"valueName\":\"search_term_string\"}}],\"inLanguage\":\"cs\"}]}<\/script>\n<!-- \/ Yoast SEO plugin. -->","yoast_head_json":{"title":"Sapho COLONNA dr\u017e\u00e1k ru\u010dn\u00edk\u016f 340mm, nerez mat IRPA12 Zlevn\u011bn\u00fd -","robots":{"index":"index","follow":"follow","max-snippet":"max-snippet:-1","max-image-preview":"max-image-preview:large","max-video-preview":"max-video-preview:-1"},"canonical":"https:\/\/www.koupelnapro.com\/index.php\/produkt\/sapho-colonna-drzak-rucniku-340mm-nerez-mat-irpa12-zlevneny-58732\/","og_locale":"cs_CZ","og_type":"article","og_title":"Sapho COLONNA dr\u017e\u00e1k ru\u010dn\u00edk\u016f 340mm, nerez mat IRPA12 Zlevn\u011bn\u00fd -","og_description":"Detailn\u00ed popis produktu Lamelov\u00fd radi\u00e1tor COLONNA je ur\u010den nejen do koupelen, ale i&nbsp;jin\u00fdch m\u00edstnost\u00ed nebo jako topn\u00e1 st\u011bna \u010di architektonick\u00fd prvek. Doporu\u010dujeme v&nbsp;kombinaci s&nbsp;praktick\u00fdm dr\u017e\u00e1kem ru\u010dn\u00edk\u016f z&nbsp;le\u0161t\u011bn\u00e9 nerez oceli. Pouze se st\u0159edov\u00fdm p\u0159ipojen\u00edm s&nbsp;rozte\u010d\u00ed 50 mm. Barevn\u00e9 varianty otopn\u00fdch t\u011bles t\u00e9to \u0159ady nejen\u017ee vyh\u0159ej\u00ed koupelnu, ale ovlivn\u00ed i&nbsp;jej\u00ed atmosf\u00e9ru. Jsou estetick\u00e9 a v&nbsp;kombinaci s&nbsp;dr\u017e\u00e1kem ru\u010dn\u00edk\u016f [&hellip;]","og_url":"https:\/\/www.koupelnapro.com\/index.php\/produkt\/sapho-colonna-drzak-rucniku-340mm-nerez-mat-irpa12-zlevneny-58732\/","og_image":[{"width":1000,"height":750,"url":"https:\/\/www.koupelnapro.com\/wp-content\/uploads\/2026\/SK0003117-CZ20260425-093631-0-1777080994-93771-4_irpa12-137417478671131.webp","type":"image\/webp"}],"twitter_card":"summary_large_image","twitter_misc":{"Odhadovan\u00e1 doba \u010dten\u00ed":"1 minuta"},"schema":{"@context":"https:\/\/schema.org","@graph":[{"@type":"WebPage","@id":"https:\/\/www.koupelnapro.com\/index.php\/produkt\/sapho-colonna-drzak-rucniku-340mm-nerez-mat-irpa12-zlevneny-58732\/","url":"https:\/\/www.koupelnapro.com\/index.php\/produkt\/sapho-colonna-drzak-rucniku-340mm-nerez-mat-irpa12-zlevneny-58732\/","name":"Sapho COLONNA dr\u017e\u00e1k ru\u010dn\u00edk\u016f 340mm, nerez mat IRPA12 Zlevn\u011bn\u00fd -","isPartOf":{"@id":"https:\/\/www.koupelnapro.com\/#website"},"primaryImageOfPage":{"@id":"https:\/\/www.koupelnapro.com\/index.php\/produkt\/sapho-colonna-drzak-rucniku-340mm-nerez-mat-irpa12-zlevneny-58732\/#primaryimage"},"image":{"@id":"https:\/\/www.koupelnapro.com\/index.php\/produkt\/sapho-colonna-drzak-rucniku-340mm-nerez-mat-irpa12-zlevneny-58732\/#primaryimage"},"thumbnailUrl":"https:\/\/www.koupelnapro.com\/wp-content\/uploads\/2026\/SK0003117-CZ20260425-093631-0-1777080994-93771-4_irpa12-137417478671131.webp","datePublished":"2026-04-26T09:17:25+00:00","breadcrumb":{"@id":"https:\/\/www.koupelnapro.com\/index.php\/produkt\/sapho-colonna-drzak-rucniku-340mm-nerez-mat-irpa12-zlevneny-58732\/#breadcrumb"},"inLanguage":"cs","potentialAction":[{"@type":"ReadAction","target":["https:\/\/www.koupelnapro.com\/index.php\/produkt\/sapho-colonna-drzak-rucniku-340mm-nerez-mat-irpa12-zlevneny-58732\/"]}]},{"@type":"ImageObject","inLanguage":"cs","@id":"https:\/\/www.koupelnapro.com\/index.php\/produkt\/sapho-colonna-drzak-rucniku-340mm-nerez-mat-irpa12-zlevneny-58732\/#primaryimage","url":"https:\/\/www.koupelnapro.com\/wp-content\/uploads\/2026\/SK0003117-CZ20260425-093631-0-1777080994-93771-4_irpa12-137417478671131.webp","contentUrl":"https:\/\/www.koupelnapro.com\/wp-content\/uploads\/2026\/SK0003117-CZ20260425-093631-0-1777080994-93771-4_irpa12-137417478671131.webp","width":1000,"height":750},{"@type":"BreadcrumbList","@id":"https:\/\/www.koupelnapro.com\/index.php\/produkt\/sapho-colonna-drzak-rucniku-340mm-nerez-mat-irpa12-zlevneny-58732\/#breadcrumb","itemListElement":[{"@type":"ListItem","position":1,"name":"Home","item":"https:\/\/www.koupelnapro.com\/"},{"@type":"ListItem","position":2,"name":"Products","item":"https:\/\/www.koupelnapro.com\/index.php\/products\/"},{"@type":"ListItem","position":3,"name":"Sapho COLONNA dr\u017e\u00e1k ru\u010dn\u00edk\u016f 340mm, nerez mat IRPA12 Zlevn\u011bn\u00fd"}]},{"@type":"WebSite","@id":"https:\/\/www.koupelnapro.com\/#website","url":"https:\/\/www.koupelnapro.com\/","name":"","description":"","potentialAction":[{"@type":"SearchAction","target":{"@type":"EntryPoint","urlTemplate":"https:\/\/www.koupelnapro.com\/?s={search_term_string}"},"query-input":{"@type":"PropertyValueSpecification","valueRequired":true,"valueName":"search_term_string"}}],"inLanguage":"cs"}]}},"_links":{"self":[{"href":"https:\/\/www.koupelnapro.com\/index.php\/wp-json\/wp\/v2\/product\/58732","targetHints":{"allow":["GET"]}}],"collection":[{"href":"https:\/\/www.koupelnapro.com\/index.php\/wp-json\/wp\/v2\/product"}],"about":[{"href":"https:\/\/www.koupelnapro.com\/index.php\/wp-json\/wp\/v2\/types\/product"}],"replies":[{"embeddable":true,"href":"https:\/\/www.koupelnapro.com\/index.php\/wp-json\/wp\/v2\/comments?post=58732"}],"wp:featuredmedia":[{"embeddable":true,"href":"https:\/\/www.koupelnapro.com\/index.php\/wp-json\/wp\/v2\/media\/58832"}],"wp:attachment":[{"href":"https:\/\/www.koupelnapro.com\/index.php\/wp-json\/wp\/v2\/media?parent=58732"}],"wp:term":[{"taxonomy":"product_brand","embeddable":true,"href":"https:\/\/www.koupelnapro.com\/index.php\/wp-json\/wp\/v2\/product_brand?post=58732"},{"taxonomy":"product_cat","embeddable":true,"href":"https:\/\/www.koupelnapro.com\/index.php\/wp-json\/wp\/v2\/product_cat?post=58732"},{"taxonomy":"product_tag","embeddable":true,"href":"https:\/\/www.koupelnapro.com\/index.php\/wp-json\/wp\/v2\/product_tag?post=58732"}],"curies":[{"name":"wp","href":"https:\/\/api.w.org\/{rel}","templated":true}]}}