{"id":58730,"date":"2026-04-26T09:17:25","date_gmt":"2026-04-26T09:17:25","guid":{"rendered":""},"modified":"2026-04-26T09:17:25","modified_gmt":"2026-04-26T09:17:25","slug":"znackovy-sapho-dorlion-otopne-teleso-500x1200mm-chrom-1130-11-58730","status":"publish","type":"product","link":"https:\/\/www.koupelnapro.com\/index.php\/produkt\/znackovy-sapho-dorlion-otopne-teleso-500x1200mm-chrom-1130-11-58730\/","title":{"rendered":"Zna\u010dkov\u00fd Sapho DORLION otopn\u00e9 t\u011bleso 500x1200mm, chrom 1130-11"},"content":{"rendered":"<div class=\"basic-description\">\n<h3>Detailn\u00ed popis produktu<\/h3>\n<p><\/p>\n<p style=\"text-align: justify;\">Designov\u011b tvarovan\u00e9 koupelnov\u00e9 otopn\u00e9 t\u011bleso s&nbsp;v\u00fdjime\u010dn\u00fdm vzhledem je vyrobeno z ocelov\u00fdch trubek. U&nbsp;radi\u00e1toru ocen\u00edte zejm\u00e9na jeho prakti\u010dnost, d\u00edky sv\u00e9 konstrukci umo\u017e\u0148uje jednoduch\u00e9 a pohodln\u00e9 zav\u011b\u0161en\u00ed ru\u010dn\u00edk\u016f ze strany na horizont\u00e1ln\u00ed ty\u010de. Praktick\u00e1 rozte\u010d 50 mm st\u0159edov\u00e9ho p\u0159ipojen\u00ed umo\u017e\u0148uje kombinovat s&nbsp;designov\u00fdmi ventily z&nbsp;na\u0161\u00ed nab\u00eddky i&nbsp;v kombinaci s&nbsp;elektrickou topnou ty\u010d\u00ed.<br \/>Radi\u00e1tor je univerz\u00e1ln\u00ed, lze ho zav\u011bsit oboustrann\u011b, m\u016f\u017eete si tak zvolit levou nebo pravou variantu.<\/p>\n<ul>\n<li>Topn\u00e1 ty\u010d a p\u0159ipojovac\u00ed ventily nejsou sou\u010d\u00e1st\u00ed balen\u00ed<\/li>\n<\/ul>\n<h2 class=\"props-title\">Vlastnosti<\/h2>\n<table>\n<tr>\n<th>Zna\u010dka<\/th>\n<td>SAPHO<\/td>\n<\/tr>\n<tr>\n<th>S\u00e9rie<\/th>\n<td>DORLION<\/td>\n<\/tr>\n<tr>\n<th>3D model<\/th>\n<td>ANO<\/td>\n<\/tr>\n<tr>\n<th>Rozm\u011br<\/th>\n<td>500&#215;1200<\/td>\n<\/tr>\n<tr>\n<th>\u0160\u00ed\u0159ka<\/th>\n<td>500&nbsp;mm<\/td>\n<\/tr>\n<tr>\n<th>V\u00fd\u0161ka<\/th>\n<td>1200&nbsp;mm<\/td>\n<\/tr>\n<tr>\n<th>Objem<\/th>\n<td>5.16&nbsp;l<\/td>\n<\/tr>\n<tr>\n<th>Barva<\/th>\n<td>Chrom<\/td>\n<\/tr>\n<tr>\n<th>Materi\u00e1l<\/th>\n<td>Ocel<\/td>\n<\/tr>\n<tr>\n<th>Tvar<\/th>\n<td>Tvar E<\/td>\n<\/tr>\n<tr>\n<th>Instalace<\/th>\n<td>Oto\u010dn\u00e9 o 180\u00b0<\/td>\n<\/tr>\n<tr>\n<th>Doporu\u010den\u00e1 el. topn\u00e1 ty\u010d<\/th>\n<td>400&nbsp;W<\/td>\n<\/tr>\n<tr>\n<th>Mo\u017enost vyt\u00e1p\u011bn\u00ed<\/th>\n<td>\u00dast\u0159edn\u00ed vyt\u00e1p\u011bn\u00ed, Elektrick\u00e9 vyt\u00e1p\u011bn\u00ed, Kombinovan\u00e9 vyt\u00e1p\u011bn\u00ed<\/td>\n<\/tr>\n<tr>\n<th>Um\u00edst\u011bn\u00ed p\u0159ipojen\u00ed 50 mm<\/th>\n<td>Nesymetrick\u00e9 (na bok)<\/td>\n<\/tr>\n<tr>\n<th>Rozte\u010d p\u0159ipojen\u00ed<\/th>\n<td>50&nbsp;mm<\/td>\n<\/tr>\n<tr>\n<th>V\u00fdkon<\/th>\n<td>378&nbsp;W<\/td>\n<\/tr>\n<tr>\n<th>Teplotn\u00ed sp\u00e1d<\/th>\n<td>75\/65\/20 \u00b0C<\/td>\n<\/tr>\n<tr>\n<th>Max. provozn\u00ed tlak<\/th>\n<td>8&nbsp;bar<\/td>\n<\/tr>\n<tr>\n<th>Hmotnost \/ ks<\/th>\n<td>11.6600&nbsp;kg<\/td>\n<\/tr>\n<tr>\n<th>Balen\u00ed<\/th>\n<td>1&nbsp;ks<\/td>\n<\/tr>\n<tr>\n<th>EAN<\/th>\n<td>8590913833960<\/td>\n<\/tr>\n<tr>\n<th>Taric<\/th>\n<td>73221900<\/td>\n<\/tr>\n<tr>\n<th>Z\u00e1ruka<\/th>\n<td>2 roky<\/td>\n<\/tr>\n<\/table>\n<div class=\"product-explanation-item\">\n<h3>\u00dast\u0159edn\u00ed vyt\u00e1p\u011bn\u00ed<\/h3>\n<p style=\"text-align: justify;\">V p\u0159\u00edpad\u011b \u00fast\u0159edn\u00edho vyt\u00e1p\u011bn\u00ed je d\u016fle\u017eit\u00fd v\u00fdb\u011br p\u0159ipojovac\u00ed sady ventil\u016f. Na v\u00fdb\u011br je pou\u017eit\u00ed ru\u010dn\u00edho ventilu nebo ventilu s termostatickou hlavic\u00ed.<\/p>\n<p style=\"text-align: justify;\"><strong>Ru\u010dn\u00ed ventil:<\/strong> Ovl\u00e1d\u00e1n\u00ed regulace teploty je manu\u00e1ln\u00ed. P\u0159\u00edvod tepl\u00e9 vody lze p\u0159ipojit na levou \/ pravou stranu ventilu bez omezen\u00ed.<br \/><strong>Ventil s termostatickou hlavic\u00ed:<\/strong> Integrovan\u00fd termostat udr\u017euje nastavenou teplotu okol\u00ed. <strong>Termostatick\u00e1 hlavice mus\u00ed b\u00fdt v m\u00edst\u011b p\u0159\u00edvodu tepl\u00e9 vody (mimo MONO ONE).<\/strong><\/p>\n<p style=\"text-align: justify;\">N\u00e1mi nab\u00edzen\u00e9 p\u0159ipojovac\u00ed ventily jsou dod\u00e1v\u00e1ny v\u010detn\u011b sv\u011brn\u00e9ho \u0161rouben\u00ed na nejb\u011b\u017en\u011bj\u0161\u00ed potrub\u00ed (\u00d815 mm Cu a \u00d816 mm Alupex), pro dopojen\u00ed tak nen\u00ed t\u0159eba nic dokupovat. Pro zakryt\u00ed p\u0159\u00edvodn\u00edch trubek a otvor\u016f ve zdi doporu\u010dujeme p\u0159ikoupit kryc\u00ed rozety.<\/p>\n<\/div>\n<div class=\"product-explanation-item\">\n<h3>Elektrick\u00e9 vyt\u00e1p\u011bn\u00ed<\/h3>\n<p style=\"text-align: justify;\">Pokud je otopn\u00e9 t\u011bleso <strong>vyt\u00e1p\u011bno<\/strong> pouze elektricky, tzn. <strong>pouze za pomoci topn\u00e9 ty\u010de, je nutn\u00e9 zakoupit \u00bd&#8220; z\u00e1slepku k radi\u00e1tor\u016fm<\/strong>. Ta slou\u017e\u00ed k zaslepen\u00ed druh\u00e9ho otvoru v t\u011blese, kter\u00fd by byl jinak pou\u017eit pro p\u0159ipojovac\u00ed ventil \u00fast\u0159edn\u00edho vyt\u00e1p\u011bn\u00ed.<br \/>Topn\u00e9 t\u011bleso doporu\u010dujeme naplnit destilovanou vodou. Doporu\u010dujeme t\u00e9\u017e nemrznouc\u00ed teplonosnou antikorozn\u00ed kapalinou zna\u010dky LIKIDO.<br \/>Topnou ty\u010d doporu\u010dujeme se stejn\u00fdm nebo podobn\u00fdm v\u00fdkonem dle specifikace dan\u00e9ho topn\u00e9ho t\u011blesa. U topn\u00fdch ty\u010d\u00ed s termostatem se reguluje teplota kapaliny v radi\u00e1toru.<\/p>\n<\/div>\n<div class=\"product-explanation-item\">\n<h3>Kombinace \u00fast\u0159edn\u00edho a elektrick\u00e9ho vyt\u00e1p\u011bn\u00ed<\/h3>\n<p style=\"text-align: justify;\">Kombinovan\u00e9 p\u0159ipojen\u00ed umo\u017e\u0148uje oh\u0159\u00edvat t\u011bleso jak centr\u00e1ln\u00edm syst\u00e9mem vyt\u00e1p\u011bn\u00ed, tak vyu\u017e\u00edt pro samostatn\u00fd oh\u0159ev elektrickou topnou ty\u010d mimo topnou sezonu. Topnou ty\u010d doporu\u010dujeme se stejn\u00fdm nebo podobn\u00fdm v\u00fdkonem dle specifikace dan\u00e9ho topn\u00e9ho t\u011blesa.<\/p>\n<p style=\"text-align: justify;\">Pokud se jedn\u00e1 o t\u011bleso se st\u0159edov\u00fdm p\u0159ipojen\u00edm, z\u00e1le\u017e\u00ed na tom, zda lze ty\u010d propojit p\u0159es ventil (v tomto p\u0159\u00edpad\u011b se pou\u017eije kombinovan\u00fd ventil) nebo se ty\u010d p\u0159ipojuje samostatn\u011b do stojny t\u011blesa (v tomto p\u0159\u00edpad\u011b se pou\u017eije klasick\u00fd ventil). V p\u0159\u00edpad\u011b bo\u010dn\u00edho p\u0159ipojen\u00ed se v\u017edy pou\u017eije kombinovan\u00fd ventil. Na v\u00fdb\u011br je pou\u017eit\u00ed ru\u010dn\u00edho ventilu nebo ventilu s termostatickou hlavic\u00ed. <\/p>\n<p style=\"text-align: justify;\"><strong>Ru\u010dn\u00ed ventil:<\/strong> Ovl\u00e1d\u00e1n\u00ed regulace teploty je manu\u00e1ln\u00ed. P\u0159\u00edvod tepl\u00e9 vody lze p\u0159ipojit na levou \/ pravou stranu ventilu bez omezen\u00ed.<br \/><strong>Ventil s termostatickou hlavic\u00ed:<\/strong> Integrovan\u00fd termostat udr\u017euje nastavenou teplotu okol\u00ed. <strong>Termostatick\u00e1 hlavice mus\u00ed b\u00fdt v m\u00edst\u011b p\u0159\u00edvodu tepl\u00e9 vody (mimo MONO ONE).<\/strong><\/p>\n<p style=\"text-align: justify;\">N\u00e1mi nab\u00edzen\u00e9 p\u0159ipojovac\u00ed ventily jsou dod\u00e1v\u00e1ny v\u010detn\u011b sv\u011brn\u00e9ho \u0161rouben\u00ed na nejb\u011b\u017en\u011bj\u0161\u00ed potrub\u00ed (\u00d815 mm Cu a \u00d816 mm Alupex), pro dopojen\u00ed tak nen\u00ed t\u0159eba nic dokupovat. Pro zakryt\u00ed p\u0159\u00edvodn\u00edch trubek a otvor\u016f ve zdi doporu\u010dujeme p\u0159ikoupit kryc\u00ed rozety.<\/p>\n<\/div><\/div>\n","protected":false},"excerpt":{"rendered":"<p>Detailn\u00ed popis produktu Designov\u011b tvarovan\u00e9 koupelnov\u00e9 otopn\u00e9 t\u011bleso s&nbsp;v\u00fdjime\u010dn\u00fdm vzhledem je vyrobeno z ocelov\u00fdch trubek. U&nbsp;radi\u00e1toru ocen\u00edte zejm\u00e9na jeho prakti\u010dnost, d\u00edky sv\u00e9 konstrukci umo\u017e\u0148uje jednoduch\u00e9 a pohodln\u00e9 zav\u011b\u0161en\u00ed ru\u010dn\u00edk\u016f ze strany na horizont\u00e1ln\u00ed ty\u010de. Praktick\u00e1 rozte\u010d 50 mm st\u0159edov\u00e9ho p\u0159ipojen\u00ed umo\u017e\u0148uje kombinovat s&nbsp;designov\u00fdmi ventily z&nbsp;na\u0161\u00ed nab\u00eddky i&nbsp;v kombinaci s&nbsp;elektrickou topnou ty\u010d\u00ed.Radi\u00e1tor je univerz\u00e1ln\u00ed, lze ho [&hellip;]<\/p>\n","protected":false},"featured_media":58830,"comment_status":"open","ping_status":"open","template":"","meta":[],"product_brand":[],"product_cat":[195],"product_tag":[],"class_list":{"0":"post-58730","1":"product","2":"type-product","3":"status-publish","4":"has-post-thumbnail","6":"product_cat-vytapeni","8":"first","9":"instock","10":"sale","11":"shipping-taxable","12":"purchasable","13":"product-type-simple"},"yoast_head":"<!-- This site is optimized with the Yoast SEO plugin v26.8 - https:\/\/yoast.com\/product\/yoast-seo-wordpress\/ -->\n<title>Zna\u010dkov\u00fd Sapho DORLION otopn\u00e9 t\u011bleso 500x1200mm, chrom 1130-11 -<\/title>\n<meta name=\"robots\" content=\"index, follow, max-snippet:-1, max-image-preview:large, max-video-preview:-1\" \/>\n<link rel=\"canonical\" href=\"https:\/\/www.koupelnapro.com\/index.php\/produkt\/znackovy-sapho-dorlion-otopne-teleso-500x1200mm-chrom-1130-11-58730\/\" \/>\n<meta property=\"og:locale\" content=\"cs_CZ\" \/>\n<meta property=\"og:type\" content=\"article\" \/>\n<meta property=\"og:title\" content=\"Zna\u010dkov\u00fd Sapho DORLION otopn\u00e9 t\u011bleso 500x1200mm, chrom 1130-11 -\" \/>\n<meta property=\"og:description\" content=\"Detailn\u00ed popis produktu Designov\u011b tvarovan\u00e9 koupelnov\u00e9 otopn\u00e9 t\u011bleso s&nbsp;v\u00fdjime\u010dn\u00fdm vzhledem je vyrobeno z ocelov\u00fdch trubek. U&nbsp;radi\u00e1toru ocen\u00edte zejm\u00e9na jeho prakti\u010dnost, d\u00edky sv\u00e9 konstrukci umo\u017e\u0148uje jednoduch\u00e9 a pohodln\u00e9 zav\u011b\u0161en\u00ed ru\u010dn\u00edk\u016f ze strany na horizont\u00e1ln\u00ed ty\u010de. Praktick\u00e1 rozte\u010d 50 mm st\u0159edov\u00e9ho p\u0159ipojen\u00ed umo\u017e\u0148uje kombinovat s&nbsp;designov\u00fdmi ventily z&nbsp;na\u0161\u00ed nab\u00eddky i&nbsp;v kombinaci s&nbsp;elektrickou topnou ty\u010d\u00ed.Radi\u00e1tor je univerz\u00e1ln\u00ed, lze ho [&hellip;]\" \/>\n<meta property=\"og:url\" content=\"https:\/\/www.koupelnapro.com\/index.php\/produkt\/znackovy-sapho-dorlion-otopne-teleso-500x1200mm-chrom-1130-11-58730\/\" \/>\n<meta property=\"og:image\" content=\"https:\/\/www.koupelnapro.com\/wp-content\/uploads\/2026\/SK0003115-CZ20260425-093631-0-1777080994-93765_sapho-dorlion-otopne-teleso-500x1200mm--chrom-1130-11.webp\" \/>\n\t<meta property=\"og:image:width\" content=\"1000\" \/>\n\t<meta property=\"og:image:height\" content=\"750\" \/>\n\t<meta property=\"og:image:type\" content=\"image\/webp\" \/>\n<meta name=\"twitter:card\" content=\"summary_large_image\" \/>\n<meta name=\"twitter:label1\" content=\"Odhadovan\u00e1 doba \u010dten\u00ed\" \/>\n\t<meta name=\"twitter:data1\" content=\"3 minuty\" \/>\n<script type=\"application\/ld+json\" class=\"yoast-schema-graph\">{\"@context\":\"https:\/\/schema.org\",\"@graph\":[{\"@type\":\"WebPage\",\"@id\":\"https:\/\/www.koupelnapro.com\/index.php\/produkt\/znackovy-sapho-dorlion-otopne-teleso-500x1200mm-chrom-1130-11-58730\/\",\"url\":\"https:\/\/www.koupelnapro.com\/index.php\/produkt\/znackovy-sapho-dorlion-otopne-teleso-500x1200mm-chrom-1130-11-58730\/\",\"name\":\"Zna\u010dkov\u00fd Sapho DORLION otopn\u00e9 t\u011bleso 500x1200mm, chrom 1130-11 -\",\"isPartOf\":{\"@id\":\"https:\/\/www.koupelnapro.com\/#website\"},\"primaryImageOfPage\":{\"@id\":\"https:\/\/www.koupelnapro.com\/index.php\/produkt\/znackovy-sapho-dorlion-otopne-teleso-500x1200mm-chrom-1130-11-58730\/#primaryimage\"},\"image\":{\"@id\":\"https:\/\/www.koupelnapro.com\/index.php\/produkt\/znackovy-sapho-dorlion-otopne-teleso-500x1200mm-chrom-1130-11-58730\/#primaryimage\"},\"thumbnailUrl\":\"https:\/\/www.koupelnapro.com\/wp-content\/uploads\/2026\/SK0003115-CZ20260425-093631-0-1777080994-93765_sapho-dorlion-otopne-teleso-500x1200mm--chrom-1130-11.webp\",\"datePublished\":\"2026-04-26T09:17:25+00:00\",\"breadcrumb\":{\"@id\":\"https:\/\/www.koupelnapro.com\/index.php\/produkt\/znackovy-sapho-dorlion-otopne-teleso-500x1200mm-chrom-1130-11-58730\/#breadcrumb\"},\"inLanguage\":\"cs\",\"potentialAction\":[{\"@type\":\"ReadAction\",\"target\":[\"https:\/\/www.koupelnapro.com\/index.php\/produkt\/znackovy-sapho-dorlion-otopne-teleso-500x1200mm-chrom-1130-11-58730\/\"]}]},{\"@type\":\"ImageObject\",\"inLanguage\":\"cs\",\"@id\":\"https:\/\/www.koupelnapro.com\/index.php\/produkt\/znackovy-sapho-dorlion-otopne-teleso-500x1200mm-chrom-1130-11-58730\/#primaryimage\",\"url\":\"https:\/\/www.koupelnapro.com\/wp-content\/uploads\/2026\/SK0003115-CZ20260425-093631-0-1777080994-93765_sapho-dorlion-otopne-teleso-500x1200mm--chrom-1130-11.webp\",\"contentUrl\":\"https:\/\/www.koupelnapro.com\/wp-content\/uploads\/2026\/SK0003115-CZ20260425-093631-0-1777080994-93765_sapho-dorlion-otopne-teleso-500x1200mm--chrom-1130-11.webp\",\"width\":1000,\"height\":750},{\"@type\":\"BreadcrumbList\",\"@id\":\"https:\/\/www.koupelnapro.com\/index.php\/produkt\/znackovy-sapho-dorlion-otopne-teleso-500x1200mm-chrom-1130-11-58730\/#breadcrumb\",\"itemListElement\":[{\"@type\":\"ListItem\",\"position\":1,\"name\":\"Home\",\"item\":\"https:\/\/www.koupelnapro.com\/\"},{\"@type\":\"ListItem\",\"position\":2,\"name\":\"Products\",\"item\":\"https:\/\/www.koupelnapro.com\/index.php\/products\/\"},{\"@type\":\"ListItem\",\"position\":3,\"name\":\"Zna\u010dkov\u00fd Sapho DORLION otopn\u00e9 t\u011bleso 500x1200mm, chrom 1130-11\"}]},{\"@type\":\"WebSite\",\"@id\":\"https:\/\/www.koupelnapro.com\/#website\",\"url\":\"https:\/\/www.koupelnapro.com\/\",\"name\":\"\",\"description\":\"\",\"potentialAction\":[{\"@type\":\"SearchAction\",\"target\":{\"@type\":\"EntryPoint\",\"urlTemplate\":\"https:\/\/www.koupelnapro.com\/?s={search_term_string}\"},\"query-input\":{\"@type\":\"PropertyValueSpecification\",\"valueRequired\":true,\"valueName\":\"search_term_string\"}}],\"inLanguage\":\"cs\"}]}<\/script>\n<!-- \/ Yoast SEO plugin. -->","yoast_head_json":{"title":"Zna\u010dkov\u00fd Sapho DORLION otopn\u00e9 t\u011bleso 500x1200mm, chrom 1130-11 -","robots":{"index":"index","follow":"follow","max-snippet":"max-snippet:-1","max-image-preview":"max-image-preview:large","max-video-preview":"max-video-preview:-1"},"canonical":"https:\/\/www.koupelnapro.com\/index.php\/produkt\/znackovy-sapho-dorlion-otopne-teleso-500x1200mm-chrom-1130-11-58730\/","og_locale":"cs_CZ","og_type":"article","og_title":"Zna\u010dkov\u00fd Sapho DORLION otopn\u00e9 t\u011bleso 500x1200mm, chrom 1130-11 -","og_description":"Detailn\u00ed popis produktu Designov\u011b tvarovan\u00e9 koupelnov\u00e9 otopn\u00e9 t\u011bleso s&nbsp;v\u00fdjime\u010dn\u00fdm vzhledem je vyrobeno z ocelov\u00fdch trubek. U&nbsp;radi\u00e1toru ocen\u00edte zejm\u00e9na jeho prakti\u010dnost, d\u00edky sv\u00e9 konstrukci umo\u017e\u0148uje jednoduch\u00e9 a pohodln\u00e9 zav\u011b\u0161en\u00ed ru\u010dn\u00edk\u016f ze strany na horizont\u00e1ln\u00ed ty\u010de. Praktick\u00e1 rozte\u010d 50 mm st\u0159edov\u00e9ho p\u0159ipojen\u00ed umo\u017e\u0148uje kombinovat s&nbsp;designov\u00fdmi ventily z&nbsp;na\u0161\u00ed nab\u00eddky i&nbsp;v kombinaci s&nbsp;elektrickou topnou ty\u010d\u00ed.Radi\u00e1tor je univerz\u00e1ln\u00ed, lze ho [&hellip;]","og_url":"https:\/\/www.koupelnapro.com\/index.php\/produkt\/znackovy-sapho-dorlion-otopne-teleso-500x1200mm-chrom-1130-11-58730\/","og_image":[{"width":1000,"height":750,"url":"https:\/\/www.koupelnapro.com\/wp-content\/uploads\/2026\/SK0003115-CZ20260425-093631-0-1777080994-93765_sapho-dorlion-otopne-teleso-500x1200mm--chrom-1130-11.webp","type":"image\/webp"}],"twitter_card":"summary_large_image","twitter_misc":{"Odhadovan\u00e1 doba \u010dten\u00ed":"3 minuty"},"schema":{"@context":"https:\/\/schema.org","@graph":[{"@type":"WebPage","@id":"https:\/\/www.koupelnapro.com\/index.php\/produkt\/znackovy-sapho-dorlion-otopne-teleso-500x1200mm-chrom-1130-11-58730\/","url":"https:\/\/www.koupelnapro.com\/index.php\/produkt\/znackovy-sapho-dorlion-otopne-teleso-500x1200mm-chrom-1130-11-58730\/","name":"Zna\u010dkov\u00fd Sapho DORLION otopn\u00e9 t\u011bleso 500x1200mm, chrom 1130-11 -","isPartOf":{"@id":"https:\/\/www.koupelnapro.com\/#website"},"primaryImageOfPage":{"@id":"https:\/\/www.koupelnapro.com\/index.php\/produkt\/znackovy-sapho-dorlion-otopne-teleso-500x1200mm-chrom-1130-11-58730\/#primaryimage"},"image":{"@id":"https:\/\/www.koupelnapro.com\/index.php\/produkt\/znackovy-sapho-dorlion-otopne-teleso-500x1200mm-chrom-1130-11-58730\/#primaryimage"},"thumbnailUrl":"https:\/\/www.koupelnapro.com\/wp-content\/uploads\/2026\/SK0003115-CZ20260425-093631-0-1777080994-93765_sapho-dorlion-otopne-teleso-500x1200mm--chrom-1130-11.webp","datePublished":"2026-04-26T09:17:25+00:00","breadcrumb":{"@id":"https:\/\/www.koupelnapro.com\/index.php\/produkt\/znackovy-sapho-dorlion-otopne-teleso-500x1200mm-chrom-1130-11-58730\/#breadcrumb"},"inLanguage":"cs","potentialAction":[{"@type":"ReadAction","target":["https:\/\/www.koupelnapro.com\/index.php\/produkt\/znackovy-sapho-dorlion-otopne-teleso-500x1200mm-chrom-1130-11-58730\/"]}]},{"@type":"ImageObject","inLanguage":"cs","@id":"https:\/\/www.koupelnapro.com\/index.php\/produkt\/znackovy-sapho-dorlion-otopne-teleso-500x1200mm-chrom-1130-11-58730\/#primaryimage","url":"https:\/\/www.koupelnapro.com\/wp-content\/uploads\/2026\/SK0003115-CZ20260425-093631-0-1777080994-93765_sapho-dorlion-otopne-teleso-500x1200mm--chrom-1130-11.webp","contentUrl":"https:\/\/www.koupelnapro.com\/wp-content\/uploads\/2026\/SK0003115-CZ20260425-093631-0-1777080994-93765_sapho-dorlion-otopne-teleso-500x1200mm--chrom-1130-11.webp","width":1000,"height":750},{"@type":"BreadcrumbList","@id":"https:\/\/www.koupelnapro.com\/index.php\/produkt\/znackovy-sapho-dorlion-otopne-teleso-500x1200mm-chrom-1130-11-58730\/#breadcrumb","itemListElement":[{"@type":"ListItem","position":1,"name":"Home","item":"https:\/\/www.koupelnapro.com\/"},{"@type":"ListItem","position":2,"name":"Products","item":"https:\/\/www.koupelnapro.com\/index.php\/products\/"},{"@type":"ListItem","position":3,"name":"Zna\u010dkov\u00fd Sapho DORLION otopn\u00e9 t\u011bleso 500x1200mm, chrom 1130-11"}]},{"@type":"WebSite","@id":"https:\/\/www.koupelnapro.com\/#website","url":"https:\/\/www.koupelnapro.com\/","name":"","description":"","potentialAction":[{"@type":"SearchAction","target":{"@type":"EntryPoint","urlTemplate":"https:\/\/www.koupelnapro.com\/?s={search_term_string}"},"query-input":{"@type":"PropertyValueSpecification","valueRequired":true,"valueName":"search_term_string"}}],"inLanguage":"cs"}]}},"_links":{"self":[{"href":"https:\/\/www.koupelnapro.com\/index.php\/wp-json\/wp\/v2\/product\/58730","targetHints":{"allow":["GET"]}}],"collection":[{"href":"https:\/\/www.koupelnapro.com\/index.php\/wp-json\/wp\/v2\/product"}],"about":[{"href":"https:\/\/www.koupelnapro.com\/index.php\/wp-json\/wp\/v2\/types\/product"}],"replies":[{"embeddable":true,"href":"https:\/\/www.koupelnapro.com\/index.php\/wp-json\/wp\/v2\/comments?post=58730"}],"wp:featuredmedia":[{"embeddable":true,"href":"https:\/\/www.koupelnapro.com\/index.php\/wp-json\/wp\/v2\/media\/58830"}],"wp:attachment":[{"href":"https:\/\/www.koupelnapro.com\/index.php\/wp-json\/wp\/v2\/media?parent=58730"}],"wp:term":[{"taxonomy":"product_brand","embeddable":true,"href":"https:\/\/www.koupelnapro.com\/index.php\/wp-json\/wp\/v2\/product_brand?post=58730"},{"taxonomy":"product_cat","embeddable":true,"href":"https:\/\/www.koupelnapro.com\/index.php\/wp-json\/wp\/v2\/product_cat?post=58730"},{"taxonomy":"product_tag","embeddable":true,"href":"https:\/\/www.koupelnapro.com\/index.php\/wp-json\/wp\/v2\/product_tag?post=58730"}],"curies":[{"name":"wp","href":"https:\/\/api.w.org\/{rel}","templated":true}]}}